{"id":27,"date":"2026-03-24T09:33:07","date_gmt":"2026-03-24T09:33:07","guid":{"rendered":"https:\/\/ktech4.k-tech-services.com\/TTA670\/?page_id=27"},"modified":"2026-03-26T08:54:32","modified_gmt":"2026-03-26T08:54:32","slug":"bang-gia","status":"publish","type":"page","link":"https:\/\/ktech4.k-tech-services.com\/TTA670\/bang-gia\/","title":{"rendered":"B\u1ea3ng gi\u00e1"},"content":{"rendered":"<div class=\"row\"  id=\"row-109719839\">\n\n\t<div id=\"col-1336203594\" class=\"col small-12 large-12\"  >\n\t\t\t\t<div class=\"col-inner\"  >\n\t\t\t\n\t\t\t\n<div class=\"container section-title-container\" ><h2 class=\"section-title section-title-normal\"><b aria-hidden=\"true\"><\/b><span class=\"section-title-main\" >B\u1ea3ng gi\u00e1 \u0111\u00e8n led<\/span><b aria-hidden=\"true\"><\/b><a >xem th\u00eam<i class=\"icon-angle-right\" aria-hidden=\"true\"><\/i><\/a><\/h2><\/div>\n\n  \n    <div class=\"row blogs-two large-columns-3 medium-columns-1 small-columns-1\" >\n  <div class=\"col post-item\" >\n<div class=\"col-inner\">\n<div class=\"box box-normal box-text-bottom box-blog-post has-hover\">\n\t\t<div class=\"box-image\" >\n\t\t<div class=\"image-cover\" style=\"padding-top:56.25%;\">\n\t\t\t<a href=\"https:\/\/ktech4.k-tech-services.com\/TTA670\/bang-gia-den-paragon-2026-moi-cap-nhat\/\" class=\"plain\" aria-label=\"B\u1ea3ng gi\u00e1 \u0111\u00e8n Paragon 2026 m\u1edbi c\u1eadp nh\u1eadt\">\n\t\t\t\t<img loading=\"lazy\" decoding=\"async\" width=\"400\" height=\"300\" src=\"https:\/\/ktech4.k-tech-services.com\/TTA670\/wp-content\/uploads\/2026\/03\/1734494533-paragon.jpg\" class=\"attachment-original size-original wp-post-image\" alt=\"\" srcset=\"https:\/\/ktech4.k-tech-services.com\/TTA670\/wp-content\/uploads\/2026\/03\/1734494533-paragon.jpg 400w, https:\/\/ktech4.k-tech-services.com\/TTA670\/wp-content\/uploads\/2026\/03\/1734494533-paragon-300x225.jpg 300w\" sizes=\"auto, (max-width: 400px) 100vw, 400px\" \/>\t\t\t<\/a>\n\t\t\t\t\t\t\t\t<\/div>\n\t\t\t<\/div>\n\t\t<div class=\"box-text text-center\" >\n\t\t<div class=\"box-text-inner blog-post-inner\">\n\n\t\t\t\n\t\t\t\t\t\t<h5 class=\"post-title is-large \">\n\t\t\t\t<a href=\"https:\/\/ktech4.k-tech-services.com\/TTA670\/bang-gia-den-paragon-2026-moi-cap-nhat\/\" class=\"plain\">B\u1ea3ng gi\u00e1 \u0111\u00e8n Paragon 2026 m\u1edbi c\u1eadp nh\u1eadt<\/a>\n\t\t\t<\/h5>\n\t\t\t\t\t\t<a class=\"button primary is-small\" href=\"https:\/\/ktech4.k-tech-services.com\/TTA670\/\" >\n\t\t\t\tT\u1ea3i v\u1ec1\n\t\t\t<\/a>\n\t\t\t\t\t\t\t\t\t<div class=\"is-divider\"><\/div>\n\t\t\t\t\t\t\n\t\t\t\n\t\t\t\n\t\t<\/div>\n\t<\/div>\n\t<\/div>\n<\/div>\n<\/div><div class=\"col post-item\" >\n<div class=\"col-inner\">\n<div class=\"box box-normal box-text-bottom box-blog-post has-hover\">\n\t\t<div class=\"box-image\" >\n\t\t<div class=\"image-cover\" style=\"padding-top:56.25%;\">\n\t\t\t<a href=\"https:\/\/ktech4.k-tech-services.com\/TTA670\/bang-gia-den-hodiled-2026-moi-nhat\/\" class=\"plain\" aria-label=\"B\u1ea3ng gi\u00e1 \u0111\u00e8n Hodiled 2026 m\u1edbi nh\u1ea5t\">\n\t\t\t\t<img loading=\"lazy\" decoding=\"async\" width=\"400\" height=\"300\" src=\"https:\/\/ktech4.k-tech-services.com\/TTA670\/wp-content\/uploads\/2026\/03\/1734494311-hodiled.jpg\" class=\"attachment-original size-original wp-post-image\" alt=\"\" srcset=\"https:\/\/ktech4.k-tech-services.com\/TTA670\/wp-content\/uploads\/2026\/03\/1734494311-hodiled.jpg 400w, https:\/\/ktech4.k-tech-services.com\/TTA670\/wp-content\/uploads\/2026\/03\/1734494311-hodiled-300x225.jpg 300w\" sizes=\"auto, (max-width: 400px) 100vw, 400px\" \/>\t\t\t<\/a>\n\t\t\t\t\t\t\t\t<\/div>\n\t\t\t<\/div>\n\t\t<div class=\"box-text text-center\" >\n\t\t<div class=\"box-text-inner blog-post-inner\">\n\n\t\t\t\n\t\t\t\t\t\t<h5 class=\"post-title is-large \">\n\t\t\t\t<a href=\"https:\/\/ktech4.k-tech-services.com\/TTA670\/bang-gia-den-hodiled-2026-moi-nhat\/\" class=\"plain\">B\u1ea3ng gi\u00e1 \u0111\u00e8n Hodiled 2026 m\u1edbi nh\u1ea5t<\/a>\n\t\t\t<\/h5>\n\t\t\t\t\t\t<a class=\"button primary is-small\" href=\"https:\/\/ktech4.k-tech-services.com\/TTA670\/\" >\n\t\t\t\tT\u1ea3i v\u1ec1\n\t\t\t<\/a>\n\t\t\t\t\t\t\t\t\t<div class=\"is-divider\"><\/div>\n\t\t\t\t\t\t\n\t\t\t\n\t\t\t\n\t\t<\/div>\n\t<\/div>\n\t<\/div>\n<\/div>\n<\/div><div class=\"col post-item\" >\n<div class=\"col-inner\">\n<div class=\"box box-normal box-text-bottom box-blog-post has-hover\">\n\t\t<div class=\"box-image\" >\n\t\t<div class=\"image-cover\" style=\"padding-top:56.25%;\">\n\t\t\t<a href=\"https:\/\/ktech4.k-tech-services.com\/TTA670\/bang-gia-den-led-philips-2026-moi-nhat\/\" class=\"plain\" aria-label=\"B\u1ea3ng gi\u00e1 \u0111\u00e8n led Philips 2026 m\u1edbi nh\u1ea5t\">\n\t\t\t\t<img loading=\"lazy\" decoding=\"async\" width=\"400\" height=\"300\" src=\"https:\/\/ktech4.k-tech-services.com\/TTA670\/wp-content\/uploads\/2026\/03\/1734494217-philips.jpg\" class=\"attachment-original size-original wp-post-image\" alt=\"\" srcset=\"https:\/\/ktech4.k-tech-services.com\/TTA670\/wp-content\/uploads\/2026\/03\/1734494217-philips.jpg 400w, https:\/\/ktech4.k-tech-services.com\/TTA670\/wp-content\/uploads\/2026\/03\/1734494217-philips-300x225.jpg 300w\" sizes=\"auto, (max-width: 400px) 100vw, 400px\" \/>\t\t\t<\/a>\n\t\t\t\t\t\t\t\t<\/div>\n\t\t\t<\/div>\n\t\t<div class=\"box-text text-center\" >\n\t\t<div class=\"box-text-inner blog-post-inner\">\n\n\t\t\t\n\t\t\t\t\t\t<h5 class=\"post-title is-large \">\n\t\t\t\t<a href=\"https:\/\/ktech4.k-tech-services.com\/TTA670\/bang-gia-den-led-philips-2026-moi-nhat\/\" class=\"plain\">B\u1ea3ng gi\u00e1 \u0111\u00e8n led Philips 2026 m\u1edbi nh\u1ea5t<\/a>\n\t\t\t<\/h5>\n\t\t\t\t\t\t\t\t\t<div class=\"is-divider\"><\/div>\n\t\t\t\t\t\t\n\t\t\t\n\t\t\t\n\t\t<\/div>\n\t<\/div>\n\t<\/div>\n<\/div>\n<\/div><\/div>\n\t\t<\/div>\n\t\t\t\t\t<\/div>\n\n\t\n<\/div>\n","protected":false},"excerpt":{"rendered":"","protected":false},"author":1,"featured_media":0,"parent":0,"menu_order":0,"comment_status":"closed","ping_status":"closed","template":"page-left-sidebar.php","meta":{"_acf_changed":false,"footnotes":""},"class_list":["post-27","page","type-page","status-publish","hentry"],"acf":[],"_links":{"self":[{"href":"https:\/\/ktech4.k-tech-services.com\/TTA670\/wp-json\/wp\/v2\/pages\/27","targetHints":{"allow":["GET"]}}],"collection":[{"href":"https:\/\/ktech4.k-tech-services.com\/TTA670\/wp-json\/wp\/v2\/pages"}],"about":[{"href":"https:\/\/ktech4.k-tech-services.com\/TTA670\/wp-json\/wp\/v2\/types\/page"}],"author":[{"embeddable":true,"href":"https:\/\/ktech4.k-tech-services.com\/TTA670\/wp-json\/wp\/v2\/users\/1"}],"replies":[{"embeddable":true,"href":"https:\/\/ktech4.k-tech-services.com\/TTA670\/wp-json\/wp\/v2\/comments?post=27"}],"version-history":[{"count":4,"href":"https:\/\/ktech4.k-tech-services.com\/TTA670\/wp-json\/wp\/v2\/pages\/27\/revisions"}],"predecessor-version":[{"id":285,"href":"https:\/\/ktech4.k-tech-services.com\/TTA670\/wp-json\/wp\/v2\/pages\/27\/revisions\/285"}],"wp:attachment":[{"href":"https:\/\/ktech4.k-tech-services.com\/TTA670\/wp-json\/wp\/v2\/media?parent=27"}],"curies":[{"name":"wp","href":"https:\/\/api.w.org\/{rel}","templated":true}]}}