{"id":360,"date":"2026-04-01T06:54:55","date_gmt":"2026-04-01T06:54:55","guid":{"rendered":"https:\/\/ktech4.k-tech-services.com\/TTA670\/?post_type=product&#038;p=360"},"modified":"2026-04-01T06:54:55","modified_gmt":"2026-04-01T06:54:55","slug":"den-led-bulb-dien-quang-dq-ledbu16-100w-80w-than-nhom-duc-emc-chup-cau-mo","status":"publish","type":"product","link":"https:\/\/ktech4.k-tech-services.com\/TTA670\/san-pham\/den-led-bulb-dien-quang-dq-ledbu16-100w-80w-than-nhom-duc-emc-chup-cau-mo\/","title":{"rendered":"\u0110\u00e8n LED Bulb \u0110i\u1ec7n Quang \u0110Q LEDBU16 100W-80W (th\u00e2n nh\u00f4m \u0111\u00fac, EMC, ch\u1ee5p c\u1ea7u m\u1edd)"},"content":{"rendered":"","protected":false},"excerpt":{"rendered":"","protected":false},"featured_media":361,"comment_status":"open","ping_status":"closed","template":"","meta":{"_acf_changed":false},"product_brand":[],"product_cat":[39],"product_tag":[],"class_list":{"0":"post-360","1":"product","2":"type-product","3":"status-publish","4":"has-post-thumbnail","6":"product_cat-den-led-bulb","8":"first","9":"instock","10":"shipping-taxable","11":"product-type-simple"},"acf":[],"_links":{"self":[{"href":"https:\/\/ktech4.k-tech-services.com\/TTA670\/wp-json\/wp\/v2\/product\/360","targetHints":{"allow":["GET"]}}],"collection":[{"href":"https:\/\/ktech4.k-tech-services.com\/TTA670\/wp-json\/wp\/v2\/product"}],"about":[{"href":"https:\/\/ktech4.k-tech-services.com\/TTA670\/wp-json\/wp\/v2\/types\/product"}],"replies":[{"embeddable":true,"href":"https:\/\/ktech4.k-tech-services.com\/TTA670\/wp-json\/wp\/v2\/comments?post=360"}],"wp:featuredmedia":[{"embeddable":true,"href":"https:\/\/ktech4.k-tech-services.com\/TTA670\/wp-json\/wp\/v2\/media\/361"}],"wp:attachment":[{"href":"https:\/\/ktech4.k-tech-services.com\/TTA670\/wp-json\/wp\/v2\/media?parent=360"}],"wp:term":[{"taxonomy":"product_brand","embeddable":true,"href":"https:\/\/ktech4.k-tech-services.com\/TTA670\/wp-json\/wp\/v2\/product_brand?post=360"},{"taxonomy":"product_cat","embeddable":true,"href":"https:\/\/ktech4.k-tech-services.com\/TTA670\/wp-json\/wp\/v2\/product_cat?post=360"},{"taxonomy":"product_tag","embeddable":true,"href":"https:\/\/ktech4.k-tech-services.com\/TTA670\/wp-json\/wp\/v2\/product_tag?post=360"}],"curies":[{"name":"wp","href":"https:\/\/api.w.org\/{rel}","templated":true}]}}