{"id":386,"date":"2026-04-02T06:43:27","date_gmt":"2026-04-02T06:43:27","guid":{"rendered":"https:\/\/ktech4.k-tech-services.com\/TTA670\/?post_type=product&#038;p=386"},"modified":"2026-04-02T06:43:27","modified_gmt":"2026-04-02T06:43:27","slug":"den-led-bulb-csl-dien-quang-dq-ledbu12-50w","status":"publish","type":"product","link":"https:\/\/ktech4.k-tech-services.com\/TTA670\/san-pham\/den-led-bulb-csl-dien-quang-dq-ledbu12-50w\/","title":{"rendered":"\u0110\u00e8n LED BULB CSL \u0110i\u1ec7n Quang \u0110Q LEDBU12 (50W)"},"content":{"rendered":"","protected":false},"excerpt":{"rendered":"","protected":false},"featured_media":387,"comment_status":"open","ping_status":"closed","template":"","meta":{"_acf_changed":false},"product_brand":[],"product_cat":[39],"product_tag":[],"class_list":{"0":"post-386","1":"product","2":"type-product","3":"status-publish","4":"has-post-thumbnail","6":"product_cat-den-led-bulb","8":"first","9":"instock","10":"shipping-taxable","11":"product-type-simple"},"acf":[],"_links":{"self":[{"href":"https:\/\/ktech4.k-tech-services.com\/TTA670\/wp-json\/wp\/v2\/product\/386","targetHints":{"allow":["GET"]}}],"collection":[{"href":"https:\/\/ktech4.k-tech-services.com\/TTA670\/wp-json\/wp\/v2\/product"}],"about":[{"href":"https:\/\/ktech4.k-tech-services.com\/TTA670\/wp-json\/wp\/v2\/types\/product"}],"replies":[{"embeddable":true,"href":"https:\/\/ktech4.k-tech-services.com\/TTA670\/wp-json\/wp\/v2\/comments?post=386"}],"wp:featuredmedia":[{"embeddable":true,"href":"https:\/\/ktech4.k-tech-services.com\/TTA670\/wp-json\/wp\/v2\/media\/387"}],"wp:attachment":[{"href":"https:\/\/ktech4.k-tech-services.com\/TTA670\/wp-json\/wp\/v2\/media?parent=386"}],"wp:term":[{"taxonomy":"product_brand","embeddable":true,"href":"https:\/\/ktech4.k-tech-services.com\/TTA670\/wp-json\/wp\/v2\/product_brand?post=386"},{"taxonomy":"product_cat","embeddable":true,"href":"https:\/\/ktech4.k-tech-services.com\/TTA670\/wp-json\/wp\/v2\/product_cat?post=386"},{"taxonomy":"product_tag","embeddable":true,"href":"https:\/\/ktech4.k-tech-services.com\/TTA670\/wp-json\/wp\/v2\/product_tag?post=386"}],"curies":[{"name":"wp","href":"https:\/\/api.w.org\/{rel}","templated":true}]}}