{"id":390,"date":"2026-04-02T06:45:13","date_gmt":"2026-04-02T06:45:13","guid":{"rendered":"https:\/\/ktech4.k-tech-services.com\/TTA670\/?post_type=product&#038;p=390"},"modified":"2026-04-02T06:45:13","modified_gmt":"2026-04-02T06:45:13","slug":"bo-den-duong-led-solar-nang-luong-mat-troi-cam-bien-anh-sang-trang-eco-200w-scd02-6500k-2300lm-cam-bien-pir-ip65-tam-pin-tich-hop","status":"publish","type":"product","link":"https:\/\/ktech4.k-tech-services.com\/TTA670\/san-pham\/bo-den-duong-led-solar-nang-luong-mat-troi-cam-bien-anh-sang-trang-eco-200w-scd02-6500k-2300lm-cam-bien-pir-ip65-tam-pin-tich-hop\/","title":{"rendered":"B\u1ed9 \u0110\u00e8n \u0110\u01b0\u1eddng Led Solar N\u0103ng L\u01b0\u1ee3ng M\u1eb7t Tr\u1eddi C\u1ea3m Bi\u1ebfn \u00c1nh S\u00e1ng Tr\u1eafng ECO 200W SCD02 6500K (2300lm, c\u1ea3m bi\u1ebfn PIR, IP65, t\u1ea5m pin t\u00edch h\u1ee3p)"},"content":{"rendered":"","protected":false},"excerpt":{"rendered":"","protected":false},"featured_media":391,"comment_status":"open","ping_status":"closed","template":"","meta":{"_acf_changed":false},"product_brand":[],"product_cat":[20],"product_tag":[],"class_list":{"0":"post-390","1":"product","2":"type-product","3":"status-publish","4":"has-post-thumbnail","6":"product_cat-den-nang-luong-mat-troi","8":"first","9":"instock","10":"shipping-taxable","11":"product-type-simple"},"acf":[],"_links":{"self":[{"href":"https:\/\/ktech4.k-tech-services.com\/TTA670\/wp-json\/wp\/v2\/product\/390","targetHints":{"allow":["GET"]}}],"collection":[{"href":"https:\/\/ktech4.k-tech-services.com\/TTA670\/wp-json\/wp\/v2\/product"}],"about":[{"href":"https:\/\/ktech4.k-tech-services.com\/TTA670\/wp-json\/wp\/v2\/types\/product"}],"replies":[{"embeddable":true,"href":"https:\/\/ktech4.k-tech-services.com\/TTA670\/wp-json\/wp\/v2\/comments?post=390"}],"wp:featuredmedia":[{"embeddable":true,"href":"https:\/\/ktech4.k-tech-services.com\/TTA670\/wp-json\/wp\/v2\/media\/391"}],"wp:attachment":[{"href":"https:\/\/ktech4.k-tech-services.com\/TTA670\/wp-json\/wp\/v2\/media?parent=390"}],"wp:term":[{"taxonomy":"product_brand","embeddable":true,"href":"https:\/\/ktech4.k-tech-services.com\/TTA670\/wp-json\/wp\/v2\/product_brand?post=390"},{"taxonomy":"product_cat","embeddable":true,"href":"https:\/\/ktech4.k-tech-services.com\/TTA670\/wp-json\/wp\/v2\/product_cat?post=390"},{"taxonomy":"product_tag","embeddable":true,"href":"https:\/\/ktech4.k-tech-services.com\/TTA670\/wp-json\/wp\/v2\/product_tag?post=390"}],"curies":[{"name":"wp","href":"https:\/\/api.w.org\/{rel}","templated":true}]}}