{"id":392,"date":"2026-04-02T06:45:44","date_gmt":"2026-04-02T06:45:44","guid":{"rendered":"https:\/\/ktech4.k-tech-services.com\/TTA670\/?post_type=product&#038;p=392"},"modified":"2026-04-02T06:45:44","modified_gmt":"2026-04-02T06:45:44","slug":"bo-den-led-pha-nang-luong-mat-troi-dien-quang-premium-anh-sang-trang-dq-ledsl100-100-765-100w-solar-ip65anh-sang-trang","status":"publish","type":"product","link":"https:\/\/ktech4.k-tech-services.com\/TTA670\/san-pham\/bo-den-led-pha-nang-luong-mat-troi-dien-quang-premium-anh-sang-trang-dq-ledsl100-100-765-100w-solar-ip65anh-sang-trang\/","title":{"rendered":"B\u1ed9 \u0111\u00e8n LED pha n\u0103ng l\u01b0\u1ee3ng m\u1eb7t tr\u1eddi \u0110i\u1ec7n Quang Premium \u00c1nh S\u00e1ng Tr\u1eafng \u0110Q LEDSL100 100 765 (100W, Solar, IP65,\u00c1nh s\u00e1ng tr\u1eafng)"},"content":{"rendered":"","protected":false},"excerpt":{"rendered":"","protected":false},"featured_media":393,"comment_status":"open","ping_status":"closed","template":"","meta":{"_acf_changed":false},"product_brand":[],"product_cat":[20],"product_tag":[],"class_list":{"0":"post-392","1":"product","2":"type-product","3":"status-publish","4":"has-post-thumbnail","6":"product_cat-den-nang-luong-mat-troi","8":"first","9":"instock","10":"shipping-taxable","11":"product-type-simple"},"acf":[],"_links":{"self":[{"href":"https:\/\/ktech4.k-tech-services.com\/TTA670\/wp-json\/wp\/v2\/product\/392","targetHints":{"allow":["GET"]}}],"collection":[{"href":"https:\/\/ktech4.k-tech-services.com\/TTA670\/wp-json\/wp\/v2\/product"}],"about":[{"href":"https:\/\/ktech4.k-tech-services.com\/TTA670\/wp-json\/wp\/v2\/types\/product"}],"replies":[{"embeddable":true,"href":"https:\/\/ktech4.k-tech-services.com\/TTA670\/wp-json\/wp\/v2\/comments?post=392"}],"wp:featuredmedia":[{"embeddable":true,"href":"https:\/\/ktech4.k-tech-services.com\/TTA670\/wp-json\/wp\/v2\/media\/393"}],"wp:attachment":[{"href":"https:\/\/ktech4.k-tech-services.com\/TTA670\/wp-json\/wp\/v2\/media?parent=392"}],"wp:term":[{"taxonomy":"product_brand","embeddable":true,"href":"https:\/\/ktech4.k-tech-services.com\/TTA670\/wp-json\/wp\/v2\/product_brand?post=392"},{"taxonomy":"product_cat","embeddable":true,"href":"https:\/\/ktech4.k-tech-services.com\/TTA670\/wp-json\/wp\/v2\/product_cat?post=392"},{"taxonomy":"product_tag","embeddable":true,"href":"https:\/\/ktech4.k-tech-services.com\/TTA670\/wp-json\/wp\/v2\/product_tag?post=392"}],"curies":[{"name":"wp","href":"https:\/\/api.w.org\/{rel}","templated":true}]}}