{"id":81,"date":"2026-03-25T04:41:28","date_gmt":"2026-03-25T04:41:28","guid":{"rendered":"https:\/\/ktech4.k-tech-services.com\/TTA670\/?post_type=product&#038;p=81"},"modified":"2026-04-01T06:50:35","modified_gmt":"2026-04-01T06:50:35","slug":"den-led-am-tran-3-che-do-3-mau-pt04-v2-135-9w-rang-dong","status":"publish","type":"product","link":"https:\/\/ktech4.k-tech-services.com\/TTA670\/san-pham\/den-led-am-tran-3-che-do-3-mau-pt04-v2-135-9w-rang-dong\/","title":{"rendered":"B\u1ed9 \u0110\u00e8n Chi\u1ebfu Pha N\u0103ng L\u01b0\u1ee3ng M\u1eb7t Tr\u1eddi \u00c1nh S\u00e1ng Tr\u1eafng 60W &#8211; 300W (6500K \u0110Q ECO SL01 V02V03 2500 lm IP65 Solar)"},"content":{"rendered":"<p><strong>TH\u00d4NG S\u1ed0 K\u1ef8 THU\u1eacT<\/strong><\/p>\n<p>M\u00e3 SP:<strong>\u00a0PT04.V2 135\/9W<\/strong><\/p>\n<table border=\"1\" cellspacing=\"1\" cellpadding=\"1\" align=\"center\">\n<tbody>\n<tr>\n<td><strong>\u0110i\u1ec7n \u00e1p (V)<\/strong><\/td>\n<td><strong>220V\/50-60Hz<\/strong><\/td>\n<\/tr>\n<tr>\n<td>C\u00f4ng su\u1ea5t (W)<\/td>\n<td>9<\/td>\n<\/tr>\n<tr>\n<td><strong>Tu\u1ed5i th\u1ecd (h)<\/strong><\/td>\n<td><strong>25.000<\/strong><\/td>\n<\/tr>\n<tr>\n<td>Quang th\u00f4ng (Lm)<\/td>\n<td>600\/680\/640<\/td>\n<\/tr>\n<tr>\n<td><strong>\u0110\u01b0\u1eddng k\u00ednh l\u1ed7 kho\u00e9t (mm)<\/strong><\/td>\n<td><strong>135<\/strong><\/td>\n<\/tr>\n<tr>\n<td>Nhi\u1ec7t \u0111\u1ed9 m\u00e0u (K)<\/td>\n<td>4000\/5000\/6500<\/td>\n<\/tr>\n<tr>\n<td><strong>Ch\u1ec9 s\u1ed1 ho\u00e0n m\u00e0u (Ra)<\/strong><\/td>\n<td><strong>80<\/strong><\/td>\n<\/tr>\n<tr>\n<td>Hi\u1ec7u su\u1ea5t s\u00e1ng (Lm\/W)<\/td>\n<td>66\/75\/71<\/td>\n<\/tr>\n<tr>\n<td><strong>K\u00edch th\u01b0\u1edbc \u0111\u00e8n<\/strong><\/td>\n<td><strong>147&#215;10<\/strong><\/td>\n<\/tr>\n<\/tbody>\n<\/table>\n<p>\u0110\u00e8n led \u00e2m tr\u1ea7n 3 ch\u1ebf \u0111\u1ed9, 3 m\u00e0u PT04.V2 135\/9W R\u1ea1ng \u0110\u00f4ng \u0111\u01b0\u1ee3c thi\u1ebft k\u1ebf m\u1ecfng nh\u1eb9, m\u00e0u s\u1eafc \u0111\u01a1n gi\u1ea3n, c\u00f3 quang th\u00f4ng v\u00e0 nhi\u1ec7t \u0111\u1ed9 m\u00e0u cao, c\u00f3 th\u1ec3 th\u00edch h\u1ee3p l\u1eafp \u0111\u1eb7t \u1edf c\u1ea3 tr\u1ea7n cao ho\u1eb7c tr\u1ea7n th\u1ea5p v\u1eabn \u0111em l\u1ea1i ngu\u1ed3n \u00e1nh s\u00e1ng ch\u1ea5t l\u01b0\u1ee3ng, \u0111\u01b0\u1ee3c ph\u00e2n b\u1ed5 \u0111\u1ec1u trong kh\u00f4ng gian \u0111\u1ea3m b\u1ea3o \u0111\u01b0\u1ee3c ngu\u1ed3n s\u00e1ng \u1ed5n \u0111\u1ecbnh cho ng\u01b0\u1eddi s\u1eed d\u1ee5ng.<\/p>\n<p><iframe loading=\"lazy\" title=\"YouTube video player\" src=\"https:\/\/www.youtube.com\/embed\/NcRMTILj37s?si=mtVA9aoeC6re1m7b\" width=\"560\" height=\"315\" frameborder=\"0\" scrolling=\"no\" data-mce-fragment=\"1\"><\/iframe><\/p>\n<p><em>Video \u0111\u00e8n \u00e2m tr\u1ea7n 3 ch\u1ebf \u0111\u1ed9, 3 m\u00e0u PT04.V2 135\/9W R\u1ea1ng \u0110\u00f4ng, BH 2 n\u0103m, Mua gi\u00e1 r\u1ebb t\u1ea1i Ho\u00e0ng Ph\u00e1t Lighting<\/em><\/p>\n<p>\u0110\u00e8n led \u00e2m tr\u1ea7n 3 ch\u1ebf \u0111\u1ed9, 3 m\u00e0u PT04.V2 135\/9W R\u1ea1ng \u0110\u00f4ng \u0111\u01b0\u1ee3c s\u1ea3n xu\u1ea5t tr\u00ean d\u00e2y chuy\u1ec1n hi\u1ec7n \u0111\u1ea1i, s\u1eed d\u1ee5ng c\u00f4ng ngh\u1ec7 chip led cao c\u1ea5p, t\u00edch h\u1ee3p \u0111a d\u1ea1ng ch\u1ebf \u0111\u1ed9 m\u00e0u s\u1eafc \u00e1nh s\u00e1ng \u0111em \u0111\u1ebfn cho ng\u01b0\u1eddi s\u1eed d\u1ee5ng m\u1ed9t d\u1ea3i nhi\u1ec7t m\u00e0u r\u1ed9ng, ch\u1ea5t l\u01b0\u1ee3ng \u00e1nh s\u00e1ng m\u1ed7i m\u00e0u \u1ed5n \u0111\u1ecbnh, \u0111em \u0111\u1ebfn cho ng\u01b0\u1eddi d\u00f9ng nhi\u1ec1u tr\u1ea3i nghi\u1ec7m kh\u00e1c nhau. N\u1ebfu \u00e1nh s\u00e1ng tr\u1eafng \u0111em \u0111\u1ebfn cho ng\u01b0\u1eddi d\u00f9ng s\u1ef1 t\u1ec9nh t\u00e1o, th\u00ec \u00e1nh s\u00e1ng l\u1ea1nh s\u1ebd \u0111em \u0111\u1ebfn c\u1ea3m gi\u00e1c m\u00e1t m\u1ebb, \u00e1nh s\u00e1ng v\u00e0ng trung t\u00ednh l\u1ea1i t\u1ea1o c\u1ea3m gi\u00e1c th\u01b0 gi\u00e3n, \u0111em \u0111\u1ebfn s\u1ef1 tho\u1ea3i m\u00e1i nh\u1ea5t cho ng\u01b0\u1eddi d\u00f9ng \u1edf b\u1ea5t k\u1ef3 ch\u1ebf \u0111\u1ed9 m\u00e0u s\u1eafc n\u00e0o. Ho\u00e0ng Ph\u00e1t Lighting- nh\u00e0 ph\u00e2n ph\u1ed1i thi\u1ebft b\u1ecb chi\u1ebfu s\u00e1ng ch\u00ednh h\u00e3ng c\u1ee7a nhi\u1ec1u th\u01b0\u01a1ng hi\u1ec7u n\u1ed5i ti\u1ebfng, \u0111\u1ec3 c\u00f3 th\u1ec3 \u0111\u1ea3m b\u1ea3o mua h\u00e0ng ch\u00ednh h\u00e3ng, li\u00ean h\u1ec7 ngay ch\u00fang t\u00f4i \u0111\u1ec3 \u0111\u01b0\u1ee3c h\u1ed7 tr\u1ee3 nhanh ch\u00f3ng nh\u1ea5t nh\u00e9.<\/p>\n","protected":false},"excerpt":{"rendered":"<ul>\n<li>Th\u01b0\u01a1ng hi\u1ec7u:\u00a0\u00a0<a href=\"https:\/\/hoangphatlighting.vn\/rang-dong-b1-11.html\">R\u1ea1ng \u0110\u00f4ng<\/a><\/li>\n<li>Xu\u1ea5t x\u1ee9:\u00a0\u00a0Vi\u1ec7t Nam<\/li>\n<li>B\u1ea3o h\u00e0nh:\u00a0\u00a024 Th\u00e1ng<\/li>\n<li>C\u00f4ng su\u1ea5t (w):\u00a0\u00a09<\/li>\n<li>\u0110i\u1ec7n \u00e1p (v):\u00a0\u00a0220<\/li>\n<li>Nhi\u1ec7t \u0111\u1ed9 m\u00e0u (k):\u00a0\u00a04000\/5000\/6500<\/li>\n<li>Tu\u1ed5i th\u1ecd (h):\u00a0\u00a025.000<\/li>\n<li>Ch\u1ec9 s\u1ed1 ho\u00e0n m\u00e0u (ra):\u00a0\u00a080<\/li>\n<\/ul>\n<p>\u0110\u00e8n led \u00e2m tr\u1ea7n 3 ch\u1ebf \u0111\u1ed9, 3 m\u00e0u PT04.V2 135\/9W R\u1ea1ng \u0110\u00f4ng \u0111\u01b0\u1ee3c s\u1ea3n xu\u1ea5t tr\u00ean d\u00e2y chuy\u1ec1n hi\u1ec7n \u0111\u1ea1i, s\u1eed d\u1ee5ng c\u00f4ng ngh\u1ec7 chip led cao c\u1ea5p, t\u00edch h\u1ee3p \u0111a d\u1ea1ng ch\u1ebf \u0111\u1ed9 m\u00e0u s\u1eafc \u00e1nh s\u00e1ng \u0111em \u0111\u1ebfn cho ng\u01b0\u1eddi s\u1eed d\u1ee5ng m\u1ed9t d\u1ea3i nhi\u1ec7t m\u00e0u r\u1ed9ng, ch\u1ea5t l\u01b0\u1ee3ng \u00e1nh s\u00e1ng m\u1ed7i m\u00e0u \u1ed5n \u0111\u1ecbnh, \u0111em \u0111\u1ebfn cho ng\u01b0\u1eddi d\u00f9ng nhi\u1ec1u tr\u1ea3i nghi\u1ec7m kh\u00e1c nhau. N\u1ebfu \u00e1nh s\u00e1ng tr\u1eafng \u0111em \u0111\u1ebfn cho ng\u01b0\u1eddi d\u00f9ng s\u1ef1 t\u1ec9nh t\u00e1o, th\u00ec \u00e1nh s\u00e1ng l\u1ea1nh s\u1ebd \u0111em \u0111\u1ebfn c\u1ea3m gi\u00e1c m\u00e1t m\u1ebb, \u00e1nh s\u00e1ng v\u00e0ng trung t\u00ednh l\u1ea1i t\u1ea1o c\u1ea3m gi\u00e1c th\u01b0 gi\u00e3n, \u0111em \u0111\u1ebfn s\u1ef1 tho\u1ea3i m\u00e1i nh\u1ea5t cho ng\u01b0\u1eddi d\u00f9ng \u1edf b\u1ea5t k\u1ef3 ch\u1ebf \u0111\u1ed9 m\u00e0u s\u1eafc n\u00e0o.<\/p>\n","protected":false},"featured_media":352,"comment_status":"open","ping_status":"closed","template":"","meta":{"_acf_changed":false},"product_brand":[],"product_cat":[20,27],"product_tag":[],"class_list":{"0":"post-81","1":"product","2":"type-product","3":"status-publish","4":"has-post-thumbnail","6":"product_cat-den-nang-luong-mat-troi","7":"product_cat-den-pha","9":"first","10":"instock","11":"shipping-taxable","12":"purchasable","13":"product-type-simple"},"acf":[],"_links":{"self":[{"href":"https:\/\/ktech4.k-tech-services.com\/TTA670\/wp-json\/wp\/v2\/product\/81","targetHints":{"allow":["GET"]}}],"collection":[{"href":"https:\/\/ktech4.k-tech-services.com\/TTA670\/wp-json\/wp\/v2\/product"}],"about":[{"href":"https:\/\/ktech4.k-tech-services.com\/TTA670\/wp-json\/wp\/v2\/types\/product"}],"replies":[{"embeddable":true,"href":"https:\/\/ktech4.k-tech-services.com\/TTA670\/wp-json\/wp\/v2\/comments?post=81"}],"wp:featuredmedia":[{"embeddable":true,"href":"https:\/\/ktech4.k-tech-services.com\/TTA670\/wp-json\/wp\/v2\/media\/352"}],"wp:attachment":[{"href":"https:\/\/ktech4.k-tech-services.com\/TTA670\/wp-json\/wp\/v2\/media?parent=81"}],"wp:term":[{"taxonomy":"product_brand","embeddable":true,"href":"https:\/\/ktech4.k-tech-services.com\/TTA670\/wp-json\/wp\/v2\/product_brand?post=81"},{"taxonomy":"product_cat","embeddable":true,"href":"https:\/\/ktech4.k-tech-services.com\/TTA670\/wp-json\/wp\/v2\/product_cat?post=81"},{"taxonomy":"product_tag","embeddable":true,"href":"https:\/\/ktech4.k-tech-services.com\/TTA670\/wp-json\/wp\/v2\/product_tag?post=81"}],"curies":[{"name":"wp","href":"https:\/\/api.w.org\/{rel}","templated":true}]}}