{"id":83,"date":"2026-03-25T04:42:59","date_gmt":"2026-03-25T04:42:59","guid":{"rendered":"https:\/\/ktech4.k-tech-services.com\/TTA670\/?post_type=product&#038;p=83"},"modified":"2026-04-01T06:49:31","modified_gmt":"2026-04-01T06:49:31","slug":"den-led-am-tran-23w-dn020b-g3-led20-d200-philips","status":"publish","type":"product","link":"https:\/\/ktech4.k-tech-services.com\/TTA670\/san-pham\/den-led-am-tran-23w-dn020b-g3-led20-d200-philips\/","title":{"rendered":"B\u1ed9 \u0110\u00e8n \u0110\u01b0\u1eddng Led Solar N\u0103ng L\u01b0\u1ee3ng M\u1eb7t Tr\u1eddi 300W 400W Si\u00eau S\u00e1ng ECO SCD03 6500K (\u00c1nh S\u00e1ng Tr\u1eafng, Th\u00e2n Nh\u00f4m, IP65, t\u1ea5m pin r\u1eddi)"},"content":{"rendered":"<p>\u0110\u00e8n led \u00e2m tr\u1ea7n 23W DN020B G3 LED20 D200 Philips mang l\u1ee3i th\u1ebf v\u1edbi c\u00f4ng ngh\u1ec7 chi\u1ebfu s\u00e1ng si\u00eau b\u1ec1n, ki\u1ec3u d\u00e1ng sang tr\u1ecdng \u0111\u1ea7y trang nh\u00e3 c\u00f9ng hi\u1ec7u \u1ee9ng m\u00e0u \u0111a d\u1ea1ng n\u00ean mang l\u1ea1i nhi\u1ec1u tr\u1ea3i nghi\u1ec7m th\u00fa v\u1ecb cho b\u1ea1n trong su\u1ed1t qu\u00e1 tr\u00ecnh s\u1eed d\u1ee5ng. \u0110\u1ec3 bi\u1ebft r\u00f5 h\u01a1n v\u1ec1 s\u1ea3n ph\u1ea9m n\u00e0y h\u00e3y theo d\u00f5i b\u00e0i vi\u1ebft d\u01b0\u1edbi \u0111\u00e2y nh\u00e9.<\/p>\n<p>&nbsp;<\/p>\n<p><iframe loading=\"lazy\" title=\"YouTube video player\" src=\"https:\/\/www.youtube.com\/embed\/C6ydtqh5m5I?si=yeA0jrPaIMNcDiqy\" width=\"560\" height=\"315\" frameborder=\"0\" scrolling=\"no\" data-mce-fragment=\"1\"><\/iframe><\/p>\n<p><em>\u00a0Video kh\u00e1m ph\u00e1 \u0111\u00e8n led \u00e2m tr\u1ea7n 23W DN020B G3 LED20 D200 Philips&#8211;\u00c1nh s\u00e1ng m\u1ecbn \u2013 \u1ed5n \u0111\u1ecbnh \u2013 kh\u00f4ng nh\u1ea5p nh\u00e1y<\/em><\/p>\n<div id=\"title\" class=\"style-scope ytd-watch-metadata\">\n<p>&nbsp;<\/p>\n<\/div>\n<p><strong>TH\u00d4NG S\u1ed0 K\u1ef8 THU\u1eacT<\/strong><\/p>\n<p>M\u00e3 s\u1ea3n ph\u1ea9m:\u00a0<strong>23W DN020B G3 LED20 D200<\/strong><\/p>\n<table border=\"1\" cellspacing=\"1\" cellpadding=\"0\" align=\"center\">\n<tbody>\n<tr>\n<td colspan=\"3\"><strong>Th\u00f4ng s\u1ed1 \u0111i\u1ec7n<\/strong><\/td>\n<td colspan=\"4\"><strong>Th\u00f4ng s\u1ed1 quang<\/strong><\/td>\n<td colspan=\"2\"><strong>Th\u00f4ng s\u1ed1 h\u00ecnh h\u1ecdc<\/strong><\/td>\n<\/tr>\n<tr>\n<td>\u0110i\u1ec7n \u00e1p(V)<\/td>\n<td>C\u00f4ng su\u1ea5t(W)<\/td>\n<td>Tu\u1ed5i th\u1ecd(h)<\/td>\n<td>Quang th\u00f4ng(Lm)<\/td>\n<td>Hi\u1ec7u su\u1ea5t quang(Lm\/W)<\/td>\n<td>Nhi\u1ec7t \u0111\u1ed9 m\u00e0u(K)<\/td>\n<td>Ch\u1ec9 s\u1ed1 ho\u00e0n m\u00e0u(Ra)<\/td>\n<td>Chi\u1ec1u cao \u0111\u00e8n(mm)<\/td>\n<td>L\u1ed7 kho\u00e9t tr\u1ea7n(mm)<\/td>\n<\/tr>\n<tr>\n<td>220-240<\/td>\n<td>23<\/td>\n<td>20.000<\/td>\n<td>2000<\/td>\n<td>80<\/td>\n<td>3000\/4000\/6500<\/td>\n<td>80<\/td>\n<td>47<\/td>\n<td>200<\/td>\n<\/tr>\n<\/tbody>\n<\/table>\n<p>&nbsp;<\/p>\n<p><img loading=\"lazy\" decoding=\"async\" src=\"https:\/\/hoangphatlighting.vn\/upload\/detail\/2021\/01\/images\/DN020-G3-datasheet-2(1).jpg\" alt=\"\u0110\u00e8n led \u00e2m tr\u1ea7n 23W DN020B G3 LED20 D200 Philips\" width=\"400\" height=\"300\" \/><\/p>\n<p><strong>\u01afU \u0110I\u1ec2M N\u1ed4I B\u1eacT<\/strong><\/p>\n<p><em>Ch\u1ea5t l\u01b0\u1ee3ng \u00e1nh s\u00e1ng v\u01b0\u1ee3t tr\u1ed9i<\/em><\/p>\n<p><img loading=\"lazy\" decoding=\"async\" src=\"https:\/\/hoangphatlighting.vn\/upload\/detail\/2018\/03\/images\/icon-nguon-sang-hoan-hao(4).jpg\" alt=\"\u0110\u00e8n led \u00e2m tr\u1ea7n 23W DN020B G3 LED20 D200 Philips\" width=\"400\" height=\"300\" \/>\u0110\u00e8n led \u00e2m tr\u1ea7n 23W DN020B G3 LED20 D200 Philips \u0111\u01b0\u1ee3c s\u1ea3n xu\u1ea5t tr\u00ean d\u00e2y chuy\u1ec1n hi\u1ec7n \u0111\u1ea1i v\u00e0 s\u1eed d\u1ee5ng chip led nh\u1eadp kh\u1ea9u t\u1eeb ch\u00e2u \u00c2u. Ch\u00ednh v\u00ec th\u1ebf m\u00e0 ngu\u1ed3n led c\u00f4ng su\u1ea5t cao cho ch\u1ea5t l\u01b0\u1ee3ng \u00e1nh s\u00e1ng \u0111\u1ea1t chu\u1ea9n. Quang th\u00f4ng c\u1ee7a \u0111\u00e8n \u0111\u1ea1t 2000 lm c\u00f9ng v\u1edbi ch\u1ec9 s\u1ed1 ho\u00e0n m\u00e0u cao k\u1ebft h\u1ee3p v\u1edbi ch\u1ec9 s\u1ed1 CRI &gt; = 80 RA v\u00e0 hi\u1ec7u su\u1ea5t ph\u00e1t s\u00e1ng cao n\u00ean trong qu\u00e1 tr\u00ecnh chi\u1ebfu s\u00e1ng s\u1ebd mang l\u1ea1i ngu\u1ed3n s\u00e1ng ch\u00e2n th\u1ef1c, t\u1ef1 nhi\u00ean, gi\u00fap cho c\u00e1c s\u1ef1 v\u1eadt hi\u1ec7n l\u00ean m\u1ed9t c\u00e1ch sinh \u0111\u1ed9ng.<\/p>\n<p>Ngu\u1ed3n s\u00e1ng ph\u00e1t ra t\u1eeb \u0111\u00e8n m\u1ea1nh m\u1ebd, \u1ed5n \u0111\u1ecbnh, kh\u00f4ng g\u00e2y ra hi\u1ec7n t\u01b0\u1ee3ng nh\u1ea5p nh\u00e1y, \u00e1nh s\u00e1ng \u00eam d\u1ecbu cho m\u1eaft, kh\u00f4ng b\u1ecb ch\u00f3i. \u0110\u00e8n c\u00f2n c\u00f3 nhi\u1ec7t \u0111\u1ed9 m\u00e0u \u0111a d\u1ea1ng, g\u1ed3m 300K, 4000K, 6500K t\u01b0\u01a1ng \u0111\u01b0\u01a1ng v\u1edbi \u00e1nh s\u00e1ng v\u00e0ng, \u00e1nh s\u00e1ng trung tr\u00ednh v\u00e0 \u00e1nh s\u00e1ng tr\u1eafng ph\u00f9 h\u1ee3p v\u1edbi m\u1ecdi kh\u00f4ng gian t\u1eeb \u1ea5m c\u00fang s\u00e1ng tr\u1ecdng, \u0111\u1ebfn hi\u1ec7n \u0111\u1ea1i, tr\u1ebb trung.<\/p>\n<p><em><img loading=\"lazy\" decoding=\"async\" src=\"https:\/\/hoangphatlighting.vn\/upload\/detail\/2018\/01\/images\/than-thien-moi-truong(1).png\" alt=\"\u0110\u00e8n led \u00e2m tr\u1ea7n 23W DN020B G3 LED20 D200 Philips\" width=\"400\" height=\"300\" \/>An to\u00e0n khi s\u1eed d\u1ee5ng<\/em><\/p>\n<p>\u0110\u00e8n led \u00e2m tr\u1ea7n 23W DN020B G3 LED20 D200 Philips c\u00f3 tu\u1ed5i th\u1ecd l\u00ean \u0111\u1ebfn h\u01a1n 20.000 gi\u1edd chi\u1ebfu s\u00e1ng. \u0110\u1eb7c bi\u1ec7t l\u00e0 \u0111\u1ea3m b\u1ea3o \u0111\u00e8n \u00edt h\u01b0 h\u1ecfng c\u0169ng nh\u01b0 kh\u00f4ng g\u00e2y ra hi\u1ec7n t\u01b0\u1ee3ng ch\u00e1y n\u1ed5, ch\u1eadp \u0111i\u1ec7n gi\u00fap ng\u01b0\u1eddi s\u1eed d\u1ee5ng gi\u1ea3m \u0111\u01b0\u1ee3c t\u1ea7n su\u1ea5t thay l\u1eafp c\u0169ng nh\u01b0 r\u1ea5t an to\u00e0n khi s\u1eed d\u1ee5ng.<\/p>\n<p><em>Ti\u1ebft ki\u1ec7m \u0111i\u1ec7n n\u0103ng<\/em><\/p>\n<p><img loading=\"lazy\" decoding=\"async\" src=\"https:\/\/hoangphatlighting.vn\/upload\/detail\/2018\/01\/images\/tiet-kiem-dien(5).png\" alt=\"\u0110\u00e8n led \u00e2m tr\u1ea7n 23W DN020B G3 LED20 D200 Philips\" width=\"400\" height=\"300\" \/>Ngo\u00e0i ra, \u0110\u00e8n led \u00e2m tr\u1ea7n 23W DN020B G3 LED20 D200 Philips c\u00f2n ti\u1ebft ki\u1ec7m \u0111\u1ebfn 70% l\u01b0\u1ee3ng \u0111i\u1ec7n n\u0103ng ti\u00eau th\u1ee5. V\u1edbi con s\u1ed1 n\u00e0y cho th\u1ea5y ti\u1ec1n \u0111i\u1ec7n h\u00e0ng th\u00e1ng s\u1ebd \u0111\u01b0\u1ee3c gi\u1ea3m \u0111i trong th\u1ea5y. V\u00ec \u0111\u00e8n t\u1eadn d\u1ee5ng t\u1ed1i \u0111a ngu\u1ed3n n\u0103ng l\u01b0\u1ee3ng chuy\u1ec3n h\u00f3a th\u00e0nh \u00e1nh s\u00e1ng n\u00ean s\u1ea3n ph\u1ea9m v\u1eeba mang l\u1ea1i m\u1ed9t ngu\u1ed3n s\u00e1ng m\u1ea1nh m\u1ebd, v\u1eeba gi\u00fap ng\u01b0\u1eddi ti\u1ebfu d\u00f9ng ti\u1ebft ki\u1ec7m m\u1ed9t c\u00e1ch t\u1ed1i \u0111a nh\u1ea5t.<\/p>\n<p>N\u00ean \u0111\u00e2y ch\u1eafc ch\u1eafn l\u00e0 gi\u1ea3i ph\u00e1p kinh t\u1ebf hi\u1ec7u qu\u1ea3 nh\u1ea5t m\u00e0 b\u1ea1n \u0111ang t\u00ecm ki\u1ebfm n\u00ean b\u1ea1n c\u00f3 th\u1ec3 an t\u00e2m ch\u1ecdn s\u1ea3n ph\u1ea9m n\u00e0y cho kh\u00f4ng ch\u1ec9 kh\u00f4ng gian s\u1ed1ng m\u00e0 c\u1ea3 nh\u1eefng c\u00f4ng tr\u00ecnh c\u1ee7a m\u00ecnh nh\u00e9.<\/p>\n<p><em><img loading=\"lazy\" decoding=\"async\" src=\"https:\/\/hoangphatlighting.vn\/upload\/detail\/2018\/01\/images\/tiet-kiem-dien-1(2).png\" alt=\"\u0110\u00e8n led \u00e2m tr\u1ea7n 23W DN020B G3 LED20 D200 Philips\" width=\"400\" height=\"300\" \/>Tu\u1ed5i th\u1ecd l\u00e2u d\u00e0i<\/em><\/p>\n<p>\u0110\u00e8n led \u00e2m tr\u1ea7n 23W DN020B G3 LED20 D200 Philips c\u00f3 tu\u1ed5i th\u1ecd l\u00ean t\u1edbi 20000 gi\u1edd k\u1ebft h\u1ee3p v\u1edbi ch\u1ec9 s\u1ed1 b\u1ea3o v\u1ec7 cao n\u00ean \u0111\u00e8n c\u00f3 th\u1ec3 c\u00f3 \u0111\u1ed9 b\u1ec1n l\u00e2u d\u00e0i v\u1edbi th\u1eddi gian. V\u1edbi th\u1eddi gian s\u1eed d\u1ee5ng n\u00e0y b\u1ea1n s\u1ebd c\u00f2n \u0111\u01b0\u1ee3c th\u1ea5y s\u1ef1 b\u1ec1n ch\u1eafc c\u1ee7a \u0111\u00e8n th\u1ec3 hi\u1ec7n qua s\u1ef1 h\u1ea1n ch\u1ebf c\u00e1c h\u01b0 h\u1ecfng x\u1ea3y ra n\u00ean h\u1ea1n ch\u1ebf t\u1ed1i \u0111a chi ph\u00ed s\u1eeda ch\u1eefa, b\u1ea3o tr\u00ec ho\u1eb7c thay m\u1edbi s\u1ea3n ph\u1ea9m.<\/p>\n<p><strong>H\u01af\u1edaNG D\u1eaaN L\u1eaeP \u0110\u1eb6T<\/strong><\/p>\n<p>N\u1ebfu b\u1ea1n mu\u1ed1n ti\u1ebfn h\u00e0nh thao t\u00e1c n\u00e0y nhanh g\u1ecdn, ch\u00ednh x\u00e1c m\u00e0 kh\u00f4ng t\u1ed1n chi ph\u00ed v\u00e0 th\u1eddi gian th\u00ec d\u01b0\u1edbi \u0111\u00e2y l\u00e0 c\u1ee5 th\u1ec3 c\u00e1c b\u01b0\u1edbc \u0111\u1ec3 b\u1ea1n l\u1eafp \u0111\u1eb7t \u0111\u00e8n n\u00e0y nhanh nh\u1ea5t nh\u00e9.<\/p>\n<p><strong>B\u01b0\u1edbc 1:\u00a0<\/strong>T\u1eaft ngu\u1ed3n \u0111i\u1ec7n v\u00e0 ti\u1ebfn h\u00e0nh \u0111\u00e1nh d\u1ea5u v\u1ecb tr\u00ed s\u1ebd l\u1eafp \u0111\u1eb7t \u0111\u00e8n \u0111\u00e3 ch\u1ecdn.<\/p>\n<p><strong>B\u01b0\u1edbc 2:\u00a0<\/strong>Ti\u1ebfn h\u00e0nh \u0111\u1ea5u n\u1ed1i \u0111\u00e8n v\u1edbi ngu\u1ed3n \u0111i\u1ec7n \u0111\u00fang \u0111\u1ea7u c\u1ef1c.<\/p>\n<p><strong>B\u01b0\u1edbc 3:\u00a0<\/strong>Sau \u0111\u00f3 ti\u1ebfn h\u00e0nh l\u1eafp \u0111\u1eb7t ch\u1eafc ch\u1eafn.<\/p>\n<p><strong>B\u01b0\u1edbc 4:<\/strong>\u00a0B\u1eadt ngu\u1ed3n v\u00e0 ki\u1ec3m tra \u00e1nh s\u00e1ng c\u1ee7a \u0111\u00e8n.<\/p>\n<p><strong>\u1ee8NG D\u1ee4NG<\/strong><\/p>\n<p>\u0110\u00e8n led \u00e2m tr\u1ea7n 23W DN020B G3 LED20 D200 Philips m\u1ed9t thi\u1ebft b\u1ecb chi\u1ebfu s\u00e1ng ph\u00f9 h\u1ee3p \u0111\u1ec3 b\u1ea1n l\u1eafp \u0111\u1eb7t cho nhi\u1ec1u kh\u00f4ng gian kh\u00e1c nhau. V\u1edbi nh\u1eefng \u01b0u \u0111i\u1ec3m tuy\u1ec7t v\u1eddi m\u00e0 \u0111\u00e8n c\u00f3 \u0111\u01b0\u1ee3c n\u00ean b\u1ea1n c\u00f3 th\u1ec3 s\u1eed d\u1ee5ng \u0111\u00e8n \u1edf c\u00e1c kh\u00f4ng gian s\u1ed1ng kh\u00e1c nhau nh\u01b0: nh\u00e0 \u1edf, chung c\u01b0, kh\u00e1ch s\u1ea1n, v\u0103n ph\u00f2ng l\u00e0m vi\u1ec7c, nh\u00e0 h\u00e0ng, trung t\u00e2m th\u01b0\u01a1ng m\u1ea1i\u2026 \u0110\u00e8n s\u1ebd mang \u0111\u1ebfn nh\u1eefng tr\u1ea3i nghi\u1ec7m \u00e1nh s\u00e1ng \u1ea5n t\u01b0\u1ee3ng nh\u1ea5t nh\u00e9.<\/p>\n<p><strong>LI\u00caN H\u1ec6 MUA H\u00c0NG<\/strong><\/p>\n<p>\u0110\u00e8n led \u00e2m tr\u1ea7n 23W DN020B G3 LED20 D200 Philips m\u1ed9t s\u1ea3n ph\u1ea9m tuy\u1ec7t v\u1eddi m\u00e0 b\u1ea1n kh\u00f4ng n\u00ean b\u1ecf l\u1ee1. Li\u00ean h\u1ec7 v\u1edbi Ho\u00e0ng Ph\u00e1t Lighting ngay h\u00f4m nay \u0111\u1ec3 \u0111\u01b0\u1ee3c h\u00f4 tr\u1ee3 mau h\u00e0ng nh\u00e9.<\/p>\n","protected":false},"excerpt":{"rendered":"<ul class=\"width\">\n<li>Th\u01b0\u01a1ng hi\u1ec7u:\u00a0\u00a0<a href=\"https:\/\/hoangphatlighting.vn\/philips-b4-11.html\">Philips<\/a><\/li>\n<li>Xu\u1ea5t x\u1ee9:\u00a0\u00a0Trung Qu\u1ed1c<\/li>\n<li>B\u1ea3o h\u00e0nh:\u00a0\u00a024 th\u00e1ng<\/li>\n<\/ul>\n<p>Trong \u0111\u1eddi s\u1ed1ng x\u00e3 h\u1ed9i ng\u00e0y nay, c\u00e1c s\u1ea3n ph\u1ea9m chi\u1ebfu s\u00e1ng ph\u1ea3i \u0111\u00e1p \u1ee9ng \u0111\u01b0\u1ee3c y\u00eau c\u1ea7u mang v\u1ebb \u0111\u1eb9p \u0111\u1ed9c \u0111\u00e1o v\u00e0 tinh t\u1ebf \u0111\u1ebfn cho kh\u00f4ng gian. Ch\u00ednh v\u00ec th\u1ebf m\u00e0 \u0111\u00e8n led \u00e2m tr\u1ea7n 23W DN020B G3 LED20 D200 Philips \u0111\u01b0\u1ee3c cho ra \u0111\u1eddi \u0111\u1ec3 mang l\u1ea1i cho b\u1ea1n nh\u1eefng tr\u1ea3i nghi\u1ec7m \u1ea5n t\u01b0\u1ee3ng h\u01a1n c\u1ea3 nh\u1eefng g\u00ec m\u00e0 b\u1ea1n \u0111ang mong \u0111\u1ee3i nh\u00e9.<\/p>\n","protected":false},"featured_media":351,"comment_status":"open","ping_status":"closed","template":"","meta":{"_acf_changed":false},"product_brand":[],"product_cat":[20,27],"product_tag":[],"class_list":{"0":"post-83","1":"product","2":"type-product","3":"status-publish","4":"has-post-thumbnail","6":"product_cat-den-nang-luong-mat-troi","7":"product_cat-den-pha","9":"first","10":"instock","11":"sale","12":"shipping-taxable","13":"purchasable","14":"product-type-simple"},"acf":[],"_links":{"self":[{"href":"https:\/\/ktech4.k-tech-services.com\/TTA670\/wp-json\/wp\/v2\/product\/83","targetHints":{"allow":["GET"]}}],"collection":[{"href":"https:\/\/ktech4.k-tech-services.com\/TTA670\/wp-json\/wp\/v2\/product"}],"about":[{"href":"https:\/\/ktech4.k-tech-services.com\/TTA670\/wp-json\/wp\/v2\/types\/product"}],"replies":[{"embeddable":true,"href":"https:\/\/ktech4.k-tech-services.com\/TTA670\/wp-json\/wp\/v2\/comments?post=83"}],"wp:featuredmedia":[{"embeddable":true,"href":"https:\/\/ktech4.k-tech-services.com\/TTA670\/wp-json\/wp\/v2\/media\/351"}],"wp:attachment":[{"href":"https:\/\/ktech4.k-tech-services.com\/TTA670\/wp-json\/wp\/v2\/media?parent=83"}],"wp:term":[{"taxonomy":"product_brand","embeddable":true,"href":"https:\/\/ktech4.k-tech-services.com\/TTA670\/wp-json\/wp\/v2\/product_brand?post=83"},{"taxonomy":"product_cat","embeddable":true,"href":"https:\/\/ktech4.k-tech-services.com\/TTA670\/wp-json\/wp\/v2\/product_cat?post=83"},{"taxonomy":"product_tag","embeddable":true,"href":"https:\/\/ktech4.k-tech-services.com\/TTA670\/wp-json\/wp\/v2\/product_tag?post=83"}],"curies":[{"name":"wp","href":"https:\/\/api.w.org\/{rel}","templated":true}]}}