{"id":87,"date":"2026-03-25T04:45:44","date_gmt":"2026-03-25T04:45:44","guid":{"rendered":"https:\/\/ktech4.k-tech-services.com\/TTA670\/?post_type=product&#038;p=87"},"modified":"2026-04-01T06:47:06","modified_gmt":"2026-04-01T06:47:06","slug":"den-led-am-tran-10-5w-dn020b-g3-led9-d150-philips","status":"publish","type":"product","link":"https:\/\/ktech4.k-tech-services.com\/TTA670\/san-pham\/den-led-am-tran-10-5w-dn020b-g3-led9-d150-philips\/","title":{"rendered":"\u0110\u00e8n chi\u1ebfu pha n\u0103ng l\u01b0\u1ee3ng m\u1eb7t tr\u1eddi \u0110i\u1ec7n Quang solar 200W V02 \u00c1nh S\u00e1ng Tr\u1eafng"},"content":{"rendered":"<p>\u0110\u1ec3 thay th\u1ebf cho c\u00e1c d\u00f2ng \u00e2m tr\u1ea7n truy\u1ec1n th\u1ed1ng, \u0111\u00e8n led \u00e2m tr\u1ea7n 10.5W DN020B G3 LED9 D150 Philips mang thi\u1ebft k\u1ebf nh\u1ecf g\u1ecdn c\u00f9ng ki\u1ec3u d\u00e1ng si\u00eau m\u1ecfng, c\u1ea5u h\u00ecnh c\u00f4ng su\u1ea5t cao v\u00e0 m\u1ee9c ti\u00eau th\u1ee5 \u0111i\u1ec7n th\u1ea5p, l\u00e0 s\u1ea3n ph\u1ea9m l\u00ed t\u01b0\u1edfng cho kh\u00e1ch h\u00e0ng v\u1edbi hi\u1ec7u su\u1ea5t cao h\u01a1n c\u1ea3 mong \u0111\u1ee3i, c\u00f9ng ch\u1ea5t l\u01b0\u1ee3ng t\u1ed1t v\u00e0 \u0111\u00e1ng tin c\u1eady.<\/p>\n<p><iframe loading=\"lazy\" title=\"YouTube video player\" src=\"https:\/\/www.youtube.com\/embed\/6FQLtzRr89U?si=oDRp5gqVaAvVkgFX\" width=\"560\" height=\"315\" frameborder=\"0\" scrolling=\"no\" data-mce-fragment=\"1\"><\/iframe><\/p>\n<p><em>Video test th\u1ef1c t\u1ebf \u0111\u00e8n led \u00e2m tr\u1ea7n 10.5W DN020B G3 LED9 D150 Philips \u2013 \u00c1nh s\u00e1ng m\u1ea1nh, t\u1ea3n nhi\u1ec7t t\u1ed1t!<\/em><\/p>\n<p>&nbsp;<\/p>\n<p><strong>TH\u00d4NG S\u1ed0 K\u1ef8 THU\u1eacT<\/strong><\/p>\n<p>M\u00e3 s\u1ea3n ph\u1ea9m:\u00a0<strong>10.5W DN020B G3 LED9 D150<\/strong><\/p>\n<table border=\"1\" cellspacing=\"1\" cellpadding=\"0\" align=\"center\">\n<tbody>\n<tr>\n<td colspan=\"3\"><strong>Th\u00f4ng s\u1ed1 \u0111i\u1ec7n<\/strong><\/td>\n<td colspan=\"4\"><strong>Th\u00f4ng s\u1ed1 quang<\/strong><\/td>\n<td colspan=\"2\"><strong>Th\u00f4ng s\u1ed1 h\u00ecnh h\u1ecdc<\/strong><\/td>\n<\/tr>\n<tr>\n<td>\u0110i\u1ec7n \u00e1p(V)<\/td>\n<td>C\u00f4ng su\u1ea5t(W)<\/td>\n<td>Tu\u1ed5i th\u1ecd(h)<\/td>\n<td>Quang th\u00f4ng(Lm)<\/td>\n<td>Hi\u1ec7u su\u1ea5t quang(Lm\/W)<\/td>\n<td>Nhi\u1ec7t \u0111\u1ed9 m\u00e0u(K)<\/td>\n<td>Ch\u1ec9 s\u1ed1 ho\u00e0n m\u00e0u(Ra)<\/td>\n<td>Chi\u1ec1u cao \u0111\u00e8n(mm)<\/td>\n<td>L\u1ed7 kho\u00e9t tr\u1ea7n(mm)<\/td>\n<\/tr>\n<tr>\n<td>220-240<\/td>\n<td>10.5<\/td>\n<td>20.000<\/td>\n<td>900<\/td>\n<td>80<\/td>\n<td>3000\/4000\/6500<\/td>\n<td>80<\/td>\n<td>47<\/td>\n<td>150<\/td>\n<\/tr>\n<\/tbody>\n<\/table>\n<p>&nbsp;<\/p>\n<p><img loading=\"lazy\" decoding=\"async\" src=\"https:\/\/hoangphatlighting.vn\/upload\/detail\/2021\/01\/images\/DN020-G3-datasheet-2(1).jpg\" alt=\"\u0110\u00e8n led \u00e2m tr\u1ea7n 10.5W DN020B G3 LED9 D150 Philips\" width=\"400\" height=\"300\" \/><\/p>\n<p><strong>\u01afU \u0110I\u1ec2M C\u1ee6A S\u1ea2N PH\u1ea8M<\/strong><\/p>\n<p><em>Thi\u1ebft k\u1ebf \u0111\u1eb9p m\u1eaft \u2013 \u0111\u1ea7y hi\u1ec7n \u0111\u1ea1i<\/em><\/p>\n<p><img loading=\"lazy\" decoding=\"async\" src=\"https:\/\/hoangphatlighting.vn\/upload\/detail\/2018\/01\/images\/icon-quy-trinh-san-xuat-hien-dai.png\" alt=\"\u0110\u00e8n led \u00e2m tr\u1ea7n 10.5W DN020B G3 LED9 D150 Philips\" width=\"400\" height=\"300\" \/>V\u1ebb ngo\u00e0i b\u1eaft m\u1eaft c\u1ee7a s\u1ea3n ph\u1ea9m l\u00e0 m\u1ed9t trong nh\u1eefng ti\u00eau ch\u00ed h\u00e0ng \u0111\u1ea7u c\u1ee7a c\u00e1c ngu\u1ed3n s\u00e1ng c\u00f4ng tr\u00ecnh, \u0111\u00e8n led \u00e2m tr\u1ea7n 10.5W DN020B G3 LED9 D150 Philips \u0111\u00e3 b\u1eaft l\u1ea5y tr\u1ecdn v\u1eb9n ti\u00eau ch\u00ed \u0111\u00f3 v\u1edbi thi\u1ebft k\u1ebf m\u1ecfng nh\u1eb9, trang nh\u00e3 ph\u00f9 h\u1ee3p l\u1ed1i s\u1ed1ng hi\u1ec7n \u0111\u1ea1i, thanh l\u1ecbch. \u0110\u00e8n \u0111\u01b0\u1ee3c l\u00e0m t\u1eeb nh\u1ef1a cao c\u1ea5p c\u00f9ng ph\u1ea7n \u0111u\u00f4i tr\u1ee5 ph\u00eda sau l\u00e0 ch\u1ea5t li\u1ec7u nh\u00f4m b\u1ec1n b\u1ec9, h\u1ed7 tr\u1ee3 trong vi\u1ec7c t\u1ea3n nhi\u1ec7t c\u1ee7a b\u1ed9 \u0111\u00e8n. L\u1edbp s\u01a1n t\u0129nh \u0111i\u1ec7n tr\u1eafng v\u1eeba t\u0103ng t\u00ednh th\u1ea9m m\u1ef9 b\u00ean ngo\u00e0i, v\u1eeba b\u1ea3o v\u1ec7 \u0111\u00e8n kh\u1ecfi qu\u00e1 tr\u00ecnh oxy h\u00f3a \u2013 l\u00e0 d\u00f2ng \u0111\u00e8n mang l\u1ea1i s\u1ef1 hi\u1ec7n \u0111\u1ea1i v\u00e0 b\u1ec1n l\u00e2u cho kh\u00e1ch h\u00e0ng.<\/p>\n<p>V\u1edbi thi\u1ebft k\u1ebf th\u00f4ng minh, \u0111\u00e8n led \u00e2m tr\u1ea7n 10.5W DN020B G3 LED9 D150 Philips c\u00f2n h\u1ed7 tr\u1ee3 kh\u00e1ch h\u00e0ng trong vi\u1ec7c d\u1ec5 d\u00e0ng l\u1eafp \u0111\u1eb7t v\u00e0 thay th\u1ebf, ngay c\u1ea3 khi kh\u00e1ch h\u00e0ng t\u1ef1 l\u1eafp \u0111\u1eb7t l\u1ea7n \u0111\u1ea7u, ch\u1ec9 v\u1edbi 3 b\u01b0\u1edbc \u0111\u01a1n gi\u1ea3n: b\u1eadt, tr\u01b0\u1ee3t v\u00e0 ch\u1ec9nh.<\/p>\n<p><em>Ch\u1ea5t l\u01b0\u1ee3ng \u00e1nh s\u00e1ng ho\u00e0n h\u1ea3o<\/em><\/p>\n<p><img loading=\"lazy\" decoding=\"async\" src=\"https:\/\/hoangphatlighting.vn\/upload\/detail\/2018\/03\/images\/icon-nguon-sang-hoan-hao(4).jpg\" alt=\"\u0110\u00e8n led \u00e2m tr\u1ea7n 10.5W DN020B G3 LED9 D150 Philips\" width=\"400\" height=\"300\" \/>Ngu\u1ed3n \u00e1nh s\u00e1ng t\u1eeb \u0111\u00e8n led \u00e2m tr\u1ea7n 10.5W DN020B G3 LED9 D150 Philips c\u00f3 nhi\u1ec7t \u0111\u1ed9 m\u00e0u cao, \u0111\u1ea3m b\u1ea3o \u0111\u1ed9 b\u1ec1n m\u00e0u \u2013 kh\u00f4ng m\u1ea5t m\u00e0u khi s\u1eed d\u1ee5ng trong th\u1eddi gian d\u00e0i, \u0111\u1ed3ng th\u1eddi cung c\u1ea5p \u00e1nh s\u00e1ng d\u1ecbu nh\u1eb9, kh\u00f4ng g\u00e2y ch\u00f3i hay nh\u1ea5p nh\u00e1y, kh\u00f3 ch\u1ecbu cho ng\u01b0\u1eddi s\u1eed d\u1ee5ng.<\/p>\n<p>\u0110\u00e8n \u0111\u01b0\u1ee3c trang b\u1ecb \u0111\u1ed9 nh\u1ea1y cao, b\u1eadt s\u00e1ng t\u1ee9c th\u00ec, cung c\u1ea5p to\u00e0n b\u1ed9 \u00e1nh s\u00e1ng ngay khi b\u1eadt, kh\u00f4ng g\u00e2y hi\u1ec7n t\u01b0\u1ee3ng nh\u00f2e \u1ea3nh. Ngo\u00e0i ra, t\u1ea5m ph\u1ea3n quang l\u1edbn h\u1ed7 tr\u1ee3 ph\u00e2n b\u1ed5 \u00e1nh s\u00e1ng r\u1ed9ng h\u01a1n, gi\u1ea3m ch\u00f3i , gi\u00fap \u00e1nh s\u00e1ng khu\u1ebfch t\u00e1n t\u1ed1t, mang l\u1ea1i c\u1ea3m gi\u00e1c ti\u1ec7n nghi, \u00eam d\u1ecbu cho kh\u00e1ch h\u00e0ng c\u00f9ng c\u1ea3nh quang xung quanh.<\/p>\n<p><em>Tu\u1ed5i th\u1ecd l\u00e2u b\u1ec1n \u2013 \u0111i\u1ec7n n\u0103ng ti\u1ebft ki\u1ec7m<\/em><\/p>\n<p><img loading=\"lazy\" decoding=\"async\" src=\"https:\/\/hoangphatlighting.vn\/upload\/detail\/2018\/01\/images\/tiet-kiem-dien-1(2).png\" alt=\"\u0110\u00e8n led \u00e2m tr\u1ea7n 10.5W DN020B G3 LED9 D150 Philips\" width=\"400\" height=\"300\" \/>L\u1ee3i \u00edch l\u00e2u d\u00e0i l\u00e0 \u01b0u th\u1ebf n\u1ed5i b\u1eadt c\u1ee7a d\u00f2ng \u0111\u00e8n led \u00e2m tr\u1ea7n 10.5W DN020B G3 LED9 D150 Philips, v\u1edbi tu\u1ed5i th\u1ecd l\u00ean \u0111\u1ebfn 20.000(h) \u2013 cao g\u1ea5p 6 l\u1ea7n b\u00f3ng \u0111\u00e8n s\u1ee3i \u0111\u1ed1t, t\u01b0\u01a1ng \u0111\u01b0\u01a1ng v\u1edbi 6 n\u0103m s\u1eed d\u1ee5ng v\u1edbi th\u1eddi gian s\u1eed d\u1ee5ng trung b\u00ecnh 2.7h\/ng\u00e0y.<\/p>\n<p>V\u1edbi hi\u1ec7u su\u1ea5t h\u1ec7 th\u1ed1ng l\u00ean \u0111\u1ebfn 80lm\/W, c\u00f9ng c\u00f4ng ngh\u1ec7 hi\u1ec7n \u0111\u1ea1i mang l\u1ea1i kh\u1ea3 n\u0103ng ti\u1ebft ki\u1ec7m l\u00ean t\u1edbi 90% so v\u1edbi b\u00f3ng \u0111\u00e8n s\u1ee3i \u0111\u1ed1t, 50% so v\u1edbi b\u00f3ng \u0111\u00e8n Compact, \u0111\u00e2y l\u00e0 d\u00f2ng \u0111\u00e8n c\u00f3 gi\u1ea3i ph\u00e1p ti\u1ebft ki\u1ec7m chi ph\u00ed v\u00f4 c\u00f9ng t\u1ed1i \u01b0u d\u00e0nh cho qu\u00fd kh\u00e1ch h\u00e0ng.<\/p>\n<p><em>An to\u00e0n cho ng\u01b0\u1eddi s\u1eed d\u1ee5ng v\u00e0 m\u00f4i tr\u01b0\u1eddng xung quanh<\/em><\/p>\n<p><img loading=\"lazy\" decoding=\"async\" src=\"https:\/\/hoangphatlighting.vn\/upload\/detail\/2018\/01\/images\/than-thien-moi-truong(1).png\" alt=\"\u0110\u00e8n led \u00e2m tr\u1ea7n 10.5W DN020B G3 LED9 D150 Philips\" width=\"400\" height=\"300\" \/>\u0110\u00e8n led \u00e2m tr\u1ea7n 10.5W DN020B G3 LED9 D150 Philips ho\u00e0n to\u00e0n kh\u00f4ng ch\u1ee9a c\u00e1c b\u1ee9c x\u1ea1 th\u1ee7y ng\u00e2n, b\u1ee9c x\u1ea1 ch\u00ec \u0111\u1ed9c h\u1ea1i cho c\u01a1 th\u1ec3 con ng\u01b0\u1eddi \u2013 \u0111\u1ea3m b\u1ea3o s\u1ee9c kh\u1ecfe v\u00e0 an to\u00e0n tuy\u1ec7t \u0111\u1ed1i cho ng\u01b0\u1eddi s\u1eed d\u1ee5ng. L\u01b0\u1ee3ng chi\u1ebfu s\u00e1ng c\u0169ng t\u1ecfa nhi\u1ec7t \u00edt h\u01a1n so v\u1edbi c\u00e1c lo\u1ea1i \u0111\u00e8n c\u00f3 c\u1ea5u tr\u00fac t\u01b0\u01a1ng t\u1ef1 nh\u1edd \u0111\u00f3 c\u00f3 th\u1ec3 gi\u1ea3m \u0111\u01b0\u1ee3c l\u01b0\u1ee3ng ph\u00e1t kh\u00ed th\u1ea3i CO2 gi\u00fap b\u1ea3o v\u1ec7 m\u00f4i tr\u01b0\u1eddng.<\/p>\n<p>Ngo\u00e0i ra, \u00e1nh s\u00e1ng kh\u00f4ng c\u00f3 th\u00e0nh ph\u1ea7n l\u00e0 tia h\u1ed3ng ngo\u1ea1i, do \u0111\u00f3 kh\u00f4ng c\u00f3 b\u1ee9c x\u1ea1 nhi\u1ec7t, kh\u00f4ng g\u00e2y n\u00f3ng nh\u01b0 c\u00e1c lo\u1ea1i \u0111\u00e8n hu\u1ef3nh quang, s\u1ee3i \u0111\u1ed1t truy\u1ec1n th\u1ed1ng.<\/p>\n<p><strong>\u1ee8NG D\u1ee4NG<\/strong><\/p>\n<p>\u0110\u00e8n \u0111\u01b0\u1ee3c \u1ee9ng d\u1ee5ng chi\u1ebfu s\u00e1ng trong nhi\u1ec1u kh\u00f4ng gian kh\u00e1c nhau nh\u01b0 chi\u1ebfu s\u00e1ng s\u00e1ng cho kh\u00e1ch s\u1ea1n, nh\u00e0 h\u00e0ng, bi\u1ec7t th\u1ef1, tr\u01b0\u1eddng h\u1ecdc, si\u00eau th\u1ecb, c\u1eeda h\u00e0ng c\u0169ng nh\u01b0 c\u00e1c c\u00f4ng tr\u00ecnh thi\u1ebft k\u1ebf kh\u00e1c. Ngo\u00e0i ra, \u0111\u00e8n led 10.5W DN020B G3 LED9 D150 Philips c\u00f2n \u0111\u01b0\u1ee3c \u1ee9ng d\u1ee5ng l\u1eafp \u0111\u1eb7t chi\u1ebfu s\u00e1ng trong nh\u00e0 \u1edf gia \u0111\u00ecnh.<\/p>\n<p><strong>H\u01af\u1edaNG D\u1eaaN L\u1eaeP \u0110\u1eb6T<\/strong><\/p>\n<p><strong>B\u01b0\u1edbc 1:<\/strong>\u00a0L\u1ef1a ch\u1ecdn v\u1ecb tr\u00ed ph\u00f9 h\u1ee3p \u0111\u1ec3 l\u1eafp \u0111\u1eb7t \u0111\u00e8n.<\/p>\n<p><strong>B\u01b0\u1edbc 2:\u00a0<\/strong>Th\u1ef1c hi\u1ec7n khoan l\u1ed7 \u0111\u1ec3 l\u1eafp \u0111\u1eb7t \u0111\u00e8n.<\/p>\n<p><strong>B\u01b0\u1edbc 3:<\/strong>\u00a0Ng\u1eaft ngu\u1ed3n \u0111i\u1ec7n \u0111\u1ebfn n\u01a1i l\u1eafp \u0111\u1eb7t, v\u00e0 ti\u1ebfn h\u00e0nh \u0111\u1ea5u n\u1ed1i d\u00e2y \u0111i\u1ec7n.<\/p>\n<p><strong>B\u01b0\u1edbc 4:\u00a0<\/strong>L\u1eafp \u0111\u1eb7t \u0111\u00e8n v\u00e0o l\u1ed7 \u0111\u00e3 khoan.<\/p>\n<p><strong>B\u01b0\u1edbc 5:\u00a0<\/strong>M\u1edf ngu\u1ed3n \u0111i\u1ec7n, ki\u1ec3m tra \u0111\u1ed9 s\u00e1ng c\u1ee7a \u0111\u00e8n.<\/p>\n<p><strong>LI\u00caN H\u1ec6 MUA H\u00c0NG<\/strong><\/p>\n<p>\u0110\u1ec3 mua \u0111\u01b0\u1ee3c \u0111\u00e8n led \u00e2m tr\u1ea7n 10.5W DN020B G3 LED9 D150 Philips ch\u1ea5t l\u01b0\u1ee3ng, kh\u00e1ch h\u00e0ng n\u00ean t\u00ecm c\u00e1c nh\u00e0 cung c\u1ea5p uy t\u00edn ho\u1eb7c c\u00e1c \u0111\u1ea1i l\u00ed ch\u00ednh th\u1ee9c \u0111\u1ec3 \u0111\u1ea3m b\u1ea3o mua \u0111\u01b0\u1ee3c s\u1ea3n ph\u1ea9m ch\u00ednh h\u00e3ng, tr\u00e1nh \u201cti\u1ec1n m\u1ea5t t\u1eadt mang\u201d.<\/p>\n<p>C\u00f4ng ty TNHH Thi\u1ebft b\u1ecb \u0111i\u1ec7n Ho\u00e0ng Ph\u00e1t l\u00e0 nh\u00e0 ph\u00e2n ph\u1ed1i ch\u00ednh h\u00e3ng chuy\u00ean cung c\u1ea5p c\u00e1c s\u1ea3n ph\u1ea9m \u0111\u00e8n led \u00e2m tr\u1ea7n c\u1ee7a th\u01b0\u01a1ng hi\u1ec7u Philips. T\u1ea5t c\u1ea3 s\u1ea3n ph\u1ea9m t\u1ea1i Ho\u00e0ng Ph\u00e1t \u0111\u1ec1u \u0111\u01b0\u1ee3c nh\u1eadp tr\u1ef1c ti\u1ebfp t\u1eeb nh\u00e0 s\u1ea3n xu\u1ea5t ch\u00ednh h\u00e3ng n\u00ean kh\u00e1ch h\u00e0ng c\u00f3 th\u1ec3 y\u00ean t\u00e2m khi ch\u1ecdn c\u00e1c s\u1ea3n ph\u1ea9m c\u1ee7a ch\u00fang t\u00f4i.<\/p>\n","protected":false},"excerpt":{"rendered":"<ul class=\"width\">\n<li>Th\u01b0\u01a1ng hi\u1ec7u:\u00a0\u00a0<a href=\"https:\/\/hoangphatlighting.vn\/philips-b4-11.html\">Philips<\/a><\/li>\n<li>Xu\u1ea5t x\u1ee9:\u00a0\u00a0Trung Qu\u1ed1c<\/li>\n<li>B\u1ea3o h\u00e0nh:\u00a0\u00a024 th\u00e1ng<\/li>\n<\/ul>\n<p>Th\u1ecb tr\u01b0\u1eddng \u00e1nh s\u00e1ng trong nh\u1eefng n\u0103m g\u1ea7n \u0111\u00e2y \u0111\u00e3 kh\u00f4ng c\u00f2n qu\u00e1 xa l\u1ea1 v\u1edbi d\u00f2ng \u0111\u00e8n led \u00e2m tr\u1ea7n, b\u1edfi ngu\u1ed3n s\u00e1ng k\u00edn \u0111\u00e1o v\u00e0 hi\u1ec7n \u0111\u1ea1i l\u00e0 m\u1ed9t trong nh\u1eefng y\u1ebfu t\u1ed1 quan tr\u1ecdng \u0111\u1ec3 l\u00e0m t\u00f4n l\u00ean v\u1ebb \u0111\u1eb9p c\u1ee7a c\u00f4ng tr\u00ecnh, do \u0111\u00f3 d\u00f2ng \u0111\u00e8n led \u00e2m tr\u1ea7n c\u1ee7a th\u01b0\u01a1ng hi\u1ec7u Philips lu\u00f4n \u0111\u01b0\u1ee3c coi l\u00e0 s\u1ea3n ph\u1ea9m ph\u1ed5 bi\u1ebfn v\u00e0 \u0111\u01b0\u1ee3c \u01b0a chu\u1ed9ng h\u00e0ng \u0111\u1ea7u \u2013 \u0111\u1eb7c bi\u1ec7t l\u00e0 d\u00f2ng s\u1ea3n ph\u1ea9m \u0111\u00e8n led \u00e2m tr\u1ea7n 10.5W DN020B G3 LED9 D150 Philips.<\/p>\n","protected":false},"featured_media":349,"comment_status":"open","ping_status":"closed","template":"","meta":{"_acf_changed":false},"product_brand":[],"product_cat":[20,27],"product_tag":[],"class_list":{"0":"post-87","1":"product","2":"type-product","3":"status-publish","4":"has-post-thumbnail","6":"product_cat-den-nang-luong-mat-troi","7":"product_cat-den-pha","9":"first","10":"instock","11":"sale","12":"shipping-taxable","13":"purchasable","14":"product-type-simple"},"acf":[],"_links":{"self":[{"href":"https:\/\/ktech4.k-tech-services.com\/TTA670\/wp-json\/wp\/v2\/product\/87","targetHints":{"allow":["GET"]}}],"collection":[{"href":"https:\/\/ktech4.k-tech-services.com\/TTA670\/wp-json\/wp\/v2\/product"}],"about":[{"href":"https:\/\/ktech4.k-tech-services.com\/TTA670\/wp-json\/wp\/v2\/types\/product"}],"replies":[{"embeddable":true,"href":"https:\/\/ktech4.k-tech-services.com\/TTA670\/wp-json\/wp\/v2\/comments?post=87"}],"wp:featuredmedia":[{"embeddable":true,"href":"https:\/\/ktech4.k-tech-services.com\/TTA670\/wp-json\/wp\/v2\/media\/349"}],"wp:attachment":[{"href":"https:\/\/ktech4.k-tech-services.com\/TTA670\/wp-json\/wp\/v2\/media?parent=87"}],"wp:term":[{"taxonomy":"product_brand","embeddable":true,"href":"https:\/\/ktech4.k-tech-services.com\/TTA670\/wp-json\/wp\/v2\/product_brand?post=87"},{"taxonomy":"product_cat","embeddable":true,"href":"https:\/\/ktech4.k-tech-services.com\/TTA670\/wp-json\/wp\/v2\/product_cat?post=87"},{"taxonomy":"product_tag","embeddable":true,"href":"https:\/\/ktech4.k-tech-services.com\/TTA670\/wp-json\/wp\/v2\/product_tag?post=87"}],"curies":[{"name":"wp","href":"https:\/\/api.w.org\/{rel}","templated":true}]}}