{"id":90,"date":"2026-03-25T04:47:18","date_gmt":"2026-03-25T04:47:18","guid":{"rendered":"https:\/\/ktech4.k-tech-services.com\/TTA670\/?post_type=product&#038;p=90"},"modified":"2026-04-01T06:45:55","modified_gmt":"2026-04-01T06:45:55","slug":"den-led-am-tran-7w-dn020b-g3-led6-d100-philips","status":"publish","type":"product","link":"https:\/\/ktech4.k-tech-services.com\/TTA670\/san-pham\/den-led-am-tran-7w-dn020b-g3-led6-d100-philips\/","title":{"rendered":"\u0110\u00e8n Chi\u1ebfu Pha \u00c1nh S\u00e1ng Tr\u1eafng"},"content":{"rendered":"<p>\u0110\u00e8n led \u00e2m tr\u1ea7n 7W DN020B G3 LED6 D100 Philips kh\u00f4ng ch\u1ec9 mang \u0111\u1ebfn m\u1ed9t ngu\u1ed3n s\u00e1ng tuy\u1ec7t v\u1eddi m\u00e0 \u0111\u00e8n c\u00f2n c\u00f3 tu\u1ed5i th\u1ecd v\u01b0\u1ee3t tr\u1ed9i, kh\u1ea3 n\u0103ng ti\u1ebft ki\u1ec7m \u0111i\u1ec7n c\u0169ng nh\u01b0 thi\u1ebft k\u1ebf nh\u1ecf g\u1ecdn d\u1ec5 d\u00e0ng thi c\u00f4ng l\u1eafp \u0111\u1eb7t. Ch\u00fang ta h\u00e3y c\u00f9ng t\u00ecm hi\u1ec3u k\u0129 h\u01a1n v\u1ec1 nh\u1eefng \u01b0u \u0111i\u1ec3m c\u1ee7a s\u1ea3n ph\u1ea9m \u0111\u1ec3 xem v\u00ec sao \u0111\u00e2y l\u1ea1i l\u00e0 s\u1ea3n ph\u1ea9m nh\u1eadn \u0111\u01b0\u1ee3c s\u1ef1 tin d\u00f9ng c\u1ee7a kh\u00e1ch h\u00e0ng nh\u00e9.<\/p>\n<p><iframe loading=\"lazy\" title=\"YouTube video player\" src=\"https:\/\/www.youtube.com\/embed\/RRHnqevz82c?si=DMhxPqrPFx5UUwi8\" width=\"560\" height=\"315\" frameborder=\"0\" scrolling=\"no\" data-mce-fragment=\"1\"><\/iframe><\/p>\n<div id=\"title\" class=\"style-scope ytd-watch-metadata\">\n<p><em>Kh\u00e1m ph\u00e1 \u0111\u00e8n led \u00e2m tr\u1ea7n 7W DN020B G3 LED6 D100 Philips \u2013 \u00c1nh s\u00e1ng r\u1ed9ng, si\u00eau \u0111\u1ec1u, ti\u1ebft ki\u1ec7m \u0111i\u1ec7n!<\/em><\/p>\n<\/div>\n<p>&nbsp;<\/p>\n<p><strong>TH\u00d4NG S\u1ed0 K\u1ef8 THU\u1eacT<\/strong><\/p>\n<p>M\u00e3 s\u1ea3n ph\u1ea9m:<strong>\u00a07W DN020B G3 LED6 D100<\/strong><\/p>\n<table border=\"1\" cellspacing=\"1\" cellpadding=\"0\" align=\"center\">\n<tbody>\n<tr>\n<td colspan=\"3\"><strong>Th\u00f4ng s\u1ed1 \u0111i\u1ec7n<\/strong><\/td>\n<td colspan=\"4\"><strong>Th\u00f4ng s\u1ed1 quang<\/strong><\/td>\n<td colspan=\"2\"><strong>Th\u00f4ng s\u1ed1 h\u00ecnh h\u1ecdc<\/strong><\/td>\n<\/tr>\n<tr>\n<td>\u0110i\u1ec7n \u00e1p(V)<\/td>\n<td>C\u00f4ng su\u1ea5t(W)<\/td>\n<td>Tu\u1ed5i th\u1ecd(h)<\/td>\n<td>Quang th\u00f4ng(Lm)<\/td>\n<td>Hi\u1ec7u su\u1ea5t quang(Lm\/W)<\/td>\n<td>Nhi\u1ec7t \u0111\u1ed9 m\u00e0u(K)<\/td>\n<td>Ch\u1ec9 s\u1ed1 ho\u00e0n m\u00e0u(Ra)<\/td>\n<td>Chi\u1ec1u cao \u0111\u00e8n(mm)<\/td>\n<td>L\u1ed7 kho\u00e9t tr\u1ea7n(mm)<\/td>\n<\/tr>\n<tr>\n<td>220-240<\/td>\n<td>7<\/td>\n<td>30.000<\/td>\n<td>600<\/td>\n<td>80<\/td>\n<td>3000\/4000\/6500<\/td>\n<td>80<\/td>\n<td>47<\/td>\n<td>100<\/td>\n<\/tr>\n<\/tbody>\n<\/table>\n<p>&nbsp;<\/p>\n<p><img loading=\"lazy\" decoding=\"async\" src=\"https:\/\/hoangphatlighting.vn\/upload\/detail\/2021\/01\/images\/DN020-G3-datasheet-2(2).jpg\" alt=\"\u0110\u00e8n led \u00e2m tr\u1ea7n 7W DN020B G3 LED6 D100 Philips\" width=\"400\" height=\"300\" \/><\/p>\n<p><strong>\u01afU \u0110I\u1ec2M N\u1ed4I B\u1eacT<\/strong><\/p>\n<p><em>Tu\u1ed5i th\u1ecd v\u01b0\u1ee3t tr\u1ed9i, ti\u1ebft ki\u1ec7m \u0111i\u1ec7n n\u0103ng<\/em><\/p>\n<p><img loading=\"lazy\" decoding=\"async\" src=\"https:\/\/hoangphatlighting.vn\/upload\/detail\/2018\/01\/images\/tiet-kiem-dien(5).png\" alt=\"\u0110\u00e8n led \u00e2m tr\u1ea7n 7W DN020B G3 LED6 D100 Philips\" width=\"400\" height=\"300\" \/>\u01afu \u0111i\u1ec3m \u0111\u1ea7u ti\u00ean c\u00f3 th\u1ec3 k\u1ec3 \u0111\u1ebfn c\u1ee7a \u0111\u00e8n led \u00e2m tr\u1ea7n 7W DN020B G3 LED6 D100 Philips ch\u00ednh l\u00e0 tu\u1ed5i th\u1ecd v\u01b0\u1ee3t tr\u1ed9i. \u0110\u00e8n c\u00f3 tu\u1ed5i th\u1ecd l\u00ean \u0111\u1ebfn h\u01a1n 20 000 gi\u1edd chi\u1ebfu s\u00e1ng t\u01b0\u01a1ng \u0111\u01b0\u01a1ng v\u1edbi th\u1eddi gian chi\u1ebfu s\u00e1ng 10 n\u0103m. V\u1edbi th\u1eddi gian chi\u1ebfu s\u00e1ng k\u00e9o d\u00e0i c\u1ed9ng th\u00eam trong qu\u00e1 tr\u00ecnh ho\u1ea1t \u0111\u1ed9ng, \u0111\u00e8n \u00edt h\u01b0 h\u1ecfng c\u0169ng nh\u01b0 kh\u00f4ng g\u00e2y ra hi\u1ec7n t\u01b0\u1ee3ng ch\u00e1y n\u1ed5, ch\u1eadp \u0111i\u1ec7n gi\u00fap ng\u01b0\u1eddi s\u1eed d\u1ee5ng gi\u1ea3m \u0111\u01b0\u1ee3c t\u1ea7n su\u1ea5t thay l\u1eafp, ti\u1ebft ki\u1ec7m \u0111\u01b0\u1ee3c c\u00e1c chi ph\u00ed b\u1ea3o d\u01b0\u1ee1ng, s\u1eeda ch\u1eefa,\u2026<\/p>\n<p>Ngo\u00e0i ra, \u0111\u00e8n led \u00e2m tr\u1ea7n 7W DN020B G3 LED6 D100 Philips c\u00f2n ti\u1ebft ki\u1ec7m \u0111\u1ebfn 80% l\u01b0\u1ee3ng \u0111i\u1ec7n n\u0103ng ti\u00eau th\u1ee5. \u0110\u00e8n c\u00f3 quang th\u00f4ng 600Lm cho kh\u1ea3 n\u0103ng chi\u1ebfu s\u00e1ng cao, ti\u1ebft ki\u1ec7m \u0111i\u1ec7n n\u0103ng ngay t\u1ee9c th\u00ec gi\u00fap ng\u01b0\u1eddi ti\u1ebfu d\u00f9ng ti\u1ebft ki\u1ec7m m\u1ed9t kho\u1ea3n kha kh\u00e1 c\u00e1c chi ph\u00ed \u0111i\u1ec7n n\u0103ng v\u00e0 c\u00e1c chi ph\u00ed li\u00ean quan kh\u00e1c trong th\u1eddi gian d\u00e0i s\u1eed d\u1ee5ng.<\/p>\n<p><em>Ch\u1ea5t l\u01b0\u1ee3ng \u00e1nh s\u00e1ng v\u01b0\u1ee3t tr\u1ed9i<\/em><\/p>\n<p><img loading=\"lazy\" decoding=\"async\" src=\"https:\/\/hoangphatlighting.vn\/upload\/detail\/2018\/03\/images\/icon-nguon-sang-hoan-hao(4).jpg\" alt=\"\u0110\u00e8n led \u00e2m tr\u1ea7n 7W DN020B G3 LED6 D100 Philips\" width=\"400\" height=\"300\" \/>\u0110\u00e8n led \u00e2m tr\u1ea7n 7W DN020B G3 LED6 D100 Philips \u0111\u01b0\u1ee3c s\u1ea3n xu\u1ea5t tr\u00ean d\u00e2y chuy\u1ec1n hi\u1ec7n \u0111\u1ea1i, s\u1eed d\u1ee5ng chip led \u0111\u01b0\u1ee3c nh\u1eadp kh\u1ea9u t\u1eeb ch\u00e2u \u00c2u, ngu\u1ed3n led c\u00f4ng su\u1ea5t cao cho ch\u1ea5t l\u01b0\u1ee3ng \u00e1nh s\u00e1ng \u0111\u1ea1t chu\u1ea9n. Quang th\u00f4ng c\u1ee7a \u0111\u00e8n \u0111\u1ea1t 600 lm c\u00f9ng v\u1edbi ch\u1ec9 s\u1ed1 ho\u00e0n m\u00e0u cao, CRI &gt; = 80 RA, hi\u1ec7u su\u1ea5t ph\u00e1t s\u00e1ng h\u01a1n 80 lm\/w do \u0111\u00f3 \u0111\u00e8n led \u00e2m tr\u1ea7n 7W DN020B G3 LED6 D100 Philips mang l\u1ea1i ngu\u1ed3n s\u00e1ng ch\u00e2n th\u1ef1c, t\u1ef1 nhi\u00ean, gi\u00fap cho c\u00e1c s\u1ef1 v\u1eadt hi\u1ec7n l\u00ean m\u1ed9t c\u00e1ch sinh \u0111\u1ed9ng.<\/p>\n<p>\u0110\u00e8n s\u1eed d\u1ee5ng t\u1ea5m ph\u1ea3n quang ch\u1ed1ng l\u00f3a, ph\u00e2n b\u1ed5 \u00e1nh s\u00e1ng \u0111\u1ed3ng \u0111\u1ec1u v\u1edbi g\u00f3c chi\u1ebfu r\u1ed9ng \u0111em l\u1ea1i hi\u1ec7u qu\u1ea3 chi\u1ebfu s\u00e1ng v\u01b0\u1ee3t tr\u1ed9i. Ngu\u1ed3n s\u00e1ng ph\u00e1t ra t\u1eeb \u0111\u00e8n m\u1ea1nh m\u1ebd, \u1ed5n \u0111\u1ecbnh, kh\u00f4ng g\u00e2y ra hi\u1ec7n t\u01b0\u1ee3ng nh\u1ea5p nh\u00e1y, \u00e1nh s\u00e1ng \u00eam d\u1ecbu cho m\u1eaft, kh\u00f4ng b\u1ecb ch\u00f3i. \u0110\u00e8n c\u00f3 nhi\u1ec7t \u0111\u1ed9 m\u00e0u \u0111a d\u1ea1ng, g\u1ed3m ba nhi\u1ec7t \u0111\u1ed9 m\u00e0u l\u00e0 3000K, 4000K, v\u00e0 6500K ph\u00f9 h\u1ee3p v\u1edbi m\u1ecdi kh\u00f4ng gian t\u1eeb \u1ea5m c\u00fang s\u00e1ng tr\u1ecdng, \u0111\u1ebfn hi\u1ec7n \u0111\u1ea1i, tr\u1ebb trung.<\/p>\n<p><em>D\u1ec5 d\u00e0ng thi c\u00f4ng<\/em><\/p>\n<p><img loading=\"lazy\" decoding=\"async\" src=\"https:\/\/hoangphatlighting.vn\/upload\/detail\/2018\/01\/images\/lap-dat(2).png\" alt=\"\u0110\u00e8n led \u00e2m tr\u1ea7n 7W DN020B G3 LED6 D100 Philips\" width=\"400\" height=\"300\" \/>M\u1ed9t \u01b0u \u0111i\u1ec3m kh\u00e1c c\u00f3 th\u1ec3 k\u1ec3 \u0111\u1ebfn c\u1ee7a \u0111\u00e8n led \u00e2m tr\u1ea7n 7W DN020B G3 LED6 D100 Philips \u0111\u00f3 l\u00e0 c\u00f3 th\u1ec3 d\u1ec5 d\u00e0ng thi c\u00f4ng, l\u1eafp \u0111\u1eb7t. V\u1edbi k\u00edch th\u01b0\u1edbc si\u00eau m\u1ecfng, b\u1ec1 d\u00e0y ch\u1ec9 25 mm, kh\u00e1ch h\u00e0ng c\u00f3 th\u1ec3 d\u1ec5 d\u00e0ng l\u1eafp \u0111\u1eb7t \u0111\u00e8n c\u1ea3 v\u1edbi tr\u1ea7n cao l\u1eabn tr\u1ea7n th\u1ea5p.<\/p>\n<p>Ngo\u00e0i ra, v\u1edbi thi\u1ebft k\u1ebf h\u00ecnh vu\u00f4ng \u0111a d\u1ee5ng, to\u00e0n b\u1ed9 b\u1ec1 m\u1eb7t \u0111\u01b0\u1ee3c s\u01a1n t\u0129nh \u0111i\u1ec7n m\u00e0u tr\u1eafng \u0111\u1ee5c trang nh\u00e3 c\u1ee7a \u0111\u00e8n c\u0169ng g\u00f3p ph\u1ea7n l\u00e0m t\u0103ng s\u1ef1 tinh t\u1ebf, sang tr\u1ecdng cho kh\u00f4ng gian l\u1eafp \u0111\u1eb7t.<\/p>\n<p><strong>H\u01af\u1edaNG D\u1eaaN L\u1eaeP \u0110\u1eb6T<\/strong><\/p>\n<p><strong>B\u01b0\u1edbc 1:\u00a0<\/strong>Kho\u00e9t tr\u1ea7n v\u1edbi k\u00edch th\u01b0\u1edbc l\u1ed7 100mm.<\/p>\n<p><strong>B\u01b0\u1edbc 2:\u00a0<\/strong>Ng\u1eaft ngu\u1ed3n \u0111i\u1ec7n.<\/p>\n<p><strong>B\u01b0\u1edbc 3:<\/strong>\u00a0L\u1eafp \u0111\u1eb7t ngu\u1ed3n v\u00e0 d\u00e2y d\u1eabn ch\u1eafc ch\u1eafn, \u1ed5n \u0111\u1ecbnh v\u1edbi nhau trong h\u1ec7 th\u1ed1ng \u0111i\u1ec7n.<\/p>\n<p><strong>B\u01b0\u1edbc 4:\u00a0<\/strong>M\u1edf ngu\u1ed3n, ki\u1ec3m tra \u0111\u00e8n.<\/p>\n<p><strong>\u1ee8NG D\u1ee4NG<\/strong><\/p>\n<p>\u0110\u00e8n led \u00e2m tr\u1ea7n 7W DN020B G3 LED6 D100 Philips th\u01b0\u1eddng \u0111\u01b0\u1ee3c s\u1eed d\u1ee5ng trong c\u00e1c c\u00f4ng tr\u00ecnh chung c\u01b0, trung t\u00e2m th\u01b0\u01a1ng m\u1ea1i, v\u0103n ph\u00f2ng, b\u1ec7nh vi\u1ec7n, trang tr\u00ed trong c\u00e1c showroom, kh\u00e1ch s\u1ea1n, tr\u01b0\u1eddng h\u1ecdc, bi\u1ec7t th\u1ef1, nh\u00e0 \u1edf\u2026<\/p>\n<p><strong>LI\u00caN H\u1ec6 MUA H\u00c0NG<\/strong><\/p>\n<p>M\u1ed9t \u0111\u1ecba \u0111i\u1ec3m cung c\u1ea5p s\u1ea3n ph\u1ea9m \u0111\u00e8n led \u00e2m tr\u1ea7n 7W DN020B G3 LED6 D100 Philips uy t\u00edn, ch\u1ea5t l\u01b0\u1ee3ng ch\u00ednh l\u00e0 Ho\u00e0ng Ph\u00e1t Lighting c\u1ee7a ch\u00fang t\u00f4i. C\u00f4ng ty ch\u00fang t\u00f4i chuy\u00ean cung c\u1ea5p c\u00e1c s\u1ea3n ph\u1ea9m ch\u00ednh h\u00e3ng v\u1edbi ch\u1ea5t l\u01b0\u1ee3ng v\u00e0 d\u1ecbch v\u1ee5 t\u1ed1t nh\u1ea5t ph\u1ee5c v\u1ee5 cho nhu c\u1ea7u c\u1ee7a kh\u00e1ch h\u00e0ng. Ch\u00fang t\u00f4i c\u00f3 h\u00e0ng tr\u0103m \u0111\u1ea1i l\u00ed tr\u00ean to\u00e0n qu\u1ed1c v\u00e0 lu\u00f4n s\u1eb5n s\u00e0ng gi\u1ea3i \u0111\u00e1p b\u1ea5t c\u1ee9 th\u1eafc m\u1eafc c\u1ee7a qu\u00fd kh\u00e1ch h\u00e0ng.<\/p>\n","protected":false},"excerpt":{"rendered":"<ul class=\"width\">\n<li>h\u01b0\u01a1ng hi\u1ec7u:\u00a0\u00a0<a href=\"https:\/\/hoangphatlighting.vn\/philips-b4-11.html\">Philips<\/a><\/li>\n<li>Xu\u1ea5t x\u1ee9:\u00a0\u00a0Trung Qu\u1ed1c<\/li>\n<li>B\u1ea3o h\u00e0nh:\u00a0\u00a024 th\u00e1ng<\/li>\n<\/ul>\n<p>Philips l\u00e0 m\u1ed9t h\u00e3ng \u0111i\u1ec7n d\u00e2n d\u1ee5ng l\u00e2u \u0111\u1eddi quen thu\u1ed9c v\u1edbi ch\u00fang ta. C\u00e1c s\u1ea3n ph\u1ea9m c\u1ee7a Philips lu\u00f4n nh\u1eadn \u0111\u01b0\u1ee3c s\u1ef1 tin d\u00f9ng c\u1ee7a kh\u00e1ch h\u00e0ng nh\u1edd ch\u1ea5t l\u01b0\u1ee3ng tuy\u1ec7t v\u1eddi c\u1ee7a m\u00ecnh. \u0110\u1eb7c bi\u1ec7t, nh\u1eefng s\u1ea3n ph\u1ea9m \u0111\u00e8n led c\u1ee7a h\u00e3ng lu\u00f4n n\u1eb1m trong top nh\u1eefng s\u1ea3n ph\u1ea9m led b\u00e1n ch\u1ea1y nh\u1ea5t \u1edf n\u01b0\u1edbc ta. M\u1ed9t trong nh\u1eefng s\u1ea3n ph\u1ea9m \u0111\u00f3 kh\u00f4ng th\u1ec3 kh\u00f4ng k\u1ec3 \u0111\u1ebfn \u0111\u00e8n led \u00e2m tr\u1ea7n 7W DN020B G3 LED6 D100 Philips.<\/p>\n","protected":false},"featured_media":347,"comment_status":"open","ping_status":"closed","template":"","meta":{"_acf_changed":false},"product_brand":[32,34,31,33,30],"product_cat":[20,27],"product_tag":[],"class_list":{"0":"post-90","1":"product","2":"type-product","3":"status-publish","4":"has-post-thumbnail","6":"product_brand-duhal","7":"product_brand-osram","8":"product_brand-paragon","9":"product_brand-philips","10":"product_brand-rang-dong","11":"product_cat-den-nang-luong-mat-troi","12":"product_cat-den-pha","14":"first","15":"instock","16":"shipping-taxable","17":"purchasable","18":"product-type-simple"},"acf":[],"_links":{"self":[{"href":"https:\/\/ktech4.k-tech-services.com\/TTA670\/wp-json\/wp\/v2\/product\/90","targetHints":{"allow":["GET"]}}],"collection":[{"href":"https:\/\/ktech4.k-tech-services.com\/TTA670\/wp-json\/wp\/v2\/product"}],"about":[{"href":"https:\/\/ktech4.k-tech-services.com\/TTA670\/wp-json\/wp\/v2\/types\/product"}],"replies":[{"embeddable":true,"href":"https:\/\/ktech4.k-tech-services.com\/TTA670\/wp-json\/wp\/v2\/comments?post=90"}],"wp:featuredmedia":[{"embeddable":true,"href":"https:\/\/ktech4.k-tech-services.com\/TTA670\/wp-json\/wp\/v2\/media\/347"}],"wp:attachment":[{"href":"https:\/\/ktech4.k-tech-services.com\/TTA670\/wp-json\/wp\/v2\/media?parent=90"}],"wp:term":[{"taxonomy":"product_brand","embeddable":true,"href":"https:\/\/ktech4.k-tech-services.com\/TTA670\/wp-json\/wp\/v2\/product_brand?post=90"},{"taxonomy":"product_cat","embeddable":true,"href":"https:\/\/ktech4.k-tech-services.com\/TTA670\/wp-json\/wp\/v2\/product_cat?post=90"},{"taxonomy":"product_tag","embeddable":true,"href":"https:\/\/ktech4.k-tech-services.com\/TTA670\/wp-json\/wp\/v2\/product_tag?post=90"}],"curies":[{"name":"wp","href":"https:\/\/api.w.org\/{rel}","templated":true}]}}