{"id":601,"date":"2025-08-18T06:44:55","date_gmt":"2025-08-18T06:44:55","guid":{"rendered":"https:\/\/ktech4.k-tech-services.com\/athena315\/?page_id=601"},"modified":"2025-08-18T09:07:11","modified_gmt":"2025-08-18T09:07:11","slug":"ve-athena-premium","status":"publish","type":"page","link":"https:\/\/ktech4.k-tech-services.com\/athena315\/ve-athena-premium\/","title":{"rendered":"V\u1ec1 Athena Premium"},"content":{"rendered":"  <div id=\"page-header-1943229636\" class=\"page-header-wrapper\">\n  <div class=\"page-title dark featured-title\">\n\n        <div class=\"page-title-bg\">\n      <div class=\"title-bg fill bg-fill\"\n        data-parallax-container=\".page-title\"\n        data-parallax-background\n        data-parallax=\"-\">\n      <\/div>\n      <div class=\"title-overlay fill\"><\/div>\n    <\/div>\n    \n    <div class=\"page-title-inner container align-center text-center flex-row-col medium-flex-wrap\" >\n              <div class=\"title-wrapper flex-col\">\n          <h1 class=\"entry-title mb-0\">\n            V\u1ec1 Athena Premium          <\/h1>\n        <\/div>\n                    <div class=\"title-content flex-col\">\n              <\/div>\n    <\/div>\n\n     \n<style>\n#page-header-1943229636 .page-title-inner {\n  min-height: 50vh;\n}\n#page-header-1943229636 .title-bg {\n  background-image: url(https:\/\/ktech4.k-tech-services.com\/athena315\/wp-content\/uploads\/2025\/08\/Thiet-ke-chua-co-ten-4.jpg);\n}\n<\/style>\n  <\/div>\n    <\/div>\n  \n\n\t<section class=\"section\" id=\"section_1969811411\">\n\t\t<div class=\"section-bg fill\" >\n\t\t\t\t\t\t\t\t\t\n\t\t\t\n\n\t\t<\/div>\n\n\t\t\n\n\t\t<div class=\"section-content relative\">\n\t\t\t\n<div class=\"row align-center\"  id=\"row-1868090136\">\n\n\t<div id=\"col-1285123746\" class=\"col medium-10 small-12 large-10\"  >\n\t\t\t\t<div class=\"col-inner\"  >\n\t\t\t\n\t\t\t\n<div>H\u1ec7 th\u1ed1ng du thuy\u1ec1n Athena Cruise, ra m\u1eaft v\u00e0o n\u0103m 2017, \u0111\u01b0\u1ee3c thi\u1ebft k\u1ebf d\u00e0nh ri\u00eang cho kh\u00e1ch h\u00e0ng \u01b0a th\u00edch t\u1eadn h\u01b0\u1edfng v\u00e0 ngh\u1ec9 d\u01b0\u1ee1ng b\u1eb1ng du thuy\u1ec1n tr\u00ean bi\u1ec3n. V\u1edbi 2 d\u00f2ng du thuy\u1ec1n l\u00e0 Athena Luxury Cruise v\u00e0 Athena Royal Cruise sang tr\u1ecdng v\u00e0 h\u1ea1ng ph\u00f2ng \u0111a d\u1ea1ng, Athena Cruise mang \u0111\u1ebfn kh\u00f4ng gian l\u00fd t\u01b0\u1edfng v\u1edbi m\u1ecdi \u0111\u1ed1i t\u01b0\u1ee3ng kh\u00e1ch h\u00e0ng. V\u1edbi Sundeck r\u1ed9ng l\u1edbn, nh\u00e0 h\u00e0ng cao c\u1ea5p, ph\u00f2ng spa &amp; x\u00f4ng h\u01a1i, b\u1ec3 s\u1ee5c Jacuzzi v\u00e0 qu\u1ea7y bar ngo\u00e0i tr\u1eddi, du kh\u00e1ch s\u1ebd t\u1eadn d\u1ee5ng \u0111\u01b0\u1ee3c m\u1ecdi ti\u1ec7n \u00edch tr\u00ean du thuy\u1ec1n. Athena Cruise l\u00e0 \u0111i\u1ec3m \u0111\u1ebfn ho\u00e0n h\u1ea3o cho k\u1ef3 ngh\u1ec9 tr\u1ecdn v\u1eb9n t\u1ea1i V\u1ecbnh H\u1ea1 Long.<\/div>\n<div>\u00a0<\/div>\n<div><img loading=\"lazy\" decoding=\"async\" class=\"aligncenter size-full wp-image-672\" src=\"https:\/\/ktech4.k-tech-services.com\/athena315\/wp-content\/uploads\/2025\/08\/1.du-thuyen-athenacruise.jpg\" alt=\"\" width=\"1000\" height=\"749\" srcset=\"https:\/\/ktech4.k-tech-services.com\/athena315\/wp-content\/uploads\/2025\/08\/1.du-thuyen-athenacruise.jpg 1000w, https:\/\/ktech4.k-tech-services.com\/athena315\/wp-content\/uploads\/2025\/08\/1.du-thuyen-athenacruise-300x225.jpg 300w, https:\/\/ktech4.k-tech-services.com\/athena315\/wp-content\/uploads\/2025\/08\/1.du-thuyen-athenacruise-768x575.jpg 768w, https:\/\/ktech4.k-tech-services.com\/athena315\/wp-content\/uploads\/2025\/08\/1.du-thuyen-athenacruise-600x449.jpg 600w\" sizes=\"auto, (max-width: 1000px) 100vw, 1000px\" \/><\/p>\n<h3>H\u1ec7 Th\u1ed1ng Du Thuy\u1ec1n Athena<\/h3>\n<div><strong>Athena Luxury Cruise<\/strong><\/div>\n<div>Athena Luxury Cruise b\u1eaft \u0111\u1ea7u v\u1eadn h\u00e0nh t\u1eeb ng\u00e0y 01\/07\/2017, mang \u0111\u1ebfn m\u1ed9t tr\u1ea3i nghi\u1ec7m du thuy\u1ec1n sang tr\u1ecdng v\u1edbi kh\u00f4ng gian r\u1ed9ng r\u00e3i, thi\u1ebft k\u1ebf hi\u1ec7n \u0111\u1ea1i v\u00e0 d\u1ecbch v\u1ee5 \u0111\u1eb3ng c\u1ea5p. V\u1edbi l\u1ed9 tr\u00ecnh tham quan c\u00e1c \u0111i\u1ec3m n\u1ed5i b\u1eadt c\u1ee7a V\u1ecbnh H\u1ea1 Long, Athena Luxury Cruise l\u00e0 s\u1ef1 l\u1ef1a ch\u1ecdn ho\u00e0n h\u1ea3o cho du kh\u00e1ch mong mu\u1ed1n m\u1ed9t h\u00e0nh tr\u00ecnh \u0111\u1eb3ng c\u1ea5p.<\/div>\n<div>\u00a0<\/div>\n<div><img loading=\"lazy\" decoding=\"async\" class=\"aligncenter size-full wp-image-671\" src=\"https:\/\/ktech4.k-tech-services.com\/athena315\/wp-content\/uploads\/2025\/08\/2.he-thong-du-thuyen-athena.jpg\" alt=\"\" width=\"1000\" height=\"667\" srcset=\"https:\/\/ktech4.k-tech-services.com\/athena315\/wp-content\/uploads\/2025\/08\/2.he-thong-du-thuyen-athena.jpg 1000w, https:\/\/ktech4.k-tech-services.com\/athena315\/wp-content\/uploads\/2025\/08\/2.he-thong-du-thuyen-athena-300x200.jpg 300w, https:\/\/ktech4.k-tech-services.com\/athena315\/wp-content\/uploads\/2025\/08\/2.he-thong-du-thuyen-athena-768x512.jpg 768w, https:\/\/ktech4.k-tech-services.com\/athena315\/wp-content\/uploads\/2025\/08\/2.he-thong-du-thuyen-athena-600x400.jpg 600w\" sizes=\"auto, (max-width: 1000px) 100vw, 1000px\" \/><\/div>\n<\/div>\n<div>\u00a0<\/div>\n<div><strong>Athena Royal Cruise<\/strong><\/div>\n<div>\n<div>Athena Royal Cruise ch\u00ednh th\u1ee9c \u0111i v\u00e0o ho\u1ea1t \u0111\u1ed9ng t\u1eeb th\u00e1ng 09\/2019, n\u00e2ng c\u1ea5p h\u01a1n v\u1edbi d\u1ecbch v\u1ee5 tinh t\u1ebf v\u00e0 thi\u1ebft k\u1ebf trang nh\u00e3. \u0110\u00e2y l\u00e0 l\u1ef1a ch\u1ecdn l\u00fd t\u01b0\u1edfng cho nh\u1eefng ai t\u00ecm ki\u1ebfm s\u1ef1 ri\u00eang t\u01b0, tho\u1ea3i m\u00e1i nh\u01b0ng v\u1eabn \u0111\u1ea3m b\u1ea3o ti\u00eau chu\u1ea9n d\u1ecbch v\u1ee5 cao c\u1ea5p.<\/div>\n<div>\u00a0<\/div>\n<div><img loading=\"lazy\" decoding=\"async\" class=\"aligncenter size-full wp-image-670\" src=\"https:\/\/ktech4.k-tech-services.com\/athena315\/wp-content\/uploads\/2025\/08\/3.Athena-Royal-Cruise.jpg\" alt=\"\" width=\"1000\" height=\"749\" srcset=\"https:\/\/ktech4.k-tech-services.com\/athena315\/wp-content\/uploads\/2025\/08\/3.Athena-Royal-Cruise.jpg 1000w, https:\/\/ktech4.k-tech-services.com\/athena315\/wp-content\/uploads\/2025\/08\/3.Athena-Royal-Cruise-300x225.jpg 300w, https:\/\/ktech4.k-tech-services.com\/athena315\/wp-content\/uploads\/2025\/08\/3.Athena-Royal-Cruise-768x575.jpg 768w, https:\/\/ktech4.k-tech-services.com\/athena315\/wp-content\/uploads\/2025\/08\/3.Athena-Royal-Cruise-600x449.jpg 600w\" sizes=\"auto, (max-width: 1000px) 100vw, 1000px\" \/><\/div>\n<h3>H\u1ea3i Tr\u00ecnh Du Thuy\u1ec1n Athena<\/h3>\n<div>C\u1ea3 hai du thuy\u1ec1n Athena Luxury Cruise v\u00e0 Athena Royal Cruise \u0111\u1ec1u \u0111\u01b0a du kh\u00e1ch \u0111\u1ebfn nh\u1eefng \u0111i\u1ec3m \u0111\u1ebfn n\u1ed5i b\u1eadt nh\u1ea5t c\u1ee7a V\u1ecbnh H\u1ea1 Long:<\/div>\n<div><strong>\u0110\u1ea3o Ti T\u1ed1p<\/strong>\u00a0\u2013 M\u1ed9t trong nh\u1eefng h\u00f2n \u0111\u1ea3o \u0111\u1eb9p nh\u1ea5t V\u1ecbnh H\u1ea1 Long, n\u1ed5i b\u1eadt v\u1edbi b\u00e3i c\u00e1t tr\u1eafng m\u1ecbn v\u00e0 t\u1ea7m nh\u00ecn to\u00e0n c\u1ea3nh v\u1ecbnh t\u1eeb tr\u00ean cao.<\/div>\n<div>\u00a0<\/div>\n<div><img loading=\"lazy\" decoding=\"async\" class=\"aligncenter size-full wp-image-669\" src=\"https:\/\/ktech4.k-tech-services.com\/athena315\/wp-content\/uploads\/2025\/08\/4.dao-titop.jpg\" alt=\"\" width=\"700\" height=\"479\" srcset=\"https:\/\/ktech4.k-tech-services.com\/athena315\/wp-content\/uploads\/2025\/08\/4.dao-titop.jpg 700w, https:\/\/ktech4.k-tech-services.com\/athena315\/wp-content\/uploads\/2025\/08\/4.dao-titop-300x205.jpg 300w, https:\/\/ktech4.k-tech-services.com\/athena315\/wp-content\/uploads\/2025\/08\/4.dao-titop-600x411.jpg 600w\" sizes=\"auto, (max-width: 700px) 100vw, 700px\" \/><\/div>\n<\/div>\n<p><strong>Hang S\u1eedng S\u1ed1t<\/strong>\u00a0\u2013 Hang \u0111\u1ed9ng l\u1edbn nh\u1ea5t v\u00e0 \u0111\u1eb9p nh\u1ea5t V\u1ecbnh H\u1ea1 Long, v\u1edbi nh\u1eefng kh\u1ed1i th\u1ea1ch nh\u0169 k\u1ef3 v\u0129 v\u00e0 kh\u00f4ng gian r\u1ed9ng l\u1edbn.<\/p>\n<p><img loading=\"lazy\" decoding=\"async\" class=\"aligncenter size-full wp-image-668\" src=\"https:\/\/ktech4.k-tech-services.com\/athena315\/wp-content\/uploads\/2025\/08\/5.hang-sung-sot.jpg\" alt=\"\" width=\"1000\" height=\"664\" srcset=\"https:\/\/ktech4.k-tech-services.com\/athena315\/wp-content\/uploads\/2025\/08\/5.hang-sung-sot.jpg 1000w, https:\/\/ktech4.k-tech-services.com\/athena315\/wp-content\/uploads\/2025\/08\/5.hang-sung-sot-300x199.jpg 300w, https:\/\/ktech4.k-tech-services.com\/athena315\/wp-content\/uploads\/2025\/08\/5.hang-sung-sot-768x510.jpg 768w, https:\/\/ktech4.k-tech-services.com\/athena315\/wp-content\/uploads\/2025\/08\/5.hang-sung-sot-600x398.jpg 600w\" sizes=\"auto, (max-width: 1000px) 100vw, 1000px\" \/><\/p>\n<p><strong>Hang M\u00ea Cung<\/strong>\u00a0\u2013 M\u1ed9t hang \u0111\u1ed9ng \u0111\u1ed9c \u0111\u00e1o v\u1edbi k\u1ebft c\u1ea5u m\u00ea cung ph\u1ee9c t\u1ea1p, mang \u0111\u1ebfn tr\u1ea3i nghi\u1ec7m kh\u00e1m ph\u00e1 th\u00fa v\u1ecb.<\/p>\n<p>\u00a0<\/p>\n<div><img loading=\"lazy\" decoding=\"async\" class=\"aligncenter size-full wp-image-667\" src=\"https:\/\/ktech4.k-tech-services.com\/athena315\/wp-content\/uploads\/2025\/08\/6.hang-me-cung.jpg\" alt=\"\" width=\"1024\" height=\"768\" srcset=\"https:\/\/ktech4.k-tech-services.com\/athena315\/wp-content\/uploads\/2025\/08\/6.hang-me-cung.jpg 1024w, https:\/\/ktech4.k-tech-services.com\/athena315\/wp-content\/uploads\/2025\/08\/6.hang-me-cung-300x225.jpg 300w, https:\/\/ktech4.k-tech-services.com\/athena315\/wp-content\/uploads\/2025\/08\/6.hang-me-cung-768x576.jpg 768w, https:\/\/ktech4.k-tech-services.com\/athena315\/wp-content\/uploads\/2025\/08\/6.hang-me-cung-600x450.jpg 600w\" sizes=\"auto, (max-width: 1024px) 100vw, 1024px\" \/><\/div>\n<p><strong>Hang Lu\u1ed3n<\/strong>\u00a0\u2013 \u0110\u1ecba \u0111i\u1ec3m l\u00fd t\u01b0\u1edfng \u0111\u1ec3 ch\u00e8o thuy\u1ec1n kayak, v\u1edbi c\u1ea3nh quan thi\u00ean nhi\u00ean hoang s\u01a1 v\u00e0 y\u00ean b\u00ecnh.<\/p>\n<div><img loading=\"lazy\" decoding=\"async\" class=\"aligncenter size-full wp-image-666\" src=\"https:\/\/ktech4.k-tech-services.com\/athena315\/wp-content\/uploads\/2025\/08\/7.hang-luon.jpg\" alt=\"\" width=\"800\" height=\"495\" srcset=\"https:\/\/ktech4.k-tech-services.com\/athena315\/wp-content\/uploads\/2025\/08\/7.hang-luon.jpg 800w, https:\/\/ktech4.k-tech-services.com\/athena315\/wp-content\/uploads\/2025\/08\/7.hang-luon-300x186.jpg 300w, https:\/\/ktech4.k-tech-services.com\/athena315\/wp-content\/uploads\/2025\/08\/7.hang-luon-768x475.jpg 768w, https:\/\/ktech4.k-tech-services.com\/athena315\/wp-content\/uploads\/2025\/08\/7.hang-luon-600x371.jpg 600w\" sizes=\"auto, (max-width: 800px) 100vw, 800px\" \/><\/div>\n<p><strong>T\u00f9ng S\u00e2u<\/strong>\u00a0\u2013 M\u1ed9t trong nh\u1eefng khu v\u1ef1c \u0111\u1eb9p nh\u1ea5t V\u1ecbnh H\u1ea1 Long, n\u01a1i du kh\u00e1ch c\u00f3 th\u1ec3 kh\u00e1m ph\u00e1 h\u1ec7 sinh th\u00e1i bi\u1ec3n \u0111a d\u1ea1ng.<\/p>\n<div><img loading=\"lazy\" decoding=\"async\" class=\"aligncenter size-full wp-image-665\" src=\"https:\/\/ktech4.k-tech-services.com\/athena315\/wp-content\/uploads\/2025\/08\/tung-sau.jpg\" alt=\"\" width=\"1000\" height=\"667\" srcset=\"https:\/\/ktech4.k-tech-services.com\/athena315\/wp-content\/uploads\/2025\/08\/tung-sau.jpg 1000w, https:\/\/ktech4.k-tech-services.com\/athena315\/wp-content\/uploads\/2025\/08\/tung-sau-300x200.jpg 300w, https:\/\/ktech4.k-tech-services.com\/athena315\/wp-content\/uploads\/2025\/08\/tung-sau-768x512.jpg 768w, https:\/\/ktech4.k-tech-services.com\/athena315\/wp-content\/uploads\/2025\/08\/tung-sau-600x400.jpg 600w\" sizes=\"auto, (max-width: 1000px) 100vw, 1000px\" \/><br \/>\u00a0<\/div>\n<h3>Tr\u1ea3i Nghi\u1ec7m Cao C\u1ea5p Tr\u00ean Du Thuy\u1ec1n Athena<\/h3>\n<div><strong>\u1ea8m Th\u1ef1c \u0110\u1eb3ng C\u1ea5p<\/strong><\/div>\n<div>H\u1ec7 th\u1ed1ng nh\u00e0 h\u00e0ng tr\u00ean du thuy\u1ec1n Athena ph\u1ee5c v\u1ee5 c\u00e1c m\u00f3n \u0103n \u0111a d\u1ea1ng t\u1eeb \u1ea9m th\u1ef1c Vi\u1ec7t Nam truy\u1ec1n th\u1ed1ng \u0111\u1ebfn c\u00e1c m\u00f3n \u00c2u tinh t\u1ebf, \u0111\u01b0\u1ee3c ch\u1ebf bi\u1ebfn b\u1edfi \u0111\u1ea7u b\u1ebfp chuy\u00ean nghi\u1ec7p. Kh\u00f4ng gian sang tr\u1ecdng v\u1edbi view h\u01b0\u1edbng ra v\u1ecbnh gi\u00fap m\u1ed7i b\u1eefa \u0103n tr\u1edf th\u00e0nh m\u1ed9t tr\u1ea3i nghi\u1ec7m \u1ea5n t\u01b0\u1ee3ng.<\/div>\n<div>\u00a0<\/div>\n<div><img loading=\"lazy\" decoding=\"async\" class=\"aligncenter size-full wp-image-664\" src=\"https:\/\/ktech4.k-tech-services.com\/athena315\/wp-content\/uploads\/2025\/08\/8.am-thuc.jpg\" alt=\"\" width=\"1000\" height=\"667\" srcset=\"https:\/\/ktech4.k-tech-services.com\/athena315\/wp-content\/uploads\/2025\/08\/8.am-thuc.jpg 1000w, https:\/\/ktech4.k-tech-services.com\/athena315\/wp-content\/uploads\/2025\/08\/8.am-thuc-300x200.jpg 300w, https:\/\/ktech4.k-tech-services.com\/athena315\/wp-content\/uploads\/2025\/08\/8.am-thuc-768x512.jpg 768w, https:\/\/ktech4.k-tech-services.com\/athena315\/wp-content\/uploads\/2025\/08\/8.am-thuc-600x400.jpg 600w\" sizes=\"auto, (max-width: 1000px) 100vw, 1000px\" \/><\/div>\n<p>\u00a0<\/p>\n<div><strong>D\u1ecbch V\u1ee5 Gi\u1ea3i Tr\u00ed &amp; Th\u01b0 Gi\u00e3n<\/strong><\/div>\n<div>Sundeck r\u1ed9ng l\u1edbn: N\u01a1i l\u00fd t\u01b0\u1edfng \u0111\u1ec3 ng\u1eafm b\u00ecnh minh, ho\u00e0ng h\u00f4n v\u00e0 t\u1eadn h\u01b0\u1edfng kh\u00f4ng kh\u00ed trong l\u00e0nh c\u1ee7a bi\u1ec3n c\u1ea3.<\/div>\n<div>B\u1ec3 s\u1ee5c Jacuzzi: Kh\u00f4ng gian th\u01b0 gi\u00e3n \u0111\u1eb3ng c\u1ea5p gi\u00fap du kh\u00e1ch t\u1eadn h\u01b0\u1edfng nh\u1eefng ph\u00fat gi\u00e2y tho\u1ea3i m\u00e1i.<\/div>\n<div>Spa &amp; x\u00f4ng h\u01a1i: Cung c\u1ea5p c\u00e1c li\u1ec7u ph\u00e1p ch\u0103m s\u00f3c s\u1ee9c kh\u1ecfe, gi\u00fap du kh\u00e1ch ph\u1ee5c h\u1ed3i n\u0103ng l\u01b0\u1ee3ng sau h\u00e0nh tr\u00ecnh kh\u00e1m ph\u00e1.<\/div>\n<div>Qu\u1ea7y bar ngo\u00e0i tr\u1eddi: Ph\u1ee5c v\u1ee5 \u0111a d\u1ea1ng cocktail v\u00e0 \u0111\u1ed3 u\u1ed1ng cao c\u1ea5p trong kh\u00f4ng gian m\u1edf tuy\u1ec7t \u0111\u1eb9p.<\/div>\n<div>\u00a0<\/div>\n<div><img loading=\"lazy\" decoding=\"async\" class=\"aligncenter size-full wp-image-663\" src=\"https:\/\/ktech4.k-tech-services.com\/athena315\/wp-content\/uploads\/2025\/08\/9.giai-tri-va-thu-gian.jpg\" alt=\"\" width=\"1000\" height=\"667\" srcset=\"https:\/\/ktech4.k-tech-services.com\/athena315\/wp-content\/uploads\/2025\/08\/9.giai-tri-va-thu-gian.jpg 1000w, https:\/\/ktech4.k-tech-services.com\/athena315\/wp-content\/uploads\/2025\/08\/9.giai-tri-va-thu-gian-300x200.jpg 300w, https:\/\/ktech4.k-tech-services.com\/athena315\/wp-content\/uploads\/2025\/08\/9.giai-tri-va-thu-gian-768x512.jpg 768w, https:\/\/ktech4.k-tech-services.com\/athena315\/wp-content\/uploads\/2025\/08\/9.giai-tri-va-thu-gian-600x400.jpg 600w\" sizes=\"auto, (max-width: 1000px) 100vw, 1000px\" \/><\/div>\n<p>\u00a0<\/p>\n<div><strong>Ho\u1ea1t \u0110\u1ed9ng Tr\u1ea3i Nghi\u1ec7m \u0110\u1ed9c \u0110\u00e1o<\/strong><\/div>\n<ul>\n<li>Tham Quan Hang \u0110\u1ed9ng<\/li>\n<li>Tham Quan \u0110\u1ea3o<\/li>\n<li>L\u1edbp H\u1ecdc N\u1ea5u \u0102n<\/li>\n<li>C\u00e2u M\u1ef1c \u0110\u00eam<\/li>\n<li>Kayak &amp; Thuy\u1ec1n Nan<\/li>\n<li>Jacuzzi tr\u00ean Sundeck<\/li>\n<li>Th\u00e1i C\u1ef1c Quy\u1ec1n tr\u00ean Sundeck<\/li>\n<\/ul>\n<div><img loading=\"lazy\" decoding=\"async\" class=\"aligncenter size-full wp-image-662\" src=\"https:\/\/ktech4.k-tech-services.com\/athena315\/wp-content\/uploads\/2025\/08\/10.trai-nghiem-doc-dao.jpg\" alt=\"\" width=\"761\" height=\"1000\" srcset=\"https:\/\/ktech4.k-tech-services.com\/athena315\/wp-content\/uploads\/2025\/08\/10.trai-nghiem-doc-dao.jpg 761w, https:\/\/ktech4.k-tech-services.com\/athena315\/wp-content\/uploads\/2025\/08\/10.trai-nghiem-doc-dao-228x300.jpg 228w, https:\/\/ktech4.k-tech-services.com\/athena315\/wp-content\/uploads\/2025\/08\/10.trai-nghiem-doc-dao-600x788.jpg 600w\" sizes=\"auto, (max-width: 761px) 100vw, 761px\" \/><\/div>\n<p>\u00a0<\/p>\n<div>Kh\u00e1ch h\u00e0ng l\u1ef1a ch\u1ecdn\u00a0<strong>Du Thuy\u1ec1n Athena<\/strong>\u00a0b\u1edfi thi\u1ebft k\u1ebf sang tr\u1ecdng, ti\u1ec7n nghi hi\u1ec7n \u0111\u1ea1i; L\u1ed9 tr\u00ecnh h\u1ea5p d\u1eabn, kh\u00e1m ph\u00e1 nh\u1eefng \u0111i\u1ec3m \u0111\u1eb9p nh\u1ea5t V\u1ecbnh H\u1ea1 Long; D\u1ecbch v\u1ee5 \u0111\u1eb3ng c\u1ea5p v\u1edbi \u0111\u1ed9i ng\u0169 nh\u00e2n vi\u00ean chuy\u00ean nghi\u1ec7p, t\u1eadn t\u00e2m; Kh\u00f4ng gian ri\u00eang t\u01b0, l\u00fd t\u01b0\u1edfng cho c\u1ea3 gia \u0111\u00ecnh, c\u1eb7p \u0111\u00f4i v\u00e0 nh\u00f3m b\u1ea1n.<\/div>\n<div>V\u1edbi l\u1ecbch tr\u00ecnh \u0111a d\u1ea1ng c\u00f9ng d\u1ecbch v\u1ee5 cao c\u1ea5p, du thuy\u1ec1n Athena h\u1ee9a h\u1eb9n mang \u0111\u1ebfn cho du kh\u00e1ch nh\u1eefng tr\u1ea3i nghi\u1ec7m kh\u00f4ng th\u1ec3 qu\u00ean t\u1ea1i V\u1ecbnh H\u1ea1 Long.<\/div>\n\t\t<\/div>\n\t\t\t\t\t<\/div>\n\n\t\n<\/div>\n\t\t<\/div>\n\n\t\t\n<style>\n#section_1969811411 {\n  padding-top: 30px;\n  padding-bottom: 30px;\n}\n<\/style>\n\t<\/section>\n\t\n","protected":false},"excerpt":{"rendered":"","protected":false},"author":1,"featured_media":0,"parent":0,"menu_order":0,"comment_status":"closed","ping_status":"closed","template":"","meta":{"_acf_changed":false,"footnotes":""},"class_list":["post-601","page","type-page","status-publish","hentry"],"acf":[],"_links":{"self":[{"href":"https:\/\/ktech4.k-tech-services.com\/athena315\/wp-json\/wp\/v2\/pages\/601","targetHints":{"allow":["GET"]}}],"collection":[{"href":"https:\/\/ktech4.k-tech-services.com\/athena315\/wp-json\/wp\/v2\/pages"}],"about":[{"href":"https:\/\/ktech4.k-tech-services.com\/athena315\/wp-json\/wp\/v2\/types\/page"}],"author":[{"embeddable":true,"href":"https:\/\/ktech4.k-tech-services.com\/athena315\/wp-json\/wp\/v2\/users\/1"}],"replies":[{"embeddable":true,"href":"https:\/\/ktech4.k-tech-services.com\/athena315\/wp-json\/wp\/v2\/comments?post=601"}],"version-history":[{"count":7,"href":"https:\/\/ktech4.k-tech-services.com\/athena315\/wp-json\/wp\/v2\/pages\/601\/revisions"}],"predecessor-version":[{"id":675,"href":"https:\/\/ktech4.k-tech-services.com\/athena315\/wp-json\/wp\/v2\/pages\/601\/revisions\/675"}],"wp:attachment":[{"href":"https:\/\/ktech4.k-tech-services.com\/athena315\/wp-json\/wp\/v2\/media?parent=601"}],"curies":[{"name":"wp","href":"https:\/\/api.w.org\/{rel}","templated":true}]}}