{"id":826,"date":"2025-08-19T09:36:24","date_gmt":"2025-08-19T09:36:24","guid":{"rendered":"https:\/\/ktech4.k-tech-services.com\/athena315\/?page_id=826"},"modified":"2025-08-20T08:16:38","modified_gmt":"2025-08-20T08:16:38","slug":"su-kien","status":"publish","type":"page","link":"https:\/\/ktech4.k-tech-services.com\/athena315\/su-kien\/","title":{"rendered":"S\u1ef1 ki\u1ec7n"},"content":{"rendered":"\n\t<section class=\"section sec-banner\" id=\"section_1323660914\">\n\t\t<div class=\"section-bg fill\" >\n\t\t\t\t\t\t\t\t\t\n\t\t\t\n\n\t\t<\/div>\n\n\t\t\n\n\t\t<div class=\"section-content relative\">\n\t\t\t\n\n  <div class=\"banner has-hover\" id=\"banner-1248931753\">\n          <div class=\"banner-inner fill\">\n        <div class=\"banner-bg fill\" >\n            <img loading=\"lazy\" decoding=\"async\" width=\"1920\" height=\"1080\" src=\"https:\/\/ktech4.k-tech-services.com\/athena315\/wp-content\/uploads\/2025\/08\/Thiet-ke-chua-co-ten.jpg\" class=\"bg attachment-original size-original\" alt=\"\" \/>                                    \n                    <\/div>\n\t\t\n        <div class=\"banner-layers container\">\n            <div class=\"fill banner-link\"><\/div>            \n   <div id=\"text-box-9274080\" class=\"text-box banner-layer x50 md-x50 lg-x50 y50 md-y50 lg-y50 res-text\">\n                                <div class=\"text-box-content text dark\">\n              \n              <div class=\"text-inner text-center\">\n                  \n              <\/div>\n           <\/div>\n                            \n<style>\n#text-box-9274080 {\n  width: 60%;\n}\n#text-box-9274080 .text-box-content {\n  font-size: 100%;\n}\n@media (min-width:550px) {\n  #text-box-9274080 {\n    width: 60%;\n  }\n}\n<\/style>\n    <\/div>\n \n        <\/div>\n      <\/div>\n\n            \n<style>\n#banner-1248931753 {\n  padding-top: 90vh;\n}\n<\/style>\n  <\/div>\n\n\n\t\t<\/div>\n\n\t\t\n<style>\n#section_1323660914 {\n  padding-top: 0px;\n  padding-bottom: 0px;\n}\n<\/style>\n\t<\/section>\n\t\n\n\t<section class=\"section\" id=\"section_333426216\">\n\t\t<div class=\"section-bg fill\" >\n\t\t\t\t\t\t\t\t\t\n\t\t\t\n\n\t\t<\/div>\n\n\t\t\n\n\t\t<div class=\"section-content relative\">\n\t\t\t\n<div class=\"row\"  id=\"row-1815208843\">\n\n\t<div id=\"col-818421875\" class=\"col small-12 large-12\"  >\n\t\t\t\t<div class=\"col-inner\"  >\n\t\t\t\n\t\t\t\n\t<div id=\"text-2302714244\" class=\"text\">\n\t\t\n<h1 class=\"title\">T\u1ed5 ch\u1ee9c s\u1ef1 ki\u1ec7n<\/h1>\n\t\t\n<style>\n#text-2302714244 {\n  text-align: center;\n  color: #0c2b51;\n}\n#text-2302714244 > * {\n  color: #0c2b51;\n}\n<\/style>\n\t<\/div>\n\t\n<div class=\"text-center\"><div class=\"is-divider divider clearfix\" style=\"max-width:200px;height:1px;background-color:rgb(12, 43, 81);\"><\/div><\/div>\n\t<div id=\"text-2172157777\" class=\"text\">\n\t\t\n<p>V\u1edbi b\u1ed9 s\u01b0u t\u1eadp 12 du thuy\u1ec1n \u0111\u1eb3ng c\u1ea5p qu\u1ed1c t\u1ebf v\u00e0 kh\u00e1ch s\u1ea1n boutique cao c\u1ea5p c\u00f9ng \u0111\u1ed9i ng\u0169 nh\u00e2n s\u1ef1 gi\u00e0u kinh nghi\u1ec7m v\u1edbi ch\u1ea5t l\u01b0\u1ee3ng d\u1ecbch v\u1ee5 t\u1ed5 ch\u1ee9c s\u1ef1 ki\u1ec7n \u0111\u00e3 \u0111\u01b0\u1ee3c kh\u1eb3ng \u0111\u1ecbnh xuy\u00ean su\u1ed1t 14 n\u0103m tr\u00ean th\u1ecb tr\u01b0\u1eddng, Paradise Vietnam l\u00e0 l\u1ef1a ch\u1ecdn h\u00e0ng \u0111\u1ea7u cho c\u00e1c s\u1ef1 ki\u1ec7n \u0111a d\u1ea1ng v\u1ec1 quy m\u00f4, lo\u1ea1i h\u00ecnh, phong c\u00e1ch.<\/p>\n\t\t\n<style>\n#text-2172157777 {\n  text-align: center;\n}\n<\/style>\n\t<\/div>\n\t\n\t\t<\/div>\n\t\t\t\t\t<\/div>\n\n\t\n<\/div>\n\t\t<\/div>\n\n\t\t\n<style>\n#section_333426216 {\n  padding-top: 30px;\n  padding-bottom: 30px;\n}\n<\/style>\n\t<\/section>\n\t\n\n\n\t<section class=\"section sec-sukien\" id=\"section_1407141268\">\n\t\t<div class=\"section-bg fill\" >\n\t\t\t\t\t\t\t\t\t\n\t\t\t\n\n\t\t<\/div>\n\n\t\t\n\n\t\t<div class=\"section-content relative\">\n\t\t\t\n\n  \n    <div class=\"row large-columns-1 medium-columns-1 small-columns-1\" >\n  <div class=\"col post-item\" >\n\t\t\t<div class=\"col-inner\">\n\t\t\t\t<div class=\"box box-vertical box-text-bottom box-blog-post has-hover\">\n            \t\t\t\t\t<div class=\"box-image\" style=\"width:50%;\">\n  \t\t\t\t\t\t<div class=\"image-cover\" style=\"padding-top:100%;\">\n\t\t\t\t\t\t\t<a href=\"https:\/\/ktech4.k-tech-services.com\/athena315\/tiec-sinh-nhat-tren-du-thuyen-athena-premium-ky-niem-dang-nho-giua-long-ky-quan\/\" class=\"plain\" aria-label=\"Ti\u1ec7c Sinh Nh\u1eadt Tr\u00ean Du Thuy\u1ec1n Athena Premium \u2013 K\u1ef7 Ni\u1ec7m \u0110\u00e1ng Nh\u1edb Gi\u1eefa L\u00f2ng K\u1ef3 Quan\">\n\t\t\t\t\t\t\t\t<img loading=\"lazy\" decoding=\"async\" width=\"2000\" height=\"1333\" src=\"https:\/\/ktech4.k-tech-services.com\/athena315\/wp-content\/uploads\/2025\/08\/ATN-PRE-03.jpg\" class=\"attachment-original size-original wp-post-image\" alt=\"\" srcset=\"https:\/\/ktech4.k-tech-services.com\/athena315\/wp-content\/uploads\/2025\/08\/ATN-PRE-03.jpg 2000w, https:\/\/ktech4.k-tech-services.com\/athena315\/wp-content\/uploads\/2025\/08\/ATN-PRE-03-300x200.jpg 300w, https:\/\/ktech4.k-tech-services.com\/athena315\/wp-content\/uploads\/2025\/08\/ATN-PRE-03-1024x682.jpg 1024w, https:\/\/ktech4.k-tech-services.com\/athena315\/wp-content\/uploads\/2025\/08\/ATN-PRE-03-768x512.jpg 768w, https:\/\/ktech4.k-tech-services.com\/athena315\/wp-content\/uploads\/2025\/08\/ATN-PRE-03-1536x1024.jpg 1536w, https:\/\/ktech4.k-tech-services.com\/athena315\/wp-content\/uploads\/2025\/08\/ATN-PRE-03-600x400.jpg 600w\" sizes=\"auto, (max-width: 2000px) 100vw, 2000px\" \/>\t\t\t\t\t\t\t<\/a>\n  \t\t\t\t\t\t\t  \t\t\t\t\t\t\t  \t\t\t\t\t\t<\/div>\n  \t\t\t\t\t\t  \t\t\t\t\t<\/div>\n          \t\t\t\t\t<div class=\"box-text text-center\" >\n\t\t\t\t\t<div class=\"box-text-inner blog-post-inner\">\n\n\t\t\t\t\t\n\t\t\t\t\t\t\t\t\t\t<h5 class=\"post-title is-large \">\n\t\t\t\t\t\t<a href=\"https:\/\/ktech4.k-tech-services.com\/athena315\/tiec-sinh-nhat-tren-du-thuyen-athena-premium-ky-niem-dang-nho-giua-long-ky-quan\/\" class=\"plain\">Ti\u1ec7c Sinh Nh\u1eadt Tr\u00ean Du Thuy\u1ec1n Athena Premium \u2013 K\u1ef7 Ni\u1ec7m \u0110\u00e1ng Nh\u1edb Gi\u1eefa L\u00f2ng K\u1ef3 Quan<\/a>\n\t\t\t\t\t<\/h5>\n\t\t\t\t\t\t\t\t\t\t<div class=\"is-divider\"><\/div>\n\t\t\t\t\t\t\t\t\t\t<p class=\"from_the_blog_excerpt \">\n\t\t\t\t\t\tSinh nh\u1eadt kh\u00f4ng ch\u1ec9 l\u00e0 ng\u00e0y \u0111\u00e1nh d\u1ea5u m\u1ed9t tu\u1ed5i m\u1edbi, m\u00e0 c\u00f2n l\u00e0 d\u1ecbp \u0111\u1eb7c bi\u1ec7t \u0111\u1ec3 t\u1eadn h\u01b0\u1edfng ni\u1ec1m vui b\u00ean ng\u01b0\u1eddi th\u00e2n v\u00e0 b\u1ea1n b\u00e8. Tr\u00ean du thuy\u1ec1n Athena Premium \u2013 du thuy\u1ec1n l\u1edbn nh\u1ea5t V\u1ecbnh H\u1ea1 Long, m\u1ed7i b\u1eefa ti\u1ec7c sinh nh\u1eadt \u0111\u1ec1u tr\u1edf th\u00e0nh m\u1ed9t s\u1ef1 ki\u1ec7n \u0111\u00e1ng nh\u1edb,...\t\t\t\t\t<\/p>\n\t\t\t\t\t                    \n\t\t\t\t\t\t\t\t\t\t\t<a href=\"https:\/\/ktech4.k-tech-services.com\/athena315\/tiec-sinh-nhat-tren-du-thuyen-athena-premium-ky-niem-dang-nho-giua-long-ky-quan\/\" class=\"button primary is-outline is-small mb-0\">\n\t\t\t\t\t\t\tT\u00ecm hi\u1ec3u th\u00eam\t\t\t\t\t\t<\/a>\n\t\t\t\t\t\n\t\t\t\t\t\n\t\t\t\t\t<\/div>\n\t\t\t\t\t<\/div>\n\t\t\t\t\t\t\t\t\t<\/div>\n\t\t\t<\/div>\n\t\t<\/div><div class=\"col post-item\" >\n\t\t\t<div class=\"col-inner\">\n\t\t\t\t<div class=\"box box-vertical box-text-bottom box-blog-post has-hover\">\n            \t\t\t\t\t<div class=\"box-image\" style=\"width:50%;\">\n  \t\t\t\t\t\t<div class=\"image-cover\" style=\"padding-top:100%;\">\n\t\t\t\t\t\t\t<a href=\"https:\/\/ktech4.k-tech-services.com\/athena315\/ky-trang-mat-lang-man-tren-du-thuyen-athena-premium\/\" class=\"plain\" aria-label=\"K\u1ef3 Tr\u0103ng M\u1eadt L\u00e3ng M\u1ea1n Tr\u00ean Du Thuy\u1ec1n Athena Premium\">\n\t\t\t\t\t\t\t\t<img loading=\"lazy\" decoding=\"async\" width=\"2000\" height=\"1333\" src=\"https:\/\/ktech4.k-tech-services.com\/athena315\/wp-content\/uploads\/2025\/08\/ATN-PRE-03.jpg\" class=\"attachment-original size-original wp-post-image\" alt=\"\" srcset=\"https:\/\/ktech4.k-tech-services.com\/athena315\/wp-content\/uploads\/2025\/08\/ATN-PRE-03.jpg 2000w, https:\/\/ktech4.k-tech-services.com\/athena315\/wp-content\/uploads\/2025\/08\/ATN-PRE-03-300x200.jpg 300w, https:\/\/ktech4.k-tech-services.com\/athena315\/wp-content\/uploads\/2025\/08\/ATN-PRE-03-1024x682.jpg 1024w, https:\/\/ktech4.k-tech-services.com\/athena315\/wp-content\/uploads\/2025\/08\/ATN-PRE-03-768x512.jpg 768w, https:\/\/ktech4.k-tech-services.com\/athena315\/wp-content\/uploads\/2025\/08\/ATN-PRE-03-1536x1024.jpg 1536w, https:\/\/ktech4.k-tech-services.com\/athena315\/wp-content\/uploads\/2025\/08\/ATN-PRE-03-600x400.jpg 600w\" sizes=\"auto, (max-width: 2000px) 100vw, 2000px\" \/>\t\t\t\t\t\t\t<\/a>\n  \t\t\t\t\t\t\t  \t\t\t\t\t\t\t  \t\t\t\t\t\t<\/div>\n  \t\t\t\t\t\t  \t\t\t\t\t<\/div>\n          \t\t\t\t\t<div class=\"box-text text-center\" >\n\t\t\t\t\t<div class=\"box-text-inner blog-post-inner\">\n\n\t\t\t\t\t\n\t\t\t\t\t\t\t\t\t\t<h5 class=\"post-title is-large \">\n\t\t\t\t\t\t<a href=\"https:\/\/ktech4.k-tech-services.com\/athena315\/ky-trang-mat-lang-man-tren-du-thuyen-athena-premium\/\" class=\"plain\">K\u1ef3 Tr\u0103ng M\u1eadt L\u00e3ng M\u1ea1n Tr\u00ean Du Thuy\u1ec1n Athena Premium<\/a>\n\t\t\t\t\t<\/h5>\n\t\t\t\t\t\t\t\t\t\t<div class=\"is-divider\"><\/div>\n\t\t\t\t\t\t\t\t\t\t<p class=\"from_the_blog_excerpt \">\n\t\t\t\t\t\tK\u00ec tr\u0103ng m\u1eadt kh\u00f4ng ch\u1ec9 l\u00e0 h\u00e0nh tr\u00ecnh \u2014 m\u00e0 l\u00e0 kh\u1edfi \u0111\u1ea7u ng\u1ecdt ng\u00e0o cho c\u1ea3 cu\u1ed9c \u0111\u1eddi. Tr\u00ean du thuy\u1ec1n Athena Premium \u2013 du thuy\u1ec1n l\u1edbn nh\u1ea5t V\u1ecbnh H\u1ea1 Long, ch\u00fang t\u00f4i thi\u1ebft k\u1ebf g\u00f3i d\u00e0nh ri\u00eang cho c\u00e1c c\u1eb7p \u0111\u00f4i m\u1edbi c\u01b0\u1edbi, \u0111\u1ec3 bi\u1ebfn ph\u00f2ng ngh\u1ec9 th\u00e0nh kh\u00f4ng gian l\u00e3ng m\u1ea1n...\t\t\t\t\t<\/p>\n\t\t\t\t\t                    \n\t\t\t\t\t\t\t\t\t\t\t<a href=\"https:\/\/ktech4.k-tech-services.com\/athena315\/ky-trang-mat-lang-man-tren-du-thuyen-athena-premium\/\" class=\"button primary is-outline is-small mb-0\">\n\t\t\t\t\t\t\tT\u00ecm hi\u1ec3u th\u00eam\t\t\t\t\t\t<\/a>\n\t\t\t\t\t\n\t\t\t\t\t\n\t\t\t\t\t<\/div>\n\t\t\t\t\t<\/div>\n\t\t\t\t\t\t\t\t\t<\/div>\n\t\t\t<\/div>\n\t\t<\/div><div class=\"col post-item\" >\n\t\t\t<div class=\"col-inner\">\n\t\t\t\t<div class=\"box box-vertical box-text-bottom box-blog-post has-hover\">\n            \t\t\t\t\t<div class=\"box-image\" style=\"width:50%;\">\n  \t\t\t\t\t\t<div class=\"image-cover\" style=\"padding-top:100%;\">\n\t\t\t\t\t\t\t<a href=\"https:\/\/ktech4.k-tech-services.com\/athena315\/du-thuyen-athena-premium-ha-long-khong-gian-hoi-nghi-hoi-thao-sang-trong\/\" class=\"plain\" aria-label=\"Du thuy\u1ec1n Athena Premium H\u1ea1 Long \u2013 Kh\u00f4ng gian h\u1ed9i ngh\u1ecb, h\u1ed9i th\u1ea3o sang tr\u1ecdng\">\n\t\t\t\t\t\t\t\t<img loading=\"lazy\" decoding=\"async\" width=\"2000\" height=\"1333\" src=\"https:\/\/ktech4.k-tech-services.com\/athena315\/wp-content\/uploads\/2025\/08\/ATN-PRE-03.jpg\" class=\"attachment-original size-original wp-post-image\" alt=\"\" srcset=\"https:\/\/ktech4.k-tech-services.com\/athena315\/wp-content\/uploads\/2025\/08\/ATN-PRE-03.jpg 2000w, https:\/\/ktech4.k-tech-services.com\/athena315\/wp-content\/uploads\/2025\/08\/ATN-PRE-03-300x200.jpg 300w, https:\/\/ktech4.k-tech-services.com\/athena315\/wp-content\/uploads\/2025\/08\/ATN-PRE-03-1024x682.jpg 1024w, https:\/\/ktech4.k-tech-services.com\/athena315\/wp-content\/uploads\/2025\/08\/ATN-PRE-03-768x512.jpg 768w, https:\/\/ktech4.k-tech-services.com\/athena315\/wp-content\/uploads\/2025\/08\/ATN-PRE-03-1536x1024.jpg 1536w, https:\/\/ktech4.k-tech-services.com\/athena315\/wp-content\/uploads\/2025\/08\/ATN-PRE-03-600x400.jpg 600w\" sizes=\"auto, (max-width: 2000px) 100vw, 2000px\" \/>\t\t\t\t\t\t\t<\/a>\n  \t\t\t\t\t\t\t  \t\t\t\t\t\t\t  \t\t\t\t\t\t<\/div>\n  \t\t\t\t\t\t  \t\t\t\t\t<\/div>\n          \t\t\t\t\t<div class=\"box-text text-center\" >\n\t\t\t\t\t<div class=\"box-text-inner blog-post-inner\">\n\n\t\t\t\t\t\n\t\t\t\t\t\t\t\t\t\t<h5 class=\"post-title is-large \">\n\t\t\t\t\t\t<a href=\"https:\/\/ktech4.k-tech-services.com\/athena315\/du-thuyen-athena-premium-ha-long-khong-gian-hoi-nghi-hoi-thao-sang-trong\/\" class=\"plain\">Du thuy\u1ec1n Athena Premium H\u1ea1 Long \u2013 Kh\u00f4ng gian h\u1ed9i ngh\u1ecb, h\u1ed9i th\u1ea3o sang tr\u1ecdng<\/a>\n\t\t\t\t\t<\/h5>\n\t\t\t\t\t\t\t\t\t\t<div class=\"is-divider\"><\/div>\n\t\t\t\t\t\t\t\t\t\t<p class=\"from_the_blog_excerpt \">\n\t\t\t\t\t\tB\u1ea1n \u0111ang t\u00ecm m\u1ed9t \u0111\u1ecba \u0111i\u1ec3m t\u1ed5 ch\u1ee9c h\u1ed9i ngh\u1ecb, h\u1ed9i th\u1ea3o, s\u1ef1 ki\u1ec7n doanh nghi\u1ec7p v\u1eeba chuy\u00ean nghi\u1ec7p v\u1eeba \u1ea5n t\u01b0\u1ee3ng? Du thuy\u1ec1n Athena Premium H\u1ea1 Long ch\u00ednh l\u00e0 l\u1ef1a ch\u1ecdn ho\u00e0n h\u1ea3o: kh\u00f4ng gian \u0111\u1eb3ng c\u1ea5p, d\u1ecbch v\u1ee5 tr\u1ecdn g\u00f3i v\u00e0 khung c\u1ea3nh k\u1ef3 quan th\u1ebf gi\u1edbi.\t\t\t\t\t<\/p>\n\t\t\t\t\t                    \n\t\t\t\t\t\t\t\t\t\t\t<a href=\"https:\/\/ktech4.k-tech-services.com\/athena315\/du-thuyen-athena-premium-ha-long-khong-gian-hoi-nghi-hoi-thao-sang-trong\/\" class=\"button primary is-outline is-small mb-0\">\n\t\t\t\t\t\t\tT\u00ecm hi\u1ec3u th\u00eam\t\t\t\t\t\t<\/a>\n\t\t\t\t\t\n\t\t\t\t\t\n\t\t\t\t\t<\/div>\n\t\t\t\t\t<\/div>\n\t\t\t\t\t\t\t\t\t<\/div>\n\t\t\t<\/div>\n\t\t<\/div><div class=\"col post-item\" >\n\t\t\t<div class=\"col-inner\">\n\t\t\t\t<div class=\"box box-vertical box-text-bottom box-blog-post has-hover\">\n            \t\t\t\t\t<div class=\"box-image\" style=\"width:50%;\">\n  \t\t\t\t\t\t<div class=\"image-cover\" style=\"padding-top:100%;\">\n\t\t\t\t\t\t\t<a href=\"https:\/\/ktech4.k-tech-services.com\/athena315\/tiec-cuoi-xa-hoa-giua-di-san-thien-nhien-du-thuyen-lon-nhat-vinh-ha-long\/\" class=\"plain\" aria-label=\"Ti\u1ec7c c\u01b0\u1edbi xa hoa gi\u1eefa di s\u1ea3n thi\u00ean nhi\u00ean \u2013 Du thuy\u1ec1n l\u1edbn nh\u1ea5t v\u1ecbnh H\u1ea1 Long\">\n\t\t\t\t\t\t\t\t<img loading=\"lazy\" decoding=\"async\" width=\"2000\" height=\"1333\" src=\"https:\/\/ktech4.k-tech-services.com\/athena315\/wp-content\/uploads\/2025\/08\/ATN-PRE-03.jpg\" class=\"attachment-original size-original wp-post-image\" alt=\"\" srcset=\"https:\/\/ktech4.k-tech-services.com\/athena315\/wp-content\/uploads\/2025\/08\/ATN-PRE-03.jpg 2000w, https:\/\/ktech4.k-tech-services.com\/athena315\/wp-content\/uploads\/2025\/08\/ATN-PRE-03-300x200.jpg 300w, https:\/\/ktech4.k-tech-services.com\/athena315\/wp-content\/uploads\/2025\/08\/ATN-PRE-03-1024x682.jpg 1024w, https:\/\/ktech4.k-tech-services.com\/athena315\/wp-content\/uploads\/2025\/08\/ATN-PRE-03-768x512.jpg 768w, https:\/\/ktech4.k-tech-services.com\/athena315\/wp-content\/uploads\/2025\/08\/ATN-PRE-03-1536x1024.jpg 1536w, https:\/\/ktech4.k-tech-services.com\/athena315\/wp-content\/uploads\/2025\/08\/ATN-PRE-03-600x400.jpg 600w\" sizes=\"auto, (max-width: 2000px) 100vw, 2000px\" \/>\t\t\t\t\t\t\t<\/a>\n  \t\t\t\t\t\t\t  \t\t\t\t\t\t\t  \t\t\t\t\t\t<\/div>\n  \t\t\t\t\t\t  \t\t\t\t\t<\/div>\n          \t\t\t\t\t<div class=\"box-text text-center\" >\n\t\t\t\t\t<div class=\"box-text-inner blog-post-inner\">\n\n\t\t\t\t\t\n\t\t\t\t\t\t\t\t\t\t<h5 class=\"post-title is-large \">\n\t\t\t\t\t\t<a href=\"https:\/\/ktech4.k-tech-services.com\/athena315\/tiec-cuoi-xa-hoa-giua-di-san-thien-nhien-du-thuyen-lon-nhat-vinh-ha-long\/\" class=\"plain\">Ti\u1ec7c c\u01b0\u1edbi xa hoa gi\u1eefa di s\u1ea3n thi\u00ean nhi\u00ean \u2013 Du thuy\u1ec1n l\u1edbn nh\u1ea5t v\u1ecbnh H\u1ea1 Long<\/a>\n\t\t\t\t\t<\/h5>\n\t\t\t\t\t\t\t\t\t\t<div class=\"is-divider\"><\/div>\n\t\t\t\t\t\t\t\t\t\t<p class=\"from_the_blog_excerpt \">\n\t\t\t\t\t\tAthena Premium, du thuy\u1ec1n l\u1edbn nh\u1ea5t v\u1ecbnh H\u1ea1 Long, s\u1edf h\u1eefu 6 t\u1ea7ng sang tr\u1ecdng, h\u01a1n 12 ti\u1ec7n \u00edch v\u00e0 d\u1ecbch v\u1ee5 ti\u00eau chu\u1ea9n 6 sao. Kh\u00f4ng gian \u0111a d\u1ea1ng, thi\u1ebft k\u1ebf hi\u1ec7n \u0111\u1ea1i c\u00f9ng Sundeck 900 m\u00b2 m\u1edf t\u1ea7m nh\u00ecn 360 \u0111\u1ed9 ra di s\u1ea3n thi\u00ean nhi\u00ean th\u1ebf gi\u1edbi, t\u1ea1o b\u1ed1i c\u1ea3nh l\u00fd...\t\t\t\t\t<\/p>\n\t\t\t\t\t                    \n\t\t\t\t\t\t\t\t\t\t\t<a href=\"https:\/\/ktech4.k-tech-services.com\/athena315\/tiec-cuoi-xa-hoa-giua-di-san-thien-nhien-du-thuyen-lon-nhat-vinh-ha-long\/\" class=\"button primary is-outline is-small mb-0\">\n\t\t\t\t\t\t\tT\u00ecm hi\u1ec3u th\u00eam\t\t\t\t\t\t<\/a>\n\t\t\t\t\t\n\t\t\t\t\t\n\t\t\t\t\t<\/div>\n\t\t\t\t\t<\/div>\n\t\t\t\t\t\t\t\t\t<\/div>\n\t\t\t<\/div>\n\t\t<\/div><\/div>\n\t\t<\/div>\n\n\t\t\n<style>\n#section_1407141268 {\n  padding-top: 30px;\n  padding-bottom: 30px;\n  background-color: rgb(243, 242, 244);\n}\n<\/style>\n\t<\/section>\n\t\n","protected":false},"excerpt":{"rendered":"","protected":false},"author":1,"featured_media":0,"parent":0,"menu_order":0,"comment_status":"closed","ping_status":"closed","template":"","meta":{"_acf_changed":false,"footnotes":""},"class_list":["post-826","page","type-page","status-publish","hentry"],"acf":[],"_links":{"self":[{"href":"https:\/\/ktech4.k-tech-services.com\/athena315\/wp-json\/wp\/v2\/pages\/826","targetHints":{"allow":["GET"]}}],"collection":[{"href":"https:\/\/ktech4.k-tech-services.com\/athena315\/wp-json\/wp\/v2\/pages"}],"about":[{"href":"https:\/\/ktech4.k-tech-services.com\/athena315\/wp-json\/wp\/v2\/types\/page"}],"author":[{"embeddable":true,"href":"https:\/\/ktech4.k-tech-services.com\/athena315\/wp-json\/wp\/v2\/users\/1"}],"replies":[{"embeddable":true,"href":"https:\/\/ktech4.k-tech-services.com\/athena315\/wp-json\/wp\/v2\/comments?post=826"}],"version-history":[{"count":17,"href":"https:\/\/ktech4.k-tech-services.com\/athena315\/wp-json\/wp\/v2\/pages\/826\/revisions"}],"predecessor-version":[{"id":951,"href":"https:\/\/ktech4.k-tech-services.com\/athena315\/wp-json\/wp\/v2\/pages\/826\/revisions\/951"}],"wp:attachment":[{"href":"https:\/\/ktech4.k-tech-services.com\/athena315\/wp-json\/wp\/v2\/media?parent=826"}],"curies":[{"name":"wp","href":"https:\/\/api.w.org\/{rel}","templated":true}]}}