{"id":976,"date":"2025-08-20T13:14:07","date_gmt":"2025-08-20T13:14:07","guid":{"rendered":"https:\/\/ktech4.k-tech-services.com\/athena315\/?post_type=product&#038;p=976"},"modified":"2025-08-20T13:15:43","modified_gmt":"2025-08-20T13:15:43","slug":"athena-connecting-balcony-cabin","status":"publish","type":"product","link":"https:\/\/ktech4.k-tech-services.com\/athena315\/san-pham\/athena-connecting-balcony-cabin\/","title":{"rendered":"Athena Connecting Balcony Cabin"},"content":{"rendered":"","protected":false},"excerpt":{"rendered":"<p>Ch\u01b0\u01a1ng tr\u00ecnh du l\u1ecbch sinh th\u00e1i s\u1ebd \u0111\u01b0a b\u1ea1n v\u00e0o th\u1ebf gi\u1edbi k\u1ef3 di\u1ec7u c\u1ee7a nh\u1eefng hang \u0111\u1ed9ng l\u1edbn nh\u1ea5t th\u1ebf gi\u1edbi, c\u00f9ng v\u1edbi c\u00e1c ho\u1ea1t \u0111\u1ed9ng trekking v\u00e0 kh\u00e1m ph\u00e1 h\u1ec7 sinh th\u00e1i phong ph\u00fa. \u0110\u00e2y l\u00e0 tr\u1ea3i nghi\u1ec7m kh\u00f4ng th\u1ec3 b\u1ecf l\u1ee1 cho nh\u1eefng ai y\u00eau th\u00edch thi\u00ean nhi\u00ean v\u00e0 m\u1ea1o hi\u1ec3m.<\/p>\n","protected":false},"featured_media":495,"comment_status":"open","ping_status":"closed","template":"","meta":{"_acf_changed":false},"product_brand":[],"product_cat":[16],"product_tag":[],"class_list":{"0":"post-976","1":"product","2":"type-product","3":"status-publish","4":"has-post-thumbnail","6":"product_cat-hang-phong","8":"first","9":"instock","10":"sale","11":"shipping-taxable","12":"purchasable","13":"product-type-simple"},"acf":[],"_links":{"self":[{"href":"https:\/\/ktech4.k-tech-services.com\/athena315\/wp-json\/wp\/v2\/product\/976","targetHints":{"allow":["GET"]}}],"collection":[{"href":"https:\/\/ktech4.k-tech-services.com\/athena315\/wp-json\/wp\/v2\/product"}],"about":[{"href":"https:\/\/ktech4.k-tech-services.com\/athena315\/wp-json\/wp\/v2\/types\/product"}],"replies":[{"embeddable":true,"href":"https:\/\/ktech4.k-tech-services.com\/athena315\/wp-json\/wp\/v2\/comments?post=976"}],"wp:featuredmedia":[{"embeddable":true,"href":"https:\/\/ktech4.k-tech-services.com\/athena315\/wp-json\/wp\/v2\/media\/495"}],"wp:attachment":[{"href":"https:\/\/ktech4.k-tech-services.com\/athena315\/wp-json\/wp\/v2\/media?parent=976"}],"wp:term":[{"taxonomy":"product_brand","embeddable":true,"href":"https:\/\/ktech4.k-tech-services.com\/athena315\/wp-json\/wp\/v2\/product_brand?post=976"},{"taxonomy":"product_cat","embeddable":true,"href":"https:\/\/ktech4.k-tech-services.com\/athena315\/wp-json\/wp\/v2\/product_cat?post=976"},{"taxonomy":"product_tag","embeddable":true,"href":"https:\/\/ktech4.k-tech-services.com\/athena315\/wp-json\/wp\/v2\/product_tag?post=976"}],"curies":[{"name":"wp","href":"https:\/\/api.w.org\/{rel}","templated":true}]}}