{"id":978,"date":"2025-08-20T13:16:59","date_gmt":"2025-08-20T13:16:59","guid":{"rendered":"https:\/\/ktech4.k-tech-services.com\/athena315\/?post_type=product&#038;p=978"},"modified":"2025-09-03T02:47:59","modified_gmt":"2025-09-03T02:47:59","slug":"athena-triple-balcony-cabin","status":"publish","type":"product","link":"https:\/\/ktech4.k-tech-services.com\/athena315\/san-pham\/athena-triple-balcony-cabin\/","title":{"rendered":"Athena Triple Balcony Cabin"},"content":{"rendered":"","protected":false},"excerpt":{"rendered":"<p><span style=\"font-weight: 400\">V\u1edbi <\/span><b>di\u1ec7n t\u00edch 43m\u00b2<\/b><span style=\"font-weight: 400\">, Athena Triple Balcony Cabin mang \u0111\u1ebfn b\u1ed1 c\u1ee5c r\u1ed9ng r\u00e3i v\u00e0 ti\u1ec7n nghi, l\u00fd t\u01b0\u1edfng cho nh\u1eefng chuy\u1ebfn \u0111i c\u00f9ng gia \u0111\u00ecnh ho\u1eb7c nh\u00f3m b\u1ea1n. Kh\u00f4ng gian bao g\u1ed3m khu ngh\u1ec9 ng\u01a1i tho\u00e1ng \u0111\u00e3ng v\u1edbi <\/span><b>2 gi\u01b0\u1eddng \u0111\u01a1n v\u00e0 1 extra bed<\/b><span style=\"font-weight: 400\">, ph\u00f2ng t\u1eafm \u1ed1p \u0111\u00e1 nguy\u00ean kh\u1ed1i sang tr\u1ecdng c\u00f9ng ban c\u00f4ng ri\u00eang h\u01b0\u1edbng th\u1eb3ng ra V\u1ecbnh H\u1ea1 Long \u2013 n\u01a1i qu\u00fd kh\u00e1ch c\u00f3 th\u1ec3 \u0111\u00f3n b\u00ecnh minh r\u1ef1c r\u1ee1 hay ng\u1eafm ho\u00e0ng h\u00f4n l\u00e3ng m\u1ea1n.<\/span><\/p>\n<p><span style=\"font-weight: 400\">M\u1ed7i chi ti\u1ebft trong cabin \u0111\u1ec1u \u0111\u01b0\u1ee3c ch\u1ebf t\u00e1c t\u1ec9 m\u1ec9, c\u00e2n b\u1eb1ng ho\u00e0n h\u1ea3o gi\u1eefa n\u00e9t thanh l\u1ecbch v\u00e0 c\u00f4ng n\u0103ng, mang \u0111\u1ebfn m\u1ed9t n\u01a1i l\u01b0u tr\u00fa \u0111\u00e1p \u1ee9ng m\u1ecdi nhu c\u1ea7u: t\u1eeb th\u01b0 gi\u00e3n, t\u1eadn h\u01b0\u1edfng c\u1ea3nh s\u1eafc cho \u0111\u1ebfn tr\u1ea3i nghi\u1ec7m ti\u1ec7n nghi hi\u1ec7n \u0111\u1ea1i.<\/span><\/p>\n","protected":false},"featured_media":495,"comment_status":"open","ping_status":"closed","template":"","meta":{"_acf_changed":false},"product_brand":[],"product_cat":[16],"product_tag":[],"class_list":{"0":"post-978","1":"product","2":"type-product","3":"status-publish","4":"has-post-thumbnail","6":"product_cat-hang-phong","8":"first","9":"instock","10":"sale","11":"shipping-taxable","12":"purchasable","13":"product-type-simple"},"acf":[],"_links":{"self":[{"href":"https:\/\/ktech4.k-tech-services.com\/athena315\/wp-json\/wp\/v2\/product\/978","targetHints":{"allow":["GET"]}}],"collection":[{"href":"https:\/\/ktech4.k-tech-services.com\/athena315\/wp-json\/wp\/v2\/product"}],"about":[{"href":"https:\/\/ktech4.k-tech-services.com\/athena315\/wp-json\/wp\/v2\/types\/product"}],"replies":[{"embeddable":true,"href":"https:\/\/ktech4.k-tech-services.com\/athena315\/wp-json\/wp\/v2\/comments?post=978"}],"wp:featuredmedia":[{"embeddable":true,"href":"https:\/\/ktech4.k-tech-services.com\/athena315\/wp-json\/wp\/v2\/media\/495"}],"wp:attachment":[{"href":"https:\/\/ktech4.k-tech-services.com\/athena315\/wp-json\/wp\/v2\/media?parent=978"}],"wp:term":[{"taxonomy":"product_brand","embeddable":true,"href":"https:\/\/ktech4.k-tech-services.com\/athena315\/wp-json\/wp\/v2\/product_brand?post=978"},{"taxonomy":"product_cat","embeddable":true,"href":"https:\/\/ktech4.k-tech-services.com\/athena315\/wp-json\/wp\/v2\/product_cat?post=978"},{"taxonomy":"product_tag","embeddable":true,"href":"https:\/\/ktech4.k-tech-services.com\/athena315\/wp-json\/wp\/v2\/product_tag?post=978"}],"curies":[{"name":"wp","href":"https:\/\/api.w.org\/{rel}","templated":true}]}}