{"id":1773,"date":"2024-05-21T08:40:34","date_gmt":"2024-05-21T08:40:34","guid":{"rendered":"https:\/\/caygiongphucan.com\/?page_id=1773"},"modified":"2024-05-21T08:40:34","modified_gmt":"2024-05-21T08:40:34","slug":"chinh-sach-bao-hanh","status":"publish","type":"page","link":"https:\/\/ktech4.k-tech-services.com\/phucan713\/chinh-sach-bao-hanh\/","title":{"rendered":"Quy \u0111\u1ecbnh giao d\u1ecbch &#038; Ch\u00ednh s\u00e1ch b\u1ea3o h\u00e0nh"},"content":{"rendered":"<p>Ch\u00e0o m\u1eebng \u0111\u1ebfn v\u1edbi nh\u00e0 v\u01b0\u1eddn Ph\u00fac An! Ch\u00fang t\u00f4i t\u1ef1 h\u00e0o l\u00e0 n\u01a1i cung c\u1ea5p c\u00e2y gi\u1ed1ng uy t\u00edn v\u00e0 chu\u1ea9n gi\u1ed1ng. Ch\u00fang t\u00f4i \u0111\u1ea3m b\u1ea3o m\u1ed7i s\u1ea3n ph\u1ea9m \u0111\u1ec1u \u0111\u1ea1t ti\u00eau chu\u1ea9n cao tr\u01b0\u1edbc khi \u0111\u1ebfn tay kh\u00e1ch h\u00e0ng. B\u1ea3n quy \u0111\u1ecbnh n\u00e0y ph\u00e2n chia tr\u00e1ch nhi\u1ec7m m\u1ed9t c\u00e1ch minh b\u1ea1ch, gi\u00fap b\u1ea3o v\u1ec7 quy\u1ec1n l\u1ee3i c\u1ee7a c\u1ea3 hai b\u00ean v\u00e0 t\u1ea1o s\u1ef1 an t\u00e2m cho kh\u00e1ch h\u00e0ng.<\/p>\n<h1 style=\"text-align: center;\"><strong>\ud83d\udcdc<\/strong><strong> B\u1ea2N QUY \u0110\u1ecaNH GIAO D\u1ecaCH V\u00c0 CH\u00cdNH S\u00c1CH B\u1ea2O H\u00c0NH <\/strong><strong>C\u00c2Y GI\u1ed0NG PH\u00daC AN<\/strong><\/h1>\n<h2 style=\"text-align: left;\"><strong style=\"color: #333333;\">TR\u00c1CH NHI\u1ec6M C\u1ee6A C\u00c2Y GI\u1ed0NG PH\u00daC AN (B\u00ean B\u00e1n)<\/strong><\/h2>\n<p>C\u00e2y Gi\u1ed1ng Ph\u00fac An cam k\u1ebft th\u1ef1c hi\u1ec7n \u0111\u1ea7y \u0111\u1ee7 tr\u00e1ch nhi\u1ec7m <strong>Thu\u1eadn mua v\u1eeba b\u00e1n<\/strong> nh\u01b0 sau:<\/p>\n<ol>\n<li>\n<h3><strong>\u0110\u1ea3m b\u1ea3o ch\u1ea5t l\u01b0\u1ee3ng gi\u1ed1ng: Cam k\u1ebft b\u00e1n \u0111\u00fang gi\u1ed1ng<\/strong><\/h3>\n<\/li>\n<\/ol>\n<p>*\u0110\u1ed1i v\u1edbi c\u00e2y nh\u00e2n gi\u1ed1ng v\u00f4 t\u00ednh, l\u00e0 c\u00e2y\u00a0\u0111\u01b0\u1ee3c nh\u00e2n gi\u1ed1ng b\u1eb1ng h\u00ecnh th\u1ee9c: Chi\u1ebft, gh\u00e9p, c\u1ea5y m\u00f4.<br \/>\n&#8211; B\u1ea3o h\u00e0nh \u0111\u00fang gi\u1ed1ng 100%<br \/>\n&#8211; N\u1ebfu ch\u1ee9ng minh \u0111\u01b0\u1ee3c sai gi\u1ed1ng, ch\u00fang t\u00f4i \u0111\u1ec1n b\u00f9 200% gi\u00e1 tr\u1ecb \u0111\u01a1n h\u00e0ng<\/p>\n<p>*\u0110\u1ed1i v\u1edbi c\u00e2y nh\u00e2n gi\u1ed1ng h\u1eefu t\u00ednh, l\u00e0 c\u00e2y \u01b0\u01a1ng h\u1ea1t, s\u1ebd c\u00f3 hi\u1ec7n t\u01b0\u1ee3ng bi\u1ebfn d\u1ecb di truy\u1ec1n ho\u1eb7c b\u1ecb lai do th\u1ee5 ph\u1ea5n ch\u00e9o.<br \/>\n&#8211; B\u1ea3o h\u00e0nh \u0111\u00fang gi\u1ed1ng 70% s\u1ed1 l\u01b0\u1ee3ng c\u00e2y<br \/>\n&#8211; B\u1ea3o h\u00e0nh 1 \u0111\u1ec1n 2 n\u1ebfu c\u00e2y sai gi\u1ed1ng trong 70% \u0111\u00f3<br \/>\n&#8211; \u0110i\u1ec1u ki\u1ec7n b\u1ea3o h\u00e0nh: \u0110\u01a1n h\u00e0ng \u0111\u01b0\u1ee3c mua v\u1edbi s\u1ed1 l\u01b0\u1ee3ng t\u1ed1i thi\u1ec3u 100 c\u00e2y cho 1 lo\u1ea1i gi\u1ed1ng<\/p>\n<ol start=\"2\">\n<li>\n<h3><strong>\u0110\u1ea3m b\u1ea3o t\u00ecnh tr\u1ea1ng c\u00e2y khi giao <\/strong><\/h3>\n<p>\u0110\u00f3ng g\u00f3i, b\u1ed1c x\u1ebfp c\u1ea9n th\u1eadn, \u0111\u1ea3m b\u1ea3o c\u00e2y t\u1edbi tay kh\u00e1ch h\u00e0ng c\u00f2n nguy\u00ean v\u1eb9n, kh\u00f4ng h\u01b0 h\u00e9o, g\u00e3y c\u00e0nh, d\u1eadp b\u1ea7u do l\u1ed7i \u0111\u00f3ng g\u00f3i ho\u1eb7c v\u1eadn chuy\u1ec3n.<\/li>\n<li>\n<h3><strong>Quy\u1ec1n l\u1ee3i kh\u00e1ch h\u00e0ng khi nh\u1eadn h\u00e0ng (ch\u00ednh s\u00e1ch \u0111\u1ed3ng ki\u1ec3m)<\/strong><\/h3>\n<\/li>\n<\/ol>\n<p>Kh\u00e1ch h\u00e0ng c\u00f3 quy\u1ec1n ki\u1ec3m tra h\u00e0ng h\u00f3a tr\u01b0\u1edbc khi thanh to\u00e1n cho nh\u00e2n vi\u00ean giao h\u00e0ng\/nh\u00e0 xe giao h\u00e0ng.<\/p>\n<p>N\u1ebfu c\u00e2y b\u1ecb h\u01b0 h\u00e9o, g\u00e3y, ch\u1ebft r\u00f5 r\u00e0ng do l\u1ed7i c\u1ee7a b\u00ean b\u00e1n ho\u1eb7c v\u1eadn chuy\u1ec3n, kh\u00e1ch h\u00e0ng c\u00f3 quy\u1ec1n t\u1eeb ch\u1ed1i nh\u1eadn h\u00e0ng v\u00e0 kh\u00f4ng thanh to\u00e1n b\u1ea5t k\u1ef3 chi ph\u00ed n\u00e0o (bao g\u1ed3m c\u1ea3 ti\u1ec1n c\u00e2y v\u00e0 ph\u00ed v\u1eadn chuy\u1ec3n).<\/p>\n<h2><strong>CH\u00cdNH S\u00c1CH B\u1ea2O H\u00c0NH V\u00c0 PH\u00c2N \u0110\u1ecaNH TR\u00c1CH NHI\u1ec6M (sau khi kh\u1eadn h\u00e0ng)<\/strong><\/h2>\n<p>Sau khi kh\u00e1ch h\u00e0ng \u0111\u00e3 ki\u1ec3m tra v\u00e0 \u0111\u1ed3ng \u00fd nh\u1eadn h\u00e0ng, thanh to\u00e1n ti\u1ec1n cho b\u00ean giao h\u00e0ng (nh\u00e2n vi\u00ean giao h\u00e0ng ho\u1eb7c xe t\u1ea3i), m\u1ecdi tr\u00e1ch nhi\u1ec7m v\u1ec1 c\u00e2y gi\u1ed1ng s\u1ebd \u0111\u01b0\u1ee3c chuy\u1ec3n giao ho\u00e0n to\u00e0n cho ng\u01b0\u1eddi tr\u1ed3ng (B\u00ean Mua).<\/p>\n<p>C\u00e2y Gi\u1ed1ng Ph\u00fac An KH\u00d4NG TH\u1ec2 B\u1ea2O H\u00c0NH ho\u1eb7c B\u00d9 C\u00c2Y\/HO\u00c0N TI\u1ec0N n\u1ebfu c\u00e2y b\u1ecb ch\u1ebft, h\u01b0 h\u1ea1i ho\u1eb7c ch\u1eadm ph\u00e1t tri\u1ec3n sau th\u1eddi \u0111i\u1ec3m nh\u1eadn h\u00e0ng, v\u00ec ch\u00fang t\u00f4i KH\u00d4NG TH\u1ec2 X\u00c1C \u0110\u1ecaNH \u0110\u01af\u1ee2C c\u00e1c y\u1ebfu t\u1ed1 sau:<\/p>\n<table>\n<thead>\n<tr>\n<td style=\"text-align: center;\"><strong>Tr\u00e1ch Nhi\u1ec7m C\u1ee7a Ng\u01b0\u1eddi Tr\u1ed3ng (B\u00ean Mua)<\/strong><\/td>\n<td>\n<p style=\"text-align: center;\"><strong>M\u00f4 T\u1ea3 Chi Ti\u1ebft<\/strong><\/p>\n<\/td>\n<\/tr>\n<\/thead>\n<tbody>\n<tr>\n<td>1. K\u1ef9 thu\u1eadt th\u00e1o l\u1eafp v\u00e0 tr\u1ed3ng<\/td>\n<td>Vi\u1ec7c b\u00f3p b\u1ec3 b\u1ea7u, x\u00e9 b\u1ecbch qu\u00e1 m\u1ea1nh, tr\u1ed3ng qu\u00e1 s\u00e2u hay qu\u00e1 c\u1ea1n (kh\u00f4ng l\u00ean m\u00f4 cao r\u00e1o) l\u00e0 nguy\u00ean nh\u00e2n h\u00e0ng \u0111\u1ea7u khi\u1ebfn c\u00e2y b\u1ecb ng\u1ed9p r\u1ec5, kh\u00f3 ph\u00e1t tri\u1ec3n ho\u1eb7c ch\u1ebft.<\/td>\n<\/tr>\n<tr>\n<td>2. Y\u1ebfu t\u1ed1 \u0110\u1ea5t, N\u01b0\u1edbc v\u00e0 M\u00f4i tr\u01b0\u1eddng<\/td>\n<td>Kh\u00f4ng x\u1eed l\u00fd \u0111\u1ea5t, ho\u1eb7c x\u1eed l\u00fd ch\u01b0a \u0111\u1ee7, \u0111\u1ea5t c\u00f2n y\u1ebfu t\u1ed1 n\u1ea5m b\u1ec7nh, tuy\u1ebfn tr\u00f9ng. Khi tr\u1ed3ng t\u1ee7 g\u1ed1c sai c\u00e1ch, v\u1eadt li\u1ec7u t\u1ee7 g\u1ed1c c\u00f3 n\u1ea5m, m\u1ed1i, m\u1ecdt. \u0110\u1ea5t, n\u01b0\u1edbc nhi\u1ec5m m\u1eb7n, nhi\u1ec5m ph\u00e8n n\u1eb7ng ho\u1eb7c vi\u1ec7c v\u1ee9t r\u00e1c th\u1ea3i sinh ho\u1ea1t g\u1ea7n g\u1ed1c c\u00e2y s\u1ebd l\u00e0m c\u00e2y suy y\u1ebfu v\u00e0 ch\u1ebft d\u1ea7n.<\/td>\n<\/tr>\n<tr>\n<td>3. Ph\u00e2n b\u00f3n v\u00e0 thu\u1ed1c<\/td>\n<td>Vi\u1ec7c s\u1eed d\u1ee5ng qu\u00e1 li\u1ec1u l\u01b0\u1ee3ng ph\u00e2n b\u00f3n (g\u00e2y ch\u00e1y r\u1ec5), thu\u1ed1c k\u00edch r\u1ec5 qu\u00e1 m\u1ea1nh ho\u1eb7c s\u1eed d\u1ee5ng ph\u00e2n b\u00f3n kh\u00f4ng \u0111\u00fang th\u1eddi \u0111i\u1ec3m\/c\u00e1ch th\u1ee9c s\u1ebd l\u00e0m h\u1ea1i c\u00e2y.<\/td>\n<\/tr>\n<tr>\n<td>4. Th\u1eddi gian v\u00e0 C\u00e1ch ch\u0103m s\u00f3c<\/td>\n<td>Kh\u00e1ch h\u00e0ng \u0111\u1ec3 c\u00e2y ngo\u00e0i n\u1eafng n\u00f3ng ho\u1eb7c b\u1ecf \u0111\u00e2u \u0111\u00f3 v\u00e0i ng\u00e0y m\u1edbi th\u00e1o ra ki\u1ec3m tra\/tr\u1ed3ng, ho\u1eb7c t\u01b0\u1edbi n\u01b0\u1edbc qu\u00e1 nhi\u1ec1u\/qu\u00e1 \u00edt so v\u1edbi nhu c\u1ea7u th\u1ef1c t\u1ebf c\u1ee7a c\u00e2y.<\/td>\n<\/tr>\n<tr>\n<td>5. L\u01b0u \u00fd k\u1ef9 thu\u1eadt c\u00e2y gh\u00e9p\/chi\u1ebft<\/td>\n<td>\u0110\u1ed1i v\u1edbi c\u00e2y chi\u1ebft\/gh\u00e9p, n\u1ebfu kh\u00e1ch h\u00e0ng qu\u00ean kh\u00f4ng c\u1eaft b\u1ecf ph\u1ea7n t\u01b0\u1ee3c d\u1ea1i\/m\u1ea7m d\u1ea1i d\u01b0\u1edbi m\u1eaft gh\u00e9p, c\u00e2y s\u1ebd b\u1ecb l\u1ea5n \u00e1t, sai gi\u1ed1ng ho\u1eb7c th\u00e2n ch\u00ednh b\u1ecb ch\u1ebft.<\/td>\n<\/tr>\n<\/tbody>\n<\/table>\n<h2><strong>T\u00d3M T\u1eaeT TR\u00c1CH NHI\u1ec6M V\u00c0 K\u1ebeT LU\u1eacN<\/strong><\/h2>\n<ol>\n<li>Tr\u00e1ch nhi\u1ec7m c\u1ee7a ng\u01b0\u1eddi b\u00e1n (C\u00e2y Gi\u1ed1ng Ph\u00fac An): B\u00e1n \u0111\u00fang gi\u1ed1ng v\u00e0 giao c\u00e2y t\u1edbi tay kh\u00e1ch h\u00e0ng an to\u00e0n (ch\u1ecbu tr\u00e1ch nhi\u1ec7m \u0111\u1ebfn l\u00fac kh\u00e1ch \u0111\u1ed3ng ki\u1ec3m).<\/li>\n<li>Tr\u00e1ch nhi\u1ec7m c\u1ee7a ng\u01b0\u1eddi tr\u1ed3ng (Kh\u00e1ch H\u00e0ng): Ch\u1ecbu tr\u00e1ch nhi\u1ec7m \u0111\u1ea3m b\u1ea3o c\u00e2y s\u1ed1ng v\u00e0 ph\u00e1t tri\u1ec3n sau khi \u0111\u00e3 nh\u1eadn h\u00e0ng.<\/li>\n<li>K\u1ebft lu\u1eadn: M\u1ecdi v\u1ea5n \u0111\u1ec1 v\u1ec1 c\u00e2y gi\u1ed1ng sau khi kh\u00e1ch h\u00e0ng \u0111\u00e3 nh\u1eadn v\u00e0 thanh to\u00e1n \u0111\u1ec1u thu\u1ed9c v\u1ec1 tr\u00e1ch nhi\u1ec7m c\u1ee7a ng\u01b0\u1eddi tr\u1ed3ng. Vi\u1ec7c y\u00eau c\u1ea7u b\u00f9 c\u00e2y ho\u1eb7c ho\u00e0n ti\u1ec1n sau th\u1eddi \u0111i\u1ec3m nh\u1eadn h\u00e0ng l\u00e0 kh\u00f4ng th\u1ec3 th\u1ef1c hi\u1ec7n \u0111\u01b0\u1ee3c theo quy t\u1eafc thu\u1eadn mua v\u1eeba b\u00e1n.<\/li>\n<\/ol>\n<p>C\u00e2y Gi\u1ed1ng Ph\u00fac An xin c\u1ea3m \u01a1n qu\u00fd kh\u00e1ch h\u00e0ng \u0111\u00e3 tin t\u01b0\u1edfng v\u00e0 \u0111\u1ed3ng h\u00e0nh! Ch\u00fang t\u00f4i lu\u00f4n s\u1eb5n l\u00f2ng t\u01b0 v\u1ea5n k\u1ef9 thu\u1eadt mi\u1ec5n ph\u00ed, sao cho kh\u00e1ch c\u00f3 \u0111\u01b0\u1ee3c c\u00e2y \u0111\u00fang gi\u1ed1ng v\u00e0 t\u01b0\u01a1i t\u1ed1t.<\/p>\n<p style=\"text-align: center;\">Tr\u00e2n tr\u1ecdng!<\/p>\n<p style=\"text-align: center;\">Nh\u00e0 v\u01b0\u1eddn Ph\u00fac An<\/p>\n","protected":false},"excerpt":{"rendered":"<p>Ch\u00e0o m\u1eebng \u0111\u1ebfn v\u1edbi nh\u00e0 v\u01b0\u1eddn Ph\u00fac An! Ch\u00fang t\u00f4i t\u1ef1 h\u00e0o l\u00e0 n\u01a1i cung c\u1ea5p c\u00e2y gi\u1ed1ng uy t\u00edn v\u00e0 chu\u1ea9n gi\u1ed1ng. Ch\u00fang t\u00f4i \u0111\u1ea3m b\u1ea3o m\u1ed7i s\u1ea3n ph\u1ea9m \u0111\u1ec1u \u0111\u1ea1t ti\u00eau chu\u1ea9n cao tr\u01b0\u1edbc khi \u0111\u1ebfn tay kh\u00e1ch h\u00e0ng. B\u1ea3n quy \u0111\u1ecbnh n\u00e0y ph\u00e2n chia tr\u00e1ch nhi\u1ec7m m\u1ed9t c\u00e1ch minh b\u1ea1ch, gi\u00fap b\u1ea3o&#8230;<\/p>\n","protected":false},"author":1,"featured_media":1596,"parent":0,"menu_order":0,"comment_status":"closed","ping_status":"closed","template":"","meta":{"footnotes":""},"class_list":["post-1773","page","type-page","status-publish","has-post-thumbnail","hentry"],"_links":{"self":[{"href":"https:\/\/ktech4.k-tech-services.com\/phucan713\/wp-json\/wp\/v2\/pages\/1773","targetHints":{"allow":["GET"]}}],"collection":[{"href":"https:\/\/ktech4.k-tech-services.com\/phucan713\/wp-json\/wp\/v2\/pages"}],"about":[{"href":"https:\/\/ktech4.k-tech-services.com\/phucan713\/wp-json\/wp\/v2\/types\/page"}],"author":[{"embeddable":true,"href":"https:\/\/ktech4.k-tech-services.com\/phucan713\/wp-json\/wp\/v2\/users\/1"}],"replies":[{"embeddable":true,"href":"https:\/\/ktech4.k-tech-services.com\/phucan713\/wp-json\/wp\/v2\/comments?post=1773"}],"version-history":[{"count":0,"href":"https:\/\/ktech4.k-tech-services.com\/phucan713\/wp-json\/wp\/v2\/pages\/1773\/revisions"}],"wp:featuredmedia":[{"embeddable":true,"href":"https:\/\/ktech4.k-tech-services.com\/phucan713\/wp-json\/"}],"wp:attachment":[{"href":"https:\/\/ktech4.k-tech-services.com\/phucan713\/wp-json\/wp\/v2\/media?parent=1773"}],"curies":[{"name":"wp","href":"https:\/\/api.w.org\/{rel}","templated":true}]}}