{"id":1778,"date":"2024-05-21T08:45:06","date_gmt":"2024-05-21T08:45:06","guid":{"rendered":"https:\/\/caygiongphucan.com\/?page_id=1778"},"modified":"2024-05-21T08:45:06","modified_gmt":"2024-05-21T08:45:06","slug":"chinh-sach-mua-hang","status":"publish","type":"page","link":"https:\/\/ktech4.k-tech-services.com\/phucan713\/chinh-sach-mua-hang\/","title":{"rendered":"Ch\u00ednh s\u00e1ch mua h\u00e0ng"},"content":{"rendered":"<p><span style=\"font-size: 120%; color: #003366;\"><strong>B\u01b0\u1edbc 1.<\/strong><\/span> Kh\u00e1ch h\u00e0ng xem chi ti\u1ebft c\u00e1c th\u00f4ng tin v\u1ec1 c\u00e2y gi\u1ed1ng t\u1ea1i website <a href=\"http:\/\/localhost\/phucan713\/\" target=\"_blank\" rel=\"noopener\">C\u00e2y Gi\u1ed1ng Ph\u00fac An<\/a><\/p>\n<p>ho\u1eb7c k\u00eanh <a href=\"https:\/\/www.facebook.com\/caygiongphucan8014\" target=\"_blank\" rel=\"noopener\">Facebook,<\/a>\u00a0 l\u00ean danh s\u00e1ch k\u00e8m s\u1ed1 l\u01b0\u1ee3ng nh\u1eefng c\u00e2y c\u1ea7n mua.<\/p>\n<p><span style=\"font-size: 120%; color: #003366;\"><strong>B\u01b0\u1edbc 2.<\/strong><\/span> Kh\u00e1ch li\u00ean h\u1ec7 v\u1edbi Ph\u00fac An qua s\u1ed1 \u0111i\u1ec7n tho\u1ea1i 0962.888.014 (c\u00f3 zalo s\u1ed1 n\u00e0y). Nh\u00e0 v\u01b0\u1eddn t\u01b0 v\u1ea5n t\u1eadn t\u00ecnh v\u00e0 chi ti\u1ebft v\u1ec1 gi\u1ed1ng c\u00e2y, s\u1ed1 l\u01b0\u1ee3ng c\u00f3 th\u1ec3 \u0111\u00e1p \u1ee9ng, quy c\u00e1ch l\u00f4 c\u00e2y t\u1ea1i th\u1eddi \u0111i\u1ec3m \u0111\u00f3 v\u00e0 gi\u00e1 b\u00e1n c\u1ee5 th\u1ec3, h\u00ecnh th\u1ee9c v\u1eadn chuy\u1ec3n, thanh to\u00e1n.<\/p>\n<p><span style=\"color: #003366; font-size: 120%;\"><strong>B\u01b0\u1edbc 3.<\/strong><\/span> Sau khi hai b\u00ean \u0111\u00e3 th\u1ed1ng nh\u1ea5t \u0111\u01a1n h\u00e0ng v\u00e0 th\u1eddi gian kh\u00e1ch c\u00f3 th\u1ec3 nh\u1eadn c\u00e2y, Ph\u00fac An s\u1ebd ti\u1ebfn h\u00e0nh x\u1eed l\u00fd \u0111\u01a1n h\u00e0ng, ch\u1ecdn c\u00e2y ra cho kh\u00e1ch.<\/p>\n<p><span style=\"color: #003366; font-size: 120%;\"><strong>B\u01b0\u1edbc 4.<\/strong><\/span> Ng\u00e0y sau khi c\u00e2y ra \u0111\u1ebfn b\u00e3i t\u1eadp k\u1ebft chu\u1ea9n b\u1ecb giao \u0111i, Ph\u00fac An s\u1ebd g\u1eedi h\u00ecnh \u1ea3nh \u0111\u1ebfn kh\u00e1ch h\u00e0ng. Kh\u00e1ch vui l\u00f2ng \u0111\u1eb7t c\u1ecdc 20% gi\u00e1 tr\u1ecb \u0111\u01a1n h\u00e0ng (\u00e1p d\u1ee5ng v\u1edbi kh\u00e1ch l\u1ea7n \u0111\u1ea7u mua h\u00e0ng \u0111\u1ec3 b\u1ea3o v\u1ec7 quy\u1ec1n l\u1ee3i v\u00e0 ni\u1ec1m tin ban \u0111\u1ea7u gi\u1eefa \u0111\u00f4i b\u00ean). Mong qu\u00fd kh\u00e1ch th\u00f4ng c\u1ea3m v\u1ec1 \u0111i\u1ec1u n\u00e0y, do m\u1eb7t h\u00e0ng c\u00e2y gi\u1ed1ng n\u1ebfu b\u1ecb bom h\u00e0ng, ho\u00e0n v\u1ec1 s\u1ebd kh\u00f4ng c\u00f2n kh\u1ea3 n\u0103ng s\u1ed1ng s\u00f3t.<\/p>\n<p><span style=\"font-size: 120%; color: #003366;\"><strong>B\u01b0\u1edbc 5.<\/strong><\/span> Kh\u00e1ch h\u00e0ng nh\u1eadn c\u00e2y, ki\u1ec3m tra c\u00e2y, thanh to\u00e1n b\u1eb1ng h\u00ecnh th\u1ee9c chuy\u1ec3n kho\u1ea3n \u0111\u1ebfn nh\u00e0 v\u01b0\u1eddn ho\u1eb7c thanh to\u00e1n qua nh\u00e0 xe \u0111\u1ec1u \u0111\u01b0\u1ee3c.<\/p>\n<figure id=\"attachment_4986\" aria-describedby=\"caption-attachment-4986\" style=\"width: 1020px\" class=\"wp-caption aligncenter\"><img loading=\"lazy\" decoding=\"async\" class=\"wp-image-4986 size-large\" src=\"http:\/\/localhost\/phucan713\/wp-content\/uploads\/2026\/03\/chinh-sach-dat-coc-cay-giong-phuc-an-1024x572.jpg\" alt=\"Ch\u00ednh s\u00e1ch mua h\u00e0ng r\u00f5 r\u00e0ng v\u00e0 \u0111\u1ea3m b\u1ea3o quy\u1ec1n l\u1ee3i cho c\u1ea3 2 b\u00ean\" width=\"1020\" height=\"570\" srcset=\"https:\/\/ktech4.k-tech-services.com\/phucan713\/wp-content\/uploads\/2026\/03\/chinh-sach-dat-coc-cay-giong-phuc-an-1024x572.jpg 1024w, https:\/\/ktech4.k-tech-services.com\/phucan713\/wp-content\/uploads\/2026\/03\/chinh-sach-dat-coc-cay-giong-phuc-an-300x168.jpg 300w, https:\/\/ktech4.k-tech-services.com\/phucan713\/wp-content\/uploads\/2026\/03\/chinh-sach-dat-coc-cay-giong-phuc-an-768x429.jpg 768w, https:\/\/ktech4.k-tech-services.com\/phucan713\/wp-content\/uploads\/2026\/03\/chinh-sach-dat-coc-cay-giong-phuc-an-510x285.jpg 510w, https:\/\/ktech4.k-tech-services.com\/phucan713\/wp-content\/uploads\/2026\/03\/chinh-sach-dat-coc-cay-giong-phuc-an.jpg 1128w\" sizes=\"auto, (max-width: 1020px) 100vw, 1020px\" \/><figcaption id=\"caption-attachment-4986\" class=\"wp-caption-text\">Ch\u00ednh s\u00e1ch mua h\u00e0ng r\u00f5 r\u00e0ng v\u00e0 \u0111\u1ea3m b\u1ea3o quy\u1ec1n l\u1ee3i cho c\u1ea3 2 b\u00ean<\/figcaption><\/figure>\n<p>\u0110\u1ec3 \u0111\u1ea3m b\u1ea3o quy\u1ec1n l\u1ee3i t\u1ed1t nh\u1ea5t cho c\u1ea3 hai b\u00ean v\u00e0 gi\u00fap c\u00e2y tr\u1ed3ng lu\u00f4n trong tr\u1ea1ng th\u00e1i kh\u1ecfe \u0111\u1eb9p nh\u1ea5t khi v\u1ec1 nh\u00e0 m\u1edbi, Ph\u00fac An xin ph\u00e9p chia s\u1ebb m\u1ed9t v\u00e0i quy \u0111\u1ecbnh nh\u1ecf v\u1ec1 vi\u1ec7c \u0111\u1eb7t c\u1ecdc v\u00e0 gi\u1eef c\u00e2y:<\/p>\n<h2>1. T\u1ea1i sao c\u1ea7n \u0111\u1eb7t c\u1ecdc \u0111\u1ec3 gi\u1eef c\u00e2y?<\/h2>\n<p>Khi Qu\u00fd kh\u00e1ch &#8220;ch\u1ed1t&#8221; c\u00e2y nh\u01b0ng ch\u01b0a th\u1ec3 nh\u1eadn ngay, kho\u1ea3n c\u1ecdc ch\u00ednh l\u00e0 &#8220;l\u1eddi cam k\u1ebft&#8221; gi\u00fap nh\u00e0 v\u01b0\u1eddn y\u00ean t\u00e2m d\u00e0nh ri\u00eang c\u00e2y \u0111\u1eb9p nh\u1ea5t cho b\u1ea1n. N\u1ebfu kh\u00f4ng c\u00f3 c\u1ecdc, Ph\u00fac An r\u1ea5t kh\u00f3 t\u1eeb ch\u1ed1i nh\u1eefng kh\u00e1ch h\u00e0ng kh\u00e1c \u0111ang mu\u1ed1n mua tr\u1ef1c ti\u1ebfp, d\u1eabn \u0111\u1ebfn t\u00ecnh tr\u1ea1ng v\u1eeba kh\u00f3 cho v\u01b0\u1eddn, v\u1eeba m\u1ea5t l\u00f2ng kh\u00e1ch \u0111\u1ebfn sau.<\/p>\n<h2>2. Th\u1eddi gian gi\u1eef c\u00e2y t\u1ed1i \u0111a: kh\u00f4ng qu\u00e1 03 tu\u1ea7n<\/h2>\n<p>Ph\u00fac An nh\u1eadn ch\u0103m s\u00f3c c\u00e2y gi\u00fap Qu\u00fd kh\u00e1ch trong v\u00f2ng 21 ng\u00e0y k\u1ec3 t\u1eeb ng\u00e0y ch\u1ed1t \u0111\u01a1n. Sau th\u1eddi gian n\u00e0y, ch\u00fang m\u00ecnh xin ph\u00e9p kh\u00f4ng gi\u1eef th\u00eam v\u00ec nh\u1eefng l\u00fd do kh\u00e1ch quan:<\/p>\n<ul>\n<li>S\u1ee9c kh\u1ecfe c\u1ee7a c\u00e2y: C\u00e2y \u0111\u1ec3 l\u00e2u trong b\u1ea7u c\u0169 s\u1ebd b\u1ecb b\u00f3 r\u1ec5, c\u1ea7n ph\u1ea3i thay b\u1ea7u l\u1edbn h\u01a1n v\u00e0 b\u1ed5 sung dinh d\u01b0\u1ee1ng chuy\u00ean s\u00e2u \u0111\u1ec3 kh\u00f4ng b\u1ecb suy.<\/li>\n<li>Chi ph\u00ed v\u1eadn h\u00e0nh: Vi\u1ec7c nu\u00f4i c\u00e2y d\u00e0i ng\u00e0y \u0111\u00f2i h\u1ecfi th\u00eam nh\u00e2n c\u00f4ng ch\u0103m s\u00f3c, ph\u00e2n thu\u1ed1c v\u00e0 kh\u00f4ng gian v\u01b0\u1eddn.<\/li>\n<li>R\u1ee7i ro hao h\u1ee5t: C\u00e2y xanh l\u00e0 th\u1ef1c th\u1ec3 s\u1ed1ng, vi\u1ec7c l\u01b0u kho qu\u00e1 l\u00e2u khi\u1ebfn nh\u00e0 v\u01b0\u1eddn \u0111\u1ed1i m\u1eb7t v\u1edbi nhi\u1ec1u r\u1ee7i ro v\u1ec1 th\u1eddi ti\u1ebft v\u00e0 s\u00e2u b\u1ec7nh.<\/li>\n<\/ul>\n<h2>3. Sau th\u1eddi gian 03 tu\u1ea7n<\/h2>\n<p>N\u1ebfu qu\u00e1 h\u1ea1n m\u00e0 Qu\u00fd kh\u00e1ch v\u1eabn ch\u01b0a th\u1ec3 nh\u1eadn c\u00e2y, Ph\u00fac An xin ph\u00e9p \u0111\u01b0\u1ee3c gi\u1ea3i ph\u00f3ng \u0111\u01a1n h\u00e0ng ho\u1eb7c t\u00ednh th\u00eam ph\u00ed l\u01b0u kho\/thay b\u1ea7u (t\u00f9y th\u1ecfa thu\u1eadn). \u0110i\u1ec1u n\u00e0y gi\u00fap ch\u00fang m\u00ecnh duy tr\u00ec d\u00f2ng h\u00e0ng m\u1edbi v\u00e0 \u0111\u1ea3m b\u1ea3o ch\u1ea5t l\u01b0\u1ee3ng c\u00e2y lu\u00f4n \u1edf m\u1ee9c t\u1ed1t nh\u1ea5t.<\/p>\n<p>Ph\u00fac An tin r\u1eb1ng: M\u1ed9t quy tr\u00ecnh r\u00f5 r\u00e0ng s\u1ebd gi\u00fap ch\u00fang ta l\u00e0m vi\u1ec7c v\u1edbi nhau b\u1ec1n v\u1eefng v\u00e0 tin t\u01b0\u1edfng h\u01a1n. R\u1ea5t mong Qu\u00fd kh\u00e1ch th\u1ea5u hi\u1ec3u cho n\u1ed7i l\u00f2ng c\u1ee7a nh\u1eefng ng\u01b0\u1eddi l\u00e0m v\u01b0\u1eddn \u0111\u1ec3 Ph\u00fac An c\u00f3 th\u00eam \u0111\u1ed9ng l\u1ef1c mang \u0111\u1ebfn nh\u1eefng c\u00e2y tr\u1ed3ng ch\u1ea5t l\u01b0\u1ee3ng nh\u1ea5t!<\/p>\n<p>M\u1ecdi chi ti\u1ebft xin qu\u00fd kh\u00e1ch vui l\u00f2ng li\u00ean h\u1ec7 s\u1ed1 \u0111i\u1ec7n tho\u1ea1i (c\u00f3 zalo) <span style=\"color: #008000;\"><strong><span style=\"font-size: 120%;\">0962.888.014<\/span><\/strong><\/span>. Xin c\u1ea3m \u01a1n qu\u00fd kh\u00e1ch h\u00e0ng g\u1ea7n xa.<\/p>\n<p style=\"text-align: right;\">Tr\u00e2n tr\u1ecdng! C\u00e2y Gi\u1ed1ng Ph\u00fac An<\/p>\n","protected":false},"excerpt":{"rendered":"<p>B\u01b0\u1edbc 1. Kh\u00e1ch h\u00e0ng xem chi ti\u1ebft c\u00e1c th\u00f4ng tin v\u1ec1 c\u00e2y gi\u1ed1ng t\u1ea1i website C\u00e2y Gi\u1ed1ng Ph\u00fac An ho\u1eb7c k\u00eanh Facebook,\u00a0 l\u00ean danh s\u00e1ch k\u00e8m s\u1ed1 l\u01b0\u1ee3ng nh\u1eefng c\u00e2y c\u1ea7n mua. B\u01b0\u1edbc 2. Kh\u00e1ch li\u00ean h\u1ec7 v\u1edbi Ph\u00fac An qua s\u1ed1 \u0111i\u1ec7n tho\u1ea1i 0962.888.014 (c\u00f3 zalo s\u1ed1 n\u00e0y). Nh\u00e0 v\u01b0\u1eddn t\u01b0 v\u1ea5n t\u1eadn t\u00ecnh&#8230;<\/p>\n","protected":false},"author":1,"featured_media":0,"parent":0,"menu_order":0,"comment_status":"closed","ping_status":"closed","template":"","meta":{"footnotes":""},"class_list":["post-1778","page","type-page","status-publish","hentry"],"_links":{"self":[{"href":"https:\/\/ktech4.k-tech-services.com\/phucan713\/wp-json\/wp\/v2\/pages\/1778","targetHints":{"allow":["GET"]}}],"collection":[{"href":"https:\/\/ktech4.k-tech-services.com\/phucan713\/wp-json\/wp\/v2\/pages"}],"about":[{"href":"https:\/\/ktech4.k-tech-services.com\/phucan713\/wp-json\/wp\/v2\/types\/page"}],"author":[{"embeddable":true,"href":"https:\/\/ktech4.k-tech-services.com\/phucan713\/wp-json\/wp\/v2\/users\/1"}],"replies":[{"embeddable":true,"href":"https:\/\/ktech4.k-tech-services.com\/phucan713\/wp-json\/wp\/v2\/comments?post=1778"}],"version-history":[{"count":0,"href":"https:\/\/ktech4.k-tech-services.com\/phucan713\/wp-json\/wp\/v2\/pages\/1778\/revisions"}],"wp:attachment":[{"href":"https:\/\/ktech4.k-tech-services.com\/phucan713\/wp-json\/wp\/v2\/media?parent=1778"}],"curies":[{"name":"wp","href":"https:\/\/api.w.org\/{rel}","templated":true}]}}