{"id":1781,"date":"2024-05-21T08:51:44","date_gmt":"2024-05-21T08:51:44","guid":{"rendered":"https:\/\/caygiongphucan.com\/?page_id=1781"},"modified":"2024-05-21T08:51:44","modified_gmt":"2024-05-21T08:51:44","slug":"cach-cham-soc-cay-con","status":"publish","type":"page","link":"https:\/\/ktech4.k-tech-services.com\/phucan713\/cach-cham-soc-cay-con\/","title":{"rendered":"C\u1ea9m Nang To\u00e0n Di\u1ec7n: Ch\u0103m S\u00f3c C\u00e2y Con &#038; Quy Tr\u00ecnh Dinh D\u01b0\u1ee1ng \u0110\u1ecbnh K\u1ef3"},"content":{"rendered":"<p>\u0110\u1ec3 c\u00e2y gi\u1ed1ng nhanh b\u00e9n r\u1ec5, h\u1ea1n ch\u1ebf hao h\u1ee5t v\u00e0 t\u1ea1o \u0111\u00e0 ph\u00e1t tri\u1ec3n m\u1ea1nh m\u1ebd, b\u00e0 con c\u1ea7n tu\u00e2n th\u1ee7 nguy\u00ean t\u1eafc v\u00e0ng: &#8220;D\u01b0\u1ee1ng r\u1ec5 tr\u01b0\u1edbc &#8211; Nu\u00f4i l\u00e1 sau &#8211; Ph\u00f2ng b\u1ec7nh \u0111\u1ecbnh k\u1ef3&#8221;. Ch\u0103m s\u00f3c c\u00e2y con \u0111\u00fang s\u1ebd t\u1ea1o n\u1ec1n t\u1ea3ng v\u1eefng ch\u1eafc cho s\u1ef1 ph\u00e1t tri\u1ec3n c\u00e2y sau n\u00e0y.<\/p>\n<h2>GIAI \u0110O\u1ea0N TI\u1ebeP NH\u1eacN C\u00c2Y GI\u1ed0NG (CH\u1ed0NG S\u1ed0C NHI\u1ec6T)<\/h2>\n<p>Khi v\u1eeba nh\u1eadn c\u00e2y t\u1eeb \u0111\u01a1n v\u1ecb v\u1eadn chuy\u1ec3n, c\u00e2y th\u01b0\u1eddng b\u1ecb &#8220;stress&#8221; do thay \u0111\u1ed5i m\u00f4i tr\u01b0\u1eddng v\u00e0 h\u1ea7m n\u00f3ng.<\/p>\n<p>X\u1eed l\u00fd bao b\u00ec: C\u1eaft b\u1ecf gi\u1ea5y c\u1ee9ng, bao ni l\u00f4ng \u0111\u1ec3 b\u1ed9 r\u1ec5 \u0111\u01b0\u1ee3c &#8220;th\u1edf&#8221;.<\/p>\n<p>D\u01b0\u1ee1ng c\u00e2y: \u0110\u1eb7t c\u00e2y \u1edf n\u01a1i tho\u00e1ng m\u00e1t (d\u01b0\u1edbi b\u00f3ng r\u00e2m). Tr\u00e1nh \u0111\u1ec3 c\u00e2y tr\u00ean n\u1ec1n xi m\u0103ng n\u00f3ng.<\/p>\n<p>H\u1ed3i s\u1ee9c: T\u01b0\u1edbi n\u01b0\u1edbc nh\u1eb9 v\u00e0o s\u00e1ng s\u1edbm trong 5\u201310 ng\u00e0y. Khi l\u00e1 c\u00e2y t\u1ec9nh t\u00e1o m\u1edbi \u0111em \u0111i tr\u1ed3ng.<\/p>\n<p><em>L\u01b0u \u00fd:<\/em> C\u00e2y \u1ed1p b\u1eb9 \u0111\u1ea5t c\u1ea7n tr\u1ed3ng ngay trong 1\u20132 ng\u00e0y.<\/p>\n<p><span style=\"font-size: 23.04px;\">K\u1ef8 THU\u1eacT TR\u1ed2NG &amp; B\u00d3N L\u00d3T KHOA H\u1eccC<\/span><\/p>\n<figure id=\"attachment_4962\" aria-describedby=\"caption-attachment-4962\" style=\"width: 1020px\" class=\"wp-caption aligncenter\"><img loading=\"lazy\" decoding=\"async\" class=\"wp-image-4962 size-large\" src=\"http:\/\/localhost\/phucan713\/wp-content\/uploads\/2026\/03\/cham-soc-cay-khi-vua-moi-nhan-1024x559.png\" alt=\"Ch\u0103m s\u00f3c c\u00e2y khi m\u1edbi ti\u1ebfp nh\u1eadn c\u00e2y gi\u1ed1ng\" width=\"1020\" height=\"557\" \/><figcaption id=\"caption-attachment-4962\" class=\"wp-caption-text\">Ch\u0103m s\u00f3c c\u00e2y khi m\u1edbi ti\u1ebfp nh\u1eadn c\u00e2y gi\u1ed1ng<\/figcaption><\/figure>\n<p>Chu\u1ea9n b\u1ecb h\u1ed1: K\u00edch th\u01b0\u1edbc 60x60x60cm. N\u00ean chu\u1ea9n b\u1ecb tr\u01b0\u1edbc 15-30 ng\u00e0y.<\/p>\n<p>B\u00f3n l\u00f3t (cho 1 g\u1ed1c): 0.5-1kg V\u00f4i + (3-5kg Ph\u00e2n h\u1eefu c\u01a1 hoai m\u1ee5c) + (200-500g L\u00e2n).<\/p>\n<p>Thao t\u00e1c tr\u1ed3ng:<\/p>\n<ul>\n<li>X\u00e9 b\u1ea7u nh\u1eb9 nh\u00e0ng, tr\u00e1nh l\u00e0m v\u1ee1 b\u1ea7u \u0111\u1ea5t.<\/li>\n<li>\u0110\u1eb7t c\u1ed5 r\u1ec5 b\u1eb1ng ho\u1eb7c cao h\u01a1n m\u1eb7t \u0111\u1ea5t 2-3cm.<\/li>\n<li>C\u1eafm c\u1ecdc c\u1ed1 \u0111\u1ecbnh v\u00e0 che ph\u1ee7 g\u1ed1c b\u1eb1ng r\u01a1m r\u1ea1\/t\u00e0u d\u1eeba \u0111\u1ec3 gi\u1eef \u1ea9m.<\/li>\n<li>\u0110\u1ed1i v\u1edbi c\u00e2y gh\u00e9p chui c\u00e0nh, kh\u00e1ch gi\u1eef nguy\u00ean ph\u1ea7n d\u00e2y nh\u1ef1a qu\u1ea5n g\u1ea7n g\u1ed1c. Sau 2-3 th\u00e1ng tr\u1ed3ng kh\u00e1ch d\u00f9ng dao r\u1ecdc nh\u1eb9 b\u1ecf ph\u1ea7n d\u00e2y \u0111\u00f3.<\/li>\n<li>T\u01b0\u1edbi n\u01b0\u1edbc ngay sau khi tr\u1ed3ng \u0111\u1ec3 c\u00e2y nhanh b\u00e9n r\u1ec5<\/li>\n<\/ul>\n<p>B\u00e0 con c\u00f3 th\u1ec3 xem th\u00eam chi ti\u1ebft v\u1ec1 nh\u1eefng <em><strong><a href=\"http:\/\/localhost\/phucan713\/chia-se-cach-bon-lot-cho-cay-moi-trong\/\" target=\"_blank\" rel=\"noopener\">c\u00e1ch b\u00f3n l\u00f3t<\/a><\/strong><\/em> d\u1ec5 d\u00e0ng, hi\u1ec7u qu\u1ea3, ph\u00f9 h\u1ee3p cho t\u1eebng nhu c\u1ea7u c\u1ee7a ch\u1ee7 v\u01b0\u1eddn.<\/p>\n<p><img loading=\"lazy\" decoding=\"async\" class=\"wp-image-4952 aligncenter\" src=\"http:\/\/localhost\/phucan713\/wp-content\/uploads\/2026\/03\/cach-cham-soc-cay-con-1024x559.png\" alt=\"C\u00e1ch ch\u0103m s\u00f3c c\u00e2y con chu\u1ea9n gi\u00fap c\u00e2y v\u1eefng v\u00e0ng, nhanh ph\u00e1t tri\u1ec3n\" width=\"1020\" height=\"557\" \/><\/p>\n<p>Tr\u1ed3ng v\u00e0 ch\u0103m s\u00f3c c\u00e2y con chu\u1ea9n gi\u00fap c\u00e2y v\u1eefng v\u00e0ng, nhanh ph\u00e1t tri\u1ec3n<\/p>\n<h2>QUY TR\u00ccNH DINH D\u01af\u1ee0NG &#8220;S\u01af\u01a0NG S\u01af\u01a0NG&#8221; \u0110\u1ecaNH K\u1ef2 (1-2 TU\u1ea6N\/L\u1ea6N)<\/h2>\n<p>Sau khi tr\u1ed3ng 7-10 ng\u00e0y, h\u00e3y b\u1eaft \u0111\u1ea7u ch\u1ebf \u0111\u1ed9 &#8220;nu\u00f4i s\u01b0\u01a1ng s\u01b0\u01a1ng&#8221; b\u1eb1ng ch\u1ebf ph\u1ea9m sinh h\u1ecdc \u0111\u1ec3 c\u00e2y kh\u1ecfe b\u1ec1n b\u1ec9:<\/p>\n<h3>D\u01b0\u1ee1ng r\u1ec5 &amp; C\u1ea3i t\u1ea1o \u0111\u1ea5t (T\u01b0\u1edbi g\u1ed1c)<\/h3>\n<p>Th\u00e0nh ph\u1ea7n: Acid Humic, Fulvic + Ph\u00e2n h\u1eefu c\u01a1 l\u1ecfng (\u0110\u1ea1m c\u00e1).<\/p>\n<p>C\u00e1ch d\u00f9ng: Pha lo\u00e3ng v\u1edbi n\u01b0\u1edbc (li\u1ec1u l\u01b0\u1ee3ng b\u1eb1ng 1\/2 h\u01b0\u1edbng d\u1eabn bao b\u00ec) t\u01b0\u1edbi \u0111\u1ec1u quanh g\u1ed1c.<\/p>\n<p>\u0110\u1ecbnh k\u1ef3: 10 \u2013 15 ng\u00e0y\/l\u1ea7n. Gi\u00fap k\u00edch r\u1ec5 c\u00e1m li\u00ean t\u1ee5c v\u00e0 l\u00e0m \u0111\u1ea5t t\u01a1i x\u1ed1p.<\/p>\n<h3>D\u01b0\u1ee1ng l\u00e1 &amp; Ch\u1ed1ng s\u1ed1c (Phun l\u00e1)<\/h3>\n<p>Th\u00e0nh ph\u1ea7n: Amino Acid, Rong bi\u1ec3n, Vitamin B1.<\/p>\n<p>C\u00e1ch d\u00f9ng: Phun \u01b0\u1edbt \u0111\u1ec1u 2 m\u1eb7t l\u00e1 v\u00e0o s\u00e1ng s\u1edbm ho\u1eb7c chi\u1ec1u m\u00e1t.<\/p>\n<p>\u0110\u1ecbnh k\u1ef3: 7 \u2013 10 ng\u00e0y\/l\u1ea7n. Gi\u00fap l\u00e1 xanh d\u00e0y, \u0111\u1ecdt m\u1eadp, t\u0103ng s\u1ee9c \u0111\u1ec1 kh\u00e1ng v\u1edbi th\u1eddi ti\u1ebft.<\/p>\n<h3>Ph\u00f2ng b\u1ec7nh sinh h\u1ecdc (B\u1ea3o v\u1ec7 c\u00e2y)<\/h3>\n<p>Th\u00e0nh ph\u1ea7n: N\u1ea5m \u0111\u1ed1i kh\u00e1ng (<em>Trichoderma, Bacillus<\/em>) ho\u1eb7c Nano b\u1ea1c\/\u0110\u1ed3ng h\u1eefu c\u01a1.<\/p>\n<p>C\u00e1ch d\u00f9ng: Pha chung v\u1edbi \u0111\u1ee3t t\u01b0\u1edbi g\u1ed1c ho\u1eb7c phun l\u00e1 \u0111\u1ec3 ng\u0103n ng\u1eeba th\u1ed1i r\u1ec5, l\u1edf c\u1ed5 r\u1ec5 v\u00e0 \u0111\u1ed1m l\u00e1.<\/p>\n<h2>L\u01afU \u00dd \u0110\u1eb6C BI\u1ec6T (NGUY\u00caN T\u1eaeC &#8220;3 KH\u00d4NG&#8221;)<\/h2>\n<p>KH\u00d4NG b\u00f3n NPK h\u1ea1t: Tuy\u1ec7t \u0111\u1ed1i kh\u00f4ng r\u1ea3i ph\u00e2n h\u00f3a h\u1ecdc s\u00e1t g\u1ed1c khi c\u00e2y ch\u01b0a ra c\u01a1i \u0111\u1ecdt th\u1ee9 2. R\u1ec5 non s\u1ebd b\u1ecb ch\u00e1y (x\u00f3t ph\u00e2n) ngay l\u1eadp t\u1ee9c.<\/p>\n<p>KH\u00d4NG t\u01b0\u1edbi n\u01b0\u1edbc chi\u1ec1u mu\u1ed9n: Tr\u00e1nh \u0111\u1ecdng n\u01b0\u1edbc t\u1ea1i c\u1ed5 r\u1ec5 d\u1ec5 g\u00e2y n\u1ea5m b\u1ec7nh ban \u0111\u00eam.<\/p>\n<p>KH\u00d4NG d\u00f9ng qu\u00e1 li\u1ec1u: V\u1edbi c\u00e2y con, h\u00e3y \u0111\u1ec3 c\u00e2y &#8220;\u0103n \u00edt nh\u01b0ng \u0103n th\u01b0\u1eddng xuy\u00ean&#8221;. Vi\u1ec7c cung c\u1ea5p dinh d\u01b0\u1ee1ng nh\u1eb9 nh\u00e0ng \u0111\u1ecbnh k\u1ef3 gi\u00fap c\u00e2y kh\u00f4ng b\u1ecb s\u1ed1c v\u00e0 ph\u00e1t tri\u1ec3n \u1ed5n \u0111\u1ecbnh h\u01a1n.<\/p>\n<figure id=\"attachment_4953\" aria-describedby=\"caption-attachment-4953\" style=\"width: 1020px\" class=\"wp-caption aligncenter\"><img loading=\"lazy\" decoding=\"async\" class=\"wp-image-4953 size-large\" src=\"http:\/\/localhost\/phucan713\/wp-content\/uploads\/2026\/03\/nguyen-tac-khi-cham-cay-con.png-1024x559.jpg\" alt=\"Nguy\u00ean t\u1eafc khi ch\u0103m s\u00f3c c\u00e2y con b\u00e0 con c\u1ea7n l\u01b0u \u00fd\" width=\"1020\" height=\"557\" srcset=\"https:\/\/ktech4.k-tech-services.com\/phucan713\/wp-content\/uploads\/2026\/03\/nguyen-tac-khi-cham-cay-con.png 2560w, https:\/\/ktech4.k-tech-services.com\/phucan713\/wp-content\/uploads\/2026\/03\/nguyen-tac-khi-cham-cay-con-300x164.png 300w, https:\/\/ktech4.k-tech-services.com\/phucan713\/wp-content\/uploads\/2026\/03\/nguyen-tac-khi-cham-cay-con-1024x558.png 1024w, https:\/\/ktech4.k-tech-services.com\/phucan713\/wp-content\/uploads\/2026\/03\/nguyen-tac-khi-cham-cay-con-768x419.png 768w, https:\/\/ktech4.k-tech-services.com\/phucan713\/wp-content\/uploads\/2026\/03\/nguyen-tac-khi-cham-cay-con-1536x838.png 1536w, https:\/\/ktech4.k-tech-services.com\/phucan713\/wp-content\/uploads\/2026\/03\/nguyen-tac-khi-cham-cay-con-2048x1117.png 2048w, https:\/\/ktech4.k-tech-services.com\/phucan713\/wp-content\/uploads\/2026\/03\/nguyen-tac-khi-cham-cay-con-510x278.png 510w\" sizes=\"auto, (max-width: 1020px) 100vw, 1020px\" \/><figcaption id=\"caption-attachment-4953\" class=\"wp-caption-text\">Nguy\u00ean t\u1eafc khi ch\u0103m s\u00f3c c\u00e2y con b\u00e0 con c\u1ea7n l\u01b0u \u00fd<\/figcaption><\/figure>\n<p><a href=\"http:\/\/localhost\/phucan713\/\" target=\"_blank\" rel=\"noopener\">C\u00e2y Gi\u1ed1ng Ph\u00fac An<\/a> \u2013 \u0110\u1ed3ng h\u00e0nh c\u00f9ng b\u00e0 con t\u1eeb m\u1ea7m xanh \u0111\u1ea7u ti\u00ean.<\/p>\n<p>Hotline\/Zalo: 0962.888.014<\/p>\n<p>Website: localhost\/phucan713\/<\/p>\n<p>&#8212;<\/p>\n<p>XEM TH\u00caM: <a href=\"http:\/\/localhost\/phucan713\/cham-soc-cay-an-trai-nhung-thang-cuoi-nam\/\" target=\"_blank\" rel=\"noopener\">Ch\u0103m s\u00f3c c\u00e2y \u0103n tr\u00e1i trong nh\u1eefng th\u00e1ng cu\u1ed1i n\u0103m sao cho \u0111\u00fang?<\/a><\/p>\n","protected":false},"excerpt":{"rendered":"<p>\u0110\u1ec3 c\u00e2y gi\u1ed1ng nhanh b\u00e9n r\u1ec5, h\u1ea1n ch\u1ebf hao h\u1ee5t v\u00e0 t\u1ea1o \u0111\u00e0 ph\u00e1t tri\u1ec3n m\u1ea1nh m\u1ebd, b\u00e0 con c\u1ea7n tu\u00e2n th\u1ee7 nguy\u00ean t\u1eafc v\u00e0ng: &#8220;D\u01b0\u1ee1ng r\u1ec5 tr\u01b0\u1edbc &#8211; Nu\u00f4i l\u00e1 sau &#8211; Ph\u00f2ng b\u1ec7nh \u0111\u1ecbnh k\u1ef3&#8221;. Ch\u0103m s\u00f3c c\u00e2y con \u0111\u00fang s\u1ebd t\u1ea1o n\u1ec1n t\u1ea3ng v\u1eefng ch\u1eafc cho s\u1ef1 ph\u00e1t tri\u1ec3n c\u00e2y sau n\u00e0y&#8230;.<\/p>\n","protected":false},"author":1,"featured_media":3815,"parent":0,"menu_order":0,"comment_status":"closed","ping_status":"closed","template":"","meta":{"footnotes":""},"class_list":["post-1781","page","type-page","status-publish","has-post-thumbnail","hentry"],"_links":{"self":[{"href":"https:\/\/ktech4.k-tech-services.com\/phucan713\/wp-json\/wp\/v2\/pages\/1781","targetHints":{"allow":["GET"]}}],"collection":[{"href":"https:\/\/ktech4.k-tech-services.com\/phucan713\/wp-json\/wp\/v2\/pages"}],"about":[{"href":"https:\/\/ktech4.k-tech-services.com\/phucan713\/wp-json\/wp\/v2\/types\/page"}],"author":[{"embeddable":true,"href":"https:\/\/ktech4.k-tech-services.com\/phucan713\/wp-json\/wp\/v2\/users\/1"}],"replies":[{"embeddable":true,"href":"https:\/\/ktech4.k-tech-services.com\/phucan713\/wp-json\/wp\/v2\/comments?post=1781"}],"version-history":[{"count":0,"href":"https:\/\/ktech4.k-tech-services.com\/phucan713\/wp-json\/wp\/v2\/pages\/1781\/revisions"}],"wp:featuredmedia":[{"embeddable":true,"href":"https:\/\/ktech4.k-tech-services.com\/phucan713\/wp-json\/wp\/v2\/media\/3815"}],"wp:attachment":[{"href":"https:\/\/ktech4.k-tech-services.com\/phucan713\/wp-json\/wp\/v2\/media?parent=1781"}],"curies":[{"name":"wp","href":"https:\/\/api.w.org\/{rel}","templated":true}]}}