{"id":1785,"date":"2024-05-21T09:20:03","date_gmt":"2024-05-21T09:20:03","guid":{"rendered":"https:\/\/caygiongphucan.com\/?page_id=1785"},"modified":"2024-05-21T09:20:03","modified_gmt":"2024-05-21T09:20:03","slug":"chinh-sach-bao-mat-thong-tin","status":"publish","type":"page","link":"https:\/\/ktech4.k-tech-services.com\/phucan713\/chinh-sach-bao-mat-thong-tin\/","title":{"rendered":"Ch\u00ednh s\u00e1ch b\u1ea3o m\u1eadt th\u00f4ng tin"},"content":{"rendered":"<p><a href=\"http:\/\/localhost\/phucan713\/\" target=\"_blank\" rel=\"noopener\"><strong><b>C\u00e2y Gi\u1ed1ng Ph\u00fac An<\/b><\/strong><\/a> cam k\u1ebft b\u1ea3o v\u1ec7 quy\u1ec1n ri\u00eang t\u01b0 c\u1ee7a kh\u00e1ch h\u00e0ng khi s\u1eed d\u1ee5ng website c\u1ee7a ch\u00fang t\u00f4i. Ch\u00ednh s\u00e1ch n\u00e0y m\u00f4 t\u1ea3 c\u00e1ch ch\u00fang t\u00f4i thu th\u1eadp, s\u1eed d\u1ee5ng v\u00e0 chia s\u1ebb th\u00f4ng tin c\u00e1 nh\u00e2n c\u1ee7a b\u1ea1n.<\/p>\n<h2>Thu th\u1eadp th\u00f4ng tin c\u00e1 nh\u00e2n<\/h2>\n<p><span style=\"color: #333333;\">Ch\u00fang t\u00f4i thu th\u1eadp th\u00f4ng tin c\u00e1 nh\u00e2n c\u1ee7a b\u1ea1n khi b\u1ea1n \u0111\u1eb7t h\u00e0ng. Th\u00f4ng tin n\u00e0y c\u00f3 th\u1ec3 bao g\u1ed3m t\u00ean, s\u1ed1 \u0111i\u1ec7n tho\u1ea1i, \u0111\u1ecba ch\u1ec9 giao h\u00e0ng v\u00e0 ph\u01b0\u01a1ng th\u1ee9c thanh to\u00e1n.<\/span><\/p>\n<p><span style=\"color: #333333;\">Ch\u00fang t\u00f4i c\u0169ng thu th\u1eadp th\u00f4ng tin v\u1ec1 vi\u1ec7c s\u1eed d\u1ee5ng website c\u1ee7a b\u1ea1n, bao g\u1ed3m \u0111\u1ecba ch\u1ec9 IP, tr\u00ecnh duy\u1ec7t web v\u00e0 trang web m\u00e0 b\u1ea1n truy c\u1eadp.<\/span><\/p>\n<h2>S\u1eed d\u1ee5ng th\u00f4ng tin c\u00e1 nh\u00e2n<\/h2>\n<p>Ch\u00fang t\u00f4i s\u1eed d\u1ee5ng th\u00f4ng tin c\u00e1 nh\u00e2n c\u1ee7a b\u1ea1n \u0111\u1ec3 cung c\u1ea5p c\u00e1c s\u1ea3n ph\u1ea9m v\u00e0 d\u1ecbch v\u1ee5 cho b\u1ea1n, x\u1eed l\u00fd \u0111\u01a1n \u0111\u1eb7t h\u00e0ng v\u00e0 thanh to\u00e1n, v\u00e0 li\u00ean h\u1ec7 v\u1edbi b\u1ea1n v\u1ec1 c\u00e1c v\u1ea5n \u0111\u1ec1 li\u00ean quan \u0111\u1ebfn t\u00e0i kho\u1ea3n c\u1ee7a b\u1ea1n.<\/p>\n<p>Ch\u00fang t\u00f4i c\u0169ng c\u00f3 th\u1ec3 s\u1eed d\u1ee5ng th\u00f4ng tin c\u00e1 nh\u00e2n c\u1ee7a b\u1ea1n \u0111\u1ec3 g\u1eedi cho b\u1ea1n c\u00e1c th\u00f4ng tin ti\u1ebfp th\u1ecb v\u00e0 qu\u1ea3ng c\u00e1o, tuy nhi\u00ean b\u1ea1n c\u00f3 th\u1ec3 t\u1eeb ch\u1ed1i nh\u1eadn nh\u1eefng th\u00f4ng tin n\u00e0y b\u1ea5t c\u1ee9 l\u00fac n\u00e0o.<\/p>\n<h2>Chia s\u1ebb th\u00f4ng tin c\u00e1 nh\u00e2n<\/h2>\n<p>Ch\u00fang t\u00f4i kh\u00f4ng chia s\u1ebb th\u00f4ng tin c\u00e1 nh\u00e2n c\u1ee7a b\u1ea1n v\u1edbi c\u00e1c b\u00ean th\u1ee9 ba tr\u1eeb khi c\u00f3 s\u1ef1 \u0111\u1ed3ng \u00fd c\u1ee7a b\u1ea1n ho\u1eb7c theo y\u00eau c\u1ea7u c\u1ee7a ph\u00e1p lu\u1eadt.<\/p>\n<p>Ch\u00fang t\u00f4i c\u00f3 th\u1ec3 chia s\u1ebb th\u00f4ng tin c\u00e1 nh\u00e2n c\u1ee7a b\u1ea1n v\u1edbi c\u00e1c nh\u00e0 cung c\u1ea5p d\u1ecbch v\u1ee5 c\u1ee7a ch\u00fang t\u00f4i, nh\u1eefng ng\u01b0\u1eddi c\u1ea7n thi\u1ebft ph\u1ea3i c\u00f3 th\u00f4ng tin n\u00e0y \u0111\u1ec3 cung c\u1ea5p c\u00e1c s\u1ea3n ph\u1ea9m v\u00e0 d\u1ecbch v\u1ee5 cho b\u1ea1n.<\/p>\n<p>Ch\u00fang t\u00f4i c\u0169ng c\u00f3 th\u1ec3 chia s\u1ebb th\u00f4ng tin c\u00e1 nh\u00e2n c\u1ee7a b\u1ea1n n\u1ebfu ch\u00fang t\u00f4i tin r\u1eb1ng \u0111i\u1ec1u \u0111\u00f3 c\u1ea7n thi\u1ebft \u0111\u1ec3 b\u1ea3o v\u1ec7 b\u1ea3n th\u00e2n ho\u1eb7c ng\u01b0\u1eddi kh\u00e1c kh\u1ecfi b\u1ecb t\u1ed5n h\u1ea1i.<\/p>\n<h2>B\u1ea3o m\u1eadt th\u00f4ng tin c\u00e1 nh\u00e2n<\/h2>\n<p>Ch\u00fang t\u00f4i s\u1eed d\u1ee5ng c\u00e1c bi\u1ec7n ph\u00e1p b\u1ea3o m\u1eadt v\u1eadt l\u00fd, k\u1ef9 thu\u1eadt v\u00e0 h\u00e0nh ch\u00ednh \u0111\u1ec3 b\u1ea3o v\u1ec7 th\u00f4ng tin c\u00e1 nh\u00e2n c\u1ee7a b\u1ea1n kh\u1ecfi b\u1ecb truy c\u1eadp tr\u00e1i ph\u00e9p, s\u1eed d\u1ee5ng ho\u1eb7c ti\u1ebft l\u1ed9.<\/p>\n<p>Tuy nhi\u00ean, ch\u00fang t\u00f4i kh\u00f4ng th\u1ec3 \u0111\u1ea3m b\u1ea3o r\u1eb1ng c\u00e1c bi\u1ec7n ph\u00e1p b\u1ea3o m\u1eadt c\u1ee7a ch\u00fang t\u00f4i s\u1ebd lu\u00f4n hi\u1ec7u qu\u1ea3.<\/p>\n<h2>B\u1ea3o m\u1eadt th\u00f4ng tin thanh to\u00e1n<\/h2>\n<p><strong>localhost\/phucan713\/<\/strong> s\u1ebd li\u00ean h\u1ec7 v\u1edbi \u0111\u01a1n v\u1ecb v\u1eadn chuy\u1ec3n \u0111\u1ec3 g\u1eedi \u0111\u01a1n h\u00e0ng t\u1edbi kh\u00e1ch h\u00e0ng. Khi kh\u00e1ch h\u00e0ng nh\u1eadn \u0111\u01b0\u1ee3c s\u1ea3n ph\u1ea9m, ki\u1ec3m tra ch\u1ea5t l\u01b0\u1ee3ng, quy c\u00e1ch v\u00e0 H\u00f3a \u0111\u01a1n ch\u00ednh x\u00e1c s\u1ebd ti\u1ebfn h\u00e0nh thanh to\u00e1n.<\/p>\n<p>N\u1ebfu kh\u00e1ch h\u00e0ng nh\u1eadn th\u1ea5y c\u00f3 b\u1ea5t k\u1ef3 d\u1ea5u hi\u1ec7u n\u00e0o kh\u00f4ng \u0111\u00fang s\u1ef1 th\u1eadt ho\u1eb7c ch\u1ea5t l\u01b0\u1ee3ng h\u00e0ng h\u00f3a b\u1ecb h\u01b0 h\u1ecfng, vui l\u00f2ng li\u00ean h\u1ec7 ngay cho ch\u00fang t\u00f4i th\u00f4ng qua s\u1ed1 Hotline: 0962888014<\/p>\n<h2>\u0110\u1ea3m b\u1ea3o an to\u00e0n giao d\u1ecbch<\/h2>\n<p>\u0110\u1ec3 \u0111\u1ea3m b\u1ea3o an to\u00e0n trong qu\u00e1 tr\u00ecnh giao d\u1ecbch gi\u1eefa <strong>localhost\/phucan713\/<\/strong>\u00a0v\u00e0 kh\u00e1ch h\u00e0ng, Ng\u01b0\u1eddi mua kh\u00f4ng n\u00ean \u0111\u01b0a th\u00f4ng tin chi ti\u1ebft v\u1ec1 vi\u1ec7c thanh to\u00e1n v\u1edbi b\u1ea5t k\u1ef3 ai b\u1eb1ng email ho\u1eb7c h\u00ecnh th\u1ee9c li\u00ean l\u1ea1c kh\u00e1c.<\/p>\n<p>Ng\u01b0\u1eddi mua tuy\u1ec7t \u0111\u1ed1i kh\u00f4ng s\u1eed d\u1ee5ng b\u1ea5t k\u1ef3 ch\u01b0\u01a1ng tr\u00ecnh, c\u00f4ng c\u1ee5 hay h\u00ecnh th\u1ee9c n\u00e0o kh\u00e1c \u0111\u1ec3 can thi\u1ec7p v\u00e0o h\u1ec7 th\u1ed1ng hay l\u00e0m thay \u0111\u1ed5i c\u1ea5u tr\u00fac d\u1eef li\u1ec7u.<\/p>\n<p>Nghi\u00eam c\u1ea5m vi\u1ec7c ph\u00e1t t\u00e1n, truy\u1ec1n b\u00e1 hay c\u1ed5 v\u0169 cho b\u1ea5t k\u1ef3 ho\u1ea1t \u0111\u1ed9ng n\u00e0o nh\u1eb1m can thi\u1ec7p, ph\u00e1 ho\u1ea1i hay x\u00e2m c\u1ee7a h\u1ec7 th\u1ed1ng website. M\u1ecdi vi ph\u1ea1m s\u1ebd b\u1ecb x\u1eed l\u00fd theo Quy ch\u1ebf v\u00e0 quy \u0111\u1ecbnh c\u1ee7a ph\u00e1p lu\u1eadt.<\/p>\n<p>M\u1ecdi th\u00f4ng tin giao d\u1ecbch \u0111\u01b0\u1ee3c b\u1ea3o m\u1eadt, tr\u1eeb tr\u01b0\u1eddng h\u1ee3p bu\u1ed9c ph\u1ea3i cung c\u1ea5p khi C\u01a1 quan ph\u00e1p lu\u1eadt y\u00eau c\u1ea7u.<\/p>\n<h2><strong style=\"color: #333333;\"><b>Quy\u1ec1n c\u1ee7a b\u1ea1n<\/b><\/strong><\/h2>\n<p>B\u1ea1n c\u0169ng c\u00f3 quy\u1ec1n t\u1eeb ch\u1ed1i nh\u1eadn c\u00e1c th\u00f4ng tin ti\u1ebfp th\u1ecb v\u00e0 qu\u1ea3ng c\u00e1o t\u1eeb ch\u00fang t\u00f4i.<\/p>\n<p>B\u1ea1n c\u00f3 th\u1ec3 th\u1ef1c hi\u1ec7n c\u00e1c quy\u1ec1n n\u00e0y b\u1eb1ng c\u00e1ch li\u00ean h\u1ec7 v\u1edbi ch\u00fang t\u00f4i qua email ho\u1eb7c s\u1ed1 \u0111i\u1ec7n tho\u1ea1i.<\/p>\n<h2><strong style=\"color: #333333;\"><b>Thay \u0111\u1ed5i ch\u00ednh s\u00e1ch<\/b><\/strong><\/h2>\n<p>Ch\u00fang t\u00f4i c\u00f3 th\u1ec3 thay \u0111\u1ed5i ch\u00ednh s\u00e1ch n\u00e0y b\u1ea5t c\u1ee9 l\u00fac n\u00e0o. Ch\u00fang t\u00f4i s\u1ebd th\u00f4ng b\u00e1o cho b\u1ea1n v\u1ec1 b\u1ea5t k\u1ef3 thay \u0111\u1ed5i n\u00e0o b\u1eb1ng c\u00e1ch \u0111\u0103ng phi\u00ean b\u1ea3n c\u1eadp nh\u1eadt c\u1ee7a ch\u00ednh s\u00e1ch n\u00e0y tr\u00ean website c\u1ee7a ch\u00fang t\u00f4i.<\/p>\n<h2><strong><b>Li\u00ean h\u1ec7<\/b><\/strong><\/h2>\n<p>N\u1ebfu b\u1ea1n c\u00f3 b\u1ea5t k\u1ef3 c\u00e2u h\u1ecfi n\u00e0o v\u1ec1 ch\u00ednh s\u00e1ch n\u00e0y, vui l\u00f2ng li\u00ean h\u1ec7 v\u1edbi ch\u00fang t\u00f4i qua email ho\u1eb7c s\u1ed1 \u0111i\u1ec7n tho\u1ea1i.<\/p>\n","protected":false},"excerpt":{"rendered":"<p>C\u00e2y Gi\u1ed1ng Ph\u00fac An cam k\u1ebft b\u1ea3o v\u1ec7 quy\u1ec1n ri\u00eang t\u01b0 c\u1ee7a kh\u00e1ch h\u00e0ng khi s\u1eed d\u1ee5ng website c\u1ee7a ch\u00fang t\u00f4i. Ch\u00ednh s\u00e1ch n\u00e0y m\u00f4 t\u1ea3 c\u00e1ch ch\u00fang t\u00f4i thu th\u1eadp, s\u1eed d\u1ee5ng v\u00e0 chia s\u1ebb th\u00f4ng tin c\u00e1 nh\u00e2n c\u1ee7a b\u1ea1n. Thu th\u1eadp th\u00f4ng tin c\u00e1 nh\u00e2n Ch\u00fang t\u00f4i thu th\u1eadp th\u00f4ng tin c\u00e1&#8230;<\/p>\n","protected":false},"author":1,"featured_media":0,"parent":0,"menu_order":0,"comment_status":"closed","ping_status":"closed","template":"","meta":{"footnotes":""},"class_list":["post-1785","page","type-page","status-publish","hentry"],"_links":{"self":[{"href":"https:\/\/ktech4.k-tech-services.com\/phucan713\/wp-json\/wp\/v2\/pages\/1785","targetHints":{"allow":["GET"]}}],"collection":[{"href":"https:\/\/ktech4.k-tech-services.com\/phucan713\/wp-json\/wp\/v2\/pages"}],"about":[{"href":"https:\/\/ktech4.k-tech-services.com\/phucan713\/wp-json\/wp\/v2\/types\/page"}],"author":[{"embeddable":true,"href":"https:\/\/ktech4.k-tech-services.com\/phucan713\/wp-json\/wp\/v2\/users\/1"}],"replies":[{"embeddable":true,"href":"https:\/\/ktech4.k-tech-services.com\/phucan713\/wp-json\/wp\/v2\/comments?post=1785"}],"version-history":[{"count":0,"href":"https:\/\/ktech4.k-tech-services.com\/phucan713\/wp-json\/wp\/v2\/pages\/1785\/revisions"}],"wp:attachment":[{"href":"https:\/\/ktech4.k-tech-services.com\/phucan713\/wp-json\/wp\/v2\/media?parent=1785"}],"curies":[{"name":"wp","href":"https:\/\/api.w.org\/{rel}","templated":true}]}}