{"id":32,"date":"2025-06-10T09:43:24","date_gmt":"2025-06-10T09:43:24","guid":{"rendered":"https:\/\/nhapkhau.oe\/?page_id=32"},"modified":"2026-04-21T12:16:02","modified_gmt":"2026-04-21T05:16:02","slug":"gioi-thieu","status":"publish","type":"page","link":"https:\/\/ktech4.k-tech-services.com\/phucan713\/gioi-thieu\/","title":{"rendered":"Gi\u1edbi thi\u1ec7u"},"content":{"rendered":"<p style=\"text-align: justify;\">Ph\u00fac An l\u00e0 m\u1ed9t nh\u00e0 v\u01b0\u1eddn nh\u1ecf b\u00e9 v\u1edbi ni\u1ec1m th\u01b0\u01a1ng d\u00e0nh cho thi\u00ean nhi\u00ean v\u00e0 n\u00f4ng nghi\u1ec7p. Ch\u00fang t\u00f4i n\u1ed7 l\u1ef1c t\u1eebng ng\u00e0y \u0111\u1ec3 s\u1ea3n xu\u1ea5t v\u00e0 cung c\u1ea5p nh\u1eefng c\u00e2y gi\u1ed1ng chu\u1ea9n, kh\u1ecfe m\u1ea1nh \u0111\u1ebfn qu\u00fd c\u00f4 b\u00e1c g\u1ea7n xa.<\/p>\n<figure id=\"attachment_3170\" aria-describedby=\"caption-attachment-3170\" style=\"width: 768px\" class=\"wp-caption aligncenter\"><img loading=\"lazy\" decoding=\"async\" class=\"wp-image-3170 size-large\" src=\"http:\/\/ktech4.k-tech-services.com\/phucan713\/wp-content\/uploads\/2024\/03\/Thiet-ke-chua-co-ten-768x1024.jpg\" alt=\"Gi\u1ea5y ch\u1ee9ng nh\u1eadn \u0111\u0103ng k\u00fd kinh doanh c\u00e2y gi\u1ed1ng\" width=\"768\" height=\"1024\" srcset=\"https:\/\/ktech4.k-tech-services.com\/phucan713\/wp-content\/uploads\/2024\/03\/Thiet-ke-chua-co-ten-768x1024.jpg 768w, https:\/\/ktech4.k-tech-services.com\/phucan713\/wp-content\/uploads\/2024\/03\/Thiet-ke-chua-co-ten-225x300.jpg 225w, https:\/\/ktech4.k-tech-services.com\/phucan713\/wp-content\/uploads\/2024\/03\/Thiet-ke-chua-co-ten-510x680.jpg 510w, https:\/\/ktech4.k-tech-services.com\/phucan713\/wp-content\/uploads\/2024\/03\/Thiet-ke-chua-co-ten.jpg 960w\" sizes=\"auto, (max-width: 768px) 100vw, 768px\" \/><figcaption id=\"caption-attachment-3170\" class=\"wp-caption-text\">Gi\u1ea5y ch\u1ee9ng nh\u1eadn \u0111\u0103ng k\u00fd kinh doanh c\u00e2y gi\u1ed1ng<\/figcaption><\/figure>\n<p style=\"text-align: justify;\">\u0110\u00e2y c\u0169ng l\u00e0 n\u01a1i ch\u00fang t\u00f4i mu\u1ed1n chia s\u1ebb nhi\u1ec1u th\u00f4ng tin b\u1ed5 \u00edch v\u1ec1 t\u1eebng lo\u00e0i c\u00e2y, c\u00e1ch ch\u0103m s\u00f3c v\u00e0 tin t\u1ee9c th\u1ecb tr\u01b0\u1eddng. \u0110\u1ec3 nh\u1eefng ai y\u00eau v\u01b0\u1eddn, \u0111\u1ecbnh tr\u1ed3ng v\u00e0 \u0111\u00e3 tr\u1ed3ng c\u00f3 \u0111\u01b0\u1ee3c ngu\u1ed3n tham kh\u1ea3o \u0111\u00e1ng tin c\u1eady.<\/p>\n<p style=\"text-align: justify;\">Ch\u00fang t\u00f4i cung c\u1ea5p \u0111a d\u1ea1ng ch\u1ee7ng lo\u1ea1i c\u00e2y gi\u1ed1ng \u0103n tr\u00e1i, b\u00ean c\u1ea1nh \u0111\u00f3 c\u00f2n c\u00f3 nh\u1eefng c\u00e2y \u0111\u1ed9c l\u1ea1, hoa ki\u1ec3ng v\u00e0 c\u00e2y c\u00f4ng tr\u00ecnh theo y\u00eau c\u1ea7u c\u1ee7a kh\u00e1ch h\u00e0ng.<\/p>\n<p style=\"text-align: justify;\">Gi\u00e1 b\u00e1n l\u00e0 y\u1ebfu t\u1ed1 quan tr\u1ecdng \u0111\u01b0\u1ee3c c\u00e2n nh\u1eafc b\u00ean c\u1ea1nh ch\u1ea5t l\u01b0\u1ee3ng c\u00e2y. Hi\u1ec3u r\u00f5 \u0111i\u1ec1u n\u00e0y, Ph\u00fac An lu\u00f4n cung c\u1ea5p t\u1eebng gi\u1ed1ng c\u00e2y v\u1edbi m\u1ee9c gi\u00e1 t\u1ed1t nh\u1ea5t c\u00f3 th\u1ec3. B\u1ea5t k\u1ef3 ai c\u0169ng c\u00f3 th\u1ec3 s\u1edf h\u1eefu \u0111\u01b0\u1ee3c c\u00e2y gi\u1ed1ng chu\u1ea9n &amp; kh\u1ecfe \u0111\u1eb9p m\u1ed9t c\u00e1ch ti\u1ebft ki\u1ec7m nh\u1ea5t.<\/p>\n<p style=\"text-align: justify;\">V\u1edbi ki\u1ebfn th\u1ee9c v\u00e0 kinh nghi\u1ec7m \u0111\u01b0\u1ee3c \u0111\u00fac k\u1ebft t\u1eeb s\u1ef1 h\u1ecdc h\u1ecfi c\u0169ng nh\u01b0 th\u1ef1c t\u1ebf, Ph\u00fac An t\u1ef1 tin cung c\u1ea5p \u0111\u01b0\u1ee3c nh\u1eefng th\u00f4ng tin chu\u1ea9n x\u00e1c cho qu\u00fd c\u00f4 b\u00e1c anh ch\u1ecb. T\u1eeb c\u00e1ch th\u1ee9c ch\u1ecdn l\u1ef1a c\u00e2y gi\u1ed1ng \u0111\u1ebfn quy tr\u00ecnh ch\u0103m s\u00f3c dinh d\u01b0\u1ee1ng cho c\u00e2y, ch\u00fang t\u00f4i lu\u00f4n s\u1eb5n s\u00e0ng t\u01b0 v\u1ea5n t\u1eadn t\u00e2m \u0111\u1ec3 qu\u00fd c\u00f4 b\u00e1c d\u1ec5 d\u00e0ng \u00e1p d\u1ee5ng cho khu v\u01b0\u1eddn c\u1ee7a m\u00ecnh.<\/p>\n<p style=\"text-align: center;\"><span style=\"color: #003366;\">Tr\u00e2n tr\u1ecdng! C\u00e2y Gi\u1ed1ng Ph\u00fac An<\/span><\/p>\n<p style=\"text-align: center;\"><span style=\"color: #003366;\">S\u1ed1 \u0111i\u1ec7n tho\u1ea1i\/ Zalo: 0962 888 014<\/span><\/p>\n<p style=\"text-align: center;\"><span style=\"color: #003366;\">\u0110\u1ecba ch\u1ec9: Ph\u00fa S\u01a1n, Ch\u1ee3 L\u00e1ch, B\u1ebfn Tre<\/span><\/p>\n","protected":false},"excerpt":{"rendered":"<p>Ph\u00fac An l\u00e0 m\u1ed9t nh\u00e0 v\u01b0\u1eddn nh\u1ecf b\u00e9 v\u1edbi ni\u1ec1m th\u01b0\u01a1ng d\u00e0nh cho thi\u00ean nhi\u00ean v\u00e0 n\u00f4ng nghi\u1ec7p. Ch\u00fang t\u00f4i n\u1ed7 l\u1ef1c t\u1eebng ng\u00e0y \u0111\u1ec3 s\u1ea3n xu\u1ea5t v\u00e0 cung c\u1ea5p nh\u1eefng c\u00e2y gi\u1ed1ng chu\u1ea9n, kh\u1ecfe m\u1ea1nh \u0111\u1ebfn qu\u00fd c\u00f4 b\u00e1c g\u1ea7n xa. \u0110\u00e2y c\u0169ng l\u00e0 n\u01a1i ch\u00fang t\u00f4i mu\u1ed1n chia s\u1ebb nhi\u1ec1u th\u00f4ng tin b\u1ed5&#8230;<\/p>\n","protected":false},"author":1,"featured_media":0,"parent":0,"menu_order":0,"comment_status":"closed","ping_status":"closed","template":"","meta":{"footnotes":""},"class_list":["post-32","page","type-page","status-publish","hentry"],"_links":{"self":[{"href":"https:\/\/ktech4.k-tech-services.com\/phucan713\/wp-json\/wp\/v2\/pages\/32","targetHints":{"allow":["GET"]}}],"collection":[{"href":"https:\/\/ktech4.k-tech-services.com\/phucan713\/wp-json\/wp\/v2\/pages"}],"about":[{"href":"https:\/\/ktech4.k-tech-services.com\/phucan713\/wp-json\/wp\/v2\/types\/page"}],"author":[{"embeddable":true,"href":"https:\/\/ktech4.k-tech-services.com\/phucan713\/wp-json\/wp\/v2\/users\/1"}],"replies":[{"embeddable":true,"href":"https:\/\/ktech4.k-tech-services.com\/phucan713\/wp-json\/wp\/v2\/comments?post=32"}],"version-history":[{"count":7,"href":"https:\/\/ktech4.k-tech-services.com\/phucan713\/wp-json\/wp\/v2\/pages\/32\/revisions"}],"predecessor-version":[{"id":5346,"href":"https:\/\/ktech4.k-tech-services.com\/phucan713\/wp-json\/wp\/v2\/pages\/32\/revisions\/5346"}],"wp:attachment":[{"href":"https:\/\/ktech4.k-tech-services.com\/phucan713\/wp-json\/wp\/v2\/media?parent=32"}],"curies":[{"name":"wp","href":"https:\/\/api.w.org\/{rel}","templated":true}]}}