{"id":3296,"date":"2025-01-16T08:39:00","date_gmt":"2025-01-16T08:39:00","guid":{"rendered":"https:\/\/caygiongphucan.com\/?page_id=3296"},"modified":"2025-01-16T08:39:00","modified_gmt":"2025-01-16T08:39:00","slug":"chinh-sach-van-chuyen","status":"publish","type":"page","link":"https:\/\/ktech4.k-tech-services.com\/phucan713\/chinh-sach-van-chuyen\/","title":{"rendered":"Ch\u00ednh s\u00e1ch v\u1eadn chuy\u1ec3n"},"content":{"rendered":"<p>C\u00e2y gi\u1ed1ng Ph\u00fac An\u00a0s\u1eed d\u1ee5ng c\u00e1c d\u1ecbch v\u1ee5 v\u1eadn chuy\u1ec3n c\u1ee7a c\u00e1c h\u00e3ng v\u1eadn chuy\u1ec3n uy t\u00edn tr\u00ean th\u1ecb tr\u01b0\u1eddng: Viettel Post, VN Post, c\u00e1c nh\u00e0 xe chuy\u00ean ch\u1edf c\u00e2y gi\u1ed1ng. Chi ph\u00ed v\u1eadn chuy\u1ec3n \u0111\u01b0\u1ee3c \u00e1p d\u1ee5ng theo m\u1ee9c gi\u00e1 c\u1ee7a h\u00e3ng\/nh\u00e0 xe\u00a0v\u1eadn chuy\u1ec3n.<\/p>\n<p>Ph\u1ea1m vi v\u1eadn chuy\u1ec3n: 63 t\u1ec9nh th\u00e0nh tr\u00ean to\u00e0n qu\u1ed1c.<\/p>\n<p>Th\u1eddi gian v\u1eadn chuy\u1ec3n:\u00a0Xe t\u1ea3i 1-3 ng\u00e0y, b\u01b0u c\u1ee5c: 2-5 ng\u00e0y,\u00a0tu\u1ef3 thu\u1ed9c v\u00e0o \u0111\u1ecba \u0111i\u1ec3m nh\u1eadn h\u00e0ng v\u00e0 th\u1eddi gian v\u1eadn chuy\u1ec3n c\u1ee7a c\u00e1c h\u00e3ng v\u1eadn chuy\u1ec3n v\u00e0 s\u1ebd \u0111\u01b0\u1ee3c th\u00f4ng b\u00e1o tr\u01b0\u1edbc kho\u1ea3ng th\u1eddi gian \u01b0\u1edbc t\u00ednh cho kh\u00e1ch h\u00e0ng khi \u0111\u1eb7t h\u00e0ng.<\/p>\n<ul>\n<li>B\u01b0u c\u1ee5c s\u1ebd giao h\u00e0ng t\u1eadn nh\u00e0 v\u1edbi nh\u1eefng \u0111\u01a1n h\u00e0ng l\u1ebb: 5-20 c\u00e2y<\/li>\n<li>Xe t\u1ea3i s\u1ebd tr\u1ea3 h\u00e0ng \u1edf d\u1ecdc c\u00e1c tuy\u1ebfn qu\u1ed1c l\u1ed9. \u00c1p d\u1ee5ng v\u1edbi \u0111\u01a1n t\u1eeb 50 c\u00e2y tr\u1edf l\u00ean.<\/li>\n<\/ul>\n<p>L\u01b0u \u00fd v\u1edbi \u0111\u01a1n h\u00e0ng s\u1ec9 giao b\u1eb1ng xe t\u1ea3i: K\u1ec3 t\u1eeb ng\u00e0y ch\u1ed1t \u0111\u01a1n h\u00e0ng, th\u1eddi gian giao h\u00e0ng \u0111\u1ebfn kh\u00e1ch th\u01b0\u1eddng trong kho\u1ea3ng 1-2 ng\u00e0y v\u1edbi c\u00e1c t\u1ec9nh t\u1eeb T\u00e2y Nguy\u00ean tr\u1edf v\u00e0o mi\u1ec1n T\u00e2y. 2 ng\u00e0y-3 ng\u00e0y v\u1edbi kh\u00e1ch h\u00e0ng \u1edf mi\u1ec1n trung v\u00e0 mi\u1ec1n B\u1eafc (t\u1eeb Gia L\u00e2m, H\u00e0 N\u1ed9i tr\u1edf v\u00e0o).<\/p>\n<p>M\u1ecdi th\u1eafc m\u1eafc kh\u00e1c qu\u00fd kh\u00e1ch vui l\u00f2ng li\u00ean h\u1ec7 Hotline: 0962888014\u00a0\u0111\u1ec3 \u0111\u01b0\u1ee3c h\u1ed7 tr\u1ee3 tr\u1ef1c ti\u1ebfp.<\/p>\n","protected":false},"excerpt":{"rendered":"<p>C\u00e2y gi\u1ed1ng Ph\u00fac An\u00a0s\u1eed d\u1ee5ng c\u00e1c d\u1ecbch v\u1ee5 v\u1eadn chuy\u1ec3n c\u1ee7a c\u00e1c h\u00e3ng v\u1eadn chuy\u1ec3n uy t\u00edn tr\u00ean th\u1ecb tr\u01b0\u1eddng: Viettel Post, VN Post, c\u00e1c nh\u00e0 xe chuy\u00ean ch\u1edf c\u00e2y gi\u1ed1ng. Chi ph\u00ed v\u1eadn chuy\u1ec3n \u0111\u01b0\u1ee3c \u00e1p d\u1ee5ng theo m\u1ee9c gi\u00e1 c\u1ee7a h\u00e3ng\/nh\u00e0 xe\u00a0v\u1eadn chuy\u1ec3n. Ph\u1ea1m vi v\u1eadn chuy\u1ec3n: 63 t\u1ec9nh th\u00e0nh tr\u00ean to\u00e0n qu\u1ed1c&#8230;.<\/p>\n","protected":false},"author":1,"featured_media":0,"parent":0,"menu_order":0,"comment_status":"closed","ping_status":"closed","template":"","meta":{"footnotes":""},"class_list":["post-3296","page","type-page","status-publish","hentry"],"_links":{"self":[{"href":"https:\/\/ktech4.k-tech-services.com\/phucan713\/wp-json\/wp\/v2\/pages\/3296","targetHints":{"allow":["GET"]}}],"collection":[{"href":"https:\/\/ktech4.k-tech-services.com\/phucan713\/wp-json\/wp\/v2\/pages"}],"about":[{"href":"https:\/\/ktech4.k-tech-services.com\/phucan713\/wp-json\/wp\/v2\/types\/page"}],"author":[{"embeddable":true,"href":"https:\/\/ktech4.k-tech-services.com\/phucan713\/wp-json\/wp\/v2\/users\/1"}],"replies":[{"embeddable":true,"href":"https:\/\/ktech4.k-tech-services.com\/phucan713\/wp-json\/wp\/v2\/comments?post=3296"}],"version-history":[{"count":0,"href":"https:\/\/ktech4.k-tech-services.com\/phucan713\/wp-json\/wp\/v2\/pages\/3296\/revisions"}],"wp:attachment":[{"href":"https:\/\/ktech4.k-tech-services.com\/phucan713\/wp-json\/wp\/v2\/media?parent=3296"}],"curies":[{"name":"wp","href":"https:\/\/api.w.org\/{rel}","templated":true}]}}