{"id":1375,"date":"2024-03-30T09:54:02","date_gmt":"2024-03-30T09:54:02","guid":{"rendered":"https:\/\/caygiongphucan.com\/?post_type=product&amp;p=1375"},"modified":"2024-03-30T09:54:02","modified_gmt":"2024-03-30T09:54:02","slug":"cay-giong-oi-tran-chau","status":"publish","type":"product","link":"https:\/\/ktech4.k-tech-services.com\/phucan713\/san-pham\/cay-giong-oi-tran-chau\/","title":{"rendered":"C\u00e2y gi\u1ed1ng \u1ed5i tr\u00e2n ch\u00e2u"},"content":{"rendered":"<p>\u1ed4i l\u00e0 gi\u1ed1ng c\u00e2y tr\u1ed3ng nhanh cho thu ho\u1ea1ch v\u00e0 c\u00f3 t\u00ednh b\u1ec1n v\u1eefng, gi\u1ed1ng \u1ed5i tr\u00e2n ch\u00e2u c\u0169ng l\u00e0 s\u1ef1 l\u1ef1a ch\u1ecdn c\u1ee7a nhi\u1ec1u ch\u1ee7 v\u01b0\u1eddn \u0111\u1ec3 \u201cl\u1ea5y ng\u1eafn nu\u00f4i d\u00e0i\u201d. Th\u1ecb tr\u01b0\u1eddng tr\u00e1i c\u00e2y t\u1eeb nhi\u1ec1u n\u0103m nay v\u1eabn c\u00f3 ch\u1ed7 \u0111\u1ee9ng nh\u1ea5t \u0111\u1ecbnh cho gi\u1ed1ng \u1ed5i \u0111\u1eb9p m\u1eaft v\u00e0 ngon ng\u1ecdt n\u00e0y.<\/p>\n<h2>\u0110\u1eb7c \u0111i\u1ec3m gi\u1ed1ng \u1ed5i tr\u00e2n ch\u00e2u<\/h2>\n<h3>Xu\u1ea5t x\u1ee9<\/h3>\n<p>Gi\u1ed1ng \u1ed5i tr\u00e2n ch\u00e2u ru\u1ed9t \u0111\u1ecf c\u00f3 xu\u1ea5t x\u1ee9 t\u1eeb \u0110\u00e0i Loan v\u00e0 \u0111\u00e3 \u0111\u01b0\u1ee3c n\u00f4ng d\u00e2n \u1edf Vi\u1ec7t Nam tr\u1ed3ng kho\u1ea3ng 10 n\u0103m tr\u1edf l\u1ea1i \u0111\u00e2y. Hi\u1ec7n nay \u0111\u00e3 \u0111\u01b0\u1ee3c nh\u00e2n gi\u1ed1ng r\u1ed9ng r\u00e3i \u1edf c\u00e1c t\u1ec9nh mi\u1ec1n T\u00e2y, \u0111\u1eb7c bi\u1ec7t l\u00e0 B\u1ebfn Tre.<\/p>\n<h3>Chi\u1ec1u cao, h\u00ecnh d\u00e1ng<\/h3>\n<p>C\u00e2y c\u00f3 chi\u1ec1u cao trung b\u00ecnh kh\u00f4ng qu\u00e1 3m, b\u1ed9 t\u00e1n r\u1ed9ng, \u0111i b\u00f4ng tr\u00e1i nhi\u1ec1u trong m\u00f9a h\u00e8, kh\u1ea3 n\u0103ng cho tr\u00e1i thu ho\u1ea1ch quanh n\u0103m. M\u1ed7i tu\u1ea7n \u0111\u1ec1u c\u00f3 tr\u00e1i c\u1eaft.<\/p>\n<h2>\u0110\u1eb7c \u0111i\u1ec3m tr\u00e1i \u1ed5i tr\u00e2n ch\u00e2u<\/h2>\n<p>M\u00e0u s\u1eafc v\u00e0 v\u1ecb c\u1ee7a tr\u00e1i: Tr\u00e1i c\u00f3 ru\u1ed9t m\u00e0u \u0111\u1ecf h\u1ed3ng, \u0111\u1eb9p m\u1eaft, v\u1ecb ng\u1ecdt h\u01a1n \u1ed5i \u0110\u00e0i Loan m\u1ed9t t\u00ed, ru\u1ed9t c\u00f3 \u0111\u1ed9 m\u1ec1m.<\/p>\n<p>Nh\u01b0\u1ee3c \u0111i\u1ec3m tr\u00e1i \u1ed5i tr\u00e2n ch\u00e2u: M\u1eb7c d\u00f9 c\u00f3 nhi\u1ec1u \u01b0u \u0111i\u1ec3m nh\u01b0 \u00edt s\u00e2u b\u1ec7nh, kh\u00f4ng c\u1ea7n k\u1ef9 thu\u1eadt cao v\u00e0 thu ho\u1ea1ch nhanh, nh\u01b0ng c\u0169ng t\u1ed3n t\u1ea1i m\u1ed9t s\u1ed1 h\u1ea1n ch\u1ebf nh\u01b0 d\u1ec5 b\u1ecb th\u1ed1i tr\u00e1i v\u00e0 n\u0103ng su\u1ea5t kh\u00f4ng cao b\u1eb1ng gi\u1ed1ng \u1ed5i \u0110\u00e0i Loan.<\/p>\n<h2>C\u00e2y \u1ed5i tr\u00e2n ch\u00e2u tr\u1ed3ng bao l\u00e2u c\u00f3 tr\u00e1i?<\/h2>\n<p>Gi\u1ed1ng \u1ed5i tr\u00e2n ch\u00e2u ch\u1ec9 sau 5 th\u00e1ng tr\u1ed3ng \u0111\u00e3 cho tr\u00e1i b\u00f3i (nh\u1eefng tr\u00e1i \u0111\u1ea7u ti\u00ean), cho \u0111\u1ebfn th\u00e1ng th\u1ee9 10 th\u00ec cho tr\u00e1i nhi\u1ec1u, \u0111\u00e2y c\u0169ng l\u00e0 giai \u0111o\u1ea1n \u0111\u1ee7 tr\u01b0\u1edfng th\u00e0nh \u0111\u1ec3 c\u00e2y \u1ed5i tr\u00e2n ch\u00e2u c\u00f3 th\u1ec3 mang tr\u00e1i. Ta kh\u00f4ng n\u00ean \u0111\u1ec3 c\u00e2y mang tr\u00e1i s\u1edbm v\u00ec s\u1ebd l\u00e0m suy c\u00e2y.<\/p>\n<p>T\u1eeb l\u00fac ra hoa t\u1edbi khi c\u00f3 tr\u00e1i thu ho\u1ea1ch c\u1ea7n kho\u1ea3ng 2,5-3 th\u00e1ng.<\/p>\n<p>C\u00e2y c\u00e0ng l\u1edbn tu\u1ed5i th\u00ec n\u0103ng su\u1ea5t c\u00e0ng cao. \u0110\u1ec3 \u1ed5i tr\u00e2n ch\u00e2u \u0111\u1ea1t ch\u1ea5t l\u01b0\u1ee3ng t\u1ed1t th\u00ec b\u00e0 con c\u1ea7n th\u01b0\u1eddng xuy\u00ean b\u1ea5m \u0111\u1ecdt c\u00e2y, kh\u1ed1ng ch\u1ebf chi\u1ec1u cao kh\u00f4ng qu\u00e1 3m. K\u1ebft h\u1ee3p t\u1ec9a c\u00e0nh, b\u00f3n ph\u00e2n x\u1ecbt thu\u1ed1c \u0111\u1ecbnh k\u1ef3 v\u00e0 b\u1ecdc tr\u00e1i.<\/p>\n<h2>N\u0103ng su\u1ea5t gi\u1ed1ng \u1ed5i tr\u00e2n ch\u00e2u<\/h2>\n<p>1000m2 \u0111\u1ea5t tr\u1ed3ng \u0111\u01b0\u1ee3c 160 c\u00e2y \u1ed5i s\u1ebd cho thu ho\u1ea1ch m\u1ed7i tu\u1ea7n 400kg. Ng\u01b0\u1eddi tr\u1ed3ng s\u1ebd c\u00f3 ngu\u1ed3n thu li\u00ean t\u1ee5c h\u00e0ng tu\u1ea7n.<\/p>\n<p>\u1ed4i tr\u00e2n ch\u00e2u c\u00f3 kh\u1ea3 n\u0103ng cho tr\u00e1i thu ho\u1ea1ch quanh n\u0103m.<\/p>\n<h2>L\u01b0u \u00fd v\u1ec1 vi\u1ec7c t\u1ec9a hoa v\u00e0 tr\u00e1i \u0111\u1ec3 t\u1ea1o n\u0103ng su\u1ea5t t\u1ed1t<\/h2>\n<p>Trong qu\u00e1 tr\u00ecnh tr\u1ed3ng \u1ed5i, vi\u1ec7c t\u1ec9a tr\u00e1i l\u00e0 b\u01b0\u1edbc quan tr\u1ecdng \u0111\u1ec3 t\u0103ng ch\u1ea5t l\u01b0\u1ee3ng qu\u1ea3. T\u1eeb m\u1ed9t c\u00e2y c\u00f3 h\u01a1n 50 tr\u00e1i non, vi\u1ec7c lo\u1ea1i b\u1ecf 30 tr\u00e1i gi\u00fap c\u00e2y t\u1eadp trung nu\u00f4i d\u01b0\u1ee1ng nh\u1eefng tr\u00e1i t\u1ed1t nh\u1ea5t. Khi qu\u1ea3 \u0111\u1ea1t k\u00edch c\u1ee1 b\u1eb1ng ng\u00f3n c\u00e1i, ng\u01b0\u1eddi tr\u1ed3ng n\u00ean b\u1ecdc tr\u00e1i v\u1edbi nilon v\u00e0 x\u1ed1p, b\u1ea3o v\u1ec7 \u1ed5i kh\u1ecfi s\u00e2u b\u1ec7nh, ng\u0103n ch\u1eb7n hi\u1ec7n t\u01b0\u1ee3ng n\u00e1m tr\u00e1i, t\u1eeb \u0111\u00f3 t\u1ea1o n\u0103ng su\u1ea5t cao, n\u00e2ng cao v\u1ebb \u0111\u1eb9p v\u00e0 h\u01b0\u01a1ng v\u1ecb c\u1ee7a \u1ed5i.<\/p>\n<h2>Kh\u00ed h\u1eadu v\u00e0 \u0111\u1ea5t tr\u1ed3ng th\u00edch h\u1ee3p v\u1edbi gi\u1ed1ng \u1ed5i tr\u00e2n ch\u00e2u<\/h2>\n<p>C\u00e2y \u1ed5i tr\u00e2n ch\u00e2u kh\u00f4ng k\u00e9n \u0111\u1ea5t nh\u01b0ng s\u1ebd t\u1ed1t nh\u1ea5t n\u1ebfu ch\u00fang \u0111\u01b0\u1ee3c tr\u1ed3ng \u1edf \u0111\u1ea5t c\u00f3 th\u1ecbt, tho\u00e1t n\u01b0\u1edbc t\u1ed1t v\u00e0 c\u00f3 \u0111\u1ed9 t\u01a1i x\u1ed1p.<\/p>\n<p>\u0110\u1ea5t v\u1edbi \u0111\u1ed9 pH kho\u1ea3ng 6 \u0111\u01b0\u1ee3c xem l\u00e0 \u0111i\u1ec1u ki\u1ec7n l\u00fd t\u01b0\u1edfng, gi\u00fap c\u00e2y\u1ed5i tr\u00e2n ch\u00e2u sinh tr\u01b0\u1edfng t\u1ed1t v\u00e0 kh\u1ecfe m\u1ea1nh.<\/p>\n<p>\u1ede c\u1ea3 ba mi\u1ec1n \u0111\u1ec1u c\u00f3 th\u1ec3 tr\u1ed3ng v\u00e0 thu ho\u1ea1ch \u0111\u01b0\u1ee3c gi\u1ed1ng \u1ed5i tr\u00e2n ch\u00e2u.<\/p>\n<h2>Kho\u1ea3ng c\u00e1ch tr\u1ed3ng \u1ed5i tr\u00e2n ch\u00e2u<\/h2>\n<p>C\u00e1c c\u00e2y \u1ed5i tr\u00e2n ch\u00e2u tr\u1ed3ng c\u00e1ch nhau 2,5m x 2,5m, v\u1eady 1000m2 tr\u1ed3ng \u0111\u01b0\u1ee3c 160 c\u00e2y.<\/p>\n<h2>Gi\u00e1 c\u00e2y gi\u1ed1ng \u1ed5i tr\u00e2n ch\u00e2u<\/h2>\n<p>Gi\u00e1 c\u00e2y gi\u1ed1ng \u1ed5i tr\u00e2n ch\u00e2u t\u1ea1i v\u01b0\u1eddn Ph\u00fac An dao \u0111\u1ed9ng t\u1eeb 22.000 &#8211; 25.000\/ c\u00e2y. T\u00f9y theo l\u00f4 c\u00e2y, s\u1ed1 l\u01b0\u1ee3ng \u0111\u1eb7t s\u1ebd c\u00f3 m\u1ee9c gi\u00e1 kh\u00e1c nhau. Ch\u00fang t\u00f4i cam k\u1ebft lu\u00f4n gi\u1eef m\u1ee9c gi\u00e1 t\u1ed1t nh\u1ea5t \u0111\u1ec3 m\u1ecdi kh\u00e1ch h\u00e0ng \u0111\u1ec1u c\u00f3 th\u1ec3 ch\u1ecdn mua nh\u1eefng c\u00e2y gi\u1ed1ng th\u1eadt t\u1ed1t cho khu v\u01b0\u1eddn c\u1ee7a m\u00ecnh.<\/p>\n<h2>Mua c\u00e2y gi\u1ed1ng \u1ed5i tr\u00e2n ch\u00e2u \u1edf \u0111\u00e2u uy t\u00edn?<\/h2>\n<p>C\u00e2y gi\u1ed1ng Ph\u00fac An cung c\u1ea5p c\u00e2y gi\u1ed1ng \u1ed5i tr\u00e2n ch\u00e2u ch\u1ea5t l\u01b0\u1ee3ng, \u0111\u01b0\u1ee3c b\u1ea3o h\u00e0nh \u0111\u00fang gi\u1ed1ng cho t\u1edbi khi c\u00f3 tr\u00e1i. V\u01b0\u1eddn nh\u00e2n gi\u1ed1ng c\u1ee7a Ph\u00fac An \u0111\u01b0\u1ee3c ch\u1ecdn l\u1ef1a k\u1ef9 l\u01b0\u1ee1ng, l\u00e0 v\u01b0\u1eddn \u0111\u00e3 cho tr\u00e1i chu\u1ea9n v\u00e0 \u1ed5n \u0111\u1ecbnh. C\u00e0nh gh\u00e9p \u0111\u01b0\u1ee3c tuy\u1ec3n ch\u1ecdn kh\u1ecfe m\u1ea1nh xanh t\u1ed1t.<\/p>\n<p>Ti\u00eau chu\u1ea9n C\u00e2y gi\u1ed1ng \u1ed5i tr\u00e2n ch\u00e2u \u0111\u01b0\u1ee3c cung c\u1ea5p b\u1edfi v\u01b0\u1eddn Ph\u00fac An:<\/p>\n<p>&#8211; Chi\u1ec1u cao c\u00e2y gi\u1ed1ng 50-70cm<\/p>\n<p>&#8211; C\u00e2y nu\u00f4i b\u1ea7u<\/p>\n<p>&#8211; R\u1ec5 ph\u00e1t tri\u1ec3n m\u1ea1nh, v\u1ebft gh\u00e9p ti\u1ebfp h\u1ee3p t\u1ed1t, l\u00e1 \u0111ang chuy\u1ec3n gi\u00e0 kh\u00f4ng s\u00e2u b\u1ec7nh<\/p>\n<p>C\u00e2y tr\u1ea3i qua qu\u00e1 tr\u00ecnh nh\u00e2n gi\u1ed1ng, d\u01b0\u1ee1ng c\u00e2y con, x\u1ea3 n\u1eafng ho\u00e0n ch\u1ec9nh. \u0110\u1ebfn tay c\u00f4 b\u00e1c s\u1ebd l\u00e0 t\u1eebng c\u00e2y \u0111\u00e3 c\u1ee9ng c\u00e1p \u0111\u00e3 ra c\u01a1i ch\u1ed3i m\u1edbi. Qu\u00fd c\u00f4 b\u00e1c c\u00f3 th\u1ec3 li\u00ean h\u1ec7 tr\u1ef1c ti\u1ebfp qua SDT\/ Zalo 0962 888 014 (<a href=\"http:\/\/localhost\/phucan713\/\" target=\"_blank\" rel=\"noopener\">c\u00e2y gi\u1ed1ng Ph\u00fac An<\/a>) \u0111\u1ec3 ch\u00fang t\u00f4i t\u01b0 v\u1ea5n v\u00e0 b\u00e1o gi\u00e1 c\u1ee5 th\u1ec3. Xin c\u1ea3m \u01a1n qu\u00fd c\u00f4 b\u00e1c \u0111\u00e3 \u0111\u1eb7t ni\u1ec1m tin v\u1edbi nh\u00e0 v\u01b0\u1eddn Ph\u00fac An.<\/p>\n<p>&gt;&gt; M\u1eddi b\u1ea1n \u0111\u1ecdc th\u00eam: <a href=\"https:\/\/nongnghiepmoitruong.vn\/tri-thuc-nong-dan\/oi-ruot-do-quang-minh-lam-chuyen-gia-nhat-me-man-d402119.html\" target=\"_blank\" rel=\"noopener\"><span style=\"color: #000080;\"><em><strong>\u1ed4i ru\u1ed9t \u0111\u1ecf l\u00e0m chuy\u00ean gia Nh\u1eadt m\u00ea m\u1ea9n<\/strong><\/em><\/span><\/a><\/p>\n","protected":false},"excerpt":{"rendered":"<p>* Gi\u00e1 tham kh\u1ea3o cho s\u1ed1 l\u01b0\u1ee3ng t\u1eeb 30 c\u00e2y, c\u00f3 th\u1ec3 thay \u0111\u1ed5i theo th\u1eddi \u0111i\u1ec3m<br \/>\n* Ch\u01b0a bao g\u1ed3m ph\u00ed v\u1eadn chuy\u1ec3n (t\u00f9y theo s\u1ed1 l\u01b0\u1ee3ng c\u00e2y v\u00e0 \u0111\u1ecba \u0111i\u1ec3m giao h\u00e0ng)<\/p>\n","protected":false},"featured_media":1933,"comment_status":"open","ping_status":"closed","template":"","meta":[],"product_brand":[],"product_cat":[86],"product_tag":[88],"class_list":{"0":"post-1375","1":"product","2":"type-product","3":"status-publish","4":"has-post-thumbnail","6":"product_cat-giong-oi","7":"product_tag-giong-oi-tran-chau","9":"first","10":"instock","11":"shipping-taxable","12":"purchasable","13":"product-type-simple"},"_links":{"self":[{"href":"https:\/\/ktech4.k-tech-services.com\/phucan713\/wp-json\/wp\/v2\/product\/1375","targetHints":{"allow":["GET"]}}],"collection":[{"href":"https:\/\/ktech4.k-tech-services.com\/phucan713\/wp-json\/wp\/v2\/product"}],"about":[{"href":"https:\/\/ktech4.k-tech-services.com\/phucan713\/wp-json\/wp\/v2\/types\/product"}],"replies":[{"embeddable":true,"href":"https:\/\/ktech4.k-tech-services.com\/phucan713\/wp-json\/wp\/v2\/comments?post=1375"}],"wp:featuredmedia":[{"embeddable":true,"href":"https:\/\/ktech4.k-tech-services.com\/phucan713\/wp-json\/"}],"wp:attachment":[{"href":"https:\/\/ktech4.k-tech-services.com\/phucan713\/wp-json\/wp\/v2\/media?parent=1375"}],"wp:term":[{"taxonomy":"product_brand","embeddable":true,"href":"https:\/\/ktech4.k-tech-services.com\/phucan713\/wp-json\/wp\/v2\/product_brand?post=1375"},{"taxonomy":"product_cat","embeddable":true,"href":"https:\/\/ktech4.k-tech-services.com\/phucan713\/wp-json\/wp\/v2\/product_cat?post=1375"},{"taxonomy":"product_tag","embeddable":true,"href":"https:\/\/ktech4.k-tech-services.com\/phucan713\/wp-json\/wp\/v2\/product_tag?post=1375"}],"curies":[{"name":"wp","href":"https:\/\/api.w.org\/{rel}","templated":true}]}}