{"id":1380,"date":"2024-03-30T10:16:57","date_gmt":"2024-03-30T10:16:57","guid":{"rendered":"https:\/\/caygiongphucan.com\/?post_type=product&amp;p=1380"},"modified":"2024-03-30T10:16:57","modified_gmt":"2024-03-30T10:16:57","slug":"cay-giong-nhan-xuong-tim","status":"publish","type":"product","link":"https:\/\/ktech4.k-tech-services.com\/phucan713\/san-pham\/cay-giong-nhan-xuong-tim\/","title":{"rendered":"C\u00e2y gi\u1ed1ng nh\u00e3n xu\u1ed3ng t\u00edm"},"content":{"rendered":"<p>Gi\u1ed1ng nh\u00e3n xu\u1ed3ng t\u00edm mang v\u1ebb ngo\u00e0i tuy\u1ec7t \u0111\u1eb9p b\u1eaft m\u1eaft, m\u00e0u \u0111\u1ecf c\u1ee7a s\u1ef1 th\u1ecbn v\u01b0\u1ee3ng. Tr\u00e1i to, c\u00e2y c\u00f3 s\u1ee9c s\u1ed1ng m\u1ea1nh m\u1ebd c\u00f3 th\u1ec3 s\u1ed1ng t\u1ed1t \u1edf b\u1ea5t k\u00ec \u0111\u00e2u. Tr\u1ed3ng l\u00e0m kinh t\u1ebf hay c\u00e2y c\u1ea3nh \u0111\u1ec1u l\u00e0 \u00fd t\u01b0\u1edfng hay.<\/p>\n<h2><strong><b>\u0110\u1eb7c \u0111i\u1ec3m gi\u1ed1ng nh\u00e3n xu\u1ed3ng t\u00edm<\/b><\/strong><\/h2>\n<figure id=\"attachment_1925\" aria-describedby=\"caption-attachment-1925\" style=\"width: 375px\" class=\"wp-caption aligncenter\"><img loading=\"lazy\" decoding=\"async\" class=\"wp-image-1925\" src=\"http:\/\/localhost\/phucan713\/wp-content\/uploads\/2024\/03\/342972671_281935307493872_1669342293511184391_n-1-225x300.jpg\" alt=\"Ch\u00f9m nh\u00e3n xu\u1ed3ng t\u00edm \u0111\u1eb9p m\u1eaft\" width=\"375\" height=\"500\" \/><figcaption id=\"caption-attachment-1925\" class=\"wp-caption-text\">Ch\u00f9m nh\u00e3n xu\u1ed3ng t\u00edm \u0111\u1eb9p m\u1eaft<\/figcaption><\/figure>\n<h3><strong><b>Xu\u1ea5t x\u1ee9<\/b><\/strong><\/h3>\n<p>Nh\u00e3n xu\u1ed3ng t\u00edm l\u00e0 gi\u1ed1ng \u0111\u1ed9t bi\u1ebfn t\u1eeb gi\u1ed1ng nh\u00e3n xu\u1ed3ng c\u01a1m v\u00e0ng, ngu\u1ed3n g\u1ed1c \u1edf mi\u1ec1n t\u00e2y. \u0110\u01b0\u1ee3c \u00f4ng Nguy\u1ec5n V\u0103n Ph\u00fac (Mang Th\u00edt, V\u0129nh Long) ph\u00e1t hi\u1ec7n v\u00e0o n\u0103m 2015, t\u1eeb \u0111\u00f3 \u00f4ng cho nh\u00e2n gi\u1ed1ng nh\u00e3n n\u00e0y l\u00ean nhi\u1ec1u h\u01a1n, v\u00ec m\u00e0u s\u1eafc qu\u00e1 \u0111\u1eb9p v\u00e0 b\u1eaft m\u1eaft.<\/p>\n<p>Nh\u00e3n xu\u1ed3ng t\u00edm \u0111\u01b0\u1ee3c tr\u1ed3ng d\u01b0\u1edbi d\u1ea1ng c\u00e2y gh\u00e9p c\u00e0nh, b\u1edfi v\u00ec n\u1ebfu chi\u1ebft c\u00e0nh th\u00ec c\u00e2y b\u1ecb ch\u1eadm ph\u00e1t tri\u1ec3n v\u00e0 l\u00e2u cho tr\u00e1i. \u0110\u00e2y l\u00e0 \u0111i\u1ec3m th\u00fa v\u1ecb c\u1ea7n l\u01b0u \u00fd cho nh\u00e0 v\u01b0\u1eddn.<\/p>\n<p><strong style=\"color: #333333; font-size: 20.16px;\"><b>Chi\u1ec1u cao, h\u00ecnh d\u00e1ng<\/b><\/strong><\/p>\n<p>T\u01b0\u01a1ng t\u1ef1 nh\u01b0 nh\u00e3n xu\u1ed3ng c\u01a1m v\u00e0ng, nh\u00e3n xu\u1ed3ng t\u00edm c\u00f3 chi\u1ec1u cao t\u1eeb 3-5m khi tr\u01b0\u1edfng th\u00e0nh (ch\u1ee7 v\u01b0\u1eddn n\u00ean kh\u1ed1ng ch\u1ebf chi\u1ec1u cao \u0111\u1ec3 t\u1ea1o t\u00e1n \u0111\u1eb9p v\u00e0 d\u1ec5 h\u00e1i tr\u00e1i)<\/p>\n<figure id=\"attachment_1923\" aria-describedby=\"caption-attachment-1923\" style=\"width: 375px\" class=\"wp-caption aligncenter\"><img loading=\"lazy\" decoding=\"async\" class=\"wp-image-1923\" src=\"http:\/\/localhost\/phucan713\/wp-content\/uploads\/2024\/03\/284935584_521809873022343_1537491965796692735_n-225x300.jpg\" alt=\"C\u00e2y nh\u00e3n xu\u1ed3ng t\u00edm tr\u01b0\u1edfng th\u00e0nh cho tr\u00e1i s\u1edbm\" width=\"375\" height=\"500\" \/><figcaption id=\"caption-attachment-1923\" class=\"wp-caption-text\">C\u00e2y nh\u00e3n xu\u1ed3ng t\u00edm tr\u01b0\u1edfng th\u00e0nh cho tr\u00e1i s\u1edbm<\/figcaption><\/figure>\n<h2><strong><b>\u0110\u1eb7c \u0111i\u1ec3m tr\u00e1i nh\u00e3n xu\u1ed3ng t\u00edm<\/b><\/strong><\/h2>\n<p>Gi\u1ed1ng nh\u00e3n n\u00e0y n\u1ed5i b\u1eadt v\u1edbi v\u1ecf c\u00f3 m\u00e0u \u0111\u1ecf t\u00edm v\u00e0 ph\u1ea7n c\u01a1m m\u00e0u v\u00e0ng, s\u1edf h\u1eefu h\u01b0\u01a1ng v\u1ecb ng\u1ecdt ng\u00e0o \u0111\u1eb7c tr\u01b0ng. \u0110i\u1ec1u \u0111\u1eb7c bi\u1ec7t l\u00e0 c\u00e2y c\u00f3 th\u1ec3 t\u1ef1 \u0111\u1eadu tr\u00e1i m\u00e0 kh\u00f4ng c\u1ea7n nh\u1eefng bi\u1ec7n ph\u00e1p k\u00edch th\u00edch hay x\u1eed l\u00fd \u0111\u1ec3 th\u00fac \u0111\u1ea9y qu\u00e1 tr\u00ecnh ra hoa nh\u01b0 nh\u1eefng gi\u1ed1ng nh\u00e3n kh\u00e1c.<\/p>\n<figure id=\"attachment_1929\" aria-describedby=\"caption-attachment-1929\" style=\"width: 375px\" class=\"wp-caption aligncenter\"><img loading=\"lazy\" decoding=\"async\" class=\"wp-image-1929\" src=\"http:\/\/localhost\/phucan713\/wp-content\/uploads\/2024\/03\/363336790_3521804441472375_4812543447194054949_n-225x300.jpg\" alt=\"Tr\u00e1i nh\u00e3n xu\u1ed3ng t\u00edm m\u00e0u s\u1eafc \u0111\u1eb9p m\u1eaft\" width=\"375\" height=\"500\" \/><figcaption id=\"caption-attachment-1929\" class=\"wp-caption-text\">Tr\u00e1i nh\u00e3n xu\u1ed3ng t\u00edm m\u00e0u s\u1eafc \u0111\u1eb9p m\u1eaft<\/figcaption><\/figure>\n<figure id=\"attachment_1922\" aria-describedby=\"caption-attachment-1922\" style=\"width: 375px\" class=\"wp-caption aligncenter\"><img loading=\"lazy\" decoding=\"async\" class=\"wp-image-1922\" src=\"http:\/\/localhost\/phucan713\/wp-content\/uploads\/2024\/03\/245402225_400569725005614_5006760146100759363_n-225x300.jpg\" alt=\"C\u01a1m nh\u00e3n xu\u1ed3ng t\u00edm kh\u00e1 d\u00e0y\" width=\"375\" height=\"500\" \/><figcaption id=\"caption-attachment-1922\" class=\"wp-caption-text\">C\u01a1m nh\u00e3n xu\u1ed3ng t\u00edm kh\u00e1 d\u00e0y<\/figcaption><\/figure>\n<h2><strong><b>C\u00e2y nh\u00e3n xu\u1ed3ng t\u00edm tr\u1ed3ng bao l\u00e2u c\u00f3 tr\u00e1i? <\/b><\/strong><\/h2>\n<p>Kho\u1ea3ng 6 th\u00e1ng sau khi tr\u1ed3ng nh\u00e3n xu\u1ed3ng t\u00edm s\u1ebd cho tr\u00e1i b\u00f3i, 2 n\u0103m l\u00e0 \u0111\u1ee7 th\u1eddi gian \u0111\u1ec3 c\u00e2y tr\u01b0\u1edfng th\u00e0nh v\u00e0 cho tr\u00e1i thu ho\u1ea1ch.<\/p>\n<h2><strong><b>N\u0103ng su\u1ea5t gi\u1ed1ng nh\u00e3n xu\u1ed3ng t\u00edm<\/b><\/strong><\/h2>\n<p>Nh\u00e3n xu\u1ed3ng t\u00edm c\u00f3 th\u1ec3 cho tr\u00e1i quanh n\u0103m, n\u0103ng su\u1ea5t t\u01b0\u01a1ng \u0111\u01b0\u01a1ng v\u1edbi nh\u00e3n xu\u1ed3ng c\u01a1m v\u00e0ng.<\/p>\n<p>V\u1edbi \u0111i\u1ec1u ki\u1ec7n \u0111\u1ea5t v\u00e0 kh\u00ed h\u1eadu ph\u00f9 h\u1ee3p, gi\u1ed1ng nh\u00e3n xu\u1ed3ng t\u00edm n\u00e0y c\u00f3 th\u1ec3 \u0111\u1ea1t n\u0103ng su\u1ea5t kho\u1ea3ng 12-14 t\u1ea5n\/ha.<\/p>\n<p>M\u00e0u s\u1eafc \u0111\u1ed9c l\u1ea1, \u0111\u1eb9p m\u1eaft v\u00e0 ch\u1ea5t l\u01b0\u1ee3ng c\u01a1m nh\u00e3n d\u00e0y ngon, gi\u1ed1ng nh\u00e3n n\u00e0y kh\u00f4ng ch\u1ec9 l\u00e0 \u0111\u1ec3 tr\u1ed3ng s\u01b0u t\u1ea7m m\u00e0 c\u00f2n c\u00f3 th\u1ec3 khai th\u00e1c kinh t\u1ebf t\u1ed1t trong t\u01b0\u01a1ng lai. \u0110\u1eb7c bi\u1ec7t v\u1edbi nh\u1eefng ai th\u00edch \u0111i h\u01b0\u1edbng m\u1edbi kh\u00e1c bi\u1ec7t.<\/p>\n<figure id=\"attachment_1926\" aria-describedby=\"caption-attachment-1926\" style=\"width: 375px\" class=\"wp-caption aligncenter\"><img loading=\"lazy\" decoding=\"async\" class=\"wp-image-1926\" src=\"http:\/\/localhost\/phucan713\/wp-content\/uploads\/2024\/03\/347251284_920267489600179_7714564734432187805_n-225x300.jpg\" alt=\"Thu ho\u1ea1ch nh\u00e3n xu\u1ed3ng t\u00edm\" width=\"375\" height=\"500\" \/><figcaption id=\"caption-attachment-1926\" class=\"wp-caption-text\">Thu ho\u1ea1ch nh\u00e3n xu\u1ed3ng t\u00edm<\/figcaption><\/figure>\n<h2><strong><b>Kh\u00ed h\u1eadu v\u00e0 \u0111\u1ea5t tr\u1ed3ng th\u00edch h\u1ee3p v\u1edbi gi\u1ed1ng nh<\/b><\/strong><strong><b>\u00e3n xu\u1ed3ng t\u00edm<\/b><\/strong><\/h2>\n<p>C\u00e2y nh\u00e3n xu\u1ed3ng t\u00edm r\u1ea5t d\u1ec5 th\u00edch nghi v\u1edbi nhi\u1ec1u lo\u1ea1i \u0111\u1ea5t, k\u1ec3 c\u1ea3 nh\u1eefng lo\u1ea1i \u0111\u1ea5t b\u1ecb nhi\u1ec5m m\u1eb7n, m\u1ed9t \u0111i\u1ec1u m\u00e0 kh\u00f4ng ph\u1ea3i lo\u1ea1i c\u00e2y n\u00e0o c\u0169ng c\u00f3 th\u1ec3 l\u00e0m \u0111\u01b0\u1ee3c.<\/p>\n<p>\u0110\u1ea5t l\u00fd t\u01b0\u1edfng nh\u1ea5t cho vi\u1ec7c tr\u1ed3ng nh\u00e3n bao g\u1ed3m \u0111\u1ea5t \u0111\u1ecf Bazan, \u0111\u1ea5t c\u00e1t pha, \u0111\u1ea5t c\u00e1t gi\u1ed3ng, \u0111\u1ea5t c\u1ed3n, v\u00e0 \u0111\u1ea5t ph\u00f9 sa ven s\u00f4ng, nh\u1eefng lo\u1ea1i \u0111\u1ea5t n\u00e0y c\u00f3 \u0111\u1ed9 pH dao \u0111\u1ed9ng t\u1eeb 5 \u0111\u1ebfn 7. \u0110i\u1ec1u n\u00e0y t\u1ea1o \u0111i\u1ec1u ki\u1ec7n t\u1ed1t nh\u1ea5t v\u1ec1 dinh d\u01b0\u1ee1ng v\u00e0 tho\u00e1t n\u01b0\u1edbc, l\u00e0 hai y\u1ebfu t\u1ed1 quan tr\u1ecdng gi\u00fap c\u00e2y nh\u00e3n ph\u00e1t tri\u1ec3n kh\u1ecfe m\u1ea1nh.<\/p>\n<p>Nh\u00e3n xu\u1ed3ng t\u00edm th\u00edch \u0111\u01b0\u1ee3c tr\u1ed3ng tr\u00ean m\u00f4 cao, v\u1edbi m\u1ef1c n\u01b0\u1edbc th\u1ea5p, \u0111\u1ecbnh k\u1ef3 b\u00f3n ph\u00e2n h\u1eefu c\u01a1 th\u00ec c\u00e2y s\u1ebd ph\u00e1t tri\u1ec3n t\u1ed1t, cho n\u0103ng su\u1ea5t cao l\u00e2u d\u00e0i.<\/p>\n<h2><strong><b>Kho\u1ea3ng c\u00e1ch tr\u1ed3ng nh\u00e3n xu\u1ed3ng t\u00edm<\/b><\/strong><\/h2>\n<p>C\u00e1c c\u00e2y nh\u00e3n xu\u1ed3ng t\u00edm tr\u1ed3ng c\u00e1ch nhau 4m x 4m, v\u1eady 1000m2 tr\u1ed3ng \u0111\u01b0\u1ee3c kho\u1ea3ng 60 c\u00e2y.<\/p>\n<h2><strong><b>Gi\u00e1 c\u00e2y gi\u1ed1ng nh\u00e3n xu\u1ed3ng t\u00edm<\/b><\/strong><\/h2>\n<p>Gi\u00e1 c\u00e2y gi\u1ed1ng nh\u00e3n xu\u1ed3ng t\u00edm t\u1ea1i v\u01b0\u1eddn Ph\u00fac An dao \u0111\u1ed9ng t\u1eeb 37.000 &#8211; 40.000\/ c\u00e2y. T\u00f9y theo l\u00f4 c\u00e2y, s\u1ed1 l\u01b0\u1ee3ng \u0111\u1eb7t s\u1ebd c\u00f3 m\u1ee9c gi\u00e1 kh\u00e1c nhau. Ch\u00fang t\u00f4i cam k\u1ebft lu\u00f4n gi\u1eef m\u1ee9c gi\u00e1 t\u1ed1t nh\u1ea5t \u0111\u1ec3 m\u1ecdi kh\u00e1ch h\u00e0ng \u0111\u1ec1u c\u00f3 th\u1ec3 ch\u1ecdn mua nh\u1eefng c\u00e2y gi\u1ed1ng th\u1eadt t\u1ed1t cho khu v\u01b0\u1eddn c\u1ee7a m\u00ecnh.<\/p>\n<figure id=\"attachment_1918\" aria-describedby=\"caption-attachment-1918\" style=\"width: 375px\" class=\"wp-caption aligncenter\"><img loading=\"lazy\" decoding=\"async\" class=\"wp-image-1918\" src=\"http:\/\/localhost\/phucan713\/wp-content\/uploads\/2024\/03\/154295612_324210715872529_3994479232824215703_n-225x300.jpg\" alt=\"C\u00e2y gi\u1ed1ng nh\u00e3n xu\u1ed3ng t\u00edm Ph\u00fac An cung c\u1ea5p\" width=\"375\" height=\"500\" \/><figcaption id=\"caption-attachment-1918\" class=\"wp-caption-text\">C\u00e2y gi\u1ed1ng nh\u00e3n xu\u1ed3ng t\u00edm Ph\u00fac An cung c\u1ea5p<\/figcaption><\/figure>\n<figure id=\"attachment_1919\" aria-describedby=\"caption-attachment-1919\" style=\"width: 375px\" class=\"wp-caption aligncenter\"><img loading=\"lazy\" decoding=\"async\" class=\"wp-image-1919\" src=\"http:\/\/localhost\/phucan713\/wp-content\/uploads\/2024\/03\/187420581_399774404982826_56033887141992111_n-225x300.jpg\" alt=\"C\u00e2y gi\u1ed1ng nh\u00e3n xu\u1ed3ng t\u00edm Ph\u00fac An cung c\u1ea5p\" width=\"375\" height=\"500\" \/><figcaption id=\"caption-attachment-1919\" class=\"wp-caption-text\">C\u00e2y gi\u1ed1ng nh\u00e3n xu\u1ed3ng t\u00edm Ph\u00fac An cung c\u1ea5p<\/figcaption><\/figure>\n<h2><strong><b>Mua c\u00e2y gi\u1ed1ng nh\u00e3n xu\u1ed3ng t\u00edm \u1edf \u0111\u00e2u uy t\u00edn?<\/b><\/strong><\/h2>\n<p>C\u00e2y gi\u1ed1ng Ph\u00fac An cung c\u1ea5p c\u00e2y gi\u1ed1ng nh\u00e3n xu\u1ed3ng t\u00edm ch\u1ea5t l\u01b0\u1ee3ng, \u0111\u01b0\u1ee3c b\u1ea3o h\u00e0nh \u0111\u00fang gi\u1ed1ng cho t\u1edbi khi c\u00f3 tr\u00e1i. V\u01b0\u1eddn nh\u00e2n gi\u1ed1ng c\u1ee7a Ph\u00fac An \u0111\u01b0\u1ee3c ch\u1ecdn l\u1ef1a k\u1ef9 l\u01b0\u1ee1ng, l\u00e0 v\u01b0\u1eddn \u0111\u00e3 cho tr\u00e1i chu\u1ea9n v\u00e0 \u1ed5n \u0111\u1ecbnh. C\u00e0nh gh\u00e9p \u0111\u01b0\u1ee3c tuy\u1ec3n ch\u1ecdn kh\u1ecfe m\u1ea1nh xanh t\u1ed1t.<\/p>\n<figure id=\"attachment_1920\" aria-describedby=\"caption-attachment-1920\" style=\"width: 375px\" class=\"wp-caption aligncenter\"><img loading=\"lazy\" decoding=\"async\" class=\"wp-image-1920\" src=\"http:\/\/localhost\/phucan713\/wp-content\/uploads\/2024\/03\/197740057_416980726595527_6710174748127746841_n-225x300.jpg\" alt=\"C\u00e2y gi\u1ed1ng nh\u00e3n xu\u1ed3ng t\u00edm t\u1ea1i C\u00e2y Gi\u1ed1ng Ph\u00fac An\" width=\"375\" height=\"500\" \/><figcaption id=\"caption-attachment-1920\" class=\"wp-caption-text\">C\u00e2y gi\u1ed1ng nh\u00e3n xu\u1ed3ng t\u00edm t\u1ea1i C\u00e2y Gi\u1ed1ng Ph\u00fac An<\/figcaption><\/figure>\n<p><span style=\"color: #008000;\"><strong>Ti\u00eau chu\u1ea9n C\u00e2y gi\u1ed1ng nh\u00e3n xu\u1ed3ng t\u00edm \u0111\u01b0\u1ee3c cung c\u1ea5p b\u1edfi v\u01b0\u1eddn Ph\u00fac An:<\/strong><\/span><\/p>\n<ul>\n<li>H\u00ecnh th\u1ee9c nh\u00e2n gi\u1ed1ng: C\u00e2y gh\u00e9p chui c\u00e0nh (th\u00e1p c\u00e0nh)<\/li>\n<li>Chi\u1ec1u cao c\u00e2y gi\u1ed1ng 50-70cm<\/li>\n<li>C\u00e2y nu\u00f4i b\u1ea7u<\/li>\n<li>R\u1ec5 ph\u00e1t tri\u1ec3n m\u1ea1nh, v\u1ebft gh\u00e9p ti\u1ebfp h\u1ee3p t\u1ed1t, l\u00e1 \u0111ang chuy\u1ec3n gi\u00e0 kh\u00f4ng s\u00e2u b\u1ec7nh<\/li>\n<\/ul>\n<p>C\u00e2y tr\u1ea3i qua qu\u00e1 tr\u00ecnh nh\u00e2n gi\u1ed1ng, d\u01b0\u1ee1ng c\u00e2y con, x\u1ea3 n\u1eafng ho\u00e0n ch\u1ec9nh. \u0110\u1ebfn tay c\u00f4 b\u00e1c s\u1ebd l\u00e0 t\u1eebng c\u00e2y \u0111\u00e3 c\u1ee9ng c\u00e1p \u0111\u00e3 ra c\u01a1i ch\u1ed3i m\u1edbi. Qu\u00fd c\u00f4 b\u00e1c c\u00f3 th\u1ec3 li\u00ean h\u1ec7 tr\u1ef1c ti\u1ebfp qua SDT\/ Zalo 0962 888 014 (<a href=\"http:\/\/localhost\/phucan713\/\" target=\"_blank\" rel=\"noopener\">c\u00e2y gi\u1ed1ng Ph\u00fac An<\/a>) \u0111\u1ec3 ch\u00fang t\u00f4i t\u01b0 v\u1ea5n v\u00e0 b\u00e1o gi\u00e1 c\u1ee5 th\u1ec3. Xin c\u1ea3m \u01a1n qu\u00fd c\u00f4 b\u00e1c \u0111\u00e3 \u0111\u1eb7t ni\u1ec1m tin v\u1edbi nh\u00e0 v\u01b0\u1eddn Ph\u00fac An.<\/p>\n<p>&gt;&gt; M\u1eddi b\u1ea1n \u0111\u1ecdc th\u00eam: <a href=\"https:\/\/vnexpress.net\/130-000-dong-mot-kg-nhan-xuong-tim-4761182.html\" target=\"_blank\" rel=\"noopener\"><span style=\"color: #000080;\"><em><strong>130.000 \u0111\u1ed3ng m\u1ed9t kg nh\u00e3n xu\u1ed3ng t\u00edm<\/strong><\/em><\/span><\/a><\/p>\n","protected":false},"excerpt":{"rendered":"<p>* Gi\u00e1 tham kh\u1ea3o cho s\u1ed1 l\u01b0\u1ee3ng t\u1eeb 30 c\u00e2y, c\u00f3 th\u1ec3 thay \u0111\u1ed5i theo th\u1eddi \u0111i\u1ec3m<br \/>\n* Ch\u01b0a bao g\u1ed3m ph\u00ed v\u1eadn chuy\u1ec3n (t\u00f9y theo s\u1ed1 l\u01b0\u1ee3ng c\u00e2y v\u00e0 \u0111\u1ecba \u0111i\u1ec3m giao h\u00e0ng)<\/p>\n","protected":false},"featured_media":1926,"comment_status":"open","ping_status":"closed","template":"","meta":[],"product_brand":[],"product_cat":[83],"product_tag":[85],"class_list":{"0":"post-1380","1":"product","2":"type-product","3":"status-publish","4":"has-post-thumbnail","6":"product_cat-giong-nhan","7":"product_tag-giong-nhan-xuong-tim","9":"first","10":"instock","11":"shipping-taxable","12":"purchasable","13":"product-type-simple"},"_links":{"self":[{"href":"https:\/\/ktech4.k-tech-services.com\/phucan713\/wp-json\/wp\/v2\/product\/1380","targetHints":{"allow":["GET"]}}],"collection":[{"href":"https:\/\/ktech4.k-tech-services.com\/phucan713\/wp-json\/wp\/v2\/product"}],"about":[{"href":"https:\/\/ktech4.k-tech-services.com\/phucan713\/wp-json\/wp\/v2\/types\/product"}],"replies":[{"embeddable":true,"href":"https:\/\/ktech4.k-tech-services.com\/phucan713\/wp-json\/wp\/v2\/comments?post=1380"}],"wp:featuredmedia":[{"embeddable":true,"href":"https:\/\/ktech4.k-tech-services.com\/phucan713\/wp-json\/"}],"wp:attachment":[{"href":"https:\/\/ktech4.k-tech-services.com\/phucan713\/wp-json\/wp\/v2\/media?parent=1380"}],"wp:term":[{"taxonomy":"product_brand","embeddable":true,"href":"https:\/\/ktech4.k-tech-services.com\/phucan713\/wp-json\/wp\/v2\/product_brand?post=1380"},{"taxonomy":"product_cat","embeddable":true,"href":"https:\/\/ktech4.k-tech-services.com\/phucan713\/wp-json\/wp\/v2\/product_cat?post=1380"},{"taxonomy":"product_tag","embeddable":true,"href":"https:\/\/ktech4.k-tech-services.com\/phucan713\/wp-json\/wp\/v2\/product_tag?post=1380"}],"curies":[{"name":"wp","href":"https:\/\/api.w.org\/{rel}","templated":true}]}}