{"id":1382,"date":"2024-03-30T10:24:44","date_gmt":"2024-03-30T10:24:44","guid":{"rendered":"https:\/\/caygiongphucan.com\/?post_type=product&amp;p=1382"},"modified":"2024-03-30T10:24:44","modified_gmt":"2024-03-30T10:24:44","slug":"cay-giong-nhan-long-tim","status":"publish","type":"product","link":"https:\/\/ktech4.k-tech-services.com\/phucan713\/san-pham\/cay-giong-nhan-long-tim\/","title":{"rendered":"C\u00e2y gi\u1ed1ng nh\u00e3n long t\u00edm"},"content":{"rendered":"<h2><strong><b>\u0110\u1eb7c \u0111i\u1ec3m gi\u1ed1ng nh\u00e3n long t\u00edm<\/b><\/strong><\/h2>\n<figure id=\"attachment_2409\" aria-describedby=\"caption-attachment-2409\" style=\"width: 500px\" class=\"wp-caption aligncenter\"><img loading=\"lazy\" decoding=\"async\" class=\"wp-image-2409\" src=\"http:\/\/localhost\/phucan713\/wp-content\/uploads\/2024\/03\/can-canh-trai-nhan-long-tim-300x203.jpg\" alt=\"C\u1eadn c\u1ea3nh tr\u00e1i nh\u00e3n long t\u00edm\" width=\"500\" height=\"338\" srcset=\"https:\/\/ktech4.k-tech-services.com\/phucan713\/wp-content\/uploads\/2024\/03\/can-canh-trai-nhan-long-tim-300x203.jpg 300w, https:\/\/ktech4.k-tech-services.com\/phucan713\/wp-content\/uploads\/2024\/03\/can-canh-trai-nhan-long-tim-768x520.jpg 768w, https:\/\/ktech4.k-tech-services.com\/phucan713\/wp-content\/uploads\/2024\/03\/can-canh-trai-nhan-long-tim-510x345.jpg 510w, https:\/\/ktech4.k-tech-services.com\/phucan713\/wp-content\/uploads\/2024\/03\/can-canh-trai-nhan-long-tim.jpg 1024w\" sizes=\"auto, (max-width: 500px) 100vw, 500px\" \/><figcaption id=\"caption-attachment-2409\" class=\"wp-caption-text\">C\u1eadn c\u1ea3nh tr\u00e1i nh\u00e3n long t\u00edm<\/figcaption><\/figure>\n<p>Nh\u00e3n long t\u00edm l\u00e0 m\u1ed9t lo\u1ea1i c\u00e2y c\u00f3 m\u00e0u s\u1eafc n\u1ed5i b\u1eadt, ch\u00fang s\u1ebd n\u00e2ng t\u1ea7m v\u1ebb \u0111\u1eb9p cho khu v\u01b0\u1eddn c\u1ee7a b\u1ea1n v\u00e0 mang \u0111\u1ebfn cho b\u1ea1n nh\u1eefng tr\u00e1i nh\u00e3n c\u00f3 m\u00e0u nh\u01b0 m\u1ed9t vi\u00ean h\u1ed3ng ng\u1ecdc b\u00f3ng b\u1ea9y.<\/p>\n<p>Tr\u00e1i nh\u00e3n long t\u00edm to h\u01a1n nh\u00e3n long th\u01b0\u1eddng v\u00e0 c\u01a1m d\u00e0y h\u01a1n, ch\u00ednh gi\u1eefa h\u1ea1t c\u00f3 m\u00e0u t\u00edm h\u1ed3ng.<\/p>\n<p>Gi\u1ed1ng n\u00e0y \u0111\u01b0\u1ee3c bi\u1ebft \u0111\u1ebfn v\u1edbi v\u1ebb ngo\u00e0i \u0111\u1ed9c \u0111\u00e1o v\u00e0 h\u01b0\u01a1ng v\u1ecb \u0111\u1eb7c bi\u1ec7t, khi\u1ebfn n\u00f3 tr\u1edf th\u00e0nh gi\u1ed1ng c\u00e2y \u0103n tr\u00e1i kh\u00f4ng th\u1ec3 b\u1ecf qua \u0111\u1ed1i v\u1edbi nh\u1eefng ng\u01b0\u1eddi \u0111am m\u00ea tr\u00e1i c\u00e2y v\u00e0 nh\u1eefng ng\u01b0\u1eddi y\u00eau th\u00edch l\u00e0m v\u01b0\u1eddn, th\u00edch s\u01b0u t\u1ea7m nh\u1eefng gi\u1ed1ng \u0111\u1ed9c l\u1ea1.<\/p>\n<p>Tr\u00e1i nh\u00e3n long t\u00edm khi ch\u00edn mang \u0111\u1ebfn s\u1ef1 k\u1ebft h\u1ee3p th\u00fa v\u1ecb gi\u1eefa v\u1ecb ng\u1ecdt v\u00e0 m\u1ecdng n\u01b0\u1edbc t\u1eeb c\u01a1m nh\u00e3n.<\/p>\n<figure id=\"attachment_1913\" aria-describedby=\"caption-attachment-1913\" style=\"width: 225px\" class=\"wp-caption aligncenter\"><img loading=\"lazy\" decoding=\"async\" class=\"wp-image-1913\" src=\"http:\/\/localhost\/phucan713\/wp-content\/uploads\/2024\/03\/434686576_960095669053014_1831464733816314013_n-135x300.jpg\" alt=\"B\u00ean trong tr\u00e1i nh\u00e3n long t\u00edm\" width=\"225\" height=\"500\" \/><figcaption id=\"caption-attachment-1913\" class=\"wp-caption-text\">B\u00ean trong tr\u00e1i nh\u00e3n long t\u00edm<\/figcaption><\/figure>\n<h2><strong><b>Xu\u1ea5t x\u1ee9<\/b><\/strong><\/h2>\n<figure id=\"attachment_2411\" aria-describedby=\"caption-attachment-2411\" style=\"width: 500px\" class=\"wp-caption aligncenter\"><img loading=\"lazy\" decoding=\"async\" class=\"wp-image-2411\" src=\"http:\/\/localhost\/phucan713\/wp-content\/uploads\/2024\/03\/nhan-long-tim-truong-thanh-300x225.jpg\" alt=\"C\u00e2y nh\u00e3n long t\u00edm \u0111\u01b0\u1ee3c ph\u00e1t hi\u1ec7n v\u00e0 tr\u1ed3ng \u0111\u1ea7u ti\u00ean \u1edf S\u00f3c Tr\u0103ng\" width=\"500\" height=\"375\" srcset=\"https:\/\/ktech4.k-tech-services.com\/phucan713\/wp-content\/uploads\/2024\/03\/nhan-long-tim-truong-thanh-300x225.jpg 300w, https:\/\/ktech4.k-tech-services.com\/phucan713\/wp-content\/uploads\/2024\/03\/nhan-long-tim-truong-thanh-768x576.jpg 768w, https:\/\/ktech4.k-tech-services.com\/phucan713\/wp-content\/uploads\/2024\/03\/nhan-long-tim-truong-thanh-510x383.jpg 510w, https:\/\/ktech4.k-tech-services.com\/phucan713\/wp-content\/uploads\/2024\/03\/nhan-long-tim-truong-thanh.jpg 1024w\" sizes=\"auto, (max-width: 500px) 100vw, 500px\" \/><figcaption id=\"caption-attachment-2411\" class=\"wp-caption-text\">C\u00e2y nh\u00e3n long t\u00edm \u0111\u01b0\u1ee3c ph\u00e1t hi\u1ec7n v\u00e0 tr\u1ed3ng \u0111\u1ea7u ti\u00ean \u1edf S\u00f3c Tr\u0103ng<\/figcaption><\/figure>\n<p>Nh\u00e3n long t\u00edm \u0111\u00e3 xu\u1ea5t hi\u1ec7n \u1edf n\u01b0\u1edbc ta t\u1eeb h\u01a1n 10 n\u0103m nay nh\u01b0ng t\u1eeb 2020 m\u1edbi \u0111\u01b0\u1ee3c nh\u00e2n gi\u1ed1ng r\u1ed9ng r\u00e3i. Nh\u1eefng c\u00e2y tr\u01b0\u1edfng th\u00e0nh \u0111\u1ea7u ti\u00ean l\u00e0 \u1edf S\u00f3c Tr\u0103ng.<\/p>\n<p>Nh\u00e3n long t\u00edm \u0111\u01b0\u1ee3c nh\u00e2n gi\u1ed1ng v\u00e0 tr\u1ed3ng d\u01b0\u1edbi d\u1ea1ng c\u00e2y gh\u00e9p c\u00e0nh. Kh\u00f4ng n\u00ean l\u1ea5y h\u1ea1t \u01b0\u01a1m c\u00e2y v\u00ec khi c\u00e2y l\u1edbn, l\u00e1 chuy\u1ec3n sang m\u00e0u xanh b\u00ecnh th\u01b0\u1eddng, kh\u00f4ng c\u00f2n m\u00e0u t\u00edm n\u1eefa.<\/p>\n<h2><strong><b>Chi\u1ec1u cao, h\u00ecnh d\u00e1ng<\/b><\/strong><\/h2>\n<p>Nh\u00e3n long t\u00edm c\u00f3 chi\u1ec1u cao t\u1eeb 3-5m khi tr\u01b0\u1edfng th\u00e0nh (ch\u1ee7 v\u01b0\u1eddn n\u00ean kh\u1ed1ng ch\u1ebf chi\u1ec1u cao \u0111\u1ec3 t\u1ea1o t\u00e1n \u0111\u1eb9p v\u00e0 d\u1ec5 h\u00e1i tr\u00e1i.<\/p>\n<h2><strong><b>C\u00e2y nh\u00e3n long t\u00edm tr\u1ed3ng bao l\u00e2u c\u00f3 tr\u00e1i? <\/b><\/strong><\/h2>\n<p>Kho\u1ea3ng 8 th\u00e1ng sau khi tr\u1ed3ng nh\u00e3n long t\u00edm s\u1ebd cho tr\u00e1i b\u00f3i, 2 n\u0103m l\u00e0 \u0111\u1ee7 th\u1eddi gian \u0111\u1ec3 c\u00e2y tr\u01b0\u1edfng th\u00e0nh v\u00e0 cho tr\u00e1i thu ho\u1ea1ch.<\/p>\n<p>Nh\u00e3n long t\u00edm cho tr\u00e1i 2 l\u1ea7n\/ n\u0103m. Ch\u00ednh v\u1ee5 v\u00e0o th\u00e1ng 6, v\u1ee5 ngh\u1ecbch v\u00e0o th\u00e1ng ch\u1ea1p.<\/p>\n<p>Nh\u1eefng n\u0103m \u0111\u1ea7u c\u00e2y cho \u0111\u01b0\u1ee3c v\u00e0i ch\u1ee5c kg tr\u00e1i, s\u1ed1 l\u01b0\u1ee3ng s\u1ebd t\u0103ng d\u1ea7n theo t\u1eebng n\u0103m v\u00e0 m\u00f9a v\u1ee5 l\u1ea7n n\u00e0y s\u1ea3n l\u01b0\u1ee3ng nh\u00e3n t\u00edm c\u1ee7a v\u01b0\u1eddn anh To\u00e0n \u01b0\u1edbc t\u00ednh l\u00ean \u0111\u1ebfn 2 t\u1ea5n.<\/p>\n<figure id=\"attachment_2407\" aria-describedby=\"caption-attachment-2407\" style=\"width: 375px\" class=\"wp-caption aligncenter\"><img loading=\"lazy\" decoding=\"async\" class=\"wp-image-2407\" src=\"http:\/\/localhost\/phucan713\/wp-content\/uploads\/2024\/03\/353413980_1074192560654252_3907213407369106398_n-225x300.jpg\" alt=\"Thu ho\u1ea1ch nh\u00e3n long t\u00edm, c\u00f3 gi\u00e1 b\u00e1n r\u1ea5t cao\" width=\"375\" height=\"500\" srcset=\"https:\/\/ktech4.k-tech-services.com\/phucan713\/wp-content\/uploads\/2024\/03\/353413980_1074192560654252_3907213407369106398_n-225x300.jpg 225w, https:\/\/ktech4.k-tech-services.com\/phucan713\/wp-content\/uploads\/2024\/03\/353413980_1074192560654252_3907213407369106398_n-768x1024.jpg 768w, https:\/\/ktech4.k-tech-services.com\/phucan713\/wp-content\/uploads\/2024\/03\/353413980_1074192560654252_3907213407369106398_n-510x680.jpg 510w, https:\/\/ktech4.k-tech-services.com\/phucan713\/wp-content\/uploads\/2024\/03\/353413980_1074192560654252_3907213407369106398_n.jpg 1080w\" sizes=\"auto, (max-width: 375px) 100vw, 375px\" \/><figcaption id=\"caption-attachment-2407\" class=\"wp-caption-text\">Thu ho\u1ea1ch nh\u00e3n long t\u00edm, c\u00f3 gi\u00e1 b\u00e1n r\u1ea5t cao<\/figcaption><\/figure>\n<h2><strong><b>Kh\u00ed h\u1eadu v\u00e0 \u0111\u1ea5t tr\u1ed3ng th\u00edch h\u1ee3p v\u1edbi gi\u1ed1ng nh\u00e3n long t\u00edm<\/b><\/strong><\/h2>\n<p>Cho d\u00f9 b\u1ea1n l\u00e0 ng\u01b0\u1eddi l\u00e0m v\u01b0\u1eddn d\u00e0y d\u1eb7n kinh nghi\u1ec7m hay ng\u01b0\u1eddi m\u1edbi l\u00e0m v\u01b0\u1eddn. B\u1ea1n \u0111\u1ec1u c\u00f3 th\u1ec3 tr\u1ed3ng c\u00e2y nh\u00e3n long t\u00edm m\u1ed9t c\u00e1ch d\u1ec5 d\u00e0ng. N\u00f3 ph\u00e1t tri\u1ec3n m\u1ea1nh \u1edf nhi\u1ec1u lo\u1ea1i \u0111\u1ea5t kh\u00e1c nhau v\u00e0 \u01b0a n\u1eafng.<\/p>\n<p>Gi\u1ed1ng nh\u00e3n long t\u00edm c\u00f3 kh\u1ea3 n\u0103ng ph\u00e1t tri\u1ec3n t\u1ed1t tr\u00ean c\u00e1c lo\u1ea1i \u0111\u1ea5t c\u00e1t, \u0111\u1ea5t ph\u00f9 sa, \u0111\u1ea5t \u0111\u1ecf. Ch\u00fang n\u1ed5i b\u1eadt v\u1edbi kh\u1ea3 n\u0103ng ch\u1ed1ng ch\u1ecbu s\u00e2u b\u1ec7nh m\u1ea1nh m\u1ebd, \u0111\u1eb7c bi\u1ec7t l\u00e0 kh\u00f4ng b\u1ecb b\u1ec7nh ch\u1ed5i r\u1ed3ng.<\/p>\n<p>C\u00e2y nh\u00e3n long t\u00edm c\u0169ng r\u1ea5t v\u1eefng ch\u00e3i, c\u00f3 th\u1ec3 \u0111\u1ee9ng v\u1eefng tr\u01b0\u1edbc th\u1eddi ti\u1ebft x\u1ea5u nh\u01b0 gi\u00f3 l\u1edbn m\u00e0 kh\u00f4ng c\u1ea7n h\u1ed7 tr\u1ee3 hay c\u1ed1 \u0111\u1ecbnh th\u00eam cho th\u00e2n v\u00e0 c\u00e0nh, kh\u00e1c bi\u1ec7t r\u00f5 r\u1ec7t so v\u1edbi c\u00e1c gi\u1ed1ng nh\u00e3n kh\u00e1c.<\/p>\n<figure id=\"attachment_2404\" aria-describedby=\"caption-attachment-2404\" style=\"width: 375px\" class=\"wp-caption aligncenter\"><img loading=\"lazy\" decoding=\"async\" class=\"wp-image-2404\" src=\"http:\/\/localhost\/phucan713\/wp-content\/uploads\/2024\/03\/217291203_1760609264127318_8055207422896171496_n-225x300.jpg\" alt=\"Khi ch\u0103m s\u00f3c t\u1ed1t, nh\u00e3n long t\u00edm cho tr\u00e1i r\u1ea5t nhi\u1ec1u v\u00e0 \u0111\u1eb9p\" width=\"375\" height=\"500\" srcset=\"https:\/\/ktech4.k-tech-services.com\/phucan713\/wp-content\/uploads\/2024\/03\/217291203_1760609264127318_8055207422896171496_n-225x300.jpg 225w, https:\/\/ktech4.k-tech-services.com\/phucan713\/wp-content\/uploads\/2024\/03\/217291203_1760609264127318_8055207422896171496_n-767x1024.jpg 767w, https:\/\/ktech4.k-tech-services.com\/phucan713\/wp-content\/uploads\/2024\/03\/217291203_1760609264127318_8055207422896171496_n-768x1025.jpg 768w, https:\/\/ktech4.k-tech-services.com\/phucan713\/wp-content\/uploads\/2024\/03\/217291203_1760609264127318_8055207422896171496_n-510x681.jpg 510w, https:\/\/ktech4.k-tech-services.com\/phucan713\/wp-content\/uploads\/2024\/03\/217291203_1760609264127318_8055207422896171496_n.jpg 956w\" sizes=\"auto, (max-width: 375px) 100vw, 375px\" \/><figcaption id=\"caption-attachment-2404\" class=\"wp-caption-text\">Khi ch\u0103m s\u00f3c t\u1ed1t, nh\u00e3n long t\u00edm cho tr\u00e1i r\u1ea5t nhi\u1ec1u v\u00e0 \u0111\u1eb9p<\/figcaption><\/figure>\n<h2><strong><b>L\u01b0u \u00fd quan tr\u1ecdng khi tr\u1ed3ng nh\u00e3n long t\u00edm<\/b><\/strong><\/h2>\n<p>Kh\u00f4ng n\u00ean \u0111\u1eafp m\u00f4 cao qu\u00e1 v\u1edbi nh\u00e3n long t\u00edm, ch\u1ec9 c\u1ea7n m\u00f4 cao v\u1eeba ph\u1ea3i, cao t\u1ea7m 30cm l\u00e0 \u0111\u01b0\u1ee3c. Theo th\u1ef1c t\u1ebf th\u00ec vun m\u00f4 cao qu\u00e1 c\u00e2y l\u1ea1i k\u00e9m ph\u00e1t tri\u1ec3n.<\/p>\n<h2><strong><b>Kho\u1ea3ng c\u00e1ch tr\u1ed3ng nh\u00e3n long t\u00edm<\/b><\/strong><\/h2>\n<p>C\u00e1c c\u00e2y nh\u00e3n long t\u00edm tr\u1ed3ng c\u00e1ch nhau 5m x 5m, v\u1eady 1000m2 tr\u1ed3ng \u0111\u01b0\u1ee3c kho\u1ea3ng 60 c\u00e2y.<\/p>\n<p>Tr\u1ed3ng nh\u00e3n long t\u00edm trong ch\u1eadu v\u1eabn cho tr\u00e1i r\u1ea5t say.<\/p>\n<h2><strong><b>Gi\u00e1 c\u00e2y gi\u1ed1ng nh\u00e3n long t\u00edm<\/b><\/strong><\/h2>\n<p>Gi\u00e1 c\u00e2y gi\u1ed1ng nh\u00e3n long t\u00edm t\u1ea1i v\u01b0\u1eddn Ph\u00fac An dao \u0111\u1ed9ng t\u1eeb 42.000 &#8211; 60.000\/ c\u00e2y. T\u00f9y theo l\u00f4 c\u00e2y, s\u1ed1 l\u01b0\u1ee3ng \u0111\u1eb7t s\u1ebd c\u00f3 m\u1ee9c gi\u00e1 kh\u00e1c nhau. Ch\u00fang t\u00f4i cam k\u1ebft lu\u00f4n gi\u1eef m\u1ee9c gi\u00e1 t\u1ed1t nh\u1ea5t \u0111\u1ec3 m\u1ecdi kh\u00e1ch h\u00e0ng \u0111\u1ec1u c\u00f3 th\u1ec3 ch\u1ecdn mua nh\u1eefng c\u00e2y gi\u1ed1ng th\u1eadt t\u1ed1t cho khu v\u01b0\u1eddn c\u1ee7a m\u00ecnh.<\/p>\n<h2><strong><b>Mua c\u00e2y gi\u1ed1ng nh\u00e3n long t\u00edm \u1edf \u0111\u00e2u uy t\u00edn?<\/b><\/strong><\/h2>\n<p>C\u00e2y gi\u1ed1ng Ph\u00fac An cung c\u1ea5p c\u00e2y gi\u1ed1ng nh\u00e3n long t\u00edm ch\u1ea5t l\u01b0\u1ee3ng, \u0111\u01b0\u1ee3c b\u1ea3o h\u00e0nh \u0111\u00fang gi\u1ed1ng cho t\u1edbi khi c\u00f3 tr\u00e1i. V\u01b0\u1eddn nh\u00e2n gi\u1ed1ng c\u1ee7a Ph\u00fac An \u0111\u01b0\u1ee3c ch\u1ecdn l\u1ef1a k\u1ef9 l\u01b0\u1ee1ng, l\u00e0 v\u01b0\u1eddn \u0111\u00e3 cho tr\u00e1i chu\u1ea9n v\u00e0 \u1ed5n \u0111\u1ecbnh. C\u00e0nh gh\u00e9p \u0111\u01b0\u1ee3c tuy\u1ec3n ch\u1ecdn kh\u1ecfe m\u1ea1nh xanh t\u1ed1t.<\/p>\n<figure id=\"attachment_2405\" aria-describedby=\"caption-attachment-2405\" style=\"width: 502px\" class=\"wp-caption aligncenter\"><img loading=\"lazy\" decoding=\"async\" class=\"wp-image-2405\" src=\"http:\/\/localhost\/phucan713\/wp-content\/uploads\/2024\/03\/344698364_778302096951709_6663341305783065425_n-251x300.jpg\" alt=\"C\u00e2y gi\u1ed1ng nh\u00e3n long t\u00edm Ph\u00fac An cung c\u1ea5p\" width=\"502\" height=\"600\" srcset=\"https:\/\/ktech4.k-tech-services.com\/phucan713\/wp-content\/uploads\/2024\/03\/344698364_778302096951709_6663341305783065425_n-251x300.jpg 251w, https:\/\/ktech4.k-tech-services.com\/phucan713\/wp-content\/uploads\/2024\/03\/344698364_778302096951709_6663341305783065425_n-857x1024.jpg 857w, https:\/\/ktech4.k-tech-services.com\/phucan713\/wp-content\/uploads\/2024\/03\/344698364_778302096951709_6663341305783065425_n-768x918.jpg 768w, https:\/\/ktech4.k-tech-services.com\/phucan713\/wp-content\/uploads\/2024\/03\/344698364_778302096951709_6663341305783065425_n-247x296.jpg 247w, https:\/\/ktech4.k-tech-services.com\/phucan713\/wp-content\/uploads\/2024\/03\/344698364_778302096951709_6663341305783065425_n-510x609.jpg 510w, https:\/\/ktech4.k-tech-services.com\/phucan713\/wp-content\/uploads\/2024\/03\/344698364_778302096951709_6663341305783065425_n.jpg 960w\" sizes=\"auto, (max-width: 502px) 100vw, 502px\" \/><figcaption id=\"caption-attachment-2405\" class=\"wp-caption-text\">C\u00e2y gi\u1ed1ng nh\u00e3n long t\u00edm Ph\u00fac An cung c\u1ea5p<\/figcaption><\/figure>\n<figure id=\"attachment_2408\" aria-describedby=\"caption-attachment-2408\" style=\"width: 600px\" class=\"wp-caption aligncenter\"><img loading=\"lazy\" decoding=\"async\" class=\"wp-image-2408\" src=\"http:\/\/localhost\/phucan713\/wp-content\/uploads\/2024\/03\/386771107_861959298866652_8261256809331604453_n-300x225.jpg\" alt=\"C\u00e2y gi\u1ed1ng nh\u00e3n long t\u00edm Ph\u00fac An cung c\u1ea5p\" width=\"600\" height=\"450\" srcset=\"https:\/\/ktech4.k-tech-services.com\/phucan713\/wp-content\/uploads\/2024\/03\/386771107_861959298866652_8261256809331604453_n-300x225.jpg 300w, https:\/\/ktech4.k-tech-services.com\/phucan713\/wp-content\/uploads\/2024\/03\/386771107_861959298866652_8261256809331604453_n-1024x767.jpg 1024w, https:\/\/ktech4.k-tech-services.com\/phucan713\/wp-content\/uploads\/2024\/03\/386771107_861959298866652_8261256809331604453_n-768x575.jpg 768w, https:\/\/ktech4.k-tech-services.com\/phucan713\/wp-content\/uploads\/2024\/03\/386771107_861959298866652_8261256809331604453_n-510x382.jpg 510w, https:\/\/ktech4.k-tech-services.com\/phucan713\/wp-content\/uploads\/2024\/03\/386771107_861959298866652_8261256809331604453_n.jpg 1276w\" sizes=\"auto, (max-width: 600px) 100vw, 600px\" \/><figcaption id=\"caption-attachment-2408\" class=\"wp-caption-text\">C\u00e2y gi\u1ed1ng nh\u00e3n long t\u00edm Ph\u00fac An cung c\u1ea5p<\/figcaption><\/figure>\n<p><strong>Ti\u00eau chu\u1ea9n C\u00e2y gi\u1ed1ng nh\u00e3n long t\u00edm \u0111\u01b0\u1ee3c cung c\u1ea5p b\u1edfi v\u01b0\u1eddn Ph\u00fac An:<\/strong><\/p>\n<ul>\n<li>H\u00ecnh th\u1ee9c nh\u00e2n gi\u1ed1ng: Gh\u00e9p chui c\u00e0nh (th\u00e1p c\u00e0nh)<\/li>\n<li>Chi\u1ec1u cao c\u00e2y gi\u1ed1ng 45-60cm<\/li>\n<li>C\u00e2y nu\u00f4i b\u1ea7u<\/li>\n<li>R\u1ec5 ph\u00e1t tri\u1ec3n m\u1ea1nh, v\u1ebft gh\u00e9p ti\u1ebfp h\u1ee3p t\u1ed1t, l\u00e1 \u0111ang chuy\u1ec3n gi\u00e0 kh\u00f4ng s\u00e2u b\u1ec7nh<\/li>\n<\/ul>\n<p>C\u00e2y tr\u1ea3i qua qu\u00e1 tr\u00ecnh nh\u00e2n gi\u1ed1ng, d\u01b0\u1ee1ng c\u00e2y con, x\u1ea3 n\u1eafng ho\u00e0n ch\u1ec9nh. \u0110\u1ebfn tay c\u00f4 b\u00e1c s\u1ebd l\u00e0 t\u1eebng c\u00e2y \u0111\u00e3 c\u1ee9ng c\u00e1p \u0111\u00e3 ra c\u01a1i ch\u1ed3i m\u1edbi. Qu\u00fd c\u00f4 b\u00e1c c\u00f3 th\u1ec3 li\u00ean h\u1ec7 tr\u1ef1c ti\u1ebfp qua SDT\/ Zalo 0962 888 014 (<a href=\"http:\/\/localhost\/phucan713\/\" target=\"_blank\" rel=\"noopener\">c\u00e2y gi\u1ed1ng Ph\u00fac An<\/a>) \u0111\u1ec3 ch\u00fang t\u00f4i t\u01b0 v\u1ea5n v\u00e0 b\u00e1o gi\u00e1 c\u1ee5 th\u1ec3. Xin c\u1ea3m \u01a1n qu\u00fd c\u00f4 b\u00e1c \u0111\u00e3 \u0111\u1eb7t ni\u1ec1m tin v\u1edbi nh\u00e0 v\u01b0\u1eddn Ph\u00fac An.<\/p>\n<p>&gt;&gt; M\u1eddi b\u1ea1n \u0111\u1ecdc th\u00eam: <a href=\"https:\/\/danviet.vn\/ngo-ngang-nhung-loai-nhan-doc-la-nhat-viet-nam-loai-nhan-so-1-hat-be-nhu-hat-tieu-20240809105459562-d1177631.html\" target=\"_blank\" rel=\"noopener\"><span style=\"color: #000080;\"><em><strong>Lo\u1ea1i nh\u00e3n t\u00edm \u0111\u1ed9t bi\u1ebfn m\u1edbi \u0111\u01b0\u1ee3c l\u00e3o n\u00f4ng S\u00f3c Tr\u0103ng nh\u00e2n gi\u1ed1ng th\u00e0nh c\u00f4ng, c\u00f3 g\u00ec \u0111\u1eb7c bi\u1ec7t?<\/strong><\/em><\/span><\/a><\/p>\n","protected":false},"excerpt":{"rendered":"<p>* Gi\u00e1 tham kh\u1ea3o cho s\u1ed1 l\u01b0\u1ee3ng t\u1eeb 30 c\u00e2y, c\u00f3 th\u1ec3 thay \u0111\u1ed5i theo th\u1eddi \u0111i\u1ec3m<br \/>\n* Ch\u01b0a bao g\u1ed3m ph\u00ed v\u1eadn chuy\u1ec3n (t\u00f9y theo s\u1ed1 l\u01b0\u1ee3ng c\u00e2y v\u00e0 \u0111\u1ecba \u0111i\u1ec3m giao h\u00e0ng)<\/p>\n","protected":false},"featured_media":2407,"comment_status":"open","ping_status":"closed","template":"","meta":[],"product_brand":[],"product_cat":[83],"product_tag":[84],"class_list":{"0":"post-1382","1":"product","2":"type-product","3":"status-publish","4":"has-post-thumbnail","6":"product_cat-giong-nhan","7":"product_tag-giong-nhan-long-tim","9":"first","10":"instock","11":"shipping-taxable","12":"purchasable","13":"product-type-simple"},"_links":{"self":[{"href":"https:\/\/ktech4.k-tech-services.com\/phucan713\/wp-json\/wp\/v2\/product\/1382","targetHints":{"allow":["GET"]}}],"collection":[{"href":"https:\/\/ktech4.k-tech-services.com\/phucan713\/wp-json\/wp\/v2\/product"}],"about":[{"href":"https:\/\/ktech4.k-tech-services.com\/phucan713\/wp-json\/wp\/v2\/types\/product"}],"replies":[{"embeddable":true,"href":"https:\/\/ktech4.k-tech-services.com\/phucan713\/wp-json\/wp\/v2\/comments?post=1382"}],"wp:featuredmedia":[{"embeddable":true,"href":"https:\/\/ktech4.k-tech-services.com\/phucan713\/wp-json\/wp\/v2\/media\/2407"}],"wp:attachment":[{"href":"https:\/\/ktech4.k-tech-services.com\/phucan713\/wp-json\/wp\/v2\/media?parent=1382"}],"wp:term":[{"taxonomy":"product_brand","embeddable":true,"href":"https:\/\/ktech4.k-tech-services.com\/phucan713\/wp-json\/wp\/v2\/product_brand?post=1382"},{"taxonomy":"product_cat","embeddable":true,"href":"https:\/\/ktech4.k-tech-services.com\/phucan713\/wp-json\/wp\/v2\/product_cat?post=1382"},{"taxonomy":"product_tag","embeddable":true,"href":"https:\/\/ktech4.k-tech-services.com\/phucan713\/wp-json\/wp\/v2\/product_tag?post=1382"}],"curies":[{"name":"wp","href":"https:\/\/api.w.org\/{rel}","templated":true}]}}