{"id":1386,"date":"2024-03-30T10:48:56","date_gmt":"2024-03-30T10:48:56","guid":{"rendered":"https:\/\/caygiongphucan.com\/?post_type=product&amp;p=1386"},"modified":"2024-03-30T10:48:56","modified_gmt":"2024-03-30T10:48:56","slug":"cay-giong-sau-rieng-thai-monthong","status":"publish","type":"product","link":"https:\/\/ktech4.k-tech-services.com\/phucan713\/san-pham\/cay-giong-sau-rieng-thai-monthong\/","title":{"rendered":"C\u00e2y gi\u1ed1ng s\u1ea7u ri\u00eang Th\u00e1i Monthong"},"content":{"rendered":"<p><em>S\u1ea7u ri\u00eang Th\u00e1i Monthong\u00a0v\u1edbi ngo\u1ea1i h\u00ecnh \u0111\u1eb9p v\u00e0 h\u01b0\u01a1ng v\u1ecb tinh t\u1ebf, \u0111ang thu h\u00fat s\u1ef1 ch\u00fa \u00fd l\u1edbn nh\u1edd v\u00e0o ti\u1ec1m n\u0103ng kinh t\u1ebf v\u00e0 th\u01b0\u01a1ng m\u1ea1i c\u1ee7a n\u00f3. Kh\u00f4ng ch\u1ec9 \u0111\u00e1p \u1ee9ng nhu c\u1ea7u ti\u00eau th\u1ee5 n\u1ed9i \u0111\u1ecba m\u00e0 c\u00f2n c\u00f3 ti\u1ec1m n\u0103ng xu\u1ea5t kh\u1ea9u l\u1edbn, t\u1ea1o ra c\u01a1 h\u1ed9i kinh doanh b\u1ec1n v\u1eefng. Gi\u1ed1ng s\u1ea7u ri\u00eang Th\u00e1i Monthong\u00a0l\u00e0 m\u1ed9t l\u1ef1a ch\u1ecdn tr\u1ed3ng v\u01b0\u1eddn \u0111\u00e1ng c\u00e2n nh\u1eafc.<\/em><\/p>\n<h2><strong><b>\u0110\u1eb7c \u0111i\u1ec3m gi\u1ed1ng s\u1ea7u ri\u00eang <\/b><\/strong><strong><b>Th\u00e1i Monthong<\/b><\/strong><\/h2>\n<h3><strong><b>Tr\u00e1i s\u1ea7u ri\u00eang <\/b><\/strong><strong><b>Th\u00e1i Monthong<\/b><\/strong><\/h3>\n<p>Tr\u00e1i s\u1ea7u ri\u00eang Th\u00e1i Monthong\u00a0th\u01b0\u1eddng c\u00f3 v\u1ecf m\u00e0u xanh ho\u1eb7c xanh ghi, h\u00ecnh ch\u1eef nh\u1eadt ho\u1eb7c h\u00ecnh tr\u00e1i tr\u1ee9ng, v\u1edbi gai d\u00e0y kho\u1ea3ng 1,25cm.<\/p>\n<p>N\u1ed5i b\u1eadt v\u1edbi tr\u1ecdng l\u01b0\u1ee3ng dao \u0111\u1ed9ng t\u1eeb 2-4kg\/ tr\u00e1i, c\u01a1m c\u1ee7a s\u1ea7u ri\u00eang Th\u00e1i Monthong\u00a0c\u00f3 m\u00e0u v\u00e0ng nh\u1ea1t, h\u01b0\u01a1ng th\u01a1m nh\u1eb9, v\u00e0 c\u1ea5u tr\u00fac d\u00e0y, kh\u00f4 r\u00e1o. \u0110i\u1ec1u \u0111\u1eb7c bi\u1ec7t, S\u1ea7u ri\u00eang Th\u00e1i Monthong\u00a0l\u00e0 m\u1ed9t trong nh\u1eefng gi\u1ed1ng s\u1ea7u ri\u00eang duy nh\u1ea5t c\u00f3 th\u1ec3 s\u1ea5y v\u00e0 ch\u1ebf bi\u1ebfn th\u00e0nh nhi\u1ec1u s\u1ea3n ph\u1ea9m \u1ea9m th\u1ef1c kh\u00e1c nhau.<\/p>\n<p>V\u1edbi h\u01b0\u01a1ng v\u1ecb \u0111\u1eb7c tr\u01b0ng c\u1ee7a h\u1ea1t l\u00e9p, v\u1ecb ng\u1ecdt thanh, v\u00e0 b\u00e9o nh\u01b0ng kh\u00f4ng g\u00e2y ng\u00e1n, S\u1ea7u ri\u00eang Th\u00e1i Monthong\u00a0thu h\u00fat s\u1ef1 y\u00eau th\u00edch c\u1ee7a ng\u01b0\u1eddi \u0103n s\u1ea7u ri\u00eang tr\u00ean kh\u1eafp th\u1ebf gi\u1edbi.<\/p>\n<h3><strong><b>C\u00e2y s\u1ea7u ri\u00eang <\/b><\/strong><strong><b>Th\u00e1i Monthong<\/b><\/strong><\/h3>\n<p>Tu\u1ed5i th\u1ecd c\u1ee7a c\u00e2y s\u1ea7u ri\u00eang Th\u00e1i Monthong\u00a0c\u00f3 th\u1ec3 k\u00e9o d\u00e0i t\u1eeb 25 \u0111\u1ebfn 30 n\u0103m ho\u1eb7c th\u1eadm ch\u00ed l\u00e2u h\u01a1n n\u1ebfu \u0111\u01b0\u1ee3c ch\u0103m s\u00f3c \u0111\u00fang c\u00e1ch. Tu\u1ef3 thu\u1ed9c v\u00e0o \u0111i\u1ec1u ki\u1ec7n m\u00f4i tr\u01b0\u1eddng, quy tr\u00ecnh tr\u1ed3ng tr\u1ecdt v\u00e0 ch\u0103m s\u00f3c c\u00e2y, c\u0169ng nh\u01b0 y\u1ebfu t\u1ed1 kh\u00e1c nhau kh\u00e1c nh\u01b0 th\u1ed5 nh\u01b0\u1ee1ng v\u00e0 th\u1eddi ti\u1ebft, tu\u1ed5i th\u1ecd c\u1ee7a c\u00e2y c\u00f3 th\u1ec3 c\u00f3 s\u1ef1 bi\u1ebfn \u0111\u1ed9ng.<\/p>\n<p>V\u1ec1 c\u00e2y gi\u1ed1ng, s\u1ea7u ri\u00eang Th\u00e1i Monthong\u00a0\u0111a ph\u1ea7n \u0111\u01b0\u1ee3c nh\u00e2n gi\u1ed1ng b\u1eb1ng h\u00ecnh th\u1ee9c gh\u00e9p bo. Chi\u1ec1u cao c\u00e2y gi\u1ed1ng t\u1ea7m 80-100cm. C\u00e2y gi\u1ed1ng xu\u1ea5t v\u01b0\u1eddn c\u00f3 ti\u00eau chu\u1ea9n kh\u1ecfe m\u1ea1nh, \u0111\u01b0\u1ee3c nu\u00f4i b\u1ea7u ra c\u01a1i ch\u1ed3i m\u1edbi, \u0111ang ph\u00e2n t\u00e1n \u0111\u1ec1u \u0111\u1eb9p. C\u00e2y \u0111\u1ebfn ch\u1ee7 v\u01b0\u1eddn m\u1edbi l\u00e0 c\u00f3 th\u1ec3 tr\u1ed3ng ngay.<\/p>\n<p><strong><b>L\u1ee3i \u00edch s\u1ee9c kh\u1ecfe t\u1eeb tr\u00e1i s\u1ea7u ri\u00eang <\/b><\/strong><strong><b>Th\u00e1i Monthong<\/b><\/strong><\/p>\n<ul data-sourcepos=\"5:1-6:40\">\n<li data-sourcepos=\"5:1-5:46\">Gi\u00fap x\u01b0\u01a1ng ch\u1eafc kh\u1ecfe: Nh\u1edd canxi v\u00e0 kali.<\/li>\n<li data-sourcepos=\"6:1-6:40\">T\u1ed1t cho h\u1ec7 th\u1ea7n kinh: Gi\u1ea3m stress, ng\u1ee7 ngon.<\/li>\n<li data-sourcepos=\"7:1-7:48\">T\u0103ng s\u1ee9c \u0111\u1ec1 kh\u00e1ng: Nh\u1edd ch\u1ea5t ch\u1ed1ng oxy h\u00f3a.<\/li>\n<li data-sourcepos=\"8:1-8:34\">H\u1ed7 tr\u1ee3 ti\u00eau h\u00f3a: Nh\u1edd ch\u1ea5t x\u01a1.<\/li>\n<li data-sourcepos=\"9:1-9:35\">Ch\u1ed1ng l\u00e3o h\u00f3a: B\u1ea3o v\u1ec7 t\u1ebf b\u00e0o.<\/li>\n<li data-sourcepos=\"10:1-10:45\">T\u1ed1t cho tim m\u1ea1ch: Gi\u1ea3m cholesterol x\u1ea5u.<\/li>\n<li data-sourcepos=\"11:1-11:5\">Cung c\u1ea5p n\u0103ng l\u01b0\u1ee3ng: Nh\u1edd carbohydrate.<\/li>\n<\/ul>\n<p data-sourcepos=\"13:1-13:10\"><strong>L\u01b0u \u00fd:<\/strong><\/p>\n<ul data-sourcepos=\"15:1-18:0\">\n<li data-sourcepos=\"15:1-15:48\">Nhi\u1ec1u \u0111\u01b0\u1eddng: Ng\u01b0\u1eddi ti\u1ec3u \u0111\u01b0\u1eddng n\u00ean h\u1ea1n ch\u1ebf.<\/li>\n<li data-sourcepos=\"16:1-16:48\">Nhi\u1ec1u calo: \u0102n v\u1eeba ph\u1ea3i \u0111\u1ec3 tr\u00e1nh t\u0103ng c\u00e2n.<\/li>\n<li data-sourcepos=\"17:1-18:0\">C\u00f3 th\u1ec3 g\u00e2y d\u1ecb \u1ee9ng: C\u1ea9n tr\u1ecdng khi \u0103n<\/li>\n<\/ul>\n<h2><strong><b>C\u00e2y s\u1ea7u ri\u00eang <\/b><\/strong><strong><b>Th\u00e1i Monthong<\/b><\/strong><strong><b>\u00a0tr\u1ed3ng bao l\u00e2u c\u00f3 tr\u00e1i? <\/b><\/strong><\/h2>\n<p>S\u1ea7u ri\u00eang Th\u00e1i Monthong\u00a0th\u01b0\u1eddng b\u1eaft \u0111\u1ea7u mang tr\u00e1i t\u1eeb n\u0103m th\u1ee9 4 v\u00e0 \u0111\u1ea1t n\u0103ng su\u1ea5t cao trong c\u00e1c n\u0103m ti\u1ebfp theo. Vi\u1ec7c duy tr\u00ec c\u00e2y s\u1ea7u ri\u00eang Th\u00e1i Monthong\u00a0\u1edf tr\u1ea1ng th\u00e1i kh\u1ecfe m\u1ea1nh v\u00e0 \u0111\u1ea3m b\u1ea3o \u0111i\u1ec1u ki\u1ec7n t\u1ed1t c\u00f3 th\u1ec3 \u1ea3nh h\u01b0\u1edfng t\u00edch c\u1ef1c \u0111\u1ebfn tu\u1ed5i th\u1ecd v\u00e0 n\u0103ng su\u1ea5t c\u1ee7a c\u00e2y.<\/p>\n<h2><strong><b>N\u0103ng su\u1ea5t s\u1ea7u ri\u00eang <\/b><\/strong><strong><b>Th\u00e1i Monthong<\/b><\/strong><\/h2>\n<p>M\u1ed7i c\u00e2y s\u1ea7u ri\u00eang Th\u00e1i Monthong\u00a0c\u00f3 kh\u1ea3 n\u0103ng \u0111\u1ea1t n\u0103ng su\u1ea5t trung b\u00ecnh t\u1eeb 50-70 tr\u00e1i\/c\u00e2y\/n\u0103m khi c\u00e2y \u0111\u1ea1t 10-15 n\u0103m tu\u1ed5i. Tr\u1ecdng l\u01b0\u1ee3ng m\u1ed7i qu\u1ea3 s\u1ea7u ri\u00eang dao \u0111\u1ed9ng t\u1eeb 2-4kg.<\/p>\n<p>T\u00ednh theo s\u1ed1 li\u1ec7u trung b\u00ecnh, m\u1ed7i c\u00e2y s\u1ea7u ri\u00eang Th\u00e1i Monthong\u00a0c\u00f3 th\u1ec3 mang l\u1ea1i kho\u1ea3ng 150 tr\u00e1i\/n\u0103m, v\u00e0 n\u0103ng su\u1ea5t n\u00e0y c\u00f3 th\u1ec3 duy tr\u00ec t\u1eeb 25 \u0111\u1ebfn 30 n\u0103m. \u0110i\u1ec1u n\u00e0y l\u00e0m cho s\u1ea7u ri\u00eang Th\u00e1i Monthong\u00a0tr\u1edf th\u00e0nh m\u1ed9t l\u1ef1a ch\u1ecdn ph\u1ed5 bi\u1ebfn cho ng\u01b0\u1eddi tr\u1ed3ng v\u1edbi m\u1ee5c \u0111\u00edch kinh doanh, nh\u1edd v\u00e0o s\u1ef1 k\u1ebft h\u1ee3p gi\u1eefa ch\u1ea5t l\u01b0\u1ee3ng v\u00e0 n\u0103ng su\u1ea5t \u1ed5n \u0111\u1ecbnh c\u1ee7a qu\u1ea3 s\u1ea7u ri\u00eang.<\/p>\n<h2><strong><b>Kh\u00ed h\u1eadu v\u00e0 \u0111\u1ea5t tr\u1ed3ng th\u00edch h\u1ee3p v\u1edbi gi\u1ed1ng s\u1ea7u ri\u00eang <\/b><\/strong><strong><b>Th\u00e1i Monthong<\/b><\/strong><\/h2>\n<p>T\u00ednh ch\u1ea5t t\u1ef1 nhi\u00ean c\u1ee7a Th\u00e1i Monthong\u00a0ch\u00ednh l\u00e0 s\u1ee9c \u0111\u1ec1 kh\u00e1ng r\u1ea5t t\u1ed1t, c\u00f3 kh\u1ea3 n\u0103ng sinh tr\u01b0\u1edfng m\u1ea1nh khi \u0111\u1ed1i m\u1eb7t v\u1edbi nh\u1eefng b\u1ea5t thu\u1eadn t\u1eeb m\u00f4i tr\u01b0\u1eddng. Gi\u1ed1ng s\u1ea7u ri\u00eang Th\u00e1i Monthong\u00a0c\u00f3 th\u1ec3 tr\u1ed3ng \u0111\u01b0\u1ee3c \u1edf nh\u1eefng v\u00f9ng \u0111\u1ea5t x\u1ea5u, b\u1ecb nhi\u1ec5n ph\u00e8n. Do v\u1eady, ch\u00fang \u0111\u01b0\u1ee3c n\u00f4ng d\u00e2n \u1edf v\u00f9ng ph\u00eda B\u1eafc qu\u1ed1c l\u1ed9 1, \u0111o\u1ea1n qua t\u1ec9nh Ti\u1ec1n Giang ch\u1ecdn tr\u1ed3ng nhi\u1ec1u.<\/p>\n<p>Tuy nhi\u00ean, ta v\u1eabn n\u00ean \u0111\u1ea7u t\u01b0 v\u00e0o \u0111\u1ea5t tr\u1ed3ng tr\u01b0\u1edbc khi xu\u1ed1ng gi\u1ed1ng \u0111\u1ec3 \u0111\u1ea3m b\u1ea3o s\u1ef1 \u1ed5n \u0111\u1ecbnh l\u00e2u d\u00e0i. \u0110\u1ea5t tr\u1ed3ng ph\u1ea3i tho\u00e1t n\u01b0\u1edbc t\u1ed1t, kh\u00f4ng b\u1ecb kh\u00f4 c\u1eb1n, n\u00ean \u0111\u01b0\u1ee3c h\u1ea1 ph\u00e8n tr\u01b0\u1edbc khi tr\u1ed3ng.<\/p>\n<p>S\u1ea7u ri\u00eang Th\u00e1i Monthong\u00a0th\u00edch h\u1ee3p v\u1edbi kh\u00ed h\u1eadu nhi\u1ec7t \u0111\u1edbi v\u00e0 c\u1eadn nhi\u1ec7t \u0111\u1edbi. C\u00e2y tr\u1ed3ng n\u00e0y ph\u00e1t tri\u1ec3n t\u1ed1t trong m\u00f4i tr\u01b0\u1eddng nhi\u1ec7t \u0111\u1ed9 \u1ed5n \u0111\u1ecbnh, v\u1edbi nhi\u1ec7t \u0111\u1ed9 trung b\u00ecnh t\u1eeb 24 \u0111\u1ebfn 30 \u0111\u1ed9 C. S\u1ea7u ri\u00eang th\u01b0\u1eddng kh\u00f4ng ch\u1ecbu n\u1ed5i nhi\u1ec7t \u0111\u1ed9 d\u01b0\u1edbi 10 \u0111\u1ed9 C v\u00e0 kh\u00f4ng t\u1ed1t khi ph\u1ea3i \u0111\u1ed1i m\u1eb7t v\u1edbi l\u1ea1nh \u0111\u1ed9t ng\u1ed9t ho\u1eb7c thay \u0111\u1ed5i nhi\u1ec7t \u0111\u1ed9. Ngo\u00e0i ra, n\u00f3 c\u0169ng c\u1ea7n m\u1ed9t l\u01b0\u1ee3ng m\u01b0a \u0111\u1ec1u v\u00e0 \u0111\u1ee7 \u00e1nh s\u00e1ng m\u1eb7t tr\u1eddi \u0111\u1ec3 ph\u00e1t tri\u1ec3n v\u00e0 cho ra qu\u1ea3 t\u1ed1t.<\/p>\n<h2><strong><b>Kho\u1ea3ng c\u00e1ch tr\u1ed3ng c\u00e2y s\u1ea7u ri\u00eang <\/b><\/strong><strong><b>Th\u00e1i Monthong<\/b><\/strong><\/h2>\n<p>S\u1ea7u Ri\u00eang Th\u00e1i Monthong\u00a0\u0111\u01b0\u1ee3c khuy\u1ebfn kh\u00edch tr\u1ed3ng \u1edf kho\u1ea3ng c\u00e1ch 7m x 7m. Nh\u01b0 v\u1eady, 1 c\u00f4ng \u0111\u1ea5t (1.000m2) tr\u1ed3ng \u0111\u01b0\u1ee3c kho\u1ea3ng 20 c\u00e2y. V\u1edbi 1 hecta c\u00f3 th\u1ec3 tr\u1ed3ng kho\u1ea3ng 200 c\u00e2y.<\/p>\n<p>\u0110\u1ec3 t\u1ed1i \u01b0u h\u00f3a \u0111i\u1ec1u ki\u1ec7n sinh tr\u01b0\u1edfng, m\u1eb7t b\u1ea7u \u01b0\u01a1m n\u00ean \u0111\u01b0\u1ee3c \u0111\u1eafp cao h\u01a1n m\u1eb7t \u0111\u1ea5t kho\u1ea3ng 20 \u2013 40cm \u0111\u1ec3 ng\u0103n ng\u1eeba t\u00ecnh tr\u1ea1ng \u00fang n\u01b0\u1edbc v\u00e0 \u0111\u1ed3ng th\u1eddi t\u1ea1o \u0111i\u1ec1u ki\u1ec7n thu\u1eadn l\u1ee3i cho s\u1ef1 ph\u00e1t tri\u1ec3n m\u1ea1nh m\u1ebd c\u1ee7a c\u00e2y. C\u1ea7n \u0111\u1ea3m b\u1ea3o r\u1eb1ng m\u1ed7i c\u00e2y \u0111\u1ec1u nh\u1eadn \u0111\u1ee7 n\u01b0\u1edbc. Kho\u1ea3ng c\u00e1ch gi\u1eefa c\u00e1c b\u1ed9 t\u01b0\u1edbi n\u01b0\u1edbc c\u0169ng c\u1ea7n \u0111\u01b0\u1ee3c \u0111i\u1ec1u ch\u1ec9nh \u0111\u1ec3 \u0111\u1ea3m b\u1ea3o s\u1ef1 ph\u00e2n ph\u1ed1i n\u01b0\u1edbc \u0111\u1ed3ng \u0111\u1ec1u.<\/p>\n<h2><strong><b>Gi\u00e1 c\u00e2y gi\u1ed1ng s\u1ea7u ri\u00eang <\/b><\/strong><strong><b>Th\u00e1i Monthong<\/b><\/strong><\/h2>\n<p>Gi\u00e1 c\u00e2y gi\u1ed1ng s\u1ea7u ri\u00eang Th\u00e1i Monthong dao \u0111\u1ed9ng t\u1eeb 90.000-150.000 \/c\u00e2y, k\u00edch th\u01b0\u1edbc g\u1ed1c 2cm-2,5cm t\u1ea1i c\u00e2y gi\u1ed1ng Ph\u00fac An. B\u1ea1n c\u00f3 th\u1ec3 li\u00ean h\u1ec7 tr\u1ef1c ti\u1ebfp Ph\u00fac An \u0111\u1ec3 ch\u00fang t\u00f4i g\u1eedi h\u00ecnh \u1ea3nh v\u00e0 b\u00e1o gi\u00e1 ch\u00ednh x\u00e1c theo th\u1eddi \u0111i\u1ec3m.<\/p>\n<h2><strong><b>Mua c\u00e2y gi\u1ed1ng s\u1ea7u ri\u00eang <\/b><\/strong><strong><b>Th\u00e1i Monthong<\/b><\/strong><strong><b>\u00a0\u1edf \u0111\u00e2u ch\u1ea5t l\u01b0\u1ee3ng?<\/b><\/strong><\/h2>\n<p>L\u01b0u \u00fd r\u1eb1ng vi\u1ec7c mua c\u00e2y gi\u1ed1ng t\u1eeb ngu\u1ed3n tin c\u1eady v\u00e0 ch\u1ea5t l\u01b0\u1ee3ng l\u00e0 quan tr\u1ecdng \u0111\u1ec3 \u0111\u1ea3m b\u1ea3o s\u1ef1 th\u00e0nh c\u00f4ng trong vi\u1ec7c tr\u1ed3ng v\u00e0 ph\u00e1t tri\u1ec3n s\u1ea7u ri\u00eang Th\u00e1i Monthong.<\/p>\n<p>C\u00e2y gi\u1ed1ng Ph\u00fac An cung c\u1ea5p c\u00e2y gi\u1ed1ng s\u1ea7u ri\u00eang Th\u00e1i Monthong ch\u1ea5t l\u01b0\u1ee3ng, b\u1ea3o h\u00e0nh \u0111\u00fang gi\u1ed1ng. V\u01b0\u1eddn nh\u00e2n gi\u1ed1ng c\u1ee7a Ph\u00fac An \u0111\u01b0\u1ee3c ch\u1ecdn l\u1ef1a k\u1ef9 l\u01b0\u1ee1ng, l\u00e0 v\u01b0\u1eddn \u0111\u00e3 cho tr\u00e1i \u1ed5n \u0111\u1ecbnh. Ngu\u1ed3n bo \u0111\u01b0\u1ee3c tuy\u1ec3n ch\u1ecdn k\u1ef9 t\u1eeb c\u00e2y kh\u1ecfe m\u1ea1nh, kh\u00f4ng s\u00e2u b\u1ec7nh.<\/p>\n<p><span style=\"font-size: 120%; color: #003300;\"><strong>Ti\u00eau chu\u1ea9n C\u00e2y gi\u1ed1ng s\u1ea7u ri\u00eang Th\u00e1i Monthong\u00a0\u0111\u01b0\u1ee3c cung c\u1ea5p b\u1edfi v\u01b0\u1eddn Ph\u00fac An:<\/strong><\/span><\/p>\n<ul>\n<li>G\u1ed1c gh\u00e9p 2 n\u0103m, \u0111\u01b0\u1eddng k\u00ednh g\u1ed1c 2cm tr\u1edf l\u00ean<\/li>\n<li>R\u1ec5 ph\u00e1t tri\u1ec3n m\u1ea1nh, v\u1ebft gh\u00e9p ti\u1ebfp h\u1ee3p t\u1ed1t, l\u00e1 \u0111ang chuy\u1ec3n gi\u00e0 kh\u00f4ng s\u00e2u b\u1ec7nh<\/li>\n<li>Chi\u1ec1u cao t\u01b0\u1ee3c t\u1eeb 20cm<\/li>\n<\/ul>\n<p>C\u00e2y tr\u1ea3i qua quy tr\u00ecnh nh\u00e2n gi\u1ed1ng, d\u01b0\u1ee1ng c\u00e2y con, x\u1ea3 n\u1eafng ho\u00e0n ch\u1ec9nh. \u0110\u1ebfn tay c\u00f4 b\u00e1c s\u1ebd l\u00e0 t\u1eebng c\u00e2y \u0111\u00e3 c\u1ee9ng c\u00e1p \u0111\u00e3 ra c\u01a1i ch\u1ed3i m\u1edbi.<br \/>\nQu\u00fd c\u00f4 b\u00e1c c\u00f3 th\u1ec3 li\u00ean h\u1ec7 tr\u1ef1c ti\u1ebfp qua SDT\/ Zalo 0962.888.014 (<a href=\"http:\/\/localhost\/phucan713\/\" target=\"_blank\" rel=\"noopener\">C\u00e2y Gi\u1ed1ng Ph\u00fac An<\/a>) \u0111\u1ec3 ch\u00fang t\u00f4i t\u01b0 v\u1ea5n v\u00e0 b\u00e1o gi\u00e1 c\u1ee5 th\u1ec3. Xin c\u1ea3m \u01a1n qu\u00fd c\u00f4 b\u00e1c \u0111\u00e3 \u0111\u1eb7t ni\u1ec1m tin v\u1edbi nh\u00e0 v\u01b0\u1eddn.<\/p>\n<p>&gt;&gt; M\u1eddi b\u1ea1n \u0111\u1ecdc th\u00eam: <a href=\"https:\/\/nld.com.vn\/sau-rieng-tang-gia-tiep-thoi-hoang-kim-sap-tro-lai-196250305142554311.htm\" target=\"_blank\" rel=\"noopener\"><span style=\"color: #000080;\"><em><strong>S\u1ea7u ri\u00eang t\u0103ng gi\u00e1 ti\u1ebfp, th\u1eddi ho\u00e0ng kim s\u1eafp tr\u1edf l\u1ea1i?<\/strong><\/em><\/span><\/a><\/p>\n","protected":false},"excerpt":{"rendered":"<p>* Gi\u00e1 tham kh\u1ea3o cho s\u1ed1 l\u01b0\u1ee3ng t\u1eeb 30 c\u00e2y, c\u00f3 th\u1ec3 thay \u0111\u1ed5i theo th\u1eddi \u0111i\u1ec3m<br \/>\n* Ch\u01b0a bao g\u1ed3m ph\u00ed v\u1eadn chuy\u1ec3n (t\u00f9y theo s\u1ed1 l\u01b0\u1ee3ng c\u00e2y v\u00e0 \u0111\u1ecba \u0111i\u1ec3m giao h\u00e0ng)<\/p>\n","protected":false},"featured_media":2965,"comment_status":"open","ping_status":"closed","template":"","meta":[],"product_brand":[],"product_cat":[93],"product_tag":[97],"class_list":{"0":"post-1386","1":"product","2":"type-product","3":"status-publish","4":"has-post-thumbnail","6":"product_cat-giong-sau-rieng","7":"product_tag-giong-sau-rieng-thai-monthong","9":"first","10":"instock","11":"shipping-taxable","12":"purchasable","13":"product-type-simple"},"_links":{"self":[{"href":"https:\/\/ktech4.k-tech-services.com\/phucan713\/wp-json\/wp\/v2\/product\/1386","targetHints":{"allow":["GET"]}}],"collection":[{"href":"https:\/\/ktech4.k-tech-services.com\/phucan713\/wp-json\/wp\/v2\/product"}],"about":[{"href":"https:\/\/ktech4.k-tech-services.com\/phucan713\/wp-json\/wp\/v2\/types\/product"}],"replies":[{"embeddable":true,"href":"https:\/\/ktech4.k-tech-services.com\/phucan713\/wp-json\/wp\/v2\/comments?post=1386"}],"wp:featuredmedia":[{"embeddable":true,"href":"https:\/\/ktech4.k-tech-services.com\/phucan713\/wp-json\/wp\/v2\/media\/2965"}],"wp:attachment":[{"href":"https:\/\/ktech4.k-tech-services.com\/phucan713\/wp-json\/wp\/v2\/media?parent=1386"}],"wp:term":[{"taxonomy":"product_brand","embeddable":true,"href":"https:\/\/ktech4.k-tech-services.com\/phucan713\/wp-json\/wp\/v2\/product_brand?post=1386"},{"taxonomy":"product_cat","embeddable":true,"href":"https:\/\/ktech4.k-tech-services.com\/phucan713\/wp-json\/wp\/v2\/product_cat?post=1386"},{"taxonomy":"product_tag","embeddable":true,"href":"https:\/\/ktech4.k-tech-services.com\/phucan713\/wp-json\/wp\/v2\/product_tag?post=1386"}],"curies":[{"name":"wp","href":"https:\/\/api.w.org\/{rel}","templated":true}]}}