{"id":1388,"date":"2024-03-30T10:54:27","date_gmt":"2024-03-30T10:54:27","guid":{"rendered":"https:\/\/caygiongphucan.com\/?post_type=product&amp;p=1388"},"modified":"2024-03-30T10:54:27","modified_gmt":"2024-03-30T10:54:27","slug":"cay-giong-sau-rieng-musang-king","status":"publish","type":"product","link":"https:\/\/ktech4.k-tech-services.com\/phucan713\/san-pham\/cay-giong-sau-rieng-musang-king\/","title":{"rendered":"C\u00e2y gi\u1ed1ng s\u1ea7u ri\u00eang Musang King"},"content":{"rendered":"<p>S\u1ea7u ri\u00eang Musang King l\u00e0 m\u1ed9t lo\u1ea1i tr\u00e1i c\u00e2y \u0111\u1ed9c \u0111\u00e1o v\u00e0 \u0111\u01b0\u1ee3c s\u0103n \u0111\u00f3n r\u1ea5t nhi\u1ec1u, \u0111\u01b0\u1ee3c nh\u1eefng ng\u01b0\u1eddi \u0111am m\u00ea s\u1ea7u ri\u00eang tr\u00ean kh\u1eafp th\u1ebf gi\u1edbi y\u00eau th\u00edch. H\u01b0\u01a1ng v\u1ecb v\u00e0 m\u00f9i th\u01a1m \u0111\u1eb7c bi\u1ec7t c\u00f9ng v\u1edbi l\u1ee3i \u00edch dinh d\u01b0\u1ee1ng khi\u1ebfn n\u00f3 tr\u1edf th\u00e0nh m\u1ed9t kho t\u00e0ng \u1ea9m th\u1ef1c th\u1ef1c s\u1ef1 c\u1ee7a \u0110\u00f4ng Nam \u00c1.\u00a0Nhu c\u1ea7u th\u1ecb tr\u01b0\u1eddng r\u1ea5t l\u1edbn v\u00e0 mang gi\u00e1 tr\u1ecb cao, v\u00ec v\u1eady \u0111\u00e2y l\u00e0 m\u1ed9t gi\u1ed1ng c\u00e2y \u0103n tr\u00e1i m\u00e0 c\u00f4 b\u00e1c c\u00f3 th\u1ec3 \u0111\u1ea7u t\u01b0 cho v\u01b0\u1eddn m\u00ecnh.<\/p>\n<p><strong><b>\u0110\u1eb7c \u0111i\u1ec3m gi\u1ed1ng s\u1ea7u ri\u00eang Musang King<\/b><\/strong><\/p>\n<p><strong><b>V\u1ec1 tr\u00e1i s\u1ea7u ri\u00eang Musang King<\/b><\/strong><\/p>\n<p>Musang King \u0111\u01b0\u1ee3c bi\u1ebft \u0111\u1ebfn l\u00e0 lo\u1ea1i s\u1ea7u ri\u00eang c\u00f3 c\u01a1m r\u1ea5t b\u00e9o, d\u00e0y, m\u00e0u v\u00e0ng r\u1ef1c r\u1ee1\u00a0v\u00e0 h\u01b0\u01a1ng v\u1ecb \u0111\u1eadm \u0111\u00e0, c\u00f3 m\u1ed9t ch\u00fat v\u1ecb \u0111\u1eafng. B\u00ean trong l\u1edbp th\u1ecbt \u00a0d\u00e0y l\u00e0 c\u00e1c h\u1ea1t r\u1ea5t d\u1eb9t. Gai ngo\u00e0i v\u1ecf c\u00f3 h\u00ecnh ch\u00f3p v\u00e0 kh\u00f4ng qu\u00e1 d\u00e0y \u0111\u1eb7c.\u00a0K\u00edch th\u01b0\u1edbc gai h\u01a1i l\u1edbn. Tr\u1ecdng l\u01b0\u1ee3ng tr\u00e1i\u00a0n\u1eb7ng t\u1eeb 2 \u0111\u1ebfn 4 kg, h\u00ecnh b\u1ea7u d\u1ee5c.\u00a0Tr\u00e1i chia 5 sao v\u1edbi 5 h\u1ed9c c\u01a1m.\u00a0M\u1ed9t trong nh\u1eefng \u0111\u1eb7c \u0111i\u1ec3m \u0111\u1ed9c \u0111\u00e1o c\u1ee7a s\u1ea7u ri\u00eang Musang King l\u00e0 m\u00f9i th\u01a1m r\u1ea5t n\u1ed3ng.<\/p>\n<p><strong><b>V\u1ec1 c\u00e2y s\u1ea7u ri\u00eang Musang King<\/b><\/strong><\/p>\n<p>C\u00e2y s\u1ea7u ri\u00eang Musang King c\u00f3 th\u1eddi gian khai th\u00e1c d\u00e0i tr\u00ean 20 n\u0103m, c\u00e2y c\u00e0ng l\u00e2u s\u1ebd cho tr\u00e1i c\u00e0ng nhi\u1ec1u. \u00a0<em><i>Vi\u1ebft th\u00eam \u0111\u1eb7c \u0111i\u1ec3m v\u1ec1 lo\u00e0i c\u00e2y n\u00e0y nh\u01b0 ng\u1eadp nc<\/i><\/em><\/p>\n<p>V\u1ec1 c\u00e2y gi\u1ed1ng, s\u1ea7u ri\u00eang Musang King \u0111a ph\u1ea7n \u0111\u01b0\u1ee3c nh\u00e2n gi\u1ed1ng b\u1eb1ng h\u00ecnh th\u1ee9c gh\u00e9p bo. Chi\u1ec1u cao c\u00e2y gi\u1ed1ng t\u1ea7m 80-100cm. C\u00e2y gi\u1ed1ng xu\u1ea5t v\u01b0\u1eddn c\u00f3 ti\u00eau chu\u1ea9n kh\u1ecfe m\u1ea1nh, \u0111\u01b0\u1ee3c nu\u00f4i b\u1ea7u ra c\u01a1i ch\u1ed3i m\u1edbi, \u0111ang ph\u00e2n t\u00e1n \u0111\u1ec1u \u0111\u1eb9p. C\u00e2y \u0111\u1ebfn ch\u1ee7 v\u01b0\u1eddn m\u1edbi l\u00e0 c\u00f3 th\u1ec3 tr\u1ed3ng ngay.<\/p>\n<p><strong><b>L\u1ee3i \u00edch s\u1ee9c kh\u1ecfe t\u1eeb tr\u00e1i s\u1ea7u ri\u00eang Musang King<\/b><\/strong><\/p>\n<p>S\u1ea7u ri\u00eang Musang King kh\u00f4ng ch\u1ec9 l\u00e0 m\u1ed9t lo\u1ea1i tr\u00e1i ngon v\u00e0 ph\u1ed5 bi\u1ebfn m\u00e0 c\u00f2n mang l\u1ea1i nhi\u1ec1u l\u1ee3i \u00edch s\u1ee9c kh\u1ecfe:<\/p>\n<p>Ngu\u1ed3n Vitamin v\u00e0 Kho\u00e1ng ch\u1ea5t: S\u1ea7u ri\u00eang l\u00e0 m\u1ed9t ngu\u1ed3n t\u1ed1t c\u1ee7a vitamin C, vitamin B-complex, kali, v\u00e0 mangan. Nh\u1eefng ch\u1ea5t n\u00e0y \u0111\u1ec1u \u0111\u00f3ng vai tr\u00f2 quan tr\u1ecdng trong s\u1ef1 ph\u00e1t tri\u1ec3n v\u00e0 duy tr\u00ec s\u1ee9c kh\u1ecfe c\u1ee7a c\u01a1 th\u1ec3.<\/p>\n<p>Ch\u1ea5t X\u01a1: S\u1ea7u ri\u00eang cung c\u1ea5p ch\u1ea5t x\u01a1 t\u1ef1 nhi\u00ean, gi\u00fap h\u1ed7 tr\u1ee3 qu\u00e1 tr\u00ecnh ti\u00eau h\u00f3a v\u00e0 duy tr\u00ec s\u1ee9c kh\u1ecfe c\u1ee7a \u0111\u01b0\u1eddng ru\u1ed9t.<\/p>\n<p>Ch\u1ea5t Ch\u1ed1ng Oxy H\u00f3a: S\u1ea7u ri\u00eang ch\u1ee9a c\u00e1c ch\u1ea5t ch\u1ed1ng oxy h\u00f3a nh\u01b0 beta-carotene v\u00e0 polyphenol, gi\u00fap b\u1ea3o v\u1ec7 t\u1ebf b\u00e0o kh\u1ecfi t\u1ed5n th\u01b0\u01a1ng do g\u1ed1c t\u1ef1 do.<\/p>\n<p>Qu\u1ea3 C\u00f3 N\u0103ng L\u01b0\u1ee3ng Cao: S\u1ea7u ri\u00eang ch\u1ee9a l\u01b0\u1ee3ng calo v\u00e0 n\u0103ng l\u01b0\u1ee3ng cao, l\u00e0 ngu\u1ed3n dinh d\u01b0\u1ee1ng t\u1ed1t cho nh\u1eefng ng\u01b0\u1eddi c\u1ea7n cung c\u1ea5p n\u0103ng l\u01b0\u1ee3ng nhanh ch\u00f3ng.<\/p>\n<p>Cung C\u1ea5p Ch\u1ea5t B\u00e9o T\u1ed1t: S\u1ea7u ri\u00eang c\u00f3 ch\u1ee9a ch\u1ea5t b\u00e9o kh\u00f4ng b\u00e3o h\u00f2a v\u00e0 axit b\u00e9o omega-9, c\u00f3 th\u1ec3 gi\u00fap c\u1ea3i thi\u1ec7n h\u1ec7 th\u1ed1ng tim m\u1ea1ch v\u00e0 gi\u1ea3m m\u1ee9c cholesterol x\u1ea5u.<\/p>\n<p>Ch\u1ee9a Glutamin: Glutamin l\u00e0 m\u1ed9t axit amin gi\u00fap c\u1ea3i thi\u1ec7n s\u1ef1 h\u1ea5p th\u1ee5 ch\u1ea5t dinh d\u01b0\u1ee1ng v\u00e0 h\u1ed7 tr\u1ee3 h\u1ec7 th\u1ed1ng mi\u1ec5n d\u1ecbch.<\/p>\n<p>T\u0103ng C\u01b0\u1eddng N\u0103ng L\u01b0\u1ee3ng: Do ch\u1ee9a nhi\u1ec1u \u0111\u01b0\u1eddng v\u00e0 c\u00e1c d\u1ea1ng \u0111\u01a1n v\u00e0 ph\u1ee9c c\u1ee7a hydrat cacbon, s\u1ea7u ri\u00eang c\u00f3 th\u1ec3 gi\u00fap t\u0103ng c\u01b0\u1eddng n\u0103ng l\u01b0\u1ee3ng ngay l\u1eadp t\u1ee9c.<\/p>\n<p>L\u01b0u \u00fd r\u1eb1ng, nh\u01b0 v\u1edbi b\u1ea5t k\u1ef3 th\u1ef1c ph\u1ea9m n\u00e0o, vi\u1ec7c ti\u00eau th\u1ee5 s\u1ea7u ri\u00eang c\u1ea7n \u0111\u01b0\u1ee3c th\u1ef1c hi\u1ec7n trong m\u1ee9c \u0111\u1ed9 v\u1eeba ph\u1ea3i \u0111\u1ec3 tr\u00e1nh t\u0103ng c\u00e2n kh\u00f4ng mong mu\u1ed1n.<\/p>\n<p><strong><b>C\u00e2y s\u1ea7u ri\u00eang Musang King tr\u1ed3ng bao l\u00e2u c\u00f3 tr\u00e1i? <\/b><\/strong><\/p>\n<p>Kho\u1ea3ng 4 n\u0103m c\u00e2y s\u1ebd ra tr\u00e1i b\u00f3i (l\u1ee9a tr\u00e1i \u0111\u1ea7u ti\u00ean), t\u1eeb n\u0103m th\u1ee9 5 \u0111\u00e3 \u0111\u1ee7 s\u1ee9c mang tr\u00e1i th\u01b0\u01a1ng ph\u1ea9m.<\/p>\n<p>Kh\u00f4ng gi\u1ed1ng nh\u01b0 s\u1ea7u\u00a0ri\u00eang Monthong, h\u1ea7u h\u1ebft l\u00e0 s\u1ea7u ri\u00eang ch\u01b0a ch\u00edn c\u1eaft s\u1ed1ng, s\u1ea7u ri\u00eang Musang King\u00a0l\u00e0 tr\u00e1i ch\u00edn c\u00e2y v\u00e0 s\u1ebd t\u1ef1 r\u1ee5ng\u00a0xu\u1ed1ng. Do v\u1eady c\u00e1ch th\u1ee9c thu ho\u1ea1ch c\u0169ng s\u1ebd kh\u00e1c bi\u1ec7t, b\u00e0 con c\u1ea7n l\u01b0u \u00fd \u0111\u1ec3 c\u00f3 s\u1ef1 chu\u1ea9n b\u1ecb th\u00edch h\u1ee3p.<\/p>\n<p><strong><b>N\u0103ng su\u1ea5t gi\u1ed1ng s\u1ea7u ri\u00eang Musang King<\/b><\/strong><\/p>\n<p>L\u00e0 m\u1ed9t lo\u1ea1i s\u1ea7u ri\u00eang c\u00f3 tr\u1ecdng l\u01b0\u1ee3ng tr\u00e1i kh\u00f4ng qu\u00e1 l\u1edbn, ch\u1ec9 t\u1eeb 2-4kg, nh\u01b0ng l\u1ea1i c\u00f3 s\u1ed1 l\u01b0\u1ee3ng tr\u00e1i nhi\u1ec1u h\u01a1n. Khi c\u00e2y tr\u01b0\u1edfng th\u00e0nh, n\u0103ng su\u1ea5t c\u00f3 th\u1ec3 \u0111\u1ea1t tr\u00ean 100kg\/1 c\u00e2y. V\u1edbi s\u1ef1 qu\u1ea3n l\u00fd v\u00e0 ch\u0103m s\u00f3c th\u00edch h\u1ee3p, m\u1ed9t c\u00e2y s\u1ea7u ri\u00eang Musang King c\u00f3 th\u1ec3 cho t\u1edbi 150 tr\u00e1i m\u1ed7i n\u0103m, tr\u1edf th\u00e0nh c\u00e2y tr\u1ed3ng c\u00f3 n\u0103ng su\u1ea5t v\u00e0 l\u1ee3i nhu\u1eadn cao.<\/p>\n<p>V\u1edbi nhu c\u1ea7u cao v\u00e0 m\u1ee9c gi\u00e1 b\u00e1n cao c\u1ee7a s\u1ea7u ri\u00eang Musang King, vi\u1ec7c \u0111\u1ea7u t\u01b0 v\u00e0o m\u1ed9t trang tr\u1ea1i s\u1ea7u ri\u00eang chuy\u00ean v\u1ec1 gi\u1ed1ng s\u1ea7u ri\u00eang cao c\u1ea5p n\u00e0y c\u00f3 th\u1ec3 mang l\u1ea1i ti\u1ec1m n\u0103ng l\u1ee3i nhu\u1eadn \u0111\u00e1ng k\u1ec3. C\u00e2y s\u1ea7u ri\u00eang th\u01b0\u1eddng b\u1eaft \u0111\u1ea7u ra tr\u00e1i sau 4-5 n\u0103m v\u00e0 c\u00f3 th\u1ec3 ti\u1ebfp t\u1ee5c ra qu\u1ea3 t\u1edbi 30 n\u0103m ho\u1eb7c h\u01a1n.<\/p>\n<p>S\u1ea7u Ri\u00eang Musang King ph\u00e1t tri\u1ec3n v\u1edbi t\u1ed1c \u0111\u1ed9 nhanh h\u01a1n g\u1ea5p 1,5 l\u1ea7n so v\u1edbi S\u1ea7u Ri\u00eang Dona, t\u1ea1o \u0111i\u1ec1u ki\u1ec7n thu ho\u1ea1ch tr\u00e1i m\u1ed9t c\u00e1ch hi\u1ec7u qu\u1ea3 v\u00e0 nhanh ch\u00f3ng h\u01a1n. Ngo\u00e0i ra, \u0111\u1eb7c t\u00ednh kh\u00e1ng b\u1ec7nh c\u1ee7a S\u1ea7u Ri\u00eang Musang King v\u01b0\u1ee3t tr\u1ed9i so v\u1edbi S\u1ea7u Ri\u00eang Monthong c\u1ee7a Th\u00e1i Lan, \u0111i\u1ec1u n\u00e0y gi\u00fap gi\u1ea3m chi ph\u00ed ph\u00e2n thu\u1ed1c m\u1ed9t c\u00e1ch \u0111\u00e1ng k\u1ec3.<\/p>\n<p><strong><b>Kh\u00ed h\u1eadu v\u00e0 \u0111\u1ea5t tr\u1ed3ng th\u00edch h\u1ee3p v\u1edbi gi\u1ed1ng s\u1ea7u ri\u00eang Musang King<\/b><\/strong><\/p>\n<p>S\u1ea7u ri\u00eang c\u1ea7n c\u00f3 kh\u00ed h\u1eadu nhi\u1ec7t \u0111\u1edbi \u0111\u1ec3 ph\u00e1t tri\u1ec3n m\u1ea1nh. Th\u00edch h\u1ee3p tr\u1ed3ng t\u1eeb T\u00e2y Nguy\u00ean v\u1ec1 ph\u00eda mi\u1ec1n T\u00e2y. Ch\u00fang s\u1ebd kh\u00f4ng ho\u1ea1t \u0111\u1ed9ng t\u1ed1t \u1edf v\u00f9ng c\u00f3 kh\u00ed h\u1eadu l\u1ea1nh. \u0110\u1ea5t tr\u1ed3ng ph\u1ea3i tho\u00e1t n\u01b0\u1edbc t\u1ed1t, kh\u00f4ng b\u1ecb kh\u00f4 c\u1eb1n, nhi\u1ec5m m\u1eb7n, ng\u1eadp \u00fang.<\/p>\n<p>Th\u1ee9 hai, s\u1ea7u ri\u00eang c\u1ea7n nhi\u1ec1u kh\u00f4ng gian \u0111\u1ec3 ph\u00e1t tri\u1ec3n.<\/p>\n<p>Th\u1ee9 ba, s\u1ea7u ri\u00eang c\u1ea7n r\u1ea5t nhi\u1ec1u n\u01b0\u1edbc \u0111\u1ec3 t\u1ed3n t\u1ea1i. Ch\u00fang s\u1ebd kh\u00f4ng t\u1ed1t n\u1ebfu tr\u1ed3ng \u1edf \u0111\u1ea5t kh\u00f4 c\u1eb1n ho\u1eb7c kh\u00f4ng \u0111\u01b0\u1ee3c t\u01b0\u1edbi n\u01b0\u1edbc.<\/p>\n<p>Th\u1ee9 t\u01b0, s\u1ea7u ri\u00eang c\u1ea7n \u00e1nh n\u1eafng \u0111\u1ea7y \u0111\u1ee7 \u0111\u1ec3 cho ra nh\u1eefng tr\u00e1i c\u00f3 h\u01b0\u01a1ng v\u1ecb th\u01a1m ngon v\u00e0 b\u1ed5 d\u01b0\u1ee1ng.<\/p>\n<p>Th\u1ee9 n\u0103m, s\u1ea7u ri\u00eang c\u00f3 nh\u1eefng y\u00eau c\u1ea7u dinh d\u01b0\u1ee1ng c\u1ee5 th\u1ec3 c\u1ea7n \u0111\u01b0\u1ee3c \u0111\u00e1p \u1ee9ng \u0111\u1ec3 ch\u00fang ph\u00e1t tri\u1ec3n.<\/p>\n<p>Th\u1ee9 s\u00e1u, s\u1ea7u ri\u00eang d\u1ec5 b\u1ecb s\u00e2u b\u1ec7nh. B\u1ea1n s\u1ebd c\u1ea7n ph\u1ea3i th\u1ef1c hi\u1ec7n c\u00e1c bi\u1ec7n ph\u00e1p \u0111\u1ec3 b\u1ea3o v\u1ec7 c\u00e2y tr\u1ed3ng c\u1ee7a m\u00ecnh kh\u1ecfi nh\u1eefng m\u1ed1i \u0111e d\u1ecda n\u00e0y.<\/p>\n<p><strong><b>Kho\u1ea3ng c\u00e1ch tr\u1ed3ng c\u00e2y s\u1ea7u ri\u00eang Musang King<\/b><\/strong><\/p>\n<p>S\u1ea7u Ri\u00eang Musang King \u0111\u01b0\u1ee3c khuy\u1ebfn kh\u00edch tr\u1ed3ng \u1edf kho\u1ea3ng c\u00e1ch 7m x 7m. Nh\u01b0 v\u1eady, 1 c\u00f4ng \u0111\u1ea5t (1.000m2) tr\u1ed3ng \u0111\u01b0\u1ee3c kho\u1ea3ng 20 c\u00e2y. V\u1edbi 1 hecta c\u00f3 th\u1ec3 tr\u1ed3ng kho\u1ea3ng 200 c\u00e2y.<\/p>\n<p>\u0110\u1ec3 t\u1ed1i \u01b0u h\u00f3a \u0111i\u1ec1u ki\u1ec7n sinh tr\u01b0\u1edfng, m\u1eb7t b\u1ea7u \u01b0\u01a1m n\u00ean \u0111\u01b0\u1ee3c \u0111\u1eafp cao h\u01a1n m\u1eb7t \u0111\u1ea5t kho\u1ea3ng 20 \u2013 40cm \u0111\u1ec3 ng\u0103n ng\u1eeba t\u00ecnh tr\u1ea1ng \u00fang n\u01b0\u1edbc v\u00e0 \u0111\u1ed3ng th\u1eddi t\u1ea1o \u0111i\u1ec1u ki\u1ec7n thu\u1eadn l\u1ee3i cho s\u1ef1 ph\u00e1t tri\u1ec3n m\u1ea1nh m\u1ebd c\u1ee7a c\u00e2y.<\/p>\n<p><strong><b>Gi\u00e1 c\u00e2y gi\u1ed1ng s\u1ea7u ri\u00eang Musang King<\/b><\/strong><\/p>\n<p>Gi\u00e1 c\u00e2y gi\u1ed1ng s\u1ea7u ri\u00eang musang king dao \u0111\u1ed9ng t\u1eeb 95.000-120.000 \/c\u00e2y t\u1ea1i Ph\u00fac An, t\u00f9y theo th\u1eddi \u0111i\u1ec3m, s\u1ed1 l\u01b0\u1ee3ng c\u00e2y trong \u0111\u01a1n h\u00e0ng.<\/p>\n<p><strong><b>Mua c\u00e2y gi\u1ed1ng s\u1ea7u ri\u00eang Musang King \u1edf \u0111\u00e2u ch\u1ea5t l\u01b0\u1ee3ng?<\/b><\/strong><\/p>\n<p>C\u00e2y gi\u1ed1ng Ph\u00fac An (SDT\/ Zalo 0962 888 014) cung c\u1ea5p c\u00e2y gi\u1ed1ng s\u1ea7u ri\u00eang Musang King ch\u1ea5t l\u01b0\u1ee3ng, b\u1ea3o h\u00e0nh \u0111\u00fang gi\u1ed1ng tr\u1ecdn \u0111\u1eddi. V\u01b0\u1eddn nh\u00e2n gi\u1ed1ng c\u1ee7a Ph\u00fac An \u0111\u01b0\u1ee3c ch\u1ecdn l\u1ef1a k\u1ef9 l\u01b0\u1ee1ng, l\u00e0 v\u01b0\u1eddn \u0111\u00e3 cho tr\u00e1i v\u00e0 \u1ed5n \u0111\u1ecbnh. Ngu\u1ed3n bo \u0111\u01b0\u1ee3c tuy\u1ec3n ch\u1ecdn k\u1ef9 t\u1eeb c\u00e2y kh\u1ecfe m\u1ea1nh, kh\u00f4ng s\u00e2u b\u1ec7nh.<\/p>\n<p>Ti\u00eau chu\u1ea9n C\u00e2y gi\u1ed1ng s\u1ea7u ri\u00eang Musang King \u0111\u01b0\u1ee3c cung c\u1ea5p b\u1edfi v\u01b0\u1eddn Ph\u00fac An:<\/p>\n<p>&#8211; \u0110\u01b0\u1eddng k\u00ednh g\u1ed1c t\u1eeb 1,7cm tr\u1edf l\u00ean<\/p>\n<p>&#8211; R\u1ec5 ph\u00e1t tri\u1ec3n m\u1ea1nh, v\u1ebft gh\u00e9p ti\u1ebfp h\u1ee3p t\u1ed1t, l\u00e1 \u0111ang chuy\u1ec3n gi\u00e0 kh\u00f4ng s\u00e2u b\u1ec7nh<\/p>\n<p>&#8211; Chi\u1ec1u cao t\u01b0\u1ee3c gh\u00e9p t\u1eeb 20cm<\/p>\n<p>C\u00e2y tr\u1ea3i qua qu\u00e1 tr\u00ecnh nh\u00e2n gi\u1ed1ng, d\u01b0\u1ee1ng c\u00e2y con, x\u1ea3 n\u1eafng ho\u00e0n ch\u1ec9nh. \u0110\u1ebfn tay c\u00f4 b\u00e1c s\u1ebd l\u00e0 t\u1eebng c\u00e2y \u0111\u00e3 c\u1ee9ng c\u00e1p \u0111\u00e3 ra c\u01a1i ch\u1ed3i m\u1edbi. Qu\u00fd c\u00f4 b\u00e1c c\u00f3 th\u1ec3 li\u00ean h\u1ec7 tr\u1ef1c ti\u1ebfp qua SDT\/ Zalo 0962 888 014 (<a href=\"http:\/\/localhost\/phucan713\/\" target=\"_blank\" rel=\"noopener\">c\u00e2y gi\u1ed1ng Ph\u00fac An<\/a>) \u0111\u1ec3 ch\u00fang t\u00f4i t\u01b0 v\u1ea5n v\u00e0 b\u00e1o gi\u00e1 c\u1ee5 th\u1ec3. Xin c\u1ea3m \u01a1n qu\u00fd c\u00f4 b\u00e1c \u0111\u00e3 \u0111\u1eb7t ni\u1ec1m tin v\u1edbi nh\u00e0 v\u01b0\u1eddn Ph\u00fac An.<\/p>\n<p>&gt;&gt; M\u1eddi b\u1ea1n \u0111\u1ecdc th\u00eam: <a href=\"https:\/\/baolamdong.vn\/gia-sau-rieng-hom-nay-25-4-sau-rieng-musang-king-o-muc-125-000-130-000-dong-kg-250530.html\" target=\"_blank\" rel=\"noopener\"><em style=\"color: #000080;\"><strong>Gi\u00e1 s\u1ea7u ri\u00eang Musang King \u1edf m\u1ee9c 125.000 &#8211; 130.000 \u0111\u1ed3ng\/kg<\/strong><\/em><\/a><\/p>\n","protected":false},"excerpt":{"rendered":"<p>* Gi\u00e1 tham kh\u1ea3o cho s\u1ed1 l\u01b0\u1ee3ng t\u1eeb 30 c\u00e2y, c\u00f3 th\u1ec3 thay \u0111\u1ed5i theo th\u1eddi \u0111i\u1ec3m<br \/>\n* Ch\u01b0a bao g\u1ed3m ph\u00ed v\u1eadn chuy\u1ec3n (t\u00f9y theo s\u1ed1 l\u01b0\u1ee3ng c\u00e2y v\u00e0 \u0111\u1ecba \u0111i\u1ec3m giao h\u00e0ng)<\/p>\n","protected":false},"featured_media":4033,"comment_status":"open","ping_status":"closed","template":"","meta":[],"product_brand":[],"product_cat":[93],"product_tag":[95],"class_list":{"0":"post-1388","1":"product","2":"type-product","3":"status-publish","4":"has-post-thumbnail","6":"product_cat-giong-sau-rieng","7":"product_tag-giong-sau-rieng-musang-king","9":"first","10":"instock","11":"shipping-taxable","12":"purchasable","13":"product-type-simple"},"_links":{"self":[{"href":"https:\/\/ktech4.k-tech-services.com\/phucan713\/wp-json\/wp\/v2\/product\/1388","targetHints":{"allow":["GET"]}}],"collection":[{"href":"https:\/\/ktech4.k-tech-services.com\/phucan713\/wp-json\/wp\/v2\/product"}],"about":[{"href":"https:\/\/ktech4.k-tech-services.com\/phucan713\/wp-json\/wp\/v2\/types\/product"}],"replies":[{"embeddable":true,"href":"https:\/\/ktech4.k-tech-services.com\/phucan713\/wp-json\/wp\/v2\/comments?post=1388"}],"wp:featuredmedia":[{"embeddable":true,"href":"https:\/\/ktech4.k-tech-services.com\/phucan713\/wp-json\/wp\/v2\/media\/4033"}],"wp:attachment":[{"href":"https:\/\/ktech4.k-tech-services.com\/phucan713\/wp-json\/wp\/v2\/media?parent=1388"}],"wp:term":[{"taxonomy":"product_brand","embeddable":true,"href":"https:\/\/ktech4.k-tech-services.com\/phucan713\/wp-json\/wp\/v2\/product_brand?post=1388"},{"taxonomy":"product_cat","embeddable":true,"href":"https:\/\/ktech4.k-tech-services.com\/phucan713\/wp-json\/wp\/v2\/product_cat?post=1388"},{"taxonomy":"product_tag","embeddable":true,"href":"https:\/\/ktech4.k-tech-services.com\/phucan713\/wp-json\/wp\/v2\/product_tag?post=1388"}],"curies":[{"name":"wp","href":"https:\/\/api.w.org\/{rel}","templated":true}]}}