{"id":1390,"date":"2024-03-30T11:02:10","date_gmt":"2024-03-30T11:02:10","guid":{"rendered":"https:\/\/caygiongphucan.com\/?post_type=product&amp;p=1390"},"modified":"2024-03-30T11:02:10","modified_gmt":"2024-03-30T11:02:10","slug":"cay-giong-sau-rieng-black-thorn","status":"publish","type":"product","link":"https:\/\/ktech4.k-tech-services.com\/phucan713\/san-pham\/cay-giong-sau-rieng-black-thorn\/","title":{"rendered":"C\u00e2y gi\u1ed1ng s\u1ea7u ri\u00eang Black Thorn"},"content":{"rendered":"<p>S\u1ea7u ri\u00eang Black Thorn (s\u1ea7u ri\u00eang Black Thorn), c\u00f3 t\u00ean khoa h\u1ecdc l\u00e0 Durio Graveolens, l\u00e0 m\u1ed9t gi\u1ed1ng s\u1ea7u ri\u00eang \u01b0u t\u00fa c\u00f3 ngu\u1ed3n g\u1ed1c t\u1eeb B\u00e1n \u0111\u1ea3o Malaysia. N\u00f3 th\u01b0\u1eddng \u0111\u01b0\u1ee3c g\u1ecdi l\u00e0 \u201cNg\u1ecdc trai \u0111en\u201d ho\u1eb7c \u201cV\u00e0ng \u0111en\u201d do l\u1edbp v\u1ecf c\u00f3 gai m\u00e0u \u0111en \u0111\u1eb7c tr\u01b0ng c\u1ee7a n\u00f3. Nh\u1eefng chi\u1ebfc gai b\u00ean ngo\u00e0i c\u1ee7a lo\u1ea1i s\u1ea7u ri\u00eang n\u00e0y d\u00e0y h\u01a1n v\u00e0 n\u1ed5i r\u00f5 h\u01a1n so v\u1edbi c\u00e1c gi\u1ed1ng s\u1ea7u ri\u00eang kh\u00e1c.<\/p>\n<h2>\u0110\u1eb7c \u0111i\u1ec3m gi\u1ed1ng s\u1ea7u ri\u00eang Black Thorn<\/h2>\n<h3>V\u1ec1 tr\u00e1i s\u1ea7u ri\u00eang Black Thorn<\/h3>\n<p>C\u00f3 th\u1ec3 nh\u1eadn bi\u1ebft tr\u00e1i s\u1ea7u ri\u00eang Black Thorn nh\u1edd h\u00ecnh d\u1ea1ng qu\u1ea3 b\u00ed ng\u00f4 \u0111\u1ea7y \u0111\u1eb7n. \u0110i\u1ec3m \u0111\u1eb7c bi\u1ec7t c\u1ee7a s\u1ea7u ri\u00eang Bkack Thorn l\u00e0 ph\u1ea7n l\u00f5i d\u00e0y c\u00f3 \u0111\u01b0\u1eddng m\u00e0u n\u00e2u \u0111\u1ecf ch\u1ea1y xuy\u00ean qua gi\u1eefa, c\u00f3 m\u00e0u v\u00e0ng r\u1ef1c v\u00e0 m\u00e0u cam h\u1ed3ng. G\u1ecdi l\u00e0 s\u1ea7u ri\u00eang gai \u0111en v\u00ec nh\u1eefng gai tr\u00ean v\u1ecf c\u00f3 ch\u00f3p m\u00e0u s\u1eabm h\u01a1n b\u00ecnh th\u01b0\u1eddng.<\/p>\n<p>\u1ede d\u01b0\u1edbi c\u00f9ng c\u1ee7a qu\u1ea3, c\u00f3 m\u1ed9t nh\u1ecb hoa kh\u00f4 r\u00f5 r\u1ec7t \u0111\u01b0\u1ee3c t\u00ecm th\u1ea5y \u1edf gi\u1eefa l\u00f5m, \u0111\u01b0\u1ee3c g\u1ecdi l\u00e0 \u201cgai\u201d c\u1ee7a qu\u1ea3 s\u1ea7u ri\u00eang. \u0110o\u1ea1n hoa teo l\u1ea1i n\u00e0y kh\u00f4ng \u0111\u01b0\u1ee3c coi l\u00e0 \u0111\u1eb7c \u0111i\u1ec3m nh\u1eadn d\u1ea1ng c\u1ee7a s\u1ea7u ri\u00eang Black Thorn v\u00ec n\u00f3 c\u00f3 th\u1ec3 d\u1ec5 d\u00e0ng b\u1ecb g\u00e3y ra.<\/p>\n<p>\u0110\u1eb7c \u0111i\u1ec3m h\u01b0\u01a1ng v\u1ecb: S\u1ea7u ri\u00eang Black Thorn \u0111\u01b0\u1ee3c y\u00eau th\u00edch v\u00ec v\u1ecb \u0111\u1eafng \u0111\u1eadm \u0111\u00e0, th\u01b0\u1eddng \u0111\u01b0\u1ee3c m\u00f4 t\u1ea3 l\u00e0 s\u1ef1 pha tr\u1ed9n c\u1ee7a caramel, h\u1ea1nh nh\u00e2n rang v\u00e0 s\u00f4 c\u00f4 la \u0111en. C\u01a1m c\u00f3 m\u00e0u v\u00e0ng cam \u0111\u1eadm \u0111\u00e0 c\u00f3 k\u1ebft c\u1ea5u d\u1ea1ng kem, tan ch\u1ea3y trong mi\u1ec7ng, \u0111\u1ec3 l\u1ea1i d\u01b0 v\u1ecb sang tr\u1ecdng.<\/p>\n<p>M\u00f9i th\u01a1m: H\u01b0\u01a1ng th\u01a1m c\u1ee7a S\u1ea7u ri\u00eang Black Thorn r\u1ea5t m\u1ea1nh m\u1ebd v\u00e0 quy\u1ebfn r\u0169. N\u00f3 \u0111\u01b0\u1ee3c \u0111\u1eb7c tr\u01b0ng b\u1edfi m\u1ed9t h\u01b0\u01a1ng th\u01a1m phong ph\u00fa, ph\u1ee9c t\u1ea1p v\u1edbi ch\u00fat h\u01b0\u01a1ng caramel ng\u1ecdt ng\u00e0o v\u00e0 h\u01b0\u01a1ng hoa.<\/p>\n<p>\u0110\u1eb7c \u0111i\u1ec3m c\u1ee7a lo\u1ea1i s\u1ea7u ri\u00eang n\u00e0y c\u00f3 th\u1ec3 c\u1eaft l\u00fac gi\u00e0, ho\u1eb7c \u0111\u1ec3 ch\u00edn t\u1ef1 nhi\u00ean v\u1eabn kh\u00f4ng b\u1ecb s\u01b0\u1ee3ng.<\/p>\n<h3>V\u1ec1 c\u00e2y s\u1ea7u ri\u00eang Black Thorn<\/h3>\n<p>Tu\u1ed5i th\u1ecd c\u1ee7a c\u00e2y s\u1ea7u ri\u00eang Black Thorn c\u00f3 th\u1ec3 k\u00e9o d\u00e0i t\u1eeb 25 \u0111\u1ebfn 30 n\u0103m ho\u1eb7c th\u1eadm ch\u00ed l\u00e2u h\u01a1n n\u1ebfu \u0111\u01b0\u1ee3c ch\u0103m s\u00f3c \u0111\u00fang c\u00e1ch. Tu\u1ef3 thu\u1ed9c v\u00e0o \u0111i\u1ec1u ki\u1ec7n m\u00f4i tr\u01b0\u1eddng, quy tr\u00ecnh tr\u1ed3ng tr\u1ecdt v\u00e0 ch\u0103m s\u00f3c c\u00e2y, c\u0169ng nh\u01b0 y\u1ebfu t\u1ed1 kh\u00e1c nhau kh\u00e1c nh\u01b0 th\u1ed5 nh\u01b0\u1ee1ng v\u00e0 th\u1eddi ti\u1ebft, tu\u1ed5i th\u1ecd c\u1ee7a c\u00e2y c\u00f3 th\u1ec3 c\u00f3 s\u1ef1 bi\u1ebfn \u0111\u1ed9ng.<\/p>\n<p>S\u1ea7u ri\u00eang Black Thorn theo nh\u1eadn x\u00e9t t\u1eeb nhi\u1ec1u ch\u1ee7 v\u01b0\u1eddn th\u00ec c\u00f3 t\u1ed1c \u0111\u1ed9 ph\u00e1t tri\u1ec3n r\u1ea5t nhanh, s\u1ee9c s\u1ed1ng m\u1ea1nh m\u1ebd.<\/p>\n<p>V\u1ec1 c\u00e2y gi\u1ed1ng, s\u1ea7u ri\u00eang Black Thorn \u0111a ph\u1ea7n \u0111\u01b0\u1ee3c nh\u00e2n gi\u1ed1ng b\u1eb1ng h\u00ecnh th\u1ee9c gh\u00e9p bo. Chi\u1ec1u cao c\u00e2y gi\u1ed1ng t\u1ea7m 80-100cm. C\u00e2y gi\u1ed1ng xu\u1ea5t v\u01b0\u1eddn c\u00f3 ti\u00eau chu\u1ea9n kh\u1ecfe m\u1ea1nh, \u0111\u01b0\u1ee3c nu\u00f4i b\u1ea7u ra c\u01a1i ch\u1ed3i m\u1edbi, \u0111ang ph\u00e2n t\u00e1n \u0111\u1ec1u \u0111\u1eb9p. C\u00e2y \u0111\u1ebfn ch\u1ee7 v\u01b0\u1eddn m\u1edbi l\u00e0 c\u00f3 th\u1ec3 tr\u1ed3ng ngay.<\/p>\n<h2>L\u1ee3i \u00edch s\u1ee9c kh\u1ecfe t\u1eeb tr\u00e1i s\u1ea7u ri\u00eang Black Thorn<\/h2>\n<p>S\u1ea7u ri\u00eang Black Thorn kh\u00f4ng ch\u1ec9 l\u00e0 m\u1ed9t lo\u1ea1i tr\u00e1i ngon v\u00e0 ph\u1ed5 bi\u1ebfn m\u00e0 c\u00f2n mang l\u1ea1i nhi\u1ec1u l\u1ee3i \u00edch s\u1ee9c kh\u1ecfe:<\/p>\n<p>Ngu\u1ed3n Vitamin v\u00e0 Kho\u00e1ng ch\u1ea5t: S\u1ea7u ri\u00eang l\u00e0 m\u1ed9t ngu\u1ed3n t\u1ed1t c\u1ee7a vitamin C, vitamin B-complex, kali, v\u00e0 mangan. Nh\u1eefng ch\u1ea5t n\u00e0y \u0111\u1ec1u \u0111\u00f3ng vai tr\u00f2 quan tr\u1ecdng trong s\u1ef1 ph\u00e1t tri\u1ec3n v\u00e0 duy tr\u00ec s\u1ee9c kh\u1ecfe c\u1ee7a c\u01a1 th\u1ec3.<\/p>\n<p>Ch\u1ea5t X\u01a1: S\u1ea7u ri\u00eang cung c\u1ea5p ch\u1ea5t x\u01a1 t\u1ef1 nhi\u00ean, gi\u00fap h\u1ed7 tr\u1ee3 qu\u00e1 tr\u00ecnh ti\u00eau h\u00f3a v\u00e0 duy tr\u00ec s\u1ee9c kh\u1ecfe c\u1ee7a \u0111\u01b0\u1eddng ru\u1ed9t.<\/p>\n<p>Ch\u1ea5t Ch\u1ed1ng Oxy H\u00f3a: S\u1ea7u ri\u00eang ch\u1ee9a c\u00e1c ch\u1ea5t ch\u1ed1ng oxy h\u00f3a nh\u01b0 beta-carotene v\u00e0 polyphenol, gi\u00fap b\u1ea3o v\u1ec7 t\u1ebf b\u00e0o kh\u1ecfi t\u1ed5n th\u01b0\u01a1ng do g\u1ed1c t\u1ef1 do.<\/p>\n<p>Qu\u1ea3 C\u00f3 N\u0103ng L\u01b0\u1ee3ng Cao: S\u1ea7u ri\u00eang ch\u1ee9a l\u01b0\u1ee3ng calo v\u00e0 n\u0103ng l\u01b0\u1ee3ng cao, l\u00e0 ngu\u1ed3n dinh d\u01b0\u1ee1ng t\u1ed1t cho nh\u1eefng ng\u01b0\u1eddi c\u1ea7n cung c\u1ea5p n\u0103ng l\u01b0\u1ee3ng nhanh ch\u00f3ng.<\/p>\n<p>Cung C\u1ea5p Ch\u1ea5t B\u00e9o T\u1ed1t: S\u1ea7u ri\u00eang c\u00f3 ch\u1ee9a ch\u1ea5t b\u00e9o kh\u00f4ng b\u00e3o h\u00f2a v\u00e0 axit b\u00e9o omega-9, c\u00f3 th\u1ec3 gi\u00fap c\u1ea3i thi\u1ec7n h\u1ec7 th\u1ed1ng tim m\u1ea1ch v\u00e0 gi\u1ea3m m\u1ee9c cholesterol x\u1ea5u.<\/p>\n<p>Ch\u1ee9a Glutamin: Glutamin l\u00e0 m\u1ed9t axit amin gi\u00fap c\u1ea3i thi\u1ec7n s\u1ef1 h\u1ea5p th\u1ee5 ch\u1ea5t dinh d\u01b0\u1ee1ng v\u00e0 h\u1ed7 tr\u1ee3 h\u1ec7 th\u1ed1ng mi\u1ec5n d\u1ecbch.<\/p>\n<p>T\u0103ng C\u01b0\u1eddng N\u0103ng L\u01b0\u1ee3ng: Do ch\u1ee9a nhi\u1ec1u \u0111\u01b0\u1eddng v\u00e0 c\u00e1c d\u1ea1ng \u0111\u01a1n v\u00e0 ph\u1ee9c c\u1ee7a hydrat cacbon, s\u1ea7u ri\u00eang c\u00f3 th\u1ec3 gi\u00fap t\u0103ng c\u01b0\u1eddng n\u0103ng l\u01b0\u1ee3ng ngay l\u1eadp t\u1ee9c.<\/p>\n<p>L\u01b0u \u00fd r\u1eb1ng, nh\u01b0 v\u1edbi b\u1ea5t k\u1ef3 th\u1ef1c ph\u1ea9m n\u00e0o, vi\u1ec7c ti\u00eau th\u1ee5 s\u1ea7u ri\u00eang c\u1ea7n \u0111\u01b0\u1ee3c th\u1ef1c hi\u1ec7n trong m\u1ee9c \u0111\u1ed9 v\u1eeba ph\u1ea3i \u0111\u1ec3 tr\u00e1nh t\u0103ng c\u00e2n kh\u00f4ng mong mu\u1ed1n.<\/p>\n<h2>C\u00e2y s\u1ea7u ri\u00eang Black Thorn tr\u1ed3ng bao l\u00e2u c\u00f3 tr\u00e1i?<\/h2>\n<p>S\u1ea7u ri\u00eang Black Thorn b\u1eaft \u0111\u1ea7u mang tr\u00e1i t\u1eeb n\u0103m th\u1ee9 3 v\u00e0 n\u0103ng su\u1ea5t t\u0103ng d\u1ea7n trong c\u00e1c n\u0103m ti\u1ebfp theo. Vi\u1ec7c duy tr\u00ec c\u00e2y s\u1ea7u ri\u00eang Black Thorn \u1edf tr\u1ea1ng th\u00e1i kh\u1ecfe m\u1ea1nh v\u00e0 \u0111\u1ea3m b\u1ea3o \u0111i\u1ec1u ki\u1ec7n t\u1ed1t c\u00f3 th\u1ec3 \u1ea3nh h\u01b0\u1edfng t\u00edch c\u1ef1c \u0111\u1ebfn tu\u1ed5i th\u1ecd v\u00e0 n\u0103ng su\u1ea5t c\u1ee7a c\u00e2y.<\/p>\n<p>S\u1ea7u ri\u00eang Black Thorn k\u1ebft tr\u00e1i kho\u1ea3ng 150 ng\u00e0y th\u00ec c\u00f3 th\u1ec3 thu ho\u1ea1ch, c\u00e2n n\u1eb7ng t\u1eeb 1,8-2,5kg\/ tr\u00e1i. K\u00edch th\u01b0\u1edbc v\u00e0 tr\u1ecdng l\u01b0\u1ee3ng c\u00f3 th\u1ec3 thay \u0111\u1ed5i t\u00f9y thu\u1ed9c v\u00e0o c\u00e1c y\u1ebfu t\u1ed1 nh\u01b0 tu\u1ed5i c\u1ee7a c\u00e2y v\u00e0 \u0111i\u1ec1u ki\u1ec7n m\u00f4i tr\u01b0\u1eddng.<\/p>\n<h2>N\u0103ng su\u1ea5t s\u1ea7u ri\u00eang Black Thorn<\/h2>\n<p>S\u1ea7u ri\u00eang Black Thorn, m\u1eb7c d\u00f9 c\u00f3 k\u00edch th\u01b0\u1edbc nh\u1ecf h\u01a1n so v\u1edbi Ri 6 hay Monthong, nh\u01b0ng l\u1ea1i n\u1ed5i b\u1eadt v\u1edbi t\u1ef7 l\u1ec7 \u0111\u1eadu tr\u00e1i \u1ea5n t\u01b0\u1ee3ng h\u01a1n. C\u00e2y s\u1ea7u ri\u00eang m\u1edbi 3 n\u0103m tu\u1ed5i c\u00f3 kh\u1ea3 n\u0103ng mang \u0111\u1ebfn kho\u1ea3ng 20 tr\u00e1i m\u1ed7i c\u00e2y (cao g\u1ea5p 2-3 l\u1ea7n so v\u1edbi nhi\u1ec1u gi\u1ed1ng s\u1ea7u ri\u00eang kh\u00e1c). \u0110i\u1ec1u n\u00e0y kh\u00f4ng ch\u1ec9 l\u00e0m t\u0103ng gi\u00e1 tr\u1ecb n\u0103ng su\u1ea5t m\u00e0 c\u00f2n l\u00e0m cho s\u1ea7u ri\u00eang Black Thorn tr\u1edf th\u00e0nh m\u1ed9t l\u1ef1a ch\u1ecdn h\u1ea5p d\u1eabn cho nh\u1eefng ch\u1ee7 v\u01b0\u1eddn \u0111\u1ea7u t\u01b0.<\/p>\n<h2><strong><b>Kh\u00ed h\u1eadu v\u00e0 \u0111\u1ea5t tr\u1ed3ng th\u00edch h\u1ee3p v\u1edbi gi\u1ed1ng s\u1ea7u ri\u00eang Black Thorn<\/b><\/strong><\/h2>\n<p>T\u00ednh ch\u1ea5t t\u1ef1 nhi\u00ean c\u1ee7a Black Thorn ch\u00ednh l\u00e0 s\u1ee9c \u0111\u1ec1 kh\u00e1ng r\u1ea5t t\u1ed1t, c\u00f3 kh\u1ea3 n\u0103ng sinh tr\u01b0\u1edfng m\u1ea1nh khi \u0111\u1ed1i m\u1eb7t v\u1edbi nh\u1eefng b\u1ea5t thu\u1eadn t\u1eeb m\u00f4i tr\u01b0\u1eddng. Gi\u1ed1ng s\u1ea7u ri\u00eang Black Thorn c\u00f3 th\u1ec3 tr\u1ed3ng \u0111\u01b0\u1ee3c \u1edf nh\u1eefng v\u00f9ng \u0111\u1ea5t x\u1ea5u, b\u1ecb nhi\u1ec5n ph\u00e8n. Do v\u1eady, ch\u00fang \u0111\u01b0\u1ee3c n\u00f4ng d\u00e2n \u1edf v\u00f9ng ph\u00eda B\u1eafc qu\u1ed1c l\u1ed9 1, \u0111o\u1ea1n qua t\u1ec9nh Ti\u1ec1n Giang ch\u1ecdn tr\u1ed3ng nhi\u1ec1u.<\/p>\n<p>Tuy nhi\u00ean, ta v\u1eabn n\u00ean \u0111\u1ea7u t\u01b0 v\u00e0o \u0111\u1ea5t tr\u1ed3ng tr\u01b0\u1edbc khi xu\u1ed1ng gi\u1ed1ng \u0111\u1ec3 \u0111\u1ea3m b\u1ea3o s\u1ef1 \u1ed5n \u0111\u1ecbnh l\u00e2u d\u00e0i. \u0110\u1ea5t tr\u1ed3ng ph\u1ea3i tho\u00e1t n\u01b0\u1edbc t\u1ed1t, kh\u00f4ng b\u1ecb kh\u00f4 c\u1eb1n, n\u00ean \u0111\u01b0\u1ee3c h\u1ea1 ph\u00e8n tr\u01b0\u1edbc khi tr\u1ed3ng.<\/p>\n<p>S\u1ea7u ri\u00eang Black Thorn th\u00edch h\u1ee3p v\u1edbi kh\u00ed h\u1eadu nhi\u1ec7t \u0111\u1edbi v\u00e0 c\u1eadn nhi\u1ec7t \u0111\u1edbi. C\u00e2y tr\u1ed3ng n\u00e0y ph\u00e1t tri\u1ec3n t\u1ed1t trong m\u00f4i tr\u01b0\u1eddng nhi\u1ec7t \u0111\u1ed9 \u1ed5n \u0111\u1ecbnh, v\u1edbi nhi\u1ec7t \u0111\u1ed9 trung b\u00ecnh t\u1eeb 24 \u0111\u1ebfn 30 \u0111\u1ed9 C. S\u1ea7u ri\u00eang th\u01b0\u1eddng kh\u00f4ng ch\u1ecbu n\u1ed5i nhi\u1ec7t \u0111\u1ed9 d\u01b0\u1edbi 10 \u0111\u1ed9 C v\u00e0 kh\u00f4ng t\u1ed1t khi ph\u1ea3i \u0111\u1ed1i m\u1eb7t v\u1edbi l\u1ea1nh \u0111\u1ed9t ng\u1ed9t ho\u1eb7c thay \u0111\u1ed5i nhi\u1ec7t \u0111\u1ed9. Ngo\u00e0i ra, n\u00f3 c\u0169ng c\u1ea7n m\u1ed9t l\u01b0\u1ee3ng m\u01b0a \u0111\u1ec1u v\u00e0 \u0111\u1ee7 \u00e1nh s\u00e1ng m\u1eb7t tr\u1eddi \u0111\u1ec3 ph\u00e1t tri\u1ec3n v\u00e0 cho ra qu\u1ea3 t\u1ed1t.<\/p>\n<p>V\u00f9ng \u0111\u1ea5t th\u00edch h\u1ee3p tr\u1ed3ng s\u1ea7u ri\u00eang l\u00e0 t\u1eeb T\u00e2y Nguy\u00ean tr\u1ea3i d\u00e0i v\u1ec1 Mi\u1ec1n \u0110\u00f4ng, mi\u1ec1n T\u00e2y.<\/p>\n<h2>Kho\u1ea3ng c\u00e1ch tr\u1ed3ng c\u00e2y s\u1ea7u ri\u00eang Black Thorn<\/h2>\n<p>S\u1ea7u Ri\u00eang Black Thorn \u0111\u01b0\u1ee3c khuy\u1ebfn kh\u00edch tr\u1ed3ng \u1edf kho\u1ea3ng c\u00e1ch 7m x 7m. Nh\u01b0 v\u1eady, 1 c\u00f4ng \u0111\u1ea5t (1.000m2) tr\u1ed3ng \u0111\u01b0\u1ee3c kho\u1ea3ng 20 c\u00e2y. V\u1edbi 1 hecta c\u00f3 th\u1ec3 tr\u1ed3ng kho\u1ea3ng 200 c\u00e2y.<\/p>\n<p>\u0110\u1ec3 t\u1ed1i \u01b0u h\u00f3a \u0111i\u1ec1u ki\u1ec7n sinh tr\u01b0\u1edfng, m\u1eb7t b\u1ea7u \u01b0\u01a1m n\u00ean \u0111\u01b0\u1ee3c \u0111\u1eafp cao h\u01a1n m\u1eb7t \u0111\u1ea5t kho\u1ea3ng 20 \u2013 40cm \u0111\u1ec3 ng\u0103n ng\u1eeba t\u00ecnh tr\u1ea1ng \u00fang n\u01b0\u1edbc v\u00e0 \u0111\u1ed3ng th\u1eddi t\u1ea1o \u0111i\u1ec1u ki\u1ec7n thu\u1eadn l\u1ee3i cho s\u1ef1 ph\u00e1t tri\u1ec3n m\u1ea1nh m\u1ebd c\u1ee7a c\u00e2y. C\u1ea7n \u0111\u1ea3m b\u1ea3o r\u1eb1ng m\u1ed7i c\u00e2y \u0111\u1ec1u nh\u1eadn \u0111\u1ee7 n\u01b0\u1edbc. Kho\u1ea3ng c\u00e1ch gi\u1eefa c\u00e1c b\u1ed9 t\u01b0\u1edbi n\u01b0\u1edbc c\u0169ng c\u1ea7n \u0111\u01b0\u1ee3c \u0111i\u1ec1u ch\u1ec9nh \u0111\u1ec3 \u0111\u1ea3m b\u1ea3o s\u1ef1 ph\u00e2n ph\u1ed1i n\u01b0\u1edbc \u0111\u1ed3ng \u0111\u1ec1u.<\/p>\n<h2>Gi\u00e1 c\u00e2y gi\u1ed1ng s\u1ea7u ri\u00eang Black Thorn<\/h2>\n<p>Gi\u00e1 c\u00e2y gi\u1ed1ng s\u1ea7u ri\u00eang Black Thorn dao \u0111\u1ed9ng t\u1eeb 95.000-130.000 \/c\u00e2y, k\u00edch th\u01b0\u1edbc 2cm-3cm t\u1ea1i c\u00e2y gi\u1ed1ng Ph\u00fac An, t\u00f9y theo th\u1eddi \u0111i\u1ec3m, s\u1ed1 l\u01b0\u1ee3ng c\u00e2y trong \u0111\u01a1n h\u00e0ng.<\/p>\n<h2>Mua c\u00e2y gi\u1ed1ng s\u1ea7u ri\u00eang Black Thorn \u1edf \u0111\u00e2u ch\u1ea5t l\u01b0\u1ee3ng?<\/h2>\n<p>L\u01b0u \u00fd r\u1eb1ng vi\u1ec7c mua c\u00e2y gi\u1ed1ng t\u1eeb ngu\u1ed3n tin c\u1eady v\u00e0 ch\u1ea5t l\u01b0\u1ee3ng l\u00e0 quan tr\u1ecdng \u0111\u1ec3 \u0111\u1ea3m b\u1ea3o s\u1ef1 th\u00e0nh c\u00f4ng trong vi\u1ec7c tr\u1ed3ng v\u00e0 ph\u00e1t tri\u1ec3n s\u1ea7u ri\u00eang Black Thorn.<\/p>\n<p>C\u00e2y gi\u1ed1ng Ph\u00fac An cung c\u1ea5p c\u00e2y gi\u1ed1ng s\u1ea7u ri\u00eang Black Thorn ch\u1ea5t l\u01b0\u1ee3ng, b\u1ea3o h\u00e0nh \u0111\u00fang gi\u1ed1ng tr\u1ecdn \u0111\u1eddi. V\u01b0\u1eddn nh\u00e2n gi\u1ed1ng c\u1ee7a Ph\u00fac An \u0111\u01b0\u1ee3c ch\u1ecdn l\u1ef1a k\u1ef9 l\u01b0\u1ee1ng, ngu\u1ed3n bo (m\u1eaft gh\u00e9p) \u0111\u01b0\u1ee3c tuy\u1ec3n ch\u1ecdn k\u1ef9 t\u1eeb v\u01b0\u1eddn \u0111\u00e3 cho tr\u00e1i \u1ed5n \u0111\u1ecbnh, c\u00e2y kh\u1ecfe m\u1ea1nh, kh\u00f4ng s\u00e2u b\u1ec7nh.<\/p>\n<p>Ti\u00eau chu\u1ea9n C\u00e2y gi\u1ed1ng s\u1ea7u ri\u00eang Black Thorn \u0111\u01b0\u1ee3c cung c\u1ea5p b\u1edfi v\u01b0\u1eddn Ph\u00fac An:<\/p>\n<p>&#8211; \u0110\u01b0\u1eddng k\u00ednh g\u1ed1c t\u1eeb 1,7cm tr\u1edf l\u00ean<\/p>\n<p>&#8211; R\u1ec5 ph\u00e1t tri\u1ec3n m\u1ea1nh, v\u1ebft gh\u00e9p ti\u1ebfp h\u1ee3p t\u1ed1t, l\u00e1 \u0111ang chuy\u1ec3n gi\u00e0 kh\u00f4ng s\u00e2u b\u1ec7nh<\/p>\n<p>&#8211; Chi\u1ec1u cao t\u01b0\u1ee3c gh\u00e9p t\u1eeb 20cm<\/p>\n<p>C\u00e2y tr\u1ea3i qua quy tr\u00ecnh nh\u00e2n gi\u1ed1ng, d\u01b0\u1ee1ng c\u00e2y con, x\u1ea3 n\u1eafng ho\u00e0n ch\u1ec9nh. \u0110\u1ebfn tay c\u00f4 b\u00e1c s\u1ebd l\u00e0 t\u1eebng c\u00e2y \u0111\u00e3 c\u1ee9ng c\u00e1p \u0111\u00e3 ra c\u01a1i ch\u1ed3i m\u1edbi.<br \/>\nQu\u00fd c\u00f4 b\u00e1c c\u00f3 th\u1ec3 li\u00ean h\u1ec7 tr\u1ef1c ti\u1ebfp qua SDT\/ Zalo 0962.888.014 (<a href=\"http:\/\/localhost\/phucan713\/\" target=\"_blank\" rel=\"noopener\">C\u00e2y Gi\u1ed1ng Ph\u00fac An<\/a>) \u0111\u1ec3 ch\u00fang t\u00f4i t\u01b0 v\u1ea5n v\u00e0 b\u00e1o gi\u00e1 c\u1ee5 th\u1ec3. Xin c\u1ea3m \u01a1n qu\u00fd c\u00f4 b\u00e1c \u0111\u00e3 \u0111\u1eb7t ni\u1ec1m tin v\u1edbi nh\u00e0 v\u01b0\u1eddn.<\/p>\n<p>&gt;&gt; M\u1eddi b\u1ea1n \u0111\u1ecdc th\u00eam: <a href=\"https:\/\/vnexpress.net\/gan-trieu-dong-mot-kg-sau-rieng-gai-den-trong-o-viet-nam-4613775.html\" target=\"_blank\" rel=\"noopener\"><span style=\"color: #000080;\"><em><strong>G\u1ea7n tri\u1ec7u \u0111\u1ed3ng m\u1ed9t kg s\u1ea7u ri\u00eang gai \u0111en tr\u1ed3ng \u1edf Vi\u1ec7t Nam<\/strong><\/em><\/span><\/a><\/p>\n","protected":false},"excerpt":{"rendered":"<p>* Gi\u00e1 tham kh\u1ea3o cho s\u1ed1 l\u01b0\u1ee3ng t\u1eeb 30 c\u00e2y, c\u00f3 th\u1ec3 thay \u0111\u1ed5i theo th\u1eddi \u0111i\u1ec3m<br \/>\n* Ch\u01b0a bao g\u1ed3m ph\u00ed v\u1eadn chuy\u1ec3n (t\u00f9y theo s\u1ed1 l\u01b0\u1ee3ng c\u00e2y v\u00e0 \u0111\u1ecba \u0111i\u1ec3m giao h\u00e0ng)<\/p>\n","protected":false},"featured_media":1945,"comment_status":"open","ping_status":"closed","template":"","meta":[],"product_brand":[],"product_cat":[93],"product_tag":[94],"class_list":{"0":"post-1390","1":"product","2":"type-product","3":"status-publish","4":"has-post-thumbnail","6":"product_cat-giong-sau-rieng","7":"product_tag-giong-sau-rieng-black-thorn","9":"first","10":"instock","11":"shipping-taxable","12":"purchasable","13":"product-type-simple"},"_links":{"self":[{"href":"https:\/\/ktech4.k-tech-services.com\/phucan713\/wp-json\/wp\/v2\/product\/1390","targetHints":{"allow":["GET"]}}],"collection":[{"href":"https:\/\/ktech4.k-tech-services.com\/phucan713\/wp-json\/wp\/v2\/product"}],"about":[{"href":"https:\/\/ktech4.k-tech-services.com\/phucan713\/wp-json\/wp\/v2\/types\/product"}],"replies":[{"embeddable":true,"href":"https:\/\/ktech4.k-tech-services.com\/phucan713\/wp-json\/wp\/v2\/comments?post=1390"}],"wp:featuredmedia":[{"embeddable":true,"href":"https:\/\/ktech4.k-tech-services.com\/phucan713\/wp-json\/"}],"wp:attachment":[{"href":"https:\/\/ktech4.k-tech-services.com\/phucan713\/wp-json\/wp\/v2\/media?parent=1390"}],"wp:term":[{"taxonomy":"product_brand","embeddable":true,"href":"https:\/\/ktech4.k-tech-services.com\/phucan713\/wp-json\/wp\/v2\/product_brand?post=1390"},{"taxonomy":"product_cat","embeddable":true,"href":"https:\/\/ktech4.k-tech-services.com\/phucan713\/wp-json\/wp\/v2\/product_cat?post=1390"},{"taxonomy":"product_tag","embeddable":true,"href":"https:\/\/ktech4.k-tech-services.com\/phucan713\/wp-json\/wp\/v2\/product_tag?post=1390"}],"curies":[{"name":"wp","href":"https:\/\/api.w.org\/{rel}","templated":true}]}}