{"id":1392,"date":"2024-03-30T11:05:46","date_gmt":"2024-03-30T11:05:46","guid":{"rendered":"https:\/\/caygiongphucan.com\/?post_type=product&amp;p=1392"},"modified":"2024-03-30T11:05:46","modified_gmt":"2024-03-30T11:05:46","slug":"cay-giong-sapo-can-tho","status":"publish","type":"product","link":"https:\/\/ktech4.k-tech-services.com\/phucan713\/san-pham\/cay-giong-sapo-can-tho\/","title":{"rendered":"C\u00e2y gi\u1ed1ng sapo C\u1ea7n Th\u01a1"},"content":{"rendered":"<p>Trong s\u1ed1 c\u00e1c gi\u1ed1ng sapo, sapo C\u1ea7n Th\u01a1 n\u1ed5i ti\u1ebfng v\u1edbi ch\u1ea5t l\u01b0\u1ee3ng tr\u00e1i ngon, n\u0103ng su\u1ea5t cao v\u00e0 kh\u1ea3 n\u0103ng th\u00edch nghi t\u1ed1t v\u1edbi \u0111i\u1ec1u ki\u1ec7n kh\u00ed h\u1eadu Vi\u1ec7t Nam. B\u00e0i vi\u1ebft n\u00e0y s\u1ebd cung c\u1ea5p cho b\u1ea1n nh\u1eefng th\u00f4ng tin chi ti\u1ebft v\u1ec1 gi\u1ed1ng sapo C\u1ea7n Th\u01a1, gi\u00fap b\u1ea1n \u0111\u01b0a ra quy\u1ebft \u0111\u1ecbnh \u0111\u00fang \u0111\u1eafn khi l\u1ef1a ch\u1ecdn gi\u1ed1ng c\u00e2y tr\u1ed3ng kinh t\u1ebf.<\/p>\n<figure id=\"attachment_3276\" aria-describedby=\"caption-attachment-3276\" style=\"width: 450px\" class=\"wp-caption aligncenter\"><img loading=\"lazy\" decoding=\"async\" class=\"wp-image-3276\" src=\"http:\/\/localhost\/phucan713\/wp-content\/uploads\/2024\/03\/350943333_971399407346714_5902617409152687459_n-225x300.jpg\" alt=\"M\u00e0u s\u1eafc \u0111\u1eb9p, th\u01a1m ngon ng\u1ecdt ng\u00e0o\" width=\"450\" height=\"600\" srcset=\"https:\/\/ktech4.k-tech-services.com\/phucan713\/wp-content\/uploads\/2024\/03\/350943333_971399407346714_5902617409152687459_n-225x300.jpg 225w, https:\/\/ktech4.k-tech-services.com\/phucan713\/wp-content\/uploads\/2024\/03\/350943333_971399407346714_5902617409152687459_n-768x1024.jpg 768w, https:\/\/ktech4.k-tech-services.com\/phucan713\/wp-content\/uploads\/2024\/03\/350943333_971399407346714_5902617409152687459_n-510x680.jpg 510w, https:\/\/ktech4.k-tech-services.com\/phucan713\/wp-content\/uploads\/2024\/03\/350943333_971399407346714_5902617409152687459_n.jpg 1080w\" sizes=\"auto, (max-width: 450px) 100vw, 450px\" \/><figcaption id=\"caption-attachment-3276\" class=\"wp-caption-text\">M\u00e0u s\u1eafc \u0111\u1eb9p, th\u01a1m ngon ng\u1ecdt ng\u00e0o<\/figcaption><\/figure>\n<h2><strong><b>Ngu\u1ed3n g\u1ed1c sapo C\u1ea7n Th\u01a1<\/b><\/strong><\/h2>\n<p>Gi\u1ed1ng sapo C\u1ea7n Th\u01a1 c\u00f3 ngu\u1ed3n g\u1ed1c t\u1eeb v\u00f9ng \u0111\u1ea5t C\u1ea7n Th\u01a1, m\u1ed9t trong nh\u1eefng v\u1ef1a tr\u00e1i c\u00e2y l\u1edbn c\u1ee7a Vi\u1ec7t Nam. Qua qu\u00e1 tr\u00ecnh ch\u1ecdn l\u1ecdc v\u00e0 nh\u00e2n gi\u1ed1ng, gi\u1ed1ng sapo n\u00e0y \u0111\u00e3 tr\u1edf n\u00ean ph\u1ed5 bi\u1ebfn v\u00e0 \u0111\u01b0\u1ee3c tr\u1ed3ng r\u1ed9ng r\u00e3i tr\u00ean kh\u1eafp c\u1ea3 n\u01b0\u1edbc.<\/p>\n<figure id=\"attachment_1393\" aria-describedby=\"caption-attachment-1393\" style=\"width: 450px\" class=\"wp-caption aligncenter\"><img loading=\"lazy\" decoding=\"async\" class=\"wp-image-1393\" src=\"http:\/\/localhost\/phucan713\/wp-content\/uploads\/2024\/03\/350351035_908514880255153_8999710973016365977_n-225x300.jpg\" alt=\"Tr\u00e1i sapo C\u1ea7n Th\u01a1\" width=\"450\" height=\"600\" \/><figcaption id=\"caption-attachment-1393\" class=\"wp-caption-text\">Tr\u00e1i sapo C\u1ea7n Th\u01a1<\/figcaption><\/figure>\n<h2><strong><b>\u0110\u1eb7c \u0111i\u1ec3m gi\u1ed1ng sapo C\u1ea7n Th\u01a1<\/b><\/strong><\/h2>\n<p>C\u00e2y: C\u00e2y sapo C\u1ea7n Th\u01a1 c\u00f3 s\u1ee9c s\u1ed1ng m\u1ea1nh m\u1ebd, ch\u1ecbu h\u1ea1n t\u1ed1t, \u00edt s\u00e2u b\u1ec7nh. C\u00e2y tr\u01b0\u1edfng th\u00e0nh c\u00f3 th\u1ec3 cao t\u1eeb 7-10m, t\u00e1n l\u00e1 r\u1ed9ng.<\/p>\n<p>Tr\u00e1i: Tr\u00e1i sapo C\u1ea7n Th\u01a1 th\u01b0\u1eddng c\u00f3 h\u00ecnh b\u1ea7u d\u1ee5c ho\u1eb7c tr\u00f2n, v\u1ecf m\u1ecfng, m\u00e0u n\u00e2u b\u00f3ng. Ru\u1ed9t tr\u00e1i m\u00e0u v\u00e0ng cam, th\u1ecbt m\u1ec1m, v\u1ecb ng\u1ecdt \u0111\u1eadm \u0111\u00e0.<\/p>\n<p>Sapo C\u1ea7n Th\u01a1 tr\u1ed5 hoa quanh n\u0103m v\u00e0 cho thu ho\u1ea1ch 1-2 l\u1ea7n\/ n\u0103m, nh\u1eefng th\u00e1ng c\u00f2n l\u1ea1i n\u1ebfu c\u00f3 tr\u00e1i s\u1ea3n l\u01b0\u1ee3ng s\u1ebd \u00edt h\u01a1n \u0111\u1ee3t ch\u00ednh.<\/p>\n<figure id=\"attachment_3269\" aria-describedby=\"caption-attachment-3269\" style=\"width: 452px\" class=\"wp-caption aligncenter\"><img loading=\"lazy\" decoding=\"async\" class=\"wp-image-3269\" src=\"http:\/\/localhost\/phucan713\/wp-content\/uploads\/2024\/03\/376894731_331869239335353_4964484110080408315_n-226x300.jpg\" alt=\"C\u00e2y sapo C\u1ea7n Th\u01a1 tr\u01b0\u1edfng th\u00e0nh \u0111ang cho tr\u00e1i\" width=\"452\" height=\"600\" srcset=\"https:\/\/ktech4.k-tech-services.com\/phucan713\/wp-content\/uploads\/2024\/03\/376894731_331869239335353_4964484110080408315_n-226x300.jpg 226w, https:\/\/ktech4.k-tech-services.com\/phucan713\/wp-content\/uploads\/2024\/03\/376894731_331869239335353_4964484110080408315_n-771x1024.jpg 771w, https:\/\/ktech4.k-tech-services.com\/phucan713\/wp-content\/uploads\/2024\/03\/376894731_331869239335353_4964484110080408315_n-768x1020.jpg 768w, https:\/\/ktech4.k-tech-services.com\/phucan713\/wp-content\/uploads\/2024\/03\/376894731_331869239335353_4964484110080408315_n-1157x1536.jpg 1157w, https:\/\/ktech4.k-tech-services.com\/phucan713\/wp-content\/uploads\/2024\/03\/376894731_331869239335353_4964484110080408315_n-510x677.jpg 510w, https:\/\/ktech4.k-tech-services.com\/phucan713\/wp-content\/uploads\/2024\/03\/376894731_331869239335353_4964484110080408315_n.jpg 1542w\" sizes=\"auto, (max-width: 452px) 100vw, 452px\" \/><figcaption id=\"caption-attachment-3269\" class=\"wp-caption-text\">C\u00e2y sapo C\u1ea7n Th\u01a1 tr\u01b0\u1edfng th\u00e0nh \u0111ang cho tr\u00e1i<\/figcaption><\/figure>\n<h2><strong><b>C\u00e2y Sapo C\u1ea7n Th\u01a1 tr\u1ed3ng bao l\u00e2u c\u00f3 tr\u00e1i? <\/b><\/strong><\/h2>\n<p>C\u00e2y Sapo C\u1ea7n Th\u01a1 sau 6 th\u00e1ng tr\u1ed3ng c\u00f3 kh\u1ea3 n\u0103ng ph\u00e1t tri\u1ec3n tr\u00e1i b\u00f3i, tuy nhi\u00ean, vi\u1ec7c t\u1ec9a b\u1ecf nh\u1eefng tr\u00e1i n\u00e0y l\u00e0 quan tr\u1ecdng \u0111\u1ec3 t\u1ed1i \u01b0u h\u00f3a s\u1ee9c nu\u00f4i c\u00e2y. Th\u1eddi gian t\u1eeb khi tr\u1ed3ng \u0111\u1ebfn khi c\u00e2y Sapo C\u1ea7n Th\u01a1 \u0111\u1ee7 s\u1ee9c cho tr\u00e1i th\u01b0\u01a1ng ph\u1ea9m c\u1ea7n kho\u1ea3ng 3 n\u0103m. T\u1eeb l\u00fac ra hoa \u0111\u1ebfn l\u00fac thu ho\u1ea1ch m\u1ea5t kho\u1ea3ng 6 th\u00e1ng.<\/p>\n<h2><strong><b>N\u0103ng su\u1ea5t gi\u1ed1ng Sapo C\u1ea7n Th\u01a1<\/b><\/strong><\/h2>\n<p>\u0110\u01b0\u1ee3c \u0111\u00e1nh gi\u00e1 l\u00e0 c\u00e2y c\u00f3 n\u0103ng su\u1ea5t t\u1ed1t, nh\u1eefng n\u0103m \u0111\u1ea7u cho kho\u1ea3ng 50-70 kg tr\u00e1i\/ c\u00e2y. Theo th\u1eddi gian t\u1eeb n\u0103m th\u1ee9 7-8 tr\u1edf \u0111i, n\u1ebfu \u0111\u01b0\u1ee3c ch\u0103m s\u00f3c t\u1ed1t, 1 c\u00e2y c\u00f3 th\u1ec3 cho 100-200 kg tr\u00e1i trong su\u1ed1t m\u00f9a thu ho\u1ea1ch (t\u00ednh bao g\u1ed3m \u0111\u1ee3t ch\u00ednh v\u00e0 \u0111\u1ee3t ph\u1ee5). V\u1edbi gi\u00e1 b\u00e1n \u1ed5n \u0111\u1ecbnh tr\u00ean th\u1ecb tr\u01b0\u1eddng, vi\u1ec7c tr\u1ed3ng sapo C\u1ea7n Th\u01a1 h\u1ee9a h\u1eb9n mang l\u1ea1i hi\u1ec7u qu\u1ea3 kinh t\u1ebf cao cho ng\u01b0\u1eddi n\u00f4ng d\u00e2n.<\/p>\n<figure id=\"attachment_3274\" aria-describedby=\"caption-attachment-3274\" style=\"width: 450px\" class=\"wp-caption aligncenter\"><img loading=\"lazy\" decoding=\"async\" class=\"wp-image-3274\" src=\"http:\/\/localhost\/phucan713\/wp-content\/uploads\/2024\/03\/sapo-can-tho-4-225x300.jpg\" alt=\"Gi\u1ed1ng sapo C\u1ea7n Th\u01a1 cho n\u0103ng su\u1ea5t r\u1ea5t cao, kh\u00f4ng k\u00e9n \u0111\u1ea5t v\u00e0 d\u1ec5 ch\u0103m s\u00f3c\" width=\"450\" height=\"600\" srcset=\"https:\/\/ktech4.k-tech-services.com\/phucan713\/wp-content\/uploads\/2024\/03\/sapo-can-tho-4-225x300.jpg 225w, https:\/\/ktech4.k-tech-services.com\/phucan713\/wp-content\/uploads\/2024\/03\/sapo-can-tho-4-768x1024.jpg 768w, https:\/\/ktech4.k-tech-services.com\/phucan713\/wp-content\/uploads\/2024\/03\/sapo-can-tho-4-510x680.jpg 510w, https:\/\/ktech4.k-tech-services.com\/phucan713\/wp-content\/uploads\/2024\/03\/sapo-can-tho-4.jpg 960w\" sizes=\"auto, (max-width: 450px) 100vw, 450px\" \/><figcaption id=\"caption-attachment-3274\" class=\"wp-caption-text\">Gi\u1ed1ng sapo C\u1ea7n Th\u01a1 cho n\u0103ng su\u1ea5t r\u1ea5t cao, kh\u00f4ng k\u00e9n \u0111\u1ea5t v\u00e0 d\u1ec5 ch\u0103m s\u00f3c<\/figcaption><\/figure>\n<figure id=\"attachment_3275\" aria-describedby=\"caption-attachment-3275\" style=\"width: 450px\" class=\"wp-caption aligncenter\"><img loading=\"lazy\" decoding=\"async\" class=\"wp-image-3275\" src=\"http:\/\/localhost\/phucan713\/wp-content\/uploads\/2024\/03\/sapo-can-tho-225x300.jpg\" alt=\"Thu ho\u1ea1ch sapo C\u1ea7n Th\u01a1 t\u1ea1i mi\u1ec1n t\u00e2y\" width=\"450\" height=\"600\" srcset=\"https:\/\/ktech4.k-tech-services.com\/phucan713\/wp-content\/uploads\/2024\/03\/sapo-can-tho-225x300.jpg 225w, https:\/\/ktech4.k-tech-services.com\/phucan713\/wp-content\/uploads\/2024\/03\/sapo-can-tho-768x1024.jpg 768w, https:\/\/ktech4.k-tech-services.com\/phucan713\/wp-content\/uploads\/2024\/03\/sapo-can-tho-1152x1536.jpg 1152w, https:\/\/ktech4.k-tech-services.com\/phucan713\/wp-content\/uploads\/2024\/03\/sapo-can-tho-510x680.jpg 510w, https:\/\/ktech4.k-tech-services.com\/phucan713\/wp-content\/uploads\/2024\/03\/sapo-can-tho.jpg 1536w\" sizes=\"auto, (max-width: 450px) 100vw, 450px\" \/><figcaption id=\"caption-attachment-3275\" class=\"wp-caption-text\">Thu ho\u1ea1ch sapo C\u1ea7n Th\u01a1 t\u1ea1i mi\u1ec1n t\u00e2y<\/figcaption><\/figure>\n<h2><strong><b>Kh\u00ed h<\/b><\/strong><strong><b>\u1eadu v\u00e0 \u0111\u1ea5t tr\u1ed3ng th\u00edch h\u1ee3p v\u1edbi gi\u1ed1ng Sapo C\u1ea7n Th\u01a1<\/b><\/strong><\/h2>\n<p>Sapo C\u1ea7n Th\u01a1 th\u00edch h\u1ee3p tr\u1ed3ng \u1edf nh\u1eefng v\u00f9ng c\u00f3 kh\u00ed h\u1eadu nhi\u1ec7t \u0111\u1edbi, n\u00f3ng \u1ea9m, l\u01b0\u1ee3ng m\u01b0a trung b\u00ecnh. C\u00e2y c\u00f3 th\u1ec3 sinh tr\u01b0\u1edfng t\u1ed1t tr\u00ean nhi\u1ec1u lo\u1ea1i \u0111\u1ea5t kh\u00e1c nhau, tuy nhi\u00ean \u0111\u1ea5t th\u1ecbt pha c\u00e1t, gi\u00e0u ch\u1ea5t h\u1eefu c\u01a1, tho\u00e1t n\u01b0\u1edbc t\u1ed1t l\u00e0 lo\u1ea1i \u0111\u1ea5t l\u00fd t\u01b0\u1edfng.<\/p>\n<p>Sapo C\u1ea7n Th\u01a1 l\u00e0 m\u1ed9t gi\u1ed1ng c\u00e2y \u01b0a n\u1eafng, do \u0111\u00f3, vi\u1ec7c tr\u1ed3ng n\u00ean \u0111\u01b0\u1ee3c th\u1ef1c hi\u1ec7n \u1edf nh\u1eefng v\u1ecb tr\u00ed c\u00f3 \u00e1nh n\u1eafng nhi\u1ec1u, tr\u00e1nh nh\u1eefng n\u01a1i c\u00f3 che n\u1eafng ho\u1eb7c thi\u1ebfu s\u00e1ng.<\/p>\n<h2><strong><b>Kho\u1ea3ng c\u00e1ch tr\u1ed3ng c\u00e2y Sapo C\u1ea7n Th\u01a1<\/b><\/strong><\/h2>\n<p>Kho\u1ea3ng c\u00e1ch l\u00fd t\u01b0\u1edfng gi\u1eefa c\u00e1c c\u00e2y Sapo C\u1ea7n Th\u01a1 l\u00e0 5m x 5m. Nh\u01b0 v\u1eady, 1 hecta \u0111\u1ea5t tr\u1ed3ng \u0111\u01b0\u1ee3c kho\u1ea3ng 400 c\u00e2y.<\/p>\n<p>M\u00f4 h\u00ecnh Ph\u00fac An g\u1ee3i \u00fd: M\u01b0\u01a1ng r\u00f4\u0323ng 3m, b\u1ec1 m\u0103\u0323t li\u00ea\u0301p r\u00f4\u0323ng 6m. C\u00e2y sapo tr\u00f4\u0300ng gi\u01b0\u0303a li\u00ea\u0301p, c\u00e2y ca\u0301ch c\u00e2y 5m. Sapo C\u1ea7n Th\u01a1 ta kh\u1ed1ng ch\u1ebf chi\u1ec1u cao kho\u1ea3ng 6m l\u00e0 v\u1eeba. Tr\u00e1i cho r\u1ea5t nhi\u1ec1u v\u00e0 d\u00e0y, t\u00e1n c\u00e2y x\u00f2e kh\u00f4ng qu\u00e1 r\u1ed9ng.<\/p>\n<h2><strong><b>C\u00e1ch ch\u0103m s\u00f3c c\u00e2y sapo C\u1ea7n Th\u01a1<\/b><\/strong><\/h2>\n<p>T\u01b0\u1edbi n\u01b0\u1edbc: T\u01b0\u1edbi n\u01b0\u1edbc th\u01b0\u1eddng xuy\u00ean, \u0111\u1eb7c bi\u1ec7t l\u00e0 v\u00e0o m\u00f9a kh\u00f4.<\/p>\n<p>B\u00f3n ph\u00e2n: B\u00f3n ph\u00e2n \u0111\u1ecbnh k\u1ef3 \u0111\u1ec3 cung c\u1ea5p \u0111\u1ee7 ch\u1ea5t dinh d\u01b0\u1ee1ng cho c\u00e2y.<\/p>\n<p>S\u00e2u b\u1ec7nh: Ph\u00e1t hi\u1ec7n v\u00e0 ph\u00f2ng tr\u1eeb s\u00e2u b\u1ec7nh k\u1ecbp th\u1eddi.<\/p>\n<p>C\u1eaft t\u1ec9a: C\u1eaft t\u1ec9a c\u00e0nh l\u00e1 th\u01b0\u1eddng xuy\u00ean \u0111\u1ec3 t\u1ea1o t\u00e1n c\u00e2y \u0111\u1eb9p v\u00e0 th\u00f4ng tho\u00e1ng.<\/p>\n<h2><strong><b>Gi\u00e1 c\u00e2y gi\u1ed1ng Sapo C\u1ea7n Th\u01a1<\/b><\/strong><\/h2>\n<p>Gi\u00e1 c\u00e2y gi\u1ed1ng Sapo C\u1ea7n Th\u01a1 t\u1ea1i v\u01b0\u1eddn Ph\u00fac An dao \u0111\u1ed9ng t\u1eeb 62.000 &#8211; 100.000\/ c\u00e2y theo gi\u00e1 s\u1ec9. T\u00f9y theo l\u00f4 c\u00e2y, s\u1ed1 l\u01b0\u1ee3ng kh\u00e1ch \u0111\u1eb7t s\u1ebd c\u00f3 m\u1ee9c gi\u00e1 kh\u00e1c nhau. Ch\u00fang t\u00f4i cam k\u1ebft lu\u00f4n gi\u1eef m\u1ee9c gi\u00e1 ph\u1ea3i ch\u0103ng cho kh\u00e1ch h\u00e0ng c\u1ee7a m\u00ecnh.<\/p>\n<figure id=\"attachment_2018\" aria-describedby=\"caption-attachment-2018\" style=\"width: 542px\" class=\"wp-caption aligncenter\"><img loading=\"lazy\" decoding=\"async\" class=\"wp-image-2018\" src=\"http:\/\/localhost\/phucan713\/wp-content\/uploads\/2024\/03\/z5473735079982_5c209a27712f3e2bac28ff4aaee2d194-271x300.jpg\" alt=\"C\u00e2y gi\u1ed1ng sapo C\u1ea7n Th\u01a1 t\u1ea1i Ph\u00fac An\" width=\"542\" height=\"600\" \/><figcaption id=\"caption-attachment-2018\" class=\"wp-caption-text\">C\u00e2y gi\u1ed1ng sapo C\u1ea7n Th\u01a1 t\u1ea1i Ph\u00fac An<\/figcaption><\/figure>\n<h2><strong><b>Mua c\u00e2y gi\u1ed1ng Sapo C\u1ea7n Th\u01a1 \u1edf \u0111\u00e2u ch\u1ea5t l\u01b0\u1ee3ng?<\/b><\/strong><\/h2>\n<p>C\u00e2y gi\u1ed1ng Ph\u00fac An cung c\u1ea5p c\u00e2y Gi\u1ed1ng sapo C\u1ea7n Th\u01a1\u00a0ch\u1ea5t l\u01b0\u1ee3ng, \u0111\u01b0\u1ee3c b\u1ea3o h\u00e0nh \u0111\u00fang gi\u1ed1ng cho t\u1edbi khi c\u00f3 tr\u00e1i.<\/p>\n<p>V\u01b0\u1eddn nh\u00e2n gi\u1ed1ng c\u1ee7a Ph\u00fac An \u0111\u01b0\u1ee3c ch\u1ecdn l\u1ef1a k\u1ef9 l\u01b0\u1ee1ng, \u0111\u1ea3m b\u1ea3o chu\u1ea9n gi\u1ed1ng.<\/p>\n<p><strong>Ti\u00eau chu\u1ea9n\u00a0c\u00e2y gi\u1ed1ng sapo C\u1ea7n Th\u01a1\u00a0\u0111\u01b0\u1ee3c cung c\u1ea5p b\u1edfi v\u01b0\u1eddn Ph\u00fac An:<\/strong><\/p>\n<ul>\n<li>C\u00e2y gh\u00e9p chui c\u00e0nh (th\u00e1p c\u00e0nh) ho\u1eb7c c\u00e2y chi\u1ebft<\/li>\n<li>Chi\u1ec1u cao c\u00e2y gi\u1ed1ng t\u1eeb 70-100cm<\/li>\n<li>C\u00e2y nu\u00f4i \u0111\u1ee7 th\u1eddi gian, b\u1ea7u r\u1ec5 \u1ed5n \u0111\u1ecbnh, c\u00e2y \u0111\u00e3 x\u1ea3 n\u1eafng\u00a0c\u1ee9ng c\u00e1p<\/li>\n<li>Kh\u00f4ng c\u00f3 d\u1ea5u hi\u1ec7u s\u00e2u b\u1ec7nh, b\u1ed9 l\u00e1 xanh t\u1ed1t d\u00e0y d\u1eb7n, c\u00e2y \u0111\u1ee7 chu\u1ea9n xu\u1ea5t v\u01b0\u1eddn<\/li>\n<\/ul>\n<figure id=\"attachment_3271\" aria-describedby=\"caption-attachment-3271\" style=\"width: 542px\" class=\"wp-caption aligncenter\"><img loading=\"lazy\" decoding=\"async\" class=\"wp-image-3271\" src=\"http:\/\/localhost\/phucan713\/wp-content\/uploads\/2024\/03\/z5473735079982_5c209a27712f3e2bac28ff4aaee2d194-1-271x300.jpg\" alt=\"C\u00e2y gi\u1ed1ng sapo C\u1ea7n Th\u01a1 s\u1ea3n xu\u1ea5t t\u1ea1i Ph\u00fac An\" width=\"542\" height=\"600\" srcset=\"https:\/\/ktech4.k-tech-services.com\/phucan713\/wp-content\/uploads\/2024\/03\/z5473735079982_5c209a27712f3e2bac28ff4aaee2d194-1-271x300.jpg 271w, https:\/\/ktech4.k-tech-services.com\/phucan713\/wp-content\/uploads\/2024\/03\/z5473735079982_5c209a27712f3e2bac28ff4aaee2d194-1-768x850.jpg 768w, https:\/\/ktech4.k-tech-services.com\/phucan713\/wp-content\/uploads\/2024\/03\/z5473735079982_5c209a27712f3e2bac28ff4aaee2d194-1-510x564.jpg 510w, https:\/\/ktech4.k-tech-services.com\/phucan713\/wp-content\/uploads\/2024\/03\/z5473735079982_5c209a27712f3e2bac28ff4aaee2d194-1.jpg 900w\" sizes=\"auto, (max-width: 542px) 100vw, 542px\" \/><figcaption id=\"caption-attachment-3271\" class=\"wp-caption-text\">C\u00e2y gi\u1ed1ng sapo C\u1ea7n Th\u01a1 s\u1ea3n xu\u1ea5t t\u1ea1i Ph\u00fac An<\/figcaption><\/figure>\n<figure id=\"attachment_3273\" aria-describedby=\"caption-attachment-3273\" style=\"width: 450px\" class=\"wp-caption aligncenter\"><img loading=\"lazy\" decoding=\"async\" class=\"wp-image-3273\" src=\"http:\/\/localhost\/phucan713\/wp-content\/uploads\/2024\/03\/z5480610815842_73e21b50361ab965ea34718df9541f81-1-225x300.jpg\" alt=\"Ph\u00fac An giao c\u00e2y gi\u1ed1ng sapo C\u1ea7n Th\u01a1 cho kh\u00e1ch h\u00e0ng\" width=\"450\" height=\"600\" srcset=\"https:\/\/ktech4.k-tech-services.com\/phucan713\/wp-content\/uploads\/2024\/03\/z5480610815842_73e21b50361ab965ea34718df9541f81-1-225x300.jpg 225w, https:\/\/ktech4.k-tech-services.com\/phucan713\/wp-content\/uploads\/2024\/03\/z5480610815842_73e21b50361ab965ea34718df9541f81-1-768x1024.jpg 768w, https:\/\/ktech4.k-tech-services.com\/phucan713\/wp-content\/uploads\/2024\/03\/z5480610815842_73e21b50361ab965ea34718df9541f81-1-1152x1536.jpg 1152w, https:\/\/ktech4.k-tech-services.com\/phucan713\/wp-content\/uploads\/2024\/03\/z5480610815842_73e21b50361ab965ea34718df9541f81-1-1536x2048.jpg 1536w, https:\/\/ktech4.k-tech-services.com\/phucan713\/wp-content\/uploads\/2024\/03\/z5480610815842_73e21b50361ab965ea34718df9541f81-1-510x680.jpg 510w, https:\/\/ktech4.k-tech-services.com\/phucan713\/wp-content\/uploads\/2024\/03\/z5480610815842_73e21b50361ab965ea34718df9541f81-1.jpg 1920w\" sizes=\"auto, (max-width: 450px) 100vw, 450px\" \/><figcaption id=\"caption-attachment-3273\" class=\"wp-caption-text\">Ph\u00fac An giao c\u00e2y gi\u1ed1ng sapo C\u1ea7n Th\u01a1 cho kh\u00e1ch h\u00e0ng<\/figcaption><\/figure>\n<p>C\u00e2y tr\u1ea3i qua quy tr\u00ecnh nh\u00e2n gi\u1ed1ng, d\u01b0\u1ee1ng c\u00e2y con, x\u1ea3 n\u1eafng ho\u00e0n ch\u1ec9nh. \u0110\u1ebfn tay c\u00f4 b\u00e1c s\u1ebd l\u00e0 t\u1eebng c\u00e2y \u0111\u00e3 c\u1ee9ng c\u00e1p \u0111\u00e3 ra c\u01a1i ch\u1ed3i m\u1edbi.<br \/>\nQu\u00fd c\u00f4 b\u00e1c c\u00f3 th\u1ec3 li\u00ean h\u1ec7 tr\u1ef1c ti\u1ebfp qua SDT\/ Zalo 0962.888.014 (<a href=\"http:\/\/localhost\/phucan713\/\" target=\"_blank\" rel=\"noopener\">C\u00e2y Gi\u1ed1ng Ph\u00fac An<\/a>) \u0111\u1ec3 ch\u00fang t\u00f4i t\u01b0 v\u1ea5n v\u00e0 b\u00e1o gi\u00e1 c\u1ee5 th\u1ec3. Xin c\u1ea3m \u01a1n qu\u00fd c\u00f4 b\u00e1c \u0111\u00e3 \u0111\u1eb7t ni\u1ec1m tin v\u1edbi nh\u00e0 v\u01b0\u1eddn.<\/p>\n<p>&gt;&gt; M\u1eddi b\u1ea1n \u0111\u1ecdc th\u00eam: <a href=\"https:\/\/baocantho.com.vn\/khoi-nghiep-tu-mo-hinh-trong-sapoche-huu-co-a176896.html\" target=\"_blank\" rel=\"noopener\"><span style=\"color: #000080;\"><em><strong>Kh\u1edfi nghi\u1ec7p t\u1eeb m\u00f4 h\u00ecnh tr\u1ed3ng Sapoche h\u1eefu c\u01a1<\/strong><\/em><\/span><\/a><\/p>\n","protected":false},"excerpt":{"rendered":"<p>* Gi\u00e1 tham kh\u1ea3o cho s\u1ed1 l\u01b0\u1ee3ng t\u1eeb 30 c\u00e2y, c\u00f3 th\u1ec3 thay \u0111\u1ed5i theo th\u1eddi \u0111i\u1ec3m<br \/>\n* Ch\u01b0a bao g\u1ed3m ph\u00ed v\u1eadn chuy\u1ec3n (t\u00f9y theo s\u1ed1 l\u01b0\u1ee3ng c\u00e2y v\u00e0 \u0111\u1ecba \u0111i\u1ec3m giao h\u00e0ng)<\/p>\n","protected":false},"featured_media":3271,"comment_status":"open","ping_status":"closed","template":"","meta":[],"product_brand":[],"product_cat":[90],"product_tag":[91],"class_list":{"0":"post-1392","1":"product","2":"type-product","3":"status-publish","4":"has-post-thumbnail","6":"product_cat-giong-sapo","7":"product_tag-giong-sapo-can-tho","9":"first","10":"instock","11":"shipping-taxable","12":"purchasable","13":"product-type-simple"},"_links":{"self":[{"href":"https:\/\/ktech4.k-tech-services.com\/phucan713\/wp-json\/wp\/v2\/product\/1392","targetHints":{"allow":["GET"]}}],"collection":[{"href":"https:\/\/ktech4.k-tech-services.com\/phucan713\/wp-json\/wp\/v2\/product"}],"about":[{"href":"https:\/\/ktech4.k-tech-services.com\/phucan713\/wp-json\/wp\/v2\/types\/product"}],"replies":[{"embeddable":true,"href":"https:\/\/ktech4.k-tech-services.com\/phucan713\/wp-json\/wp\/v2\/comments?post=1392"}],"wp:featuredmedia":[{"embeddable":true,"href":"https:\/\/ktech4.k-tech-services.com\/phucan713\/wp-json\/wp\/v2\/media\/3271"}],"wp:attachment":[{"href":"https:\/\/ktech4.k-tech-services.com\/phucan713\/wp-json\/wp\/v2\/media?parent=1392"}],"wp:term":[{"taxonomy":"product_brand","embeddable":true,"href":"https:\/\/ktech4.k-tech-services.com\/phucan713\/wp-json\/wp\/v2\/product_brand?post=1392"},{"taxonomy":"product_cat","embeddable":true,"href":"https:\/\/ktech4.k-tech-services.com\/phucan713\/wp-json\/wp\/v2\/product_cat?post=1392"},{"taxonomy":"product_tag","embeddable":true,"href":"https:\/\/ktech4.k-tech-services.com\/phucan713\/wp-json\/wp\/v2\/product_tag?post=1392"}],"curies":[{"name":"wp","href":"https:\/\/api.w.org\/{rel}","templated":true}]}}