{"id":1397,"date":"2024-03-30T11:21:30","date_gmt":"2024-03-30T11:21:30","guid":{"rendered":"https:\/\/caygiongphucan.com\/?post_type=product&amp;p=1397"},"modified":"2024-03-30T11:21:30","modified_gmt":"2024-03-30T11:21:30","slug":"cay-giong-na-thai","status":"publish","type":"product","link":"https:\/\/ktech4.k-tech-services.com\/phucan713\/san-pham\/cay-giong-na-thai\/","title":{"rendered":"C\u00e2y gi\u1ed1ng na Th\u00e1i"},"content":{"rendered":"<p><em>Gi\u1ed1ng Na Th\u00e1i, v\u1edbi t\u00ednh th\u00edch \u1ee9ng cao v\u00e0 d\u1ec5 ch\u0103m s\u00f3c, \u0111ang ng\u00e0y c\u00e0ng \u0111\u01b0\u1ee3c m\u1edf r\u1ed9ng di\u1ec7n t\u00edch tr\u1ed3ng. T\u00ednh \u0111\u01a1n gi\u1ea3n trong ch\u0103m s\u00f3c c\u1ee7a na Th\u00e1i gi\u00fap ti\u1ebft ki\u1ec7m th\u1eddi gian cho ng\u01b0\u1eddi n\u00f4ng d\u00e2n, \u0111\u1ed3ng th\u1eddi mang l\u1ea1i ngu\u1ed3n thu nh\u1eadp cao v\u00e0 \u1ed5n \u0111\u1ecbnh.<\/em><\/p>\n<h2><strong><b>\u0110\u1eb7c \u0111i\u1ec3m c\u00e2y Na Th\u00e1i<\/b><\/strong><\/h2>\n<p>Na Th\u00e1i l\u00e0 m\u1ed9t gi\u1ed1ng na c\u00f3 ngu\u1ed3n g\u1ed1c t\u1eeb Th\u00e1i Lan. Gi\u1ed1ng na n\u00e0y \u0111\u00e3 ch\u1ee9ng minh s\u1ef1 t\u01b0\u01a1ng th\u00edch v\u1edbi th\u1ed5 nh\u01b0\u1ee1ng v\u00e0 kh\u00ed h\u1eadu Vi\u1ec7t Nam, thu h\u00fat s\u1ef1 quan t\u00e2m t\u1eeb nh\u1eefng ng\u01b0\u1eddi tr\u1ed3ng c\u00e2y.<\/p>\n<p>C\u00e2y na Th\u00e1i c\u00f3 chi\u1ec1u cao t\u1ed1i \u0111a 4m v\u00e0 t\u00e1n r\u1ed9ng t\u1ea7m 2m, thu\u1eadn ti\u1ec7n cho vi\u1ec7c tr\u1ed3ng trong kh\u00f4ng gian h\u1ea1n ch\u1ebf. L\u00e1 c\u1ee7a c\u00e2y c\u00f3 \u0111\u1eb7c \u0111i\u1ec3m l\u00e0 b\u1ea3n to, d\u00e0i, v\u1edbi m\u00e0u xanh \u0111\u1eadm n\u1ed5i b\u1eadt.<\/p>\n<figure id=\"attachment_3101\" aria-describedby=\"caption-attachment-3101\" style=\"width: 500px\" class=\"wp-caption aligncenter\"><img loading=\"lazy\" decoding=\"async\" class=\"wp-image-3101\" src=\"http:\/\/localhost\/phucan713\/wp-content\/uploads\/2024\/03\/na-thai-2-300x225.jpg\" alt=\"C\u00e2y na Th\u00e1i tr\u01b0\u1edfng th\u00e0nh\" width=\"500\" height=\"375\" srcset=\"https:\/\/ktech4.k-tech-services.com\/phucan713\/wp-content\/uploads\/2024\/03\/na-thai-2-300x225.jpg 300w, https:\/\/ktech4.k-tech-services.com\/phucan713\/wp-content\/uploads\/2024\/03\/na-thai-2-1024x768.jpg 1024w, https:\/\/ktech4.k-tech-services.com\/phucan713\/wp-content\/uploads\/2024\/03\/na-thai-2-768x576.jpg 768w, https:\/\/ktech4.k-tech-services.com\/phucan713\/wp-content\/uploads\/2024\/03\/na-thai-2-1536x1152.jpg 1536w, https:\/\/ktech4.k-tech-services.com\/phucan713\/wp-content\/uploads\/2024\/03\/na-thai-2-510x383.jpg 510w, https:\/\/ktech4.k-tech-services.com\/phucan713\/wp-content\/uploads\/2024\/03\/na-thai-2.jpg 2048w\" sizes=\"auto, (max-width: 500px) 100vw, 500px\" \/><figcaption id=\"caption-attachment-3101\" class=\"wp-caption-text\">C\u00e2y na Th\u00e1i tr\u01b0\u1edfng th\u00e0nh<\/figcaption><\/figure>\n<p>M\u1ed9t trong nh\u1eefng \u01b0u \u0111i\u1ec3m n\u1ed5i b\u1eadt c\u1ee7a Na Th\u00e1i l\u00e0 kh\u1ea3 n\u0103ng ch\u1ecbu h\u1ea1n, ch\u1ecbu m\u1eb7n v\u00e0 ch\u1ecbu r\u00e9t t\u1ed1t, h\u01a1n th\u1ebf n\u1eefa, tr\u00e1i Na Th\u00e1i c\u00f3 gi\u00e1 tr\u1ecb cao. Nh\u1edd nh\u1eefng \u01b0u \u0111i\u1ec3m n\u00e0y m\u00e0 Na Th\u00e1i ng\u00e0y c\u00e0ng \u0111\u01b0\u1ee3c b\u00e0 con n\u00f4ng d\u00e2n y\u00eau th\u00edch v\u00e0 ch\u1ecdn tr\u1ed3ng cho khu v\u01b0\u1eddn c\u1ee7a m\u00ecnh.<\/p>\n<h2><strong><b>\u0110\u1eb7c \u0111i\u1ec3m tr\u00e1i Na Th\u00e1i<\/b><\/strong><\/h2>\n<figure id=\"attachment_1398\" aria-describedby=\"caption-attachment-1398\" style=\"width: 375px\" class=\"wp-caption aligncenter\"><img loading=\"lazy\" decoding=\"async\" class=\"wp-image-1398\" src=\"http:\/\/localhost\/phucan713\/wp-content\/uploads\/2024\/03\/189433969_1113391662504275_6579798043076982880_n-225x300.jpg\" alt=\"\u0110\u1eb7c \u0111i\u1ec3m tr\u00e1i na Th\u00e1i\" width=\"375\" height=\"500\" \/><figcaption id=\"caption-attachment-1398\" class=\"wp-caption-text\">\u0110\u1eb7c \u0111i\u1ec3m tr\u00e1i na Th\u00e1i<\/figcaption><\/figure>\n<p>Tr\u00e1i Na Th\u00e1i c\u00f3 k\u00edch th\u01b0\u1edbc l\u1edbn, dao \u0111\u1ed9ng t\u1eeb 450-600 gram\/ tr\u00e1i. V\u1ecf Na Th\u00e1i c\u00e1c m\u1eaft tr\u00f2n l\u1edbn. H\u00ecnh d\u00e1ng Na Th\u00e1i nh\u01b0 tr\u00e1i tim. Na Th\u00e1i c\u00f3 th\u1ecbt tr\u1eafng, dai, v\u00e0 ng\u1ecdt \u0111\u1eadm, m\u00f9i v\u1ecb th\u01a1m m\u00e1t, \u00edt h\u1ea1t h\u01a1n so v\u1edbi Na truy\u1ec1n th\u1ed1ng.<\/p>\n<p>Kh\u00f4ng ch\u1ec9 v\u1ec1 k\u00edch th\u01b0\u1edbc v\u00e0 h\u00ecnh d\u1ea1ng, Na Th\u00e1i c\u00f2n ghi \u0111i\u1ec3m v\u1edbi h\u01b0\u01a1ng v\u1ecb ng\u1ecdt ng\u00e0o v\u00e0 th\u1ecbt m\u1ec1m m\u1ecbn, m\u00e0u s\u1eafc tr\u1eafng kem \u0111\u1eb7c tr\u01b0ng, c\u00f3 r\u1ea5t \u00edt h\u1ea1t. L\u00fac c\u00f2n xanh, tr\u00e1i \u00a0\u0111\u1ec3 ch\u00edn t\u1ef1 nhi\u00ean trong kho\u1ea3ng 3-5 ng\u00e0y t\u00f9y thu\u1ed9c v\u00e0o nhi\u1ec7t \u0111\u1ed9 m\u00f4i tr\u01b0\u1eddng xung quanh.<\/p>\n<p>Kh\u00f4ng n\u00ean \u0111\u1ec3 Na Th\u00e1i v\u00e0o t\u1ee7 l\u1ea1nh, v\u00ec s\u1ebd l\u00e0m s\u01b0\u1ee3ng tr\u00e1i. Khi Na Th\u00e1i \u0111\u00e3 ch\u00edn v\u1eeba tay, \u0111\u00f3 ch\u00ednh l\u00e0 th\u1eddi \u0111i\u1ec3m ngon nh\u1ea5t, v\u00e0 vi\u1ec7c gi\u1eef cho qu\u1ea3 c\u00f2n \u0111\u1ed9 dai l\u00e0 y\u1ebfu t\u1ed1 quy\u1ebft \u0111\u1ecbnh \u0111\u1ec3 gi\u1eef nguy\u00ean h\u01b0\u01a1ng v\u1ecb ng\u1ecdt ng\u00e0o v\u00e0 \u0111\u1ed9 m\u1ec1m m\u1ecbn c\u1ee7a th\u1ecbt Na Th\u00e1i.<\/p>\n<figure id=\"attachment_3103\" aria-describedby=\"caption-attachment-3103\" style=\"width: 375px\" class=\"wp-caption aligncenter\"><img loading=\"lazy\" decoding=\"async\" class=\"wp-image-3103\" src=\"http:\/\/localhost\/phucan713\/wp-content\/uploads\/2024\/03\/201821705_3010625315925344_2199708892968328896_n-225x300.jpg\" alt=\"Na Th\u00e1i tr\u1eafng m\u1ecbn th\u01a1m ngon\" width=\"375\" height=\"500\" srcset=\"https:\/\/ktech4.k-tech-services.com\/phucan713\/wp-content\/uploads\/2024\/03\/201821705_3010625315925344_2199708892968328896_n-225x300.jpg 225w, https:\/\/ktech4.k-tech-services.com\/phucan713\/wp-content\/uploads\/2024\/03\/201821705_3010625315925344_2199708892968328896_n-768x1024.jpg 768w, https:\/\/ktech4.k-tech-services.com\/phucan713\/wp-content\/uploads\/2024\/03\/201821705_3010625315925344_2199708892968328896_n-510x680.jpg 510w, https:\/\/ktech4.k-tech-services.com\/phucan713\/wp-content\/uploads\/2024\/03\/201821705_3010625315925344_2199708892968328896_n.jpg 1080w\" sizes=\"auto, (max-width: 375px) 100vw, 375px\" \/><figcaption id=\"caption-attachment-3103\" class=\"wp-caption-text\">Na Th\u00e1i tr\u1eafng m\u1ecbn th\u01a1m ngon<\/figcaption><\/figure>\n<p>Th\u1eddi gian b\u1ea3o qu\u1ea3n tr\u00e1i na Th\u00e1i l\u00ean \u0111\u1ebfn tr\u00ean 7 ng\u00e0y n\u00ean r\u1ea5t \u0111\u01b0\u1ee3c th\u1ecb tr\u01b0\u1eddng \u01b0a chu\u1ed9ng. Th\u1ecbt tr\u00e1i Na Th\u00e1i dai, \u00edt b\u1ecb n\u1ee9t khi ch\u00edn, nh\u1edd \u0111\u00f3 thu ho\u1ea1ch v\u00e0 v\u1eadn chuy\u1ec3n thu\u1eadn ti\u1ec7n h\u01a1n c\u00e1c gi\u1ed1ng na truy\u1ec1n th\u1ed1ng.<\/p>\n<h2><strong><b>L\u1ee3i \u00edch s\u1ee9c kh\u1ecfe t\u1eeb tr\u00e1i Na Th\u00e1i<\/b><\/strong><\/h2>\n<p>Trong 120gram th\u1ecbt na:<\/p>\n<ul>\n<li>Gi\u00e0u vitamin C (38% l\u01b0\u1ee3ng khuy\u1ebfn ngh\u1ecb h\u00e0ng ng\u00e0y)<\/li>\n<li>Gi\u00e0u Magi\u00ea (22% l\u01b0\u1ee3ng khuy\u1ebfn ngh\u1ecb h\u00e0ng ng\u00e0y)<\/li>\n<li>H\u00e0m l\u01b0\u1ee3ng vitamin B6 cao (15% l\u01b0\u1ee3ng khuy\u1ebfn ngh\u1ecb h\u00e0ng ng\u00e0y)<\/li>\n<li>Ngu\u1ed3n s\u1eaft (6% khuy\u1ebfn ngh\u1ecb h\u00e0ng ng\u00e0y)<\/li>\n<li>Gi\u00fap t\u00e2m tr\u1ea1ng c\u1ee7a b\u1ea1n tr\u1edf n\u00ean d\u1ec5 ch\u1ecbu h\u01a1n<\/li>\n<li>C\u00f3 l\u1ee3i cho s\u1ee9c kh\u1ecfe c\u1ee7a m\u1eaft<\/li>\n<li>Ng\u0103n ng\u1eeba huy\u1ebft \u00e1p cao<\/li>\n<li>Th\u00fac \u0111\u1ea9y ti\u00eau h\u00f3a t\u1ed1t<\/li>\n<li>C\u00f3 \u0111\u1eb7c t\u00ednh ch\u1ed1ng ung th\u01b0<\/li>\n<li>Ch\u1ed1ng vi\u00eam<\/li>\n<li>T\u0103ng c\u01b0\u1eddng kh\u1ea3 n\u0103ng mi\u1ec5n d\u1ecbch c\u1ee7a b\u1ea1n<\/li>\n<\/ul>\n<h2><strong><b>C\u00e2y Na Th\u00e1i tr\u1ed3ng bao l\u00e2u c\u00f3 tr\u00e1i? <\/b><\/strong><\/h2>\n<p>Sau 2 n\u0103m tr\u1ed3ng, c\u00e2y na Th\u00e1i s\u1ebd cho tr\u00e1i thu ho\u1ea1ch. T\u1eeb l\u00fac tr\u1ed5 b\u00f4ng \u0111\u1ebfn khi thu ho\u1ea1ch c\u1ea7n kho\u1ea3ng 4-5 th\u00e1ng. \u0110\u1ed1i v\u1edbi \u0111\u01a1t thu ho\u1ea1ch \u0111\u1ea7u ti\u00ean, m\u1ed7i c\u00e2y ch\u1ec9 n\u00ean \u0111\u1ec3 l\u1ea1i \u00edt tr\u00e1i. Nh\u1eb1m \u0111\u1ec3 \u0111\u1ea3m b\u1ea3o s\u1ee9c kh\u1ecfe to\u00e0n di\u1ec7n, \u0111\u1ed3ng th\u1eddi t\u1eadp trung nu\u00f4i c\u00e2y v\u00e0 tr\u00e1i c\u00e2n \u0111\u1ed1i.<\/p>\n<p>Trong nh\u1eefng v\u1ee5 m\u00f9a sau, s\u1ed1 l\u01b0\u1ee3ng tr\u00e1i \u0111\u01b0\u1ee3c gi\u1eef l\u1ea1i ph\u1ee5 thu\u1ed9c v\u00e0o k\u00edch th\u01b0\u1edbc c\u1ee7a c\u00e2y. M\u1ee5c ti\u00eau l\u00e0 gi\u1eef l\u1ea1i m\u1ed9t l\u01b0\u1ee3ng tr\u00e1i ph\u00f9 h\u1ee3p \u0111\u1ec3 \u0111\u1ea3m b\u1ea3o s\u1ef1 ph\u00e1t tri\u1ec3n \u1ed5n \u0111\u1ecbnh v\u00e0 \u0111\u1ed3ng \u0111\u1ec1u c\u1ee7a c\u00e2y. \u0110i\u1ec1u n\u00e0y kh\u00f4ng ch\u1ec9 t\u0103ng n\u0103ng su\u1ea5t m\u00e0 c\u00f2n \u0111\u1ea3m b\u1ea3o tu\u1ed5i th\u1ecd c\u1ee7a c\u00e2y \u0103n tr\u00e1i, gi\u00fap \u0111\u1ea1t \u0111\u01b0\u1ee3c hi\u1ec7u su\u1ea5t s\u1ea3n xu\u1ea5t l\u00e2u d\u00e0i v\u00e0 \u1ed5n \u0111\u1ecbnh.<\/p>\n<h2><strong><b>N\u0103ng su\u1ea5t gi\u1ed1ng Na Th\u00e1i<\/b><\/strong><\/h2>\n<figure id=\"attachment_3094\" aria-describedby=\"caption-attachment-3094\" style=\"width: 500px\" class=\"wp-caption aligncenter\"><img loading=\"lazy\" decoding=\"async\" class=\"wp-image-3094\" src=\"http:\/\/localhost\/phucan713\/wp-content\/uploads\/2024\/03\/313221200_3213591068902325_1108025450705056900_n-300x225.jpg\" alt=\"Thu ho\u1ea1ch na th\u00e1i\" width=\"500\" height=\"375\" srcset=\"https:\/\/ktech4.k-tech-services.com\/phucan713\/wp-content\/uploads\/2024\/03\/313221200_3213591068902325_1108025450705056900_n-300x225.jpg 300w, https:\/\/ktech4.k-tech-services.com\/phucan713\/wp-content\/uploads\/2024\/03\/313221200_3213591068902325_1108025450705056900_n-1024x768.jpg 1024w, https:\/\/ktech4.k-tech-services.com\/phucan713\/wp-content\/uploads\/2024\/03\/313221200_3213591068902325_1108025450705056900_n-768x576.jpg 768w, https:\/\/ktech4.k-tech-services.com\/phucan713\/wp-content\/uploads\/2024\/03\/313221200_3213591068902325_1108025450705056900_n-1536x1152.jpg 1536w, https:\/\/ktech4.k-tech-services.com\/phucan713\/wp-content\/uploads\/2024\/03\/313221200_3213591068902325_1108025450705056900_n-510x383.jpg 510w, https:\/\/ktech4.k-tech-services.com\/phucan713\/wp-content\/uploads\/2024\/03\/313221200_3213591068902325_1108025450705056900_n.jpg 2048w\" sizes=\"auto, (max-width: 500px) 100vw, 500px\" \/><figcaption id=\"caption-attachment-3094\" class=\"wp-caption-text\">Thu ho\u1ea1ch na th\u00e1i<\/figcaption><\/figure>\n<p>1ha tr\u1ed3ng Na Th\u00e1i cho \u0111\u01b0\u1ee3c 6-10 t\u1ea5n tr\u00e1i v\u1edbi m\u1eadt \u0111\u1ed9 tr\u1ed3ng 400 c\u00e2y\/ha. V\u1edbi c\u00e2y Na Th\u00e1i tr\u01b0\u1edfng th\u00e0nh t\u1eeb 4 n\u0103m tu\u1ed5i tr\u1edf \u0111i, n\u0103ng su\u1ea5t \u1ed5n \u0111\u1ecbnh 10 t\u1ea5n\/ ha, m\u1ed7i n\u0103m s\u1ea3n l\u01b0\u1ee3ng s\u1ebd c\u00e0ng t\u0103ng.<\/p>\n<p>Na Th\u00e1i linh ho\u1ea1t v\u1edbi 2 v\u1ee5 thu ho\u1ea1ch m\u1ed7i n\u0103m: Th\u00e1ng 4 v\u00e0 th\u00e1ng 11. Qu\u00e1 tr\u00ecnh thu ho\u1ea1ch k\u00e9o d\u00e0i kho\u1ea3ng 1 th\u00e1ng, \u0111\u1ea3m b\u1ea3o cung c\u1ea5p li\u00ean t\u1ee5c tr\u00e1i na th\u01a1m ngon cho th\u1ecb tr\u01b0\u1eddng.<\/p>\n<h2><strong>\u01afu v\u00e0 nh\u01b0\u1ee3c \u0111i\u1ec3m c\u1ee7a gi\u1ed1ng na Th\u00e1i<\/strong><\/h2>\n<h3>\u01afu \u0111i\u1ec3m<\/h3>\n<ul>\n<li>Kh\u1ea3 n\u0103ng th\u00edch nghi cao: Na th\u00e1i c\u00f3 kh\u1ea3 n\u0103ng th\u00edch nghi t\u1ed1t v\u1edbi nhi\u1ec1u lo\u1ea1i \u0111\u1ea5t v\u00e0 \u0111i\u1ec1u ki\u1ec7n kh\u00ed h\u1eadu kh\u00e1c nhau, t\u1eeb v\u00f9ng \u0111\u1ed3ng b\u1eb1ng \u0111\u1ebfn trung du mi\u1ec1n n\u00fai.<\/li>\n<li>Ch\u1ecbu h\u1ea1n t\u1ed1t: C\u00f3 kh\u1ea3 n\u0103ng ch\u1ecbu h\u1ea1n kh\u00e1 t\u1ed1t, gi\u00fap gi\u1ea3m chi ph\u00ed t\u01b0\u1edbi ti\u00eau cho ng\u01b0\u1eddi tr\u1ed3ng.<\/li>\n<li>\u00cdt s\u00e2u b\u1ec7nh: Na th\u00e1i \u00edt b\u1ecb s\u00e2u b\u1ec7nh h\u1ea1i h\u01a1n, gi\u00fap gi\u1ea3m chi ph\u00ed thu\u1ed1c b\u1ea3o v\u1ec7 th\u1ef1c v\u1eadt.<\/li>\n<li>Tr\u00e1i ngon: Na th\u00e1i th\u01b0\u1eddng c\u00f3 k\u00edch th\u01b0\u1edbc l\u1edbn, th\u1ecbt d\u00e0y, \u00edt h\u1ea1t, v\u1ecb ng\u1ecdt thanh v\u00e0 th\u01a1m \u0111\u1eb7c tr\u01b0ng.<\/li>\n<li>N\u0103ng su\u1ea5t cao: V\u1edbi \u0111i\u1ec1u ki\u1ec7n ch\u0103m s\u00f3c t\u1ed1t, na th\u00e1i c\u00f3 th\u1ec3 cho n\u0103ng su\u1ea5t cao v\u00e0 \u1ed5n \u0111\u1ecbnh.<\/li>\n<li>Gi\u00e1 tr\u1ecb kinh t\u1ebf cao: Tr\u00e1i to v\u00e0 h\u01b0\u01a1ng v\u1ecb th\u01a1m ngon + nhu c\u1ea7u th\u1ecb tr\u01b0\u1eddng cao, na th\u00e1i lu\u00f4n c\u00f3 gi\u00e1 b\u00e1n \u1ed5n \u0111\u1ecbnh v\u00e0 mang l\u1ea1i l\u1ee3i nhu\u1eadn cao cho ng\u01b0\u1eddi tr\u1ed3ng.<\/li>\n<\/ul>\n<h3>Nh\u01b0\u1ee3c \u0111i\u1ec3m<\/h3>\n<ul>\n<li>D\u1ec5 b\u1ecb n\u1ee9t tr\u00e1i: Trong \u0111i\u1ec1u ki\u1ec7n th\u1eddi ti\u1ebft thay \u0111\u1ed5i \u0111\u1ed9t ng\u1ed9t ho\u1eb7c khi t\u01b0\u1edbi n\u01b0\u1edbc kh\u00f4ng \u0111\u1ec1u, qu\u1ea3 na th\u00e1i d\u1ec5 b\u1ecb n\u1ee9t, \u1ea3nh h\u01b0\u1edfng \u0111\u1ebfn ch\u1ea5t l\u01b0\u1ee3ng v\u00e0 gi\u00e1 tr\u1ecb th\u01b0\u01a1ng ph\u1ea9m.<\/li>\n<li>Y\u00eau c\u1ea7u k\u1ef9 thu\u1eadt cao: \u0110\u1ec3 \u0111\u1ea1t \u0111\u01b0\u1ee3c n\u0103ng su\u1ea5t v\u00e0 ch\u1ea5t l\u01b0\u1ee3ng qu\u1ea3 t\u1ed1t, na th\u00e1i \u0111\u00f2i h\u1ecfi ng\u01b0\u1eddi tr\u1ed3ng ph\u1ea3i n\u1eafm v\u1eefng k\u1ef9 thu\u1eadt tr\u1ed3ng tr\u1ecdt, ch\u0103m s\u00f3c v\u00e0 ph\u00f2ng tr\u1eeb s\u00e2u b\u1ec7nh.<\/li>\n<li>Tu\u1ed5i th\u1ecd c\u00e2y kh\u00f4ng cao: So v\u1edbi m\u1ed9t s\u1ed1 lo\u1ea1i c\u00e2y \u0103n qu\u1ea3 kh\u00e1c, tu\u1ed5i th\u1ecd c\u1ee7a c\u00e2y na th\u00e1i th\u01b0\u1eddng kh\u00f4ng cao, kho\u1ea3ng 15-20 n\u0103m.<\/li>\n<\/ul>\n<h2><strong><b>Kh\u00ed h\u1eadu v\u00e0 \u0111\u1ea5t tr\u1ed3ng th\u00edch h\u1ee3p v\u1edbi gi\u1ed1ng Na Th\u00e1i<\/b><\/strong><\/h2>\n<p>\u0110\u00e2y l\u00e0 m\u1ed9t gi\u1ed1ng c\u00e2y c\u00f3 th\u1ec3 ph\u00e1t tri\u1ec3n t\u1ed1t t\u1eeb Nam ra B\u1eafc m\u00e0 kh\u00f4ng k\u00e9n kh\u00ed h\u1eadu, kh\u00f4ng k\u00e9n \u0111\u1ea5t. Ch\u00fang s\u1ed1ng t\u1ed1t v\u00e0 cho tr\u00e1i ch\u1ea5t l\u01b0\u1ee3ng \u1edf c\u1ea3 \u0111\u1ea5t s\u00e9t, \u0111\u1ea5t nhi\u1ec5m ph\u00e8n, \u0111\u1ea5t ngh\u00e8o dinh d\u01b0\u1ee1ng.<\/p>\n<p>Tuy v\u1eady, ch\u00fang t\u00f4i v\u1eabn khuy\u1ebfn kh\u00edch b\u00e0 con m\u00ecnh tr\u01b0\u1edbc khi xu\u1ed1ng gi\u1ed1ng t\u1ea7m 1 th\u00e1ng, n\u00ean \u0111\u1ea7u t\u01b0 c\u1ea3i t\u1ea1o \u0111\u1ea5t \u0111\u1ec3 c\u00f3 n\u1ec1n t\u1ea3ng t\u1ed1t cho v\u01b0\u1eddn c\u00e2y \u0103n tr\u00e1i c\u1ee7a m\u00ecnh, \u0111\u1ec3 \u00fd \u0111\u1ed9 pH c\u1ee7a \u0111\u1ea5t 5,5 \u2013 7 l\u00e0 t\u1ed1t nh\u1ea5t. \u00a0\u0110\u1ea5t r\u1eebng m\u1edbi khai ph\u00e1 c\u00f3 th\u1ec3 tr\u1ed3ng \u0111\u01b0\u1ee3c gi\u1ed1ng na n\u00e0y.<\/p>\n<h2><strong><b>Kho\u1ea3ng c\u00e1ch tr\u1ed3ng Na Th\u00e1i<\/b><\/strong><\/h2>\n<p>Kho\u1ea3ng c\u00e1ch 5m x 5m l\u00e0 ph\u00f9 h\u1ee3p v\u1edbi Na Th\u00e1i. C\u00f3 th\u1ec3 tr\u1ed3ng xen v\u1edbi v\u01b0\u1eddn c\u00e2y \u0103n tr\u00e1i l\u00e2u n\u0103m.<\/p>\n<figure id=\"attachment_3102\" aria-describedby=\"caption-attachment-3102\" style=\"width: 500px\" class=\"wp-caption aligncenter\"><img loading=\"lazy\" decoding=\"async\" class=\"wp-image-3102\" src=\"http:\/\/localhost\/phucan713\/wp-content\/uploads\/2024\/03\/na-thai-4-300x225.jpg\" alt=\"C\u00e2y na th\u00e1i \u0111\u01b0\u1ee3c ch\u0103m s\u00f3c t\u1ed1t\" width=\"500\" height=\"375\" srcset=\"https:\/\/ktech4.k-tech-services.com\/phucan713\/wp-content\/uploads\/2024\/03\/na-thai-4-300x225.jpg 300w, https:\/\/ktech4.k-tech-services.com\/phucan713\/wp-content\/uploads\/2024\/03\/na-thai-4-1024x768.jpg 1024w, https:\/\/ktech4.k-tech-services.com\/phucan713\/wp-content\/uploads\/2024\/03\/na-thai-4-768x576.jpg 768w, https:\/\/ktech4.k-tech-services.com\/phucan713\/wp-content\/uploads\/2024\/03\/na-thai-4-1536x1152.jpg 1536w, https:\/\/ktech4.k-tech-services.com\/phucan713\/wp-content\/uploads\/2024\/03\/na-thai-4-510x383.jpg 510w, https:\/\/ktech4.k-tech-services.com\/phucan713\/wp-content\/uploads\/2024\/03\/na-thai-4.jpg 2048w\" sizes=\"auto, (max-width: 500px) 100vw, 500px\" \/><figcaption id=\"caption-attachment-3102\" class=\"wp-caption-text\">C\u00e2y na th\u00e1i \u0111\u01b0\u1ee3c ch\u0103m s\u00f3c t\u1ed1t<\/figcaption><\/figure>\n<h2><strong><b>Gi\u00e1 c\u00e2y gi\u1ed1ng Na Th\u00e1i<\/b><\/strong><\/h2>\n<p>Gi\u00e1 c\u00e2y gi\u1ed1ng Na Th\u00e1i t\u1ea1i v\u01b0\u1eddn Ph\u00fac An dao \u0111\u1ed9ng t\u1eeb 25.000 &#8211; 30.000\/ c\u00e2y. T\u00f9y theo l\u00f4 c\u00e2y, s\u1ed1 l\u01b0\u1ee3ng \u0111\u1eb7t s\u1ebd c\u00f3 m\u1ee9c gi\u00e1 kh\u00e1c nhau. Ch\u00fang t\u00f4i cam k\u1ebft lu\u00f4n gi\u1eef m\u1ee9c gi\u00e1 m\u1ec1m v\u1eeba t\u00fai ti\u1ec1n \u0111\u1ec3 m\u1ecdi kh\u00e1ch h\u00e0ng \u0111\u1ec1u c\u00f3 th\u1ec3 ch\u1ecdn mua nh\u1eefng c\u00e2y gi\u1ed1ng th\u1eadt t\u1ed1t cho khu v\u01b0\u1eddn c\u1ee7a m\u00ecnh.<\/p>\n<h2><strong><b>Mua c\u00e2y gi\u1ed1ng Na Th\u00e1i \u1edf \u0111\u00e2u ch\u1ea5t l\u01b0\u1ee3ng?<\/b><\/strong><\/h2>\n<p>C\u00e2y gi\u1ed1ng Ph\u00fac An cung c\u1ea5p c\u00e2y gi\u1ed1ng Na Th\u00e1i ch\u1ea5t l\u01b0\u1ee3ng, \u0111\u01b0\u1ee3c b\u1ea3o h\u00e0nh \u0111\u00fang gi\u1ed1ng tr\u1ecdn \u0111\u1eddi. V\u01b0\u1eddn nh\u00e2n gi\u1ed1ng c\u1ee7a Ph\u00fac An \u0111\u01b0\u1ee3c ch\u1ecdn l\u1ef1a k\u1ef9 l\u01b0\u1ee1ng, l\u00e0 v\u01b0\u1eddn \u0111\u00e3 cho tr\u00e1i chu\u1ea9n v\u00e0 \u1ed5n \u0111\u1ecbnh. C\u00e0nh gh\u00e9p \u0111\u01b0\u1ee3c tuy\u1ec3n ch\u1ecdn kh\u1ecfe m\u1ea1nh xanh t\u1ed1t.<\/p>\n<figure id=\"attachment_3096\" aria-describedby=\"caption-attachment-3096\" style=\"width: 398px\" class=\"wp-caption aligncenter\"><img loading=\"lazy\" decoding=\"async\" class=\"wp-image-3096\" src=\"http:\/\/localhost\/phucan713\/wp-content\/uploads\/2024\/03\/na-thai-logo-239x300.jpg\" alt=\"C\u00e2y gi\u1ed1ng na Th\u00e1i t\u1ea1i c\u00e2y gi\u1ed1ng Ph\u00fac An\" width=\"398\" height=\"500\" srcset=\"https:\/\/ktech4.k-tech-services.com\/phucan713\/wp-content\/uploads\/2024\/03\/na-thai-logo-239x300.jpg 239w, https:\/\/ktech4.k-tech-services.com\/phucan713\/wp-content\/uploads\/2024\/03\/na-thai-logo-815x1024.jpg 815w, https:\/\/ktech4.k-tech-services.com\/phucan713\/wp-content\/uploads\/2024\/03\/na-thai-logo-768x965.jpg 768w, https:\/\/ktech4.k-tech-services.com\/phucan713\/wp-content\/uploads\/2024\/03\/na-thai-logo-1222x1536.jpg 1222w, https:\/\/ktech4.k-tech-services.com\/phucan713\/wp-content\/uploads\/2024\/03\/na-thai-logo-1630x2048.jpg 1630w, https:\/\/ktech4.k-tech-services.com\/phucan713\/wp-content\/uploads\/2024\/03\/na-thai-logo-510x641.jpg 510w, https:\/\/ktech4.k-tech-services.com\/phucan713\/wp-content\/uploads\/2024\/03\/na-thai-logo.jpg 2037w\" sizes=\"auto, (max-width: 398px) 100vw, 398px\" \/><figcaption id=\"caption-attachment-3096\" class=\"wp-caption-text\">C\u00e2y gi\u1ed1ng na Th\u00e1i t\u1ea1i c\u00e2y gi\u1ed1ng Ph\u00fac An<\/figcaption><\/figure>\n<p><span style=\"color: #008000;\"><strong>Ti\u00eau chu\u1ea9n C\u00e2y gi\u1ed1ng Na Th\u00e1i \u0111\u01b0\u1ee3c cung c\u1ea5p b\u1edfi v\u01b0\u1eddn Ph\u00fac An:<\/strong><\/span><\/p>\n<p>&#8211; Chi\u1ec1u cao c\u00e2y gi\u1ed1ng t\u1eeb 40-60cm<\/p>\n<p>&#8211; C\u00e2y nu\u00f4i b\u1ea7u, r\u1ec5 ph\u00e1t tri\u1ec3n m\u1ea1nh, v\u1ebft gh\u00e9p ti\u1ebfp h\u1ee3p t\u1ed1t, l\u00e1 \u0111ang chuy\u1ec3n gi\u00e0 kh\u00f4ng s\u00e2u b\u1ec7nh<\/p>\n<figure id=\"attachment_3100\" aria-describedby=\"caption-attachment-3100\" style=\"width: 467px\" class=\"wp-caption aligncenter\"><img loading=\"lazy\" decoding=\"async\" class=\"wp-image-3100\" src=\"http:\/\/localhost\/phucan713\/wp-content\/uploads\/2024\/03\/z5248981052234_f848f6cb8ce5412da9188671651b3709-280x300.jpg\" alt=\"V\u01b0\u1eddn c\u00e2y gi\u1ed1ng Na Th\u00e1i\" width=\"467\" height=\"500\" srcset=\"https:\/\/ktech4.k-tech-services.com\/phucan713\/wp-content\/uploads\/2024\/03\/z5248981052234_f848f6cb8ce5412da9188671651b3709-280x300.jpg 280w, https:\/\/ktech4.k-tech-services.com\/phucan713\/wp-content\/uploads\/2024\/03\/z5248981052234_f848f6cb8ce5412da9188671651b3709-956x1024.jpg 956w, https:\/\/ktech4.k-tech-services.com\/phucan713\/wp-content\/uploads\/2024\/03\/z5248981052234_f848f6cb8ce5412da9188671651b3709-768x822.jpg 768w, https:\/\/ktech4.k-tech-services.com\/phucan713\/wp-content\/uploads\/2024\/03\/z5248981052234_f848f6cb8ce5412da9188671651b3709-510x546.jpg 510w, https:\/\/ktech4.k-tech-services.com\/phucan713\/wp-content\/uploads\/2024\/03\/z5248981052234_f848f6cb8ce5412da9188671651b3709.jpg 960w\" sizes=\"auto, (max-width: 467px) 100vw, 467px\" \/><figcaption id=\"caption-attachment-3100\" class=\"wp-caption-text\">V\u01b0\u1eddn c\u00e2y gi\u1ed1ng Na Th\u00e1i<\/figcaption><\/figure>\n<figure id=\"attachment_3099\" aria-describedby=\"caption-attachment-3099\" style=\"width: 375px\" class=\"wp-caption aligncenter\"><img loading=\"lazy\" decoding=\"async\" class=\"wp-image-3099\" src=\"http:\/\/localhost\/phucan713\/wp-content\/uploads\/2024\/03\/z5248981050116_cad3d7689e2c79ec5e6bee3c05d1a2f9-225x300.jpg\" alt=\"Na th\u00e1i \u0111\u01b0\u1ee3c nu\u00f4i l\u00ean \u0111\u1ecdt c\u1ee9ng c\u00e1p\" width=\"375\" height=\"500\" srcset=\"https:\/\/ktech4.k-tech-services.com\/phucan713\/wp-content\/uploads\/2024\/03\/z5248981050116_cad3d7689e2c79ec5e6bee3c05d1a2f9-225x300.jpg 225w, https:\/\/ktech4.k-tech-services.com\/phucan713\/wp-content\/uploads\/2024\/03\/z5248981050116_cad3d7689e2c79ec5e6bee3c05d1a2f9-768x1024.jpg 768w, https:\/\/ktech4.k-tech-services.com\/phucan713\/wp-content\/uploads\/2024\/03\/z5248981050116_cad3d7689e2c79ec5e6bee3c05d1a2f9-510x680.jpg 510w, https:\/\/ktech4.k-tech-services.com\/phucan713\/wp-content\/uploads\/2024\/03\/z5248981050116_cad3d7689e2c79ec5e6bee3c05d1a2f9.jpg 960w\" sizes=\"auto, (max-width: 375px) 100vw, 375px\" \/><figcaption id=\"caption-attachment-3099\" class=\"wp-caption-text\">Na th\u00e1i \u0111\u01b0\u1ee3c nu\u00f4i l\u00ean \u0111\u1ecdt c\u1ee9ng c\u00e1p<\/figcaption><\/figure>\n<p>C\u00e2y tr\u1ea3i qua qu\u00e1 tr\u00ecnh nh\u00e2n gi\u1ed1ng, d\u01b0\u1ee1ng c\u00e2y con, x\u1ea3 n\u1eafng ho\u00e0n ch\u1ec9nh. \u0110\u1ebfn tay c\u00f4 b\u00e1c s\u1ebd l\u00e0 t\u1eebng c\u00e2y \u0111\u00e3 c\u1ee9ng c\u00e1p \u0111\u00e3 ra c\u01a1i ch\u1ed3i m\u1edbi. Qu\u00fd c\u00f4 b\u00e1c \u00a0li\u00ean h\u1ec7 tr\u1ef1c ti\u1ebfp qua SDT\/ Zalo 0962 888 014 (<a href=\"http:\/\/localhost\/phucan713\/\" target=\"_blank\" rel=\"noopener\">c\u00e2y gi\u1ed1ng Ph\u00fac An<\/a>) \u0111\u1ec3 ch\u00fang t\u00f4i t\u01b0 v\u1ea5n v\u00e0 b\u00e1o gi\u00e1 c\u1ee5 th\u1ec3. Xin c\u1ea3m \u01a1n qu\u00fd c\u00f4 b\u00e1c \u0111\u00e3 \u0111\u1eb7t ni\u1ec1m tin v\u1edbi nh\u00e0 v\u01b0\u1eddn Ph\u00fac An.<\/p>\n<p>&gt;&gt; M\u1eddi b\u1ea1n \u0111\u1ecdc th\u00eam: <a href=\"https:\/\/baodaklak.vn\/kinh-te\/nong-lam-nghiep\/202309\/trong-na-thai-cho-hieu-qua-kinh-te-cao-a1500a9\" target=\"_blank\" rel=\"noopener\"><span style=\"color: #000080;\"><em><strong>Tr\u1ed3ng na Th\u00e1i cho hi\u1ec7u qu\u1ea3 kinh t\u1ebf cao<\/strong><\/em><\/span><\/a><\/p>\n","protected":false},"excerpt":{"rendered":"<p>* Gi\u00e1 tham kh\u1ea3o cho s\u1ed1 l\u01b0\u1ee3ng t\u1eeb 30 c\u00e2y, c\u00f3 th\u1ec3 thay \u0111\u1ed5i theo th\u1eddi \u0111i\u1ec3m<br \/>\n* Ch\u01b0a bao g\u1ed3m ph\u00ed v\u1eadn chuy\u1ec3n (t\u00f9y theo s\u1ed1 l\u01b0\u1ee3ng c\u00e2y v\u00e0 \u0111\u1ecba \u0111i\u1ec3m giao h\u00e0ng)<\/p>\n","protected":false},"featured_media":3096,"comment_status":"open","ping_status":"closed","template":"","meta":[],"product_brand":[],"product_cat":[80],"product_tag":[82],"class_list":{"0":"post-1397","1":"product","2":"type-product","3":"status-publish","4":"has-post-thumbnail","6":"product_cat-giong-na","7":"product_tag-giong-na-thai","9":"first","10":"instock","11":"shipping-taxable","12":"purchasable","13":"product-type-simple"},"_links":{"self":[{"href":"https:\/\/ktech4.k-tech-services.com\/phucan713\/wp-json\/wp\/v2\/product\/1397","targetHints":{"allow":["GET"]}}],"collection":[{"href":"https:\/\/ktech4.k-tech-services.com\/phucan713\/wp-json\/wp\/v2\/product"}],"about":[{"href":"https:\/\/ktech4.k-tech-services.com\/phucan713\/wp-json\/wp\/v2\/types\/product"}],"replies":[{"embeddable":true,"href":"https:\/\/ktech4.k-tech-services.com\/phucan713\/wp-json\/wp\/v2\/comments?post=1397"}],"wp:featuredmedia":[{"embeddable":true,"href":"https:\/\/ktech4.k-tech-services.com\/phucan713\/wp-json\/wp\/v2\/media\/3096"}],"wp:attachment":[{"href":"https:\/\/ktech4.k-tech-services.com\/phucan713\/wp-json\/wp\/v2\/media?parent=1397"}],"wp:term":[{"taxonomy":"product_brand","embeddable":true,"href":"https:\/\/ktech4.k-tech-services.com\/phucan713\/wp-json\/wp\/v2\/product_brand?post=1397"},{"taxonomy":"product_cat","embeddable":true,"href":"https:\/\/ktech4.k-tech-services.com\/phucan713\/wp-json\/wp\/v2\/product_cat?post=1397"},{"taxonomy":"product_tag","embeddable":true,"href":"https:\/\/ktech4.k-tech-services.com\/phucan713\/wp-json\/wp\/v2\/product_tag?post=1397"}],"curies":[{"name":"wp","href":"https:\/\/api.w.org\/{rel}","templated":true}]}}