{"id":1399,"date":"2024-03-30T11:26:13","date_gmt":"2024-03-30T11:26:13","guid":{"rendered":"https:\/\/caygiongphucan.com\/?post_type=product&amp;p=1399"},"modified":"2024-03-30T11:26:13","modified_gmt":"2024-03-30T11:26:13","slug":"cay-giong-na-dai-loan","status":"publish","type":"product","link":"https:\/\/ktech4.k-tech-services.com\/phucan713\/san-pham\/cay-giong-na-dai-loan\/","title":{"rendered":"C\u00e2y gi\u1ed1ng na \u0110\u00e0i Loan (na d\u1ee9a)"},"content":{"rendered":"<p><em>Gi\u1ed1ng Na \u0110\u00e0i Loan kh\u00f4ng ch\u1ec9 n\u1ed5i b\u1eadt v\u1edbi k\u00edch th\u01b0\u1edbc l\u1edbn m\u00e0 c\u00f2n g\u00e2y \u1ea5n t\u01b0\u1ee3ng b\u1edfi h\u01b0\u01a1ng v\u1ecb \u0111\u1eb7c bi\u1ec7t th\u01a1m ngon, m\u1ed9t \u0111\u1eb7c \u0111i\u1ec3m m\u00e0 hi\u1ebfm c\u00f3 lo\u1ea1i tr\u00e1i c\u00e2y n\u00e0o c\u00f3 th\u1ec3 so s\u00e1nh \u0111\u01b0\u1ee3c. Vi\u1ec7c tr\u1ed3ng gi\u1ed1ng na n\u00e0y \u0111\u00e3 v\u00e0 \u0111ang mang l\u1ea1i ngu\u1ed3n thu nh\u1eadp h\u1ea5p d\u1eabn cho ng\u01b0\u1eddi tr\u1ed3ng. H\u00e3y c\u00f9ng C\u00e2y Gi\u1ed1ng Ph\u00fac An t\u00ecm hi\u1ec3u k\u1ef9 v\u1ec1 gi\u1ed1ng na n\u00e0y nh\u00e9.<\/em><\/p>\n<h2><strong><b>\u0110\u1eb7c \u0111i\u1ec3m c\u00e2y Na \u0110\u00e0i Loan<\/b><\/strong><\/h2>\n<figure id=\"attachment_2777\" aria-describedby=\"caption-attachment-2777\" style=\"width: 281px\" class=\"wp-caption aligncenter\"><img loading=\"lazy\" decoding=\"async\" class=\"wp-image-2777\" src=\"http:\/\/localhost\/phucan713\/wp-content\/uploads\/2024\/03\/374771090_1363966511131828_4535248103798085270_n-169x300.jpg\" alt=\"C\u00e2y Na \u0110\u00e0i Loan tr\u01b0\u1edfng th\u00e0nh cho tr\u00e1i\" width=\"281\" height=\"500\" srcset=\"https:\/\/ktech4.k-tech-services.com\/phucan713\/wp-content\/uploads\/2024\/03\/374771090_1363966511131828_4535248103798085270_n-169x300.jpg 169w, https:\/\/ktech4.k-tech-services.com\/phucan713\/wp-content\/uploads\/2024\/03\/374771090_1363966511131828_4535248103798085270_n-510x907.jpg 510w, https:\/\/ktech4.k-tech-services.com\/phucan713\/wp-content\/uploads\/2024\/03\/374771090_1363966511131828_4535248103798085270_n.jpg 540w\" sizes=\"auto, (max-width: 281px) 100vw, 281px\" \/><figcaption id=\"caption-attachment-2777\" class=\"wp-caption-text\">C\u00e2y Na \u0110\u00e0i Loan tr\u01b0\u1edfng th\u00e0nh cho tr\u00e1i<\/figcaption><\/figure>\n<p>C\u00e2y Na \u0110\u00e0i Loan th\u01b0\u1eddng \u0111\u01b0\u1ee3c bi\u1ebft \u0111\u1ebfn v\u1edbi \u0111\u1eb7c \u0111i\u1ec3m l\u00e0 d\u00f2ng c\u00e2y \u0103n qu\u1ea3 l\u00e2u n\u0103m, t\u1ee9c l\u00e0 sau m\u1ed9t th\u1eddi gian d\u00e0i k\u1ec3 t\u1eeb khi tr\u1ed3ng, c\u00e2y v\u1eabn ti\u1ebfp t\u1ee5c mang qu\u1ea3 m\u1ed7i n\u0103m m\u00e0 kh\u00f4ng c\u1ea7n nhi\u1ec1u c\u00f4ng ch\u0103m s\u00f3c.<\/p>\n<p>\u01afu \u0111i\u1ec3m n\u1ed5i b\u1eadt: N\u1ebfu trong \u0111i\u1ec1u ki\u1ec7n m\u00f9a \u0111\u00f4ng nhi\u1ec7t \u0111\u1ed9, \u0111\u1ed9 \u1ea9m th\u1ea5p th\u00ec c\u00e2y v\u1eabn ph\u00e1t tri\u1ec3n t\u1ed1t.<\/p>\n<p>C\u00e2y Na \u0110\u00e0i Loan \u0111\u01b0\u1ee3c bi\u1ebft \u0111\u1ebfn v\u1edbi kh\u1ea3 n\u0103ng sinh tr\u01b0\u1edfng t\u1ed1t, l\u00e1 to, l\u1ed9c v\u01b0\u01a1n d\u00e0i v\u00e0 \u00edt ph\u00e2n c\u00e0nh. Gi\u00fap gi\u1ea3m c\u00f4ng \u0111o\u1ea1n t\u1ec9a t\u1ef1 nhi\u00ean, l\u00e0m cho qu\u00e1 tr\u00ecnh ch\u0103m s\u00f3c c\u00e2y tr\u1edf n\u00ean thu\u1eadn ti\u1ec7n h\u01a1n.<\/p>\n<p>V\u1edbi t\u1ed1c \u0111\u1ed9 ph\u00e1t tri\u1ec3n nhanh, c\u00e2y na \u0111\u00e0i loan c\u00f3 th\u1ec3 \u0111\u1ea1t chi\u1ec1u cao t\u1ed1i \u0111a t\u1eeb 4,5 \u0111\u1ebfn 5 m\u00e9t ch\u1ec9 sau 4-5 n\u0103m. \u0110i\u1ec1u n\u00e0y kh\u00f4ng ch\u1ec9 gi\u00fap c\u00e2y nhanh ch\u00f3ng t\u1ea1o n\u00ean quan c\u1ea3nh xanh m\u00e1t m\u00e0 c\u00f2n t\u0103ng c\u01b0\u1eddng kh\u1ea3 n\u0103ng \u0111\u1eadu tr\u00e1i. \u0110\u1ed1i v\u1edbi nh\u1eefng ng\u01b0\u1eddi tr\u1ed3ng c\u00e2y \u0111\u1ec3 thu ho\u1ea1ch m\u1ed9t c\u00e1ch hi\u1ec7u qu\u1ea3 v\u00e0 nhanh ch\u00f3ng, gi\u1ed1ng Na \u0110\u00e0i Loan l\u00e0 s\u1ef1 l\u1ef1a ch\u1ecdn \u0111\u00e1ng c\u00e2n nh\u1eafc.<\/p>\n<h2><strong><b>\u0110\u1eb7c \u0111i\u1ec3m c\u1ee7a tr\u00e1i Na \u0110\u00e0i Loan<\/b><\/strong><\/h2>\n<figure id=\"attachment_2780\" aria-describedby=\"caption-attachment-2780\" style=\"width: 500px\" class=\"wp-caption aligncenter\"><img loading=\"lazy\" decoding=\"async\" class=\"wp-image-2780\" src=\"http:\/\/localhost\/phucan713\/wp-content\/uploads\/2024\/03\/na-dai-dai-loan-fuji-01-7-300x300.jpg\" alt=\"Tr\u00e1i na \u0110\u00e0i Loan th\u01a1m ngon b\u1ed5 d\u01b0\u1ee1ng\" width=\"500\" height=\"500\" srcset=\"https:\/\/ktech4.k-tech-services.com\/phucan713\/wp-content\/uploads\/2024\/03\/na-dai-dai-loan-fuji-01-7-300x300.jpg 300w, https:\/\/ktech4.k-tech-services.com\/phucan713\/wp-content\/uploads\/2024\/03\/na-dai-dai-loan-fuji-01-7-150x150.jpg 150w, https:\/\/ktech4.k-tech-services.com\/phucan713\/wp-content\/uploads\/2024\/03\/na-dai-dai-loan-fuji-01-7-510x510.jpg 510w, https:\/\/ktech4.k-tech-services.com\/phucan713\/wp-content\/uploads\/2024\/03\/na-dai-dai-loan-fuji-01-7-100x100.jpg 100w, https:\/\/ktech4.k-tech-services.com\/phucan713\/wp-content\/uploads\/2024\/03\/na-dai-dai-loan-fuji-01-7.jpg 546w\" sizes=\"auto, (max-width: 500px) 100vw, 500px\" \/><figcaption id=\"caption-attachment-2780\" class=\"wp-caption-text\">Tr\u00e1i na \u0110\u00e0i Loan th\u01a1m ngon b\u1ed5 d\u01b0\u1ee1ng<\/figcaption><\/figure>\n<p>K\u00edch th\u01b0\u1edbc tr\u00e1i kh\u00e1 l\u1edbn, 1 tr\u00e1i n\u1eb7ng t\u1eeb 500 gram &#8211; 1 kg<\/p>\n<p>Khi tr\u00e1i Na \u0110\u00e0i Loan ch\u00edn, c\u00f3 h\u01b0\u01a1ng th\u01a1m nh\u1eb9 nh\u01b0 m\u00f9i tr\u00e1i d\u1ee9a.<\/p>\n<p>T\u00e9p th\u1ecbt m\u00e0u tr\u1eafng ng\u00e0, d\u00ednh li\u1ec1n v\u1edbi nhau v\u00e0 kh\u00f4ng r\u1eddi. Th\u1ecbt na \u0110\u00e0i Loan dai v\u00e0 ng\u1ecdt, kh\u00f4ng g\u1eaft, c\u00f2n c\u00f3 ch\u00fat c\u1ea3m gi\u00e1c m\u00e1t \u1edf \u0111\u1ea7u l\u01b0\u1ee1i.<\/p>\n<p>Gi\u1ed1ng Na n\u00e0y c\u00f3 h\u1ea1t r\u1ea5t b\u00e9, s\u1ed1 l\u01b0\u1ee3ng h\u1ea1t \u00edt, t\u1ec9 l\u1ec7 th\u1ecbt cao.<\/p>\n<p>Khi ch\u00edn, l\u1edbp v\u1ecf c\u1ee7a na \u0111\u00e0i loan v\u1eabn gi\u1eef \u0111\u01b0\u1ee3c m\u00e0u xanh ho\u1eb7c ch\u1ec9 h\u01a1i ng\u1ea3 v\u00e0ng. Tr\u00e1i c\u00f3 kh\u1ea3 n\u0103ng chuy\u1ec3n \u0111i xa m\u00e0 kh\u00f4ng b\u1ecb d\u1eadp n\u00e1t.<\/p>\n<p>C\u00f3 th\u1ec3 t\u0103ng th\u00eam h\u01b0\u01a1ng v\u1ecb c\u1ee7a tr\u00e1i Na \u0110\u00e0i Loan b\u1eb1ng c\u00e1ch c\u1eaft n\u00f3 th\u00e0nh c\u00e1c mi\u1ebfng nh\u1ecf v\u00e0 \u0111\u1ec3 trong t\u1ee7 l\u1ea1nh t\u1eeb 15 &#8211; 20 ph\u00fat tr\u01b0\u1edbc khi th\u01b0\u1edfng th\u1ee9c. Khi Na \u0111\u01b0\u1ee3c l\u00e0m l\u1ea1nh, h\u01b0\u01a1ng v\u1ecb t\u1ecfa ra m\u1ea1nh m\u1ebd h\u01a1n, \u0111\u1ed3ng th\u1eddi gi\u1eef cho th\u1ecbt tr\u00e1i c\u00e2y gi\u1eef \u0111\u01b0\u1ee3c \u0111\u1ed9 gi\u00f2n, l\u00e0m cho m\u1ed7i mi\u1ebfng Na tr\u1edf n\u00ean h\u1ea5p d\u1eabn h\u01a1n khi ta th\u01b0\u1edfng th\u1ee9c.<\/p>\n<h2><strong><b>L\u1ee3i \u00edch dinh d\u01b0\u1ee1ng t\u1eeb Na \u0110\u00e0i Loan<\/b><\/strong><\/h2>\n<ul>\n<li>\u00a0Gi\u00fap t\u00e2m tr\u1ea1ng c\u1ee7a b\u1ea1n tr\u1edf n\u00ean d\u1ec5 ch\u1ecbu h\u01a1n<\/li>\n<li>\u00a0C\u00f3 l\u1ee3i cho s\u1ee9c kh\u1ecfe c\u1ee7a m\u1eaft<\/li>\n<li>\u00a0Ng\u0103n ng\u1eeba huy\u1ebft \u00e1p cao<\/li>\n<li>\u00a0Th\u00fac \u0111\u1ea9y ti\u00eau h\u00f3a t\u1ed1t<\/li>\n<li>\u00a0C\u00f3 \u0111\u1eb7c t\u00ednh ch\u1ed1ng ung th\u01b0<\/li>\n<li>\u00a0Ch\u1ed1ng vi\u00eam<\/li>\n<li>\u00a0T\u0103ng c\u01b0\u1eddng kh\u1ea3 n\u0103ng mi\u1ec5n d\u1ecbch c\u1ee7a b\u1ea1n<\/li>\n<\/ul>\n<h2><strong><b>C\u00e2y Na \u0110\u00e0i Loan tr\u1ed3ng bao l\u00e2u c\u00f3 tr\u00e1i?<\/b><\/strong><\/h2>\n<figure id=\"attachment_2778\" aria-describedby=\"caption-attachment-2778\" style=\"width: 500px\" class=\"wp-caption aligncenter\"><img loading=\"lazy\" decoding=\"async\" class=\"wp-image-2778\" src=\"http:\/\/localhost\/phucan713\/wp-content\/uploads\/2024\/03\/375457926_272173062333275_7112414120281741777_n-300x225.jpg\" alt=\"Gi\u1ed1ng Na \u0110\u00e0i Loan cho n\u0103ng su\u1ea5t cao ph\u1ea9m ch\u1ea5t tr\u00e1i ngon\" width=\"500\" height=\"375\" srcset=\"https:\/\/ktech4.k-tech-services.com\/phucan713\/wp-content\/uploads\/2024\/03\/375457926_272173062333275_7112414120281741777_n-300x225.jpg 300w, https:\/\/ktech4.k-tech-services.com\/phucan713\/wp-content\/uploads\/2024\/03\/375457926_272173062333275_7112414120281741777_n-1024x768.jpg 1024w, https:\/\/ktech4.k-tech-services.com\/phucan713\/wp-content\/uploads\/2024\/03\/375457926_272173062333275_7112414120281741777_n-768x576.jpg 768w, https:\/\/ktech4.k-tech-services.com\/phucan713\/wp-content\/uploads\/2024\/03\/375457926_272173062333275_7112414120281741777_n-510x383.jpg 510w, https:\/\/ktech4.k-tech-services.com\/phucan713\/wp-content\/uploads\/2024\/03\/375457926_272173062333275_7112414120281741777_n.jpg 1280w\" sizes=\"auto, (max-width: 500px) 100vw, 500px\" \/><figcaption id=\"caption-attachment-2778\" class=\"wp-caption-text\">Gi\u1ed1ng Na \u0110\u00e0i Loan cho n\u0103ng su\u1ea5t cao ph\u1ea9m ch\u1ea5t tr\u00e1i ngon<\/figcaption><\/figure>\n<p>Sau kho\u1ea3ng 1 n\u0103m tr\u1ed3ng, c\u00e2y Na \u0110\u00e0i Loan s\u1ebd cho tr\u00e1i b\u00f3i (n\u00ean t\u1ec9a b\u1ecf nh\u1eefng tr\u00e1i n\u00e0y \u0111\u1ec3 c\u00e2y kh\u00f4ng m\u1ea5t s\u1ee9c).<\/p>\n<p>\u0110\u1ebfn n\u0103m th\u1ee9 3, c\u00e2y \u0111\u1ee7 s\u1ee9c mang tr\u00e1i th\u01b0\u01a1ng m\u1ea1i.<\/p>\n<p>Vi\u1ec7c th\u1ee5 ph\u1ea5n l\u00e0 \u0111i\u1ec1u l\u01b0u \u00fd quan tr\u1ecdng khi tr\u1ed3ng gi\u1ed1ng na \u0110\u00e0i Loan. Th\u1ee5 ph\u1ea5n \u0111\u01b0\u1ee3c ng\u01b0\u1eddi tr\u1ed3ng th\u1ef1c hi\u1ec7n th\u1ee7 c\u00f4ng ho\u00e0n to\u00e0n. Ta n\u00ean th\u1ee5 ph\u1ea5n cho c\u00e2y t\u1eeb chi\u1ec1u t\u1ed1i \u0111\u1ebfn 9h \u0111\u00eam. \u0110\u00e2y l\u00e0 m\u1ed9t c\u00e1ch hi\u1ec7u qu\u1ea3 \u0111\u1ec3 t\u1ed1i \u01b0u h\u00f3a qu\u00e1 tr\u00ecnh th\u1ee5 ph\u1ea5n v\u00e0 t\u0103ng c\u01b0\u1eddng kh\u1ea3 n\u0103ng \u0111\u1eadu tr\u00e1i. Trong kho\u1ea3ng th\u1eddi gian n\u00e0y, ti\u1ebft tr\u1eddi th\u01b0\u1eddng \u1edf m\u1ee9c m\u00e1t m\u1ebb, t\u1ea1o \u0111i\u1ec1u ki\u1ec7n l\u00fd t\u01b0\u1edfng cho s\u1ef1 bung ph\u1ea5n v\u00e0 th\u1ee5 ph\u1ea5n c\u1ee7a c\u00e2y.<\/p>\n<h2><strong><b>N\u0103ng su\u1ea5t gi\u1ed1ng Na \u0110\u00e0i Loan<\/b><\/strong><\/h2>\n<p>Theo th\u1ef1c t\u1ebf, c\u00e2y na \u0110\u00e0i Loan mang l\u1ea1i l\u01b0\u1ee3ng tr\u00e1i \u1ed5n \u0111\u1ecbnh qua c\u00e1c m\u00f9a, v\u1edbi kho\u1ea3ng 30 tr\u00e1i m\u1ed7i c\u00e2y m\u1ed7i n\u0103m trong 1-2 n\u0103m \u0111\u1ea7u ti\u00ean. T\u1eeb n\u0103m th\u1ee9 3 tr\u1edf \u0111i, 1 c\u00e2y na d\u1ee9a \u0110\u00e0i Loan c\u00f3 th\u1ec3 cho 60-100 tr\u00e1i\/ c\u00e2y trong giai \u0111o\u1ea1n tr\u01b0\u1edfng th\u00e0nh (t\u1eeb n\u0103m th\u1ee9 3 tr\u1edf \u0111i). T\u01b0\u01a1ng \u0111\u01b0\u01a1ng kho\u1ea3ng 50-100kg\/ c\u00e2y. \u0110i\u1ec1u n\u00e0y l\u00e0 k\u1ebft qu\u1ea3 c\u1ee7a s\u1ef1 ph\u00e1t tri\u1ec3n v\u00e0 ch\u00edn mu\u1ed3i c\u1ee7a c\u00e2y theo th\u1eddi gian.<\/p>\n<p>1 ha tr\u1ed3ng Na \u0110\u00e0i Loan cho \u0111\u01b0\u1ee3c kho\u1ea3ng 6-10 t\u1ea5n tr\u00e1i v\u1edbi m\u1eadt \u0111\u1ed9 tr\u1ed3ng 400 c\u00e2y\/ ha. V\u1edbi c\u00e2y Na \u0110\u00e0i Loan tr\u01b0\u1edfng th\u00e0nh t\u1eeb 5 n\u0103m tu\u1ed5i tr\u1edf \u0111i, n\u0103ng su\u1ea5t \u1ed5n \u0111\u1ecbnh 10 t\u1ea5n\/ ha, m\u1ed7i n\u0103m s\u1ea3n l\u01b0\u1ee3ng s\u1ebd c\u00e0ng t\u0103ng.<\/p>\n<figure id=\"attachment_2779\" aria-describedby=\"caption-attachment-2779\" style=\"width: 375px\" class=\"wp-caption aligncenter\"><img loading=\"lazy\" decoding=\"async\" class=\"wp-image-2779\" src=\"http:\/\/localhost\/phucan713\/wp-content\/uploads\/2024\/03\/375859389_842915230782102_7161390617175956784_n-225x300.jpg\" alt=\"Thu ho\u1ea1ch na \u0110\u00e0i Loan t\u1ea1i 1 v\u01b0\u1eddn\" width=\"375\" height=\"500\" srcset=\"https:\/\/ktech4.k-tech-services.com\/phucan713\/wp-content\/uploads\/2024\/03\/375859389_842915230782102_7161390617175956784_n-225x300.jpg 225w, https:\/\/ktech4.k-tech-services.com\/phucan713\/wp-content\/uploads\/2024\/03\/375859389_842915230782102_7161390617175956784_n-510x680.jpg 510w, https:\/\/ktech4.k-tech-services.com\/phucan713\/wp-content\/uploads\/2024\/03\/375859389_842915230782102_7161390617175956784_n.jpg 720w\" sizes=\"auto, (max-width: 375px) 100vw, 375px\" \/><figcaption id=\"caption-attachment-2779\" class=\"wp-caption-text\">Thu ho\u1ea1ch na \u0110\u00e0i Loan t\u1ea1i 1 v\u01b0\u1eddn<\/figcaption><\/figure>\n<p>&nbsp;<\/p>\n<p>Na \u0110\u00e0i Loan linh ho\u1ea1t v\u1edbi 2 v\u1ee5 thu ho\u1ea1ch m\u1ed7i n\u0103m: Th\u00e1ng 4 v\u00e0 th\u00e1ng 11. Qu\u00e1 tr\u00ecnh thu ho\u1ea1ch k\u00e9o d\u00e0i kho\u1ea3ng 1 th\u00e1ng, \u0111\u1ea3m b\u1ea3o cung c\u1ea5p li\u00ean t\u1ee5c tr\u00e1i na th\u01a1m ngon cho th\u1ecb tr\u01b0\u1eddng.<\/p>\n<h2><strong><b>Kh\u00ed h\u1eadu v\u00e0 \u0111\u1ea5t tr\u1ed3ng th\u00edch h\u1ee3p v\u1edbi gi\u1ed1ng Na \u0110\u00e0i Loan<\/b><\/strong><\/h2>\n<p>Na \u0110\u00e0i Loan\u00a0th\u00edch h\u1ee3p v\u1edbi nhi\u1ec1u \u0111i\u1ec1u ki\u1ec7n kh\u00ed h\u1eadu v\u00e0 th\u1ed5 nh\u01b0\u1ee1ng c\u1ee7a ba mi\u1ec1n B\u1eafc, Trung, v\u00e0 Nam. Kh\u1ea3 n\u0103ng sinh tr\u01b0\u1edfng c\u1ee7a n\u00f3 t\u1ea1o ra m\u1ed9t b\u1ed9 khung t\u00e1n l\u1edbn, g\u1ea5p 1,5-2 l\u1ea7n so v\u1edbi c\u00e1c lo\u1ea1i na b\u00ecnh th\u01b0\u1eddng. \u0110i\u1ec1u n\u00e0y gi\u00fap t\u1ed1i \u01b0u h\u00f3a qu\u00e1 tr\u00ecnh quang h\u1ee3p, l\u00e0m t\u0103ng hi\u1ec7u su\u1ea5t v\u00e0 ch\u1ea5t l\u01b0\u1ee3ng c\u1ee7a tr\u00e1i.<\/p>\n<p>C\u00e2y na \u0110\u00e0i Loan th\u00edch h\u1ee3p v\u1edbi v\u00f9ng \u0111\u1ea5t cao r\u00e1o, n\u01a1i kh\u00f4ng b\u1ecb ng\u1eadp n\u01b0\u1edbc. \u0110i\u1ec1u n\u00e0y \u0111\u1eb7c bi\u1ec7t quan tr\u1ecdng v\u00ec c\u00e2y na th\u01b0\u1eddng kh\u00f4ng ch\u1ecbu \u0111\u01b0\u1ee3c n\u01b0\u1edbc \u0111\u1ecdng l\u00e2u, v\u00e0 v\u00f9ng \u0111\u1ea5t cao r\u00e1o gi\u00fap \u0111\u1ea3m b\u1ea3o tho\u00e1t n\u01b0\u1edbc t\u1ed1t, ng\u0103n ch\u1eb7n t\u00ecnh tr\u1ea1ng ng\u1eadp \u00fang.<\/p>\n<p>Ch\u00fang t\u00f4i khuy\u1ebfn kh\u00edch b\u00e0 con m\u00ecnh tr\u01b0\u1edbc khi xu\u1ed1ng gi\u1ed1ng t\u1ea7m 1 th\u00e1ng, n\u00ean \u0111\u1ea7u t\u01b0 c\u1ea3i t\u1ea1o \u0111\u1ea5t \u0111\u1ec3 c\u00f3 n\u1ec1n t\u1ea3ng t\u1ed1t cho v\u01b0\u1eddn c\u00e2y \u0103n tr\u00e1i c\u1ee7a m\u00ecnh, \u0111\u1ec3 \u00fd \u0111\u1ed9 pH c\u1ee7a \u0111\u1ea5t 5,5 \u2013 7 l\u00e0 t\u1ed1t nh\u1ea5t.<\/p>\n<h2><strong><b>Kho\u1ea3ng c\u00e1ch tr\u1ed3ng Na \u0110\u00e0i Loan<\/b><\/strong><\/h2>\n<p>Kho\u1ea3ng c\u00e1ch 5m x 5m l\u00e0 ph\u00f9 h\u1ee3p v\u1edbi Na \u0110\u00e0i Loan. C\u00f3 th\u1ec3 tr\u1ed3ng xen v\u1edbi v\u01b0\u1eddn c\u00e2y \u0103n tr\u00e1i l\u00e2u n\u0103m.<\/p>\n<h2><strong><b>L\u01b0u \u00fd \u0111\u1eb7c bi\u1ec7t v\u1ec1 k\u1ef9 thu\u1eadt tr\u1ed3ng gi\u1ed1ng Na \u0110\u00e0i Loan<\/b><\/strong><\/h2>\n<p>C\u00e2y na \u0110\u00e0i Loan c\u00f3 \u0111\u1eb7c \u0111i\u1ec3m m\u1eabn c\u1ea3m v\u1edbi h\u00f3a ch\u1ea5t, do \u0111\u00f3, vi\u1ec7c s\u1eed d\u1ee5ng thu\u1ed1c b\u1ea3o v\u1ec7 th\u1ef1c v\u1eadt c\u1ea7n \u0111\u01b0\u1ee3c ti\u1ebfp c\u1eadn m\u1ed9t c\u00e1ch c\u1ea9n th\u1eadn. \u0110i\u1ec1u n\u00e0y l\u00e0 do c\u00e2y na th\u01b0\u1eddng ph\u1ea3n \u1ee9ng nh\u1ea1y v\u1edbi c\u00e1c h\u00f3a ch\u1ea5t c\u00f3 th\u1ec3 \u1ea3nh h\u01b0\u1edfng \u0111\u1ebfn s\u1ee9c kh\u1ecfe c\u1ee7a c\u00e2y v\u00e0 ch\u1ea5t l\u01b0\u1ee3ng tr\u00e1i c\u00e2y.<\/p>\n<p>Do \u0111\u00f3, vi\u1ec7c ch\u1ecdn l\u1ef1a thu\u1ed1c b\u1ea3o v\u1ec7 th\u1ef1c v\u1eadt ph\u1ea3i t\u1eadp trung v\u00e0o c\u00e1c s\u1ea3n ph\u1ea9m c\u00f3 ngu\u1ed3n g\u1ed1c sinh h\u1ecdc, gi\u00fap gi\u1ea3m thi\u1ec3u t\u00e1c \u0111\u1ed9ng ti\u00eau c\u1ef1c \u0111\u1ed1i v\u1edbi c\u00e2y tr\u1ed3ng v\u00e0 m\u00f4i tr\u01b0\u1eddng. C\u00e1c s\u1ea3n ph\u1ea9m sinh h\u1ecdc th\u01b0\u1eddng ch\u1ee9a c\u00e1c th\u00e0nh ph\u1ea7n t\u1ef1 nhi\u00ean, nh\u01b0 vi khu\u1ea9n c\u00f3 l\u1ee3i, enzym, v\u00e0 c\u00e1c ch\u1ea5t h\u1eefu c\u01a1, gi\u00fap duy tr\u00ec s\u1ef1 c\u00e2n b\u1eb1ng t\u1ef1 nhi\u00ean trong qu\u00e1 tr\u00ecnh qu\u1ea3n l\u00fd s\u00e2u b\u1ec7nh.<\/p>\n<p>B\u1eb1ng c\u00e1ch n\u00e0y, kh\u00f4ng ch\u1ec9 \u0111\u1ea3m b\u1ea3o an to\u00e0n cho c\u00e2y na \u0110\u00e0i Loan m\u00e0 c\u00f2n gi\u1eef cho m\u00f4i tr\u01b0\u1eddng nu\u00f4i tr\u1ed3ng l\u00e0nh m\u1ea1nh.<\/p>\n<h2><strong><b>Gi\u00e1 c\u00e2y gi\u1ed1ng Na \u0110\u00e0i Loan<\/b><\/strong><\/h2>\n<p>Gi\u00e1 c\u00e2y gi\u1ed1ng Na \u0110\u00e0i Loan t\u1ea1i v\u01b0\u1eddn Ph\u00fac An dao \u0111\u1ed9ng t\u1eeb 25.000 &#8211; 40.000\/ c\u00e2y. T\u00f9y theo l\u00f4 c\u00e2y, s\u1ed1 l\u01b0\u1ee3ng \u0111\u1eb7t s\u1ebd c\u00f3 m\u1ee9c gi\u00e1 kh\u00e1c nhau. Ch\u00fang t\u00f4i cam k\u1ebft lu\u00f4n gi\u1eef m\u1ee9c gi\u00e1 m\u1ec1m v\u1eeba t\u00fai ti\u1ec1n \u0111\u1ec3 m\u1ecdi kh\u00e1ch h\u00e0ng \u0111\u1ec1u c\u00f3 th\u1ec3 ch\u1ecdn mua nh\u1eefng c\u00e2y gi\u1ed1ng th\u1eadt t\u1ed1t cho khu v\u01b0\u1eddn c\u1ee7a m\u00ecnh.<\/p>\n<figure id=\"attachment_2776\" aria-describedby=\"caption-attachment-2776\" style=\"width: 375px\" class=\"wp-caption aligncenter\"><img loading=\"lazy\" decoding=\"async\" class=\"wp-image-2776\" src=\"http:\/\/localhost\/phucan713\/wp-content\/uploads\/2024\/03\/411483e14e6aeb34b27b6-225x300.jpg\" alt=\"L\u00f4 c\u00e2y gi\u1ed1ng na \u0110\u00e0i Loan \u0111\u00e3 xu\u1ea5t v\u01b0\u1eddn chu\u1ea9n b\u1ecb giao kh\u00e1ch\" width=\"375\" height=\"500\" srcset=\"https:\/\/ktech4.k-tech-services.com\/phucan713\/wp-content\/uploads\/2024\/03\/411483e14e6aeb34b27b6-225x300.jpg 225w, https:\/\/ktech4.k-tech-services.com\/phucan713\/wp-content\/uploads\/2024\/03\/411483e14e6aeb34b27b6-768x1024.jpg 768w, https:\/\/ktech4.k-tech-services.com\/phucan713\/wp-content\/uploads\/2024\/03\/411483e14e6aeb34b27b6-510x680.jpg 510w, https:\/\/ktech4.k-tech-services.com\/phucan713\/wp-content\/uploads\/2024\/03\/411483e14e6aeb34b27b6.jpg 960w\" sizes=\"auto, (max-width: 375px) 100vw, 375px\" \/><figcaption id=\"caption-attachment-2776\" class=\"wp-caption-text\">L\u00f4 c\u00e2y gi\u1ed1ng na \u0110\u00e0i Loan \u0111\u00e3 xu\u1ea5t v\u01b0\u1eddn chu\u1ea9n b\u1ecb giao kh\u00e1ch<\/figcaption><\/figure>\n<h2><strong><b>Mua c\u00e2y gi\u1ed1ng Na \u0110\u00e0i Loan \u1edf \u0111\u00e2u ch\u1ea5t l\u01b0\u1ee3ng?<\/b><\/strong><\/h2>\n<p>C\u00e2y gi\u1ed1ng Ph\u00fac An cung c\u1ea5p c\u00e2y gi\u1ed1ng Na \u0110\u00e0i Loan ch\u1ea5t l\u01b0\u1ee3ng, \u0111\u01b0\u1ee3c b\u1ea3o h\u00e0nh \u0111\u00fang gi\u1ed1ng cho t\u1edbi khi c\u00f3 tr\u00e1i.<\/p>\n<p>V\u01b0\u1eddn nh\u00e2n gi\u1ed1ng c\u1ee7a Ph\u00fac An \u0111\u01b0\u1ee3c ch\u1ecdn l\u1ef1a k\u1ef9 l\u01b0\u1ee1ng, l\u00e0 v\u01b0\u1eddn \u0111\u00e3 cho tr\u00e1i chu\u1ea9n v\u00e0 \u1ed5n \u0111\u1ecbnh. C\u00e0nh gh\u00e9p \u0111\u01b0\u1ee3c tuy\u1ec3n ch\u1ecdn kh\u1ecfe m\u1ea1nh xanh t\u1ed1t.<\/p>\n<figure id=\"attachment_2782\" aria-describedby=\"caption-attachment-2782\" style=\"width: 375px\" class=\"wp-caption aligncenter\"><img loading=\"lazy\" decoding=\"async\" class=\"wp-image-2782\" src=\"http:\/\/localhost\/phucan713\/wp-content\/uploads\/2024\/03\/z5681449953051_8088f6de830596b8729158f3343bdbda-1-225x300.jpg\" alt=\"C\u00e2y gi\u1ed1ng na \u0110\u00e0i Loan do Ph\u00fac An cung c\u1ea5p\" width=\"375\" height=\"500\" srcset=\"https:\/\/ktech4.k-tech-services.com\/phucan713\/wp-content\/uploads\/2024\/03\/z5681449953051_8088f6de830596b8729158f3343bdbda-1-225x300.jpg 225w, https:\/\/ktech4.k-tech-services.com\/phucan713\/wp-content\/uploads\/2024\/03\/z5681449953051_8088f6de830596b8729158f3343bdbda-1-768x1024.jpg 768w, https:\/\/ktech4.k-tech-services.com\/phucan713\/wp-content\/uploads\/2024\/03\/z5681449953051_8088f6de830596b8729158f3343bdbda-1-510x680.jpg 510w, https:\/\/ktech4.k-tech-services.com\/phucan713\/wp-content\/uploads\/2024\/03\/z5681449953051_8088f6de830596b8729158f3343bdbda-1.jpg 960w\" sizes=\"auto, (max-width: 375px) 100vw, 375px\" \/><figcaption id=\"caption-attachment-2782\" class=\"wp-caption-text\">C\u00e2y gi\u1ed1ng na \u0110\u00e0i Loan do Ph\u00fac An cung c\u1ea5p<\/figcaption><\/figure>\n<figure id=\"attachment_2781\" aria-describedby=\"caption-attachment-2781\" style=\"width: 375px\" class=\"wp-caption aligncenter\"><img loading=\"lazy\" decoding=\"async\" class=\"wp-image-2781\" src=\"http:\/\/localhost\/phucan713\/wp-content\/uploads\/2024\/03\/z5681449934296_8496e3c52c2a0c9c0fcf6030261e79f6-225x300.jpg\" alt=\"C\u00e2y gi\u1ed1ng na \u0110\u00e0i Loan do Ph\u00fac An cung c\u1ea5p\" width=\"375\" height=\"500\" srcset=\"https:\/\/ktech4.k-tech-services.com\/phucan713\/wp-content\/uploads\/2024\/03\/z5681449934296_8496e3c52c2a0c9c0fcf6030261e79f6-225x300.jpg 225w, https:\/\/ktech4.k-tech-services.com\/phucan713\/wp-content\/uploads\/2024\/03\/z5681449934296_8496e3c52c2a0c9c0fcf6030261e79f6-768x1024.jpg 768w, https:\/\/ktech4.k-tech-services.com\/phucan713\/wp-content\/uploads\/2024\/03\/z5681449934296_8496e3c52c2a0c9c0fcf6030261e79f6-510x680.jpg 510w, https:\/\/ktech4.k-tech-services.com\/phucan713\/wp-content\/uploads\/2024\/03\/z5681449934296_8496e3c52c2a0c9c0fcf6030261e79f6.jpg 960w\" sizes=\"auto, (max-width: 375px) 100vw, 375px\" \/><figcaption id=\"caption-attachment-2781\" class=\"wp-caption-text\">C\u00e2y gi\u1ed1ng na \u0110\u00e0i Loan do Ph\u00fac An cung c\u1ea5p<\/figcaption><\/figure>\n<p><span style=\"color: #003300;\"><em><strong>Ti\u00eau chu\u1ea9n C\u00e2y gi\u1ed1ng Na \u0110\u00e0i Loan \u0111\u01b0\u1ee3c cung c\u1ea5p b\u1edfi v\u01b0\u1eddn Ph\u00fac An:<\/strong><\/em><\/span><\/p>\n<ul>\n<li>H\u00ecnh th\u1ee9c nh\u00e2n gi\u1ed1ng: Gh\u00e9p chui c\u00e0nh (th\u00e1p c\u00e0nh)<\/li>\n<li>Chi\u1ec1u cao c\u00e2y gi\u1ed1ng t\u1eeb 40-60cm<\/li>\n<li>C\u00e2y nu\u00f4i b\u1ea7u<\/li>\n<li>R\u1ec5 ph\u00e1t tri\u1ec3n m\u1ea1nh, v\u1ebft gh\u00e9p ti\u1ebfp h\u1ee3p t\u1ed1t, l\u00e1 \u0111ang chuy\u1ec3n gi\u00e0 kh\u00f4ng s\u00e2u b\u1ec7nh<\/li>\n<\/ul>\n<p>C\u00e2y tr\u1ea3i qua qu\u00e1 tr\u00ecnh nh\u00e2n gi\u1ed1ng, d\u01b0\u1ee1ng c\u00e2y con, x\u1ea3 n\u1eafng ho\u00e0n ch\u1ec9nh. \u0110\u1ebfn tay c\u00f4 b\u00e1c s\u1ebd l\u00e0 t\u1eebng c\u00e2y \u0111\u00e3 c\u1ee9ng c\u00e1p \u0111\u00e3 ra c\u01a1i ch\u1ed3i m\u1edbi. Qu\u00fd c\u00f4 b\u00e1c \u00a0li\u00ean h\u1ec7 tr\u1ef1c ti\u1ebfp qua SDT\/ Zalo <span style=\"font-size: 120%; color: #003300;\"><strong>0962 888 014<\/strong><\/span> (c\u00e2y gi\u1ed1ng Ph\u00fac An) \u0111\u1ec3 ch\u00fang t\u00f4i t\u01b0 v\u1ea5n v\u00e0 b\u00e1o gi\u00e1 c\u1ee5 th\u1ec3. Xin c\u1ea3m \u01a1n qu\u00fd c\u00f4 b\u00e1c \u0111\u00e3 \u0111\u1eb7t ni\u1ec1m tin v\u1edbi nh\u00e0 v\u01b0\u1eddn Ph\u00fac An.<\/p>\n<figure id=\"attachment_2775\" aria-describedby=\"caption-attachment-2775\" style=\"width: 476px\" class=\"wp-caption aligncenter\"><img loading=\"lazy\" decoding=\"async\" class=\"wp-image-2775\" src=\"http:\/\/localhost\/phucan713\/wp-content\/uploads\/2024\/03\/457ffd8a3001955fcc104-286x300.jpg\" alt=\"L\u00f4 c\u00e2y gi\u1ed1ng na \u0110\u00e0i Loan m\u00e0 Ph\u00fac An giao cho kh\u00e1ch\" width=\"476\" height=\"500\" srcset=\"https:\/\/ktech4.k-tech-services.com\/phucan713\/wp-content\/uploads\/2024\/03\/457ffd8a3001955fcc104-286x300.jpg 286w, https:\/\/ktech4.k-tech-services.com\/phucan713\/wp-content\/uploads\/2024\/03\/457ffd8a3001955fcc104-768x806.jpg 768w, https:\/\/ktech4.k-tech-services.com\/phucan713\/wp-content\/uploads\/2024\/03\/457ffd8a3001955fcc104-510x536.jpg 510w, https:\/\/ktech4.k-tech-services.com\/phucan713\/wp-content\/uploads\/2024\/03\/457ffd8a3001955fcc104.jpg 960w\" sizes=\"auto, (max-width: 476px) 100vw, 476px\" \/><figcaption id=\"caption-attachment-2775\" class=\"wp-caption-text\">L\u00f4 c\u00e2y gi\u1ed1ng na \u0110\u00e0i Loan m\u00e0 Ph\u00fac An giao cho kh\u00e1ch<\/figcaption><\/figure>\n<p>C\u00e2y tr\u1ea3i qua quy tr\u00ecnh nh\u00e2n gi\u1ed1ng, d\u01b0\u1ee1ng c\u00e2y con, x\u1ea3 n\u1eafng ho\u00e0n ch\u1ec9nh. \u0110\u1ebfn tay c\u00f4 b\u00e1c s\u1ebd l\u00e0 t\u1eebng c\u00e2y \u0111\u00e3 c\u1ee9ng c\u00e1p \u0111\u00e3 ra c\u01a1i ch\u1ed3i m\u1edbi.<br \/>\nQu\u00fd c\u00f4 b\u00e1c c\u00f3 th\u1ec3 li\u00ean h\u1ec7 tr\u1ef1c ti\u1ebfp qua SDT\/ Zalo 0962.888.014 (<a href=\"http:\/\/localhost\/phucan713\/\" target=\"_blank\" rel=\"noopener\">C\u00e2y Gi\u1ed1ng Ph\u00fac An<\/a>) \u0111\u1ec3 ch\u00fang t\u00f4i t\u01b0 v\u1ea5n v\u00e0 b\u00e1o gi\u00e1 c\u1ee5 th\u1ec3. Xin c\u1ea3m \u01a1n qu\u00fd c\u00f4 b\u00e1c \u0111\u00e3 \u0111\u1eb7t ni\u1ec1m tin v\u1edbi nh\u00e0 v\u01b0\u1eddn.<\/p>\n<p>&gt;&gt; M\u1eddi b\u1ea1n \u0111\u1ecdc th\u00eam: <a href=\"https:\/\/baoquangninh.vn\/hieu-qua-kinh-te-tu-phat-trien-giong-na-dai-loan-2468168.html\" target=\"_blank\" rel=\"noopener\"><span style=\"color: #000080;\"><em><strong>Hi\u1ec7u qu\u1ea3 kinh t\u1ebf t\u1eeb ph\u00e1t tri\u1ec3n gi\u1ed1ng na \u0110\u00e0i Loan<\/strong><\/em><\/span><\/a><\/p>\n<div class=\"text_to_audio\"><\/div>\n","protected":false},"excerpt":{"rendered":"<p>* Gi\u00e1 tham kh\u1ea3o cho s\u1ed1 l\u01b0\u1ee3ng t\u1eeb 30 c\u00e2y, c\u00f3 th\u1ec3 thay \u0111\u1ed5i theo th\u1eddi \u0111i\u1ec3m<br \/>\n* Ch\u01b0a bao g\u1ed3m ph\u00ed v\u1eadn chuy\u1ec3n (t\u00f9y theo s\u1ed1 l\u01b0\u1ee3ng c\u00e2y v\u00e0 \u0111\u1ecba \u0111i\u1ec3m giao h\u00e0ng)<\/p>\n","protected":false},"featured_media":2782,"comment_status":"open","ping_status":"closed","template":"","meta":[],"product_brand":[],"product_cat":[80],"product_tag":[],"class_list":{"0":"post-1399","1":"product","2":"type-product","3":"status-publish","4":"has-post-thumbnail","6":"product_cat-giong-na","8":"first","9":"instock","10":"shipping-taxable","11":"purchasable","12":"product-type-simple"},"_links":{"self":[{"href":"https:\/\/ktech4.k-tech-services.com\/phucan713\/wp-json\/wp\/v2\/product\/1399","targetHints":{"allow":["GET"]}}],"collection":[{"href":"https:\/\/ktech4.k-tech-services.com\/phucan713\/wp-json\/wp\/v2\/product"}],"about":[{"href":"https:\/\/ktech4.k-tech-services.com\/phucan713\/wp-json\/wp\/v2\/types\/product"}],"replies":[{"embeddable":true,"href":"https:\/\/ktech4.k-tech-services.com\/phucan713\/wp-json\/wp\/v2\/comments?post=1399"}],"wp:featuredmedia":[{"embeddable":true,"href":"https:\/\/ktech4.k-tech-services.com\/phucan713\/wp-json\/wp\/v2\/media\/2782"}],"wp:attachment":[{"href":"https:\/\/ktech4.k-tech-services.com\/phucan713\/wp-json\/wp\/v2\/media?parent=1399"}],"wp:term":[{"taxonomy":"product_brand","embeddable":true,"href":"https:\/\/ktech4.k-tech-services.com\/phucan713\/wp-json\/wp\/v2\/product_brand?post=1399"},{"taxonomy":"product_cat","embeddable":true,"href":"https:\/\/ktech4.k-tech-services.com\/phucan713\/wp-json\/wp\/v2\/product_cat?post=1399"},{"taxonomy":"product_tag","embeddable":true,"href":"https:\/\/ktech4.k-tech-services.com\/phucan713\/wp-json\/wp\/v2\/product_tag?post=1399"}],"curies":[{"name":"wp","href":"https:\/\/api.w.org\/{rel}","templated":true}]}}