{"id":1407,"date":"2024-03-30T11:39:31","date_gmt":"2024-03-30T11:39:31","guid":{"rendered":"https:\/\/caygiongphucan.com\/?post_type=product&amp;p=1407"},"modified":"2024-03-30T11:39:31","modified_gmt":"2024-03-30T11:39:31","slug":"giong-dua-xiem-xanh-lun","status":"publish","type":"product","link":"https:\/\/ktech4.k-tech-services.com\/phucan713\/san-pham\/giong-dua-xiem-xanh-lun\/","title":{"rendered":"C\u00e2y gi\u1ed1ng d\u1eeba xi\u00eam xanh l\u00f9n"},"content":{"rendered":"<p><em>Th\u00e1ng 8\/2024, vi\u1ec7c k\u00fd k\u1ebft hi\u1ec7p \u0111\u1ecbnh th\u01b0 xu\u1ea5t kh\u1ea9u d\u1eeba t\u01b0\u01a1i sang Trung Qu\u1ed1c th\u1ef1c s\u1ef1 l\u00e0 m\u1ed9t tin vui \u0111\u1ed1i v\u1edbi c\u00e1c \u0111\u1ecba ph\u01b0\u01a1ng chuy\u00ean canh d\u1eeba t\u1ea1i Vi\u1ec7t Nam. V\u1edbi th\u1ecb tr\u01b0\u1eddng ti\u00eau th\u1ee5 kh\u1ed5ng l\u1ed3 c\u1ee7a Trung Qu\u1ed1c, ti\u1ec1m n\u0103ng t\u0103ng tr\u01b0\u1edfng c\u1ee7a ng\u00e0nh d\u1eeba Vi\u1ec7t Nam l\u00e0 r\u1ea5t l\u1edbn. Gi\u1ed1ng d\u1eeba xi\u00eam xanh l\u00f9n t\u1eeb bao n\u0103m nay l\u00e0 ngu\u1ed3n thu nh\u1eadp \u1ed5n \u0111\u1ecbnh cho b\u00e0 con, hi\u1ec7n t\u1ea1i v\u00e0 t\u01b0\u01a1ng lai c\u00f3 gi\u00e1 tr\u1ecb cao h\u01a1n v\u1edbi th\u1ecb tr\u01b0\u1eddng xu\u1ea5t kh\u1ea9u.<\/em><\/p>\n<figure id=\"attachment_2824\" aria-describedby=\"caption-attachment-2824\" style=\"width: 281px\" class=\"wp-caption aligncenter\"><img loading=\"lazy\" decoding=\"async\" class=\"wp-image-2824\" src=\"http:\/\/localhost\/phucan713\/wp-content\/uploads\/2024\/03\/xiem-lun-169x300.jpg\" alt=\"C\u00e2y d\u1eeba xi\u00eam xanh l\u00f9n B\u1ebfn Tre\" width=\"281\" height=\"500\" srcset=\"https:\/\/ktech4.k-tech-services.com\/phucan713\/wp-content\/uploads\/2024\/03\/xiem-lun-169x300.jpg 169w, https:\/\/ktech4.k-tech-services.com\/phucan713\/wp-content\/uploads\/2024\/03\/xiem-lun-510x907.jpg 510w, https:\/\/ktech4.k-tech-services.com\/phucan713\/wp-content\/uploads\/2024\/03\/xiem-lun.jpg 540w\" sizes=\"auto, (max-width: 281px) 100vw, 281px\" \/><figcaption id=\"caption-attachment-2824\" class=\"wp-caption-text\">C\u00e2y d\u1eeba xi\u00eam xanh l\u00f9n B\u1ebfn Tre<\/figcaption><\/figure>\n<h2>CLIP GIAO H\u00c0NG D\u1eeaA XI\u00caM XANH L\u00d9N C\u1ee6A PH\u00daC AN<\/h2>\n<p><iframe loading=\"lazy\" title=\"Giao 200 C\u00e2y D\u1eeba Xi\u00eam Xanh L\u00f9n Cho Ch\u1ee7 V\u01b0\u1eddn Tr\u00e0 Vinh\" width=\"563\" height=\"1000\" src=\"https:\/\/www.youtube.com\/embed\/vyw5O35J_xw?feature=oembed\" frameborder=\"0\" allow=\"accelerometer; autoplay; clipboard-write; encrypted-media; gyroscope; picture-in-picture; web-share\" referrerpolicy=\"strict-origin-when-cross-origin\" allowfullscreen><\/iframe><\/p>\n<h2><strong><b>Ngu\u1ed3n g\u1ed1c, \u0111\u1eb7c \u0111i\u1ec3m c\u1ee7a gi\u1ed1ng <\/b><\/strong><strong><b>D\u1eeba Xi\u00eam Xanh L\u00f9n<\/b><\/strong><\/h2>\n<p>D\u1eeba Xi\u00eam Xanh L\u00f9n l\u00e0 m\u1ed9t gi\u1ed1ng c\u00e2y thu\u1ed9c nh\u00f3m d\u1eeba l\u00f9n, c\u00f3 ngu\u1ed3n g\u1ed1c t\u1eeb Th\u00e1i Lan, \u0111\u01b0\u1ee3c tr\u1ed3ng \u1edf n\u01b0\u1edbc ta nhi\u1ec1u n\u0103m nay v\u00e0 c\u00f3 di\u1ec7n t\u00edch tr\u1ed3ng kh\u00e1 l\u1edbn.<\/p>\n<p>B\u00ean c\u1ea1nh cung c\u1ea5p n\u01b0\u1edbc d\u1eeba gi\u1ea3i kh\u00e1t, D\u1eeba Xi\u00eam Xanh L\u00f9n cung c\u1ea5p nguy\u00ean li\u1ec7u cho vi\u1ec7c s\u1ea3n xu\u1ea5t h\u00e0ng th\u1ee7 c\u00f4ng m\u1ef9 ngh\u1ec7 v\u00e0 c\u00f4ng ngh\u1ec7 ch\u1ebf bi\u1ebfn.<\/p>\n<p>V\u1edbi t\u00ednh ch\u1ea5t d\u1ec5 t\u00ednh, c\u00e2y D\u1eeba Xi\u00eam Xanh L\u00f9n l\u00f9n kh\u00f4ng \u0111\u00f2i h\u1ecfi \u0111i\u1ec1u ki\u1ec7n \u0111\u1ea5t \u0111ai kh\u00f3 kh\u0103n. Gi\u1ed1ng n\u00e0y c\u00f3 kh\u1ea3 n\u0103ng th\u00edch \u1ee9ng linh ho\u1ea1t, ph\u00f9 h\u1ee3p cho vi\u1ec7c tr\u1ed3ng \u1edf c\u1ea3 khu v\u1ef1c mi\u1ec1n Trung v\u00e0 mi\u1ec1n B\u1eafc. \u0110i\u1ec1u n\u00e0y m\u1edf ra nhi\u1ec1u c\u01a1 h\u1ed9i cho ng\u01b0\u1eddi n\u00f4ng d\u00e2n khai th\u00e1c ti\u1ec1m n\u0103ng c\u1ee7a gi\u1ed1ng c\u00e2y n\u00e0y.<\/p>\n<p>C\u00e2y D\u1eeba Xi\u00eam Xanh L\u00f9n c\u00f3 chi\u1ec1u cao t\u1eeb 10-12m, th\u1eddi gian khai th\u00e1c 20-30 n\u0103m.<\/p>\n<h2><strong><b>C\u00e2y D\u1eeba Xi\u00eam Xanh L\u00f9n tr\u1ed3ng bao l\u00e2u c\u00f3 tr\u00e1i? <\/b><\/strong><\/h2>\n<p>Kho\u1ea3ng 3 n\u0103m sau khi tr\u1ed3ng D\u1eeba Xi\u00eam Xanh L\u00f9n s\u1ebd cho tr\u00e1i thu ho\u1ea1ch v\u1edbi n\u0103ng su\u1ea5t cao. D\u1eeba Xi\u00eam Xanh L\u00f9n thu\u1ed9c gi\u1ed1ng d\u1eeba l\u00f9n, nh\u1eefng bu\u1ed3ng d\u1eeba v\u1edbi tay c\u0169ng c\u00f3 th\u1ec3 ch\u1ea1m \u0111\u1ebfn, r\u1ea5t thu\u1eadn l\u1ee3i cho qu\u00e1 tr\u00ecnh thu h\u00e1i.<\/p>\n<figure id=\"attachment_2826\" aria-describedby=\"caption-attachment-2826\" style=\"width: 500px\" class=\"wp-caption aligncenter\"><img loading=\"lazy\" decoding=\"async\" class=\"wp-image-2826\" src=\"http:\/\/localhost\/phucan713\/wp-content\/uploads\/2024\/03\/z5286254209819_a090ea502ce54e9f75066420ce1f499b-300x225.jpg\" alt=\"Gi\u1ed1ng d\u1eeba xi\u00eam xanh l\u00f9n cho tr\u00e1i ch\u1ec9 sau 3 n\u0103m tr\u1ed3ng, khi th\u00e2n c\u00e2y c\u00f2n r\u1ea5t th\u1ea5p\" width=\"500\" height=\"375\" srcset=\"https:\/\/ktech4.k-tech-services.com\/phucan713\/wp-content\/uploads\/2024\/03\/z5286254209819_a090ea502ce54e9f75066420ce1f499b-300x225.jpg 300w, https:\/\/ktech4.k-tech-services.com\/phucan713\/wp-content\/uploads\/2024\/03\/z5286254209819_a090ea502ce54e9f75066420ce1f499b-1024x768.jpg 1024w, https:\/\/ktech4.k-tech-services.com\/phucan713\/wp-content\/uploads\/2024\/03\/z5286254209819_a090ea502ce54e9f75066420ce1f499b-768x576.jpg 768w, https:\/\/ktech4.k-tech-services.com\/phucan713\/wp-content\/uploads\/2024\/03\/z5286254209819_a090ea502ce54e9f75066420ce1f499b-510x383.jpg 510w, https:\/\/ktech4.k-tech-services.com\/phucan713\/wp-content\/uploads\/2024\/03\/z5286254209819_a090ea502ce54e9f75066420ce1f499b.jpg 1080w\" sizes=\"auto, (max-width: 500px) 100vw, 500px\" \/><figcaption id=\"caption-attachment-2826\" class=\"wp-caption-text\">Gi\u1ed1ng d\u1eeba xi\u00eam xanh l\u00f9n cho tr\u00e1i ch\u1ec9 sau 3 n\u0103m tr\u1ed3ng, khi th\u00e2n c\u00e2y c\u00f2n r\u1ea5t th\u1ea5p<\/figcaption><\/figure>\n<h2><strong><b>N\u0103ng su\u1ea5t gi\u1ed1ng D\u1eeba Xi\u00eam Xanh L\u00f9n<\/b><\/strong><\/h2>\n<p>M\u1ed7i n\u0103m 1 c\u00e2y D\u1eeba Xi\u00eam Xanh L\u00f9n c\u00f3 th\u1ec3 cho kho\u1ea3ng 100-120 tr\u00e1i\/ c\u00e2y\/ n\u0103m, th\u1ec3 t\u00edch n\u01b0\u1edbc t\u1eeb 300-450ml. 1 bu\u1ed3ng D\u1eeba Xi\u00eam Xanh L\u00f9n c\u00f3 12-15 tr\u00e1i.<\/p>\n<p>Qu\u00e1 tr\u00ecnh ch\u1ecdn gi\u1ed1ng \u0111\u00f3ng vai tr\u00f2 quy\u1ebft \u0111\u1ecbnh trong vi\u1ec7c ph\u00e1t tri\u1ec3n c\u1ee7a v\u01b0\u1eddn D\u1eeba Xi\u00eam Xanh L\u00f9n. \u0110\u1ea3m b\u1ea3o th\u1eddi gian 3 n\u0103m b\u1eaft \u0111\u1ea7u cho tr\u00e1i v\u00e0 chu k\u1ef3 thu ho\u1ea1ch k\u00e9o d\u00e0i \u0111\u1ebfn h\u01a1n 20 n\u0103m, vi\u1ec7c l\u1ef1a ch\u1ecdn gi\u1ed1ng c\u00e2y \u0111\u00fang \u0111\u1eafn l\u00e0 b\u01b0\u1edbc quan tr\u1ecdng nh\u1ea5t \u0111\u1ec3 \u0111\u1ea3m b\u1ea3o hi\u1ec7u su\u1ea5t v\u00e0 l\u1ee3i nhu\u1eadn cao.<\/p>\n<figure id=\"attachment_2828\" aria-describedby=\"caption-attachment-2828\" style=\"width: 375px\" class=\"wp-caption aligncenter\"><img loading=\"lazy\" decoding=\"async\" class=\"wp-image-2828\" src=\"http:\/\/localhost\/phucan713\/wp-content\/uploads\/2024\/03\/372637283_257853063834819_6806823831411833245_n-225x300.jpg\" alt=\"C\u00e2y d\u1eeba xi\u00eam xanh l\u00f9n B\u1ebfn Tre\" width=\"375\" height=\"500\" srcset=\"https:\/\/ktech4.k-tech-services.com\/phucan713\/wp-content\/uploads\/2024\/03\/372637283_257853063834819_6806823831411833245_n-225x300.jpg 225w, https:\/\/ktech4.k-tech-services.com\/phucan713\/wp-content\/uploads\/2024\/03\/372637283_257853063834819_6806823831411833245_n-768x1024.jpg 768w, https:\/\/ktech4.k-tech-services.com\/phucan713\/wp-content\/uploads\/2024\/03\/372637283_257853063834819_6806823831411833245_n-1152x1536.jpg 1152w, https:\/\/ktech4.k-tech-services.com\/phucan713\/wp-content\/uploads\/2024\/03\/372637283_257853063834819_6806823831411833245_n-510x680.jpg 510w, https:\/\/ktech4.k-tech-services.com\/phucan713\/wp-content\/uploads\/2024\/03\/372637283_257853063834819_6806823831411833245_n.jpg 1536w\" sizes=\"auto, (max-width: 375px) 100vw, 375px\" \/><figcaption id=\"caption-attachment-2828\" class=\"wp-caption-text\">C\u00e2y d\u1eeba xi\u00eam xanh l\u00f9n B\u1ebfn Tre<\/figcaption><\/figure>\n<figure id=\"attachment_2830\" aria-describedby=\"caption-attachment-2830\" style=\"width: 375px\" class=\"wp-caption aligncenter\"><img loading=\"lazy\" decoding=\"async\" class=\"wp-image-2830\" src=\"http:\/\/localhost\/phucan713\/wp-content\/uploads\/2024\/03\/311494428_2251858368317388_3055862369768244574_n-225x300.jpg\" alt=\"Thu ho\u1ea1ch d\u1eeba xi\u00eam xanh l\u00f9n cho thu nh\u1eadp \u1ed5n \u0111\u1ecbnh\" width=\"375\" height=\"500\" srcset=\"https:\/\/ktech4.k-tech-services.com\/phucan713\/wp-content\/uploads\/2024\/03\/311494428_2251858368317388_3055862369768244574_n-225x300.jpg 225w, https:\/\/ktech4.k-tech-services.com\/phucan713\/wp-content\/uploads\/2024\/03\/311494428_2251858368317388_3055862369768244574_n-768x1024.jpg 768w, https:\/\/ktech4.k-tech-services.com\/phucan713\/wp-content\/uploads\/2024\/03\/311494428_2251858368317388_3055862369768244574_n-1152x1536.jpg 1152w, https:\/\/ktech4.k-tech-services.com\/phucan713\/wp-content\/uploads\/2024\/03\/311494428_2251858368317388_3055862369768244574_n-510x680.jpg 510w, https:\/\/ktech4.k-tech-services.com\/phucan713\/wp-content\/uploads\/2024\/03\/311494428_2251858368317388_3055862369768244574_n.jpg 1536w\" sizes=\"auto, (max-width: 375px) 100vw, 375px\" \/><figcaption id=\"caption-attachment-2830\" class=\"wp-caption-text\">Thu ho\u1ea1ch d\u1eeba xi\u00eam xanh l\u00f9n cho thu nh\u1eadp \u1ed5n \u0111\u1ecbnh<\/figcaption><\/figure>\n<h2><strong><b>Kho\u1ea3ng c\u00e1ch tr\u1ed3ng c\u00e2y D\u1eeba Xi\u00eam Xanh L\u00f9n<\/b><\/strong><\/h2>\n<p>Kho\u1ea3ng c\u00e1ch l\u00fd t\u01b0\u1edfng gi\u1eefa c\u00e1c c\u00e2y D\u1eeba Xi\u00eam Xanh L\u00f9n \u0111\u01b0\u1ee3c \u0111\u1ec1 xu\u1ea5t l\u00e0 5m x 5m, t\u01b0\u01a1ng \u0111\u01b0\u01a1ng 400 c\u00e2y\/ ha.<\/p>\n<p>Ph\u01b0\u01a1ng ph\u00e1p tr\u1ed3ng c\u00f3 th\u1ec3 linh ho\u1ea1t, c\u00f3 th\u1ec3 s\u1eafp x\u1ebfp theo h\u00ecnh vu\u00f4ng ho\u1eb7c theo h\u00ecnh nanh s\u1ea5u, t\u00f9y thu\u1ed9c v\u00e0o \u0111i\u1ec1u ki\u1ec7n c\u1ee5 th\u1ec3 v\u00e0 s\u1edf th\u00edch c\u1ee7a ng\u01b0\u1eddi tr\u1ed3ng.<\/p>\n<p>\u0110\u1ed3ng th\u1eddi, th\u1ef1c hi\u1ec7n vi\u1ec7c \u0111\u1eafp m\u00f4 cao 30 cm v\u00e0 t\u1ea1o b\u1ec1 r\u1ed9ng xung quanh h\u1ed1 l\u00e0 1m. \u0110i\u1ec1u n\u00e0y gi\u00fap \u01b0u h\u00f3a kh\u00f4ng gian tr\u1ed3ng, cung c\u1ea5p \u0111\u1ee7 kh\u00f4ng gian cho s\u1ef1 ph\u00e1t tri\u1ec3n c\u1ee7a c\u00e2y v\u00e0 t\u0103ng c\u01b0\u1eddng kh\u1ea3 n\u0103ng qu\u1ea3n l\u00fd v\u00e0 ch\u0103m s\u00f3c.<\/p>\n<figure id=\"attachment_2831\" aria-describedby=\"caption-attachment-2831\" style=\"width: 375px\" class=\"wp-caption aligncenter\"><img loading=\"lazy\" decoding=\"async\" class=\"wp-image-2831\" src=\"http:\/\/localhost\/phucan713\/wp-content\/uploads\/2024\/03\/z5286254185459_c0a307650d2b66e0b12d031f90fc96c9-225x300.jpg\" alt=\"Tr\u1ed3ng d\u1eeba v\u1edbi kho\u1ea3ng c\u00e1ch th\u00edch h\u1ee3p \u0111\u1ec3 c\u00e2y ph\u00e1t tri\u1ec3n t\u1ed1t nh\u1ea5t\" width=\"375\" height=\"500\" srcset=\"https:\/\/ktech4.k-tech-services.com\/phucan713\/wp-content\/uploads\/2024\/03\/z5286254185459_c0a307650d2b66e0b12d031f90fc96c9-225x300.jpg 225w, https:\/\/ktech4.k-tech-services.com\/phucan713\/wp-content\/uploads\/2024\/03\/z5286254185459_c0a307650d2b66e0b12d031f90fc96c9-768x1024.jpg 768w, https:\/\/ktech4.k-tech-services.com\/phucan713\/wp-content\/uploads\/2024\/03\/z5286254185459_c0a307650d2b66e0b12d031f90fc96c9-510x680.jpg 510w, https:\/\/ktech4.k-tech-services.com\/phucan713\/wp-content\/uploads\/2024\/03\/z5286254185459_c0a307650d2b66e0b12d031f90fc96c9.jpg 1080w\" sizes=\"auto, (max-width: 375px) 100vw, 375px\" \/><figcaption id=\"caption-attachment-2831\" class=\"wp-caption-text\">Tr\u1ed3ng d\u1eeba v\u1edbi kho\u1ea3ng c\u00e1ch th\u00edch h\u1ee3p \u0111\u1ec3 c\u00e2y ph\u00e1t tri\u1ec3n t\u1ed1t nh\u1ea5t<\/figcaption><\/figure>\n<h2><strong><b>Kh\u00ed h\u1eadu v\u00e0 \u0111\u1ea5t tr\u1ed3ng th\u00edch h\u1ee3p v\u1edbi gi\u1ed1ng D\u1eeba Xi\u00eam Xanh L\u00f9n<\/b><\/strong><\/h2>\n<p><strong><b>\u0110\u1ea5t tr\u1ed3ng<\/b><\/strong>: C\u00e2y D\u1eeba Xi\u00eam Xanh L\u00f9n kh\u00f4ng k\u00e9n \u0111\u1ea5t tr\u1ed3ng, c\u00f3 s\u1ee9c s\u1ed1ng m\u1ea1nh m\u1ebd, kh\u1ea3 n\u0103ng ph\u00e1t tri\u1ec3n nhanh ch\u00f3ng v\u00e0 \u00edt c\u00f4ng ch\u0103m s\u00f3c. Trong \u0111i\u1ec1u ki\u1ec7n thu\u1eadn l\u1ee3i, ta v\u1eabn n\u00ean \u0111\u1ea7u t\u01b0 c\u1ea3i t\u1ea1o \u0111\u1ea5t \u0111\u1ec3 c\u00f3 \u0111\u1ed9 t\u01a1i x\u1ed1p h\u01a1n, h\u1ea1 ph\u00e8n cho \u0111\u1ea5t, sao cho \u0111\u1ed9 pH t\u1eeb 5,5-7. Nh\u01b0 v\u1eady d\u1eeba xi\u00eam s\u1ebd r\u1ea5t b\u1eaft \u0111\u1ea5t v\u00e0 nhanh l\u1edbn.<\/p>\n<p><strong><b>Th\u1eddi ti\u1ebft, kh\u00ed h\u1eadu:<\/b><\/strong>\u00a0D\u1eeba Xi\u00eam Xanh L\u00f9n th\u00edch \u1ee9ng t\u1ed1t v\u1edbi nh\u1eefng \u0111i\u1ec1u ki\u1ec7n th\u1eddi ti\u1ebft kh\u1eafc nghi\u1ec7t. T\u1eeb Nam ra B\u1eafc \u0111\u1ec1u c\u00f3 th\u1ec3 tr\u1ed3ng \u0111\u01b0\u1ee3c gi\u1ed1ng d\u1eeba n\u00e0y.<\/p>\n<p><strong><b>V\u1edbi n\u01a1i hay c\u00f3 gi\u00f3 b\u00e3o:<\/b><\/strong>\u00a0C\u00e2y D\u1eeba Xi\u00eam Xanh L\u00f9n c\u0169ng th\u1ec3 hi\u1ec7n s\u1ef1 ch\u1ecbu \u0111\u1ef1ng \u0111\u1ed1i v\u1edbi gi\u00f3 b\u00e3o, m\u1ed9t \u0111\u1eb7c t\u00ednh quan tr\u1ecdng khi s\u1ed1ng \u1edf nh\u1eefng khu v\u1ef1c c\u00f3 th\u1eddi ti\u1ebft bi\u1ebfn \u0111\u1ed5i v\u00e0 b\u00e3o l\u1ee5t kh\u00f3 l\u01b0\u1eddng. \u0110i\u1ec1u n\u00e0y gi\u00fap b\u1ea3o v\u1ec7 c\u00e2y v\u00e0 gi\u1eef cho ch\u1ea5t l\u01b0\u1ee3ng tr\u00e1i D\u1eeba Xi\u00eam Xanh L\u00f9n \u1ed5n \u0111\u1ecbnh.<\/p>\n<h2><strong><b>V\u00f9ng ven bi\u1ec3n c\u00f3 tr\u1ed3ng D\u1eeba Xi\u00eam Xanh L\u00f9n \u0111\u01b0\u1ee3c kh\u00f4ng? <\/b><\/strong><\/h2>\n<p>D\u1eeba Xi\u00eam Xanh L\u00f9n, v\u1edbi kh\u1ea3 n\u0103ng ch\u1ed1ng ch\u1ecdi v\u1edbi kh\u00f4 h\u1ea1n, ng\u1eadp \u00fang, m\u1eb7n v\u00e0 gi\u00f3 b\u00e3o, l\u00e0 l\u1ef1a ch\u1ecdn l\u00fd t\u01b0\u1edfng cho vi\u1ec7c tr\u1ed3ng trong c\u00e1c khu v\u1ef1c ven bi\u1ec3n.<\/p>\n<p>Trong nh\u1eefng v\u00f9ng n\u00e0y, n\u01a1i m\u00e0 nhi\u1ec1u lo\u1ea1i c\u00e2y \u0103n tr\u00e1i kh\u00e1c g\u1eb7p kh\u00f3 kh\u0103n, D\u1eeba Xi\u00eam Xanh L\u00f9n v\u1eabn ph\u00e1t tri\u1ec3n m\u1ea1nh m\u1ebd. S\u1ef1 linh ho\u1ea1t c\u1ee7a lo\u1ea1i c\u00e2y n\u00e0y kh\u00f4ng ch\u1ec9 gi\u00fap n\u00e2ng cao kh\u1ea3 n\u0103ng sinh tr\u01b0\u1edfng m\u00e0 c\u00f2n t\u1ea1o \u0111i\u1ec1u ki\u1ec7n thu\u1eadn l\u1ee3i cho ng\u01b0\u1eddi tr\u1ed3ng.<\/p>\n<p>Do v\u1eady, vi\u1ec7c \u0111\u1ea7u t\u01b0 v\u00e0o tr\u1ed3ng c\u00e2y D\u1eeba Xi\u00eam Xanh L\u00f9n \u1edf v\u00f9ng \u0111\u1ea5t ven bi\u1ec3n kh\u00f4ng ch\u1ec9 l\u00e0 m\u1ed9t quy\u1ebft \u0111\u1ecbnh an to\u00e0n m\u00e0 c\u00f2n l\u00e0 ngu\u1ed3n thu nh\u1eadp \u1ed5n \u0111\u1ecbnh v\u00e0 b\u1ec1n v\u1eefng trong th\u1eddi gian d\u00e0i.<\/p>\n<h2><strong><b>K\u1ef9 thu\u1eadt tr\u1ed3ng v\u00e0 ch\u0103m s\u00f3c c\u00e2y d\u1eeba xi\u00eam xanh l\u00f9n<\/b><\/strong><\/h2>\n<h3><strong><b>C\u00e1ch tr\u1ed3ng d\u1eeba<\/b><\/strong><\/h3>\n<p>Kho\u1ea3ng c\u00e1ch\u00a0\u0111\u1ec1u\u00a06m\/c\u00e2y (n\u1ebfu c\u00f3 l\u00ean li\u1ebfp th\u00ec m\u1eb7t li\u1ebfp 6m, h\u00e0ng c\u00e1ch h\u00e0ng 6m, c\u00e2y c\u00e1ch c\u00e2y 6m).<\/p>\n<p>T\u1eeb m\u1eb7t m\u01b0\u01a1ng, \u0111o l\u00ean 50cm &#8211; 1 m\u00e9t \u0111\u1ec3 tr\u00e1nh s\u1ea1t l\u1edf. Khi tr\u1ed3ng tr\u00e1i d\u1eeba \u0111\u1eebng ch\u00f4n\u00a0qu\u00e1 s\u00e2u,\u00a0l\u1ea5p \u0111\u1ea5t\u00a02\/3 tr\u00e1i l\u00e0 \u0111\u01b0\u1ee3c, c\u00f2n 1\/3 tr\u00e1i cho nh\u00fa l\u00ean kh\u1ecfi m\u1eb7t \u0111\u1ea5t. V\u1edbi c\u00e2y gi\u1ed1ng cao qu\u00e1 th\u00ec n\u00ean c\u1ecdc c\u1ed1 \u0111\u1ecbnh \u0111\u1ec3 tr\u00e1nh g\u00e3y \u0111\u1ed5. N\u00ean che n\u1eafng\u00a0cho c\u00e2y con m\u1edbi tr\u1ed3ng<\/p>\n<p>Xung quanh g\u1ed1c n\u00ean ph\u1ee7 l\u00e1 c\u00e2y, r\u01a1m, chu\u1ed1i,\u2026\u0111\u1ec3 gi\u1eef \u1ea9m, ph\u1ee7 c\u00e1ch g\u1ed1c kho\u1ea3ng 30cm.<\/p>\n<p>T\u01b0\u1edbi n\u01b0\u1edbc ng\u00e0y 2 l\u1ea7n s\u00e1ng s\u1edbm v\u00e0 chi\u1ec1u.<\/p>\n<h3><strong><b>Dinh d\u01b0\u1ee1ng cho c\u00e2y d\u1eeba<\/b><\/strong><\/h3>\n<p>Ph\u00e2n h\u1eefu c\u01a1 l\u00e0 s\u1ea3n ph\u1ea9m ch\u1ee7 y\u1ebfu cho c\u00e2y con m\u1edbi tr\u1ed3ng trong su\u1ed1t 6 th\u00e1ng \u0111\u1ea7u. B\u00ean c\u1ea1nh \u0111\u00f3, k\u1ebft h\u1ee3p ph\u00f2ng ng\u1eeba b\u1ec7nh v\u00e0 b\u1ed5 sung dinh d\u01b0\u1ee1ng cho c\u00e2y (li\u1ec1u l\u01b0\u1ee3ng \u00edt, v\u00ec b\u00f3n nhi\u1ec1u c\u00e2y d\u1ec5 b\u1ecb ng\u1ed9p)<\/p>\n<p>X\u1ecbt\u00a0ng\u1eeba\u00a0b\u1ec7nh m\u1ed7i th\u00e1ng x\u1ecbt 1 l\u1ea7n (Ridomil) ho\u1eb7c Antracol<\/p>\n<p>X\u1ecbt s\u00e2u c\u0169ng 1 th\u00e1ng x\u1ecbt 1 l\u1ea7n. C\u00f4ng d\u1ee5ng tr\u00e1nh s\u00e2u \u0103n l\u00e1 ho\u1eb7c b\u1ecd c\u00e1nh c\u1ee9ng.<\/p>\n<p>X\u1ecbt d\u01b0\u1ee1ng 1 th\u00e1ng 1\u00a0l\u1ea7n, d\u00f9ng c\u00e1c d\u00f2ng ph\u00e2n b\u00f3n l\u00e1, b\u1ed5 sung trung vi l\u01b0\u1ee3ng, 15- 20-15,\u2026<\/p>\n<p>C\u1ee5 th\u1ec3 h\u01a1n n\u1eefa, b\u1ea1n c\u00f3 th\u1ec3 xem qua <u>H\u01b0\u1edbng d\u1eabn ch\u0103m s\u00f3c c\u00e2y m\u1edbi tr\u1ed3ng<\/u>\u00a0c\u1ee7a Ph\u00fac An bi\u00ean so\u1ea1n.<\/p>\n<h2><strong><b>Gi\u00e1 c\u00e2y gi\u1ed1ng D\u1eeba Xi\u00eam Xanh L\u00f9n<\/b><\/strong><\/h2>\n<p>Gi\u1ed1ng D\u1eeba Xi\u00eam Xanh L\u00f9n c\u00f3 gi\u00e1 dao \u0111\u1ed9ng 26.000-33.000\/ c\u00e2y t\u1ea1i nh\u00e0 v\u01b0\u1eddn Ph\u00fac An B\u1ebfn Tre. T\u00f9y theo s\u1ed1 l\u01b0\u1ee3ng c\u00e2y \u0111\u01b0\u1ee3c \u0111\u1eb7t v\u00e0 th\u1eddi \u0111i\u1ec3m s\u1ebd c\u00f3 m\u1ee9c gi\u00e1 kh\u00e1c nhau. Kh\u00e1ch mua s\u1ed1 l\u01b0\u1ee3ng c\u00e0ng nhi\u1ec1u gi\u00e1 c\u00e2y s\u1ebd c\u00e0ng r\u1ebb. C\u00e2y gi\u1ed1ng Ph\u00fac An lu\u00f4n c\u1ed1 g\u1eafng \u0111\u1ec3 m\u1ee9c gi\u00e1 b\u00e1n t\u1ed1t nh\u1ea5t cho kh\u00e1ch h\u00e0ng c\u1ee7a m\u00ecnh, v\u1eeba ph\u00f9 h\u1ee3p t\u00fai ti\u1ec1n v\u1eeba c\u00f3 \u0111\u01b0\u1ee3c c\u00e2y gi\u1ed1ng D\u1eeba Xi\u00eam Xanh L\u00f9n ch\u1ea5t l\u01b0\u1ee3ng nh\u1ea5t.<\/p>\n<h2><strong><b>Mua c\u00e2y gi\u1ed1ng D\u1eeba Xi\u00eam Xanh L\u00f9n \u1edf \u0111\u00e2u ch\u1ea5t l\u01b0\u1ee3ng?<\/b><\/strong><\/h2>\n<p>C\u00e2y gi\u1ed1ng Ph\u00fac An cung c\u1ea5p c\u00e2y gi\u1ed1ng D\u1eeba Xi\u00eam Xanh L\u00f9n ch\u1ea5t l\u01b0\u1ee3ng, \u0111\u01b0\u1ee3c b\u1ea3o h\u00e0nh \u0111\u00fang gi\u1ed1ng tr\u1ecdn \u0111\u1eddi.<\/p>\n<p>V\u01b0\u1eddn nh\u00e2n gi\u1ed1ng c\u1ee7a Ph\u00fac An \u0111\u01b0\u1ee3c ch\u1ecdn l\u1ef1a k\u1ef9 l\u01b0\u1ee1ng, l\u00e0 v\u01b0\u1eddn d\u1eeba m\u1eb9 cho tr\u00e1i chu\u1ea9n, ph\u00e1t tri\u1ec3n t\u1ed1t v\u00e0 n\u0103ng su\u1ea5t \u1ed5n \u0111\u1ecbnh.<\/p>\n<p><iframe loading=\"lazy\" title=\"D\u1eeba xi\u00eam xanh l\u00f9n chu\u1ea9n gi\u1ed1ng - Ph\u00fac An\" width=\"1020\" height=\"574\" src=\"https:\/\/www.youtube.com\/embed\/fYRbahv-2ZQ?feature=oembed\" frameborder=\"0\" allow=\"accelerometer; autoplay; clipboard-write; encrypted-media; gyroscope; picture-in-picture; web-share\" referrerpolicy=\"strict-origin-when-cross-origin\" allowfullscreen><\/iframe><\/p>\n<p><span style=\"color: #003300;\"><em><strong>Ti\u00eau chu\u1ea9n C\u00e2y gi\u1ed1ng D\u1eeba Xi\u00eam Xanh L\u00f9n\u00a0\u0111\u01b0\u1ee3c cung c\u1ea5p b\u1edfi v\u01b0\u1eddn Ph\u00fac An<\/strong><\/em><\/span><\/p>\n<p>Tr\u00e1i d\u1eeba gi\u1ed1ng: K\u00edch th\u01b0\u1edbc \u0111\u1ed3ng \u0111\u1ec1u, tr\u00e1i kh\u00f4ng d\u1ecb d\u1ea1ng v\u00e0 kh\u00f4ng c\u00f3 s\u00e2u b\u1ec7nh<\/p>\n<p>C\u00e2y d\u1eeba gi\u1ed1ng th\u00e0nh ph\u1ea9m \u1edf v\u01b0\u1eddn Ph\u00fac An:<\/p>\n<ul>\n<li>H\u00ecnh d\u00e1ng: C\u00e2y con t\u1eeb v\u01b0\u1eddn \u01b0\u01a1m c\u00f3 c\u1ed5 th\u00e2n d\u00e0y d\u1eb7n, kh\u1ecfe m\u1ea1nh.<\/li>\n<li>S\u1ee9c kh\u1ecfe c\u00e2y: \u0110\u1ea3m b\u1ea3o c\u00e2y con \u0111\u01b0\u1ee3c ch\u1ecdn kh\u00f4ng b\u1ecb nhi\u1ec5m s\u00e2u b\u1ec7nh.<\/li>\n<li>L\u00e1 c\u00e2y: Ch\u1ecdn c\u00e2y c\u00f3 nhi\u1ec1u l\u00e1 v\u00e0 t\u00e1ch l\u00e1 ch\u00e9t s\u1edbm, l\u00e1 s\u1eadm m\u00e0u l\u00e0 d\u1ea5u hi\u1ec7u c\u1ee7a s\u1ee9c kh\u1ecfe v\u00e0 s\u1ef1 ph\u00e1t tri\u1ec3n t\u00edch c\u1ef1c, gi\u00fap \u0111\u1ea3m b\u1ea3o c\u00e2y d\u1eeba c\u00f3 n\u1ec1n t\u1ea3ng t\u1ed1t khi \u0111\u01b0\u1ee3c tr\u1ed3ng v\u00e0o v\u01b0\u1eddn.<\/li>\n<\/ul>\n<figure id=\"attachment_2827\" aria-describedby=\"caption-attachment-2827\" style=\"width: 375px\" class=\"wp-caption aligncenter\"><img loading=\"lazy\" decoding=\"async\" class=\"wp-image-2827\" src=\"http:\/\/localhost\/phucan713\/wp-content\/uploads\/2024\/03\/toa-30-dua-xiem-di-nha-trang-1-225x300.jpg\" alt=\"C\u00e2y gi\u1ed1ng d\u1eeba xi\u00eam xanh l\u00f9n t\u1ea1i Ph\u00fac An\" width=\"375\" height=\"500\" srcset=\"https:\/\/ktech4.k-tech-services.com\/phucan713\/wp-content\/uploads\/2024\/03\/toa-30-dua-xiem-di-nha-trang-1-225x300.jpg 225w, https:\/\/ktech4.k-tech-services.com\/phucan713\/wp-content\/uploads\/2024\/03\/toa-30-dua-xiem-di-nha-trang-1-768x1024.jpg 768w, https:\/\/ktech4.k-tech-services.com\/phucan713\/wp-content\/uploads\/2024\/03\/toa-30-dua-xiem-di-nha-trang-1-510x680.jpg 510w, https:\/\/ktech4.k-tech-services.com\/phucan713\/wp-content\/uploads\/2024\/03\/toa-30-dua-xiem-di-nha-trang-1.jpg 960w\" sizes=\"auto, (max-width: 375px) 100vw, 375px\" \/><figcaption id=\"caption-attachment-2827\" class=\"wp-caption-text\">C\u00e2y gi\u1ed1ng d\u1eeba xi\u00eam xanh l\u00f9n t\u1ea1i Ph\u00fac An<\/figcaption><\/figure>\n<figure id=\"attachment_3168\" aria-describedby=\"caption-attachment-3168\" style=\"width: 375px\" class=\"wp-caption aligncenter\"><img loading=\"lazy\" decoding=\"async\" class=\"wp-image-3168\" src=\"http:\/\/localhost\/phucan713\/wp-content\/uploads\/2024\/03\/z5966182771387_3c94b9536005fd4c6eaaea9bde646ee5-225x300.jpg\" alt=\"C\u00e2y d\u1eeba xi\u00eam xanh l\u00f9n Ph\u00fac An chu\u1ea9n b\u1ecb giao cho kh\u00e1ch\" width=\"375\" height=\"500\" srcset=\"https:\/\/ktech4.k-tech-services.com\/phucan713\/wp-content\/uploads\/2024\/03\/z5966182771387_3c94b9536005fd4c6eaaea9bde646ee5-225x300.jpg 225w, https:\/\/ktech4.k-tech-services.com\/phucan713\/wp-content\/uploads\/2024\/03\/z5966182771387_3c94b9536005fd4c6eaaea9bde646ee5-768x1024.jpg 768w, https:\/\/ktech4.k-tech-services.com\/phucan713\/wp-content\/uploads\/2024\/03\/z5966182771387_3c94b9536005fd4c6eaaea9bde646ee5-510x680.jpg 510w, https:\/\/ktech4.k-tech-services.com\/phucan713\/wp-content\/uploads\/2024\/03\/z5966182771387_3c94b9536005fd4c6eaaea9bde646ee5.jpg 960w\" sizes=\"auto, (max-width: 375px) 100vw, 375px\" \/><figcaption id=\"caption-attachment-3168\" class=\"wp-caption-text\">C\u00e2y d\u1eeba xi\u00eam xanh l\u00f9n Ph\u00fac An chu\u1ea9n b\u1ecb giao cho kh\u00e1ch<\/figcaption><\/figure>\n<p>C\u00e2y tr\u1ea3i qua quy tr\u00ecnh nh\u00e2n gi\u1ed1ng, d\u01b0\u1ee1ng c\u00e2y con, x\u1ea3 n\u1eafng ho\u00e0n ch\u1ec9nh. \u0110\u1ebfn tay c\u00f4 b\u00e1c s\u1ebd l\u00e0 t\u1eebng c\u00e2y \u0111\u00e3 c\u1ee9ng c\u00e1p \u0111\u00e3 ra c\u01a1i ch\u1ed3i m\u1edbi.<br \/>\nQu\u00fd c\u00f4 b\u00e1c c\u00f3 th\u1ec3 li\u00ean h\u1ec7 tr\u1ef1c ti\u1ebfp qua SDT\/ Zalo 0962.888.014 (<a href=\"http:\/\/localhost\/phucan713\/\" target=\"_blank\" rel=\"noopener\">C\u00e2y Gi\u1ed1ng Ph\u00fac An<\/a>) \u0111\u1ec3 ch\u00fang t\u00f4i t\u01b0 v\u1ea5n v\u00e0 b\u00e1o gi\u00e1 c\u1ee5 th\u1ec3. Xin c\u1ea3m \u01a1n qu\u00fd c\u00f4 b\u00e1c \u0111\u00e3 \u0111\u1eb7t ni\u1ec1m tin v\u1edbi nh\u00e0 v\u01b0\u1eddn.<\/p>\n<p>&gt;&gt; M\u1eddi b\u1ea1n \u0111\u1ecdc th\u00eam: <a href=\"https:\/\/baovinhlong.com.vn\/kinh-te\/nong-nghiep\/202404\/thu-nhap-cao-nho-trong-dua-xiem-xanh-3182108\" target=\"_blank\" rel=\"noopener\"><span style=\"color: #000080;\"><em><strong>Thu nh\u1eadp cao nh\u1edd tr\u1ed3ng d\u1eeba xi\u00eam xanh<\/strong><\/em><\/span><\/a><\/p>\n","protected":false},"excerpt":{"rendered":"<p>* Gi\u00e1 tham kh\u1ea3o cho s\u1ed1 l\u01b0\u1ee3ng t\u1eeb 30 c\u00e2y, c\u00f3 th\u1ec3 thay \u0111\u1ed5i theo th\u1eddi \u0111i\u1ec3m<br \/>\n* Ch\u01b0a bao g\u1ed3m ph\u00ed v\u1eadn chuy\u1ec3n (t\u00f9y theo s\u1ed1 l\u01b0\u1ee3ng c\u00e2y v\u00e0 \u0111\u1ecba \u0111i\u1ec3m giao h\u00e0ng)<\/p>\n","protected":false},"featured_media":2827,"comment_status":"open","ping_status":"closed","template":"","meta":[],"product_brand":[],"product_cat":[35,60],"product_tag":[62],"class_list":{"0":"post-1407","1":"product","2":"type-product","3":"status-publish","4":"has-post-thumbnail","6":"product_cat-san-pham-giong-cay-an-trai","7":"product_cat-giong-dua","8":"product_tag-giong-dua-xiem-xanh-lun","10":"first","11":"instock","12":"shipping-taxable","13":"purchasable","14":"product-type-simple"},"_links":{"self":[{"href":"https:\/\/ktech4.k-tech-services.com\/phucan713\/wp-json\/wp\/v2\/product\/1407","targetHints":{"allow":["GET"]}}],"collection":[{"href":"https:\/\/ktech4.k-tech-services.com\/phucan713\/wp-json\/wp\/v2\/product"}],"about":[{"href":"https:\/\/ktech4.k-tech-services.com\/phucan713\/wp-json\/wp\/v2\/types\/product"}],"replies":[{"embeddable":true,"href":"https:\/\/ktech4.k-tech-services.com\/phucan713\/wp-json\/wp\/v2\/comments?post=1407"}],"wp:featuredmedia":[{"embeddable":true,"href":"https:\/\/ktech4.k-tech-services.com\/phucan713\/wp-json\/wp\/v2\/media\/2827"}],"wp:attachment":[{"href":"https:\/\/ktech4.k-tech-services.com\/phucan713\/wp-json\/wp\/v2\/media?parent=1407"}],"wp:term":[{"taxonomy":"product_brand","embeddable":true,"href":"https:\/\/ktech4.k-tech-services.com\/phucan713\/wp-json\/wp\/v2\/product_brand?post=1407"},{"taxonomy":"product_cat","embeddable":true,"href":"https:\/\/ktech4.k-tech-services.com\/phucan713\/wp-json\/wp\/v2\/product_cat?post=1407"},{"taxonomy":"product_tag","embeddable":true,"href":"https:\/\/ktech4.k-tech-services.com\/phucan713\/wp-json\/wp\/v2\/product_tag?post=1407"}],"curies":[{"name":"wp","href":"https:\/\/api.w.org\/{rel}","templated":true}]}}