{"id":1415,"date":"2024-04-01T09:50:48","date_gmt":"2024-04-01T09:50:48","guid":{"rendered":"https:\/\/caygiongphucan.com\/?post_type=product&amp;p=1415"},"modified":"2024-04-01T09:50:48","modified_gmt":"2024-04-01T09:50:48","slug":"cay-giong-mit-thai-sieu-som","status":"publish","type":"product","link":"https:\/\/ktech4.k-tech-services.com\/phucan713\/san-pham\/cay-giong-mit-thai-sieu-som\/","title":{"rendered":"C\u00e2y gi\u1ed1ng m\u00edt th\u00e1i si\u00eau s\u1edbm"},"content":{"rendered":"<p>M\u00edt th\u00e1i si\u00eau s\u1edbm l\u00e0 l\u1ef1a ch\u1ecdn \u1ed5n \u0111\u1ecbnh cho nh\u1eefng ng\u01b0\u1eddi n\u00f4ng d\u00e2n \u0111ang t\u00ecm ki\u1ebfm ti\u1ec1m n\u0103ng nhanh ch\u00f3ng trong s\u1ea3n xu\u1ea5t c\u00e2y tr\u1ed3ng. N\u0103ng su\u1ea5t \u1ea5n t\u01b0\u1ee3ng t\u1eeb 15-20 t\u1ea5n\/ ha, gi\u00fap ng\u01b0\u1eddi tr\u1ed3ng nhanh ho\u00e0n v\u1ed1n v\u00e0 c\u00f3 thu nh\u1eadp \u1ed5n \u0111\u1ecbnh. C\u00f9ng c\u00e2y gi\u1ed1ng Ph\u00fac An t\u00ecm hi\u1ec3u gi\u1ed1ng c\u00e2y n\u00e0y nh\u00e9.<\/p>\n<h2><strong><b>\u0110\u1eb7c \u0111i\u1ec3m c\u1ee7a gi\u1ed1ng m\u00edt Th\u00e1i si\u00eau s\u1edbm<\/b><\/strong><\/h2>\n<figure id=\"attachment_3143\" aria-describedby=\"caption-attachment-3143\" style=\"width: 375px\" class=\"wp-caption aligncenter\"><img loading=\"lazy\" decoding=\"async\" class=\"wp-image-3143\" src=\"http:\/\/localhost\/phucan713\/wp-content\/uploads\/2024\/04\/402653520_2663190287166797_5305756005526495096_n-225x300.jpg\" alt=\"C\u1eadn c\u1ea3nh m\u00edt th\u00e1i si\u00eau s\u1edbm\" width=\"375\" height=\"500\" srcset=\"https:\/\/ktech4.k-tech-services.com\/phucan713\/wp-content\/uploads\/2024\/04\/402653520_2663190287166797_5305756005526495096_n-225x300.jpg 225w, https:\/\/ktech4.k-tech-services.com\/phucan713\/wp-content\/uploads\/2024\/04\/402653520_2663190287166797_5305756005526495096_n-768x1024.jpg 768w, https:\/\/ktech4.k-tech-services.com\/phucan713\/wp-content\/uploads\/2024\/04\/402653520_2663190287166797_5305756005526495096_n-1152x1536.jpg 1152w, https:\/\/ktech4.k-tech-services.com\/phucan713\/wp-content\/uploads\/2024\/04\/402653520_2663190287166797_5305756005526495096_n-510x680.jpg 510w, https:\/\/ktech4.k-tech-services.com\/phucan713\/wp-content\/uploads\/2024\/04\/402653520_2663190287166797_5305756005526495096_n.jpg 1536w\" sizes=\"auto, (max-width: 375px) 100vw, 375px\" \/><figcaption id=\"caption-attachment-3143\" class=\"wp-caption-text\">C\u1eadn c\u1ea3nh m\u00edt th\u00e1i si\u00eau s\u1edbm<\/figcaption><\/figure>\n<p>Tr\u00e1i m\u00edt Th\u00e1i si\u00eau s\u1edbm, hay c\u00f2n \u0111\u01b0\u1ee3c bi\u1ebft \u0111\u1ebfn v\u1edbi t\u00ean g\u1ecdi M\u00edt Th\u00e1i Changai, c\u00f3 nh\u1eefng \u0111\u1eb7c \u0111i\u1ec3m \u0111\u1ed9c \u0111\u00e1o v\u00e0 h\u1ea5p d\u1eabn m\u00e0 l\u00e0m n\u1ed5i b\u1eadt gi\u1ed1ng c\u00e2y n\u00e0y:<\/p>\n<p>Ph\u00e1t Tri\u1ec3n Nhanh Ch\u00f3ng: M\u00edt Th\u00e1i Si\u00eau S\u1edbm c\u00f3 kh\u1ea3 n\u0103ng ph\u00e1t tri\u1ec3n nhanh, cho tr\u00e1i sau kho\u1ea3ng 18-20 th\u00e1ng tr\u1ed3ng.<\/p>\n<p>K\u00edch Th\u01b0\u1edbc L\u1edbn: Tr\u00e1i m\u00edt th\u01b0\u1eddng c\u00f3 k\u00edch th\u01b0\u1edbc l\u1edbn, n\u1eb7ng t\u1eeb 7-20 kg, v\u1edbi nh\u1eefng tr\u00e1i l\u1edbn h\u01a1n 20 kg, t\u00f9y thu\u1ed9c v\u00e0o \u0111i\u1ec1u ki\u1ec7n ch\u0103m s\u00f3c.<\/p>\n<p>Tr\u00e1i Quanh N\u0103m: M\u1ed9t trong nh\u1eefng \u0111i\u1ec3m thu\u1eadn l\u1ee3i l\u00e0 gi\u1ed1ng m\u00edt n\u00e0y mang l\u1ea1i tr\u00e1i quanh n\u0103m, c\u00f2n g\u1ecdi l\u00e0 tr\u00e1i chuy\u1ec1n, l\u1ee9a n\u00e0y n\u1ed1i ti\u1ebfp l\u1ee9a kia.<\/p>\n<p>Th\u1ecbt Tr\u00e1i V\u00e0ng \u0110\u1eadm: Th\u1ecbt tr\u00e1i c\u00f3 m\u00e0u v\u00e0ng \u0111\u1eadm, \u00edt x\u01a1, gi\u1eef n\u01b0\u1edbc t\u1ed1t, mang l\u1ea1i tr\u1ea3i nghi\u1ec7m \u1ea9m th\u1ef1c \u0111\u1eb7c s\u1eafc.<\/p>\n<p>V\u1ecb Ng\u1ecdt \u0110\u1eadm v\u00e0 Th\u01a1m D\u1ecbu: M\u00edt Th\u00e1i Si\u00eau S\u1edbm th\u01b0\u1eddng c\u00f3 v\u1ecb ng\u1ecdt \u0111\u1eadm v\u00e0 h\u01b0\u01a1ng th\u01a1m d\u1ecbu, l\u00e0m t\u0103ng gi\u00e1 tr\u1ecb l\u1ef1a ch\u1ecdn cho ng\u01b0\u1eddi ti\u00eau d\u00f9ng.<\/p>\n<p>V\u1ecf M\u1ecfng: tr\u00e1i m\u00edt th\u01b0\u1eddng c\u00f3 v\u1ecf m\u1ecfng, l\u00e0m cho vi\u1ec7c \u0103n tr\u00e1i tr\u1edf n\u00ean thu\u1eadn ti\u1ec7n h\u01a1n.<\/p>\n<p>C\u01a1m D\u00e0y, H\u1ea1t Nh\u1ecf: Th\u01b0\u1eddng c\u00f3 \u0111\u1eb7c \u0111i\u1ec3m c\u01a1m d\u1ea7y v\u00e0 h\u1ea1t nh\u1ecf, th\u01b0\u1edfng th\u1ee9c \u0111\u01b0\u1ee3c nhi\u1ec1u c\u01a1m m\u00edt h\u01a1n.<\/p>\n<p>Nh\u1eefng \u0111\u1eb7c \u0111i\u1ec3m tr\u00ean gi\u00fap M\u00edt Th\u00e1i Si\u00eau S\u1edbm tr\u1edf th\u00e0nh m\u1ed9t l\u1ef1a ch\u1ecdn ph\u1ed5 bi\u1ebfn trong ng\u00e0nh tr\u1ed3ng tr\u1ecdt v\u00e0 l\u00e0m gi\u00e0u ngu\u1ed3n thu nh\u1eadp cho ng\u01b0\u1eddi n\u00f4ng d\u00e2n.<\/p>\n<h2><strong><b>C\u00e2y m\u00edt Th\u00e1i si\u00eau s\u1edbm tr\u1ed3ng bao l\u00e2u c\u00f3 tr\u00e1i?<\/b><\/strong><\/h2>\n<figure id=\"attachment_3142\" aria-describedby=\"caption-attachment-3142\" style=\"width: 375px\" class=\"wp-caption aligncenter\"><img loading=\"lazy\" decoding=\"async\" class=\"wp-image-3142\" src=\"http:\/\/localhost\/phucan713\/wp-content\/uploads\/2024\/04\/394617503_171631989336368_2874008044694653782_n-225x300.jpg\" alt=\"V\u01b0\u1eddn m\u00edt th\u00e1i t\u1ea1i mi\u1ec1n t\u00e2y\" width=\"375\" height=\"500\" srcset=\"https:\/\/ktech4.k-tech-services.com\/phucan713\/wp-content\/uploads\/2024\/04\/394617503_171631989336368_2874008044694653782_n-225x300.jpg 225w, https:\/\/ktech4.k-tech-services.com\/phucan713\/wp-content\/uploads\/2024\/04\/394617503_171631989336368_2874008044694653782_n-510x680.jpg 510w, https:\/\/ktech4.k-tech-services.com\/phucan713\/wp-content\/uploads\/2024\/04\/394617503_171631989336368_2874008044694653782_n.jpg 720w\" sizes=\"auto, (max-width: 375px) 100vw, 375px\" \/><figcaption id=\"caption-attachment-3142\" class=\"wp-caption-text\">V\u01b0\u1eddn m\u00edt th\u00e1i t\u1ea1i mi\u1ec1n t\u00e2y<\/figcaption><\/figure>\n<p>\u0110\u00fang nh\u01b0 t\u00ean g\u1ecdi, m\u00edt th\u00e1i si\u00eau s\u1edbm ch\u1ec9 c\u1ea7n kho\u1ea3ng 20 th\u00e1ng l\u00e0 \u0111\u00e3 cho tr\u00e1i thu ho\u1ea1ch. C\u00f3 nh\u1eefng ch\u1ee7 v\u01b0\u1eddn \u0111\u1ec3 c\u00e2y 2 n\u0103m tu\u1ed5i th\u00ec cho mang tr\u00e1i th\u01b0\u01a1ng ph\u1ea9m, l\u00fac n\u00e0y c\u00e0nh v\u00e0 t\u00e1n \u0111\u00e3 \u0111\u01b0\u1ee3c d\u01b0\u1ee1ng th\u00eam m\u1ed9t th\u1eddi gian, do v\u1eady ch\u1ee7 v\u01b0\u1eddn an t\u00e2m h\u01a1n v\u1ec1 s\u1ee9c kh\u1ecfe t\u1ed5ng th\u1ec3 c\u1ee7a c\u00e2y.<\/p>\n<p>Th\u1eddi gian t\u1eeb l\u00fac x\u1eed l\u00fd n\u01b0\u1edbc, ph\u00e2n thu\u1ed1c cho t\u1edbi khi ra m\u1ea7m hoa t\u1ea7m h\u01a1n 20 ng\u00e0y. T\u1eeb l\u00fac ra m\u1ea7m hoa cho t\u1edbi khi thu ho\u1ea1ch c\u1ea7n 3,5-4 th\u00e1ng. Nh\u01b0 v\u1eady, t\u1eeb l\u00fac c\u00e2y m\u00edt th\u00e1i \u0111\u01b0\u1ee3c x\u1eed l\u00fd ra hoa \u0111\u1ebfn l\u00fac thu ho\u1ea1ch trung b\u00ecnh m\u1ea5t kho\u1ea3ng 5 th\u00e1ng.<\/p>\n<h2><strong><b>N\u0103ng su\u1ea5t gi\u1ed1ng m\u00edt Th\u00e1i si\u00eau s\u1edbm<\/b><\/strong><\/h2>\n<p>Sau kho\u1ea3ng hai n\u0103m, c\u00e2y m\u00edt Th\u00e1i s\u1ebd cho thu ho\u1ea1ch. Khi \u0111\u1ea1t \u0111\u1ed9 tu\u1ed5i tr\u01b0\u1edfng th\u00e0nh, n\u0103ng su\u1ea5t trung b\u00ecnh c\u1ee7a m\u1ed7i hecta n\u1eb1m trong kho\u1ea3ng t\u1eeb 15 \u0111\u1ebfn 20 t\u1ea5n. \u0110i\u1ec1u n\u00e0y mang l\u1ea1i l\u1ee3i \u00edch cho ng\u01b0\u1eddi n\u00f4ng d\u00e2n v\u1edbi vi\u1ec7c thu \u0111\u01b0\u1ee3c s\u1ea3n l\u01b0\u1ee3ng n\u00f4ng s\u1ea3n \u1ed5n \u0111\u1ecbnh v\u00e0 c\u00f3 gi\u00e1 tr\u1ecb.<\/p>\n<figure id=\"attachment_3144\" aria-describedby=\"caption-attachment-3144\" style=\"width: 375px\" class=\"wp-caption aligncenter\"><img loading=\"lazy\" decoding=\"async\" class=\"wp-image-3144\" src=\"http:\/\/localhost\/phucan713\/wp-content\/uploads\/2024\/04\/mit-thai-ss-225x300.jpg\" alt=\"M\u00edt th\u00e1i c\u00f3 n\u0103ng su\u1ea5t cao\" width=\"375\" height=\"500\" srcset=\"https:\/\/ktech4.k-tech-services.com\/phucan713\/wp-content\/uploads\/2024\/04\/mit-thai-ss-225x300.jpg 225w, https:\/\/ktech4.k-tech-services.com\/phucan713\/wp-content\/uploads\/2024\/04\/mit-thai-ss-768x1024.jpg 768w, https:\/\/ktech4.k-tech-services.com\/phucan713\/wp-content\/uploads\/2024\/04\/mit-thai-ss-1152x1536.jpg 1152w, https:\/\/ktech4.k-tech-services.com\/phucan713\/wp-content\/uploads\/2024\/04\/mit-thai-ss-510x680.jpg 510w, https:\/\/ktech4.k-tech-services.com\/phucan713\/wp-content\/uploads\/2024\/04\/mit-thai-ss.jpg 1242w\" sizes=\"auto, (max-width: 375px) 100vw, 375px\" \/><figcaption id=\"caption-attachment-3144\" class=\"wp-caption-text\">M\u00edt th\u00e1i c\u00f3 n\u0103ng su\u1ea5t cao<\/figcaption><\/figure>\n<p>\u0110\u1ec3 \u0111\u1ea1t \u0111\u01b0\u1ee3c m\u1ee9c n\u0103ng su\u1ea5t mong mu\u1ed1n, trong qu\u00e1 tr\u00ecnh ch\u0103m s\u00f3c, ng\u01b0\u1eddi tr\u1ed3ng m\u00edt Th\u00e1i c\u1ea7n t\u1eadp trung v\u00e0o vi\u1ec7c s\u1eed d\u1ee5ng nhi\u1ec1u ph\u00e2n h\u1eefu c\u01a1 h\u01a1n v\u00e0 h\u1ea1n ch\u1ebf s\u1eed d\u1ee5ng ph\u00e2n b\u00f3n v\u00f4 c\u01a1.<\/p>\n<p>Vi\u1ec7c t\u1ec9a c\u00e0nh v\u00e0 t\u1ea1o t\u00e1n \u0111\u1ec1u c\u0169ng l\u00e0 quan tr\u1ecdng \u0111\u1ec3 \u0111\u1ea3m b\u1ea3o c\u00e2y tr\u1ed3ng ph\u00e1t tri\u1ec3n kh\u1ecfe m\u1ea1nh. \u0110\u1ed3ng th\u1eddi, vi\u1ec7c theo d\u00f5i s\u1ef1 sinh tr\u01b0\u1edfng c\u1ee7a c\u00e2y tr\u1ed3ng \u0111\u1ec3 ph\u00f2ng tr\u1eeb s\u00e2u b\u1ec7nh l\u00e0 m\u1ed9t bi\u1ec7n ph\u00e1p quan tr\u1ecdng kh\u00e1c.<\/p>\n<p>Ngo\u00e0i ra, quan t\u00e2m \u0111\u1ebfn vi\u1ec7c t\u1ec9a th\u01b0a tr\u00e1i l\u00e0 c\u1ef1c k\u1ef3 quan tr\u1ecdng. Lo\u1ea1i b\u1ecf nh\u1eefng qu\u1ea3 b\u1ecb \u0111\u00e8o \u0111\u1eb9t, m\u00e9o m\u00f3 gi\u00fap c\u00e2y d\u00e0nh n\u0103ng l\u01b0\u1ee3ng cho nh\u1eefng qu\u1ea3 to v\u00e0 h\u00ecnh d\u00e1ng \u0111\u1eb9p h\u01a1n. \u0110i\u1ec1u n\u00e0y kh\u00f4ng ch\u1ec9 t\u0103ng gi\u00e1 tr\u1ecb th\u01b0\u01a1ng ph\u1ea9m m\u00e0 c\u00f2n thu\u1eadn l\u1ee3i cho vi\u1ec7c ti\u00eau th\u1ee5 tr\u00ean th\u1ecb tr\u01b0\u1eddng, n\u01a1i \u01b0a chu\u1ed9ng nh\u1eefng qu\u1ea3 m\u00edt \u0111\u1ea7y \u0111\u1eb7n v\u00e0 c\u00f3 h\u00ecnh d\u00e1ng h\u1ea5p d\u1eabn. H\u01a1n n\u1eefa, k\u1ef9 thu\u1eadt x\u1eed l\u00fd r\u1ea3i v\u1ee5 c\u0169ng gi\u00fap \u0111\u1ea3m b\u1ea3o thu ho\u1ea1ch m\u00edt quanh n\u0103m.<\/p>\n<figure id=\"attachment_3153\" aria-describedby=\"caption-attachment-3153\" style=\"width: 500px\" class=\"wp-caption aligncenter\"><img loading=\"lazy\" decoding=\"async\" class=\"wp-image-3153\" src=\"http:\/\/localhost\/phucan713\/wp-content\/uploads\/2024\/04\/468369955_2411387542538368_281029622090531687_n-300x225.jpg\" alt=\"Thu mua m\u00edt th\u00e1i\" width=\"500\" height=\"375\" srcset=\"https:\/\/ktech4.k-tech-services.com\/phucan713\/wp-content\/uploads\/2024\/04\/468369955_2411387542538368_281029622090531687_n-300x225.jpg 300w, https:\/\/ktech4.k-tech-services.com\/phucan713\/wp-content\/uploads\/2024\/04\/468369955_2411387542538368_281029622090531687_n-1024x768.jpg 1024w, https:\/\/ktech4.k-tech-services.com\/phucan713\/wp-content\/uploads\/2024\/04\/468369955_2411387542538368_281029622090531687_n-768x576.jpg 768w, https:\/\/ktech4.k-tech-services.com\/phucan713\/wp-content\/uploads\/2024\/04\/468369955_2411387542538368_281029622090531687_n-1536x1152.jpg 1536w, https:\/\/ktech4.k-tech-services.com\/phucan713\/wp-content\/uploads\/2024\/04\/468369955_2411387542538368_281029622090531687_n-510x383.jpg 510w, https:\/\/ktech4.k-tech-services.com\/phucan713\/wp-content\/uploads\/2024\/04\/468369955_2411387542538368_281029622090531687_n.jpg 2048w\" sizes=\"auto, (max-width: 500px) 100vw, 500px\" \/><figcaption id=\"caption-attachment-3153\" class=\"wp-caption-text\">Thu mua m\u00edt th\u00e1i<\/figcaption><\/figure>\n<h2><strong><b>Kh\u00ed h\u1eadu v\u00e0 \u0111\u1ea5t tr\u1ed3ng th\u00edch h\u1ee3p v\u1edbi gi\u1ed1ng m\u00edt Th\u00e1i si\u00eau s\u1edbm<\/b><\/strong><\/h2>\n<p>M\u00edt Th\u00e1i si\u00eau s\u1edbm c\u00f3 kh\u1ea3 n\u0103ng th\u00edch \u1ee9ng v\u1edbi nhi\u1ec1u v\u00f9ng \u0111\u1ea5t, kh\u00ed h\u1eadu kh\u00e1c nhau t\u1ea1i Vi\u1ec7t Nam. Ch\u00fang ch\u1ecbu l\u1ea1nh cao nh\u01b0ng kh\u00f4ng ch\u1ecbu \u0111\u01b0\u1ee3c h\u1ea1n h\u00e1n.<\/p>\n<p>V\u1ec1 \u0111\u1ea5t tr\u1ed3ng, m\u00edt th\u00e1i si\u00eau s\u1edbm c\u00f3 th\u1ec3 th\u00edch \u1ee9ng v\u1edbi nhi\u1ec1u lo\u1ea1i \u0111\u1ea5t kh\u00e1c nhau, k\u1ec3 c\u1ea3 nh\u1eefng v\u00f9ng \u0111\u1ea5t ngh\u00e8o dinh d\u01b0\u1ee1ng. N\u00ean ch\u1ecdn \u0111\u1ea5t kh\u00f4 r\u00e1o, c\u00f3 kh\u1ea3 n\u0103ng tho\u00e1t n\u01b0\u1edbc t\u1ed1t v\u00e0 kh\u00f4ng ng\u1eadp \u00fang trong m\u00f9a m\u01b0a. M\u1ef1c n\u01b0\u1edbc c\u1ea7n \u0111\u01b0\u1ee3c duy tr\u00ec \u1edf c\u00e1ch m\u1eb7t \u0111\u1ea5t kho\u1ea3ng 2 \u2013 2,5 m\u00e9t, \u0111\u1ed9 pH l\u00fd t\u01b0\u1edfng l\u00e0 t\u1eeb 6 \u2013 7. Vi\u1ec7c ch\u1ee7 \u0111\u1ed9ng t\u01b0\u1edbi n\u01b0\u1edbc trong m\u00f9a kh\u00f4 l\u00e0 quan tr\u1ecdng \u0111\u1ec3 h\u1ed7 tr\u1ee3 qu\u00e1 tr\u00ecnh sinh tr\u01b0\u1edfng v\u00e0 ph\u00e1t tri\u1ec3n c\u1ee7a c\u00e2y m\u00edt.<\/p>\n<h2><strong><b>Kho\u1ea3ng c\u00e1ch tr\u1ed3ng c\u00e2y m\u00edt Th\u00e1i si\u00eau s\u1edbm<\/b><\/strong><\/h2>\n<p>Kho\u1ea3ng c\u00e1ch l\u00fd t\u01b0\u1edfng gi\u1eefa c\u00e1c c\u00e2y m\u00edt Th\u00e1i l\u00e0 4m x 4m. \u0110i\u1ec1u n\u00e0y gi\u00fap t\u1ed1i \u01b0u h\u00f3a s\u1ef1 ph\u00e2n b\u1ed1 kh\u00f4ng gian v\u00e0 t\u00e0i nguy\u00ean, t\u1ea1o \u0111i\u1ec1u ki\u1ec7n t\u1ed1t nh\u1ea5t cho s\u1ef1 ph\u00e1t tri\u1ec3n v\u00e0 s\u1ea3n xu\u1ea5t c\u1ee7a c\u00e2y m\u00edt. Nh\u01b0 v\u1eady, 1 hecta \u0111\u1ea5t tr\u1ed3ng \u0111\u01b0\u1ee3c kho\u1ea3ng 600 c\u00e2y m\u00edt th\u00e1i.<\/p>\n<p>Th\u1eddi \u0111i\u1ec3m tr\u1ed3ng m\u00edt Th\u00e1i: T\u1ed1t nh\u1ea5t l\u00e0 b\u1eaft \u0111\u1ea7u tr\u1ed3ng m\u00edt Th\u00e1i v\u00e0o \u0111\u1ea7u m\u00f9a m\u01b0a, t\u1eeb th\u00e1ng 5 \u0111\u1ebfn th\u00e1ng 7. \u0110\u1ed1i v\u1edbi nh\u1eefng v\u01b0\u1eddn c\u00f3 kh\u1ea3 n\u0103ng ki\u1ec3m so\u00e1t l\u01b0\u1ee3ng n\u01b0\u1edbc t\u01b0\u1edbi, b\u1ea1n c\u00f3 th\u1ec3 tr\u1ed3ng \u1edf b\u1ea5t k\u1ef3 th\u00e1ng n\u00e0o trong n\u0103m.<\/p>\n<h2><strong><b>Gi\u00e1 c\u00e2y gi\u1ed1ng m\u00edt Th\u00e1i si\u00eau s\u1edbm<\/b><\/strong><\/h2>\n<p>Gi\u00e1 c\u00e2y gi\u1ed1ng m\u00edt Th\u00e1i si\u00eau s\u1edbm t\u1ea1i v\u01b0\u1eddn Ph\u00fac An dao \u0111\u1ed9ng t\u1eeb 37.000 &#8211; 50.000\/ c\u00e2y. T\u00f9y theo l\u00f4 c\u00e2y, s\u1ed1 l\u01b0\u1ee3ng \u0111\u1eb7t s\u1ebd c\u00f3 m\u1ee9c gi\u00e1 kh\u00e1c nhau. Ch\u00fang t\u00f4i cam k\u1ebft lu\u00f4n gi\u1eef m\u1ee9c gi\u00e1 m\u1ec1m v\u1eeba t\u00fai ti\u1ec1n \u0111\u1ec3 m\u1ecdi kh\u00e1ch h\u00e0ng \u0111\u1ec1u c\u00f3 th\u1ec3 ch\u1ecdn mua nh\u1eefng c\u00e2y gi\u1ed1ng th\u1eadt t\u1ed1t cho khu v\u01b0\u1eddn c\u1ee7a m\u00ecnh.<\/p>\n<figure id=\"attachment_3145\" aria-describedby=\"caption-attachment-3145\" style=\"width: 375px\" class=\"wp-caption aligncenter\"><img loading=\"lazy\" decoding=\"async\" class=\"wp-image-3145\" src=\"http:\/\/localhost\/phucan713\/wp-content\/uploads\/2024\/04\/z5169697537795_2e6d053b4099e97da1e4a5725b9bbd29-225x300.jpg\" alt=\"C\u00e2y gi\u1ed1ng m\u00edt th\u00e1i si\u00eau s\u1edbm t\u1ea1i Ph\u00fac An\" width=\"375\" height=\"500\" srcset=\"https:\/\/ktech4.k-tech-services.com\/phucan713\/wp-content\/uploads\/2024\/04\/z5169697537795_2e6d053b4099e97da1e4a5725b9bbd29-225x300.jpg 225w, https:\/\/ktech4.k-tech-services.com\/phucan713\/wp-content\/uploads\/2024\/04\/z5169697537795_2e6d053b4099e97da1e4a5725b9bbd29-510x680.jpg 510w, https:\/\/ktech4.k-tech-services.com\/phucan713\/wp-content\/uploads\/2024\/04\/z5169697537795_2e6d053b4099e97da1e4a5725b9bbd29.jpg 720w\" sizes=\"auto, (max-width: 375px) 100vw, 375px\" \/><figcaption id=\"caption-attachment-3145\" class=\"wp-caption-text\">C\u00e2y gi\u1ed1ng m\u00edt th\u00e1i si\u00eau s\u1edbm t\u1ea1i Ph\u00fac An<\/figcaption><\/figure>\n<figure id=\"attachment_3146\" aria-describedby=\"caption-attachment-3146\" style=\"width: 375px\" class=\"wp-caption aligncenter\"><img loading=\"lazy\" decoding=\"async\" class=\"wp-image-3146\" src=\"http:\/\/localhost\/phucan713\/wp-content\/uploads\/2024\/04\/z5169697551530_f56e4995f4aab9c732d03e4a59474ccc-225x300.jpg\" alt=\"C\u00e2y gi\u1ed1ng m\u00edt th\u00e1i si\u00eau s\u1edbm Ph\u00fac An cung c\u1ea5p\" width=\"375\" height=\"500\" srcset=\"https:\/\/ktech4.k-tech-services.com\/phucan713\/wp-content\/uploads\/2024\/04\/z5169697551530_f56e4995f4aab9c732d03e4a59474ccc-225x300.jpg 225w, https:\/\/ktech4.k-tech-services.com\/phucan713\/wp-content\/uploads\/2024\/04\/z5169697551530_f56e4995f4aab9c732d03e4a59474ccc-510x680.jpg 510w, https:\/\/ktech4.k-tech-services.com\/phucan713\/wp-content\/uploads\/2024\/04\/z5169697551530_f56e4995f4aab9c732d03e4a59474ccc.jpg 720w\" sizes=\"auto, (max-width: 375px) 100vw, 375px\" \/><figcaption id=\"caption-attachment-3146\" class=\"wp-caption-text\">C\u00e2y gi\u1ed1ng m\u00edt th\u00e1i si\u00eau s\u1edbm Ph\u00fac An cung c\u1ea5p<\/figcaption><\/figure>\n<h2><strong><b>Mua c\u00e2y gi\u1ed1ng m\u00edt Th\u00e1i si\u00eau s\u1edbm \u1edf \u0111\u00e2u ch\u1ea5t l\u01b0\u1ee3ng?<\/b><\/strong><\/h2>\n<p>C\u00e2y gi\u1ed1ng Ph\u00fac An (SDT\/ Zalo 0962 888 014) cung c\u1ea5p c\u00e2y gi\u1ed1ng m\u00edt Th\u00e1i si\u00eau s\u1edbm ch\u1ea5t l\u01b0\u1ee3ng, \u0111\u01b0\u1ee3c b\u1ea3o h\u00e0nh \u0111\u00fang gi\u1ed1ng tr\u1ecdn \u0111\u1eddi. V\u01b0\u1eddn nh\u00e2n gi\u1ed1ng c\u1ee7a Ph\u00fac An \u0111\u01b0\u1ee3c ch\u1ecdn l\u1ef1a k\u1ef9 l\u01b0\u1ee1ng, l\u00e0 v\u01b0\u1eddn \u0111\u00e3 cho tr\u00e1i chu\u1ea9n v\u00e0 \u1ed5n \u0111\u1ecbnh. Bo gh\u00e9p \u0111\u01b0\u1ee3c tuy\u1ec3n ch\u1ecdn tr\u00f2n tr\u1ecba, xanh t\u1ed1t.<\/p>\n<p><span style=\"color: #008000;\"><strong><b>Ti\u00eau chu\u1ea9n C\u00e2y gi\u1ed1ng m\u00edt Th\u00e1i si\u00eau s\u1edbm \u0111\u01b0\u1ee3c cung c\u1ea5p b\u1edfi v\u01b0\u1eddn Ph\u00fac An<\/b><\/strong><\/span><\/p>\n<p>&#8211; \u0110\u01b0\u1eddng k\u00ednh g\u1ed1c t\u1eeb 1,3cm tr\u1edf l\u00ean<\/p>\n<p>&#8211; R\u1ec5 ph\u00e1t tri\u1ec3n m\u1ea1nh, v\u1ebft gh\u00e9p ti\u1ebfp h\u1ee3p t\u1ed1t, l\u00e1 \u0111ang chuy\u1ec3n gi\u00e0 kh\u00f4ng s\u00e2u b\u1ec7nh<\/p>\n<p>&#8211; Chi\u1ec1u cao t\u01b0\u1ee3c gh\u00e9p t\u1eeb 20cm, c\u00f3 t\u1eeb 3 c\u1eb7p l\u00e1.<\/p>\n<figure id=\"attachment_3149\" aria-describedby=\"caption-attachment-3149\" style=\"width: 377px\" class=\"wp-caption aligncenter\"><img loading=\"lazy\" decoding=\"async\" class=\"wp-image-3149\" src=\"http:\/\/localhost\/phucan713\/wp-content\/uploads\/2024\/04\/z5199555630159_426f9fceee5fd2e3c0ba4ec27ed70a70-226x300.jpg\" alt=\"M\u00edt th\u00e1i Ph\u00fac An giao t\u1edbi nh\u00e0 cho kh\u00e1ch\" width=\"377\" height=\"500\" srcset=\"https:\/\/ktech4.k-tech-services.com\/phucan713\/wp-content\/uploads\/2024\/04\/z5199555630159_426f9fceee5fd2e3c0ba4ec27ed70a70-226x300.jpg 226w, https:\/\/ktech4.k-tech-services.com\/phucan713\/wp-content\/uploads\/2024\/04\/z5199555630159_426f9fceee5fd2e3c0ba4ec27ed70a70-771x1024.jpg 771w, https:\/\/ktech4.k-tech-services.com\/phucan713\/wp-content\/uploads\/2024\/04\/z5199555630159_426f9fceee5fd2e3c0ba4ec27ed70a70-768x1020.jpg 768w, https:\/\/ktech4.k-tech-services.com\/phucan713\/wp-content\/uploads\/2024\/04\/z5199555630159_426f9fceee5fd2e3c0ba4ec27ed70a70-1157x1536.jpg 1157w, https:\/\/ktech4.k-tech-services.com\/phucan713\/wp-content\/uploads\/2024\/04\/z5199555630159_426f9fceee5fd2e3c0ba4ec27ed70a70-1542x2048.jpg 1542w, https:\/\/ktech4.k-tech-services.com\/phucan713\/wp-content\/uploads\/2024\/04\/z5199555630159_426f9fceee5fd2e3c0ba4ec27ed70a70-510x677.jpg 510w, https:\/\/ktech4.k-tech-services.com\/phucan713\/wp-content\/uploads\/2024\/04\/z5199555630159_426f9fceee5fd2e3c0ba4ec27ed70a70.jpg 1928w\" sizes=\"auto, (max-width: 377px) 100vw, 377px\" \/><figcaption id=\"caption-attachment-3149\" class=\"wp-caption-text\">M\u00edt th\u00e1i Ph\u00fac An giao t\u1edbi nh\u00e0 cho kh\u00e1ch<\/figcaption><\/figure>\n<p>C\u00e2y tr\u1ea3i qua qu\u00e1 tr\u00ecnh nh\u00e2n gi\u1ed1ng, d\u01b0\u1ee1ng c\u00e2y con, x\u1ea3 n\u1eafng ho\u00e0n ch\u1ec9nh. \u0110\u1ebfn tay c\u00f4 b\u00e1c s\u1ebd l\u00e0 t\u1eebng c\u00e2y \u0111\u00e3 c\u1ee9ng c\u00e1p \u0111\u00e3 ra c\u01a1i ch\u1ed3i m\u1edbi. Qu\u00fd c\u00f4 b\u00e1c c\u00f3 th\u1ec3 li\u00ean h\u1ec7 tr\u1ef1c ti\u1ebfp qua SDT\/ Zalo 0962 888 014 (<a href=\"http:\/\/localhost\/phucan713\/\" target=\"_blank\" rel=\"noopener\">c\u00e2y gi\u1ed1ng Ph\u00fac An<\/a>) \u0111\u1ec3 ch\u00fang t\u00f4i t\u01b0 v\u1ea5n v\u00e0 b\u00e1o gi\u00e1 c\u1ee5 th\u1ec3. Xin c\u1ea3m \u01a1n qu\u00fd c\u00f4 b\u00e1c \u0111\u00e3 \u0111\u1eb7t ni\u1ec1m tin v\u1edbi nh\u00e0 v\u01b0\u1eddn Ph\u00fac An.<\/p>\n<p>&gt;&gt; M\u1eddi b\u1ea1n \u0111\u1ecdc th\u00eam: <a href=\"https:\/\/www.vietnamplus.vn\/dong-thap-gia-mit-thai-sau-tet-nguyen-dan-at-ty-tang-manh-post1012366.vnp\" target=\"_blank\" rel=\"noopener\"><span style=\"color: #000080;\"><em><strong>\u0110\u1ed3ng Th\u00e1p: Gi\u00e1 m\u00edt Th\u00e1i sau T\u1ebft Nguy\u00ean \u0111\u00e1n \u1ea4t T\u1ef5 t\u0103ng m\u1ea1nh<\/strong><\/em><\/span><\/a><\/p>\n","protected":false},"excerpt":{"rendered":"<p>* Gi\u00e1 tham kh\u1ea3o cho s\u1ed1 l\u01b0\u1ee3ng t\u1eeb 30 c\u00e2y, c\u00f3 th\u1ec3 thay \u0111\u1ed5i theo th\u1eddi \u0111i\u1ec3m<br \/>\n* Ch\u01b0a bao g\u1ed3m ph\u00ed v\u1eadn chuy\u1ec3n (t\u00f9y theo s\u1ed1 l\u01b0\u1ee3ng c\u00e2y v\u00e0 \u0111\u1ecba \u0111i\u1ec3m giao h\u00e0ng)<\/p>\n","protected":false},"featured_media":1417,"comment_status":"open","ping_status":"closed","template":"","meta":[],"product_brand":[],"product_cat":[75],"product_tag":[78],"class_list":{"0":"post-1415","1":"product","2":"type-product","3":"status-publish","4":"has-post-thumbnail","6":"product_cat-giong-mit","7":"product_tag-giong-mit-thai-sieu-som","9":"first","10":"instock","11":"shipping-taxable","12":"purchasable","13":"product-type-simple"},"_links":{"self":[{"href":"https:\/\/ktech4.k-tech-services.com\/phucan713\/wp-json\/wp\/v2\/product\/1415","targetHints":{"allow":["GET"]}}],"collection":[{"href":"https:\/\/ktech4.k-tech-services.com\/phucan713\/wp-json\/wp\/v2\/product"}],"about":[{"href":"https:\/\/ktech4.k-tech-services.com\/phucan713\/wp-json\/wp\/v2\/types\/product"}],"replies":[{"embeddable":true,"href":"https:\/\/ktech4.k-tech-services.com\/phucan713\/wp-json\/wp\/v2\/comments?post=1415"}],"wp:featuredmedia":[{"embeddable":true,"href":"https:\/\/ktech4.k-tech-services.com\/phucan713\/wp-json\/"}],"wp:attachment":[{"href":"https:\/\/ktech4.k-tech-services.com\/phucan713\/wp-json\/wp\/v2\/media?parent=1415"}],"wp:term":[{"taxonomy":"product_brand","embeddable":true,"href":"https:\/\/ktech4.k-tech-services.com\/phucan713\/wp-json\/wp\/v2\/product_brand?post=1415"},{"taxonomy":"product_cat","embeddable":true,"href":"https:\/\/ktech4.k-tech-services.com\/phucan713\/wp-json\/wp\/v2\/product_cat?post=1415"},{"taxonomy":"product_tag","embeddable":true,"href":"https:\/\/ktech4.k-tech-services.com\/phucan713\/wp-json\/wp\/v2\/product_tag?post=1415"}],"curies":[{"name":"wp","href":"https:\/\/api.w.org\/{rel}","templated":true}]}}