{"id":1426,"date":"2024-04-01T10:10:04","date_gmt":"2024-04-01T10:10:04","guid":{"rendered":"https:\/\/caygiongphucan.com\/?post_type=product&amp;p=1426"},"modified":"2024-04-01T10:10:04","modified_gmt":"2024-04-01T10:10:04","slug":"cay-giong-vu-sua-bo-hong","status":"publish","type":"product","link":"https:\/\/ktech4.k-tech-services.com\/phucan713\/san-pham\/cay-giong-vu-sua-bo-hong\/","title":{"rendered":"C\u00e2y gi\u1ed1ng v\u00fa s\u1eefa b\u01a1 h\u1ed3ng"},"content":{"rendered":"<p>Tr\u00e1i to, m\u00e0u h\u1ed3ng \u0111\u1eb9p, h\u01b0\u01a1ng v\u1ecb th\u01a1m ngon l\u00e0 nh\u1eefng \u01b0u \u0111i\u1ec3m n\u1ed5i b\u1eadt gi\u00fap v\u00fa s\u1eefa b\u01a1 h\u1ed3ng tr\u1edf th\u00e0nh lo\u1ea1i tr\u00e1i c\u00e2y \u0111\u1eb7c s\u1ea3n \u0111\u01b0\u1ee3c th\u1ecb tr\u01b0\u1eddng \u01b0a chu\u1ed9ng, c\u00f3 \u0111\u1ea7u ra \u1ed5n \u0111\u1ecbnh l\u00e2u d\u00e0i \u0111em l\u1ea1i thu nh\u1eadp cao cho ng\u01b0\u1eddi tr\u1ed3ng. M\u1eddi b\u00e0 con t\u00ecm hi\u1ec3u v\u1ec1 gi\u1ed1ng v\u00fa s\u1eefa b\u01a1 h\u1ed3ng nh\u00e9!<\/p>\n<h2>\u0110\u1eb7c \u0111i\u1ec3m gi\u1ed1ng v\u00fa s\u1eefa b\u01a1 h\u1ed3ng<\/h2>\n<p>L\u00e0 lo\u1ea1i c\u00e2y tr\u1ed3ng l\u1edbn nhanh, t\u00e1n l\u00e1 r\u1ed9ng, chi\u1ec1u cao l\u00ean t\u1edbi 10 &#8211; 15 m\u00e9t. Tr\u1ed3ng khai th\u00e1c kinh t\u1ebf b\u00e0 con th\u01b0\u1eddng kh\u1ed1ng ch\u1ebf chi\u1ec1u cao, t\u1ec9a c\u00e0nh t\u1ea1o t\u00e1n \u0111\u1ec3 d\u1ec5 ch\u0103m s\u00f3c v\u00e0 thu ho\u1ea1ch.<\/p>\n<p>Gi\u1ed1ng v\u00fa s\u1eefa b\u01a1 h\u1ed3ng cho tr\u00e1i to, tr\u1ecdng l\u01b0\u1ee3ng tr\u00e1i trung b\u00ecnh 300-500gram. Khi tr\u00e1i ch\u00edn c\u00f3 m\u00e0u h\u1ed3ng nh\u1ea1t, v\u1ecf kh\u00e1 m\u1ecfng, \u00edt m\u1ee7, c\u01a1m v\u00fa s\u1eefa m\u1ec1m m\u1ea1i c\u00f3 v\u1ecb ng\u1ecdt ng\u00e0o, c\u00f3 h\u01b0\u01a1ng th\u01a1m m\u00e1t v\u00e0 beo b\u00e9o c\u1ee7a b\u01a1 s\u1eefa.<\/p>\n<figure id=\"attachment_1565\" aria-describedby=\"caption-attachment-1565\" style=\"width: 450px\" class=\"wp-caption aligncenter\"><img loading=\"lazy\" decoding=\"async\" class=\"wp-image-1565\" src=\"http:\/\/localhost\/phucan713\/wp-content\/uploads\/2024\/04\/391587423_323912330233054_9110100481086373696_n-768x1024.jpg\" alt=\"Tr\u00e1i v\u00fa s\u1eefa b\u01a1 h\u1ed3ng to tr\u00f2n c\u0103ng b\u00f3ng\" width=\"450\" height=\"600\" \/><figcaption id=\"caption-attachment-1565\" class=\"wp-caption-text\">Tr\u00e1i v\u00fa s\u1eefa b\u01a1 h\u1ed3ng to tr\u00f2n c\u0103ng b\u00f3ng<\/figcaption><\/figure>\n<p>Ph\u1ea7n th\u1ecbt c\u1ee7a v\u00fa s\u1eefa b\u01a1 h\u1ed3ng r\u1ea5t nhi\u1ec1u, v\u1ecb ng\u1ecdt h\u01a1n gi\u1ed1ng l\u00f2 r\u00e8n, \u0111\u1ed9 ng\u1ecdt cao nh\u01b0ng theo ki\u1ec3u ng\u1ecdt thanh m\u00e1t ch\u1ee9 kh\u00f4ng g\u00e2y g\u1eaft.<\/p>\n<p>(*Theo k\u1ebft qu\u1ea3 ph\u00e2n t\u00edch c\u1ee7a Vi\u1ec7n Nghi\u00ean c\u1ee9u c\u00e2y \u0103n qu\u1ea3 mi\u1ec1n Nam (SOFRI), thu\u1ed9c B\u1ed9 N\u00f4ng nghi\u1ec7p v\u00e0 Ph\u00e1t tri\u1ec3n n\u00f4ng th\u00f4n th\u00ec \u0111\u1ed9 ng\u1ecdt c\u1ee7a gi\u1ed1ng v\u00fa s\u1eefa b\u01a1 h\u1ed3ng \u0111\u1ea1t 17,78%, v\u00fa s\u1eefa L\u00f2 R\u00e8n \u0111\u1ea1t 15,2%).<\/p>\n<h2>V\u00fa s\u1eefa b\u01a1 h\u1ed3ng\u00a0tr\u1ed3ng bao l\u00e2u c\u00f3 tr\u00e1i?<\/h2>\n<p>Sau 2 n\u0103m tr\u1ed3ng t\u1eeb c\u00e2y gh\u00e9p, v\u00fa s\u1eefa b\u01a1 h\u1ed3ng b\u1eaft \u0111\u1ea7u cho nh\u1eefng tr\u00e1i \u0111\u1ea7u ti\u00ean. Tuy nhi\u00ean, ta n\u00ean nu\u00f4i c\u00e2y \u0111\u1ebfn 3 n\u0103m tu\u1ed5i h\u00e3y cho c\u00e2y mang tr\u00e1i nhi\u1ec1u. \u0110\u1ec3 c\u00e2y \u0111\u1ee7 s\u1ee9c v\u00e0 ch\u1ea5t l\u01b0\u1ee3ng tr\u00e1i \u0111\u01b0\u1ee3c \u0111\u1ea3m b\u1ea3o, v\u1ec1 sau c\u0169ng kh\u00f4ng b\u1ecb suy c\u00e2y.<\/p>\n<p>Ch\u00ednh v\u1ee5 thu ho\u1ea1ch c\u1ee7a v\u00fa s\u1eefa b\u01a1 h\u1ed3ng b\u1eaft \u0111\u1ea7u t\u1eeb th\u00e1ng 11 (\u00e2m l\u1ecbch) k\u00e9o d\u00e0i \u0111\u1ebfn th\u00e1ng 3 n\u0103m sau.<\/p>\n<p>Gi\u1ed1ng v\u00fa s\u1eefa b\u01a1 h\u1ed3ng c\u00f3 th\u1ec3 x\u1eed l\u00fd cho tr\u00e1i r\u1ea3i v\u1ee5 \u0111\u1ec3 tr\u00e1nh t\u00ecnh tr\u1ea1ng \u201cd\u1ed9i ch\u1ee3\u201d, \u0111\u00e2y c\u0169ng l\u00e0 m\u1ed9t \u01b0u \u0111i\u1ec3m c\u1ee7a gi\u1ed1ng n\u00e0y.<\/p>\n<h2>N\u0103ng su\u1ea5t gi\u1ed1ng v\u00fa s\u1eefa b\u01a1 h\u1ed3ng<\/h2>\n<p>V\u00fa s\u1eefa b\u01a1 h\u1ed3ng c\u00f3 n\u0103ng su\u1ea5t r\u1ea5t cao. Trung b\u00ecnh m\u1ed7i c\u00e2y tr\u01b0\u1edfng th\u00e0nh kho\u1ea3ng 5\u00a0n\u0103m tu\u1ed5i c\u00f3 th\u1ec3 cho 120kg-150kg\u00a0tr\u00e1i. \u0110\u1ebfn 8 n\u0103m tu\u1ed5i c\u00f3 th\u1ec3 cho\u00a0t\u1edbi\u00a0300kg tr\u00e1i\/ c\u00e2y\/ n\u0103m.<\/p>\n<h2>Kh\u00ed h\u1eadu v\u00e0 \u0111\u1ea5t tr\u1ed3ng th\u00edch h\u1ee3p v\u1edbi gi\u1ed1ng v\u00fa s\u1eefa b\u01a1 h\u1ed3ng<\/h2>\n<p>Lo\u1ea1i \u0111\u1ea5t th\u00edch h\u1ee3p v\u1edbi gi\u1ed1ng v\u00fa s\u1eefa b\u01a1 h\u1ed3ng l\u00e0 \u0111\u1ea5t ph\u00f9 sa, \u0111\u1ea5t th\u1ecbt nh\u1eb9, \u0111\u1ea5t c\u00f3 t\u1ea7ng canh t\u00e1c d\u00e0y, khu v\u1ef1c tho\u00e1t n\u01b0\u1edbc t\u1ed1t. pH \u0111\u1ea5t l\u00fd t\u01b0\u1edfng l\u00e0 5,5 \u0111\u1ebfn 6,5. \u00a0Tr\u00e1nh tr\u1ed3ng \u1edf nh\u1eefng khu v\u1ef1c c\u00f3 nguy c\u01a1 ng\u1eadp \u00fang hay kh\u1ea3 n\u0103ng tho\u00e1t n\u01b0\u1edbc k\u00e9m v\u00ec v\u00fa s\u1eefa kh\u00f4ng ch\u1ecbu \u0111\u01b0\u1ee3c ng\u1eadp \u00fang.<\/p>\n<h2>Kho\u1ea3ng c\u00e1ch tr\u1ed3ng v\u00fa s\u1eefa b\u01a1 h\u1ed3ng<\/h2>\n<p>Kho\u1ea3ng c\u00e1ch gi\u1eefa c\u00e1c c\u00e2y: Th\u00f4ng th\u01b0\u1eddng, kho\u1ea3ng c\u00e1ch gi\u1eefa c\u00e1c c\u00e2y v\u00fa s\u1eefa n\u00ean l\u00e0 6m\/ c\u00e2y. Kho\u1ea3ng c\u00e1ch n\u00e0y ph\u00f9 h\u1ee3p \u0111\u1ec3 t\u1ed1i \u01b0u h\u00f3a vi\u1ec7c ph\u00e1t tri\u1ec3n t\u00e1n l\u00e1 v\u00e0 h\u1ec7 th\u1ed1ng r\u1ec5 c\u1ee7a c\u00e2y, \u0111\u1ed3ng th\u1eddi gi\u00fap tr\u00e1nh s\u1ef1 l\u00e2y lan c\u1ee7a b\u1ec7nh t\u1eeb c\u00e2y n\u00e0y sang c\u00e2y kh\u00e1c.<\/p>\n<p>Kho\u1ea3ng c\u00e1ch gi\u1eefa c\u00e1c h\u00e0ng: Kho\u1ea3ng c\u00e1ch gi\u1eefa c\u00e1c h\u00e0ng c\u00e2y c\u0169ng n\u00ean \u0111\u01b0\u1ee3c gi\u1eef \u1edf m\u1ee9c t\u1eeb 6 \u0111\u1ebfn 8 m\u00e9t. \u0110i\u1ec1u n\u00e0y kh\u00f4ng ch\u1ec9 gi\u00fap cho vi\u1ec7c ch\u0103m s\u00f3c c\u00e2y d\u1ec5 d\u00e0ng h\u01a1n m\u00e0 c\u00f2n t\u1ea1o \u0111i\u1ec1u ki\u1ec7n thu\u1eadn l\u1ee3i cho vi\u1ec7c thu ho\u1ea1ch v\u00e0 th\u1ef1c hi\u1ec7n c\u00e1c bi\u1ec7n ph\u00e1p b\u1ea3o v\u1ec7 th\u1ef1c v\u1eadt.<\/p>\n<h2>Gi\u00e1 c\u00e2y gi\u1ed1ng v\u00fa s\u1eefa b\u01a1 h\u1ed3ng<\/h2>\n<p>Gi\u00e1 c\u00e2y gi\u1ed1ng v\u00fa s\u1eefa b\u01a1 h\u1ed3ng\u00a0t\u1ea1i v\u01b0\u1eddn Ph\u00fac An dao \u0111\u1ed9ng t\u1eeb 35.000 &#8211; 40.000\/ c\u00e2y. T\u00f9y theo l\u00f4 c\u00e2y, s\u1ed1 l\u01b0\u1ee3ng \u0111\u1eb7t s\u1ebd c\u00f3 m\u1ee9c gi\u00e1 kh\u00e1c nhau. Ch\u00fang t\u00f4i cam k\u1ebft lu\u00f4n gi\u1eef m\u1ee9c gi\u00e1 v\u1eeba t\u00fai ti\u1ec1n \u0111\u1ec3 m\u1ecdi kh\u00e1ch h\u00e0ng \u0111\u1ec1u c\u00f3 th\u1ec3 ch\u1ecdn mua nh\u1eefng c\u00e2y gi\u1ed1ng th\u1eadt t\u1ed1t cho khu v\u01b0\u1eddn c\u1ee7a m\u00ecnh.<\/p>\n<h2>Mua c\u00e2y gi\u1ed1ng v\u00fa s\u1eefa b\u01a1 h\u1ed3ng\u00a0\u1edf \u0111\u00e2u ch\u1ea5t l\u01b0\u1ee3ng?<\/h2>\n<p>C\u00e2y gi\u1ed1ng Ph\u00fac An cung c\u1ea5p c\u00e2y gi\u1ed1ng v\u00fa s\u1eefa b\u01a1 h\u1ed3ng\u00a0ch\u1ea5t l\u01b0\u1ee3ng, \u0111\u01b0\u1ee3c b\u1ea3o h\u00e0nh \u0111\u00fang gi\u1ed1ng tr\u1ecdn \u0111\u1eddi. V\u01b0\u1eddn nh\u00e2n gi\u1ed1ng c\u1ee7a Ph\u00fac An \u0111\u01b0\u1ee3c ch\u1ecdn l\u1ef1a k\u1ef9 l\u01b0\u1ee1ng, l\u00e0 v\u01b0\u1eddn \u0111\u00e3 cho tr\u00e1i chu\u1ea9n v\u00e0 \u1ed5n \u0111\u1ecbnh. C\u00e0nh gh\u00e9p \u0111\u01b0\u1ee3c tuy\u1ec3n ch\u1ecdn kh\u1ecfe m\u1ea1nh xanh t\u1ed1t.<\/p>\n<figure id=\"attachment_1566\" aria-describedby=\"caption-attachment-1566\" style=\"width: 452px\" class=\"wp-caption aligncenter\"><img loading=\"lazy\" decoding=\"async\" class=\"wp-image-1566\" src=\"http:\/\/localhost\/phucan713\/wp-content\/uploads\/2024\/04\/361667571_1591120207963750_2473696153791911719_n-771x1024.jpg\" alt=\"C\u00e2y gi\u1ed1ng v\u00fa s\u1eefa b\u01a1 h\u1ed3ng Ph\u00fac An cung c\u1ea5p\" width=\"452\" height=\"600\" \/><figcaption id=\"caption-attachment-1566\" class=\"wp-caption-text\">C\u00e2y gi\u1ed1ng v\u00fa s\u1eefa b\u01a1 h\u1ed3ng Ph\u00fac An cung c\u1ea5p<\/figcaption><\/figure>\n<p>Ti\u00eau chu\u1ea9n C\u00e2y gi\u1ed1ng v\u00fa s\u1eefa b\u01a1 h\u1ed3ng\u00a0\u0111\u01b0\u1ee3c cung c\u1ea5p b\u1edfi v\u01b0\u1eddn Ph\u00fac An:<\/p>\n<p>&#8211; Chi\u1ec1u cao c\u00e2y gi\u1ed1ng t\u1eeb 50-70cm<\/p>\n<p>&#8211; C\u00e2y nu\u00f4i b\u1ea7u<\/p>\n<p>&#8211; R\u1ec5 ph\u00e1t tri\u1ec3n m\u1ea1nh, v\u1ebft gh\u00e9p ti\u1ebfp h\u1ee3p t\u1ed1t, l\u00e1 \u0111ang chuy\u1ec3n gi\u00e0 kh\u00f4ng s\u00e2u b\u1ec7nh<\/p>\n<p>C\u00e2y tr\u1ea3i qua quy tr\u00ecnh nh\u00e2n gi\u1ed1ng, d\u01b0\u1ee1ng c\u00e2y con, x\u1ea3 n\u1eafng ho\u00e0n ch\u1ec9nh. \u0110\u1ebfn tay c\u00f4 b\u00e1c s\u1ebd l\u00e0 t\u1eebng c\u00e2y \u0111\u00e3 c\u1ee9ng c\u00e1p \u0111\u00e3 ra c\u01a1i ch\u1ed3i m\u1edbi.<br \/>\nQu\u00fd c\u00f4 b\u00e1c c\u00f3 th\u1ec3 li\u00ean h\u1ec7 tr\u1ef1c ti\u1ebfp qua SDT\/ Zalo 0962.888.014 (<a href=\"http:\/\/localhost\/phucan713\/\" target=\"_blank\" rel=\"noopener\">C\u00e2y Gi\u1ed1ng Ph\u00fac An<\/a>) \u0111\u1ec3 ch\u00fang t\u00f4i t\u01b0 v\u1ea5n v\u00e0 b\u00e1o gi\u00e1 c\u1ee5 th\u1ec3. Xin c\u1ea3m \u01a1n qu\u00fd c\u00f4 b\u00e1c \u0111\u00e3 \u0111\u1eb7t ni\u1ec1m tin v\u1edbi nh\u00e0 v\u01b0\u1eddn.<\/p>\n<p>&gt;&gt; M\u1eddi b\u1ea1n \u0111\u1ecdc th\u00eam: <a href=\"https:\/\/kienthuc.net.vn\/loai-cay-dac-san-soc-trang-hai-10-tan-lai-350-trieu-post962561.html\" target=\"_blank\" rel=\"noopener\"><span style=\"color: #000080;\"><em><strong>Lo\u1ea1i c\u00e2y \u0111\u1eb7c s\u1ea3n S\u00f3c Tr\u0103ng h\u00e1i 10 t\u1ea5n, l\u00e3i 350 tri\u1ec7u<\/strong><\/em><\/span><\/a><\/p>\n","protected":false},"excerpt":{"rendered":"<p>* Gi\u00e1 tham kh\u1ea3o cho s\u1ed1 l\u01b0\u1ee3ng t\u1eeb 30 c\u00e2y, c\u00f3 th\u1ec3 thay \u0111\u1ed5i theo th\u1eddi \u0111i\u1ec3m<br \/>\n* Ch\u01b0a bao g\u1ed3m ph\u00ed v\u1eadn chuy\u1ec3n (t\u00f9y theo s\u1ed1 l\u01b0\u1ee3ng c\u00e2y v\u00e0 \u0111\u1ecba \u0111i\u1ec3m giao h\u00e0ng)<\/p>\n","protected":false},"featured_media":1964,"comment_status":"open","ping_status":"closed","template":"","meta":[],"product_brand":[],"product_cat":[103],"product_tag":[105],"class_list":{"0":"post-1426","1":"product","2":"type-product","3":"status-publish","4":"has-post-thumbnail","6":"product_cat-giong-vu-sua","7":"product_tag-giong-vu-sua-bo-hong","9":"first","10":"instock","11":"shipping-taxable","12":"purchasable","13":"product-type-simple"},"_links":{"self":[{"href":"https:\/\/ktech4.k-tech-services.com\/phucan713\/wp-json\/wp\/v2\/product\/1426","targetHints":{"allow":["GET"]}}],"collection":[{"href":"https:\/\/ktech4.k-tech-services.com\/phucan713\/wp-json\/wp\/v2\/product"}],"about":[{"href":"https:\/\/ktech4.k-tech-services.com\/phucan713\/wp-json\/wp\/v2\/types\/product"}],"replies":[{"embeddable":true,"href":"https:\/\/ktech4.k-tech-services.com\/phucan713\/wp-json\/wp\/v2\/comments?post=1426"}],"wp:featuredmedia":[{"embeddable":true,"href":"https:\/\/ktech4.k-tech-services.com\/phucan713\/wp-json\/"}],"wp:attachment":[{"href":"https:\/\/ktech4.k-tech-services.com\/phucan713\/wp-json\/wp\/v2\/media?parent=1426"}],"wp:term":[{"taxonomy":"product_brand","embeddable":true,"href":"https:\/\/ktech4.k-tech-services.com\/phucan713\/wp-json\/wp\/v2\/product_brand?post=1426"},{"taxonomy":"product_cat","embeddable":true,"href":"https:\/\/ktech4.k-tech-services.com\/phucan713\/wp-json\/wp\/v2\/product_cat?post=1426"},{"taxonomy":"product_tag","embeddable":true,"href":"https:\/\/ktech4.k-tech-services.com\/phucan713\/wp-json\/wp\/v2\/product_tag?post=1426"}],"curies":[{"name":"wp","href":"https:\/\/api.w.org\/{rel}","templated":true}]}}