{"id":1432,"date":"2024-04-01T10:15:07","date_gmt":"2024-04-01T10:15:07","guid":{"rendered":"https:\/\/caygiongphucan.com\/?post_type=product&amp;p=1432"},"modified":"2024-04-01T10:15:07","modified_gmt":"2024-04-01T10:15:07","slug":"giong-chom-chom-thai","status":"publish","type":"product","link":"https:\/\/ktech4.k-tech-services.com\/phucan713\/san-pham\/giong-chom-chom-thai\/","title":{"rendered":"C\u00e2y gi\u1ed1ng ch\u00f4m ch\u00f4m th\u00e1i"},"content":{"rendered":"<p><em>Gi\u1ed1ng ch\u00f4m ch\u00f4m Th\u00e1i l\u00e0 m\u1ed9t trong nh\u1eefng gi\u1ed1ng c\u00e2y \u0103n tr\u00e1i nhi\u1ec7t \u0111\u1edbi c\u00f3 gi\u00e1 tr\u1ecb kinh t\u1ebf cao, \u0111\u01b0\u1ee3c nhi\u1ec1u nh\u00e0 v\u01b0\u1eddn \u01b0a chu\u1ed9ng nh\u1edd kh\u1ea3 n\u0103ng th\u00edch nghi t\u1ed1t v\u00e0 cho n\u0103ng su\u1ea5t \u1ed5n \u0111\u1ecbnh. Gi\u1ed1ng ch\u00f4m ch\u00f4m n\u00e0y c\u00f3 ngu\u1ed3n g\u1ed1c t\u1eeb Th\u00e1i Lan, n\u1ed5i b\u1eadt v\u1edbi tr\u00e1i to, c\u01a1m d\u00e0y, v\u1ecb ng\u1ecdt thanh v\u00e0 \u00edt h\u1ea1t, ph\u00f9 h\u1ee3p v\u1edbi th\u1ecb hi\u1ebfu ng\u01b0\u1eddi ti\u00eau d\u00f9ng.<\/em><\/p>\n<h2><strong><b>\u0110\u1eb7c \u0111i\u1ec3m c\u1ee7a gi\u1ed1ng ch\u00f4m ch\u00f4m th\u00e1i<\/b><\/strong><\/h2>\n<figure id=\"attachment_1437\" aria-describedby=\"caption-attachment-1437\" style=\"width: 403px\" class=\"wp-caption aligncenter\"><img loading=\"lazy\" decoding=\"async\" class=\"wp-image-1437\" src=\"http:\/\/localhost\/phucan713\/wp-content\/uploads\/2024\/04\/343066690_765150065285590_1664768878356128760_n-242x300.jpg\" alt=\"C\u1eadn c\u1ea3nh tr\u00e1i ch\u00f4m ch\u00f4m Th\u00e1i\" width=\"403\" height=\"500\" \/><figcaption id=\"caption-attachment-1437\" class=\"wp-caption-text\">C\u1eadn c\u1ea3nh tr\u00e1i ch\u00f4m ch\u00f4m Th\u00e1i<\/figcaption><\/figure>\n<p>Ch\u00f4m ch\u00f4m th\u00e1i, c\u00f2n \u0111\u01b0\u1ee3c bi\u1ebft \u0111\u1ebfn v\u1edbi c\u00e1i t\u00ean th\u00e2n thu\u1ed9c &#8220;ch\u00f4m ch\u00f4m tr\u00f3c v\u1ecf&#8221;, thu h\u00fat ng\u01b0\u1eddi ti\u00eau d\u00f9ng b\u1edfi \u0111\u1eb7c \u0111i\u1ec3m ph\u1ea7n th\u1ecbt d\u1ec5 tr\u00f3c h\u01a1n so v\u1edbi c\u00e1c lo\u1ea1i ch\u00f4m ch\u00f4m kh\u00e1c.<\/p>\n<p>Tr\u00e1i ch\u00f4m ch\u00f4m th\u00e1i \u0111\u01b0\u1ee3c bao b\u1ecdc b\u1edfi l\u1edbp v\u1ecf d\u00e0y, th\u01b0\u1eddng c\u00f3 m\u00e0u \u0111\u1ecf s\u1eadm ho\u1eb7c \u0111\u1ecf cam v\u00e0 \u0111\u01b0\u1ee3c ph\u1ee7 nhi\u1ec1u gai m\u00e0u xanh.<\/p>\n<p>Ch\u00f4m ch\u00f4m th\u00e1i n\u1ed5i ti\u1ebfng v\u1edbi v\u1ecb ng\u1ecdt thanh, th\u01a1m d\u1ecbu, kh\u00f4ng c\u00f3 v\u1ecb chua. Ph\u1ea7n th\u1ecbt c\u1ee7a tr\u00e1i ch\u00f4m ch\u00f4m th\u00e1i c\u00f3 \u0111\u1ed9 gi\u00f2n gi\u00f2n, m\u1ecdng n\u01b0\u1edbc v\u00e0 r\u1ea5t d\u1ec5 tr\u00f3c v\u1edbi ph\u1ea7n h\u1ea1t nh\u1ecf. V\u1edbi h\u01b0\u01a1ng v\u1ecb ng\u1ecdt thanh d\u1ecbu nh\u1eb9, k\u1ebft h\u1ee3p c\u00f9ng \u0111\u1ed9 gi\u00f2n gi\u00f2n d\u1ec5 tr\u00f3c, ch\u00f4m ch\u00f4m tr\u1edf th\u00e0nh m\u1ed9t l\u1ef1a ch\u1ecdn tr\u00e1ng mi\u1ec7ng l\u00fd t\u01b0\u1edfng cho nh\u1eefng ng\u01b0\u1eddi y\u00eau th\u00edch tr\u00e1i c\u00e2y.<\/p>\n<h2><strong><b>L\u1ee3i \u00edch s\u1ee9c kh\u1ecfe t\u1eeb tr\u00e1i ch\u00f4m ch\u00f4m th\u00e1i<\/b><\/strong><\/h2>\n<p>Gi\u00e0u dinh d\u01b0\u1ee1ng, vitamin, kho\u00e1ng ch\u1ea5t v\u00e0 ch\u1ea5t x\u01a1.<\/p>\n<p>T\u0103ng c\u01b0\u1eddng h\u1ec7 mi\u1ec5n d\u1ecbch, t\u1ed1t cho tim m\u1ea1ch, x\u01b0\u01a1ng kh\u1edbp, da v\u00e0 t\u00f3c.<\/p>\n<p>H\u1ed7 tr\u1ee3 gi\u1ea3m c\u00e2n, gi\u1ea3m c\u0103ng th\u1eb3ng, m\u1ec7t m\u1ecfi, \u0111i\u1ec1u tr\u1ecb b\u1ec7nh ti\u1ec3u \u0111\u01b0\u1eddng, ng\u0103n ng\u1eeba s\u1ecfi th\u1eadn.<\/p>\n<h2><strong><b>C\u00e2y ch\u00f4m ch\u00f4m th\u00e1i tr\u1ed3ng bao l\u00e2u c\u00f3 tr\u00e1i?<\/b><\/strong><\/h2>\n<figure id=\"attachment_3516\" aria-describedby=\"caption-attachment-3516\" style=\"width: 375px\" class=\"wp-caption aligncenter\"><img loading=\"lazy\" decoding=\"async\" class=\"wp-image-3516\" src=\"http:\/\/localhost\/phucan713\/wp-content\/uploads\/2024\/04\/351983828_795344548870493_4123784477583029986_n-225x300.jpg\" alt=\"Ch\u00f4m ch\u00f4m Th\u00e1i \u0111\u1eadu tr\u00e1i nhi\u1ec1u\" width=\"375\" height=\"500\" srcset=\"https:\/\/ktech4.k-tech-services.com\/phucan713\/wp-content\/uploads\/2024\/04\/351983828_795344548870493_4123784477583029986_n-225x300.jpg 225w, https:\/\/ktech4.k-tech-services.com\/phucan713\/wp-content\/uploads\/2024\/04\/351983828_795344548870493_4123784477583029986_n-767x1024.jpg 767w, https:\/\/ktech4.k-tech-services.com\/phucan713\/wp-content\/uploads\/2024\/04\/351983828_795344548870493_4123784477583029986_n-768x1025.jpg 768w, https:\/\/ktech4.k-tech-services.com\/phucan713\/wp-content\/uploads\/2024\/04\/351983828_795344548870493_4123784477583029986_n-510x681.jpg 510w, https:\/\/ktech4.k-tech-services.com\/phucan713\/wp-content\/uploads\/2024\/04\/351983828_795344548870493_4123784477583029986_n.jpg 956w\" sizes=\"auto, (max-width: 375px) 100vw, 375px\" \/><figcaption id=\"caption-attachment-3516\" class=\"wp-caption-text\">Ch\u00f4m ch\u00f4m Th\u00e1i \u0111\u1eadu tr\u00e1i nhi\u1ec1u<\/figcaption><\/figure>\n<p>Ch\u00f4m ch\u00f4m th\u00e1i ra hoa k\u1ebft tr\u00e1i sau kho\u1ea3ng 2-3 n\u0103m k\u1ec3 t\u1eeb khi tr\u1ed3ng. Qu\u00e1 tr\u00ecnh n\u00e0y c\u00f3 th\u1ec3 k\u00e9o d\u00e0i ho\u1eb7c ng\u1eafn h\u01a1n t\u00f9y thu\u1ed9c v\u00e0o \u0111i\u1ec1u ki\u1ec7n m\u00f4i tr\u01b0\u1eddng. T\u1eeb khi ch\u00f4m ch\u00f4m Th\u00e1i ra hoa \u0111\u1ebfn khi c\u00f3 tr\u00e1i thu ho\u1ea1ch c\u1ea7n kho\u1ea3ng 4 th\u00e1ng.<\/p>\n<h2><strong><b>N\u0103ng su\u1ea5t gi\u1ed1ng ch\u00f4m ch\u00f4m th\u00e1i<\/b><\/strong><\/h2>\n<figure id=\"attachment_3517\" aria-describedby=\"caption-attachment-3517\" style=\"width: 375px\" class=\"wp-caption aligncenter\"><img loading=\"lazy\" decoding=\"async\" class=\"wp-image-3517\" src=\"http:\/\/localhost\/phucan713\/wp-content\/uploads\/2024\/04\/394204530_1050568099459034_8367239022926695469_n-225x300.jpg\" alt=\"Thu ho\u1ea1ch ch\u00f4m ch\u00f4m Th\u00e1i \u1edf v\u01b0\u1eddn\" width=\"375\" height=\"500\" srcset=\"https:\/\/ktech4.k-tech-services.com\/phucan713\/wp-content\/uploads\/2024\/04\/394204530_1050568099459034_8367239022926695469_n-225x300.jpg 225w, https:\/\/ktech4.k-tech-services.com\/phucan713\/wp-content\/uploads\/2024\/04\/394204530_1050568099459034_8367239022926695469_n-768x1024.jpg 768w, https:\/\/ktech4.k-tech-services.com\/phucan713\/wp-content\/uploads\/2024\/04\/394204530_1050568099459034_8367239022926695469_n-1152x1536.jpg 1152w, https:\/\/ktech4.k-tech-services.com\/phucan713\/wp-content\/uploads\/2024\/04\/394204530_1050568099459034_8367239022926695469_n-510x680.jpg 510w, https:\/\/ktech4.k-tech-services.com\/phucan713\/wp-content\/uploads\/2024\/04\/394204530_1050568099459034_8367239022926695469_n.jpg 1536w\" sizes=\"auto, (max-width: 375px) 100vw, 375px\" \/><figcaption id=\"caption-attachment-3517\" class=\"wp-caption-text\">Thu ho\u1ea1ch ch\u00f4m ch\u00f4m Th\u00e1i \u1edf v\u01b0\u1eddn<\/figcaption><\/figure>\n<p>N\u0103ng su\u1ea5t c\u1ee7a ch\u00f4m ch\u00f4m Th\u00e1i ph\u1ee5 thu\u1ed9c v\u00e0o tu\u1ed5i c\u00e2y v\u00e0 \u0111i\u1ec1u ki\u1ec7n ch\u0103m s\u00f3c:<\/p>\n<p>N\u0103m \u0111\u1ea7u ti\u00ean cho tr\u00e1i: C\u00e2y c\u00f3 th\u1ec3 cho kho\u1ea3ng\u00a05-10 kg tr\u00e1i\/c\u00e2y.<\/p>\n<p>Nh\u1eefng n\u0103m ti\u1ebfp theo: N\u0103ng su\u1ea5t t\u0103ng d\u1ea7n, c\u00f3 th\u1ec3 \u0111\u1ea1t\u00a020-50 kg tr\u00e1i\/c\u00e2y\/n\u0103m\u00a0khi c\u00e2y tr\u01b0\u1edfng th\u00e0nh (t\u1eeb n\u0103m th\u1ee9 4-5 tr\u1edf \u0111i).<\/p>\n<p>N\u1ebfu \u0111\u01b0\u1ee3c ch\u0103m s\u00f3c t\u1ed1t, c\u00e2y c\u00f3 th\u1ec3 cho n\u0103ng su\u1ea5t cao h\u01a1n, th\u1eadm ch\u00ed l\u00ean \u0111\u1ebfn\u00a070-100 kg\/c\u00e2y\/n\u0103m.<\/p>\n<h2><strong><b>Kh\u00ed h\u1eadu v\u00e0 \u0111\u1ea5t tr\u1ed3ng th\u00edch h\u1ee3p v\u1edbi gi\u1ed1ng ch\u00f4m ch\u00f4m th\u00e1i<\/b><\/strong><\/h2>\n<h3>Kh\u00ed h\u1eadu<\/h3>\n<ul>\n<li>Nhi\u1ec7t \u0111\u1ed9:\u00a0C\u00e2y ch\u00f4m ch\u00f4m Th\u00e1i ph\u00e1t tri\u1ec3n t\u1ed1t trong \u0111i\u1ec1u ki\u1ec7n nhi\u1ec7t \u0111\u1ed9 t\u1eeb\u00a022\u201335\u00b0C. Nhi\u1ec7t \u0111\u1ed9 qu\u00e1 th\u1ea5p (d\u01b0\u1edbi 10\u00b0C) ho\u1eb7c qu\u00e1 cao (tr\u00ean 40\u00b0C) c\u00f3 th\u1ec3 \u1ea3nh h\u01b0\u1edfng x\u1ea5u \u0111\u1ebfn sinh tr\u01b0\u1edfng v\u00e0 ra hoa k\u1ebft tr\u00e1i.<\/li>\n<li>L\u01b0\u1ee3ng m\u01b0a:\u00a0C\u1ea7n l\u01b0\u1ee3ng m\u01b0a trung b\u00ecnh t\u1eeb\u00a01.500\u20132.500 mm\/n\u0103m, ph\u00e2n b\u1ed1 \u0111\u1ec1u trong n\u0103m. C\u00e2y ch\u00f4m ch\u00f4m Th\u00e1i c\u1ea7n \u0111\u1ee7 \u1ea9m nh\u01b0ng kh\u00f4ng ch\u1ecbu \u0111\u01b0\u1ee3c ng\u1eadp \u00fang.<\/li>\n<li>\u0110\u1ed9 \u1ea9m:\u00a0\u0110\u1ed9 \u1ea9m kh\u00f4ng kh\u00ed l\u00fd t\u01b0\u1edfng l\u00e0\u00a070\u201380%.<\/li>\n<li>\u00c1nh s\u00e1ng:\u00a0C\u00e2y \u01b0a \u00e1nh s\u00e1ng \u0111\u1ea7y \u0111\u1ee7, c\u1ea7n \u00edt nh\u1ea5t\u00a06\u20138 gi\u1edd n\u1eafng m\u1ed7i ng\u00e0y \u0111\u1ec3 ph\u00e1t tri\u1ec3n t\u1ed1t v\u00e0 cho tr\u00e1i ng\u1ecdt.<\/li>\n<\/ul>\n<h3>\u0110\u1ea5t tr\u1ed3ng<\/h3>\n<p>M\u1eb7c d\u00f9 ch\u00f4m ch\u00f4m th\u00e1i c\u00f3 kh\u1ea3 n\u0103ng s\u1ed1ng tr\u00ean nhi\u1ec1u lo\u1ea1i \u0111\u1ea5t, nh\u01b0ng s\u1ef1 ch\u1ecdn l\u1ef1a m\u1ed9t v\u00f9ng \u0111\u1ea5t ph\u00f9 h\u1ee3p c\u00f3 th\u1ec3 t\u1ea1o \u0111i\u1ec1u ki\u1ec7n t\u1ed1i \u01b0u cho s\u1ef1 ph\u00e1t tri\u1ec3n v\u00e0 sinh tr\u01b0\u1edfng c\u1ee7a c\u00e2y. Tr\u00e1nh ch\u1ecdn \u0111\u1ea5t c\u00f3 m\u1eb7n, v\u00ec ch\u00f4m ch\u00f4m th\u00e1i ch\u1ecbu m\u1eb7n k\u00e9m.<\/p>\n<ul>\n<li>Lo\u1ea1i \u0111\u1ea5t:\u00a0C\u00e2y ch\u00f4m ch\u00f4m Th\u00e1i th\u00edch h\u1ee3p v\u1edbi \u0111\u1ea5t\u00a0th\u1ecbt pha c\u00e1t,\u00a0\u0111\u1ea5t ph\u00f9 sa, ho\u1eb7c\u00a0\u0111\u1ea5t \u0111\u1ecf bazan. \u0110\u1ea5t c\u1ea7n c\u00f3 \u0111\u1ed9 t\u01a1i x\u1ed1p, gi\u00e0u dinh d\u01b0\u1ee1ng v\u00e0 tho\u00e1t n\u01b0\u1edbc t\u1ed1t.<\/li>\n<li>\u0110\u1ed9 pH:\u00a0\u0110\u1ea5t c\u00f3 \u0111\u1ed9 pH t\u1eeb\u00a05,0\u20136,5\u00a0l\u00e0 l\u00fd t\u01b0\u1edfng nh\u1ea5t. N\u1ebfu \u0111\u1ea5t qu\u00e1 chua (pH d\u01b0\u1edbi 5,0), c\u1ea7n b\u00f3n v\u00f4i \u0111\u1ec3 c\u1ea3i t\u1ea1o.<\/li>\n<li>Tho\u00e1t n\u01b0\u1edbc:\u00a0C\u00e2y ch\u00f4m ch\u00f4m Th\u00e1i kh\u00f4ng ch\u1ecbu \u0111\u01b0\u1ee3c ng\u1eadp \u00fang, v\u00ec v\u1eady \u0111\u1ea5t ph\u1ea3i c\u00f3 kh\u1ea3 n\u0103ng tho\u00e1t n\u01b0\u1edbc t\u1ed1t. Tr\u00e1nh tr\u1ed3ng \u1edf nh\u1eefng v\u00f9ng \u0111\u1ea5t tr\u0169ng, d\u1ec5 \u0111\u1ecdng n\u01b0\u1edbc.<\/li>\n<li>V\u00f9ng tr\u1ed3ng:\u00a0Ch\u00f4m ch\u00f4m Th\u00e1i ph\u00f9 h\u1ee3p v\u1edbi c\u00e1c v\u00f9ng c\u00f3 kh\u00ed h\u1eadu nhi\u1ec7t \u0111\u1edbi \u1ea9m, nh\u01b0 \u0110\u00f4ng Nam B\u1ed9, T\u00e2y Nguy\u00ean, v\u00e0 \u0110\u1ed3ng b\u1eb1ng s\u00f4ng C\u1eedu Long \u1edf Vi\u1ec7t Nam.<\/li>\n<li>Ch\u1ed1ng \u00fang v\u00e0 ch\u1ed1ng h\u1ea1n:\u00a0C\u1ea7n c\u00f3 h\u1ec7 th\u1ed1ng t\u01b0\u1edbi ti\u00eau h\u1ee3p l\u00fd \u0111\u1ec3 \u0111\u1ea3m b\u1ea3o \u0111\u1ee7 n\u01b0\u1edbc trong m\u00f9a kh\u00f4 v\u00e0 tho\u00e1t n\u01b0\u1edbc t\u1ed1t trong m\u00f9a m\u01b0a.<\/li>\n<\/ul>\n<h2><strong><b>Kho\u1ea3ng c\u00e1ch tr\u1ed3ng c\u00e2y ch\u00f4m ch\u00f4m th\u00e1i<\/b><\/strong><\/h2>\n<p>M\u1eadt \u0111\u1ed9 tr\u1ed3ng ch\u00f4m ch\u00f4m th\u00e1i \u0111\u01b0\u1ee3c khuy\u1ebfn ngh\u1ecb \u1edf m\u1ee9c 250 c\u00e2y\/ha, v\u1edbi kho\u1ea3ng c\u00e1ch gi\u1eefa c\u00e1c c\u00e2y l\u00e0 6m x 6m. Vi\u1ec7c \u0111\u1ea3m b\u1ea3o kho\u1ea3ng c\u00e1ch tr\u1ed3ng n\u00e0y l\u00e0 quan tr\u1ecdng \u0111\u1ec3 kh\u00f4ng l\u00e0m cho c\u00e1c c\u00e2y qu\u00e1 g\u1ea7n nhau, \u0111\u1ee7 kh\u00f4ng gian \u0111\u1ec3 ch\u00fang ph\u00e1t tri\u1ec3n t\u1ed1t.<\/p>\n<h2><strong><b>Gi\u00e1 c\u00e2y gi\u1ed1ng ch\u00f4m ch\u00f4m th\u00e1i<\/b><\/strong><\/h2>\n<p>Gi\u00e1 c\u00e2y gi\u1ed1ng ch\u00f4m ch\u00f4m th\u00e1i t\u1ea1i v\u01b0\u1eddn Ph\u00fac An t\u1eeb 36.000-43.000\/ c\u00e2y. T\u00f9y theo l\u00f4 c\u00e2y, s\u1ed1 l\u01b0\u1ee3ng \u0111\u1eb7t s\u1ebd c\u00f3 m\u1ee9c gi\u00e1 kh\u00e1c nhau. Ch\u00fang t\u00f4i cam k\u1ebft lu\u00f4n gi\u1eef m\u1ee9c gi\u00e1 m\u1ec1m v\u1eeba t\u00fai ti\u1ec1n \u0111\u1ec3 m\u1ecdi kh\u00e1ch h\u00e0ng \u0111\u1ec1u c\u00f3 th\u1ec3 ch\u1ecdn mua nh\u1eefng c\u00e2y gi\u1ed1ng th\u1eadt t\u1ed1t cho khu v\u01b0\u1eddn c\u1ee7a m\u00ecnh.<\/p>\n<figure id=\"attachment_3523\" aria-describedby=\"caption-attachment-3523\" style=\"width: 375px\" class=\"wp-caption aligncenter\"><img loading=\"lazy\" decoding=\"async\" class=\"wp-image-3523\" src=\"http:\/\/localhost\/phucan713\/wp-content\/uploads\/2024\/04\/z5487436481910_ad3d488ff8c71801d873b4d5adf9322b-225x300.jpg\" alt=\"C\u00e2y gi\u1ed1ng ch\u00f4m ch\u00f4m Th\u00e1i t\u1ea1i Ph\u00fac An\" width=\"375\" height=\"500\" srcset=\"https:\/\/ktech4.k-tech-services.com\/phucan713\/wp-content\/uploads\/2024\/04\/z5487436481910_ad3d488ff8c71801d873b4d5adf9322b-225x300.jpg 225w, https:\/\/ktech4.k-tech-services.com\/phucan713\/wp-content\/uploads\/2024\/04\/z5487436481910_ad3d488ff8c71801d873b4d5adf9322b-768x1024.jpg 768w, https:\/\/ktech4.k-tech-services.com\/phucan713\/wp-content\/uploads\/2024\/04\/z5487436481910_ad3d488ff8c71801d873b4d5adf9322b-510x680.jpg 510w, https:\/\/ktech4.k-tech-services.com\/phucan713\/wp-content\/uploads\/2024\/04\/z5487436481910_ad3d488ff8c71801d873b4d5adf9322b.jpg 960w\" sizes=\"auto, (max-width: 375px) 100vw, 375px\" \/><figcaption id=\"caption-attachment-3523\" class=\"wp-caption-text\">C\u00e2y gi\u1ed1ng ch\u00f4m ch\u00f4m Th\u00e1i t\u1ea1i Ph\u00fac An<\/figcaption><\/figure>\n<figure id=\"attachment_3522\" aria-describedby=\"caption-attachment-3522\" style=\"width: 375px\" class=\"wp-caption aligncenter\"><img loading=\"lazy\" decoding=\"async\" class=\"wp-image-3522\" src=\"http:\/\/localhost\/phucan713\/wp-content\/uploads\/2024\/04\/chom-thai-225x300.jpg\" alt=\"C\u00e2y gi\u1ed1ng ch\u00f4m ch\u00f4m Th\u00e1i t\u1ea1i Ph\u00fac An\" width=\"375\" height=\"500\" srcset=\"https:\/\/ktech4.k-tech-services.com\/phucan713\/wp-content\/uploads\/2024\/04\/chom-thai-225x300.jpg 225w, https:\/\/ktech4.k-tech-services.com\/phucan713\/wp-content\/uploads\/2024\/04\/chom-thai-768x1024.jpg 768w, https:\/\/ktech4.k-tech-services.com\/phucan713\/wp-content\/uploads\/2024\/04\/chom-thai-1152x1536.jpg 1152w, https:\/\/ktech4.k-tech-services.com\/phucan713\/wp-content\/uploads\/2024\/04\/chom-thai-1536x2048.jpg 1536w, https:\/\/ktech4.k-tech-services.com\/phucan713\/wp-content\/uploads\/2024\/04\/chom-thai-510x680.jpg 510w, https:\/\/ktech4.k-tech-services.com\/phucan713\/wp-content\/uploads\/2024\/04\/chom-thai.jpg 1920w\" sizes=\"auto, (max-width: 375px) 100vw, 375px\" \/><figcaption id=\"caption-attachment-3522\" class=\"wp-caption-text\">C\u00e2y gi\u1ed1ng ch\u00f4m ch\u00f4m Th\u00e1i t\u1ea1i Ph\u00fac An<\/figcaption><\/figure>\n<h2><strong><b>Mua c\u00e2y gi\u1ed1ng ch\u00f4m ch\u00f4m th\u00e1i \u1edf \u0111\u00e2u ch\u1ea5t l\u01b0\u1ee3ng?<\/b><\/strong><\/h2>\n<p>C\u00e2y gi\u1ed1ng Ph\u00fac An (B\u1ebfn Tre) cung c\u1ea5p c\u00e2y gi\u1ed1ng ch\u00f4m ch\u00f4m th\u00e1i ch\u1ea5t l\u01b0\u1ee3ng, \u0111\u01b0\u1ee3c b\u1ea3o h\u00e0nh \u0111\u00fang gi\u1ed1ng tr\u1ecdn \u0111\u1eddi.<\/p>\n<p>V\u01b0\u1eddn nh\u00e2n gi\u1ed1ng c\u1ee7a Ph\u00fac An \u0111\u01b0\u1ee3c ch\u1ecdn l\u1ef1a k\u1ef9 l\u01b0\u1ee1ng, l\u00e0 v\u01b0\u1eddn \u0111\u00e3 cho tr\u00e1i chu\u1ea9n v\u00e0 \u1ed5n \u0111\u1ecbnh. Bo gh\u00e9p \u0111\u01b0\u1ee3c tuy\u1ec3n ch\u1ecdn t\u1eeb c\u00e2y m\u1eb9 kh\u1ecfe m\u1ea1nh xanh t\u1ed1t.<\/p>\n<figure id=\"attachment_3518\" aria-describedby=\"caption-attachment-3518\" style=\"width: 375px\" class=\"wp-caption aligncenter\"><img loading=\"lazy\" decoding=\"async\" class=\"wp-image-3518\" src=\"http:\/\/localhost\/phucan713\/wp-content\/uploads\/2024\/04\/335284869_1383067229202098_3188553414414129596_n-225x300.jpg\" alt=\"C\u00e2y gi\u1ed1ng ch\u00f4m ch\u00f4m Th\u00e1i t\u1ea1i Ph\u00fac An\" width=\"375\" height=\"500\" srcset=\"https:\/\/ktech4.k-tech-services.com\/phucan713\/wp-content\/uploads\/2024\/04\/335284869_1383067229202098_3188553414414129596_n-225x300.jpg 225w, https:\/\/ktech4.k-tech-services.com\/phucan713\/wp-content\/uploads\/2024\/04\/335284869_1383067229202098_3188553414414129596_n-768x1024.jpg 768w, https:\/\/ktech4.k-tech-services.com\/phucan713\/wp-content\/uploads\/2024\/04\/335284869_1383067229202098_3188553414414129596_n-1152x1536.jpg 1152w, https:\/\/ktech4.k-tech-services.com\/phucan713\/wp-content\/uploads\/2024\/04\/335284869_1383067229202098_3188553414414129596_n-510x680.jpg 510w, https:\/\/ktech4.k-tech-services.com\/phucan713\/wp-content\/uploads\/2024\/04\/335284869_1383067229202098_3188553414414129596_n.jpg 1536w\" sizes=\"auto, (max-width: 375px) 100vw, 375px\" \/><figcaption id=\"caption-attachment-3518\" class=\"wp-caption-text\">C\u00e2y gi\u1ed1ng ch\u00f4m ch\u00f4m Th\u00e1i t\u1ea1i Ph\u00fac An<\/figcaption><\/figure>\n<p><span style=\"color: #008000;\"><strong><b>Ti\u00eau chu\u1ea9n C\u00e2y gi\u1ed1ng <\/b><\/strong><strong><b>ch\u00f4m ch\u00f4m th\u00e1i<\/b><\/strong><strong><b>\u00a0\u0111\u01b0\u1ee3c cung c\u1ea5p b\u1edfi v\u01b0\u1eddn Ph\u00fac An<\/b><\/strong><\/span><\/p>\n<p>&#8211; \u0110\u01b0\u1eddng k\u00ednh g\u1ed1c t\u1eeb 1,2cm<\/p>\n<p>&#8211; R\u1ec5 ph\u00e1t tri\u1ec3n m\u1ea1nh, v\u1ebft gh\u00e9p ti\u1ebfp h\u1ee3p t\u1ed1t, l\u00e1 \u0111ang chuy\u1ec3n gi\u00e0 kh\u00f4ng s\u00e2u b\u1ec7nh<\/p>\n<p>&#8211; Chi\u1ec1u cao t\u01b0\u1ee3c gh\u00e9p t\u1eeb 20cm<\/p>\n<p>C\u00e2y tr\u1ea3i qua quy tr\u00ecnh nh\u00e2n gi\u1ed1ng, d\u01b0\u1ee1ng c\u00e2y con, x\u1ea3 n\u1eafng ho\u00e0n ch\u1ec9nh. \u0110\u1ebfn tay c\u00f4 b\u00e1c s\u1ebd l\u00e0 t\u1eebng c\u00e2y \u0111\u00e3 c\u1ee9ng c\u00e1p \u0111\u00e3 ra c\u01a1i ch\u1ed3i m\u1edbi.<br \/>\nQu\u00fd c\u00f4 b\u00e1c c\u00f3 th\u1ec3 li\u00ean h\u1ec7 tr\u1ef1c ti\u1ebfp qua SDT\/ Zalo 0962.888.014 (<a href=\"http:\/\/localhost\/phucan713\/\" target=\"_blank\" rel=\"noopener\">C\u00e2y Gi\u1ed1ng Ph\u00fac An<\/a>) \u0111\u1ec3 ch\u00fang t\u00f4i t\u01b0 v\u1ea5n v\u00e0 b\u00e1o gi\u00e1 c\u1ee5 th\u1ec3. Xin c\u1ea3m \u01a1n qu\u00fd c\u00f4 b\u00e1c \u0111\u00e3 \u0111\u1eb7t ni\u1ec1m tin v\u1edbi nh\u00e0 v\u01b0\u1eddn.<\/p>\n<p>&gt;&gt; M\u1eddi b\u1ea1n \u0111\u1ecdc th\u00eam:<a href=\"https:\/\/baodongthap.vn\/chom-chom-tan-phong-trai-ngot-giu-hon-vung-dat-cu-lao-a124385.html\" target=\"_blank\" rel=\"noopener\"><span style=\"color: #000080;\"><em><strong>Ch\u00f4m ch\u00f4m T\u00e2n Phong: Tr\u00e1i ng\u1ecdt &#8220;gi\u1eef h\u1ed3n&#8221; v\u00f9ng \u0111\u1ea5t c\u00f9 lao<\/strong><\/em><\/span><\/a><\/p>\n","protected":false},"excerpt":{"rendered":"<p>* Gi\u00e1 tham kh\u1ea3o cho s\u1ed1 l\u01b0\u1ee3ng t\u1eeb 30 c\u00e2y, c\u00f3 th\u1ec3 thay \u0111\u1ed5i theo th\u1eddi \u0111i\u1ec3m<br \/>\n* Ch\u01b0a bao g\u1ed3m ph\u00ed v\u1eadn chuy\u1ec3n (t\u00f9y theo s\u1ed1 l\u01b0\u1ee3ng c\u00e2y v\u00e0 \u0111\u1ecba \u0111i\u1ec3m giao h\u00e0ng)<\/p>\n","protected":false},"featured_media":3523,"comment_status":"open","ping_status":"closed","template":"","meta":[],"product_brand":[],"product_cat":[35,56],"product_tag":[58],"class_list":{"0":"post-1432","1":"product","2":"type-product","3":"status-publish","4":"has-post-thumbnail","6":"product_cat-san-pham-giong-cay-an-trai","7":"product_cat-giong-chom-chom","8":"product_tag-giong-chom-chom-thai","10":"first","11":"instock","12":"shipping-taxable","13":"purchasable","14":"product-type-simple"},"_links":{"self":[{"href":"https:\/\/ktech4.k-tech-services.com\/phucan713\/wp-json\/wp\/v2\/product\/1432","targetHints":{"allow":["GET"]}}],"collection":[{"href":"https:\/\/ktech4.k-tech-services.com\/phucan713\/wp-json\/wp\/v2\/product"}],"about":[{"href":"https:\/\/ktech4.k-tech-services.com\/phucan713\/wp-json\/wp\/v2\/types\/product"}],"replies":[{"embeddable":true,"href":"https:\/\/ktech4.k-tech-services.com\/phucan713\/wp-json\/wp\/v2\/comments?post=1432"}],"wp:featuredmedia":[{"embeddable":true,"href":"https:\/\/ktech4.k-tech-services.com\/phucan713\/wp-json\/wp\/v2\/media\/3523"}],"wp:attachment":[{"href":"https:\/\/ktech4.k-tech-services.com\/phucan713\/wp-json\/wp\/v2\/media?parent=1432"}],"wp:term":[{"taxonomy":"product_brand","embeddable":true,"href":"https:\/\/ktech4.k-tech-services.com\/phucan713\/wp-json\/wp\/v2\/product_brand?post=1432"},{"taxonomy":"product_cat","embeddable":true,"href":"https:\/\/ktech4.k-tech-services.com\/phucan713\/wp-json\/wp\/v2\/product_cat?post=1432"},{"taxonomy":"product_tag","embeddable":true,"href":"https:\/\/ktech4.k-tech-services.com\/phucan713\/wp-json\/wp\/v2\/product_tag?post=1432"}],"curies":[{"name":"wp","href":"https:\/\/api.w.org\/{rel}","templated":true}]}}