{"id":144,"date":"2025-06-10T15:41:23","date_gmt":"2025-06-10T15:41:23","guid":{"rendered":"https:\/\/nhapkhau.oe\/?post_type=product&#038;p=144"},"modified":"2025-12-17T14:36:41","modified_gmt":"2025-12-17T07:36:41","slug":"xoai-tuong-da-vang","status":"publish","type":"product","link":"https:\/\/ktech4.k-tech-services.com\/phucan713\/san-pham\/xoai-tuong-da-vang\/","title":{"rendered":"Xo\u00e0i T\u01b0\u1ee3ng Da v\u00e0ng"},"content":{"rendered":"<h3>1. Th\u00f4ng tin s\u1ea3n ph\u1ea9m<\/h3>\n<ul data-spread=\"false\">\n<li><strong>T\u00ean s\u1ea3n ph\u1ea9m:<\/strong> Xo\u00e0i t\u01b0\u1ee3ng da v\u00e0ng<\/li>\n<li><strong>T\u00ean ti\u1ebfng Anh:<\/strong> Yellow Skin Elephant Mango<\/li>\n<li><strong>Xu\u1ea5t x\u1ee9:<\/strong> Vi\u1ec7t Nam<\/li>\n<li><strong>M\u00f9a v\u1ee5:<\/strong> Quanh n\u0103m (cao \u0111i\u1ec3m theo v\u00f9ng tr\u1ed3ng)<\/li>\n<\/ul>\n<div contenteditable=\"false\">\n<hr \/>\n<\/div>\n<h3>2. \u0110\u1eb7c \u0111i\u1ec3m n\u1ed5i b\u1eadt<\/h3>\n<ul data-spread=\"false\">\n<li>Tr\u00e1i to, d\u00e1ng \u0111\u1eb9p, da <strong>v\u00e0ng s\u00e1ng<\/strong> khi ch\u00edn<\/li>\n<li>Th\u1ecbt d\u00e0y, \u00edt x\u01a1, gi\u00f2n \u2013 ng\u1ecdt nh\u1eb9 ho\u1eb7c chua thanh (t\u00f9y \u0111\u1ed9 gi\u00e0)<\/li>\n<li>H\u01b0\u01a1ng th\u01a1m t\u1ef1 nhi\u00ean, m\u00e0u s\u1eafc b\u1eaft m\u1eaft<\/li>\n<li>Ph\u00f9 h\u1ee3p ti\u00eau th\u1ee5 t\u01b0\u01a1i v\u00e0 ch\u1ebf bi\u1ebfn<\/li>\n<\/ul>\n<div contenteditable=\"false\">\n<hr \/>\n<\/div>\n<h3>3. Quy c\u00e1ch &amp; ph\u00e2n lo\u1ea1i<\/h3>\n<ul data-spread=\"false\">\n<li><strong>Tr\u1ecdng l\u01b0\u1ee3ng:<\/strong> 700g \u2013 1kg | 1kg \u2013 1.3kg | 1.3kg+<\/li>\n<li><strong>Ph\u00e2n lo\u1ea1i:<\/strong> Lo\u1ea1i 1 | Lo\u1ea1i 2 | Theo y\u00eau c\u1ea7u kh\u00e1ch h\u00e0ng<\/li>\n<li><strong>\u0110\u00f3ng g\u00f3i:<\/strong>\n<ul data-spread=\"false\">\n<li>Th\u00f9ng carton 10kg<\/li>\n<li>Th\u00f9ng carton 15kg<\/li>\n<li>\u0110\u00f3ng g\u00f3i theo ti\u00eau chu\u1ea9n xu\u1ea5t kh\u1ea9u<\/li>\n<\/ul>\n<\/li>\n<\/ul>\n<div contenteditable=\"false\">\n<hr \/>\n<\/div>\n<h3>4. Ti\u00eau chu\u1ea9n &amp; ki\u1ec3m so\u00e1t ch\u1ea5t l\u01b0\u1ee3ng<\/h3>\n<ul data-spread=\"false\">\n<li>Thu ho\u1ea1ch \u0111\u00fang \u0111\u1ed9 gi\u00e0, tuy\u1ec3n ch\u1ecdn th\u1ee7 c\u00f4ng<\/li>\n<li>\u0110\u1ea3m b\u1ea3o an to\u00e0n v\u1ec7 sinh th\u1ef1c ph\u1ea9m<\/li>\n<li>C\u00f3 th\u1ec3 cung c\u1ea5p h\u1ed3 s\u01a1 truy xu\u1ea5t ngu\u1ed3n g\u1ed1c theo y\u00eau c\u1ea7u<\/li>\n<\/ul>\n<div contenteditable=\"false\">\n<hr \/>\n<\/div>\n<h3>5. \u1ee8ng d\u1ee5ng<\/h3>\n<ul data-spread=\"false\">\n<li>\u0102n t\u01b0\u01a1i, ch\u1ea5m mu\u1ed1i \u1edbt \/ m\u1eafm \u0111\u01b0\u1eddng<\/li>\n<li>G\u1ecfi xo\u00e0i, salad, sinh t\u1ed1<\/li>\n<li>Ch\u1ebf bi\u1ebfn th\u1ef1c ph\u1ea9m v\u00e0 xu\u1ea5t kh\u1ea9u<\/li>\n<\/ul>\n<div contenteditable=\"false\">\n<hr \/>\n<\/div>\n<h3>6. B\u1ea3o qu\u1ea3n &amp; v\u1eadn chuy\u1ec3n<\/h3>\n<ul data-spread=\"false\">\n<li>Nhi\u1ec7t \u0111\u1ed9 b\u1ea3o qu\u1ea3n: <strong>12\u201315\u00b0C<\/strong><\/li>\n<li>Th\u1eddi gian b\u1ea3o qu\u1ea3n: <strong>2\u20133 tu\u1ea7n<\/strong> (t\u00f9y \u0111\u1ed9 gi\u00e0)<\/li>\n<li>Ph\u00f9 h\u1ee3p v\u1eadn chuy\u1ec3n n\u1ed9i \u0111\u1ecba v\u00e0 xu\u1ea5t kh\u1ea9u \u0111\u01b0\u1eddng b\u1ed9<\/li>\n<\/ul>\n","protected":false},"excerpt":{"rendered":"<ul class=\"KsbFXc U6u95\" data-processed=\"true\">\n<li data-hveid=\"CAMQAA\" data-processed=\"true\"><span class=\"T286Pc\" data-sfc-cp=\"\" data-processed=\"true\"><strong class=\"Yjhzub\" data-processed=\"true\">H\u00ecnh d\u00e1ng:<\/strong>\u00a0Qu\u1ea3 to, h\u00ecnh thu\u00f4n d\u00e0i, n\u1eb7ng t\u1eeb 0.5-1kg, v\u1ecf c\u0103ng, tr\u01a1n b\u00f3ng, khi ch\u00edn chuy\u1ec3n sang m\u00e0u v\u00e0ng \u0111\u1eb9p m\u1eaft.<\/span><\/li>\n<li data-hveid=\"CAMQAQ\" data-processed=\"true\"><span class=\"T286Pc\" data-sfc-cp=\"\" data-processed=\"true\"><strong class=\"Yjhzub\" data-processed=\"true\">Th\u1ecbt xo\u00e0i:<\/strong>\u00a0M\u00e0u v\u00e0ng \u0111\u1eadm, d\u00e0y, th\u1ecbt ch\u1eafc, m\u1ecdng n\u01b0\u1edbc, \u00edt x\u01a1.<\/span><\/li>\n<li data-hveid=\"CAMQAg\" data-processed=\"true\"><span class=\"T286Pc\" data-sfc-cp=\"\" data-processed=\"true\"><strong class=\"Yjhzub\" data-processed=\"true\">H\u01b0\u01a1ng v\u1ecb:<\/strong>\u00a0V\u1ecb ng\u1ecdt thanh, chua d\u1ecbu, th\u01a1m \u0111\u1eadm, kh\u00f4ng b\u1ecb g\u1eaft, t\u1ea1o c\u1ea3m gi\u00e1c gi\u00f2n tan v\u00e0 h\u1eadu v\u1ecb d\u1ec5 ch\u1ecbu, kh\u00f4ng b\u1ecb b\u1edf.<\/span><\/li>\n<li data-hveid=\"CAMQAw\" data-processed=\"true\"><span class=\"T286Pc\" data-sfc-cp=\"\" data-processed=\"true\"><strong class=\"Yjhzub\" data-processed=\"true\">Dinh d\u01b0\u1ee1ng:<\/strong>\u00a0Gi\u00e0u\u00a0<a class=\"GI370e\" href=\"https:\/\/www.google.com\/search?q=Vitamin+A&amp;oq=Xo%C3%A0i+T%C6%B0%E1%BB%A3ng+Da+v%C3%A0ng&amp;gs_lcrp=EgZjaHJvbWUyDggAEEUYJxg5GIAEGIoFMgYIARBFGDsyCggCEAAYgAQYogQyBwgDEAAY7wUyBwgEEAAY7wUyCggFEAAYgAQYogQyBggGEEUYPNIBCDEwNzFqMGo5qAIAsAIA&amp;sourceid=chrome&amp;ie=UTF-8&amp;ved=2ahUKEwj08e79jcSRAxVSzDgGHRUhBz0QgK4QegQIAxAE\" data-wiz-uids=\"OKHK8c_12\" data-ved=\"2ahUKEwj08e79jcSRAxVSzDgGHRUhBz0QgK4QegQIAxAE\" data-hveid=\"CAMQBA\" data-processed=\"true\">Vitamin A<\/a>,\u00a0<a class=\"GI370e\" href=\"https:\/\/www.google.com\/search?q=Vitamin+nh%C3%B3m+B&amp;oq=Xo%C3%A0i+T%C6%B0%E1%BB%A3ng+Da+v%C3%A0ng&amp;gs_lcrp=EgZjaHJvbWUyDggAEEUYJxg5GIAEGIoFMgYIARBFGDsyCggCEAAYgAQYogQyBwgDEAAY7wUyBwgEEAAY7wUyCggFEAAYgAQYogQyBggGEEUYPNIBCDEwNzFqMGo5qAIAsAIA&amp;sourceid=chrome&amp;ie=UTF-8&amp;ved=2ahUKEwj08e79jcSRAxVSzDgGHRUhBz0QgK4QegQIAxAF\" data-wiz-uids=\"OKHK8c_13\" data-ved=\"2ahUKEwj08e79jcSRAxVSzDgGHRUhBz0QgK4QegQIAxAF\" data-hveid=\"CAMQBQ\" data-processed=\"true\">Vitamin nh\u00f3m B<\/a>,\u00a0<a class=\"GI370e\" href=\"https:\/\/www.google.com\/search?q=Kali&amp;oq=Xo%C3%A0i+T%C6%B0%E1%BB%A3ng+Da+v%C3%A0ng&amp;gs_lcrp=EgZjaHJvbWUyDggAEEUYJxg5GIAEGIoFMgYIARBFGDsyCggCEAAYgAQYogQyBwgDEAAY7wUyBwgEEAAY7wUyCggFEAAYgAQYogQyBggGEEUYPNIBCDEwNzFqMGo5qAIAsAIA&amp;sourceid=chrome&amp;ie=UTF-8&amp;ved=2ahUKEwj08e79jcSRAxVSzDgGHRUhBz0QgK4QegQIAxAG\" data-wiz-uids=\"OKHK8c_14\" data-ved=\"2ahUKEwj08e79jcSRAxVSzDgGHRUhBz0QgK4QegQIAxAG\" data-hveid=\"CAMQBg\" data-processed=\"true\">Kali<\/a>, ch\u1ea5t x\u01a1, t\u1ed1t cho s\u1ee9c kh\u1ecfe.<\/span><span class=\"uJ19be notranslate\" data-wiz-uids=\"OKHK8c_15,OKHK8c_16,OKHK8c_17\" data-processed=\"true\"><span class=\"vKEkVd\" data-animation-atomic=\"\" data-wiz-attrbind=\"class=OKHK8c_15\/TKHnVd;\" data-processed=\"true\">\u00a0<\/span><\/span><\/li>\n<\/ul>\n","protected":false},"featured_media":148,"comment_status":"open","ping_status":"closed","template":"","meta":[],"product_brand":[],"product_cat":[35],"product_tag":[],"class_list":{"0":"post-144","1":"product","2":"type-product","3":"status-publish","4":"has-post-thumbnail","6":"product_cat-san-pham-giong-cay-an-trai","8":"first","9":"instock","10":"sale","11":"shipping-taxable","12":"purchasable","13":"product-type-simple"},"_links":{"self":[{"href":"https:\/\/ktech4.k-tech-services.com\/phucan713\/wp-json\/wp\/v2\/product\/144","targetHints":{"allow":["GET"]}}],"collection":[{"href":"https:\/\/ktech4.k-tech-services.com\/phucan713\/wp-json\/wp\/v2\/product"}],"about":[{"href":"https:\/\/ktech4.k-tech-services.com\/phucan713\/wp-json\/wp\/v2\/types\/product"}],"replies":[{"embeddable":true,"href":"https:\/\/ktech4.k-tech-services.com\/phucan713\/wp-json\/wp\/v2\/comments?post=144"}],"wp:featuredmedia":[{"embeddable":true,"href":"https:\/\/ktech4.k-tech-services.com\/phucan713\/wp-json\/wp\/v2\/media\/148"}],"wp:attachment":[{"href":"https:\/\/ktech4.k-tech-services.com\/phucan713\/wp-json\/wp\/v2\/media?parent=144"}],"wp:term":[{"taxonomy":"product_brand","embeddable":true,"href":"https:\/\/ktech4.k-tech-services.com\/phucan713\/wp-json\/wp\/v2\/product_brand?post=144"},{"taxonomy":"product_cat","embeddable":true,"href":"https:\/\/ktech4.k-tech-services.com\/phucan713\/wp-json\/wp\/v2\/product_cat?post=144"},{"taxonomy":"product_tag","embeddable":true,"href":"https:\/\/ktech4.k-tech-services.com\/phucan713\/wp-json\/wp\/v2\/product_tag?post=144"}],"curies":[{"name":"wp","href":"https:\/\/api.w.org\/{rel}","templated":true}]}}