{"id":1462,"date":"2024-04-03T07:56:16","date_gmt":"2024-04-03T07:56:16","guid":{"rendered":"https:\/\/caygiongphucan.com\/?post_type=product&amp;p=1462"},"modified":"2024-04-03T07:56:16","modified_gmt":"2024-04-03T07:56:16","slug":"giong-chanh-chuc","status":"publish","type":"product","link":"https:\/\/ktech4.k-tech-services.com\/phucan713\/san-pham\/giong-chanh-chuc\/","title":{"rendered":"C\u00e2y ch\u00fac (chanh Th\u00e1i)"},"content":{"rendered":"<p>C\u00e2y ch\u00fac, hay c\u00f2n g\u1ecdi l\u00e0 chanh th\u00e1i, l\u00e0 lo\u1ea1i c\u00e2y gia v\u1ecb quen thu\u1ed9c trong \u1ea9m th\u1ef1c Vi\u1ec7t Nam. V\u1edbi h\u01b0\u01a1ng l\u00e1 th\u01a1m n\u1ed3ng \u0111\u1eb7c tr\u01b0ng, l\u00e1 ch\u00fac l\u00e0 nguy\u00ean li\u1ec7u kh\u00f4ng th\u1ec3 thi\u1ebfu trong nhi\u1ec1u m\u00f3n \u0103n, t\u1ea1o n\u00ean h\u01b0\u01a1ng v\u1ecb th\u01a1m ngon kh\u00f3 qu\u00ean. C\u00e2y ch\u00fac l\u00e0 m\u1ed9t lo\u1ea1i c\u00e2y \u0111a n\u0103ng, v\u1eeba l\u00e0 gia v\u1ecb th\u01a1m ngon, v\u1eeba l\u00e0 c\u00e2y c\u1ea3nh \u0111\u1eb9p m\u1eaft. Tr\u1ed3ng \u0111\u1ec3 khai th\u00e1c kinh t\u1ebf t\u1eeb lo\u00e0i c\u00e2y n\u00e0y l\u00e0 m\u1ed9t l\u1ef1a ch\u1ecdn ti\u1ec1m n\u0103ng.<\/p>\n<h2>Gi\u1edbi thi\u1ec7u v\u1ec1 c\u00e2y ch\u00fac<\/h2>\n<figure id=\"attachment_1683\" aria-describedby=\"caption-attachment-1683\" style=\"width: 500px\" class=\"wp-caption aligncenter\"><img loading=\"lazy\" decoding=\"async\" class=\"wp-image-1683\" src=\"http:\/\/localhost\/phucan713\/wp-content\/uploads\/2024\/04\/Screenshot-2023-10-24-200241-300x204.jpg\" alt=\"Chanh ch\u00fac - Ph\u00fac An\" width=\"500\" height=\"340\" \/><figcaption id=\"caption-attachment-1683\" class=\"wp-caption-text\">Chanh ch\u00fac &#8211; Ph\u00fac An<\/figcaption><\/figure>\n<p>Gi\u1ed1ng chanh ch\u00fac, c\u00e2y ch\u00fac hay c\u00f2n \u0111\u01b0\u1ee3c bi\u1ebft \u0111\u1ebfn v\u1edbi t\u00ean g\u1ecdi chanh Th\u00e1i. T\u00ean ti\u1ebfng Anh l\u00e0 Kaffir Lime. \u0110\u00e2y l\u00e0 lo\u00e0i chanh r\u1ea5t \u0111\u1eb7c bi\u1ec7t \u0111\u01b0\u1ee3c nhi\u1ec1u ng\u01b0\u1eddi \u01b0a chu\u1ed9ng kh\u00f4ng ch\u1ec9 v\u00ec gi\u00e1 tr\u1ecb s\u1eed d\u1ee5ng m\u00e0 c\u00f2n b\u1edfi v\u1ebb \u0111\u1eb9p \u0111\u1ed9c \u0111\u00e1o c\u1ee7a n\u00f3. C\u00e2y chanh ch\u00fac c\u00f3 ngu\u1ed3n g\u1ed1c t\u1eeb \u0110\u00f4ng Nam \u00c1, n\u1ed5i b\u1eadt v\u1edbi l\u00e1 th\u01a1m v\u00e0 tr\u00e1i c\u00f3 h\u01b0\u01a1ng v\u1ecb \u0111\u1eb7c tr\u01b0ng.<\/p>\n<h2>Ngu\u1ed3n g\u1ed1c v\u00e0 \u0111\u1eb7c \u0111i\u1ec3m c\u00e2y ch\u00fac<\/h2>\n<p>C\u00e2y chanh ch\u00fac thu\u1ed9c h\u1ecd Citrus, b\u1ea3n \u0111\u1ecba c\u1ee7a L\u00e0o, Th\u00e1i Lan, Indonesia v\u00e0 m\u1ed9t s\u1ed1 n\u01b0\u1edbc \u0110\u00f4ng Nam \u00c1 kh\u00e1c. C\u00e2y c\u00f3 th\u1ec3 cao t\u1eeb 2 \u0111\u1ebfn 10 m\u00e9t, l\u00e1 v\u00e0 v\u1ecf tr\u00e1i c\u1ee7a chanh ch\u00fac c\u00f3 m\u00f9i th\u01a1m \u0111\u1eb7c tr\u01b0ng, t\u1ea1o c\u1ea3m gi\u00e1c th\u01b0 gi\u00e3n thanh m\u00e1t tuy\u1ec7t v\u1eddi. Chanh ch\u00fac c\u00f3 tu\u1ed5i th\u1ecd l\u00ean \u0111\u1ebfn v\u00e0i ch\u1ee5c n\u0103m.<\/p>\n<figure id=\"attachment_1684\" aria-describedby=\"caption-attachment-1684\" style=\"width: 500px\" class=\"wp-caption aligncenter\"><img loading=\"lazy\" decoding=\"async\" class=\"wp-image-1684\" src=\"http:\/\/localhost\/phucan713\/wp-content\/uploads\/2024\/04\/Cay-chanh-chuc-lon-Phuc-An-300x169.jpg\" alt=\"C\u00e2y chanh ch\u00fac l\u1edbn - Ph\u00fac An\" width=\"500\" height=\"281\" \/><figcaption id=\"caption-attachment-1684\" class=\"wp-caption-text\">C\u00e2y ch\u00fac l\u1edbn &#8211; Ph\u00fac An<\/figcaption><\/figure>\n<p>L\u00e1 ch\u00fac kh\u00e1c bi\u1ec7t h\u1eb3n so v\u1edbi c\u00e1c gi\u1ed1ng chanh kh\u00e1c, ch\u00fang c\u00f3 m\u00e0u xanh \u0111\u1eadm b\u00f3ng v\u1edbi m\u1ed9t &#8220;eo&#8221; r\u00f5 r\u1ec7t, khi\u1ebfn ch\u00fang tr\u00f4ng gi\u1ed1ng nh\u01b0 m\u1ed9t chi\u1ebfc l\u00e1 c\u00f3 hai ph\u1ea7n.<\/p>\n<figure id=\"attachment_1685\" aria-describedby=\"caption-attachment-1685\" style=\"width: 375px\" class=\"wp-caption aligncenter\"><img loading=\"lazy\" decoding=\"async\" class=\"wp-image-1685\" src=\"http:\/\/localhost\/phucan713\/wp-content\/uploads\/2024\/04\/La-chanh-chuc-Phuc-An.jpg\" alt=\"L\u00e1 chanh ch\u00fac - Ph\u00fac An\" width=\"375\" height=\"500\" \/><figcaption id=\"caption-attachment-1685\" class=\"wp-caption-text\">L\u00e1 chanh ch\u00fac &#8211; Ph\u00fac An<\/figcaption><\/figure>\n<h2>\u0110\u1eb7c \u0111i\u1ec3m tr\u00e1i ch\u00fac<\/h2>\n<p>Qu\u1ea3 chanh ch\u00fac nh\u1ecf, v\u1ecf s\u1ea7n v\u00e0 khi ch\u00edn chuy\u1ec3n t\u1eeb m\u00e0u xanh sang v\u00e0ng. M\u1eb7c d\u00f9 kh\u00f4ng ch\u1ee9a nhi\u1ec1u n\u01b0\u1edbc, nh\u01b0ng n\u00f3 r\u1ea5t chua v\u00e0 gi\u00e0u h\u01b0\u01a1ng v\u1ecb, th\u00edch h\u1ee3p \u0111\u1ec3 \u01b0\u1edbp th\u1ef1c ph\u1ea9m ho\u1eb7c l\u00e0m gia v\u1ecb.<\/p>\n<figure id=\"attachment_1686\" aria-describedby=\"caption-attachment-1686\" style=\"width: 500px\" class=\"wp-caption aligncenter\"><img loading=\"lazy\" decoding=\"async\" class=\"wp-image-1686\" src=\"http:\/\/localhost\/phucan713\/wp-content\/uploads\/2024\/04\/kaffier-lime-300x225.jpg\" alt=\"Tr\u00e1i chanh ch\u00fac\" width=\"500\" height=\"375\" \/><figcaption id=\"caption-attachment-1686\" class=\"wp-caption-text\">Tr\u00e1i chanh ch\u00fac<\/figcaption><\/figure>\n<h2>L\u1ee3i \u00edch c\u1ee7a c\u00e2y ch\u00fac<\/h2>\n<p>L\u00e1 chanh v\u00e0 v\u1ecf chanh l\u00e0 hai s\u1ea3n ph\u1ea9m \u0111\u01b0\u1ee3c khai th\u00e1c ch\u00ednh, v\u00ec n\u01b0\u1edbc chanh r\u1ea5t \u00edt. Ch\u00fang \u0111\u01b0\u1ee3c s\u1eed d\u1ee5ng trong \u1ea9m th\u1ef1c \u0111\u1ec3 t\u1ea1o h\u01b0\u01a1ng th\u01a1m. Chanh ch\u00fac c\u00f2n \u0111\u01b0\u1ee3c \u0111\u00e1nh gi\u00e1 cao trong y h\u1ecdc th\u1ea3o d\u01b0\u1ee3c do h\u00e0m l\u01b0\u1ee3ng cao c\u00e1c h\u1ee3p ch\u1ea5t h\u1eefu c\u01a1 c\u00f3 l\u1ee3i cho s\u1ee9c kh\u1ecfe.<\/p>\n<p>M\u1ed9t s\u1ed1 l\u1ee3i \u00edch s\u1ee9c kh\u1ecfe quan tr\u1ecdng nh\u1ea5t c\u1ee7a chanh ch\u00fac l\u00e0 h\u1ed7 tr\u1ee3 h\u1ec7 th\u1ed1ng mi\u1ec5n d\u1ecbch, t\u0103ng c\u01b0\u1eddng s\u1ee9c kh\u1ecfe l\u00e0n da, c\u1ea3i thi\u1ec7n ti\u00eau h\u00f3a, xua \u0111u\u1ed5i c\u00f4n tr\u00f9ng, gi\u1ea3m vi\u00eam, gi\u1ea3m c\u0103ng th\u1eb3ng.<\/p>\n<h2>Gi\u1ed1ng c\u00e2y ch\u00fac tr\u1ed3ng bao l\u00e2u c\u00f3 tr\u00e1i?<\/h2>\n<p>T\u1eeb khi tr\u1ed3ng \u0111\u1ebfn khi c\u00f3 tr\u00e1i c\u1ea7n kho\u1ea3ng 3-5 n\u0103m, t\u00f9y thu\u1ed9c v\u00e0o \u0111i\u1ec1u ki\u1ec7n v\u00e0 ph\u01b0\u01a1ng ph\u00e1p tr\u1ed3ng.<\/p>\n<h2>N\u0103ng su\u1ea5t c\u00e2y ch\u00fac<\/h2>\n<p>C\u00e2y chanh ch\u00fac ch\u1ee7 y\u1ebfu thu ho\u1ea1ch ph\u1ea7n l\u00e1 n\u00ean n\u0103ng su\u1ea5t \u0111\u01b0\u1ee3c t\u00ednh theo s\u1ed1 l\u01b0\u1ee3ng v\u00e0 ch\u1ea5t l\u01b0\u1ee3ng c\u1ee7a l\u00e1 c\u00e2y. \u1ee8ng d\u1ee5ng r\u1ed9ng r\u00e3i \u0111\u1ec3 chi\u1ebft xu\u1ea5t tinh d\u1ea7u ch\u00fac. Tinh d\u1ea7u n\u00e0y c\u00f3 m\u1eb7t trong c\u00e1c s\u1ea3n ph\u1ea9m m\u00f9i h\u01b0\u01a1ng, ch\u0103m s\u00f3c c\u01a1 th\u1ec3, l\u00e0n da, s\u1ee9c kh\u1ecfe v\u00e0 nhi\u1ec1u s\u1ea3n ph\u1ea9m kh\u00e1c.<\/p>\n<figure id=\"attachment_1687\" aria-describedby=\"caption-attachment-1687\" style=\"width: 500px\" class=\"wp-caption aligncenter\"><img loading=\"lazy\" decoding=\"async\" class=\"wp-image-1687\" src=\"http:\/\/localhost\/phucan713\/wp-content\/uploads\/2024\/04\/Screenshot-2023-10-24-195806-300x219.jpg\" alt=\"Chanh ch\u00fac m\u1ecdc th\u00e0nh ch\u00f9m 3-5 tr\u00e1i\" width=\"500\" height=\"366\" \/><figcaption id=\"caption-attachment-1687\" class=\"wp-caption-text\">Chanh ch\u00fac m\u1ecdc th\u00e0nh ch\u00f9m 3-5 tr\u00e1i<\/figcaption><\/figure>\n<p>V\u1ec1 tr\u00e1i chanh ch\u00fac, c\u00e2y chanh ch\u00fac c\u00f3 t\u1ef7 l\u1ec7 \u0111\u1eadu qu\u1ea3 cao, m\u1ed7i ch\u00f9m hoa c\u00f3 th\u1ec3 cho \u0111\u01b0\u1ee3c 5-8 tr\u00e1i. 1 c\u00e2y chanh ch\u00fac tr\u01b0\u1edfng th\u00e0nh c\u00f3 th\u1ec3 cho 30-50 kg tr\u00e1i\/ c\u00e2y\/ n\u0103m.<\/p>\n<h2>Kh\u00ed h\u1eadu v\u00e0 \u0111\u1ea5t tr\u1ed3ng th\u00edch h\u1ee3p v\u1edbi c\u00e2y ch\u00fac<\/h2>\n<p>C\u00e2y th\u00edch h\u1ee3p v\u1edbi kh\u00ed h\u1eadu nhi\u1ec7t \u0111\u1edbi, \u01b0a n\u1eafng v\u00e0 ch\u1ecbu \u0111\u01b0\u1ee3c nhi\u1ec1u lo\u1ea1i \u0111\u1ea5t, t\u1eeb \u0111\u1ea5t ph\u00e8n \u0111\u1ebfn \u0111\u1ea5t m\u1eb7n, nh\u01b0ng t\u1ed1t nh\u1ea5t l\u00e0 \u0111\u1ea5t c\u00f3 \u0111\u1ed9 pH t\u1eeb 5.5 \u0111\u1ebfn 6.5.<\/p>\n<h2>Kho\u1ea3ng c\u00e1ch tr\u1ed3ng c\u00e2y ch\u00fac<\/h2>\n<p>Kho\u1ea3ng c\u00e1ch l\u00fd t\u01b0\u1edfng gi\u1eefa c\u00e1c c\u00e2y chanh ch\u00fac l\u00e0 3m x 3m. Nh\u01b0 v\u1eady, 1 c\u00f4ng (1000m2) \u0111\u1ea5t tr\u1ed3ng \u0111\u01b0\u1ee3c kho\u1ea3ng 100 c\u00e2y, 1 hecta tr\u1ed3ng \u0111\u01b0\u1ee3c 1000 c\u00e2y.<\/p>\n<h2>K\u1ef9 thu\u1eadt tr\u1ed3ng chanh ch\u00fac<\/h2>\n<p>\u0110\u00e0o h\u1ed1 tr\u1ed3ng chanh ch\u00fac c\u00f3 \u0111\u01b0\u1eddng k\u00ednh 40cm, \u0111\u1ea5t c\u1ea7n \u0111\u01b0\u1ee3c b\u00f3n l\u00f3t, x\u1eed l\u00fd n\u1ea5m b\u1ec7nh tr\u01b0\u1edbc khi tr\u1ed3ng kho\u1ea3ng 2-4 tu\u1ea7n.<\/p>\n<p>C\u00e2y chanh ch\u00fac th\u00edch \u00e1nh n\u1eafng \u0111\u1ea7y \u0111\u1ee7 \u1edf \u0111\u1ea5t \u1ea9m, tho\u00e1t n\u01b0\u1edbc t\u1ed1t. C\u00e2y chanh ch\u00fac \u01b0a n\u01b0\u1edbc trong m\u00f9a sinh tr\u01b0\u1edfng. Tuy nhi\u00ean, ch\u00fang d\u1ec5 b\u1ecb th\u1ed1i r\u1ec5 n\u1ebfu gi\u1eef qu\u00e1 \u1ea9m, v\u00ec v\u1eady ta c\u00f3 th\u1ec3 t\u01b0\u1edbi c\u00e1ch ng\u00e0y.<\/p>\n<p>Phun s\u01b0\u01a1ng th\u01b0\u1eddng xuy\u00ean gi\u00fap \u0111i\u1ec1u ch\u1ec9nh \u0111\u1ed9 \u1ea9m. C\u00e2y chanh ch\u00fac r\u1ea5t nh\u1ea1y c\u1ea3m v\u1edbi th\u1eddi ti\u1ebft l\u1ea1nh v\u00e0 c\u1ea7n \u0111\u01b0\u1ee3c b\u1ea3o v\u1ec7 kh\u1ecfi s\u01b0\u01a1ng gi\u00e1.<\/p>\n<h2>Gi\u00e1 c\u00e2y ch\u00fac gi\u1ed1ng<\/h2>\n<p>Gi\u00e1 c\u00e2y gi\u1ed1ng chanh ch\u00fac t\u1ea1i v\u01b0\u1eddn Ph\u00fac An dao \u0111\u1ed9ng t\u1eeb 25.000 &#8211; 30.000\/ c\u00e2y. T\u00f9y theo l\u00f4 c\u00e2y th\u1ef1c t\u1ebf t\u1ea1i th\u1eddi \u0111i\u1ec3m v\u00e0 s\u1ed1 l\u01b0\u1ee3ng kh\u00e1ch \u0111\u1eb7t s\u1ebd c\u00f3 m\u1ee9c gi\u00e1 kh\u00e1c nhau. Ch\u00fang t\u00f4i cam k\u1ebft lu\u00f4n gi\u1eef m\u1ee9c gi\u00e1 m\u1ec1m v\u1eeba t\u00fai ti\u1ec1n \u0111\u1ec3 m\u1ecdi kh\u00e1ch h\u00e0ng \u0111\u1ec1u c\u00f3 th\u1ec3 ch\u1ecdn mua nh\u1eefng c\u00e2y gi\u1ed1ng th\u1eadt t\u1ed1t cho khu v\u01b0\u1eddn c\u1ee7a m\u00ecnh.<\/p>\n<figure id=\"attachment_1688\" aria-describedby=\"caption-attachment-1688\" style=\"width: 403px\" class=\"wp-caption aligncenter\"><img loading=\"lazy\" decoding=\"async\" class=\"wp-image-1688\" src=\"http:\/\/localhost\/phucan713\/wp-content\/uploads\/2024\/04\/z5199456471950_66a8d0ee1360d200c1ee3b38f5a075c0-242x300.jpg\" alt=\"C\u00e2y gi\u1ed1ng chanh ch\u00fac t\u1ea1i Ph\u00fac An\" width=\"403\" height=\"500\" \/><figcaption id=\"caption-attachment-1688\" class=\"wp-caption-text\">C\u00e2y gi\u1ed1ng chanh ch\u00fac t\u1ea1i Ph\u00fac An<\/figcaption><\/figure>\n<h2>Mua c\u00e2y gi\u1ed1ng chanh ch\u00fac \u1edf \u0111\u00e2u ch\u1ea5t l\u01b0\u1ee3ng?<\/h2>\n<p><a href=\"http:\/\/localhost\/phucan713\/\" target=\"_blank\" rel=\"noopener\">C\u00e2y gi\u1ed1ng Ph\u00fac An<\/a> cung c\u1ea5p c\u00e2y gi\u1ed1ng chanh ch\u00fac ch\u1ea5t l\u01b0\u1ee3ng, \u0111\u01b0\u1ee3c b\u1ea3o h\u00e0nh \u0111\u00fang gi\u1ed1ng cho t\u1edbi khi c\u00f3 tr\u00e1i. V\u01b0\u1eddn nh\u00e2n gi\u1ed1ng c\u1ee7a ph\u00fac an \u0111\u01b0\u1ee3c ch\u1ecdn l\u1ef1a k\u1ef9 l\u01b0\u1ee1ng, l\u00e0 v\u01b0\u1eddn \u0111\u00e3 cho tr\u00e1i chu\u1ea9n v\u00e0 \u1ed5n \u0111\u1ecbnh.<\/p>\n<figure id=\"attachment_1689\" aria-describedby=\"caption-attachment-1689\" style=\"width: 375px\" class=\"wp-caption aligncenter\"><img loading=\"lazy\" decoding=\"async\" class=\"wp-image-1689\" src=\"http:\/\/localhost\/phucan713\/wp-content\/uploads\/2024\/04\/294365347_455974579713296_5037283962195659853_n-1-225x300.jpg\" alt=\"C\u00e2y gi\u1ed1ng chanh ch\u00fac t\u1ea1i Ph\u00fac An\" width=\"375\" height=\"500\" \/><figcaption id=\"caption-attachment-1689\" class=\"wp-caption-text\">C\u00e2y gi\u1ed1ng chanh ch\u00fac t\u1ea1i Ph\u00fac An<\/figcaption><\/figure>\n<figure id=\"attachment_3106\" aria-describedby=\"caption-attachment-3106\" style=\"width: 375px\" class=\"wp-caption aligncenter\"><img loading=\"lazy\" decoding=\"async\" class=\"wp-image-3106\" src=\"http:\/\/localhost\/phucan713\/wp-content\/uploads\/2024\/04\/z6017847067978_750f064afeb870fee752252c74817dda-225x300.jpg\" alt=\"C\u00e2y ch\u00fac (chanh ch\u00fac) Ph\u00fac An cung c\u1ea5p\" width=\"375\" height=\"500\" srcset=\"https:\/\/ktech4.k-tech-services.com\/phucan713\/wp-content\/uploads\/2024\/04\/z6017847067978_750f064afeb870fee752252c74817dda-225x300.jpg 225w, https:\/\/ktech4.k-tech-services.com\/phucan713\/wp-content\/uploads\/2024\/04\/z6017847067978_750f064afeb870fee752252c74817dda-768x1024.jpg 768w, https:\/\/ktech4.k-tech-services.com\/phucan713\/wp-content\/uploads\/2024\/04\/z6017847067978_750f064afeb870fee752252c74817dda-510x680.jpg 510w, https:\/\/ktech4.k-tech-services.com\/phucan713\/wp-content\/uploads\/2024\/04\/z6017847067978_750f064afeb870fee752252c74817dda.jpg 960w\" sizes=\"auto, (max-width: 375px) 100vw, 375px\" \/><figcaption id=\"caption-attachment-3106\" class=\"wp-caption-text\">C\u00e2y ch\u00fac (chanh ch\u00fac) Ph\u00fac An cung c\u1ea5p<\/figcaption><\/figure>\n<figure id=\"attachment_3105\" aria-describedby=\"caption-attachment-3105\" style=\"width: 375px\" class=\"wp-caption aligncenter\"><img loading=\"lazy\" decoding=\"async\" class=\"wp-image-3105\" src=\"http:\/\/localhost\/phucan713\/wp-content\/uploads\/2024\/04\/z6017847066714_bd16e0528f402a1ff90c4872001c6186-225x300.jpg\" alt=\"V\u01b0\u1eddn \u01b0\u01a1m c\u00e2y ch\u00fac t\u1ea1i B\u1ebfn Tre\" width=\"375\" height=\"500\" srcset=\"https:\/\/ktech4.k-tech-services.com\/phucan713\/wp-content\/uploads\/2024\/04\/z6017847066714_bd16e0528f402a1ff90c4872001c6186-225x300.jpg 225w, https:\/\/ktech4.k-tech-services.com\/phucan713\/wp-content\/uploads\/2024\/04\/z6017847066714_bd16e0528f402a1ff90c4872001c6186-768x1024.jpg 768w, https:\/\/ktech4.k-tech-services.com\/phucan713\/wp-content\/uploads\/2024\/04\/z6017847066714_bd16e0528f402a1ff90c4872001c6186-510x680.jpg 510w, https:\/\/ktech4.k-tech-services.com\/phucan713\/wp-content\/uploads\/2024\/04\/z6017847066714_bd16e0528f402a1ff90c4872001c6186.jpg 960w\" sizes=\"auto, (max-width: 375px) 100vw, 375px\" \/><figcaption id=\"caption-attachment-3105\" class=\"wp-caption-text\">V\u01b0\u1eddn \u01b0\u01a1m c\u00e2y ch\u00fac t\u1ea1i B\u1ebfn Tre<\/figcaption><\/figure>\n<p>C\u00e2y tr\u1ea3i qua quy tr\u00ecnh nh\u00e2n gi\u1ed1ng, d\u01b0\u1ee1ng c\u00e2y con, x\u1ea3 n\u1eafng ho\u00e0n ch\u1ec9nh. \u0110\u1ebfn tay c\u00f4 b\u00e1c s\u1ebd l\u00e0 t\u1eebng c\u00e2y \u0111\u00e3 c\u1ee9ng c\u00e1p \u0111\u00e3 ra c\u01a1i ch\u1ed3i m\u1edbi.<br \/>\nQu\u00fd c\u00f4 b\u00e1c c\u00f3 th\u1ec3 li\u00ean h\u1ec7 tr\u1ef1c ti\u1ebfp qua <span style=\"color: #008000;\"><strong><span style=\"font-size: 120%;\">SDT\/ Zalo 0962.888.014<\/span><\/strong><\/span> \u0111\u1ec3 ch\u00fang t\u00f4i t\u01b0 v\u1ea5n v\u00e0 b\u00e1o gi\u00e1 c\u1ee5 th\u1ec3. Xin c\u1ea3m \u01a1n qu\u00fd c\u00f4 b\u00e1c \u0111\u00e3 \u0111\u1eb7t ni\u1ec1m tin v\u1edbi nh\u00e0 v\u01b0\u1eddn.<\/p>\n<p>&gt;&gt; M\u1eddi b\u1ea1n \u0111\u1ecdc th\u00eam:<a href=\"https:\/\/danviet.vn\/viet-nam-co-loai-qua-tuong-tuyet-chung-nhanh-tay-dem-trong-thu-tien-khung-502021286942861-d809180.html\" target=\"_blank\" rel=\"noopener\"><span style=\"color: #000080;\"><em>Vi\u1ec7t Nam c\u00f3 lo\u1ea1i qu\u1ea3 t\u01b0\u1edfng &#8220;tuy\u1ec7t ch\u1ee7ng&#8221;, nhanh tay \u0111em tr\u1ed3ng thu ti\u1ec1n &#8220;kh\u1ee7ng&#8221;<\/em><\/span><\/a><\/p>\n<div class=\"line-datetime\"><\/div>\n","protected":false},"excerpt":{"rendered":"<p>* Gi\u00e1 tham kh\u1ea3o cho s\u1ed1 l\u01b0\u1ee3ng t\u1eeb 30 c\u00e2y, c\u00f3 th\u1ec3 thay \u0111\u1ed5i theo th\u1eddi \u0111i\u1ec3m<br \/>\n* Ch\u01b0a bao g\u1ed3m ph\u00ed v\u1eadn chuy\u1ec3n (t\u00f9y theo s\u1ed1 l\u01b0\u1ee3ng c\u00e2y v\u00e0 \u0111\u1ecba \u0111i\u1ec3m giao h\u00e0ng)<\/p>\n","protected":false},"featured_media":1688,"comment_status":"closed","ping_status":"closed","template":"","meta":[],"product_brand":[],"product_cat":[35,50],"product_tag":[52],"class_list":{"0":"post-1462","1":"product","2":"type-product","3":"status-publish","4":"has-post-thumbnail","6":"product_cat-san-pham-giong-cay-an-trai","7":"product_cat-giong-chanh","8":"product_tag-giong-chanh-chuc","10":"first","11":"instock","12":"shipping-taxable","13":"purchasable","14":"product-type-simple"},"_links":{"self":[{"href":"https:\/\/ktech4.k-tech-services.com\/phucan713\/wp-json\/wp\/v2\/product\/1462","targetHints":{"allow":["GET"]}}],"collection":[{"href":"https:\/\/ktech4.k-tech-services.com\/phucan713\/wp-json\/wp\/v2\/product"}],"about":[{"href":"https:\/\/ktech4.k-tech-services.com\/phucan713\/wp-json\/wp\/v2\/types\/product"}],"replies":[{"embeddable":true,"href":"https:\/\/ktech4.k-tech-services.com\/phucan713\/wp-json\/wp\/v2\/comments?post=1462"}],"wp:featuredmedia":[{"embeddable":true,"href":"https:\/\/ktech4.k-tech-services.com\/phucan713\/wp-json\/"}],"wp:attachment":[{"href":"https:\/\/ktech4.k-tech-services.com\/phucan713\/wp-json\/wp\/v2\/media?parent=1462"}],"wp:term":[{"taxonomy":"product_brand","embeddable":true,"href":"https:\/\/ktech4.k-tech-services.com\/phucan713\/wp-json\/wp\/v2\/product_brand?post=1462"},{"taxonomy":"product_cat","embeddable":true,"href":"https:\/\/ktech4.k-tech-services.com\/phucan713\/wp-json\/wp\/v2\/product_cat?post=1462"},{"taxonomy":"product_tag","embeddable":true,"href":"https:\/\/ktech4.k-tech-services.com\/phucan713\/wp-json\/wp\/v2\/product_tag?post=1462"}],"curies":[{"name":"wp","href":"https:\/\/api.w.org\/{rel}","templated":true}]}}