{"id":1464,"date":"2024-04-03T07:57:47","date_gmt":"2024-04-03T07:57:47","guid":{"rendered":"https:\/\/caygiongphucan.com\/?post_type=product&amp;p=1464"},"modified":"2024-04-03T07:57:47","modified_gmt":"2024-04-03T07:57:47","slug":"cay-giong-xoai-cat-chu","status":"publish","type":"product","link":"https:\/\/ktech4.k-tech-services.com\/phucan713\/san-pham\/cay-giong-xoai-cat-chu\/","title":{"rendered":"C\u00e2y gi\u1ed1ng xo\u00e0i c\u00e1t chu"},"content":{"rendered":"<p>Xo\u00e0i c\u00e1t chu, m\u1ed9t trong nh\u1eefng gi\u1ed1ng xo\u00e0i ngon nh\u1ea5t Vi\u1ec7t Nam, \u0111\u01b0\u1ee3c y\u00eau th\u00edch kh\u00f4ng ch\u1ec9 v\u00ec h\u01b0\u01a1ng v\u1ecb th\u01a1m ngon, ng\u1ecdt ng\u00e0o m\u00e0 c\u00f2n b\u1edfi gi\u00e1 tr\u1ecb kinh t\u1ebf cao m\u00e0 n\u00f3 mang l\u1ea1i.<\/p>\n<p>H\u00e3y c\u00f9ng kh\u00e1m ph\u00e1 ngu\u1ed3n g\u1ed1c, \u0111\u1eb7c \u0111i\u1ec3m v\u00e0 k\u1ef9 thu\u1eadt tr\u1ed3ng gi\u1ed1ng xo\u00e0i c\u00e1t chu \u0111\u1ec3 c\u00f3 th\u1ec3 thu ho\u1ea1ch nh\u1eefng tr\u00e1i xo\u00e0i ch\u1ea5t l\u01b0\u1ee3ng nh\u1ea5t.<\/p>\n<h2>Ngu\u1ed3n g\u1ed1c v\u00e0 \u0111\u1eb7c \u0111i\u1ec3m c\u00e2y xo\u00e0i c\u00e1t chu<\/h2>\n<p>Xo\u00e0i c\u00e1t chu c\u00f3 ngu\u1ed3n g\u1ed1c t\u1eeb Vi\u1ec7t Nam, \u0111\u1eb7c bi\u1ec7t ph\u1ed5 bi\u1ebfn \u1edf v\u00f9ng \u0110\u1ed3ng b\u1eb1ng s\u00f4ng C\u1eedu Long. C\u00e2y c\u00f3 kh\u1ea3 n\u0103ng th\u00edch nghi t\u1ed1t v\u1edbi \u0111i\u1ec1u ki\u1ec7n kh\u00ed h\u1eadu nhi\u1ec7t \u0111\u1edbi gi\u00f3 m\u00f9a. C\u00e2y xo\u00e0i c\u00e1t chu c\u00f3 t\u1ed1c \u0111\u1ed9 ph\u00e1t tri\u1ec3n v\u1eeba ph\u1ea3i, cao t\u1eeb 10-20 m\u00e9t v\u1edbi t\u00e1n l\u00e1 r\u1ed9ng, cung c\u1ea5p b\u00f3ng m\u00e1t t\u1ed1t cho khu v\u01b0\u1eddn.<\/p>\n<h2>\u0110\u1eb7c \u0111i\u1ec3m tr\u00e1i v\u00e0 h\u01b0\u01a1ng v\u1ecb xo\u00e0i c\u00e1t chu<\/h2>\n<figure id=\"attachment_1630\" aria-describedby=\"caption-attachment-1630\" style=\"width: 500px\" class=\"wp-caption aligncenter\"><img loading=\"lazy\" decoding=\"async\" class=\"wp-image-1630\" src=\"http:\/\/localhost\/phucan713\/wp-content\/uploads\/2024\/04\/xoai-cat-chu.jpg\" alt=\"C\u1eadn c\u1ea3nh th\u1ecbt xo\u00e0i c\u00e1t chu\" width=\"500\" height=\"333\" \/><figcaption id=\"caption-attachment-1630\" class=\"wp-caption-text\">C\u1eadn c\u1ea3nh th\u1ecbt xo\u00e0i c\u00e1t chu<\/figcaption><\/figure>\n<p>Tr\u00e1i xo\u00e0i c\u00e1t chu\u00a0c\u00f3 h\u00ecnh d\u1ea1ng b\u1ea7u d\u1ee5c, tr\u1ecdng l\u01b0\u1ee3ng trung b\u00ecnh t\u1eeb 350-450 gram m\u1ed7i tr\u00e1i. V\u1ecf tr\u00e1i m\u1ecfng, m\u00e0u v\u00e0ng nh\u1ea1t khi ch\u00edn v\u00e0 \u00edt x\u01a1.<\/p>\n<p>Th\u1ecbt tr\u00e1i\u00a0m\u00e0u v\u00e0ng t\u01b0\u01a1i, v\u1ecb ng\u1ecdt \u0111\u1eadm \u0111\u00e0, r\u1ea5t \u00edt x\u01a1 v\u00e0 c\u00f3 h\u01b0\u01a1ng th\u01a1m n\u1ed3ng n\u00e0n. V\u1ecb c\u1ee7a xo\u00e0i c\u00e1t chu\u00a0\u0111\u01b0\u1ee3c \u0111\u00e1nh gi\u00e1 l\u00e0 m\u1ed9t trong nh\u1eefng h\u01b0\u01a1ng v\u1ecb ngon nh\u1ea5t trong c\u00e1c gi\u1ed1ng xo\u00e0i hi\u1ec7n nay.<\/p>\n<h2>Th\u1eddi gian tr\u1ed3ng v\u00e0 thu ho\u1ea1ch xo\u00e0i c\u00e1t chu<\/h2>\n<figure id=\"attachment_1631\" aria-describedby=\"caption-attachment-1631\" style=\"width: 242px\" class=\"wp-caption aligncenter\"><img loading=\"lazy\" decoding=\"async\" class=\"wp-image-1631\" src=\"http:\/\/localhost\/phucan713\/wp-content\/uploads\/2024\/04\/156158019_1411835245833621_7402493789994898584_n.jpg\" alt=\"C\u00e2y xo\u00e0i c\u00e1t chu v\u00e0o \u0111\u1ed9 thu ho\u1ea1ch\" width=\"242\" height=\"500\" \/><figcaption id=\"caption-attachment-1631\" class=\"wp-caption-text\">C\u00e2y xo\u00e0i c\u00e1t chu v\u00e0o \u0111\u1ed9 thu ho\u1ea1ch<\/figcaption><\/figure>\n<p>C\u00e2y xo\u00e0i c\u00e1t chu m\u1ea5t kho\u1ea3ng 3 n\u0103m t\u1eeb khi tr\u1ed3ng \u0111\u1ebfn khi b\u1eaft \u0111\u1ea7u cho tr\u00e1i. Th\u1eddi gian t\u1eeb khi ra hoa \u0111\u1ebfn khi thu ho\u1ea1ch l\u00e0 kho\u1ea3ng 3-4 th\u00e1ng, t\u00f9y thu\u1ed9c v\u00e0o \u0111i\u1ec1u ki\u1ec7n th\u1eddi ti\u1ebft v\u00e0 k\u1ef9 thu\u1eadt ch\u0103m s\u00f3c.<\/p>\n<h2>N\u0103ng su\u1ea5t gi\u1ed1ng xo\u00e0i c\u00e1t chu<\/h2>\n<p>Gi\u1ed1ng xo\u00e0i c\u00e1t chu n\u1ed5i ti\u1ebfng v\u1edbi n\u0103ng su\u1ea5t cao, m\u1ed9t c\u00e2y tr\u01b0\u1edfng th\u00e0nh c\u00f3 th\u1ec3 cho thu ho\u1ea1ch t\u1eeb 100-150 kg xo\u00e0i m\u1ed7i n\u0103m. \u0110i\u1ec1u n\u00e0y l\u00e0m cho xo\u00e0i c\u00e1t chu tr\u1edf th\u00e0nh m\u1ed9t trong nh\u1eefng gi\u1ed1ng c\u00f3 gi\u00e1 tr\u1ecb kinh t\u1ebf cao, th\u00edch h\u1ee3p \u0111\u1ec3 ph\u00e1t tri\u1ec3n c\u00e1c v\u01b0\u1eddn xo\u00e0i quy m\u00f4 l\u1edbn. C\u00e0ng v\u1ec1 l\u00e2u, c\u00e2y xo\u00e0i c\u00e1t chu c\u00e0ng cho tr\u00e1i nhi\u1ec1u.<\/p>\n<h2>Kh\u00ed h\u1eadu v\u00e0 \u0111\u1ea5t tr\u1ed3ng th\u00edch h\u1ee3p<\/h2>\n<p>Xo\u00e0i c\u00e1t chu\u00a0th\u00edch h\u1ee3p v\u1edbi kh\u00ed h\u1eadu nhi\u1ec7t \u0111\u1edbi, n\u00f3ng \u1ea9m quanh n\u0103m. \u0110\u1ea5t tr\u1ed3ng xo\u00e0i c\u1ea7n tho\u00e1t n\u01b0\u1edbc t\u1ed1t, gi\u00e0u dinh d\u01b0\u1ee1ng v\u00e0 c\u00f3 \u0111\u1ed9 pH t\u1eeb 5,5 \u0111\u1ebfn 7. C\u00e2y c\u00f3 th\u1ec3 tr\u1ed3ng t\u1ed1t \u1edf nhi\u1ec1u lo\u1ea1i \u0111\u1ea5t nh\u01b0ng \u0111\u1ea5t ph\u00f9 sa ho\u1eb7c \u0111\u1ea5t th\u1ecbt nh\u1eb9 l\u00e0 l\u00fd t\u01b0\u1edfng nh\u1ea5t.<\/p>\n<h2>Kho\u1ea3ng c\u00e1ch tr\u1ed3ng<\/h2>\n<p>Kho\u1ea3ng c\u00e1ch tr\u1ed3ng l\u00fd t\u01b0\u1edfng cho xo\u00e0i c\u00e1t chu\u00a0l\u00e0 7\u00a0m\u00e9t gi\u1eefa c\u00e1c c\u00e2y. \u0110i\u1ec1u n\u00e0y \u0111\u1ea3m b\u1ea3o c\u00e1c c\u00e2y c\u00f3 \u0111\u1ee7 kh\u00f4ng gian \u0111\u1ec3 ph\u00e1t tri\u1ec3n t\u00e1n l\u00e1 v\u00e0 h\u1ec7 r\u1ec5, t\u1eeb \u0111\u00f3 gi\u00fap c\u00e2y kh\u1ecfe m\u1ea1nh v\u00e0 t\u0103ng n\u0103ng su\u1ea5t.<\/p>\n<h2>K\u1ef9 thu\u1eadt tr\u1ed3ng xo\u00e0i c\u00e1t chu<\/h2>\n<p>K\u1ef9 thu\u1eadt tr\u1ed3ng xo\u00e0i c\u00e1t chu\u00a0\u0111\u00f2i h\u1ecfi s\u1ef1 ch\u00fa \u00fd \u0111\u1ebfn vi\u1ec7c b\u1ea3o v\u1ec7 c\u00e2y non kh\u1ecfi c\u00e1c \u0111i\u1ec1u ki\u1ec7n th\u1eddi ti\u1ebft c\u1ef1c \u0111oan nh\u01b0 l\u0169 l\u1ee5t ho\u1eb7c h\u1ea1n h\u00e1n.<\/p>\n<p>C\u00e2y c\u1ea7n \u0111\u01b0\u1ee3c t\u01b0\u1edbi n\u01b0\u1edbc th\u01b0\u1eddng xuy\u00ean, \u0111\u1eb7c bi\u1ec7t l\u00e0 trong m\u00f9a kh\u00f4. B\u00f3n ph\u00e2n \u0111\u1ea7y \u0111\u1ee7 dinh d\u01b0\u1ee1ng l\u00e0 c\u1ea7n thi\u1ebft \u0111\u1ec3 duy tr\u00ec s\u1ef1 ph\u00e1t tri\u1ec3n kh\u1ecfe m\u1ea1nh v\u00e0 s\u1ea3n l\u01b0\u1ee3ng tr\u00e1i cao.<\/p>\n<p>Ph\u00f2ng tr\u1eeb s\u00e2u b\u1ec7nh th\u01b0\u1eddng xuy\u00ean c\u0169ng r\u1ea5t quan tr\u1ecdng \u0111\u1ec3 \u0111\u1ea3m b\u1ea3o ch\u1ea5t l\u01b0\u1ee3ng v\u00e0 s\u1ed1 l\u01b0\u1ee3ng tr\u00e1i c\u00e2y.<\/p>\n<h2>Gi\u00e1 c\u00e2y gi\u1ed1ng xo\u00e0i c\u00e1t chu<\/h2>\n<p>Gi\u00e1 c\u00e2y gi\u1ed1ng xo\u00e0i c\u00e1t chu t\u1ea1i v\u01b0\u1eddn Ph\u00fac An dao \u0111\u1ed9ng t\u1eeb 33.000 &#8211; 40.000\/ c\u00e2y. T\u00f9y theo l\u00f4 c\u00e2y, s\u1ed1 l\u01b0\u1ee3ng \u0111\u1eb7t s\u1ebd c\u00f3 m\u1ee9c gi\u00e1 kh\u00e1c nhau. Ch\u00fang t\u00f4i cam k\u1ebft lu\u00f4n gi\u1eef m\u1ee9c gi\u00e1 m\u1ec1m v\u1eeba t\u00fai ti\u1ec1n \u0111\u1ec3 m\u1ecdi kh\u00e1ch h\u00e0ng \u0111\u1ec1u c\u00f3 th\u1ec3 ch\u1ecdn mua nh\u1eefng c\u00e2y gi\u1ed1ng th\u1eadt t\u1ed1t cho khu v\u01b0\u1eddn c\u1ee7a m\u00ecnh.<\/p>\n<figure id=\"attachment_1811\" aria-describedby=\"caption-attachment-1811\" style=\"width: 375px\" class=\"wp-caption aligncenter\"><img loading=\"lazy\" decoding=\"async\" class=\"wp-image-1811\" src=\"http:\/\/localhost\/phucan713\/wp-content\/uploads\/2024\/04\/xoai-du-loai-225x300.jpg\" alt=\"C\u00e2y gi\u1ed1ng xo\u00e0i Ph\u00fac An cung c\u1ea5p\" width=\"375\" height=\"500\" \/><figcaption id=\"caption-attachment-1811\" class=\"wp-caption-text\">C\u00e2y gi\u1ed1ng xo\u00e0i Ph\u00fac An cung c\u1ea5p<\/figcaption><\/figure>\n<h2>Mua c\u00e2y gi\u1ed1ng xo\u00e0i c\u00e1t chu\u00a0\u1edf \u0111\u00e2u ch\u1ea5t l\u01b0\u1ee3ng?<\/h2>\n<p>C\u00e2y gi\u1ed1ng Ph\u00fac An cung c\u1ea5p c\u00e2y gi\u1ed1ng xo\u00e0i c\u00e1t chu\u00a0ch\u1ea5t l\u01b0\u1ee3ng, \u0111\u01b0\u1ee3c b\u1ea3o h\u00e0nh \u0111\u00fang gi\u1ed1ng cho t\u1edbi khi c\u00f3 tr\u00e1i. V\u01b0\u1eddn nh\u00e2n gi\u1ed1ng c\u1ee7a Ph\u00fac An \u0111\u01b0\u1ee3c ch\u1ecdn l\u1ef1a k\u1ef9 l\u01b0\u1ee1ng, l\u00e0 v\u01b0\u1eddn \u0111\u00e3 cho tr\u00e1i chu\u1ea9n v\u00e0 \u1ed5n \u0111\u1ecbnh. C\u00e0nh gh\u00e9p \u0111\u01b0\u1ee3c tuy\u1ec3n ch\u1ecdn kh\u1ecfe m\u1ea1nh xanh t\u1ed1t.<\/p>\n<figure id=\"attachment_1632\" aria-describedby=\"caption-attachment-1632\" style=\"width: 600px\" class=\"wp-caption aligncenter\"><img loading=\"lazy\" decoding=\"async\" class=\"wp-image-1632\" src=\"http:\/\/localhost\/phucan713\/wp-content\/uploads\/2024\/04\/z5261630340924_ba07313e9c88a7159b5ba5b651910767-1-768x1024.jpg\" alt=\"C\u00e2y gi\u1ed1ng xo\u00e0i c\u00e1t chu cung c\u1ea5p b\u1edfi Ph\u00fac An\" width=\"600\" height=\"800\" \/><figcaption id=\"caption-attachment-1632\" class=\"wp-caption-text\">C\u00e2y gi\u1ed1ng xo\u00e0i c\u00e1t chu cung c\u1ea5p b\u1edfi Ph\u00fac An<\/figcaption><\/figure>\n<p>Ti\u00eau chu\u1ea9n C\u00e2y gi\u1ed1ng xo\u00e0i c\u00e1t chu\u00a0\u0111\u01b0\u1ee3c cung c\u1ea5p b\u1edfi v\u01b0\u1eddn Ph\u00fac An:<\/p>\n<p>&#8211; Chi\u1ec1u cao c\u00e2y gi\u1ed1ng t\u1eeb 100cm-120cm<\/p>\n<p>&#8211; C\u00e2y nu\u00f4i b\u1ea7u, \u0111\u00e3 x\u1ea3 n\u1eafng.<\/p>\n<p>&#8211; R\u1ec5 ph\u00e1t tri\u1ec3n m\u1ea1nh, v\u1ebft gh\u00e9p ti\u1ebfp h\u1ee3p t\u1ed1t, b\u1ed9 l\u00e1 xanh t\u1ed1t d\u00e0y d\u1eb7n<\/p>\n<figure id=\"attachment_1633\" aria-describedby=\"caption-attachment-1633\" style=\"width: 600px\" class=\"wp-caption aligncenter\"><img loading=\"lazy\" decoding=\"async\" class=\"wp-image-1633\" src=\"http:\/\/localhost\/phucan713\/wp-content\/uploads\/2024\/04\/z5261630334016_b43d7360d48ccf666bd55c7c9e25494c-768x1024.jpg\" alt=\"C\u00e2y gi\u1ed1ng xo\u00e0i c\u00e1t chu - Ph\u00fac An\" width=\"600\" height=\"800\" \/><figcaption id=\"caption-attachment-1633\" class=\"wp-caption-text\">C\u00e2y gi\u1ed1ng xo\u00e0i c\u00e1t chu &#8211; Ph\u00fac An<\/figcaption><\/figure>\n<figure id=\"attachment_1634\" aria-describedby=\"caption-attachment-1634\" style=\"width: 600px\" class=\"wp-caption aligncenter\"><img loading=\"lazy\" decoding=\"async\" class=\"wp-image-1634\" src=\"http:\/\/localhost\/phucan713\/wp-content\/uploads\/2024\/04\/z5261630335119_689ffc4ac297f12105d5d4007f248703-768x1024.jpg\" alt=\"C\u00e2y gi\u1ed1ng xo\u00e0i c\u00e1t chu - Ph\u00fac An\" width=\"600\" height=\"800\" \/><figcaption id=\"caption-attachment-1634\" class=\"wp-caption-text\">C\u00e2y gi\u1ed1ng xo\u00e0i c\u00e1t chu &#8211; Ph\u00fac An<\/figcaption><\/figure>\n<p>C\u00e2y tr\u1ea3i qua quy tr\u00ecnh nh\u00e2n gi\u1ed1ng, d\u01b0\u1ee1ng c\u00e2y con, x\u1ea3 n\u1eafng ho\u00e0n ch\u1ec9nh. \u0110\u1ebfn tay c\u00f4 b\u00e1c s\u1ebd l\u00e0 t\u1eebng c\u00e2y \u0111\u00e3 c\u1ee9ng c\u00e1p \u0111\u00e3 ra c\u01a1i ch\u1ed3i m\u1edbi.<br \/>\nQu\u00fd c\u00f4 b\u00e1c c\u00f3 th\u1ec3 li\u00ean h\u1ec7 tr\u1ef1c ti\u1ebfp qua SDT\/ Zalo 0962.888.014 (<a href=\"http:\/\/localhost\/phucan713\/\" target=\"_blank\" rel=\"noopener\">C\u00e2y Gi\u1ed1ng Ph\u00fac An<\/a>) \u0111\u1ec3 ch\u00fang t\u00f4i t\u01b0 v\u1ea5n v\u00e0 b\u00e1o gi\u00e1 c\u1ee5 th\u1ec3. Xin c\u1ea3m \u01a1n qu\u00fd c\u00f4 b\u00e1c \u0111\u00e3 \u0111\u1eb7t ni\u1ec1m tin v\u1edbi nh\u00e0 v\u01b0\u1eddn.<\/p>\n<p>&gt;&gt; M\u1eddi b\u1ea1n \u0111\u1ecdc th\u00eam: <a href=\"https:\/\/kinhte.congthuong.vn\/xoai-cat-chu-co-gia-cao-nguoi-trong-lai-lon-245253.html\" target=\"_blank\" rel=\"noopener\"><span style=\"color: #000080;\"><em><strong>Xo\u00e0i c\u00e1t Chu c\u00f3 gi\u00e1 cao, ng\u01b0\u1eddi tr\u1ed3ng l\u00e3i l\u1edbn<\/strong><\/em><\/span><\/a><\/p>\n","protected":false},"excerpt":{"rendered":"<p>* Gi\u00e1 tham kh\u1ea3o cho s\u1ed1 l\u01b0\u1ee3ng t\u1eeb 30 c\u00e2y, c\u00f3 th\u1ec3 thay \u0111\u1ed5i theo th\u1eddi \u0111i\u1ec3m<br \/>\n* Ch\u01b0a bao g\u1ed3m ph\u00ed v\u1eadn chuy\u1ec3n (t\u00f9y theo s\u1ed1 l\u01b0\u1ee3ng c\u00e2y v\u00e0 \u0111\u1ecba \u0111i\u1ec3m giao h\u00e0ng)<\/p>\n","protected":false},"featured_media":1465,"comment_status":"closed","ping_status":"closed","template":"","meta":[],"product_brand":[],"product_cat":[35,107],"product_tag":[108],"class_list":{"0":"post-1464","1":"product","2":"type-product","3":"status-publish","4":"has-post-thumbnail","6":"product_cat-san-pham-giong-cay-an-trai","7":"product_cat-giong-xoai","8":"product_tag-giong-xoai-cat-chu","10":"first","11":"instock","12":"shipping-taxable","13":"purchasable","14":"product-type-simple"},"_links":{"self":[{"href":"https:\/\/ktech4.k-tech-services.com\/phucan713\/wp-json\/wp\/v2\/product\/1464","targetHints":{"allow":["GET"]}}],"collection":[{"href":"https:\/\/ktech4.k-tech-services.com\/phucan713\/wp-json\/wp\/v2\/product"}],"about":[{"href":"https:\/\/ktech4.k-tech-services.com\/phucan713\/wp-json\/wp\/v2\/types\/product"}],"replies":[{"embeddable":true,"href":"https:\/\/ktech4.k-tech-services.com\/phucan713\/wp-json\/wp\/v2\/comments?post=1464"}],"wp:featuredmedia":[{"embeddable":true,"href":"https:\/\/ktech4.k-tech-services.com\/phucan713\/wp-json\/"}],"wp:attachment":[{"href":"https:\/\/ktech4.k-tech-services.com\/phucan713\/wp-json\/wp\/v2\/media?parent=1464"}],"wp:term":[{"taxonomy":"product_brand","embeddable":true,"href":"https:\/\/ktech4.k-tech-services.com\/phucan713\/wp-json\/wp\/v2\/product_brand?post=1464"},{"taxonomy":"product_cat","embeddable":true,"href":"https:\/\/ktech4.k-tech-services.com\/phucan713\/wp-json\/wp\/v2\/product_cat?post=1464"},{"taxonomy":"product_tag","embeddable":true,"href":"https:\/\/ktech4.k-tech-services.com\/phucan713\/wp-json\/wp\/v2\/product_tag?post=1464"}],"curies":[{"name":"wp","href":"https:\/\/api.w.org\/{rel}","templated":true}]}}