{"id":1466,"date":"2024-04-03T08:20:44","date_gmt":"2024-04-03T08:20:44","guid":{"rendered":"https:\/\/caygiongphucan.com\/?post_type=product&amp;p=1466"},"modified":"2024-04-03T08:20:44","modified_gmt":"2024-04-03T08:20:44","slug":"cay-giong-xoai-cat-hoa-loc","status":"publish","type":"product","link":"https:\/\/ktech4.k-tech-services.com\/phucan713\/san-pham\/cay-giong-xoai-cat-hoa-loc\/","title":{"rendered":"C\u00e2y gi\u1ed1ng xo\u00e0i c\u00e1t h\u00f2a l\u1ed9c"},"content":{"rendered":"<p>Xo\u00e0i c\u00e1t h\u00f2a l\u1ed9c l\u00e0 m\u1ed9t trong nh\u1eefng gi\u1ed1ng xo\u00e0i \u0111\u01b0\u1ee3c \u0111\u00e1nh gi\u00e1 cao nh\u1ea5t t\u1ea1i Vi\u1ec7t Nam, n\u1ed5i ti\u1ebfng v\u1edbi ch\u1ea5t l\u01b0\u1ee3ng v\u00e0 h\u01b0\u01a1ng v\u1ecb th\u01a1m ngon \u0111\u1eb7c tr\u01b0ng.<\/p>\n<p>\u0110\u01b0\u1ee3c tr\u1ed3ng ph\u1ed5 bi\u1ebfn \u1edf c\u00e1c t\u1ec9nh ph\u00eda Nam, \u0111\u1eb7c bi\u1ec7t l\u00e0 \u1edf H\u00f2a L\u1ed9c, t\u1ec9nh Ti\u1ec1n Giang, gi\u1ed1ng xo\u00e0i c\u00e1t h\u00f2a l\u1ed9c kh\u00f4ng ch\u1ec9 l\u00e0 ni\u1ec1m t\u1ef1 h\u00e0o c\u1ee7a ng\u01b0\u1eddi d\u00e2n \u0111\u1ecba ph\u01b0\u01a1ng m\u00e0 c\u00f2n l\u00e0 m\u1ed9t trong nh\u1eefng l\u1ef1a ch\u1ecdn h\u00e0ng \u0111\u1ea7u cho vi\u1ec7c xu\u1ea5t kh\u1ea9u.<\/p>\n<p>B\u00e0i vi\u1ebft n\u00e0y s\u1ebd \u0111i s\u00e2u ph\u00e2n t\u00edch v\u1ec1 \u0111\u1eb7c \u0111i\u1ec3m v\u00e0 k\u1ef9 thu\u1eadt tr\u1ed3ng c\u00e2y xo\u00e0i c\u00e1t h\u00f2a l\u1ed9c, nh\u1eb1m gi\u00fap n\u00f4ng d\u00e2n hi\u1ec3u r\u00f5 h\u01a1n v\u1ec1 gi\u1ed1ng c\u00e2y tr\u1ed3ng ti\u1ec1m n\u0103ng n\u00e0y.<\/p>\n<h2>\u0110\u1eb7c \u0111i\u1ec3m gi\u1ed1ng xo\u00e0i c\u00e1t h\u00f2a l\u1ed9c<\/h2>\n<figure id=\"attachment_1624\" aria-describedby=\"caption-attachment-1624\" style=\"width: 374px\" class=\"wp-caption aligncenter\"><img loading=\"lazy\" decoding=\"async\" class=\"wp-image-1624\" src=\"http:\/\/localhost\/phucan713\/wp-content\/uploads\/2024\/04\/341665133_558895762898976_2422181414073799093_n.jpg\" alt=\"Tr\u00e1i xo\u00e0i c\u00e1t h\u00f2a l\u1ed9c th\u01a1m ngon tr\u1ee9 danh\" width=\"374\" height=\"500\" \/><figcaption id=\"caption-attachment-1624\" class=\"wp-caption-text\">Tr\u00e1i xo\u00e0i c\u00e1t h\u00f2a l\u1ed9c th\u01a1m ngon tr\u1ee9 danh<\/figcaption><\/figure>\n<h3>\u0110\u1eb7c \u0111i\u1ec3m c\u00e2y xo\u00e0i c\u00e1t h\u00f2a l\u1ed9c<\/h3>\n<p>C\u00e2y xo\u00e0i c\u00e1t h\u00f2a l\u1ed9c\u00a0c\u00f3 k\u00edch th\u01b0\u1edbc v\u1eeba ph\u1ea3i, cao t\u1eeb 3-5 m\u00e9t, ph\u00f9 h\u1ee3p v\u1edbi vi\u1ec7c tr\u1ed3ng trong c\u00e1c khu v\u01b0\u1eddn nh\u1ecf ho\u1eb7c v\u01b0\u1eddn \u01b0\u01a1m. C\u00e2y c\u00f3 kh\u1ea3 n\u0103ng th\u00edch nghi t\u1ed1t v\u1edbi \u0111i\u1ec1u ki\u1ec7n th\u1eddi ti\u1ebft n\u00f3ng \u1ea9m c\u1ee7a Vi\u1ec7t Nam v\u00e0 c\u00f3 s\u1ee9c \u0111\u1ec1 kh\u00e1ng t\u1ed1t v\u1edbi c\u00e1c b\u1ec7nh ph\u1ed5 bi\u1ebfn. \u0110\u1eb7c bi\u1ec7t, c\u00e2y cho tr\u00e1i sau kho\u1ea3ng 3\u00a0n\u0103m tr\u1ed3ng, v\u1edbi kh\u1ea3 n\u0103ng sinh tr\u01b0\u1edfng v\u00e0 ph\u00e1t tri\u1ec3n m\u1ea1nh m\u1ebd, cho s\u1ea3n l\u01b0\u1ee3ng cao.<\/p>\n<figure id=\"attachment_1625\" aria-describedby=\"caption-attachment-1625\" style=\"width: 375px\" class=\"wp-caption aligncenter\"><img loading=\"lazy\" decoding=\"async\" class=\"wp-image-1625\" src=\"http:\/\/localhost\/phucan713\/wp-content\/uploads\/2024\/04\/333352011_1948923522119427_341022799521396866_n-768x1024.jpg\" alt=\"C\u00e2y xo\u00e0i c\u00e1t h\u00f2a l\u1ed9c \u0111\u1ed9 thu ho\u1ea1ch\" width=\"375\" height=\"500\" \/><figcaption id=\"caption-attachment-1625\" class=\"wp-caption-text\">C\u00e2y xo\u00e0i c\u00e1t h\u00f2a l\u1ed9c \u0111\u1ed9 thu ho\u1ea1ch<\/figcaption><\/figure>\n<h3>\u0110\u1eb7c \u0111i\u1ec3m tr\u00e1i xo\u00e0i c\u00e1t h\u00f2a l\u1ed9c<\/h3>\n<p>xo\u00e0i c\u00e1t h\u00f2a l\u1ed9c\u00a0\u0111\u01b0\u1ee3c bi\u1ebft \u0111\u1ebfn v\u1edbi tr\u00e1i\u00a0to, d\u00e0i v\u00e0 c\u00f3 ph\u1ea7n \u0111u\u00f4i nh\u1ecdn. Tr\u1ecdng l\u01b0\u1ee3ng trung b\u00ecnh c\u1ee7a m\u1ed9t tr\u00e1i\u00a0xo\u00e0i n\u00e0y c\u00f3 th\u1ec3 \u0111\u1ea1t t\u1eeb 350 \u0111\u1ebfn 450 gram. V\u1ecf tr\u00e1i\u00a0m\u1ecfng v\u00e0 m\u1ecbn, c\u00f3 m\u00e0u v\u00e0ng \u00f3ng \u00e1nh khi ch\u00edn, kh\u00f4ng ch\u1ec9 \u0111\u1eb9p m\u1eaft m\u00e0 c\u00f2n d\u1ec5 b\u00f3c.<\/p>\n<p>Th\u1ecbt tr\u00e1i\u00a0xo\u00e0i c\u00e1t h\u00f2a l\u1ed9c\u00a0c\u00f3 \u0111\u1ed9 ng\u1ecdt t\u1ef1 nhi\u00ean cao\u00a0c\u00f9ng h\u01b0\u01a1ng th\u01a1m l\u1eebng lan t\u1ecfa l\u00e0 y\u1ebfu t\u1ed1 l\u00e0m n\u00ean danh ti\u1ebfng c\u1ee7a gi\u1ed1ng xo\u00e0i n\u00e0y. Th\u1ecbt tr\u00e1i\u00a0cung c\u1ea5p ngu\u1ed3n vitamin C v\u00e0 c\u00e1c kho\u00e1ng ch\u1ea5t d\u1ed3i d\u00e0o. Tr\u00e1i\u00a0c\u00f3 kh\u1ea3 n\u0103ng b\u1ea3o\u00a0qu\u1ea3n\u00a0t\u1ed1t, gi\u1eef \u0111\u01b0\u1ee3c h\u01b0\u01a1ng v\u1ecb th\u01a1m ngon trong th\u1eddi gian d\u00e0i sau khi thu ho\u1ea1ch, ph\u00f9 h\u1ee3p v\u1edbi vi\u1ec7c v\u1eadn chuy\u1ec3n xa.\u00a0\u0110\u00e2y l\u00e0 gi\u1ed1ng xo\u00e0i \u0111\u01b0\u1ee3c \u01b0a chu\u1ed9ng kh\u00f4ng ch\u1ec9 \u1edf th\u1ecb tr\u01b0\u1eddng trong n\u01b0\u1edbc m\u00e0 c\u00f2n \u1edf th\u1ecb tr\u01b0\u1eddng qu\u1ed1c t\u1ebf.<\/p>\n<h2>Tr\u1ed3ng xo\u00e0i c\u00e1t h\u00f2a l\u1ed9c bao l\u00e2u cho tr\u00e1i?<\/h2>\n<p>Gi\u1ed1ng xo\u00e0i c\u00e1t h\u00f2a l\u1ed9c b\u1eaft \u0111\u1ea7u cho tr\u00e1i t\u1eeb n\u0103m th\u1ee9 3 sau khi tr\u1ed3ng, \u1ed5n \u0111\u1ecbnh n\u0103ng su\u1ea5t t\u1eeb n\u0103m th\u1ee9 5 tr\u1edf \u0111i.<\/p>\n<h2>N\u0103ng su\u1ea5t gi\u1ed1ng xo\u00e0i c\u00e1t h\u00f2a l\u1ed9c<\/h2>\n<p>M\u1ed9t c\u00e2y tr\u01b0\u1edfng th\u00e0nh c\u00f3 th\u1ec3 s\u1ea3n xu\u1ea5t 60-70kg tr\u00e1i m\u1ed7i n\u0103m. N\u0103ng su\u1ea5t \u1ed5n \u0111\u1ecbnh v\u00e0 ph\u1ea9m ch\u1ea5t tr\u00e1i ngon l\u00e0 nh\u1eefng l\u00fd do ch\u00ednh khi\u1ebfn gi\u1ed1ng xo\u00e0i n\u00e0y \u0111\u01b0\u1ee3c nhi\u1ec1u n\u00f4ng d\u00e2n \u01b0a chu\u1ed9ng.<\/p>\n<h2>\u0110i\u1ec1u ki\u1ec7n kh\u00ed h\u1eadu v\u00e0 \u0111\u1ea5t tr\u1ed3ng\u00a0gi\u1ed1ng xo\u00e0i c\u00e1t h\u00f2a l\u1ed9c<\/h2>\n<p>Gi\u1ed1ng xo\u00e0i n\u00e0y th\u00edch h\u1ee3p v\u1edbi kh\u00ed h\u1eadu nhi\u1ec7t \u0111\u1edbi, \u0111\u1eb7c bi\u1ec7t l\u00e0 trong \u0111i\u1ec1u ki\u1ec7n n\u00f3ng \u1ea9m. \u0110\u1ea5t tr\u1ed3ng ph\u1ea3i \u0111\u1ea3m b\u1ea3o \u0111\u1ed9 t\u01a1i x\u1ed1p, gi\u00e0u dinh d\u01b0\u1ee1ng v\u00e0 c\u00f3 kh\u1ea3 n\u0103ng tho\u00e1t n\u01b0\u1edbc t\u1ed1t. \u0110\u1ea5t pha c\u00e1t l\u00e0 l\u1ef1a ch\u1ecdn t\u1ed1t nh\u1ea5t cho vi\u1ec7c tr\u1ed3ng xo\u00e0i c\u00e1t h\u00f2a l\u1ed9c, gi\u00fap r\u1ec5 c\u00e2y ph\u00e1t tri\u1ec3n m\u1ea1nh v\u00e0 h\u1ed7 tr\u1ee3 t\u1ed1i \u0111a cho qu\u00e1 tr\u00ecnh sinh tr\u01b0\u1edfng.<\/p>\n<h2>K\u1ef9 thu\u1eadt tr\u1ed3ng v\u00e0 kho\u1ea3ng c\u00e1ch tr\u1ed3ng<\/h2>\n<p>Kho\u1ea3ng c\u00e1ch tr\u1ed3ng l\u00fd t\u01b0\u1edfng cho xo\u00e0i c\u00e1t h\u00f2a l\u1ed9c l\u00e0 t\u1eeb 7 m\u00e9t gi\u1eefa c\u00e1c c\u00e2y, \u0111\u1ea3m b\u1ea3o kh\u00f4ng gian ph\u00e1t tri\u1ec3n t\u1ed1i \u01b0u v\u00e0 ti\u1ebfp c\u1eadn \u00e1nh s\u00e1ng m\u1eb7t tr\u1eddi \u0111\u1ea7y \u0111\u1ee7 cho m\u1ed7i c\u00e2y. C\u00e2y c\u1ea7n \u0111\u01b0\u1ee3c t\u01b0\u1edbi n\u01b0\u1edbc \u0111\u1ec1u \u0111\u1eb7n, nh\u1ea5t l\u00e0 trong m\u00f9a kh\u00f4, v\u00e0 b\u00f3n ph\u00e2n \u0111\u1ecbnh k\u1ef3 \u0111\u1ec3 duy tr\u00ec \u0111\u1ed9 ph\u00ec nhi\u00eau c\u1ee7a \u0111\u1ea5t v\u00e0 cung c\u1ea5p \u0111\u1ee7 d\u01b0\u1ee1ng ch\u1ea5t cho c\u00e2y ph\u00e1t tri\u1ec3n kh\u1ecfe m\u1ea1nh.<\/p>\n<h2>Gi\u00e1 c\u00e2y gi\u1ed1ng xo\u00e0i c\u00e1t h\u00f2a l\u1ed9c<\/h2>\n<p>Gi\u00e1 c\u00e2y gi\u1ed1ng xo\u00e0i c\u00e1t h\u00f2a l\u1ed9c\u00a0t\u1ea1i v\u01b0\u1eddn Ph\u00fac An dao \u0111\u1ed9ng t\u1eeb 28.000 &#8211; 40.000\/ c\u00e2y. T\u00f9y theo l\u00f4 c\u00e2y, s\u1ed1 l\u01b0\u1ee3ng \u0111\u1eb7t s\u1ebd c\u00f3 m\u1ee9c gi\u00e1 kh\u00e1c nhau. Ch\u00fang t\u00f4i cam k\u1ebft lu\u00f4n gi\u1eef m\u1ee9c gi\u00e1 m\u1ec1m v\u1eeba t\u00fai ti\u1ec1n \u0111\u1ec3 m\u1ecdi kh\u00e1ch h\u00e0ng \u0111\u1ec1u c\u00f3 th\u1ec3 ch\u1ecdn mua nh\u1eefng c\u00e2y gi\u1ed1ng th\u1eadt t\u1ed1t cho khu v\u01b0\u1eddn c\u1ee7a m\u00ecnh.<\/p>\n<figure id=\"attachment_1811\" aria-describedby=\"caption-attachment-1811\" style=\"width: 375px\" class=\"wp-caption aligncenter\"><img loading=\"lazy\" decoding=\"async\" class=\"wp-image-1811\" src=\"http:\/\/localhost\/phucan713\/wp-content\/uploads\/2024\/04\/xoai-du-loai-225x300.jpg\" alt=\"C\u00e2y gi\u1ed1ng xo\u00e0i Ph\u00fac An cung c\u1ea5p\" width=\"375\" height=\"500\" \/><figcaption id=\"caption-attachment-1811\" class=\"wp-caption-text\">C\u00e2y gi\u1ed1ng xo\u00e0i Ph\u00fac An cung c\u1ea5p<\/figcaption><\/figure>\n<p>C\u00e2y gi\u1ed1ng xo\u00e0i Ph\u00fac An cung c\u1ea5p<\/p>\n<h2>Mua c\u00e2y gi\u1ed1ng xo\u00e0i c\u00e1t h\u00f2a l\u1ed9c\u00a0\u1edf \u0111\u00e2u ch\u1ea5t l\u01b0\u1ee3ng?<\/h2>\n<p>C\u00e2y gi\u1ed1ng Ph\u00fac An cung c\u1ea5p c\u00e2y gi\u1ed1ng xo\u00e0i c\u00e1t h\u00f2a l\u1ed9c\u00a0ch\u1ea5t l\u01b0\u1ee3ng, \u0111\u01b0\u1ee3c b\u1ea3o h\u00e0nh \u0111\u00fang gi\u1ed1ng cho t\u1edbi khi c\u00f3 tr\u00e1i. V\u01b0\u1eddn nh\u00e2n gi\u1ed1ng c\u1ee7a Ph\u00fac An \u0111\u01b0\u1ee3c ch\u1ecdn l\u1ef1a k\u1ef9 l\u01b0\u1ee1ng, l\u00e0 v\u01b0\u1eddn \u0111\u00e3 cho tr\u00e1i chu\u1ea9n v\u00e0 \u1ed5n \u0111\u1ecbnh. C\u00e0nh gh\u00e9p \u0111\u01b0\u1ee3c tuy\u1ec3n ch\u1ecdn kh\u1ecfe m\u1ea1nh xanh t\u1ed1t.<\/p>\n<figure id=\"attachment_1632\" aria-describedby=\"caption-attachment-1632\" style=\"width: 375px\" class=\"wp-caption aligncenter\"><img loading=\"lazy\" decoding=\"async\" class=\"wp-image-1632\" src=\"http:\/\/localhost\/phucan713\/wp-content\/uploads\/2024\/04\/z5261630340924_ba07313e9c88a7159b5ba5b651910767-1-768x1024.jpg\" alt=\"C\u00e2y gi\u1ed1ng xo\u00e0i c\u00e1t chu cung c\u1ea5p b\u1edfi Ph\u00fac An\" width=\"375\" height=\"500\" \/><figcaption id=\"caption-attachment-1632\" class=\"wp-caption-text\">C\u00e2y gi\u1ed1ng xo\u00e0i c\u00e1t chu cung c\u1ea5p b\u1edfi Ph\u00fac An<\/figcaption><\/figure>\n<p>Ti\u00eau chu\u1ea9n c\u00e2y gi\u1ed1ng xo\u00e0i c\u00e1t h\u00f2a l\u1ed9c \u0111\u01b0\u1ee3c cung c\u1ea5p b\u1edfi v\u01b0\u1eddn Ph\u00fac An:<\/p>\n<p>&#8211; Chi\u1ec1u cao c\u00e2y gi\u1ed1ng t\u1eeb 100cm-120cm<\/p>\n<p>&#8211; C\u00e2y nu\u00f4i b\u1ea7u, r\u1ec5 \u1ed5n \u0111\u1ecbnh, \u0111\u00e3 x\u1ea3 n\u1eafng<\/p>\n<p>&#8211; R\u1ec5 ph\u00e1t tri\u1ec3n m\u1ea1nh, v\u1ebft gh\u00e9p ti\u1ebfp h\u1ee3p t\u1ed1t, b\u1ed9 l\u00e1 xanh t\u1ed1t d\u00e0y d\u1eb7n<\/p>\n<figure id=\"attachment_1627\" aria-describedby=\"caption-attachment-1627\" style=\"width: 375px\" class=\"wp-caption aligncenter\"><img loading=\"lazy\" decoding=\"async\" class=\"wp-image-1627\" src=\"http:\/\/localhost\/phucan713\/wp-content\/uploads\/2024\/04\/z5261626934313_12c6518565230393fb66c5b6df8aa09b-768x1024.jpg\" alt=\"C\u00e2y gi\u1ed1ng \u0111\u01b0\u1ee3c nu\u00f4i \u0111\u1ebfn c\u01a1i 2-3, r\u1ea5t c\u1ee9ng c\u00e1p\" width=\"375\" height=\"500\" \/><figcaption id=\"caption-attachment-1627\" class=\"wp-caption-text\">C\u00e2y gi\u1ed1ng \u0111\u01b0\u1ee3c nu\u00f4i \u0111\u1ebfn c\u01a1i 2-3, r\u1ea5t c\u1ee9ng c\u00e1p<\/figcaption><\/figure>\n<h2>K\u1ebft lu\u1eadn<\/h2>\n<p>Xo\u00e0i c\u00e1t h\u00f2a l\u1ed9c\u00a0l\u00e0 m\u1ed9t l\u1ef1a ch\u1ecdn xu\u1ea5t s\u1eafc cho b\u1ea5t k\u1ef3 n\u00f4ng d\u00e2n n\u00e0o mu\u1ed1n \u0111\u1ea7u t\u01b0 v\u00e0o m\u1ed9t gi\u1ed1ng c\u00e2y c\u00f3 kh\u1ea3 n\u0103ng sinh l\u1ee3i cao. V\u1edbi nh\u1eefng \u0111\u1eb7c \u0111i\u1ec3m \u01b0u vi\u1ec7t v\u00e0 ph\u01b0\u01a1ng ph\u00e1p tr\u1ed3ng tr\u1ecdt ph\u00f9 h\u1ee3p, n\u00f4ng d\u00e2n c\u00f3 th\u1ec3 t\u1ed1i \u0111a h\u00f3a hi\u1ec7u tr\u00e1i\u00a0s\u1ea3n xu\u1ea5t v\u00e0 n\u00e2ng cao gi\u00e1 tr\u1ecb thu nh\u1eadp t\u1eeb vi\u1ec7c b\u00e1n tr\u00e1i\u00a0xo\u00e0i ch\u1ea5t l\u01b0\u1ee3ng cao tr\u00ean th\u1ecb tr\u01b0\u1eddng.<\/p>\n<p>C\u00e2y tr\u1ea3i qua quy tr\u00ecnh nh\u00e2n gi\u1ed1ng, d\u01b0\u1ee1ng c\u00e2y con, x\u1ea3 n\u1eafng ho\u00e0n ch\u1ec9nh. \u0110\u1ebfn tay c\u00f4 b\u00e1c s\u1ebd l\u00e0 t\u1eebng c\u00e2y \u0111\u00e3 c\u1ee9ng c\u00e1p \u0111\u00e3 ra c\u01a1i ch\u1ed3i m\u1edbi.<br \/>\nQu\u00fd c\u00f4 b\u00e1c c\u00f3 th\u1ec3 li\u00ean h\u1ec7 tr\u1ef1c ti\u1ebfp qua SDT\/ Zalo 0962.888.014 (<a href=\"http:\/\/localhost\/phucan713\/\" target=\"_blank\" rel=\"noopener\">C\u00e2y Gi\u1ed1ng Ph\u00fac An<\/a>) \u0111\u1ec3 ch\u00fang t\u00f4i t\u01b0 v\u1ea5n v\u00e0 b\u00e1o gi\u00e1 c\u1ee5 th\u1ec3. Xin c\u1ea3m \u01a1n qu\u00fd c\u00f4 b\u00e1c \u0111\u00e3 \u0111\u1eb7t ni\u1ec1m tin v\u1edbi nh\u00e0 v\u01b0\u1eddn.<\/p>\n<p>&gt;&gt; M\u1eddi b\u1ea1n \u0111\u1ecdc th\u00eam: <a href=\"https:\/\/baodongthap.vn\/gia-xoai-cat-hoa-loc-tang-manh-a230973.html\" target=\"_blank\" rel=\"noopener\"><span style=\"color: #000080;\"><em><strong>Gi\u00e1 xo\u00e0i c\u00e1t H\u00f2a L\u1ed9c t\u0103ng m\u1ea1nh<\/strong><\/em><\/span><\/a><\/p>\n<p>&nbsp;<\/p>\n","protected":false},"excerpt":{"rendered":"<p>* Gi\u00e1 tham kh\u1ea3o cho s\u1ed1 l\u01b0\u1ee3ng t\u1eeb 30 c\u00e2y, c\u00f3 th\u1ec3 thay \u0111\u1ed5i theo th\u1eddi \u0111i\u1ec3m<br \/>\n* Ch\u01b0a bao g\u1ed3m ph\u00ed v\u1eadn chuy\u1ec3n (t\u00f9y theo s\u1ed1 l\u01b0\u1ee3ng c\u00e2y v\u00e0 \u0111\u1ecba \u0111i\u1ec3m giao h\u00e0ng)<\/p>\n","protected":false},"featured_media":1467,"comment_status":"closed","ping_status":"closed","template":"","meta":[],"product_brand":[],"product_cat":[35,107],"product_tag":[109],"class_list":{"0":"post-1466","1":"product","2":"type-product","3":"status-publish","4":"has-post-thumbnail","6":"product_cat-san-pham-giong-cay-an-trai","7":"product_cat-giong-xoai","8":"product_tag-giong-xoai-cat-hoa-loc","10":"first","11":"instock","12":"shipping-taxable","13":"purchasable","14":"product-type-simple"},"_links":{"self":[{"href":"https:\/\/ktech4.k-tech-services.com\/phucan713\/wp-json\/wp\/v2\/product\/1466","targetHints":{"allow":["GET"]}}],"collection":[{"href":"https:\/\/ktech4.k-tech-services.com\/phucan713\/wp-json\/wp\/v2\/product"}],"about":[{"href":"https:\/\/ktech4.k-tech-services.com\/phucan713\/wp-json\/wp\/v2\/types\/product"}],"replies":[{"embeddable":true,"href":"https:\/\/ktech4.k-tech-services.com\/phucan713\/wp-json\/wp\/v2\/comments?post=1466"}],"wp:featuredmedia":[{"embeddable":true,"href":"https:\/\/ktech4.k-tech-services.com\/phucan713\/wp-json\/"}],"wp:attachment":[{"href":"https:\/\/ktech4.k-tech-services.com\/phucan713\/wp-json\/wp\/v2\/media?parent=1466"}],"wp:term":[{"taxonomy":"product_brand","embeddable":true,"href":"https:\/\/ktech4.k-tech-services.com\/phucan713\/wp-json\/wp\/v2\/product_brand?post=1466"},{"taxonomy":"product_cat","embeddable":true,"href":"https:\/\/ktech4.k-tech-services.com\/phucan713\/wp-json\/wp\/v2\/product_cat?post=1466"},{"taxonomy":"product_tag","embeddable":true,"href":"https:\/\/ktech4.k-tech-services.com\/phucan713\/wp-json\/wp\/v2\/product_tag?post=1466"}],"curies":[{"name":"wp","href":"https:\/\/api.w.org\/{rel}","templated":true}]}}