{"id":1468,"date":"2024-04-03T08:29:30","date_gmt":"2024-04-03T08:29:30","guid":{"rendered":"https:\/\/caygiongphucan.com\/?post_type=product&amp;p=1468"},"modified":"2024-04-03T08:29:30","modified_gmt":"2024-04-03T08:29:30","slug":"cay-giong-xoai-tu-quy","status":"publish","type":"product","link":"https:\/\/ktech4.k-tech-services.com\/phucan713\/san-pham\/cay-giong-xoai-tu-quy\/","title":{"rendered":"C\u00e2y gi\u1ed1ng xo\u00e0i t\u1ee9 qu\u00fd"},"content":{"rendered":"<p>Gi\u1ed1ng xo\u00e0i t\u1ee9 qu\u00fd &#8211; M\u1ed9t trong nh\u1eefng gi\u1ed1ng thu h\u00fat s\u1ef1 quan t\u00e2m c\u1ee7a ng\u01b0\u1eddi tr\u1ed3ng c\u00e2y \u0103n tr\u00e1i. Trong b\u00e0i vi\u1ebft n\u00e0y, ch\u00fang ta s\u1ebd c\u00f9ng nhau kh\u00e1m ph\u00e1 v\u1ec1 ngu\u1ed3n g\u1ed1c, \u0111\u1eb7c \u0111i\u1ec3m v\u00e0 c\u00e1ch tr\u1ed3ng c\u00e2y xo\u00e0i t\u1ee9 qu\u00fd \u0111\u1ec3 b\u1ea1n c\u00f3 th\u1ec3 \u00e1p d\u1ee5ng v\u00e0o v\u01b0\u1eddn c\u1ee7a m\u00ecnh m\u1ed9t c\u00e1ch hi\u1ec7u qu\u1ea3.<\/p>\n<h2>Ngu\u1ed3n g\u1ed1c v\u00e0 \u0111\u1eb7c \u0111i\u1ec3m c\u1ee7a c\u00e2y xo\u00e0i t\u1ee9 qu\u00fd<\/h2>\n<figure id=\"attachment_1655\" aria-describedby=\"caption-attachment-1655\" style=\"width: 375px\" class=\"wp-caption aligncenter\"><img loading=\"lazy\" decoding=\"async\" class=\"wp-image-1655\" src=\"http:\/\/localhost\/phucan713\/wp-content\/uploads\/2024\/04\/369793002_1404311360126271_4225331605791195928_n-225x300.jpg\" alt=\"Tr\u00e1i xo\u00e0i t\u1ee9 qu\u00fd - Ph\u00fac An\" width=\"375\" height=\"500\" \/><figcaption id=\"caption-attachment-1655\" class=\"wp-caption-text\">Tr\u00e1i xo\u00e0i t\u1ee9 qu\u00fd &#8211; Ph\u00fac An<\/figcaption><\/figure>\n<p>Xo\u00e0i t\u1ee9 qu\u00fd\u00a0l\u00e0 m\u1ed9t gi\u1ed1ng xo\u00e0i c\u00f3 ngu\u1ed3n g\u1ed1c t\u1eeb mi\u1ec1n t\u00e2y\u00a0&#8211; thi\u00ean \u0111\u01b0\u1eddng c\u1ee7a tr\u00e1i c\u00e2y. \u0110i\u1ec3m \u0111\u1eb7c bi\u1ec7t c\u1ee7a gi\u1ed1ng n\u00e0y l\u00e0 qu\u1ea3 xo\u00e0i c\u00f3 m\u00e0u v\u00e0ng t\u01b0\u01a1i s\u00e1ng. Gi\u1ed1ng xo\u00e0i t\u1ee9 qu\u00fd\u00a0\u0111\u01b0\u1ee3c xem l\u00e0 m\u1ed9t trong nh\u1eefng lo\u1ea1i tr\u00e1i\u00a0ngon n\u1ed5i ti\u1ebfng.<\/p>\n<p>C\u00e2y xo\u00e0i t\u1ee9 qu\u00fd\u00a0c\u00f3 kh\u1ea3 n\u0103ng ch\u1ed1ng ch\u1ecbu t\u1ed1t v\u1edbi c\u00e1c \u0111i\u1ec1u ki\u1ec7n b\u1ea5t thu\u1eadn t\u1eeb m\u00f4i tr\u01b0\u1eddng. Ch\u00fang c\u00f3 th\u1ec3 ch\u1ecbu \u0111\u01b0\u1ee3c \u0111\u1ea5t ph\u00e8n, m\u1eb7n v\u00e0 kh\u00f4 h\u1ea1n. \u0110i\u1ec1u \u0111\u1eb7c bi\u1ec7t l\u00e0 gi\u1ed1ng c\u00e2y n\u00e0y \u00edt b\u1ecb t\u1ed5n th\u01b0\u01a1ng b\u1edfi t\u00e1c nh\u00e2n n\u1ea5m b\u1ec7nh, \u0111\u1eb7c bi\u1ec7t l\u00e0 \u00edt g\u1eb7p tr\u01b0\u1eddng h\u1ee3p b\u1ecb s\u00e2u \u0111\u1ee5c th\u00e2n nh\u01b0 nh\u1eefng gi\u1ed1ng xo\u00e0i kh\u00e1c.<\/p>\n<h2>\u0110\u1eb7c \u0111i\u1ec3m tr\u00e1i v\u00e0 h\u01b0\u01a1ng v\u1ecb c\u1ee7a xo\u00e0i t\u1ee9 qu\u00fd<\/h2>\n<figure id=\"attachment_1656\" aria-describedby=\"caption-attachment-1656\" style=\"width: 375px\" class=\"wp-caption aligncenter\"><img loading=\"lazy\" decoding=\"async\" class=\"wp-image-1656\" src=\"http:\/\/localhost\/phucan713\/wp-content\/uploads\/2024\/04\/393172836_1048669206315590_7436761708036085946_n-225x300.jpg\" alt=\"C\u1eadn c\u1ea3nh th\u1ecbt tr\u00e1i xo\u00e0i t\u1ee9 qu\u00fd\" width=\"375\" height=\"500\" \/><figcaption id=\"caption-attachment-1656\" class=\"wp-caption-text\">C\u1eadn c\u1ea3nh th\u1ecbt tr\u00e1i xo\u00e0i t\u1ee9 qu\u00fd<\/figcaption><\/figure>\n<p>Xo\u00e0i t\u1ee9 qu\u00fd\u00a0l\u00e0 m\u1ed9t lo\u1ea1i xo\u00e0i c\u00f3 tr\u00e1i l\u1edbn v\u1edbi k\u00edch th\u01b0\u1edbc v\u00e0 c\u00e2n n\u1eb7ng\u00a0dao \u0111\u1ed9ng t\u1eeb 500gr-1kg. \u0110i\u1ec1u \u0111\u1eb7c bi\u1ec7t c\u1ee7a lo\u1ea1i tr\u00e1i n\u00e0y l\u00e0 l\u1edbp v\u1ecf m\u1ecfng, t\u01b0\u01a1i, \u0111\u1ed1i c\u1ee9ng, gi\u00fap h\u1ea1n ch\u1ebf t\u00ecnh tr\u1ea1ng d\u1eadp tr\u00e1i khi v\u1eadn chuy\u1ec3n.<\/p>\n<p>V\u1edbi ch\u1ea5t th\u1ecbt ch\u1eafc, gi\u00f2n, \u00edt s\u1ee3i\u00a0v\u00e0 ng\u1ecdt xen v\u1ecb chua chua, xo\u00e0i t\u1ee9 qu\u00fd\u00a0l\u00e0 s\u1ef1 l\u1ef1a ch\u1ecdn tuy\u1ec7t v\u1eddi \u0111\u1ec3 \u0103n s\u1ed1ng, r\u1ea5t k\u00edch th\u00edch v\u1ecb gi\u00e1c.<\/p>\n<h2>Tr\u1ed3ng xo\u00e0i t\u1ee9 qu\u00fd bao l\u00e2u c\u00f3 tr\u00e1i thu ho\u1ea1ch?<\/h2>\n<p>M\u1ed9t trong nh\u1eefng \u01b0u \u0111i\u1ec3m c\u1ee7a gi\u1ed1ng xo\u00e0i t\u1ee9 qu\u00fd\u00a0l\u00e0 th\u1eddi gian tr\u1ed3ng \u0111\u1ebfn khi c\u00e2y cho tr\u00e1i\u00a0kh\u00e1 ng\u1eafn, ch\u1ec9 t\u1eeb 2-3 n\u0103m sau khi tr\u1ed3ng.<\/p>\n<figure id=\"attachment_1657\" aria-describedby=\"caption-attachment-1657\" style=\"width: 375px\" class=\"wp-caption aligncenter\"><img loading=\"lazy\" decoding=\"async\" class=\"wp-image-1657\" src=\"http:\/\/localhost\/phucan713\/wp-content\/uploads\/2024\/04\/277354029_1578405739228495_4556977600290298728_n-225x300.jpg\" alt=\"C\u00e2y xo\u00e0i t\u1ee9 qu\u00fd cho tr\u00e1i thu ho\u1ea1ch sau 2-3 n\u0103m tr\u1ed3ng\" width=\"375\" height=\"500\" \/><figcaption id=\"caption-attachment-1657\" class=\"wp-caption-text\">C\u00e2y xo\u00e0i t\u1ee9 qu\u00fd cho tr\u00e1i thu ho\u1ea1ch sau 2-3 n\u0103m tr\u1ed3ng<\/figcaption><\/figure>\n<p>Th\u1eddi gian t\u1eeb khi c\u00e2y ra hoa \u0111\u1ebfn khi thu ho\u1ea1ch kho\u1ea3ng 3-4 th\u00e1ng, gi\u00fap ng\u01b0\u1eddi tr\u1ed3ng tr\u00e1i c\u00f3 th\u1ec3 nhanh ch\u00f3ng thu \u0111\u01b0\u1ee3c s\u1ea3n ph\u1ea9m.<\/p>\n<h2>N\u0103ng su\u1ea5t gi\u1ed1ng xo\u00e0i t\u1ee9 qu\u00fd<\/h2>\n<p>Xo\u00e0i t\u1ee9 qu\u00fd\u00a0\u0111\u01b0\u1ee3c \u0111\u00e1nh gi\u00e1 l\u00e0 gi\u1ed1ng c\u00e2y xo\u00e0i c\u00f3 n\u0103ng su\u1ea5t kh\u00e1 \u1ed5n \u0111\u1ecbnh, v\u1edbi kh\u1ea3 n\u0103ng cho tr\u00e1i t\u1eeb 100-150 kg tr\u00e1i m\u1ed7i c\u00e2y m\u1ed7i m\u00f9a, t\u00f9y thu\u1ed9c v\u00e0o \u0111i\u1ec1u ki\u1ec7n ch\u0103m s\u00f3c v\u00e0 m\u00f4i tr\u01b0\u1eddng tr\u1ed3ng.<\/p>\n<figure id=\"attachment_1658\" aria-describedby=\"caption-attachment-1658\" style=\"width: 375px\" class=\"wp-caption aligncenter\"><img loading=\"lazy\" decoding=\"async\" class=\"wp-image-1658\" src=\"http:\/\/localhost\/phucan713\/wp-content\/uploads\/2024\/04\/277362082_1578405802561822_3138378720998615722_n-225x300.jpg\" alt=\"Thu ho\u1ea1ch xo\u00e0i t\u1ee9 qu\u00fd t\u1ea1i mi\u1ec1n t\u00e2y - Ph\u00fac An\" width=\"375\" height=\"500\" \/><figcaption id=\"caption-attachment-1658\" class=\"wp-caption-text\">Thu ho\u1ea1ch xo\u00e0i t\u1ee9 qu\u00fd t\u1ea1i mi\u1ec1n t\u00e2y &#8211; Ph\u00fac An<\/figcaption><\/figure>\n<h2>\u0110i\u1ec1u ki\u1ec7n th\u00edch h\u1ee3p v\u00e0 k\u1ef9 thu\u1eadt tr\u1ed3ng xo\u00e0i t\u1ee9 qu\u00fd<\/h2>\n<p>C\u00e2y xo\u00e0i t\u1ee9 qu\u00fd\u00a0th\u00edch h\u1ee3p v\u1edbi kh\u00ed h\u1eadu nhi\u1ec7t \u0111\u1edbi v\u00e0 c\u1eadn nhi\u1ec7t \u0111\u1edbi, v\u1edbi nhi\u1ec7t \u0111\u1ed9 trung b\u00ecnh t\u1eeb 25-35\u00b0C v\u00e0 \u0111\u1ed9 \u1ea9m cao.<\/p>\n<p>\u0110\u1ea5t tr\u1ed3ng t\u1ed1t nh\u1ea5t l\u00e0 \u0111\u1ea5t ph\u00f9 sa tho\u00e1t n\u01b0\u1edbc t\u1ed1t v\u00e0 gi\u00e0u dinh d\u01b0\u1ee1ng. Kho\u1ea3ng c\u00e1ch tr\u1ed3ng gi\u1eefa c\u00e1c c\u00e2y n\u00ean l\u00e0 7m \u0111\u1ec3 \u0111\u1ea3m b\u1ea3o c\u00e2y c\u00f3 \u0111\u1ee7 kh\u00f4ng gian ph\u00e1t tri\u1ec3n.<\/p>\n<p>K\u1ef9 thu\u1eadt tr\u1ed3ng xo\u00e0i t\u1ee9 qu\u00fd\u00a0kh\u00f4ng qu\u00e1 ph\u1ee9c t\u1ea1p, nh\u01b0ng \u0111\u00f2i h\u1ecfi s\u1ef1 ch\u0103m s\u00f3c \u0111\u00fang c\u00e1ch t\u1eeb vi\u1ec7c ch\u1ecdn gi\u1ed1ng, ch\u0103m s\u00f3c \u0111\u1ea5t \u0111ai, t\u01b0\u1edbi n\u01b0\u1edbc v\u00e0 b\u1ea3o v\u1ec7 c\u00e2y tr\u01b0\u1edbc c\u00e1c b\u1ec7nh h\u1ea1i.<\/p>\n<h2>Gi\u00e1 c\u00e2y gi\u1ed1ng xo\u00e0i t\u1ee9 qu\u00fd<\/h2>\n<figure id=\"attachment_1659\" aria-describedby=\"caption-attachment-1659\" style=\"width: 375px\" class=\"wp-caption aligncenter\"><img loading=\"lazy\" decoding=\"async\" class=\"wp-image-1659\" src=\"http:\/\/localhost\/phucan713\/wp-content\/uploads\/2024\/04\/343411855_1493848411148841_4359059746729989120_n-1-225x300.jpg\" alt=\"C\u00e2y gi\u1ed1ng xo\u00e0i t\u1ee9 qu\u00fd t\u1ea1i Ph\u00fac An\" width=\"375\" height=\"500\" \/><figcaption id=\"caption-attachment-1659\" class=\"wp-caption-text\">C\u00e2y gi\u1ed1ng xo\u00e0i t\u1ee9 qu\u00fd t\u1ea1i Ph\u00fac An<\/figcaption><\/figure>\n<p>Gi\u00e1 c\u00e2y gi\u1ed1ng xo\u00e0i t\u1ee9 qu\u00fd\u00a0t\u1ea1i v\u01b0\u1eddn Ph\u00fac\u00a0An dao \u0111\u1ed9ng t\u1eeb 28.000 &#8211; 40.000\/ c\u00e2y. T\u00f9y theo l\u00f4 c\u00e2y, s\u1ed1 l\u01b0\u1ee3ng \u0111\u1eb7t s\u1ebd c\u00f3 m\u1ee9c gi\u00e1 kh\u00e1c nhau. Ch\u00fang t\u00f4i cam k\u1ebft lu\u00f4n gi\u1eef m\u1ee9c gi\u00e1 m\u1ec1m v\u1eeba t\u00fai ti\u1ec1n \u0111\u1ec3 m\u1ecdi kh\u00e1ch h\u00e0ng \u0111\u1ec1u c\u00f3 th\u1ec3 ch\u1ecdn mua nh\u1eefng c\u00e2y gi\u1ed1ng th\u1eadt t\u1ed1t cho khu v\u01b0\u1eddn c\u1ee7a m\u00ecnh.<\/p>\n<h2>Mua c\u00e2y gi\u1ed1ng xo\u00e0i t\u1ee9 qu\u00fd\u00a0\u1edf \u0111\u00e2u ch\u1ea5t l\u01b0\u1ee3ng?<\/h2>\n<p>C\u00e2y gi\u1ed1ng Ph\u00fac\u00a0An cung c\u1ea5p c\u00e2y gi\u1ed1ng xo\u00e0i t\u1ee9 qu\u00fd\u00a0ch\u1ea5t l\u01b0\u1ee3ng, \u0111\u01b0\u1ee3c b\u1ea3o h\u00e0nh \u0111\u00fang gi\u1ed1ng cho t\u1edbi khi c\u00f3 tr\u00e1i. V\u01b0\u1eddn nh\u00e2n gi\u1ed1ng c\u1ee7a Ph\u00fac\u00a0An \u0111\u01b0\u1ee3c ch\u1ecdn l\u1ef1a k\u1ef9 l\u01b0\u1ee1ng, l\u00e0 v\u01b0\u1eddn \u0111\u00e3 cho tr\u00e1i chu\u1ea9n v\u00e0 \u1ed5n \u0111\u1ecbnh. C\u00e0nh gh\u00e9p \u0111\u01b0\u1ee3c tuy\u1ec3n ch\u1ecdn kh\u1ecfe m\u1ea1nh xanh t\u1ed1t.<\/p>\n<figure id=\"attachment_1661\" aria-describedby=\"caption-attachment-1661\" style=\"width: 375px\" class=\"wp-caption aligncenter\"><img loading=\"lazy\" decoding=\"async\" class=\"wp-image-1661\" src=\"http:\/\/localhost\/phucan713\/wp-content\/uploads\/2024\/04\/347081676_277190461316161_8823036653206944233_n-225x300.jpg\" alt=\"C\u00e2y gi\u1ed1ng xo\u00e0i t\u1ee9 qu\u00fd - Ph\u00fac An\" width=\"375\" height=\"500\" \/><figcaption id=\"caption-attachment-1661\" class=\"wp-caption-text\">C\u00e2y gi\u1ed1ng xo\u00e0i t\u1ee9 qu\u00fd &#8211; Ph\u00fac An<\/figcaption><\/figure>\n<p>Ti\u00eau chu\u1ea9n C\u00e2y gi\u1ed1ng xo\u00e0i t\u1ee9 qu\u00fd\u00a0\u0111\u01b0\u1ee3c cung c\u1ea5p b\u1edfi v\u01b0\u1eddn Ph\u00fac\u00a0An:<\/p>\n<p>&#8211; Chi\u1ec1u cao c\u00e2y gi\u1ed1ng t\u1eeb 100cm-120cm<\/p>\n<p>&#8211; C\u00e2y nu\u00f4i b\u1ea7u, \u0111\u00e3 x\u1ea3 n\u1eafng.<\/p>\n<p>&#8211; R\u1ec5 ph\u00e1t tri\u1ec3n m\u1ea1nh, v\u1ebft gh\u00e9p ti\u1ebfp h\u1ee3p t\u1ed1t, b\u1ed9 l\u00e1 xanh t\u1ed1t d\u00e0y d\u1eb7n<\/p>\n<figure id=\"attachment_1660\" aria-describedby=\"caption-attachment-1660\" style=\"width: 375px\" class=\"wp-caption aligncenter\"><img loading=\"lazy\" decoding=\"async\" class=\"wp-image-1660\" src=\"http:\/\/localhost\/phucan713\/wp-content\/uploads\/2024\/04\/343398385_1193873527984817_5034230616579630773_n-225x300.jpg\" alt=\"C\u00e2y gi\u1ed1ng xo\u00e0i t\u1ee9 qu\u00fd - Ph\u00fac An\" width=\"375\" height=\"500\" \/><figcaption id=\"caption-attachment-1660\" class=\"wp-caption-text\">C\u00e2y gi\u1ed1ng xo\u00e0i t\u1ee9 qu\u00fd &#8211; Ph\u00fac An<\/figcaption><\/figure>\n<p>C\u00e2y tr\u1ea3i qua quy tr\u00ecnh nh\u00e2n gi\u1ed1ng, d\u01b0\u1ee1ng c\u00e2y con, x\u1ea3 n\u1eafng ho\u00e0n ch\u1ec9nh. \u0110\u1ebfn tay c\u00f4 b\u00e1c s\u1ebd l\u00e0 t\u1eebng c\u00e2y \u0111\u00e3 c\u1ee9ng c\u00e1p \u0111\u00e3 ra c\u01a1i ch\u1ed3i m\u1edbi.<br \/>\nQu\u00fd c\u00f4 b\u00e1c c\u00f3 th\u1ec3 li\u00ean h\u1ec7 tr\u1ef1c ti\u1ebfp qua SDT\/ Zalo 0962.888.014 (<a href=\"http:\/\/localhost\/phucan713\/\" target=\"_blank\" rel=\"noopener\">C\u00e2y Gi\u1ed1ng Ph\u00fac An<\/a>) \u0111\u1ec3 ch\u00fang t\u00f4i t\u01b0 v\u1ea5n v\u00e0 b\u00e1o gi\u00e1 c\u1ee5 th\u1ec3. Xin c\u1ea3m \u01a1n qu\u00fd c\u00f4 b\u00e1c \u0111\u00e3 \u0111\u1eb7t ni\u1ec1m tin v\u1edbi nh\u00e0 v\u01b0\u1eddn.<\/p>\n<p>&gt;&gt; M\u1eddi b\u1ea1n \u0111\u1ecdc th\u00eam: <a href=\"https:\/\/baotintuc.vn\/kinh-te\/trong-xoai-tu-quy-tren-dat-giong-cat-ven-bien-thu-lai-cao-20250302154106611.htm\" target=\"_blank\" rel=\"noopener\"><span style=\"color: #000080;\"><em><strong>Tr\u1ed3ng xo\u00e0i t\u1ee9 qu\u00fd tr\u00ean \u0111\u1ea5t gi\u1ed3ng c\u00e1t ven bi\u1ec3n thu l\u00e3i cao<\/strong><\/em><\/span><\/a><\/p>\n","protected":false},"excerpt":{"rendered":"<p>* Gi\u00e1 tham kh\u1ea3o cho s\u1ed1 l\u01b0\u1ee3ng t\u1eeb 30 c\u00e2y, c\u00f3 th\u1ec3 thay \u0111\u1ed5i theo th\u1eddi \u0111i\u1ec3m<br \/>\n* Ch\u01b0a bao g\u1ed3m ph\u00ed v\u1eadn chuy\u1ec3n (t\u00f9y theo s\u1ed1 l\u01b0\u1ee3ng c\u00e2y v\u00e0 \u0111\u1ecba \u0111i\u1ec3m giao h\u00e0ng)<\/p>\n","protected":false},"featured_media":1469,"comment_status":"closed","ping_status":"closed","template":"","meta":[],"product_brand":[],"product_cat":[35,107],"product_tag":[112],"class_list":{"0":"post-1468","1":"product","2":"type-product","3":"status-publish","4":"has-post-thumbnail","6":"product_cat-san-pham-giong-cay-an-trai","7":"product_cat-giong-xoai","8":"product_tag-giong-xoai-tu-quy","10":"first","11":"instock","12":"shipping-taxable","13":"purchasable","14":"product-type-simple"},"_links":{"self":[{"href":"https:\/\/ktech4.k-tech-services.com\/phucan713\/wp-json\/wp\/v2\/product\/1468","targetHints":{"allow":["GET"]}}],"collection":[{"href":"https:\/\/ktech4.k-tech-services.com\/phucan713\/wp-json\/wp\/v2\/product"}],"about":[{"href":"https:\/\/ktech4.k-tech-services.com\/phucan713\/wp-json\/wp\/v2\/types\/product"}],"replies":[{"embeddable":true,"href":"https:\/\/ktech4.k-tech-services.com\/phucan713\/wp-json\/wp\/v2\/comments?post=1468"}],"wp:featuredmedia":[{"embeddable":true,"href":"https:\/\/ktech4.k-tech-services.com\/phucan713\/wp-json\/"}],"wp:attachment":[{"href":"https:\/\/ktech4.k-tech-services.com\/phucan713\/wp-json\/wp\/v2\/media?parent=1468"}],"wp:term":[{"taxonomy":"product_brand","embeddable":true,"href":"https:\/\/ktech4.k-tech-services.com\/phucan713\/wp-json\/wp\/v2\/product_brand?post=1468"},{"taxonomy":"product_cat","embeddable":true,"href":"https:\/\/ktech4.k-tech-services.com\/phucan713\/wp-json\/wp\/v2\/product_cat?post=1468"},{"taxonomy":"product_tag","embeddable":true,"href":"https:\/\/ktech4.k-tech-services.com\/phucan713\/wp-json\/wp\/v2\/product_tag?post=1468"}],"curies":[{"name":"wp","href":"https:\/\/api.w.org\/{rel}","templated":true}]}}