{"id":1474,"date":"2024-04-03T08:44:44","date_gmt":"2024-04-03T08:44:44","guid":{"rendered":"https:\/\/caygiongphucan.com\/?post_type=product&amp;p=1474"},"modified":"2024-04-03T08:44:44","modified_gmt":"2024-04-03T08:44:44","slug":"cay-giong-man-an-phuoc","status":"publish","type":"product","link":"https:\/\/ktech4.k-tech-services.com\/phucan713\/san-pham\/cay-giong-man-an-phuoc\/","title":{"rendered":"C\u00e2y gi\u1ed1ng m\u1eadn an ph\u01b0\u1edbc"},"content":{"rendered":"<p>M\u1eadn An Ph\u01b0\u1edbc, m\u1ed9t \u0111\u1eb7c s\u1ea3n tr\u1ee9 danh v\u00f9ng \u0110\u1ed3ng b\u1eb1ng s\u00f4ng C\u1eedu Long, n\u1ed5i ti\u1ebfng v\u1edbi h\u01b0\u01a1ng v\u1ecb ng\u1ecdt thanh, gi\u00f2n r\u1ee5m c\u00f9ng gi\u00e1 tr\u1ecb kinh t\u1ebf cao. N\u1ebfu b\u1ea1n \u0111ang t\u00ecm ki\u1ebfm gi\u1ed1ng c\u00e2y \u0103n tr\u00e1i ti\u1ec1m n\u0103ng cho khu v\u01b0\u1eddn c\u1ee7a m\u00ecnh, gi\u1ed1ng m\u1eadn An Ph\u01b0\u1edbc ch\u00ednh l\u00e0 l\u1ef1a ch\u1ecdn ho\u00e0n h\u1ea3o.<\/p>\n<h2><strong><b>Ngu\u1ed3n g\u1ed1c v\u00e0 \u0111\u1eb7c \u0111i\u1ec3m c\u00e2y m\u1eadn An Ph\u01b0\u1edbc<\/b><\/strong><\/h2>\n<p>C\u00e2y m\u1eadn An Ph\u01b0\u1edbc c\u00f3 ngu\u1ed3n g\u1ed1c t\u1eeb x\u00e3 An Ph\u01b0\u1edbc, huy\u1ec7n Ch\u00e2u Th\u00e0nh, t\u1ec9nh An Giang. Lo\u1ea1i m\u1eadn n\u00e0y \u0111\u01b0\u1ee3c \u01b0a chu\u1ed9ng b\u1edfi \u0111\u1eb7c \u0111i\u1ec3m n\u1ed5i b\u1eadt:<\/p>\n<p>Th\u00e2n c\u00e2y: M\u1ea1nh m\u1ebd, t\u00e1n r\u1ed9ng, cao trung b\u00ecnh 3-5m.<\/p>\n<p>L\u00e1: D\u00e0i, thu\u00f4n nh\u1ecdn, m\u00e0u xanh \u0111\u1eadm b\u00f3ng.<\/p>\n<p>Hoa: M\u00e0u tr\u1eafng, n\u1edf th\u00e0nh ch\u00f9m.<\/p>\n<p>Tr\u00e1i: H\u00ecnh b\u1ea7u d\u1ee5c, khi ch\u00edn c\u00f3 m\u00e0u xanh xen l\u1eabn \u0111\u1ed1m tr\u1eafng, v\u1ecf m\u1ecfng, th\u1ecbt d\u00e0y, c\u00f9i gi\u00f2n, v\u1ecb ng\u1ecdt thanh.<\/p>\n<p>C\u00e2y c\u00f3 tu\u1ed5i th\u1ecd cao, c\u00f3 th\u1ec3 cho tr\u00e1i t\u1eeb 15-20 n\u0103m.<\/p>\n<p>C\u00e2y c\u00f3 kh\u1ea3 n\u0103ng ch\u1ed1ng ch\u1ecbu h\u1ea1n t\u1ed1t.<\/p>\n<h2><strong><b>\u0110\u1eb7c \u0111i\u1ec3m tr\u00e1i m\u1eadn An Ph\u01b0\u1edbc<\/b><\/strong><\/h2>\n<figure id=\"attachment_1705\" aria-describedby=\"caption-attachment-1705\" style=\"width: 375px\" class=\"wp-caption aligncenter\"><img loading=\"lazy\" decoding=\"async\" class=\"wp-image-1705\" src=\"http:\/\/localhost\/phucan713\/wp-content\/uploads\/2024\/04\/341333517_1849287828803922_5123975558813989227_n-225x300.jpg\" alt=\"Tr\u00e1i m\u1eadn an ph\u01b0\u1edbc\" width=\"375\" height=\"500\" \/><figcaption id=\"caption-attachment-1705\" class=\"wp-caption-text\">Tr\u00e1i m\u1eadn an ph\u01b0\u1edbc<\/figcaption><\/figure>\n<p>K\u00edch th\u01b0\u1edbc: Tr\u00e1i to, \u0111\u01b0\u1eddng k\u00ednh trung b\u00ecnh 4-5cm, tr\u1ecdng l\u01b0\u1ee3ng 50-70g\/tr\u00e1i.<\/p>\n<p>H\u00ecnh d\u00e1ng: H\u00ecnh b\u1ea7u d\u1ee5c, khi ch\u00edn c\u00f3 m\u00e0u xanh xen l\u1eabn \u0111\u1ed1m tr\u1eafng, v\u1ecf m\u1ecfng, th\u1ecbt d\u00e0y.<\/p>\n<p>H\u01b0\u01a1ng v\u1ecb: Ng\u1ecdt thanh, c\u00f3 ch\u00fat chua nh\u1eb9, \u0111\u1eb7c tr\u01b0ng m\u00f9i th\u01a1m c\u1ee7a m\u1eadn.<\/p>\n<p>Tr\u00e1i m\u1eadn c\u00f3 th\u1ec3 b\u1ea3o qu\u1ea3n \u0111\u01b0\u1ee3c l\u00e2u trong \u0111i\u1ec1u ki\u1ec7n b\u00ecnh th\u01b0\u1eddng.<\/p>\n<p>H\u00e0m l\u01b0\u1ee3ng dinh d\u01b0\u1ee1ng: Gi\u00e0u vitamin C, A, B6, kali, magie,&#8230; t\u1ed1t cho s\u1ee9c kh\u1ecfe.<\/p>\n<h2><strong><b>Gi\u1ed1ng c\u00e2y m\u1eadn An Ph\u01b0\u1edbc tr\u1ed3ng bao l\u00e2u c\u00f3 tr\u00e1i?<\/b><\/strong><strong><b>\u00a0\u00a0<\/b><\/strong><\/h2>\n<p>C\u00e2y m\u1eadn An Ph\u01b0\u1edbc c\u00f3 th\u1ec3 cho tr\u00e1i sau 2-3 n\u0103m tr\u1ed3ng t\u1eeb c\u00e2y gh\u00e9p.<\/p>\n<h2><strong><b>T<\/b><\/strong><strong><b>h\u1eddi gian ra hoa \u0111\u1ebfn khi thu ho\u1ea1ch kho\u1ea3ng bao l\u00e2u?<\/b><\/strong><strong><b>\u00a0\u00a0<\/b><\/strong><\/h2>\n<p>C\u00e2y m\u1eadn An Ph\u01b0\u1edbc t\u1eeb l\u00fac ra hoa \u0111\u1ebfn khi thu ho\u1ea1ch m\u1ea5t kho\u1ea3ng 2-3 th\u00e1ng.<\/p>\n<ul>\n<li>M\u00f9a hoa: M\u1eadn An Ph\u01b0\u1edbc ra hoa v\u00e0o th\u00e1ng 1-2.<\/li>\n<li>M\u00f9a thu ho\u1ea1ch: M\u1eadn An Ph\u01b0\u1edbc thu ho\u1ea1ch v\u00e0o th\u00e1ng 4-5.<\/li>\n<\/ul>\n<p>Tuy nhi\u00ean, th\u1eddi gian thu ho\u1ea1ch c\u1ee5 th\u1ec3 c\u00f3 th\u1ec3 thay \u0111\u1ed5i t\u00f9y theo \u0111i\u1ec1u ki\u1ec7n th\u1eddi ti\u1ebft v\u00e0 c\u00e1ch ch\u0103m s\u00f3c c\u00e2y.<\/p>\n<p>D\u01b0\u1edbi \u0111\u00e2y l\u00e0 m\u1ed9t s\u1ed1 y\u1ebfu t\u1ed1 \u1ea3nh h\u01b0\u1edfng \u0111\u1ebfn th\u1eddi gian thu ho\u1ea1ch m\u1eadn An Ph\u01b0\u1edbc:<\/p>\n<ul>\n<li>Kh\u00ed h\u1eadu: N\u1eafng n\u00f3ng v\u00e0 \u00edt m\u01b0a c\u00f3 th\u1ec3 \u0111\u1ea9y nhanh qu\u00e1 tr\u00ecnh ch\u00edn c\u1ee7a tr\u00e1i. Ng\u01b0\u1ee3c l\u1ea1i, th\u1eddi ti\u1ebft m\u00e1t m\u1ebb v\u00e0 m\u01b0a nhi\u1ec1u c\u00f3 th\u1ec3 k\u00e9o d\u00e0i th\u1eddi gian thu ho\u1ea1ch.<\/li>\n<li>L\u01b0\u1ee3ng n\u01b0\u1edbc t\u01b0\u1edbi: T\u01b0\u1edbi n\u01b0\u1edbc \u0111\u1ea7y \u0111\u1ee7 v\u00e0 \u0111\u1ec1u \u0111\u1eb7n gi\u00fap c\u00e2y ph\u00e1t tri\u1ec3n t\u1ed1t v\u00e0 tr\u00e1i ch\u00edn nhanh h\u01a1n.<\/li>\n<li>Ph\u00e2n b\u00f3n: B\u00f3n ph\u00e2n \u0111\u1ea7y \u0111\u1ee7 v\u00e0 c\u00e2n \u0111\u1ed1i gi\u00fap c\u00e2y c\u00f3 \u0111\u1ee7 dinh d\u01b0\u1ee1ng \u0111\u1ec3 nu\u00f4i tr\u00e1i, t\u1eeb \u0111\u00f3 \u0111\u1ea9y nhanh qu\u00e1 tr\u00ecnh ch\u00edn.<\/li>\n<li>K\u1ef9 thu\u1eadt ch\u0103m s\u00f3c: C\u1eaft t\u1ec9a c\u00e0nh, t\u1ea1o t\u00e1n, lo\u1ea1i b\u1ecf c\u00e0nh gi\u00e0, c\u00e0nh s\u00e2u b\u1ec7nh gi\u00fap c\u00e2y t\u1eadp trung dinh d\u01b0\u1ee1ng nu\u00f4i tr\u00e1i, \u0111\u1ea9y nhanh qu\u00e1 tr\u00ecnh ch\u00edn.<\/li>\n<\/ul>\n<h2><strong><b>N\u0103ng su\u1ea5t gi\u1ed1ng m\u1eadn An Ph\u01b0\u1edbc<\/b><\/strong><\/h2>\n<p>N\u0103ng su\u1ea5t trung b\u00ecnh \u0111\u1ea1t 50-70kg\/c\u00e2y\/n\u0103m.<\/p>\n<p>V\u1edbi k\u1ef9 thu\u1eadt ch\u0103m s\u00f3c t\u1ed1t, n\u0103ng su\u1ea5t c\u00f3 th\u1ec3 l\u00ean \u0111\u1ebfn 100-150kg\/c\u00e2y\/n\u0103m.<\/p>\n<h2><strong><b>Kh\u00ed h\u1eadu v\u00e0 \u0111\u1ea5t tr\u1ed3ng th\u00edch h\u1ee3p v\u1edbi gi\u1ed1ng m\u1eadn An Ph\u01b0\u1edbc<\/b><\/strong><\/h2>\n<p>M\u1eadn An Ph\u01b0\u1edbc th\u00edch nghi t\u1ed1t v\u1edbi nhi\u1ec1u \u0111i\u1ec1u ki\u1ec7n kh\u00ed h\u1eadu, \u0111\u1eb7c bi\u1ec7t l\u00e0 kh\u00ed h\u1eadu nhi\u1ec7t \u0111\u1edbi gi\u00f3 m\u00f9a, n\u00f3ng \u1ea9m, nhi\u1ec1u n\u1eafng.<\/p>\n<p>C\u00e2y c\u00f3 th\u1ec3 ph\u00e1t tri\u1ec3n tr\u00ean nhi\u1ec1u lo\u1ea1i \u0111\u1ea5t kh\u00e1c nhau, t\u1ed1t nh\u1ea5t l\u00e0 \u0111\u1ea5t th\u1ecbt pha c\u00e1t, t\u01a1i x\u1ed1p, gi\u00e0u dinh d\u01b0\u1ee1ng, tho\u00e1t n\u01b0\u1edbc t\u1ed1t.<\/p>\n<h2><strong><b>Kho\u1ea3ng c\u00e1ch tr\u1ed3ng m\u1eadn An Ph\u01b0\u1edbc<\/b><\/strong><\/h2>\n<p>Kho\u1ea3ng c\u00e1ch tr\u1ed3ng m\u1eadn An Ph\u01b0\u1edbc th\u01b0\u1eddng l\u00e0 4x4m ho\u1eb7c 5x5m \u0111\u1ec3 \u0111\u1ea3m b\u1ea3o \u0111\u1ee7 kh\u00f4ng gian cho c\u00e2y ph\u00e1t tri\u1ec3n v\u00e0 thu ho\u1ea1ch.<\/p>\n<h2><strong><b>Gi\u00e1 c\u00e2y gi\u1ed1ng m\u1eadn an ph\u01b0\u1edbc<\/b><\/strong><\/h2>\n<p>Gi\u00e1 c\u00e2y gi\u1ed1ng \u00a0m\u1eadn an ph\u01b0\u1edbc t\u1ea1i v\u01b0\u1eddn Ph\u00fac An dao \u0111\u1ed9ng t\u1eeb 25.000 &#8211; 28.000\/ c\u00e2y. T\u00f9y theo l\u00f4 c\u00e2y, s\u1ed1 l\u01b0\u1ee3ng \u0111\u1eb7t s\u1ebd c\u00f3 m\u1ee9c gi\u00e1 kh\u00e1c nhau. Ch\u00fang t\u00f4i cam k\u1ebft lu\u00f4n gi\u1eef m\u1ee9c gi\u00e1 v\u1eeba t\u00fai ti\u1ec1n \u0111\u1ec3 m\u1ecdi kh\u00e1ch h\u00e0ng \u0111\u1ec1u c\u00f3 th\u1ec3 ch\u1ecdn mua nh\u1eefng c\u00e2y gi\u1ed1ng th\u1eadt t\u1ed1t cho khu v\u01b0\u1eddn c\u1ee7a m\u00ecnh.<\/p>\n<h2><strong><b>Mua c\u00e2y gi\u1ed1ng m\u1eadn an ph\u01b0\u1edbc \u1edf \u0111\u00e2u ch\u1ea5t l\u01b0\u1ee3ng?<\/b><\/strong><\/h2>\n<p>C\u00e2y gi\u1ed1ng Ph\u00fac An cung c\u1ea5p c\u00e2y gi\u1ed1ng \u00a0m\u1eadn an ph\u01b0\u1edbc ch\u1ea5t l\u01b0\u1ee3ng, \u0111\u01b0\u1ee3c b\u1ea3o h\u00e0nh \u0111\u00fang gi\u1ed1ng cho t\u1edbi khi c\u00f3 tr\u00e1i. V\u01b0\u1eddn nh\u00e2n gi\u1ed1ng c\u1ee7a Ph\u00fac An \u0111\u01b0\u1ee3c ch\u1ecdn l\u1ef1a k\u1ef9 l\u01b0\u1ee1ng, l\u00e0 v\u01b0\u1eddn \u0111\u00e3 cho tr\u00e1i chu\u1ea9n v\u00e0 \u1ed5n \u0111\u1ecbnh. C\u00e0nh gh\u00e9p \u0111\u01b0\u1ee3c tuy\u1ec3n ch\u1ecdn kh\u1ecfe m\u1ea1nh xanh t\u1ed1t.<\/p>\n<figure id=\"attachment_1706\" aria-describedby=\"caption-attachment-1706\" style=\"width: 375px\" class=\"wp-caption aligncenter\"><img loading=\"lazy\" decoding=\"async\" class=\"wp-image-1706\" src=\"http:\/\/localhost\/phucan713\/wp-content\/uploads\/2024\/04\/z5274817098137_cbac1749d2b0180d4a435f783e4021dc-225x300.jpg\" alt=\"C\u00e2y gi\u1ed1ng m\u1eadn an ph\u01b0\u1edbc - Ph\u00fac An\" width=\"375\" height=\"500\" \/><figcaption id=\"caption-attachment-1706\" class=\"wp-caption-text\">C\u00e2y gi\u1ed1ng m\u1eadn an ph\u01b0\u1edbc &#8211; Ph\u00fac An<\/figcaption><\/figure>\n<p>Ti\u00eau chu\u1ea9n C\u00e2y gi\u1ed1ng \u00a0m\u1eadn an ph\u01b0\u1edbc \u0111\u01b0\u1ee3c cung c\u1ea5p b\u1edfi v\u01b0\u1eddn Ph\u00fac An:<\/p>\n<p>&#8211; Chi\u1ec1u cao c\u00e2y gi\u1ed1ng t\u1eeb 50cm-80cm<\/p>\n<p>&#8211; C\u00e2y nu\u00f4i \u0111\u1ee7 th\u1eddi gian, b\u1ea7u r\u1ec5 \u1ed5n \u0111\u1ecbnh, c\u00e2y \u0111\u00e3 x\u1ea3 n\u1eafng\u00a0c\u1ee9ng c\u00e1p<\/p>\n<p>&#8211; Kh\u00f4ng c\u00f3 d\u1ea5u hi\u1ec7u s\u00e2u b\u1ec7nh, v\u1ebft gh\u00e9p ti\u1ebfp h\u1ee3p t\u1ed1t, b\u1ed9 l\u00e1 xanh t\u1ed1t d\u00e0y d\u1eb7n<\/p>\n<figure id=\"attachment_1707\" aria-describedby=\"caption-attachment-1707\" style=\"width: 375px\" class=\"wp-caption aligncenter\"><img loading=\"lazy\" decoding=\"async\" class=\"wp-image-1707\" src=\"http:\/\/localhost\/phucan713\/wp-content\/uploads\/2024\/04\/349076431_798217728680145_4834831747805115968_n-225x300.jpg\" alt=\"C\u00e2y gi\u1ed1ng m\u1eadn an ph\u01b0\u1edbc - Ph\u00fac An\" width=\"375\" height=\"500\" \/><figcaption id=\"caption-attachment-1707\" class=\"wp-caption-text\">C\u00e2y gi\u1ed1ng m\u1eadn an ph\u01b0\u1edbc &#8211; Ph\u00fac An<\/figcaption><\/figure>\n<figure id=\"attachment_2183\" aria-describedby=\"caption-attachment-2183\" style=\"width: 375px\" class=\"wp-caption aligncenter\"><img loading=\"lazy\" decoding=\"async\" class=\"wp-image-2183\" src=\"http:\/\/localhost\/phucan713\/wp-content\/uploads\/2024\/04\/cay-man-re-khoe-1-225x300.jpg\" alt=\"C\u00e2y m\u1eadn gi\u1ed1ng c\u00f3 r\u1ec5 kh\u1ecfe - Ph\u00fac An\" width=\"375\" height=\"500\" srcset=\"https:\/\/ktech4.k-tech-services.com\/phucan713\/wp-content\/uploads\/2024\/04\/cay-man-re-khoe-1-225x300.jpg 225w, https:\/\/ktech4.k-tech-services.com\/phucan713\/wp-content\/uploads\/2024\/04\/cay-man-re-khoe-1-768x1024.jpg 768w, https:\/\/ktech4.k-tech-services.com\/phucan713\/wp-content\/uploads\/2024\/04\/cay-man-re-khoe-1-1152x1536.jpg 1152w, https:\/\/ktech4.k-tech-services.com\/phucan713\/wp-content\/uploads\/2024\/04\/cay-man-re-khoe-1-510x680.jpg 510w, https:\/\/ktech4.k-tech-services.com\/phucan713\/wp-content\/uploads\/2024\/04\/cay-man-re-khoe-1.jpg 1536w\" sizes=\"auto, (max-width: 375px) 100vw, 375px\" \/><figcaption id=\"caption-attachment-2183\" class=\"wp-caption-text\">C\u00e2y m\u1eadn gi\u1ed1ng c\u00f3 r\u1ec5 kh\u1ecfe &#8211; Ph\u00fac An<\/figcaption><\/figure>\n<p>C\u00e2y tr\u1ea3i qua qu\u00e1 tr\u00ecnh nh\u00e2n gi\u1ed1ng, d\u01b0\u1ee1ng c\u00e2y con, x\u1ea3 n\u1eafng ho\u00e0n ch\u1ec9nh. \u0110\u1ebfn tay c\u00f4 b\u00e1c s\u1ebd l\u00e0 t\u1eebng c\u00e2y \u0111\u00e3 c\u1ee9ng c\u00e1p \u0111\u00e3 ra c\u01a1i ch\u1ed3i m\u1edbi.<\/p>\n<p>Qu\u00fd c\u00f4 b\u00e1c c\u00f3 th\u1ec3 li\u00ean h\u1ec7 tr\u1ef1c ti\u1ebfp qua SDT\/ Zalo 0962 888 014 (c\u00e2y gi\u1ed1ng Ph\u00fac An) \u0111\u1ec3 ch\u00fang t\u00f4i t\u01b0 v\u1ea5n v\u00e0 b\u00e1o gi\u00e1 c\u1ee5 th\u1ec3. Xin c\u1ea3m \u01a1n qu\u00fd c\u00f4 b\u00e1c \u0111\u00e3 \u0111\u1eb7t ni\u1ec1m tin v\u1edbi nh\u00e0 v\u01b0\u1eddn Ph\u00fac An.<\/p>\n","protected":false},"excerpt":{"rendered":"<p>* Gi\u00e1 tham kh\u1ea3o cho s\u1ed1 l\u01b0\u1ee3ng t\u1eeb 30 c\u00e2y, c\u00f3 th\u1ec3 thay \u0111\u1ed5i theo th\u1eddi \u0111i\u1ec3m<br \/>\n* Ch\u01b0a bao g\u1ed3m ph\u00ed v\u1eadn chuy\u1ec3n (t\u00f9y theo s\u1ed1 l\u01b0\u1ee3ng c\u00e2y v\u00e0 \u0111\u1ecba \u0111i\u1ec3m giao h\u00e0ng)<\/p>\n","protected":false},"featured_media":1705,"comment_status":"closed","ping_status":"closed","template":"","meta":[],"product_brand":[],"product_cat":[68],"product_tag":[69],"class_list":{"0":"post-1474","1":"product","2":"type-product","3":"status-publish","4":"has-post-thumbnail","6":"product_cat-giong-man","7":"product_tag-giong-man-an-phuoc","9":"first","10":"instock","11":"shipping-taxable","12":"purchasable","13":"product-type-simple"},"_links":{"self":[{"href":"https:\/\/ktech4.k-tech-services.com\/phucan713\/wp-json\/wp\/v2\/product\/1474","targetHints":{"allow":["GET"]}}],"collection":[{"href":"https:\/\/ktech4.k-tech-services.com\/phucan713\/wp-json\/wp\/v2\/product"}],"about":[{"href":"https:\/\/ktech4.k-tech-services.com\/phucan713\/wp-json\/wp\/v2\/types\/product"}],"replies":[{"embeddable":true,"href":"https:\/\/ktech4.k-tech-services.com\/phucan713\/wp-json\/wp\/v2\/comments?post=1474"}],"wp:featuredmedia":[{"embeddable":true,"href":"https:\/\/ktech4.k-tech-services.com\/phucan713\/wp-json\/"}],"wp:attachment":[{"href":"https:\/\/ktech4.k-tech-services.com\/phucan713\/wp-json\/wp\/v2\/media?parent=1474"}],"wp:term":[{"taxonomy":"product_brand","embeddable":true,"href":"https:\/\/ktech4.k-tech-services.com\/phucan713\/wp-json\/wp\/v2\/product_brand?post=1474"},{"taxonomy":"product_cat","embeddable":true,"href":"https:\/\/ktech4.k-tech-services.com\/phucan713\/wp-json\/wp\/v2\/product_cat?post=1474"},{"taxonomy":"product_tag","embeddable":true,"href":"https:\/\/ktech4.k-tech-services.com\/phucan713\/wp-json\/wp\/v2\/product_tag?post=1474"}],"curies":[{"name":"wp","href":"https:\/\/api.w.org\/{rel}","templated":true}]}}