{"id":1479,"date":"2024-04-03T09:56:51","date_gmt":"2024-04-03T09:56:51","guid":{"rendered":"https:\/\/caygiongphucan.com\/?post_type=product&amp;p=1479"},"modified":"2024-04-03T09:56:51","modified_gmt":"2024-04-03T09:56:51","slug":"cay-giong-tac-banh-xe","status":"publish","type":"product","link":"https:\/\/ktech4.k-tech-services.com\/phucan713\/san-pham\/cay-giong-tac-banh-xe\/","title":{"rendered":"C\u00e2y gi\u1ed1ng t\u1eafc b\u00e1nh xe"},"content":{"rendered":"<p>Tr\u1ed3ng gi\u1ed1ng t\u1eafc b\u00e1nh xe (t\u1eafc tr\u00e1i to) t\u1eeb m\u1ea5y n\u0103m nay \u0111\u00e3 mang l\u1ea1i ngu\u1ed3n thu nh\u1eadp \u1ed5n \u0111\u1ecbnh cho b\u00e0 con n\u00f4ng d\u00e2n. B\u00e0i vi\u1ebft n\u00e0y s\u1ebd cung c\u1ea5p cho b\u1ea1n nh\u1eefng th\u00f4ng tin chi ti\u1ebft v\u1ec1 gi\u1ed1ng t\u1eafc b\u00e1nh xe, t\u1eeb ngu\u1ed3n g\u1ed1c, \u0111\u1eb7c \u0111i\u1ec3m \u0111\u1ebfn c\u00e1ch tr\u1ed3ng v\u00e0 ch\u0103m s\u00f3c \u0111\u1ec3 \u0111\u1ea1t n\u0103ng su\u1ea5t cao.<\/p>\n<p><em><strong>M\u1eddi b\u00e0 con xem video th\u1ef1c t\u1ebf kh\u00e1ch h\u00e0ng c\u1ee7a Ph\u00fac An tr\u1ed3ng t\u1eafc b\u00e1nh xe:<\/strong><\/em><\/p>\n<p><iframe loading=\"lazy\" title=\"Kh\u00e1ch H\u00e0ng C\u00e2y Gi\u1ed1ng Ph\u00fac An Tr\u1ed3ng T\u1eafc B\u00e1nh Xe \u1ede B\u00ecnh D\u01b0\u01a1ng\" width=\"563\" height=\"1000\" src=\"https:\/\/www.youtube.com\/embed\/jpE1iYgTE6s?feature=oembed\" frameborder=\"0\" allow=\"accelerometer; autoplay; clipboard-write; encrypted-media; gyroscope; picture-in-picture; web-share\" referrerpolicy=\"strict-origin-when-cross-origin\" allowfullscreen><\/iframe><\/p>\n<h2><strong><b>Ngu\u1ed3n g\u1ed1c, \u0111\u1eb7c \u0111i\u1ec3m c\u00e2y <\/b><\/strong><strong><b>t\u1eafc b\u00e1nh xe<\/b><\/strong><\/h2>\n<figure id=\"attachment_2745\" aria-describedby=\"caption-attachment-2745\" style=\"width: 375px\" class=\"wp-caption aligncenter\"><img loading=\"lazy\" decoding=\"async\" class=\"wp-image-2745\" src=\"http:\/\/localhost\/phucan713\/wp-content\/uploads\/2024\/04\/433132784_1429419274618215_5247471299143766513_n-225x300.jpg\" alt=\"T\u1eafc b\u00e1nh xe d\u1ec5 tr\u1ed3ng v\u00e0 n\u0103ng su\u1ea5t cao\" width=\"375\" height=\"500\" srcset=\"https:\/\/ktech4.k-tech-services.com\/phucan713\/wp-content\/uploads\/2024\/04\/433132784_1429419274618215_5247471299143766513_n-225x300.jpg 225w, https:\/\/ktech4.k-tech-services.com\/phucan713\/wp-content\/uploads\/2024\/04\/433132784_1429419274618215_5247471299143766513_n-510x680.jpg 510w, https:\/\/ktech4.k-tech-services.com\/phucan713\/wp-content\/uploads\/2024\/04\/433132784_1429419274618215_5247471299143766513_n.jpg 720w\" sizes=\"auto, (max-width: 375px) 100vw, 375px\" \/><figcaption id=\"caption-attachment-2745\" class=\"wp-caption-text\">T\u1eafc b\u00e1nh xe d\u1ec5 tr\u1ed3ng v\u00e0 n\u0103ng su\u1ea5t cao<\/figcaption><\/figure>\n<p>C\u00e2y t\u1eafc b\u00e1nh xe\u00a0c\u00f3 ngu\u1ed3n g\u1ed1c t\u1eeb \u0110\u00f4ng Nam \u00c1, \u0111\u01b0\u1ee3c du nh\u1eadp v\u00e0o Vi\u1ec7t Nam t\u1eeb l\u00e2u. So v\u1edbi gi\u1ed1ng t\u1eafc s\u1ebb (tr\u00e1i nh\u1ecf), t\u1eafc b\u00e1nh xe \u0111\u01b0\u1ee3c th\u1ecb tr\u01b0\u1eddng v\u00e0 n\u00f4ng d\u00e2n \u01b0a chu\u1ed9ng h\u01a1n b\u1edfi tr\u00e1i to, n\u0103ng su\u1ea5t cao, n\u01b0\u1edbc nhi\u1ec1u. Do v\u1eady m\u00e0 b\u00e1n \u0111\u01b0\u1ee3c gi\u00e1 h\u01a1n.<\/p>\n<p>C\u00e2y\u00a0t\u1eafc b\u00e1nh xe thu\u1ed9c h\u1ecd cam qu\u00fdt,\u00a0c\u00f3 chi\u1ec1u cao trung b\u00ecnh t\u1eeb 2 &#8211; 3 m\u00e9t, t\u00e1n r\u1ed9ng v\u00e0 \u00edt\u00a0gai.<\/p>\n<p>L\u00e1 t\u1eafc b\u00e1nh xe\u00a0h\u00ecnh b\u1ea7u d\u1ee5c, m\u00e0u xanh \u0111\u1eadm, b\u00f3ng m\u01b0\u1ee3t. Hoa t\u1eafc b\u00e1nh xe\u00a0nh\u1ecf, m\u00e0u tr\u1eafng tinh kh\u00f4i, t\u1ecfa h\u01b0\u01a1ng th\u01a1m d\u1ecbu nh\u1eb9.<\/p>\n<h2><strong><b>\u0110\u1eb7c \u0111i\u1ec3m tr\u00e1i <\/b><\/strong><strong><b>t\u1eafc b\u00e1nh xe<\/b><\/strong><\/h2>\n<figure id=\"attachment_3279\" aria-describedby=\"caption-attachment-3279\" style=\"width: 375px\" class=\"wp-caption aligncenter\"><img loading=\"lazy\" decoding=\"async\" class=\"wp-image-3279\" src=\"http:\/\/localhost\/phucan713\/wp-content\/uploads\/2024\/04\/456919510_8181161608666198_3076185838418416372_n-225x300.jpg\" alt=\"C\u1eadn c\u1ea3nh tr\u00e1i t\u1eafc b\u00e1nh xe\" width=\"375\" height=\"500\" srcset=\"https:\/\/ktech4.k-tech-services.com\/phucan713\/wp-content\/uploads\/2024\/04\/456919510_8181161608666198_3076185838418416372_n-225x300.jpg 225w, https:\/\/ktech4.k-tech-services.com\/phucan713\/wp-content\/uploads\/2024\/04\/456919510_8181161608666198_3076185838418416372_n-768x1024.jpg 768w, https:\/\/ktech4.k-tech-services.com\/phucan713\/wp-content\/uploads\/2024\/04\/456919510_8181161608666198_3076185838418416372_n-1152x1536.jpg 1152w, https:\/\/ktech4.k-tech-services.com\/phucan713\/wp-content\/uploads\/2024\/04\/456919510_8181161608666198_3076185838418416372_n-510x680.jpg 510w, https:\/\/ktech4.k-tech-services.com\/phucan713\/wp-content\/uploads\/2024\/04\/456919510_8181161608666198_3076185838418416372_n.jpg 1536w\" sizes=\"auto, (max-width: 375px) 100vw, 375px\" \/><figcaption id=\"caption-attachment-3279\" class=\"wp-caption-text\">C\u1eadn c\u1ea3nh tr\u00e1i t\u1eafc b\u00e1nh xe<\/figcaption><\/figure>\n<p>Tr\u00e1i\u00a0t\u1eafc b\u00e1nh xe\u00a0khi ch\u00edn c\u00f3 m\u00e0u v\u00e0ng cam, v\u1ecf m\u1ecfng, m\u1ecdng n\u01b0\u1edbc, v\u1ecb chua thanh.\u00a0Th\u00f4ng th\u01b0\u1eddng ta thu ho\u1ea1ch khi tr\u00e1i c\u0103ng b\u00f3ng v\u1ecf c\u00f2n m\u00e0u xanh.<\/p>\n<p>Tr\u00e1i t\u1eafc b\u00e1nh xe\u00a0c\u00f3 h\u00ecnh c\u1ea7u, \u0111\u01b0\u1eddng k\u00ednh t\u1eeb 3 &#8211; 5 cm. V\u1ecf t\u1eafc b\u00e1nh xe\u00a0m\u1ecfng, nh\u1eb5n b\u00f3ng, c\u00f3 nhi\u1ec1u tuy\u1ebfn tinh d\u1ea7u. Th\u1ecbt tr\u00e1i\u00a0m\u00e0u v\u00e0ng cam, chia th\u00e0nh nhi\u1ec1u t\u00e9p, ch\u1ee9a nhi\u1ec1u n\u01b0\u1edbc\u00a0h\u01a1n gi\u1ed1ng t\u1eafc c\u0169. T\u1eafc b\u00e1nh xe\u00a0c\u00f3 v\u1ecb chua thanh, h\u01a1i \u0111\u1eafng, m\u00f9i th\u01a1m \u0111\u1eb7c tr\u01b0ng.<\/p>\n<h2><strong><b>Gi\u1ed1ng<\/b><\/strong><b> <\/b><strong><b>t\u1eafc b\u00e1nh xe<\/b><\/strong><strong><b>\u00a0tr\u1ed3ng bao l\u00e2u c\u00f3 tr\u00e1i?<\/b><\/strong><\/h2>\n<p>C\u00e2y t\u1eafc b\u00e1nh xe\u00a0tr\u1ed3ng t\u1eeb c\u00e2y chi\u1ebft s\u1ebd cho tr\u00e1i thu ho\u1ea1ch sau 6-8 th\u00e1ng t\u00f9y theo t\u00ecnh tr\u1ea1ng c\u1ee7a c\u00e2y th\u1ef1c t\u1ebf.<\/p>\n<p>Kho\u1ea3ng 2-3 th\u00e1ng tr\u1ed3ng ta \u0111\u00e3 th\u1ea5y c\u00f3 hoa v\u00e0 tr\u00e1i, nh\u01b0ng ch\u00fang t\u00f4i khuy\u00ean b\u1ea1n n\u00ean b\u1ecf ch\u00fang \u0111\u1ec3 c\u00e2y t\u1eadp trung dinh d\u01b0\u1ee1ng, kh\u00f4ng b\u1ecb suy khi mang tr\u00e1i qu\u00e1 s\u1edbm.<\/p>\n<figure id=\"attachment_2743\" aria-describedby=\"caption-attachment-2743\" style=\"width: 376px\" class=\"wp-caption aligncenter\"><img loading=\"lazy\" decoding=\"async\" class=\"wp-image-2743\" src=\"http:\/\/localhost\/phucan713\/wp-content\/uploads\/2024\/04\/450365806_814990227276824_1825243406280390225_n-226x300.jpg\" alt=\"C\u00e2y t\u1eafc b\u00e1nh xe cho tr\u00e1i thu ho\u1ea1ch sau 6 th\u00e1ng tr\u1ed3ng\" width=\"376\" height=\"500\" srcset=\"https:\/\/ktech4.k-tech-services.com\/phucan713\/wp-content\/uploads\/2024\/04\/450365806_814990227276824_1825243406280390225_n-226x300.jpg 226w, https:\/\/ktech4.k-tech-services.com\/phucan713\/wp-content\/uploads\/2024\/04\/450365806_814990227276824_1825243406280390225_n-770x1024.jpg 770w, https:\/\/ktech4.k-tech-services.com\/phucan713\/wp-content\/uploads\/2024\/04\/450365806_814990227276824_1825243406280390225_n-768x1021.jpg 768w, https:\/\/ktech4.k-tech-services.com\/phucan713\/wp-content\/uploads\/2024\/04\/450365806_814990227276824_1825243406280390225_n-510x678.jpg 510w, https:\/\/ktech4.k-tech-services.com\/phucan713\/wp-content\/uploads\/2024\/04\/450365806_814990227276824_1825243406280390225_n.jpg 963w\" sizes=\"auto, (max-width: 376px) 100vw, 376px\" \/><figcaption id=\"caption-attachment-2743\" class=\"wp-caption-text\">C\u00e2y t\u1eafc b\u00e1nh xe cho tr\u00e1i thu ho\u1ea1ch sau 6-8 th\u00e1ng tr\u1ed3ng<\/figcaption><\/figure>\n<h2><strong><b>T\u1eeb l\u00fac ra hoa \u0111\u1ebfn khi thu ho\u1ea1ch <\/b><\/strong><strong><b>t\u1eafc b\u00e1nh xe<\/b><\/strong><strong><b>\u00a0kho\u1ea3ng bao l\u00e2u?<\/b><\/strong><\/h2>\n<p>T\u1eeb l\u00fac ra hoa \u0111\u1ebfn khi thu ho\u1ea1ch t\u1eafc b\u00e1nh xe\u00a0kho\u1ea3ng 2\u00a0th\u00e1ng\u00a0&#8211; 2 th\u00e1ng r\u01b0\u1ee1i.<\/p>\n<figure id=\"attachment_2744\" aria-describedby=\"caption-attachment-2744\" style=\"width: 225px\" class=\"wp-caption aligncenter\"><img loading=\"lazy\" decoding=\"async\" class=\"wp-image-2744\" src=\"http:\/\/localhost\/phucan713\/wp-content\/uploads\/2024\/04\/tac-banh-xe-trai-135x300.jpg\" alt=\"C\u00e2y t\u1eafc b\u00e1nh xe cho tr\u00e1i r\u1ea5t nhi\u1ec1u\" width=\"225\" height=\"500\" srcset=\"https:\/\/ktech4.k-tech-services.com\/phucan713\/wp-content\/uploads\/2024\/04\/tac-banh-xe-trai-135x300.jpg 135w, https:\/\/ktech4.k-tech-services.com\/phucan713\/wp-content\/uploads\/2024\/04\/tac-banh-xe-trai-461x1024.jpg 461w, https:\/\/ktech4.k-tech-services.com\/phucan713\/wp-content\/uploads\/2024\/04\/tac-banh-xe-trai-768x1706.jpg 768w, https:\/\/ktech4.k-tech-services.com\/phucan713\/wp-content\/uploads\/2024\/04\/tac-banh-xe-trai-692x1536.jpg 692w, https:\/\/ktech4.k-tech-services.com\/phucan713\/wp-content\/uploads\/2024\/04\/tac-banh-xe-trai-510x1133.jpg 510w, https:\/\/ktech4.k-tech-services.com\/phucan713\/wp-content\/uploads\/2024\/04\/tac-banh-xe-trai.jpg 922w\" sizes=\"auto, (max-width: 225px) 100vw, 225px\" \/><figcaption id=\"caption-attachment-2744\" class=\"wp-caption-text\">C\u00e2y t\u1eafc b\u00e1nh xe cho tr\u00e1i r\u1ea5t nhi\u1ec1u<\/figcaption><\/figure>\n<h2><strong><b>N\u0103ng su\u1ea5t <\/b><\/strong><strong><b>gi\u1ed1ng<\/b><\/strong><strong><b>\u00a0<\/b><\/strong><strong><b>t\u1eafc b\u00e1nh xe<\/b><\/strong><\/h2>\n<p>Trung b\u00ecnh, m\u1ed7i c\u00e2y t\u1eafc b\u00e1nh xe tr\u01b0\u1edfng th\u00e0nh c\u00f3 th\u1ec3 cho thu ho\u1ea1ch t\u1eeb 35-60 kg tr\u00e1i m\u1ed7i n\u0103m, m\u00f9a thu\u1eadn thu nhi\u1ec1u. 1 th\u00e1ng thu ho\u1ea1ch t\u1eafc b\u00e1nh xe 2 l\u1ea7n, v\u00ec ch\u00fang cho tr\u00e1i chuy\u1ec1n n\u00ean nh\u00e0 v\u01b0\u1eddn c\u00f3 thu li\u00ean t\u1ee5c. V\u00e0o m\u00f9a m\u01b0a ta n\u00ean \u0111\u1ec3 d\u01b0\u1ee1ng c\u00e2y \u0111\u1ec3 m\u00f9a n\u1eafng c\u00e2y cho tr\u00e1i t\u1ed1t h\u01a1n, \u0111\u1ea3m b\u1ea3o s\u1ee9c kh\u1ecfe l\u00e2u d\u00e0i cho c\u00e2y n\u1eefa.<\/p>\n<p>N\u0103ng su\u1ea5t c\u1ee7a gi\u1ed1ng t\u1eafc b\u00e1nh xe ph\u1ee5 thu\u1ed9c v\u00e0o nhi\u1ec1u y\u1ebfu t\u1ed1 nh\u01b0 gi\u1ed1ng c\u00e2y, \u0111i\u1ec1u ki\u1ec7n kh\u00ed h\u1eadu, th\u1ed5 nh\u01b0\u1ee1ng v\u00e0 k\u1ef9 thu\u1eadt ch\u0103m s\u00f3c.<\/p>\n<figure id=\"attachment_3280\" aria-describedby=\"caption-attachment-3280\" style=\"width: 376px\" class=\"wp-caption aligncenter\"><img loading=\"lazy\" decoding=\"async\" class=\"wp-image-3280\" src=\"http:\/\/localhost\/phucan713\/wp-content\/uploads\/2024\/04\/450380769_814990193943494_4691799016358433322_n-226x300.jpg\" alt=\"Ch\u00f9m t\u1eafc b\u00e1nh xe cho tr\u00e1i sai\" width=\"376\" height=\"500\" srcset=\"https:\/\/ktech4.k-tech-services.com\/phucan713\/wp-content\/uploads\/2024\/04\/450380769_814990193943494_4691799016358433322_n-226x300.jpg 226w, https:\/\/ktech4.k-tech-services.com\/phucan713\/wp-content\/uploads\/2024\/04\/450380769_814990193943494_4691799016358433322_n-770x1024.jpg 770w, https:\/\/ktech4.k-tech-services.com\/phucan713\/wp-content\/uploads\/2024\/04\/450380769_814990193943494_4691799016358433322_n-768x1021.jpg 768w, https:\/\/ktech4.k-tech-services.com\/phucan713\/wp-content\/uploads\/2024\/04\/450380769_814990193943494_4691799016358433322_n-510x678.jpg 510w, https:\/\/ktech4.k-tech-services.com\/phucan713\/wp-content\/uploads\/2024\/04\/450380769_814990193943494_4691799016358433322_n.jpg 963w\" sizes=\"auto, (max-width: 376px) 100vw, 376px\" \/><figcaption id=\"caption-attachment-3280\" class=\"wp-caption-text\">Ch\u00f9m t\u1eafc b\u00e1nh xe cho tr\u00e1i sai<\/figcaption><\/figure>\n<div class=\"mceTemp\"><\/div>\n<figure id=\"attachment_3281\" aria-describedby=\"caption-attachment-3281\" style=\"width: 375px\" class=\"wp-caption aligncenter\"><img loading=\"lazy\" decoding=\"async\" class=\"wp-image-3281\" src=\"http:\/\/localhost\/phucan713\/wp-content\/uploads\/2024\/04\/thu-hoach-tac-banh-xe-225x300.jpg\" alt=\"Thu ho\u1ea1ch t\u1eafc b\u00e1nh xe\" width=\"375\" height=\"500\" srcset=\"https:\/\/ktech4.k-tech-services.com\/phucan713\/wp-content\/uploads\/2024\/04\/thu-hoach-tac-banh-xe-225x300.jpg 225w, https:\/\/ktech4.k-tech-services.com\/phucan713\/wp-content\/uploads\/2024\/04\/thu-hoach-tac-banh-xe-768x1024.jpg 768w, https:\/\/ktech4.k-tech-services.com\/phucan713\/wp-content\/uploads\/2024\/04\/thu-hoach-tac-banh-xe-1152x1536.jpg 1152w, https:\/\/ktech4.k-tech-services.com\/phucan713\/wp-content\/uploads\/2024\/04\/thu-hoach-tac-banh-xe-510x680.jpg 510w, https:\/\/ktech4.k-tech-services.com\/phucan713\/wp-content\/uploads\/2024\/04\/thu-hoach-tac-banh-xe.jpg 1536w\" sizes=\"auto, (max-width: 375px) 100vw, 375px\" \/><figcaption id=\"caption-attachment-3281\" class=\"wp-caption-text\">Thu ho\u1ea1ch t\u1eafc b\u00e1nh xe<\/figcaption><\/figure>\n<h2><strong><b>Kh\u00ed h\u1eadu v\u00e0 \u0111\u1ea5t tr\u1ed3ng th\u00edch h\u1ee3p v\u1edbi <\/b><\/strong><strong><b>gi\u1ed1ng<\/b><\/strong><strong><b>\u00a0<\/b><\/strong><strong><b>t\u1eafc b\u00e1n<\/b><\/strong><strong><b>h xe<\/b><\/strong><\/h2>\n<p>C\u00e2y t\u1eafc b\u00e1nh xe\u00a0\u01b0a th\u00edch kh\u00ed h\u1eadu nhi\u1ec7t \u0111\u1edbi gi\u00f3 m\u00f9a, ph\u00e1t tri\u1ec3n t\u1ed1t \u1edf nh\u1eefng n\u01a1i c\u00f3 nhi\u1ec1u n\u1eafng, l\u01b0\u1ee3ng m\u01b0a d\u1ed3i d\u00e0o. \u0110\u1ea5t tr\u1ed3ng t\u1eafc b\u00e1nh xe\u00a0c\u1ea7n t\u01a1i x\u1ed1p, tho\u00e1t n\u01b0\u1edbc t\u1ed1t v\u00e0 gi\u00e0u dinh d\u01b0\u1ee1ng.<\/p>\n<h2><strong><b>Kho\u1ea3ng c\u00e1ch tr\u1ed3ng <\/b><\/strong><strong><b>t\u1eafc b\u00e1nh xe<\/b><\/strong><\/h2>\n<p>Kho\u1ea3ng c\u00e1ch \u0111\u01b0\u1ee3c khuy\u1ebfn kh\u00edch tr\u1ed3ng t\u1eafc b\u00e1nh xe l\u00e0 2m5-3m\/ c\u00e2y. Nh\u01b0 v\u1eady 1 c\u00f4ng \u0111\u1ea5t (1000m2) tr\u1ed3ng \u0111\u01b0\u1ee3c 250 c\u00e2y t\u1eafc b\u00e1nh xe.<\/p>\n<h2><strong><b>C\u00e1ch ch\u0103m s\u00f3c c\u00e2y <\/b><\/strong><strong><b>t\u1eafc b\u00e1nh xe<\/b><\/strong><\/h2>\n<p>T\u01b0\u1edbi n\u01b0\u1edbc: T\u01b0\u1edbi n\u01b0\u1edbc \u0111\u1ec1u \u0111\u1eb7n cho c\u00e2y t\u1eafc b\u00e1nh xe, nh\u1ea5t l\u00e0 v\u00e0o m\u00f9a kh\u00f4. N\u00ean t\u01b0\u1edbi v\u00e0o s\u00e1ng s\u1edbm ho\u1eb7c chi\u1ec1u m\u00e1t \u0111\u1ec3 tr\u00e1nh l\u00e0m \u1ea3nh h\u01b0\u1edfng \u0111\u1ebfn hoa v\u00e0 tr\u00e1i.<\/p>\n<p>B\u00f3n ph\u00e2n: B\u00f3n ph\u00e2n cho c\u00e2y t\u1eafc b\u00e1nh xe\u00a0\u0111\u1ecbnh k\u1ef3 3 th\u00e1ng\/l\u1ea7n. S\u1eed d\u1ee5ng ph\u00e2n h\u1eefu c\u01a1 ho\u1eb7c ph\u00e2n NPK theo h\u01b0\u1edbng d\u1eabn tr\u00ean bao b\u00ec.<\/p>\n<p>C\u1eaft t\u1ec9a: C\u1eaft t\u1ec9a c\u00e0nh, nh\u00e1nh gi\u00e0, c\u00e0nh m\u1ecdc v\u01b0\u1ee3t \u0111\u1ec3 t\u1ea1o t\u00e1n c\u00e2y th\u00f4ng tho\u00e1ng v\u00e0 th\u00fac \u0111\u1ea9y ra hoa, \u0111\u1eadu tr\u00e1i.<\/p>\n<p>Ph\u00f2ng tr\u1eeb s\u00e2u b\u1ec7nh: Th\u01b0\u1eddng xuy\u00ean ki\u1ec3m tra v\u00e0 phun thu\u1ed1c ph\u00f2ng tr\u1eeb c\u00e1c lo\u1ea1i s\u00e2u b\u1ec7nh h\u1ea1i t\u1eafc b\u00e1nh xe\u00a0nh\u01b0 r\u1ec7p, s\u1ec7p, n\u1ea5m b\u1ec7nh,&#8230;<\/p>\n<figure id=\"attachment_2746\" aria-describedby=\"caption-attachment-2746\" style=\"width: 408px\" class=\"wp-caption aligncenter\"><img loading=\"lazy\" decoding=\"async\" class=\"wp-image-2746\" src=\"http:\/\/localhost\/phucan713\/wp-content\/uploads\/2024\/04\/z5257423383344_29c3db1e7a2e910ed9da2ce47b2e00f7-245x300.jpg\" alt=\"Thu ho\u1ea1ch t\u1eafc b\u00e1nh xe v\u00e0o m\u00f9a n\u1eafng \u0111\u1ec3 \u0111\u01b0\u1ee3c gi\u00e1 t\u1ed1t\" width=\"408\" height=\"500\" srcset=\"https:\/\/ktech4.k-tech-services.com\/phucan713\/wp-content\/uploads\/2024\/04\/z5257423383344_29c3db1e7a2e910ed9da2ce47b2e00f7-245x300.jpg 245w, https:\/\/ktech4.k-tech-services.com\/phucan713\/wp-content\/uploads\/2024\/04\/z5257423383344_29c3db1e7a2e910ed9da2ce47b2e00f7-510x625.jpg 510w, https:\/\/ktech4.k-tech-services.com\/phucan713\/wp-content\/uploads\/2024\/04\/z5257423383344_29c3db1e7a2e910ed9da2ce47b2e00f7.jpg 632w\" sizes=\"auto, (max-width: 408px) 100vw, 408px\" \/><figcaption id=\"caption-attachment-2746\" class=\"wp-caption-text\">Thu ho\u1ea1ch t\u1eafc b\u00e1nh xe v\u00e0o m\u00f9a n\u1eafng \u0111\u1ec3 \u0111\u01b0\u1ee3c gi\u00e1 t\u1ed1t<\/figcaption><\/figure>\n<h2><strong><b>Gi\u00e1 c\u00e2y <\/b><\/strong><strong><b>gi\u1ed1ng t\u1eafc b\u00e1nh xe b\u00e1nh xe<\/b><\/strong><\/h2>\n<p>Gi\u00e1 c\u00e2y gi\u1ed1ng t\u1eafc b\u00e1nh xe b\u00e1nh xe t\u1ea1i v\u01b0\u1eddn Ph\u00fac An dao \u0111\u1ed9ng t\u1eeb 16.000 &#8211; 25.000\/ c\u00e2y. T\u00f9y theo k\u00edch c\u1ee1, l\u00f4 c\u00e2y theo th\u1eddi \u0111i\u1ec3m, s\u1ed1 l\u01b0\u1ee3ng \u0111\u1eb7t s\u1ebd c\u00f3 m\u1ee9c gi\u00e1 kh\u00e1c nhau.<\/p>\n<p>Ch\u00fang t\u00f4i cam k\u1ebft lu\u00f4n gi\u1eef m\u1ee9c gi\u00e1 m\u1ec1m v\u1eeba t\u00fai ti\u1ec1n \u0111\u1ec3 m\u1ecdi kh\u00e1ch h\u00e0ng \u0111\u1ec1u c\u00f3 th\u1ec3 ch\u1ecdn mua nh\u1eefng c\u00e2y gi\u1ed1ng\u00a0th\u1eadt t\u1ed1t cho khu v\u01b0\u1eddn c\u1ee7a m\u00ecnh.<\/p>\n<figure id=\"attachment_1874\" aria-describedby=\"caption-attachment-1874\" style=\"width: 405px\" class=\"wp-caption aligncenter\"><img loading=\"lazy\" decoding=\"async\" class=\"wp-image-1874\" src=\"http:\/\/localhost\/phucan713\/wp-content\/uploads\/2024\/04\/z5398735428973_0e3f6e4e15078e0c80dcb0913d5c6887-243x300.jpg\" alt=\"C\u00e2y gi\u1ed1ng t\u1eafc b\u00e1nh xe Ph\u00fac An cung c\u1ea5p\" width=\"405\" height=\"500\" \/><figcaption id=\"caption-attachment-1874\" class=\"wp-caption-text\">C\u00e2y gi\u1ed1ng t\u1eafc b\u00e1nh xe Ph\u00fac An cung c\u1ea5p<\/figcaption><\/figure>\n<figure id=\"attachment_1875\" aria-describedby=\"caption-attachment-1875\" style=\"width: 375px\" class=\"wp-caption aligncenter\"><img loading=\"lazy\" decoding=\"async\" class=\"wp-image-1875\" src=\"http:\/\/localhost\/phucan713\/wp-content\/uploads\/2024\/04\/z5423713761730_007e4eed37cdd9f3e318143398ba0f09-225x300.jpg\" alt=\"C\u00e2y gi\u1ed1ng t\u1eafc b\u00e1nh xe Ph\u00fac An giao cho kh\u00e1ch\" width=\"375\" height=\"500\" \/><figcaption id=\"caption-attachment-1875\" class=\"wp-caption-text\">C\u00e2y gi\u1ed1ng t\u1eafc b\u00e1nh xe Ph\u00fac An giao cho kh\u00e1ch<\/figcaption><\/figure>\n<h2><strong><b>Mua c\u00e2y <\/b><\/strong><strong><b>gi\u1ed1ng t\u1eafc b\u00e1nh xe b\u00e1nh xe<\/b><\/strong><strong><b>\u00a0\u1edf \u0111\u00e2u ch\u1ea5t l\u01b0\u1ee3ng?<\/b><\/strong><\/h2>\n<p>C\u00e2y gi\u1ed1ng\u00a0Ph\u00fac An cung c\u1ea5p c\u00e2y gi\u1ed1ng t\u1eafc b\u00e1nh xe b\u00e1nh xe\u00a0ch\u1ea5t l\u01b0\u1ee3ng, \u0111\u01b0\u1ee3c b\u1ea3o h\u00e0nh \u0111\u00fang gi\u1ed1ng\u00a0cho t\u1edbi khi c\u00f3 tr\u00e1i.<\/p>\n<p>V\u01b0\u1eddn nh\u00e2n gi\u1ed1ng\u00a0c\u1ee7a Ph\u00fac An \u0111\u01b0\u1ee3c ch\u1ecdn l\u1ef1a k\u1ef9 l\u01b0\u1ee1ng, \u0111\u1ea3m b\u1ea3o chu\u1ea9n gi\u1ed1ng.<\/p>\n<p><span style=\"color: #008000;\"><strong>Ti\u00eau chu\u1ea9n C\u00e2y gi\u1ed1ng t\u1eafc b\u00e1nh xe b\u00e1nh xe \u0111\u01b0\u1ee3c cung c\u1ea5p b\u1edfi v\u01b0\u1eddn Ph\u00fac An<\/strong><\/span><\/p>\n<ul>\n<li>C\u00e2y chi\u1ebft. Chi\u1ec1u cao c\u00e2y gi\u1ed1ng\u00a0t\u1eeb 30-40cm t\u00ednh t\u1eeb m\u1eb7t b\u1ea7u<\/li>\n<li>C\u00e2y nu\u00f4i \u0111\u1ee7 th\u1eddi gian, b\u1ea7u r\u1ec5 \u1ed5n \u0111\u1ecbnh, c\u00e2y \u0111\u00e3 x\u1ea3 n\u1eafng\u00a0c\u1ee9ng c\u00e1p<\/li>\n<li>Kh\u00f4ng c\u00f3 d\u1ea5u hi\u1ec7u s\u00e2u b\u1ec7nh, b\u1ed9 l\u00e1 xanh t\u1ed1t d\u00e0y d\u1eb7n<\/li>\n<\/ul>\n<figure id=\"attachment_1876\" aria-describedby=\"caption-attachment-1876\" style=\"width: 375px\" class=\"wp-caption aligncenter\"><img loading=\"lazy\" decoding=\"async\" class=\"wp-image-1876\" src=\"http:\/\/localhost\/phucan713\/wp-content\/uploads\/2024\/04\/z5423713819637_0dd5ab880b2f725bfa66c59b09b6f15a-225x300.jpg\" alt=\"C\u00e2y gi\u1ed1ng t\u1eafc b\u00e1nh xe Ph\u00fac An giao cho kh\u00e1ch\" width=\"375\" height=\"500\" \/><figcaption id=\"caption-attachment-1876\" class=\"wp-caption-text\">C\u00e2y gi\u1ed1ng t\u1eafc b\u00e1nh xe Ph\u00fac An giao cho kh\u00e1ch<\/figcaption><\/figure>\n<p><iframe loading=\"lazy\" title=\"Tr\u1ed3ng T\u1eafc B\u00e1nh Xe \u1ede Mi\u1ec1n Trung Sau 4 Th\u00e1ng - Kh\u00e1ch H\u00e0ng C\u00e2y Gi\u1ed1ng Ph\u00fac An Ph\u1ea3n H\u1ed3i\" width=\"563\" height=\"1000\" src=\"https:\/\/www.youtube.com\/embed\/xatdVj0uwqs?feature=oembed\" frameborder=\"0\" allow=\"accelerometer; autoplay; clipboard-write; encrypted-media; gyroscope; picture-in-picture; web-share\" referrerpolicy=\"strict-origin-when-cross-origin\" allowfullscreen><\/iframe><\/p>\n<p>C\u00e2y tr\u1ea3i qua quy tr\u00ecnh nh\u00e2n gi\u1ed1ng, d\u01b0\u1ee1ng c\u00e2y con, x\u1ea3 n\u1eafng ho\u00e0n ch\u1ec9nh. \u0110\u1ebfn tay c\u00f4 b\u00e1c s\u1ebd l\u00e0 t\u1eebng c\u00e2y \u0111\u00e3 c\u1ee9ng c\u00e1p \u0111\u00e3 ra c\u01a1i ch\u1ed3i m\u1edbi.<br \/>\nQu\u00fd c\u00f4 b\u00e1c c\u00f3 th\u1ec3 li\u00ean h\u1ec7 tr\u1ef1c ti\u1ebfp qua SDT\/ Zalo 0962.888.014 (<a href=\"http:\/\/localhost\/phucan713\/\" target=\"_blank\" rel=\"noopener\">C\u00e2y Gi\u1ed1ng Ph\u00fac An<\/a>) \u0111\u1ec3 ch\u00fang t\u00f4i t\u01b0 v\u1ea5n v\u00e0 b\u00e1o gi\u00e1 c\u1ee5 th\u1ec3. Xin c\u1ea3m \u01a1n qu\u00fd c\u00f4 b\u00e1c \u0111\u00e3 \u0111\u1eb7t ni\u1ec1m tin v\u1edbi nh\u00e0 v\u01b0\u1eddn.<\/p>\n<p>&nbsp;<\/p>\n","protected":false},"excerpt":{"rendered":"<p>* Gi\u00e1 tham kh\u1ea3o cho s\u1ed1 l\u01b0\u1ee3ng t\u1eeb 30 c\u00e2y, c\u00f3 th\u1ec3 thay \u0111\u1ed5i theo th\u1eddi \u0111i\u1ec3m<br \/>\n* Ch\u01b0a bao g\u1ed3m ph\u00ed v\u1eadn chuy\u1ec3n (t\u00f9y theo s\u1ed1 l\u01b0\u1ee3ng c\u00e2y v\u00e0 \u0111\u1ecba \u0111i\u1ec3m giao h\u00e0ng)<\/p>\n","protected":false},"featured_media":1480,"comment_status":"open","ping_status":"closed","template":"","meta":[],"product_brand":[],"product_cat":[117],"product_tag":[99],"class_list":{"0":"post-1479","1":"product","2":"type-product","3":"status-publish","4":"has-post-thumbnail","6":"product_cat-cay-co-mui","7":"product_tag-giong-tac-banh-xe","9":"first","10":"instock","11":"shipping-taxable","12":"purchasable","13":"product-type-simple"},"_links":{"self":[{"href":"https:\/\/ktech4.k-tech-services.com\/phucan713\/wp-json\/wp\/v2\/product\/1479","targetHints":{"allow":["GET"]}}],"collection":[{"href":"https:\/\/ktech4.k-tech-services.com\/phucan713\/wp-json\/wp\/v2\/product"}],"about":[{"href":"https:\/\/ktech4.k-tech-services.com\/phucan713\/wp-json\/wp\/v2\/types\/product"}],"replies":[{"embeddable":true,"href":"https:\/\/ktech4.k-tech-services.com\/phucan713\/wp-json\/wp\/v2\/comments?post=1479"}],"wp:featuredmedia":[{"embeddable":true,"href":"https:\/\/ktech4.k-tech-services.com\/phucan713\/wp-json\/"}],"wp:attachment":[{"href":"https:\/\/ktech4.k-tech-services.com\/phucan713\/wp-json\/wp\/v2\/media?parent=1479"}],"wp:term":[{"taxonomy":"product_brand","embeddable":true,"href":"https:\/\/ktech4.k-tech-services.com\/phucan713\/wp-json\/wp\/v2\/product_brand?post=1479"},{"taxonomy":"product_cat","embeddable":true,"href":"https:\/\/ktech4.k-tech-services.com\/phucan713\/wp-json\/wp\/v2\/product_cat?post=1479"},{"taxonomy":"product_tag","embeddable":true,"href":"https:\/\/ktech4.k-tech-services.com\/phucan713\/wp-json\/wp\/v2\/product_tag?post=1479"}],"curies":[{"name":"wp","href":"https:\/\/api.w.org\/{rel}","templated":true}]}}