{"id":1481,"date":"2024-04-03T09:58:30","date_gmt":"2024-04-03T09:58:30","guid":{"rendered":"https:\/\/caygiongphucan.com\/?post_type=product&amp;p=1481"},"modified":"2024-04-03T09:58:30","modified_gmt":"2024-04-03T09:58:30","slug":"cay-giong-tac-khong-hat-op-be","status":"publish","type":"product","link":"https:\/\/ktech4.k-tech-services.com\/phucan713\/san-pham\/cay-giong-tac-khong-hat-op-be\/","title":{"rendered":"C\u00e2y gi\u1ed1ng t\u1eafc kh\u00f4ng h\u1ea1t (h\u00e0ng \u1ed1p b\u1eb9)"},"content":{"rendered":"<p>Gi\u1ed1ng t\u1eafc kh\u00f4ng h\u1ea1t l\u00e0 gi\u1ed1ng c\u00e2y m\u1edbi xu\u1ea5t hi\u1ec7n trong n\u0103m 2024. \u0110\u00f4ng \u0111\u1ea3o b\u00e0 con n\u00f4ng d\u00e2n ch\u1ecdn l\u1ef1a cho khu v\u01b0\u1eddn c\u1ee7a m\u00ecnh \u0111\u1ec3 l\u00e0m kinh t\u1ebf r\u1ea5t t\u1ed1t. H\u00e3y c\u00f9ng <strong><em><a href=\"http:\/\/localhost\/phucan713\/\" target=\"_blank\" rel=\"noopener\">C\u00e2y Gi\u1ed1ng Ph\u00fac An<\/a><\/em><\/strong> t\u00ecm hi\u1ec3u th\u00eam v\u1ec1 gi\u1ed1ng c\u00e2y n\u00e0y nh\u00e9.<\/p>\n<p>L\u01afU \u00dd: H\u00c0NG \u1ed0P B\u1eb8 CH\u1ec8 PH\u00d9 H\u1ee2P CHO KH\u00c1CH MUA T\u1eea KHU V\u1ef0C T\u00c2Y NGUY\u00caN TR\u1ede V\u00c0O MI\u1ec0N NAM, V\u00cc PH\u1ea2I TR\u1ed2NG LI\u1ec0N TRONG 2 NG\u00c0Y K\u1ec2 T\u1eea KHI NH\u1eacN H\u00c0NG, N\u00caN V\u01af\u1edcN KH\u00d4NG GIAO XA H\u01a0N \u0110\u01af\u1ee2C.<\/p>\n<h2><strong><b>Ngu\u1ed3n g\u1ed1c, \u0111\u1eb7c <\/b><\/strong><strong><b>\u0111i\u1ec3m<\/b><\/strong><strong><b>\u00a0<\/b><\/strong><strong><b>gi\u1ed1ng<\/b><\/strong><strong><b>\u00a0<\/b><\/strong><strong><b>T\u1eafc Kh\u00f4ng H\u1ea1t<\/b><\/strong><\/h2>\n<p>T\u1eafc Kh\u00f4ng H\u1ea1t l\u00e0 gi\u1ed1ng c\u00e2y tr\u1ed3ng xu\u1ea5t x\u1ee9 t\u1ea1i B\u1ebfn Tre,\u00a0\u0111\u1ed9t bi\u1ebfn t\u1eeb c\u00e2y t\u1eafc c\u00f3 h\u1ea1t v\u00e0 chanh kh\u00f4ng h\u1ea1t. Qu\u00e1 tr\u00ecnh \u0111\u1ed9t bi\u1ebfn t\u1ef1 nhi\u00ean \u0111\u00e3 t\u1ea1o ra gi\u1ed1ng c\u00e2y m\u1edbi n\u00e0y v\u1edbi nh\u1eefng \u0111\u1eb7c \u0111i\u1ec3m v\u01b0\u1ee3t tr\u1ed9i nh\u01b0 kh\u00f4ng c\u00f3 h\u1ea1t, m\u1ecdng n\u01b0\u1edbc, n\u0103ng su\u1ea5t cao.<\/p>\n<figure id=\"attachment_1482\" aria-describedby=\"caption-attachment-1482\" style=\"width: 500px\" class=\"wp-caption aligncenter\"><img loading=\"lazy\" decoding=\"async\" class=\"wp-image-1482\" src=\"http:\/\/localhost\/phucan713\/wp-content\/uploads\/2024\/04\/tac-ko-hat.jpg\" alt=\"Gi\u1ed1ng t\u1eafc kh\u00f4ng h\u1ea1t xu\u1ea5t x\u1ee9 t\u1eeb B\u1ebfn Tre\" width=\"500\" height=\"443\" \/><figcaption id=\"caption-attachment-1482\" class=\"wp-caption-text\">Gi\u1ed1ng t\u1eafc kh\u00f4ng h\u1ea1t xu\u1ea5t x\u1ee9 t\u1eeb B\u1ebfn Tre<\/figcaption><\/figure>\n<p>T\u1eafc Kh\u00f4ng H\u1ea1t\u00a0c\u00f3 \u0111\u1ed9 chua v\u00e0 n\u0103ng su\u1ea5t t\u01b0\u01a1ng \u0111\u01b0\u01a1ng v\u1edbi t\u1eafc c\u00f3 h\u1ea1t truy\u1ec1n th\u1ed1ng.<\/p>\n<p>\u0110i\u1ec3m kh\u00e1c bi\u1ec7t ch\u00ednh gi\u1eefa hai lo\u1ea1i t\u1eafc n\u00e0y n\u1eb1m \u1edf ch\u1ed7 t\u1eafc kh\u00f4ng h\u1ea1t ho\u00e0n to\u00e0n kh\u00f4ng c\u00f3 h\u1ea1t, trong khi t\u1eafc c\u00f3 h\u1ea1t truy\u1ec1n th\u1ed1ng c\u00f3 ch\u1ee9a nhi\u1ec1u h\u1ea1t.<\/p>\n<h2><strong><b>Gi\u1ed1ng<\/b><\/strong><strong><b>\u00a0<\/b><\/strong><strong><b>T\u1eafc Kh\u00f4ng H\u1ea1t<\/b><\/strong><strong><b>\u00a0tr\u1ed3ng bao l\u00e2u c\u00f3 tr\u00e1i?<\/b><\/strong><\/h2>\n<p>C\u00e2y T\u1eafc Kh\u00f4ng H\u1ea1t\u00a0tr\u1ed3ng t\u1eeb c\u00e2y chi\u1ebft ho\u1eb7c gh\u00e9p s\u1ebd \u0111\u1ee7 s\u1ee9c cho tr\u00e1i thu ho\u1ea1ch sau kho\u1ea3ng 6 th\u00e1ng t\u00f9y theo t\u00ecnh tr\u1ea1ng c\u1ee7a c\u00e2y th\u1ef1c t\u1ebf.<\/p>\n<p>Kho\u1ea3ng 2 th\u00e1ng tr\u1ed3ng ta \u0111\u00e3 th\u1ea5y c\u00f3 hoa v\u00e0 tr\u00e1i, nh\u01b0ng ch\u00fang t\u00f4i khuy\u00ean b\u1ea1n n\u00ean b\u1ecf ch\u00fang \u0111\u1ec3 c\u00e2y t\u1eadp trung dinh d\u01b0\u1ee1ng, kh\u00f4ng b\u1ecb suy khi mang tr\u00e1i qu\u00e1 s\u1edbm.<\/p>\n<p>Gi\u1ed1ng t\u1eafc kh\u00f4ng h\u1ea1t d\u1ec5 tr\u1ed3ng, ch\u0103m s\u00f3c v\u00e0 thu ho\u1ea1ch h\u01a1n c\u00e1c gi\u1ed1ng t\u1eafc truy\u1ec1n th\u1ed1ng. N\u00f3 c\u0169ng cho n\u0103ng su\u1ea5t cao h\u01a1n v\u00e0 k\u00edch th\u01b0\u1edbc qu\u1ea3 l\u1edbn h\u01a1n.<\/p>\n<figure id=\"attachment_2752\" aria-describedby=\"caption-attachment-2752\" style=\"width: 500px\" class=\"wp-caption aligncenter\"><img loading=\"lazy\" decoding=\"async\" class=\"wp-image-2752\" src=\"http:\/\/localhost\/phucan713\/wp-content\/uploads\/2024\/04\/Screenshot-2024-06-17-102123-300x283.jpg\" alt=\"T\u1eafc kh\u00f4ng h\u1ea1t c\u00f3 tr\u00e1i ch\u1ec9 sau v\u00e0i th\u00e1ng tr\u1ed3ng\" width=\"500\" height=\"472\" srcset=\"https:\/\/ktech4.k-tech-services.com\/phucan713\/wp-content\/uploads\/2024\/04\/Screenshot-2024-06-17-102123-300x283.jpg 300w, https:\/\/ktech4.k-tech-services.com\/phucan713\/wp-content\/uploads\/2024\/04\/Screenshot-2024-06-17-102123-510x481.jpg 510w, https:\/\/ktech4.k-tech-services.com\/phucan713\/wp-content\/uploads\/2024\/04\/Screenshot-2024-06-17-102123.jpg 669w\" sizes=\"auto, (max-width: 500px) 100vw, 500px\" \/><figcaption id=\"caption-attachment-2752\" class=\"wp-caption-text\">T\u1eafc kh\u00f4ng h\u1ea1t c\u00f3 tr\u00e1i ch\u1ec9 sau v\u00e0i th\u00e1ng tr\u1ed3ng<\/figcaption><\/figure>\n<h2><strong><b>T\u1eeb l\u00fac ra hoa \u0111\u1ebfn khi thu ho\u1ea1ch <\/b><\/strong><strong><b>T\u1eafc Kh\u00f4ng H\u1ea1t<\/b><\/strong><strong><b>\u00a0kho\u1ea3ng bao l\u00e2u?<\/b><\/strong><\/h2>\n<p>T\u1eeb l\u00fac ra hoa \u0111\u1ebfn khi thu ho\u1ea1ch T\u1eafc Kh\u00f4ng H\u1ea1t\u00a0kho\u1ea3ng 2\u00a0&#8211; 2,5 th\u00e1ng.<\/p>\n<h2><strong><b>N\u0103ng su\u1ea5t <\/b><\/strong><strong><b>gi\u1ed1ng<\/b><\/strong><strong><b>\u00a0<\/b><\/strong><strong><b>T\u1eafc Kh\u00f4ng H\u1ea1t<\/b><\/strong><\/h2>\n<p>Trung b\u00ecnh, m\u1ed7i c\u00e2y T\u1eafc Kh\u00f4ng H\u1ea1t tr\u01b0\u1edfng th\u00e0nh c\u00f3 th\u1ec3 cho thu ho\u1ea1ch kho\u1ea3ng 35-60kg tr\u00e1i m\u1ed7i n\u0103m, g\u1ea7n g\u1ea5p \u0111\u00f4i t\u1eafc truy\u1ec1n th\u1ed1ng. 1 th\u00e1ng thu ho\u1ea1ch T\u1eafc Kh\u00f4ng H\u1ea1t 2 l\u1ea7n.<\/p>\n<p>N\u0103ng su\u1ea5t c\u1ee7a gi\u1ed1ng\u00a0T\u1eafc Kh\u00f4ng H\u1ea1t\u00a0ph\u1ee5 thu\u1ed9c v\u00e0o nhi\u1ec1u y\u1ebfu t\u1ed1 nh\u01b0 gi\u1ed1ng\u00a0c\u00e2y, \u0111i\u1ec1u ki\u1ec7n kh\u00ed h\u1eadu, th\u1ed5 nh\u01b0\u1ee1ng v\u00e0 k\u1ef9 thu\u1eadt ch\u0103m s\u00f3c.<\/p>\n<figure id=\"attachment_2753\" aria-describedby=\"caption-attachment-2753\" style=\"width: 406px\" class=\"wp-caption aligncenter\"><img loading=\"lazy\" decoding=\"async\" class=\"wp-image-2753\" src=\"http:\/\/localhost\/phucan713\/wp-content\/uploads\/2024\/04\/tac-khong-hat-2-244x300.jpg\" alt=\"Thu ho\u1ea1ch t\u1eafc kh\u00f4ng h\u1ea1t\" width=\"406\" height=\"500\" srcset=\"https:\/\/ktech4.k-tech-services.com\/phucan713\/wp-content\/uploads\/2024\/04\/tac-khong-hat-2-244x300.jpg 244w, https:\/\/ktech4.k-tech-services.com\/phucan713\/wp-content\/uploads\/2024\/04\/tac-khong-hat-2-510x628.jpg 510w, https:\/\/ktech4.k-tech-services.com\/phucan713\/wp-content\/uploads\/2024\/04\/tac-khong-hat-2.jpg 720w\" sizes=\"auto, (max-width: 406px) 100vw, 406px\" \/><figcaption id=\"caption-attachment-2753\" class=\"wp-caption-text\">Thu ho\u1ea1ch t\u1eafc kh\u00f4ng h\u1ea1t<\/figcaption><\/figure>\n<h2><strong><b>Kh\u00ed h\u1eadu v\u00e0 \u0111\u1ea5t tr\u1ed3ng th\u00edch h\u1ee3p v\u1edbi <\/b><\/strong><strong><b>gi\u1ed1ng<\/b><\/strong><strong><b>\u00a0<\/b><\/strong><strong><b>T\u1eafc Kh\u00f4ng H\u1ea1t<\/b><\/strong><\/h2>\n<p>C\u00e2y T\u1eafc Kh\u00f4ng H\u1ea1t\u00a0\u01b0a th\u00edch kh\u00ed h\u1eadu nhi\u1ec7t \u0111\u1edbi gi\u00f3 m\u00f9a, ph\u00e1t tri\u1ec3n t\u1ed1t \u1edf nh\u1eefng n\u01a1i c\u00f3 nhi\u1ec1u n\u1eafng, l\u01b0\u1ee3ng m\u01b0a d\u1ed3i d\u00e0o. \u0110\u1ea5t tr\u1ed3ng T\u1eafc Kh\u00f4ng H\u1ea1t\u00a0c\u1ea7n t\u01a1i x\u1ed1p, tho\u00e1t n\u01b0\u1edbc t\u1ed1t v\u00e0 gi\u00e0u dinh d\u01b0\u1ee1ng.<\/p>\n<h2><strong><b>Kho\u1ea3ng c\u00e1ch tr\u1ed3ng <\/b><\/strong><strong><b>T\u1eafc Kh\u00f4ng H\u1ea1t<\/b><\/strong><\/h2>\n<p>Kho\u1ea3ng c\u00e1ch \u0111\u01b0\u1ee3c khuy\u1ebfn kh\u00edch tr\u1ed3ng T\u1eafc Kh\u00f4ng H\u1ea1t l\u00e0 2,5-3m\/ c\u00e2y.<\/p>\n<h2><strong><b>\u01afu \u0111i\u1ec3m v\u01b0\u1ee3t tr\u1ed9i c\u1ee7a T\u1eafc Kh\u00f4ng H\u1ea1t<\/b><\/strong><\/h2>\n<p>Sinh tr\u01b0\u1edfng nhanh ch\u00f3ng: Ch\u1ec9 sau kho\u1ea3ng 6 th\u00e1ng tr\u1ed3ng, c\u00e2y t\u1eafc kh\u00f4ng h\u1ea1t \u0111\u00e3 c\u00f3 th\u1ec3 cho tr\u00e1i (t\u1eafc truy\u1ec1n th\u1ed1ng 8-10 th\u00e1ng), gi\u00fap b\u00e0 con thu ho\u1ea1ch s\u1edbm h\u01a1n so v\u1edbi c\u00e1c gi\u1ed1ng t\u1eafc truy\u1ec1n th\u1ed1ng.<\/p>\n<p>N\u0103ng su\u1ea5t cao: T\u1eafc kh\u00f4ng h\u1ea1t cho n\u0103ng su\u1ea5t cao h\u01a1n so v\u1edbi t\u1eafc truy\u1ec1n th\u1ed1ng, mang l\u1ea1i l\u1ee3i nhu\u1eadn d\u1ed3i d\u00e0o cho nh\u00e0 v\u01b0\u1eddn.<\/p>\n<p>Tr\u00e1i m\u1ecdng n\u01b0\u1edbc: T\u1eafc kh\u00f4ng h\u1ea1t c\u00f3 h\u00e0m l\u01b0\u1ee3ng n\u01b0\u1edbc d\u1ed3i d\u00e0o, v\u1ecb chua thanh m\u00e1t, th\u00edch h\u1ee3p \u0111\u1ec3 pha n\u01b0\u1edbc gi\u1ea3i kh\u00e1t, l\u00e0m m\u1ee9t, ng\u00e2m t\u1eafc mu\u1ed1i,&#8230;<\/p>\n<p>Ti\u1ebft ki\u1ec7m th\u1eddi gian: Do kh\u00f4ng c\u00f3 h\u1ea1t, t\u1eafc kh\u00f4ng h\u1ea1t gi\u00fap ti\u1ebft ki\u1ec7m th\u1eddi gian cho ng\u01b0\u1eddi ti\u00eau d\u00f9ng v\u00e0 c\u00e1c c\u01a1 s\u1edf ch\u1ebf bi\u1ebfn trong vi\u1ec7c s\u01a1 ch\u1ebf.<\/p>\n<p>D\u1ec5 tr\u1ed3ng v\u00e0 ch\u0103m s\u00f3c: T\u1eafc kh\u00f4ng h\u1ea1t c\u00f3 s\u1ee9c \u0111\u1ec1 kh\u00e1ng t\u1ed1t, \u00edt s\u00e2u b\u1ec7nh, d\u1ec5 tr\u1ed3ng v\u00e0 ch\u0103m s\u00f3c, ph\u00f9 h\u1ee3p v\u1edbi \u0111i\u1ec1u ki\u1ec7n kh\u00ed h\u1eadu Vi\u1ec7t Nam.<\/p>\n<h2><strong><b>C\u00e1ch ch\u0103m s\u00f3c c\u00e2y <\/b><\/strong><strong><b>T\u1eafc Kh\u00f4ng H\u1ea1t<\/b><\/strong><\/h2>\n<p>T\u01b0\u1edbi n\u01b0\u1edbc: T\u01b0\u1edbi n\u01b0\u1edbc \u0111\u1ec1u \u0111\u1eb7n cho c\u00e2y T\u1eafc Kh\u00f4ng H\u1ea1t, nh\u1ea5t l\u00e0 v\u00e0o m\u00f9a kh\u00f4. N\u00ean t\u01b0\u1edbi v\u00e0o s\u00e1ng s\u1edbm ho\u1eb7c chi\u1ec1u m\u00e1t \u0111\u1ec3 tr\u00e1nh l\u00e0m \u1ea3nh h\u01b0\u1edfng \u0111\u1ebfn hoa v\u00e0 tr\u00e1i.<\/p>\n<p>B\u00f3n ph\u00e2n: B\u00f3n ph\u00e2n cho c\u00e2y T\u1eafc Kh\u00f4ng H\u1ea1t\u00a0\u0111\u1ecbnh k\u1ef3 3 th\u00e1ng\/l\u1ea7n. S\u1eed d\u1ee5ng ph\u00e2n h\u1eefu c\u01a1 ho\u1eb7c ph\u00e2n NPK theo h\u01b0\u1edbng d\u1eabn tr\u00ean bao b\u00ec.<\/p>\n<p>C\u1eaft t\u1ec9a: C\u1eaft t\u1ec9a c\u00e0nh, nh\u00e1nh gi\u00e0, c\u00e0nh m\u1ecdc v\u01b0\u1ee3t \u0111\u1ec3 t\u1ea1o t\u00e1n c\u00e2y th\u00f4ng tho\u00e1ng v\u00e0 th\u00fac \u0111\u1ea9y ra hoa, \u0111\u1eadu tr\u00e1i.<\/p>\n<p>Ph\u00f2ng tr\u1eeb s\u00e2u b\u1ec7nh: Th\u01b0\u1eddng xuy\u00ean ki\u1ec3m tra v\u00e0 phun thu\u1ed1c ph\u00f2ng tr\u1eeb c\u00e1c lo\u1ea1i s\u00e2u b\u1ec7nh h\u1ea1i T\u1eafc Kh\u00f4ng H\u1ea1t\u00a0nh\u01b0 r\u1ec7p, s\u1ec7p, n\u1ea5m b\u1ec7nh,&#8230;<\/p>\n<h2><strong><b>Gi\u00e1 c\u00e2y <\/b><\/strong><strong><b>gi\u1ed1ng T\u1eafc Kh\u00f4ng H\u1ea1t<\/b><\/strong><\/h2>\n<figure id=\"attachment_2294\" aria-describedby=\"caption-attachment-2294\" style=\"width: 374px\" class=\"wp-caption aligncenter\"><img loading=\"lazy\" decoding=\"async\" class=\"wp-image-2294\" src=\"http:\/\/localhost\/phucan713\/wp-content\/uploads\/2024\/04\/c0c0cbab8d712e2f7760-187x300.jpg\" alt=\"V\u01b0\u1eddn \u01b0\u01a1m c\u00e2y gi\u1ed1ng t\u1eafc kh\u00f4ng h\u1ea1t - Ph\u00fac An\" width=\"374\" height=\"600\" srcset=\"https:\/\/ktech4.k-tech-services.com\/phucan713\/wp-content\/uploads\/2024\/04\/c0c0cbab8d712e2f7760-187x300.jpg 187w, https:\/\/ktech4.k-tech-services.com\/phucan713\/wp-content\/uploads\/2024\/04\/c0c0cbab8d712e2f7760-510x818.jpg 510w, https:\/\/ktech4.k-tech-services.com\/phucan713\/wp-content\/uploads\/2024\/04\/c0c0cbab8d712e2f7760.jpg 576w\" sizes=\"auto, (max-width: 374px) 100vw, 374px\" \/><figcaption id=\"caption-attachment-2294\" class=\"wp-caption-text\">V\u01b0\u1eddn \u01b0\u01a1m c\u00e2y gi\u1ed1ng t\u1eafc kh\u00f4ng h\u1ea1t &#8211; Ph\u00fac An<\/figcaption><\/figure>\n<figure id=\"attachment_2759\" aria-describedby=\"caption-attachment-2759\" style=\"width: 375px\" class=\"wp-caption aligncenter\"><img loading=\"lazy\" decoding=\"async\" class=\"wp-image-2759\" src=\"http:\/\/localhost\/phucan713\/wp-content\/uploads\/2024\/04\/z5635391446856_dee2d6f7a2df3467dc39250f67230ce1-225x300.jpg\" alt=\"V\u01b0\u1eddn gh\u00e9p c\u00e2y gi\u1ed1ng t\u1eafc kh\u00f4ng h\u1ea1t Ph\u00fac An\" width=\"375\" height=\"500\" srcset=\"https:\/\/ktech4.k-tech-services.com\/phucan713\/wp-content\/uploads\/2024\/04\/z5635391446856_dee2d6f7a2df3467dc39250f67230ce1-225x300.jpg 225w, https:\/\/ktech4.k-tech-services.com\/phucan713\/wp-content\/uploads\/2024\/04\/z5635391446856_dee2d6f7a2df3467dc39250f67230ce1-768x1024.jpg 768w, https:\/\/ktech4.k-tech-services.com\/phucan713\/wp-content\/uploads\/2024\/04\/z5635391446856_dee2d6f7a2df3467dc39250f67230ce1-1152x1536.jpg 1152w, https:\/\/ktech4.k-tech-services.com\/phucan713\/wp-content\/uploads\/2024\/04\/z5635391446856_dee2d6f7a2df3467dc39250f67230ce1-1536x2048.jpg 1536w, https:\/\/ktech4.k-tech-services.com\/phucan713\/wp-content\/uploads\/2024\/04\/z5635391446856_dee2d6f7a2df3467dc39250f67230ce1-510x680.jpg 510w, https:\/\/ktech4.k-tech-services.com\/phucan713\/wp-content\/uploads\/2024\/04\/z5635391446856_dee2d6f7a2df3467dc39250f67230ce1.jpg 1920w\" sizes=\"auto, (max-width: 375px) 100vw, 375px\" \/><figcaption id=\"caption-attachment-2759\" class=\"wp-caption-text\">V\u01b0\u1eddn gh\u00e9p c\u00e2y gi\u1ed1ng t\u1eafc kh\u00f4ng h\u1ea1t Ph\u00fac An<\/figcaption><\/figure>\n<p>Gi\u00e1 c\u00e2y gi\u1ed1ng T\u1eafc Kh\u00f4ng H\u1ea1t (c\u00e2y gh\u00e9p bo, h\u00e0ng \u1ed1p b\u1eb9 \u0111\u1ea5t, c\u00e2y \u0111\u00e3 l\u00ean c\u01a1i 2 v\u1edbi chi\u1ec1u cao kho\u1ea3ng 50cm t\u00ednh t\u1eeb g\u1ed1c) t\u1ea1i v\u01b0\u1eddn Ph\u00fac An dao \u0111\u1ed9ng t\u1eeb 20.000 &#8211; 25.000\/ c\u00e2y. T\u00f9y theo\u00a0k\u00edch c\u1ee1,\u00a0l\u00f4 c\u00e2y\u00a0theo th\u1eddi \u0111i\u1ec3m, s\u1ed1 l\u01b0\u1ee3ng \u0111\u1eb7t s\u1ebd c\u00f3 m\u1ee9c gi\u00e1 kh\u00e1c nhau.<\/p>\n<p>Ch\u00fang t\u00f4i cam k\u1ebft lu\u00f4n gi\u1eef m\u1ee9c gi\u00e1 m\u1ec1m v\u1eeba t\u00fai ti\u1ec1n \u0111\u1ec3 m\u1ecdi kh\u00e1ch h\u00e0ng \u0111\u1ec1u c\u00f3 th\u1ec3 ch\u1ecdn mua nh\u1eefng c\u00e2y gi\u1ed1ng\u00a0th\u1eadt t\u1ed1t cho khu v\u01b0\u1eddn c\u1ee7a m\u00ecnh.<\/p>\n<figure id=\"attachment_2754\" aria-describedby=\"caption-attachment-2754\" style=\"width: 279px\" class=\"wp-caption aligncenter\"><img loading=\"lazy\" decoding=\"async\" class=\"wp-image-2754\" src=\"http:\/\/localhost\/phucan713\/wp-content\/uploads\/2024\/04\/z5593970822441_fd333d4404347b06bee79f42dea535b9-168x300.jpg\" alt=\"C\u00e2y gi\u1ed1ng t\u1eafc kh\u00f4ng h\u1ea1t Ph\u00fac An giao cho kh\u00e1ch h\u00e0ng\" width=\"279\" height=\"500\" srcset=\"https:\/\/ktech4.k-tech-services.com\/phucan713\/wp-content\/uploads\/2024\/04\/z5593970822441_fd333d4404347b06bee79f42dea535b9-168x300.jpg 168w, https:\/\/ktech4.k-tech-services.com\/phucan713\/wp-content\/uploads\/2024\/04\/z5593970822441_fd333d4404347b06bee79f42dea535b9-572x1024.jpg 572w, https:\/\/ktech4.k-tech-services.com\/phucan713\/wp-content\/uploads\/2024\/04\/z5593970822441_fd333d4404347b06bee79f42dea535b9-510x913.jpg 510w, https:\/\/ktech4.k-tech-services.com\/phucan713\/wp-content\/uploads\/2024\/04\/z5593970822441_fd333d4404347b06bee79f42dea535b9.jpg 576w\" sizes=\"auto, (max-width: 279px) 100vw, 279px\" \/><figcaption id=\"caption-attachment-2754\" class=\"wp-caption-text\">C\u00e2y gi\u1ed1ng t\u1eafc kh\u00f4ng h\u1ea1t Ph\u00fac An giao cho kh\u00e1ch h\u00e0ng<\/figcaption><\/figure>\n<h2>Hai ph\u00e2n lo\u1ea1i c\u00e2y gi\u1ed1ng t\u1eafc kh\u00f4ng h\u1ea1t (gh\u00e9p) \u0111\u1ec3 b\u00e0 con l\u1ef1a ch\u1ecdn<\/h2>\n<p>M\u1ed9t l\u00e0, c\u00e2y gh\u00e9p nu\u00f4i b\u1ea7u, v\u1edbi lo\u1ea1i n\u00e0y b\u00e0 con khi nh\u1eadn v\u1ec1 \u0111\u1ec3 y\u00ean 3-5 ng\u00e0y t\u01b0\u1edbi d\u01b0\u1ee1ng \u1ea9m cho \u1ed5n \u0111\u1ecbnh b\u1ea7u r\u1ed3i tr\u1ed3ng.<\/p>\n<p>Hai l\u00e0, c\u00e2y gh\u00e9p b\u00ean d\u01b0\u1edbi r\u1ec5 \u1ed1p b\u1eb9 \u0111\u1ea5t gi\u1eef \u1ea9m, gi\u00e1 c\u00e2y s\u1ebd r\u1ebb h\u01a1n h\u00e0ng nu\u00f4i b\u1ea7u, gi\u00fap ti\u1ebft ki\u1ec7m chi ph\u00ed cho ng\u01b0\u1eddi tr\u1ed3ng. V\u1edbi lo\u1ea1i n\u00e0y th\u00ec b\u00e0 con nh\u1eadn c\u00e2y s\u1ebd v\u1ec1 tr\u1ed3ng li\u1ec1n xu\u1ed1ng \u0111\u1ea5t \u0111\u1ec3 c\u00e2y b\u00e9n r\u1ec5. L\u01b0u \u00fd kh\u00f4ng \u0111\u1ec3 qu\u00e1 2 ng\u00e0y v\u00ec c\u00e2y s\u1ebd b\u1ecb m\u1ea5t n\u01b0\u1edbc v\u00e0 hao hut.<\/p>\n<h2><strong><b>Mua c\u00e2y <\/b><\/strong><strong><b>gi\u1ed1ng T\u1eafc Kh\u00f4ng H\u1ea1t<\/b><\/strong><strong><b>\u00a0\u1edf \u0111\u00e2u ch\u1ea5t l\u01b0\u1ee3ng?<\/b><\/strong><\/h2>\n<p>C\u00e2y gi\u1ed1ng\u00a0Ph\u00fac An cung c\u1ea5p c\u00e2y gi\u1ed1ng T\u1eafc Kh\u00f4ng H\u1ea1t ch\u1ea5t l\u01b0\u1ee3ng, \u0111\u01b0\u1ee3c b\u1ea3o h\u00e0nh \u0111\u00fang gi\u1ed1ng\u00a0cho t\u1edbi khi c\u00f3 tr\u00e1i.<\/p>\n<p>V\u01b0\u1eddn nh\u00e2n gi\u1ed1ng\u00a0c\u1ee7a Ph\u00fac An \u0111\u01b0\u1ee3c ch\u1ecdn l\u1ef1a k\u1ef9 l\u01b0\u1ee1ng, \u0111\u1ea3m b\u1ea3o chu\u1ea9n gi\u1ed1ng.<\/p>\n<figure id=\"attachment_2295\" aria-describedby=\"caption-attachment-2295\" style=\"width: 321px\" class=\"wp-caption aligncenter\"><img loading=\"lazy\" decoding=\"async\" class=\"wp-image-2295\" src=\"http:\/\/localhost\/phucan713\/wp-content\/uploads\/2024\/04\/db7cc683805923077a48-160x300.jpg\" alt=\"S\u1ed1 l\u01b0\u1ee3ng h\u00e0ng ng\u00e0n c\u00e2y gi\u1ed1ng t\u1eafc kh\u00f4ng h\u1ea1t (gh\u00e9p) Ph\u00fac An cung c\u1ea5p\" width=\"321\" height=\"600\" srcset=\"https:\/\/ktech4.k-tech-services.com\/phucan713\/wp-content\/uploads\/2024\/04\/db7cc683805923077a48-160x300.jpg 160w, https:\/\/ktech4.k-tech-services.com\/phucan713\/wp-content\/uploads\/2024\/04\/db7cc683805923077a48-548x1024.jpg 548w, https:\/\/ktech4.k-tech-services.com\/phucan713\/wp-content\/uploads\/2024\/04\/db7cc683805923077a48-510x954.jpg 510w, https:\/\/ktech4.k-tech-services.com\/phucan713\/wp-content\/uploads\/2024\/04\/db7cc683805923077a48.jpg 576w\" sizes=\"auto, (max-width: 321px) 100vw, 321px\" \/><figcaption id=\"caption-attachment-2295\" class=\"wp-caption-text\">S\u1ed1 l\u01b0\u1ee3ng h\u00e0ng ng\u00e0n c\u00e2y gi\u1ed1ng t\u1eafc kh\u00f4ng h\u1ea1t (gh\u00e9p) Ph\u00fac An cung c\u1ea5p<\/figcaption><\/figure>\n<figure id=\"attachment_2755\" aria-describedby=\"caption-attachment-2755\" style=\"width: 355px\" class=\"wp-caption aligncenter\"><img loading=\"lazy\" decoding=\"async\" class=\"wp-image-2755\" src=\"http:\/\/localhost\/phucan713\/wp-content\/uploads\/2024\/04\/z5593970825129_ce27b97dbe952290de4747dfb6c09649-213x300.jpg\" alt=\"C\u00e2y gi\u1ed1ng t\u1eafc kh\u00f4ng h\u1ea1t Ph\u00fac An giao cho kh\u00e1ch h\u00e0ng\" width=\"355\" height=\"500\" srcset=\"https:\/\/ktech4.k-tech-services.com\/phucan713\/wp-content\/uploads\/2024\/04\/z5593970825129_ce27b97dbe952290de4747dfb6c09649-213x300.jpg 213w, https:\/\/ktech4.k-tech-services.com\/phucan713\/wp-content\/uploads\/2024\/04\/z5593970825129_ce27b97dbe952290de4747dfb6c09649-510x718.jpg 510w, https:\/\/ktech4.k-tech-services.com\/phucan713\/wp-content\/uploads\/2024\/04\/z5593970825129_ce27b97dbe952290de4747dfb6c09649.jpg 576w\" sizes=\"auto, (max-width: 355px) 100vw, 355px\" \/><figcaption id=\"caption-attachment-2755\" class=\"wp-caption-text\">C\u00e2y gi\u1ed1ng t\u1eafc kh\u00f4ng h\u1ea1t Ph\u00fac An giao cho kh\u00e1ch h\u00e0ng<\/figcaption><\/figure>\n<p><em><strong><span style=\"font-size: 100%; color: #008000;\">Ti\u00eau chu\u1ea9n C\u00e2y gi\u1ed1ng T\u1eafc Kh\u00f4ng H\u1ea1t \u0111\u01b0\u1ee3c cung c\u1ea5p b\u1edfi v\u01b0\u1eddn Ph\u00fac An:<\/span><\/strong><\/em><\/p>\n<ul>\n<li>C\u00e2y gh\u00e9p. Chi\u1ec1u cao c\u00e2y gi\u1ed1ng 40-50cm t\u00ednh t\u1eeb m\u1eb7t b\u1ea7u, h\u00e0ng \u1ed1p b\u1eb9 \u0111\u1ea5t cho kh\u00e1ch v\u1ec1 tr\u1ed3ng li\u1ec1n trong 1-2 ng\u00e0y<\/li>\n<li>C\u00e2y nu\u00f4i ngo\u00e0i n\u1eafng, b\u1ea7u r\u1ec5 \u1ed5n \u0111\u1ecbnh<\/li>\n<li>Kh\u00f4ng c\u00f3 d\u1ea5u hi\u1ec7u s\u00e2u b\u1ec7nh, b\u1ed9 l\u00e1 xanh t\u1ed1t d\u00e0y d\u1eb7n<\/li>\n<\/ul>\n<figure id=\"attachment_2988\" aria-describedby=\"caption-attachment-2988\" style=\"width: 500px\" class=\"wp-caption aligncenter\"><img loading=\"lazy\" decoding=\"async\" class=\"wp-image-2988\" src=\"http:\/\/localhost\/phucan713\/wp-content\/uploads\/2024\/04\/z5819903625452_560480c300b2d6caea1f5aa53115a7fc-300x225.jpg\" alt=\"L\u00f4 c\u00e2y gi\u1ed1ng t\u1eafc kh\u00f4ng h\u1ea1t Ph\u00fac An giao cho kh\u00e1ch\" width=\"500\" height=\"375\" srcset=\"https:\/\/ktech4.k-tech-services.com\/phucan713\/wp-content\/uploads\/2024\/04\/z5819903625452_560480c300b2d6caea1f5aa53115a7fc-300x225.jpg 300w, https:\/\/ktech4.k-tech-services.com\/phucan713\/wp-content\/uploads\/2024\/04\/z5819903625452_560480c300b2d6caea1f5aa53115a7fc-1024x768.jpg 1024w, https:\/\/ktech4.k-tech-services.com\/phucan713\/wp-content\/uploads\/2024\/04\/z5819903625452_560480c300b2d6caea1f5aa53115a7fc-768x576.jpg 768w, https:\/\/ktech4.k-tech-services.com\/phucan713\/wp-content\/uploads\/2024\/04\/z5819903625452_560480c300b2d6caea1f5aa53115a7fc-510x383.jpg 510w, https:\/\/ktech4.k-tech-services.com\/phucan713\/wp-content\/uploads\/2024\/04\/z5819903625452_560480c300b2d6caea1f5aa53115a7fc.jpg 1280w\" sizes=\"auto, (max-width: 500px) 100vw, 500px\" \/><figcaption id=\"caption-attachment-2988\" class=\"wp-caption-text\">L\u00f4 c\u00e2y gi\u1ed1ng t\u1eafc kh\u00f4ng h\u1ea1t Ph\u00fac An giao cho kh\u00e1ch<\/figcaption><\/figure>\n<p>C\u00e2y tr\u1ea3i qua quy tr\u00ecnh nh\u00e2n gi\u1ed1ng, d\u01b0\u1ee1ng c\u00e2y con, x\u1ea3 n\u1eafng ho\u00e0n ch\u1ec9nh. \u0110\u1ebfn tay c\u00f4 b\u00e1c s\u1ebd l\u00e0 t\u1eebng c\u00e2y \u0111\u00e3 c\u1ee9ng c\u00e1p \u0111\u00e3 ra c\u01a1i ch\u1ed3i m\u1edbi.<br \/>\nQu\u00fd c\u00f4 b\u00e1c c\u00f3 th\u1ec3 li\u00ean h\u1ec7 tr\u1ef1c ti\u1ebfp qua SDT\/ Zalo 0962.888.014 (<a href=\"http:\/\/localhost\/phucan713\/\" target=\"_blank\" rel=\"noopener\">C\u00e2y Gi\u1ed1ng Ph\u00fac An<\/a>) \u0111\u1ec3 ch\u00fang t\u00f4i t\u01b0 v\u1ea5n v\u00e0 b\u00e1o gi\u00e1 c\u1ee5 th\u1ec3. Xin c\u1ea3m \u01a1n qu\u00fd c\u00f4 b\u00e1c \u0111\u00e3 \u0111\u1eb7t ni\u1ec1m tin v\u1edbi nh\u00e0 v\u01b0\u1eddn.<\/p>\n<p>&gt;&gt; M\u1eddi b\u1ea1n \u0111\u1ecdc th\u00eam: <a href=\"https:\/\/nongnghiepmoitruong.vn\/tac-khong-hat-mong-nuoc-mang-nhieu-trien-vong-moi-cho-nha-vuon-d342007.html\" target=\"_blank\" rel=\"noopener\"><span style=\"color: #000080;\"><em><strong>T\u1eafc kh\u00f4ng h\u1ea1t m\u1ecdng n\u01b0\u1edbc, mang nhi\u1ec1u tri\u1ec3n v\u1ecdng m\u1edbi cho nh\u00e0 v\u01b0\u1eddn<\/strong><\/em><\/span><\/a><\/p>\n","protected":false},"excerpt":{"rendered":"<p>* Gi\u00e1 tham kh\u1ea3o cho s\u1ed1 l\u01b0\u1ee3ng t\u1eeb 30 c\u00e2y, c\u00f3 th\u1ec3 thay \u0111\u1ed5i theo th\u1eddi \u0111i\u1ec3m<br \/>\n* Ch\u01b0a bao g\u1ed3m ph\u00ed v\u1eadn chuy\u1ec3n (t\u00f9y theo s\u1ed1 l\u01b0\u1ee3ng c\u00e2y v\u00e0 \u0111\u1ecba \u0111i\u1ec3m giao h\u00e0ng)<\/p>\n","protected":false},"featured_media":2755,"comment_status":"open","ping_status":"closed","template":"","meta":[],"product_brand":[],"product_cat":[117],"product_tag":[100],"class_list":{"0":"post-1481","1":"product","2":"type-product","3":"status-publish","4":"has-post-thumbnail","6":"product_cat-cay-co-mui","7":"product_tag-giong-tac-khong-hat","9":"first","10":"instock","11":"shipping-taxable","12":"purchasable","13":"product-type-simple"},"_links":{"self":[{"href":"https:\/\/ktech4.k-tech-services.com\/phucan713\/wp-json\/wp\/v2\/product\/1481","targetHints":{"allow":["GET"]}}],"collection":[{"href":"https:\/\/ktech4.k-tech-services.com\/phucan713\/wp-json\/wp\/v2\/product"}],"about":[{"href":"https:\/\/ktech4.k-tech-services.com\/phucan713\/wp-json\/wp\/v2\/types\/product"}],"replies":[{"embeddable":true,"href":"https:\/\/ktech4.k-tech-services.com\/phucan713\/wp-json\/wp\/v2\/comments?post=1481"}],"wp:featuredmedia":[{"embeddable":true,"href":"https:\/\/ktech4.k-tech-services.com\/phucan713\/wp-json\/wp\/v2\/media\/2755"}],"wp:attachment":[{"href":"https:\/\/ktech4.k-tech-services.com\/phucan713\/wp-json\/wp\/v2\/media?parent=1481"}],"wp:term":[{"taxonomy":"product_brand","embeddable":true,"href":"https:\/\/ktech4.k-tech-services.com\/phucan713\/wp-json\/wp\/v2\/product_brand?post=1481"},{"taxonomy":"product_cat","embeddable":true,"href":"https:\/\/ktech4.k-tech-services.com\/phucan713\/wp-json\/wp\/v2\/product_cat?post=1481"},{"taxonomy":"product_tag","embeddable":true,"href":"https:\/\/ktech4.k-tech-services.com\/phucan713\/wp-json\/wp\/v2\/product_tag?post=1481"}],"curies":[{"name":"wp","href":"https:\/\/api.w.org\/{rel}","templated":true}]}}