{"id":1490,"date":"2024-04-03T10:13:35","date_gmt":"2024-04-03T10:13:35","guid":{"rendered":"https:\/\/caygiongphucan.com\/?post_type=product&amp;p=1490"},"modified":"2024-04-03T10:13:35","modified_gmt":"2024-04-03T10:13:35","slug":"cay-giong-bon-bon-thai","status":"publish","type":"product","link":"https:\/\/ktech4.k-tech-services.com\/phucan713\/san-pham\/cay-giong-bon-bon-thai\/","title":{"rendered":"C\u00e2y gi\u1ed1ng b\u00f2n bon th\u00e1i"},"content":{"rendered":"<p>Trong c\u00e1c lo\u1ea1i c\u00e2y \u0103n tr\u00e1i \u0111\u1eb7c s\u1ea3n, gi\u1ed1ng b\u00f2n bon Th\u00e1i (hay c\u00f2n g\u1ecdi l\u00e0 b\u00f2n bon Longkong) lu\u00f4n gi\u1eef v\u1eefng v\u1ecb th\u1ebf l\u00e0 lo\u1ea1i tr\u00e1i c\u00e2y &#8220;nh\u00e0 gi\u00e0u&#8221; v\u1edbi gi\u00e1 b\u00e1n cao v\u00e0 \u1ed5n \u0111\u1ecbnh. Kh\u00f4ng ch\u1ec9 c\u00f3 h\u01b0\u01a1ng v\u1ecb th\u01a1m ngon v\u01b0\u1ee3t tr\u1ed9i, lo\u1ea1i c\u00e2y n\u00e0y c\u00f2n r\u1ea5t ph\u00f9 h\u1ee3p v\u1edbi kh\u00ed h\u1eadu mi\u1ec1n Nam, \u0111\u1eb7c bi\u1ec7t l\u00e0 v\u00f9ng \u0111\u1ea5t ph\u00f9 sa m\u00e0u m\u1ee1.<\/p>\n<p>Tuy nhi\u00ean, b\u00f2n bon Th\u00e1i v\u1ed1n n\u1ed5i ti\u1ebfng l\u00e0 lo\u1ea1i c\u00e2y &#8220;\u0111\u1ecfng \u0111\u1ea3nh&#8221; l\u00fac c\u00f2n nh\u1ecf, n\u1ebfu kh\u00f4ng n\u1eafm r\u00f5 \u0111\u1eb7c t\u00ednh v\u00e0 c\u00e1ch ch\u0103m s\u00f3c, c\u00e2y r\u1ea5t d\u1ec5 b\u1ecb suy ho\u1eb7c ch\u1eadm l\u1edbn. B\u00e0i vi\u1ebft n\u00e0y, C\u00e2y Gi\u1ed1ng Ph\u00fac An s\u1ebd chia s\u1ebb chi ti\u1ebft t\u1eeb \u0111\u1eb7c \u0111i\u1ec3m \u0111\u1ebfn k\u1ef9 thu\u1eadt canh t\u00e1c b\u1ec1n v\u1eefng \u0111\u1ec3 b\u00e0 con t\u1ef1 tin l\u00e0m gi\u00e0u v\u1edbi gi\u1ed1ng c\u00e2y &#8220;ti\u1ec1n t\u1ef7&#8221; n\u00e0y.<\/p>\n<h2>T\u1ed5ng quan v\u1ec1 gi\u1ed1ng b\u00f2n bon Th\u00e1i<\/h2>\n<p>B\u00f2n bon Th\u00e1i th\u1ef1c ch\u1ea5t l\u00e0 gi\u1ed1ng Longkong xu\u1ea5t x\u1ee9 t\u1eeb Th\u00e1i Lan. So v\u1edbi gi\u1ed1ng b\u00f2n bon ta truy\u1ec1n th\u1ed1ng, b\u00f2n bon Th\u00e1i c\u00f3 nhi\u1ec1u \u01b0u \u0111i\u1ec3m v\u01b0\u1ee3t tr\u1ed9i v\u1ec1 c\u1ea3 ch\u1ea5t l\u01b0\u1ee3ng tr\u00e1i l\u1eabn kh\u1ea3 n\u0103ng th\u01b0\u01a1ng m\u1ea1i. Hi\u1ec7n nay, \u0111\u00e2y l\u00e0 lo\u1ea1i c\u00e2y tr\u1ed3ng xen canh l\u00fd t\u01b0\u1edfng trong c\u00e1c v\u01b0\u1eddn s\u1ea7u ri\u00eang ho\u1eb7c m\u0103ng c\u1ee5t, gi\u00fap b\u00e0 con t\u0103ng th\u00eam ngu\u1ed3n thu nh\u1eadp \u0111\u00e1ng k\u1ec3 tr\u00ean c\u00f9ng m\u1ed9t di\u1ec7n t\u00edch canh t\u00e1c.<\/p>\n<figure id=\"attachment_2522\" aria-describedby=\"caption-attachment-2522\" style=\"width: 599px\" class=\"wp-caption aligncenter\"><img loading=\"lazy\" decoding=\"async\" class=\"wp-image-2522\" src=\"http:\/\/localhost\/phucan713\/wp-content\/uploads\/2024\/04\/357808717_1883567268681721_5986527294978791981_n-767x1024.jpg\" alt=\"C\u1eadn c\u1ea3nh tr\u00e1i b\u00f2n bon th\u00e1i\" width=\"599\" height=\"800\" srcset=\"https:\/\/ktech4.k-tech-services.com\/phucan713\/wp-content\/uploads\/2024\/04\/357808717_1883567268681721_5986527294978791981_n-767x1024.jpg 767w, https:\/\/ktech4.k-tech-services.com\/phucan713\/wp-content\/uploads\/2024\/04\/357808717_1883567268681721_5986527294978791981_n-225x300.jpg 225w, https:\/\/ktech4.k-tech-services.com\/phucan713\/wp-content\/uploads\/2024\/04\/357808717_1883567268681721_5986527294978791981_n-768x1025.jpg 768w, https:\/\/ktech4.k-tech-services.com\/phucan713\/wp-content\/uploads\/2024\/04\/357808717_1883567268681721_5986527294978791981_n-510x681.jpg 510w, https:\/\/ktech4.k-tech-services.com\/phucan713\/wp-content\/uploads\/2024\/04\/357808717_1883567268681721_5986527294978791981_n.jpg 956w\" sizes=\"auto, (max-width: 599px) 100vw, 599px\" \/><figcaption id=\"caption-attachment-2522\" class=\"wp-caption-text\">C\u1eadn c\u1ea3nh tr\u00e1i b\u00f2n bon th\u00e1i<\/figcaption><\/figure>\n<h2>\u0110\u1eb7c \u0111i\u1ec3m c\u1ee7a gi\u1ed1ng b\u00f2n bon Th\u00e1i<\/h2>\n<h3>\u0110\u1eb7c \u0111i\u1ec3m h\u00ecnh th\u00e1i v\u00e0 H\u01b0\u01a1ng v\u1ecb<\/h3>\n<ul>\n<li>Th\u00e2n v\u00e0 T\u00e1n: C\u00e2y b\u00f2n bon Th\u00e1i thu\u1ed9c d\u1ea1ng th\u00e2n g\u1ed7, t\u00e1n l\u00e1 xanh th\u1eabm, d\u00e0y v\u00e0 h\u01a1i xo\u0103n nh\u1eb9 \u1edf m\u00e9p l\u00e1.<\/li>\n<li>\u0110\u1eb7c \u0111i\u1ec3m tr\u00e1i: Tr\u00e1i m\u1ecdc th\u00e0nh ch\u00f9m d\u00e0i, kh\u00edt nhau. V\u1ecf tr\u00e1i m\u1ecfng, m\u00e0u v\u00e0ng r\u01a1m b\u1eaft m\u1eaft. \u0110i\u1ec3m \u0111\u1eb7c bi\u1ec7t nh\u1ea5t l\u00e0 v\u1ecf b\u00f2n bon Th\u00e1i r\u1ea5t \u00edt nh\u1ef1a (m\u1ee7), khi b\u00f3c ra tay v\u1eabn s\u1ea1ch, kh\u00f4ng b\u1ecb d\u00ednh nh\u1ef1a \u0111en nh\u01b0 b\u00f2n bon ta.<\/li>\n<li>H\u01b0\u01a1ng v\u1ecb: Th\u1ecbt b\u00f2n bon (c\u01a1m) c\u00f3 m\u00e0u tr\u1eafng trong, chia th\u00e0nh nhi\u1ec1u m\u00fai. V\u1ecb ng\u1ecdt \u0111\u1eadm, thanh m\u00e1t v\u00e0 th\u01a1m nh\u1eb9. H\u1ea1t b\u00f2n bon Th\u00e1i th\u01b0\u1eddng r\u1ea5t nh\u1ecf ho\u1eb7c kh\u00f4ng c\u00f3 h\u1ea1t, \u0103n c\u1ef1c k\u1ef3 &#8220;\u0111\u00e3&#8221;.<\/li>\n<\/ul>\n<figure id=\"attachment_2528\" aria-describedby=\"caption-attachment-2528\" style=\"width: 600px\" class=\"wp-caption aligncenter\"><img loading=\"lazy\" decoding=\"async\" class=\"wp-image-2528\" src=\"http:\/\/localhost\/phucan713\/wp-content\/uploads\/2024\/04\/370689301_228239220214347_8193755036126498377_n-1.jpg\" alt=\"C\u00e2y b\u00f2n bon th\u00e1i cho tr\u00e1i s\u00e1t th\u00e2n\" width=\"600\" height=\"800\" srcset=\"https:\/\/ktech4.k-tech-services.com\/phucan713\/wp-content\/uploads\/2024\/04\/370689301_228239220214347_8193755036126498377_n-1.jpg 720w, https:\/\/ktech4.k-tech-services.com\/phucan713\/wp-content\/uploads\/2024\/04\/370689301_228239220214347_8193755036126498377_n-1-225x300.jpg 225w, https:\/\/ktech4.k-tech-services.com\/phucan713\/wp-content\/uploads\/2024\/04\/370689301_228239220214347_8193755036126498377_n-1-510x680.jpg 510w\" sizes=\"auto, (max-width: 600px) 100vw, 600px\" \/><figcaption id=\"caption-attachment-2528\" class=\"wp-caption-text\">C\u00e2y b\u00f2n bon th\u00e1i cho tr\u00e1i s\u00e1t th\u00e2n<\/figcaption><\/figure>\n<h3>\u0110\u1eb7c t\u00ednh sinh tr\u01b0\u1edfng<\/h3>\n<p>Lo\u1ea1i c\u00e2y n\u00e0y \u01b0a \u00e1nh s\u00e1ng t\u00e1n x\u1ea1, t\u1ee9c l\u00e0 l\u00fac nh\u1ecf c\u00e2y kh\u00f4ng ch\u1ecbu \u0111\u01b0\u1ee3c n\u1eafng g\u1eaft tr\u1ef1c ti\u1ebfp. V\u00ec v\u1eady, b\u00f2n bon Th\u00e1i r\u1ea5t th\u00edch h\u1ee3p tr\u1ed3ng xen trong v\u01b0\u1eddn c\u00e2y l\u1edbn ho\u1eb7c ph\u1ea3i che m\u00e1t k\u1ef9 l\u01b0\u1ee1ng trong 2-3 n\u0103m \u0111\u1ea7u. C\u00e2y \u01b0a \u0111\u1ed9 \u1ea9m cao nh\u01b0ng l\u1ea1i s\u1ee3 ng\u1eadp \u00fang, c\u1ea7n \u0111\u1ea5t tho\u00e1t n\u01b0\u1edbc t\u1ed1t.<\/p>\n<h2>Gi\u1ed1ng b\u00f2n bon Th\u00e1i tr\u1ed3ng bao l\u00e2u c\u00f3 tr\u00e1i?<\/h2>\n<p>B\u00f2n bon Th\u00e1i l\u00e0 lo\u1ea1i c\u00e2y l\u00e2u n\u0103m, n\u00ean b\u00e0 con c\u1ea7n s\u1ef1 ki\u00ean nh\u1eabn h\u01a1n so v\u1edbi c\u00e1c lo\u1ea1i c\u00e2y ng\u1eafn ng\u00e0y:<\/p>\n<ul>\n<li>C\u00e2y gi\u1ed1ng gh\u00e9p: T\u1ea1i Ph\u00fac An, ch\u00fang t\u00f4i cung c\u1ea5p c\u00e2y gh\u00e9p m\u1eaft ch\u1ea5t l\u01b0\u1ee3ng, gi\u00fap c\u00e2y nhanh cho tr\u00e1i h\u01a1n. Th\u00f4ng th\u01b0\u1eddng, sau kho\u1ea3ng 3 \u0111\u1ebfn 5 n\u0103m tr\u1ed3ng v\u00e0 ch\u0103m s\u00f3c \u0111\u00fang k\u1ef9 thu\u1eadt, c\u00e2y s\u1ebd b\u1eaft \u0111\u1ea7u cho l\u1ee9a tr\u00e1i b\u00f3i \u0111\u1ea7u ti\u00ean.<\/li>\n<li>\u0110\u1ed9 b\u1ec1n: C\u00e2y c\u00f3 tu\u1ed5i th\u1ecd r\u1ea5t cao, c\u00e0ng gi\u00e0 c\u00e2y c\u00e0ng cho tr\u00e1i sai v\u00e0 ch\u1ea5t l\u01b0\u1ee3ng tr\u00e1i c\u00e0ng \u1ed5n \u0111\u1ecbnh, c\u00f3 th\u1ec3 thu ho\u1ea1ch k\u00e9o d\u00e0i h\u00e0ng ch\u1ee5c n\u0103m.<\/li>\n<\/ul>\n<h2>Chu k\u1ef3 ra hoa v\u00e0 \u0111\u1eadu tr\u00e1i<\/h2>\n<p>Hi\u1ec3u \u0111\u01b0\u1ee3c chu k\u1ef3 c\u1ee7a c\u00e2y s\u1ebd gi\u00fap b\u00e0 con ch\u1ee7 \u0111\u1ed9ng trong kh\u00e2u ch\u0103m s\u00f3c:<\/p>\n<ul>\n<li>Th\u1eddi gian ra hoa: C\u00e2y th\u01b0\u1eddng ra hoa v\u00e0o \u0111\u1ea7u m\u00f9a m\u01b0a (kho\u1ea3ng th\u00e1ng 4 &#8211; 5 \u00e2m l\u1ecbch).<\/li>\n<li>T\u1eeb hoa \u0111\u1ebfn l\u00fac thu ho\u1ea1ch: M\u1ea5t kho\u1ea3ng 3 \u0111\u1ebfn 4 th\u00e1ng. Tr\u00e1i ch\u00edn r\u1ed9 v\u00e0o kho\u1ea3ng th\u00e1ng 7 \u0111\u1ebfn th\u00e1ng 9 \u00e2m l\u1ecbch.<\/li>\n<li>\u0110\u1eb7c \u0111i\u1ec3m thu ho\u1ea1ch: Tr\u00e1i ch\u00edn theo t\u1eebng ch\u00f9m l\u1edbn. Khi thu ho\u1ea1ch, b\u00e0 con c\u1eaft nguy\u00ean ch\u00f9m, \u0111i\u1ec1u n\u00e0y kh\u00f4ng ch\u1ec9 gi\u00fap tr\u00e1i \u0111\u1eb9p m\u00e0 c\u00f2n c\u1ef1c k\u1ef3 ti\u1ebft ki\u1ec7m c\u00f4ng lao \u0111\u1ed9ng.<\/li>\n<\/ul>\n<h2>N\u0103ng su\u1ea5t th\u1ef1c t\u1ebf c\u1ee7a gi\u1ed1ng b\u00f2n bon Th\u00e1i<\/h2>\n<p>B\u00f2n bon Th\u00e1i khi v\u00e0o giai \u0111o\u1ea1n kinh doanh \u1ed5n \u0111\u1ecbnh s\u1ebd mang l\u1ea1i n\u0103ng su\u1ea5t c\u1ef1c k\u1ef3 \u1ea5n t\u01b0\u1ee3ng:<\/p>\n<ul>\n<li>C\u00e2y t\u1eeb 7-10 n\u0103m tu\u1ed5i: C\u00f3 th\u1ec3 \u0111\u1ea1t n\u0103ng su\u1ea5t t\u1eeb 30 &#8211; 50kg\/c\u00e2y\/n\u0103m.<\/li>\n<li>Gi\u00e1 tr\u1ecb kinh t\u1ebf: Do \u0111\u1eb7c t\u00ednh kh\u00f4ng m\u1ee7, c\u01a1m ng\u1ecdt h\u1ea1t l\u00e9p n\u00ean gi\u00e1 b\u00f2n bon Th\u00e1i lu\u00f4n cao g\u1ea5p 2-3 l\u1ea7n b\u00f2n bon th\u01b0\u1eddng. \u0110\u00e2y th\u1ef1c s\u1ef1 l\u00e0 c\u00e2y &#8220;h\u00e1i ra ti\u1ec1n&#8221; cho nh\u1eefng nh\u00e0 v\u01b0\u1eddn ch\u1ecbu kh\u00f3 \u0111\u1ea7u t\u01b0 k\u1ef9 thu\u1eadt.<\/li>\n<\/ul>\n<figure id=\"attachment_2520\" aria-describedby=\"caption-attachment-2520\" style=\"width: 600px\" class=\"wp-caption aligncenter\"><img loading=\"lazy\" decoding=\"async\" class=\"wp-image-2520\" src=\"http:\/\/localhost\/phucan713\/wp-content\/uploads\/2024\/04\/271726474_951318292480664_2672938368850190447_n.jpg\" alt=\"C\u00e2y b\u00f2n bon Th\u00e1i cho n\u0103ng su\u1ea5t cao\" width=\"600\" height=\"800\" srcset=\"https:\/\/ktech4.k-tech-services.com\/phucan713\/wp-content\/uploads\/2024\/04\/271726474_951318292480664_2672938368850190447_n.jpg 720w, https:\/\/ktech4.k-tech-services.com\/phucan713\/wp-content\/uploads\/2024\/04\/271726474_951318292480664_2672938368850190447_n-225x300.jpg 225w, https:\/\/ktech4.k-tech-services.com\/phucan713\/wp-content\/uploads\/2024\/04\/271726474_951318292480664_2672938368850190447_n-510x680.jpg 510w\" sizes=\"auto, (max-width: 600px) 100vw, 600px\" \/><figcaption id=\"caption-attachment-2520\" class=\"wp-caption-text\">C\u00e2y b\u00f2n bon Th\u00e1i cho n\u0103ng su\u1ea5t cao<\/figcaption><\/figure>\n<h2>K\u1ef9 thu\u1eadt tr\u1ed3ng v\u00e0 ch\u0103m s\u00f3c theo h\u01b0\u1edbng b\u1ec1n v\u1eefng<\/h2>\n<ul>\n<li>Thi\u1ebft k\u1ebf v\u01b0\u1eddn: N\u1ebfu tr\u1ed3ng m\u1edbi, b\u00e0 con n\u00ean tr\u1ed3ng xen th\u00eam c\u00e1c lo\u1ea1i c\u00e2y che b\u00f3ng (nh\u01b0 chu\u1ed1i ho\u1eb7c c\u00e2y mu\u1ed3ng) \u0111\u1ec3 b\u1ea3o v\u1ec7 c\u00e2y con kh\u1ecfi n\u1eafng g\u1eaft.<\/li>\n<li>Qu\u1ea3n l\u00fd n\u01b0\u1edbc: V\u00e0o m\u00f9a kh\u00f4 c\u1ea7n t\u01b0\u1edbi \u0111\u1ee7 \u1ea9m, m\u00f9a m\u01b0a ph\u1ea3i tho\u00e1t n\u01b0\u1edbc nhanh. B\u00f2n bon Th\u00e1i r\u1ea5t nh\u1ea1y c\u1ea3m v\u1edbi vi\u1ec7c thay \u0111\u1ed5i \u0111\u1ed9 \u1ea9m \u0111\u1ed9t ng\u1ed9t (d\u1ec5 g\u00e2y r\u1ee5ng tr\u00e1i non).<\/li>\n<li>Dinh d\u01b0\u1ee1ng: \u01afu ti\u00ean b\u00f3n ph\u00e2n h\u1eefu c\u01a1, ph\u00e2n chu\u1ed3ng \u1ee7 hoai \u0111\u1ec3 c\u1ea3i thi\u1ec7n \u0111\u1ed9 t\u01a1i x\u1ed1p c\u1ee7a \u0111\u1ea5t. B\u1ed5 sung th\u00eam ph\u00e2n b\u00f3n l\u00e1 v\u00e0 trung vi l\u01b0\u1ee3ng \u0111\u1ecbnh k\u1ef3 \u0111\u1ec3 ch\u00f9m tr\u00e1i to, \u0111\u1ec1u v\u00e0 b\u00f3ng \u0111\u1eb9p.<\/li>\n<li>T\u1ec9a ch\u00f9m: Khi c\u00e2y \u0111\u1eadu tr\u00e1i qu\u00e1 sai, b\u00e0 con n\u00ean ch\u1ee7 \u0111\u1ed9ng t\u1ec9a b\u1edbt nh\u1eefng ch\u00f9m nh\u1ecf, s\u00e2u b\u1ec7nh \u0111\u1ec3 t\u1eadp trung dinh d\u01b0\u1ee1ng nu\u00f4i c\u00e1c ch\u00f9m \u0111\u1eb9p nh\u1ea5t, \u0111\u1ea1t chu\u1ea9n lo\u1ea1i 1.<\/li>\n<\/ul>\n<h2>T\u1ea1i sao n\u00ean mua gi\u1ed1ng b\u00f2n bon Th\u00e1i t\u1ea1i <a href=\"http:\/\/localhost\/phucan713\/\" target=\"_blank\" rel=\"noopener\">C\u00e2y Gi\u1ed1ng Ph\u00fac An<\/a>?<\/h2>\n<p>C\u00e2y b\u00f2n bon Th\u00e1i r\u1ea5t d\u1ec5 b\u1ecb nh\u1ea7m l\u1eabn v\u1edbi b\u00f2n bon ta ho\u1eb7c gi\u1ed1ng lai k\u00e9m ch\u1ea5t l\u01b0\u1ee3ng. \u0110\u1ec3 \u0111\u1ea3m b\u1ea3o v\u01b0\u1eddn c\u00e2y t\u01b0\u01a1ng lai th\u1eafng l\u1ee3i, b\u00e0 con c\u1ea7n ch\u1ecdn ngu\u1ed3n gi\u1ed1ng uy t\u00edn:<\/p>\n<ul>\n<li>Chu\u1ea9n gi\u1ed1ng Longkong Th\u00e1i: Cam k\u1ebft m\u1eaft gh\u00e9p t\u1eeb c\u00e2y m\u1eb9 chu\u1ea9n, t\u1ec9 l\u1ec7 s\u1ed1ng cao, c\u00e2y kh\u1ecfe m\u1ea1nh.<\/li>\n<li>H\u1ed7 tr\u1ee3 k\u1ef9 thu\u1eadt chuy\u00ean s\u00e2u: Ph\u00fac An kh\u00f4ng ch\u1ec9 b\u00e1n c\u00e2y, ch\u00fang t\u00f4i h\u1ed7 tr\u1ee3 b\u00e0 con k\u1ef9 thu\u1eadt che ch\u1eafn, t\u01b0\u1edbi ti\u00eau v\u00e0 ph\u00e2n b\u00f3n giai \u0111o\u1ea1n \u0111\u1ea7u khi m\u1edbi xu\u1ed1ng gi\u1ed1ng \u0111\u1ec3 c\u00e2y \u0111\u1ea1t t\u1ec9 l\u1ec7 s\u1ed1ng 100%.<\/li>\n<li>V\u1eadn chuy\u1ec3n an to\u00e0n: \u0110\u00f3ng g\u00f3i chuy\u00ean nghi\u1ec7p, \u0111\u1ea3m b\u1ea3o c\u00e2y kh\u00f4ng b\u1ecb d\u1eadp l\u00e1 hay v\u1ee1 b\u1ea7u khi \u0111\u1ebfn tay b\u00e0 con.<\/li>\n<\/ul>\n<figure id=\"attachment_4242\" aria-describedby=\"caption-attachment-4242\" style=\"width: 758px\" class=\"wp-caption aligncenter\"><img loading=\"lazy\" decoding=\"async\" class=\"wp-image-4242\" src=\"http:\/\/localhost\/phucan713\/wp-content\/uploads\/2024\/04\/z7181200490853_92804bede20327ae80fb0b8b04fae789-970x1024.jpg\" alt=\"C\u00e2y gi\u1ed1ng b\u00f2n bon th\u00e1i t\u1ea1i Ph\u00fac An\" width=\"758\" height=\"800\" srcset=\"https:\/\/ktech4.k-tech-services.com\/phucan713\/wp-content\/uploads\/2024\/04\/z7181200490853_92804bede20327ae80fb0b8b04fae789-970x1024.jpg 970w, https:\/\/ktech4.k-tech-services.com\/phucan713\/wp-content\/uploads\/2024\/04\/z7181200490853_92804bede20327ae80fb0b8b04fae789-284x300.jpg 284w, https:\/\/ktech4.k-tech-services.com\/phucan713\/wp-content\/uploads\/2024\/04\/z7181200490853_92804bede20327ae80fb0b8b04fae789-768x811.jpg 768w, https:\/\/ktech4.k-tech-services.com\/phucan713\/wp-content\/uploads\/2024\/04\/z7181200490853_92804bede20327ae80fb0b8b04fae789-1455x1536.jpg 1455w, https:\/\/ktech4.k-tech-services.com\/phucan713\/wp-content\/uploads\/2024\/04\/z7181200490853_92804bede20327ae80fb0b8b04fae789-510x538.jpg 510w, https:\/\/ktech4.k-tech-services.com\/phucan713\/wp-content\/uploads\/2024\/04\/z7181200490853_92804bede20327ae80fb0b8b04fae789.jpg 1920w\" sizes=\"auto, (max-width: 758px) 100vw, 758px\" \/><figcaption id=\"caption-attachment-4242\" class=\"wp-caption-text\">C\u00e2y gi\u1ed1ng b\u00f2n bon th\u00e1i t\u1ea1i Ph\u00fac An<\/figcaption><\/figure>\n<p>C\u00e2y Gi\u1ed1ng Ph\u00fac An t\u1ef1 h\u00e0o l\u00e0 \u0111\u01a1n v\u1ecb cung c\u1ea5p c\u00e2y gi\u1ed1ng uy t\u00edn, \u0111\u1eb7t ch\u1ea5t l\u01b0\u1ee3ng c\u00e2y gi\u1ed1ng l\u00e0 y\u1ebfu t\u1ed1 s\u1ed1ng c\u00f2n. Qu\u00fd c\u00f4 b\u00e1c li\u00ean h\u1ec7 tr\u1ef1c ti\u1ebfp qua <span style=\"color: #008000; font-size: 120%;\"><strong>SDT\/Zalo 0962.888.014<\/strong><\/span> \u0111\u1ec3 ch\u00fang t\u00f4i t\u01b0 v\u1ea5n v\u00e0 b\u00e1o gi\u00e1 t\u1ed1t. Xin c\u1ea3m \u01a1n qu\u00fd c\u00f4 b\u00e1c \u0111\u00e3 \u0111\u1eb7t ni\u1ec1m tin v\u1edbi nh\u00e0 v\u01b0\u1eddn.<\/p>\n<p>&#8212;<\/p>\n<p>&gt; M\u1eddi b\u1ea1n \u0111\u1ecdc th\u00eam:\u00a0 <a href=\"https:\/\/danviet.vn\/thu-xay-xuat-xu-thai-lan-trong-thanh-cong-o-hau-giang-qua-ngon-ra-qua-troi-nhu-nay-print1343694.html\" target=\"_blank\" rel=\"noopener\"><span style=\"color: #000080;\"><em><strong>Th\u1ee9 c\u00e2y \u0111\u1eb7c s\u1ea3n xu\u1ea5t x\u1ee9 Th\u00e1i Lan, tr\u1ed3ng th\u00e0nh c\u00f4ng \u1edf H\u1eadu Giang<\/strong><\/em><\/span><\/a><\/p>\n","protected":false},"excerpt":{"rendered":"<p>* Gi\u00e1 tham kh\u1ea3o cho s\u1ed1 l\u01b0\u1ee3ng t\u1eeb 30 c\u00e2y, c\u00f3 th\u1ec3 thay \u0111\u1ed5i theo th\u1eddi \u0111i\u1ec3m<br \/>\n* Ch\u01b0a bao g\u1ed3m ph\u00ed v\u1eadn chuy\u1ec3n (t\u00f9y theo s\u1ed1 l\u01b0\u1ee3ng c\u00e2y v\u00e0 \u0111\u1ecba \u0111i\u1ec3m giao h\u00e0ng)<\/p>\n","protected":false},"featured_media":4242,"comment_status":"open","ping_status":"closed","template":"","meta":[],"product_brand":[],"product_cat":[35,37],"product_tag":[44],"class_list":{"0":"post-1490","1":"product","2":"type-product","3":"status-publish","4":"has-post-thumbnail","6":"product_cat-san-pham-giong-cay-an-trai","7":"product_cat-cay-giong-khac","8":"product_tag-giong-bon-bon-thai","10":"first","11":"instock","12":"shipping-taxable","13":"purchasable","14":"product-type-simple"},"_links":{"self":[{"href":"https:\/\/ktech4.k-tech-services.com\/phucan713\/wp-json\/wp\/v2\/product\/1490","targetHints":{"allow":["GET"]}}],"collection":[{"href":"https:\/\/ktech4.k-tech-services.com\/phucan713\/wp-json\/wp\/v2\/product"}],"about":[{"href":"https:\/\/ktech4.k-tech-services.com\/phucan713\/wp-json\/wp\/v2\/types\/product"}],"replies":[{"embeddable":true,"href":"https:\/\/ktech4.k-tech-services.com\/phucan713\/wp-json\/wp\/v2\/comments?post=1490"}],"wp:featuredmedia":[{"embeddable":true,"href":"https:\/\/ktech4.k-tech-services.com\/phucan713\/wp-json\/wp\/v2\/media\/4242"}],"wp:attachment":[{"href":"https:\/\/ktech4.k-tech-services.com\/phucan713\/wp-json\/wp\/v2\/media?parent=1490"}],"wp:term":[{"taxonomy":"product_brand","embeddable":true,"href":"https:\/\/ktech4.k-tech-services.com\/phucan713\/wp-json\/wp\/v2\/product_brand?post=1490"},{"taxonomy":"product_cat","embeddable":true,"href":"https:\/\/ktech4.k-tech-services.com\/phucan713\/wp-json\/wp\/v2\/product_cat?post=1490"},{"taxonomy":"product_tag","embeddable":true,"href":"https:\/\/ktech4.k-tech-services.com\/phucan713\/wp-json\/wp\/v2\/product_tag?post=1490"}],"curies":[{"name":"wp","href":"https:\/\/api.w.org\/{rel}","templated":true}]}}