{"id":1492,"date":"2024-04-03T10:21:10","date_gmt":"2024-04-03T10:21:10","guid":{"rendered":"https:\/\/caygiongphucan.com\/?post_type=product&amp;p=1492"},"modified":"2024-04-03T10:21:10","modified_gmt":"2024-04-03T10:21:10","slug":"giong-dau-da-xanh","status":"publish","type":"product","link":"https:\/\/ktech4.k-tech-services.com\/phucan713\/san-pham\/giong-dau-da-xanh\/","title":{"rendered":"C\u00e2y gi\u1ed1ng d\u00e2u da xanh (d\u00e2u xanh gia b\u1ea3o)"},"content":{"rendered":"<p>Gi\u1ed1ng d\u00e2u da xanh, c\u00f2n \u0111\u01b0\u1ee3c g\u1ecdi l\u00e0 d\u00e2u xanh Gia B\u1ea3o, l\u00e0 m\u1ed9t lo\u1ea1i tr\u00e1i c\u00e2y nhi\u1ec7t \u0111\u1edbi th\u01a1m ngon, b\u1ed5 d\u01b0\u1ee1ng. D\u00e2u da xanh l\u00e0 lo\u1ea1i c\u00e2y d\u1ec5 tr\u1ed3ng v\u00e0 ch\u0103m s\u00f3c. C\u00e2y kh\u00f4ng \u0111\u00f2i h\u1ecfi k\u1ef9 thu\u1eadt ch\u0103m s\u00f3c qu\u00e1 cao, ph\u00f9 h\u1ee3p v\u1edbi \u0111i\u1ec1u ki\u1ec7n c\u1ee7a nhi\u1ec1u h\u1ed9 gia \u0111\u00ecnh.<\/p>\n<p>D\u00e2u da xanh c\u00f3 gi\u00e1 tr\u1ecb kinh t\u1ebf cao v\u00e0 \u0111\u01b0\u1ee3c xem l\u00e0 m\u1ed9t trong nh\u1eefng c\u00e2y tr\u1ed3ng ch\u1ee7 l\u1ef1c c\u1ee7a nhi\u1ec1u h\u1ed9 gia \u0111\u00ecnh.<\/p>\n<h2><strong><b>Ngu\u1ed3n g\u1ed1c, \u0111\u1eb7c \u0111i\u1ec3m c\u00e2y d\u00e2u da xanh<\/b><\/strong><\/h2>\n<figure id=\"attachment_2143\" aria-describedby=\"caption-attachment-2143\" style=\"width: 450px\" class=\"wp-caption aligncenter\"><img loading=\"lazy\" decoding=\"async\" class=\"wp-image-2143\" src=\"http:\/\/localhost\/phucan713\/wp-content\/uploads\/2024\/04\/349144846_1252842852019556_416965475281582364_n-225x300.jpg\" alt=\"C\u00e2y d\u00e2u da xanh c\u00f3 tu\u1ed5i th\u1ecd cao\" width=\"450\" height=\"600\" srcset=\"https:\/\/ktech4.k-tech-services.com\/phucan713\/wp-content\/uploads\/2024\/04\/349144846_1252842852019556_416965475281582364_n-225x300.jpg 225w, https:\/\/ktech4.k-tech-services.com\/phucan713\/wp-content\/uploads\/2024\/04\/349144846_1252842852019556_416965475281582364_n-768x1024.jpg 768w, https:\/\/ktech4.k-tech-services.com\/phucan713\/wp-content\/uploads\/2024\/04\/349144846_1252842852019556_416965475281582364_n-1152x1536.jpg 1152w, https:\/\/ktech4.k-tech-services.com\/phucan713\/wp-content\/uploads\/2024\/04\/349144846_1252842852019556_416965475281582364_n-510x680.jpg 510w, https:\/\/ktech4.k-tech-services.com\/phucan713\/wp-content\/uploads\/2024\/04\/349144846_1252842852019556_416965475281582364_n.jpg 1536w\" sizes=\"auto, (max-width: 450px) 100vw, 450px\" \/><figcaption id=\"caption-attachment-2143\" class=\"wp-caption-text\">C\u00e2y d\u00e2u da xanh c\u00f3 tu\u1ed5i th\u1ecd cao<\/figcaption><\/figure>\n<p>Ngu\u1ed3n g\u1ed1c: D\u00e2u da xanh c\u00f3 ngu\u1ed3n g\u1ed1c t\u1eeb \u0110\u00f4ng Nam \u00c1, \u0111\u01b0\u1ee3c du nh\u1eadp v\u00e0o Vi\u1ec7t Nam t\u1eeb Campuchia v\u00e0o \u0111\u1ea7u th\u1ebf k\u1ef7 20.<\/p>\n<p>\u0110\u1eb7c \u0111i\u1ec3m: C\u00e2y d\u00e2u da xanh l\u00e0 c\u00e2y th\u00e2n g\u1ed7, c\u00f3 th\u1ec3 cao t\u1edbi 25m, \u0111\u01b0\u1eddng k\u00ednh th\u00e2n t\u1eeb 30 &#8211; 35cm. L\u00e1 c\u00e2y \u0111\u01a1n phi\u1ebfn, h\u00ecnh b\u1ea7u d\u1ee5c, m\u00e0u xanh \u0111\u1eadm. Hoa d\u00e2u da xanh nh\u1ecf, m\u00e0u tr\u1eafng ho\u1eb7c v\u00e0ng, m\u1ecdc th\u00e0nh ch\u00f9m \u1edf n\u00e1ch l\u00e1.<\/p>\n<p>D\u00e2u da xanh l\u00e0 lo\u1ea1i c\u00e2y t\u01b0\u01a1ng \u0111\u1ed1i \u00edt s\u00e2u b\u1ec7nh. C\u00e2y \u00edt b\u1ecb \u1ea3nh h\u01b0\u1edfng b\u1edfi c\u00e1c lo\u1ea1i s\u00e2u b\u1ec7nh th\u01b0\u1eddng g\u1eb7p tr\u00ean c\u00e1c lo\u1ea1i c\u00e2y \u0103n qu\u1ea3 kh\u00e1c.<\/p>\n<h2><strong><b>\u0110\u1eb7c \u0111i\u1ec3m tr\u00e1i d\u00e2u da xanh<\/b><\/strong><\/h2>\n<figure id=\"attachment_2140\" aria-describedby=\"caption-attachment-2140\" style=\"width: 375px\" class=\"wp-caption aligncenter\"><img loading=\"lazy\" decoding=\"async\" class=\"wp-image-2140\" src=\"http:\/\/localhost\/phucan713\/wp-content\/uploads\/2024\/04\/344550648_184614891176567_321887641773503405_n-225x300.jpg\" alt=\"Tr\u00e1i d\u00e2u xanh\" width=\"375\" height=\"500\" srcset=\"https:\/\/ktech4.k-tech-services.com\/phucan713\/wp-content\/uploads\/2024\/04\/344550648_184614891176567_321887641773503405_n-225x300.jpg 225w, https:\/\/ktech4.k-tech-services.com\/phucan713\/wp-content\/uploads\/2024\/04\/344550648_184614891176567_321887641773503405_n-768x1024.jpg 768w, https:\/\/ktech4.k-tech-services.com\/phucan713\/wp-content\/uploads\/2024\/04\/344550648_184614891176567_321887641773503405_n-510x680.jpg 510w, https:\/\/ktech4.k-tech-services.com\/phucan713\/wp-content\/uploads\/2024\/04\/344550648_184614891176567_321887641773503405_n.jpg 960w\" sizes=\"auto, (max-width: 375px) 100vw, 375px\" \/><figcaption id=\"caption-attachment-2140\" class=\"wp-caption-text\">Tr\u00e1i d\u00e2u xanh<\/figcaption><\/figure>\n<p>K\u00edch th\u01b0\u1edbc: tr\u00e1i d\u00e2u da xanh c\u00f3 k\u00edch th\u01b0\u1edbc trung b\u00ecnh t\u1eeb 3-5cm, tr\u1ecdng l\u01b0\u1ee3ng t\u1eeb 10 &#8211; 20g.<\/p>\n<p>V\u1ecf tr\u00e1i\u00a0d\u00e2u da xanh d\u00e0y, s\u1ea7n s\u00f9i, m\u00e0u xanh n\u00e2u khi ch\u00edn.<\/p>\n<p>Tr\u00e1i d\u00e2u da xanh c\u00f3 v\u1ecf m\u1ecfng, m\u00e0u xanh \u0111\u1eb9p m\u1eaft, th\u1ecbt d\u00e0y, c\u00f9i tr\u1eafng, v\u1ecb ng\u1ecdt thanh v\u00e0 \u00edt h\u1ea1t. D\u00e2u da xanh ch\u1ee9a nhi\u1ec1u vitamin C, vitamin A, kali, ch\u1ea5t x\u01a1,&#8230; t\u1ed1t cho s\u1ee9c kh\u1ecfe.<\/p>\n<p>H\u1ea1t: H\u1ea1t d\u00e2u da xanh m\u00e0u n\u00e2u \u0111en.<\/p>\n<h2><strong><b>Gi\u1ed1ng c\u00e2y d\u00e2u da xanh tr\u1ed3ng bao l\u00e2u c\u00f3 tr\u00e1i?<\/b><\/strong><\/h2>\n<p>C\u00e2y d\u00e2u da xanh tr\u1ed3ng sau 2 &#8211; 3 n\u0103m s\u1ebd b\u1eaft \u0111\u1ea7u cho tr\u00e1i. Tuy nhi\u00ean, \u0111\u1ec3 \u0111\u1ea1t n\u0103ng su\u1ea5t cao, c\u1ea7n \u0111\u1ec3 c\u00e2y \u00edt nh\u1ea5t 3 n\u0103m tu\u1ed5i \u0111\u1ec3 tr\u00e1nh t\u00ecnh tr\u1ea1ng suy c\u00e2y khi nu\u00f4i tr\u00e1i s\u1edbm.<\/p>\n<figure id=\"attachment_2141\" aria-describedby=\"caption-attachment-2141\" style=\"width: 375px\" class=\"wp-caption aligncenter\"><img loading=\"lazy\" decoding=\"async\" class=\"wp-image-2141\" src=\"http:\/\/localhost\/phucan713\/wp-content\/uploads\/2024\/04\/346283661_235280972435551_853077032778336836_n-225x300.jpg\" alt=\"D\u00e2u da xanh mang tr\u00e1i\" width=\"375\" height=\"500\" srcset=\"https:\/\/ktech4.k-tech-services.com\/phucan713\/wp-content\/uploads\/2024\/04\/346283661_235280972435551_853077032778336836_n-225x300.jpg 225w, https:\/\/ktech4.k-tech-services.com\/phucan713\/wp-content\/uploads\/2024\/04\/346283661_235280972435551_853077032778336836_n-768x1024.jpg 768w, https:\/\/ktech4.k-tech-services.com\/phucan713\/wp-content\/uploads\/2024\/04\/346283661_235280972435551_853077032778336836_n-1152x1536.jpg 1152w, https:\/\/ktech4.k-tech-services.com\/phucan713\/wp-content\/uploads\/2024\/04\/346283661_235280972435551_853077032778336836_n-510x680.jpg 510w, https:\/\/ktech4.k-tech-services.com\/phucan713\/wp-content\/uploads\/2024\/04\/346283661_235280972435551_853077032778336836_n.jpg 1536w\" sizes=\"auto, (max-width: 375px) 100vw, 375px\" \/><figcaption id=\"caption-attachment-2141\" class=\"wp-caption-text\">D\u00e2u da xanh mang tr\u00e1i<\/figcaption><\/figure>\n<h2><strong><b>T\u1eeb l\u00fac ra hoa \u0111\u1ebfn k<\/b><\/strong><strong><b>hi thu ho\u1ea1ch d\u00e2u da xanh kho\u1ea3ng bao l\u00e2u?<\/b><\/strong><\/h2>\n<p>Th\u1eddi gian t\u1eeb l\u00fac ra hoa \u0111\u1ebfn khi thu ho\u1ea1ch d\u00e2u da xanh l\u00e0 kho\u1ea3ng 60-80 ng\u00e0y.<\/p>\n<p>D\u01b0\u1edbi \u0111\u00e2y l\u00e0 m\u1ed9t s\u1ed1 d\u1ea5u hi\u1ec7u cho th\u1ea5y qu\u1ea3 d\u00e2u da xanh \u0111\u00e3 \u0111\u1ebfn l\u00fac thu ho\u1ea1ch:<\/p>\n<h2><strong><b>N\u0103ng su\u1ea5t <\/b><\/strong><strong><b>g<\/b><\/strong><strong><b>i\u1ed1ng d\u00e2u da xanh<\/b><\/strong><\/h2>\n<p>C\u00e2y d\u00e2u da xanh b\u1eaft \u0111\u1ea7u cho tr\u00e1i sau 3-5 n\u0103m tr\u1ed3ng. N\u0103ng su\u1ea5t s\u1ebd t\u0103ng d\u1ea7n theo \u0111\u1ed9 tu\u1ed5i c\u00e2y v\u00e0 \u0111\u1ea1t \u0111\u1ec9nh khi c\u00e2y kho\u1ea3ng 10-15 n\u0103m tu\u1ed5i.<\/p>\n<figure id=\"attachment_2139\" aria-describedby=\"caption-attachment-2139\" style=\"width: 375px\" class=\"wp-caption aligncenter\"><img loading=\"lazy\" decoding=\"async\" class=\"wp-image-2139\" src=\"http:\/\/localhost\/phucan713\/wp-content\/uploads\/2024\/04\/343404908_894869068250437_4930358052061229139_n-225x300.jpg\" alt=\"D\u00e2u da xanh cho n\u0103ng su\u1ea5t r\u1ea5t cao\" width=\"375\" height=\"500\" srcset=\"https:\/\/ktech4.k-tech-services.com\/phucan713\/wp-content\/uploads\/2024\/04\/343404908_894869068250437_4930358052061229139_n-225x300.jpg 225w, https:\/\/ktech4.k-tech-services.com\/phucan713\/wp-content\/uploads\/2024\/04\/343404908_894869068250437_4930358052061229139_n-768x1024.jpg 768w, https:\/\/ktech4.k-tech-services.com\/phucan713\/wp-content\/uploads\/2024\/04\/343404908_894869068250437_4930358052061229139_n-510x680.jpg 510w, https:\/\/ktech4.k-tech-services.com\/phucan713\/wp-content\/uploads\/2024\/04\/343404908_894869068250437_4930358052061229139_n.jpg 861w\" sizes=\"auto, (max-width: 375px) 100vw, 375px\" \/><figcaption id=\"caption-attachment-2139\" class=\"wp-caption-text\">D\u00e2u da xanh cho n\u0103ng su\u1ea5t r\u1ea5t cao<\/figcaption><\/figure>\n<p>Trung b\u00ecnh, n\u0103ng su\u1ea5t gi\u1ed1ng d\u00e2u da xanh c\u00f3 th\u1ec3 \u0111\u1ea1t t\u1eeb 30-50 kg\/ c\u00e2y\/ n\u0103m. Tuy nhi\u00ean, \u1edf nh\u1eefng v\u01b0\u1eddn c\u00e2y \u0111\u01b0\u1ee3c ch\u0103m s\u00f3c t\u1ed1t, n\u0103ng su\u1ea5t c\u00f3 th\u1ec3 l\u00ean \u0111\u1ebfn 100 kg\/c\u00e2y\/n\u0103m ho\u1eb7c cao h\u01a1n.<\/p>\n<h2><strong><b>Kh\u00ed h\u1eadu v\u00e0 \u0111\u1ea5t tr\u1ed3ng th\u00edch h\u1ee3p v\u1edbi <\/b><\/strong><strong><b>g<\/b><\/strong><strong><b>i\u1ed1ng d\u00e2u da xanh<\/b><\/strong><\/h2>\n<p>D\u00e2u da xanh th\u00edch h\u1ee3p v\u1edbi kh\u00ed h\u1eadu nhi\u1ec7t \u0111\u1edbi gi\u00f3 m\u00f9a, \u01b0a s\u00e1ng, \u1ea5m \u00e1p, c\u00f3 l\u01b0\u1ee3ng m\u01b0a d\u1ed3i d\u00e0o. N\u0103ng su\u1ea5t c\u00e2y s\u1ebd cao h\u01a1n n\u1ebfu \u0111\u01b0\u1ee3c tr\u1ed3ng \u1edf nh\u1eefng n\u01a1i c\u00f3 kh\u00ed h\u1eadu ph\u00f9 h\u1ee3p.<\/p>\n<p>D\u00e2u da xanh c\u00f3 th\u1ec3 tr\u1ed3ng tr\u00ean nhi\u1ec1u lo\u1ea1i \u0111\u1ea5t kh\u00e1c nhau, nh\u01b0ng t\u1ed1t nh\u1ea5t l\u00e0 \u0111\u1ea5t th\u1ecbt pha c\u00e1t, t\u01a1i x\u1ed1p, gi\u00e0u dinh d\u01b0\u1ee1ng v\u00e0 tho\u00e1t n\u01b0\u1edbc t\u1ed1t.<\/p>\n<h2><strong><b>Kho\u1ea3ng c\u00e1ch tr\u1ed3ng d\u00e2u da xanh<\/b><\/strong><\/h2>\n<p>Kho\u1ea3ng c\u00e1ch tr\u1ed3ng d\u00e2u da xanh th\u01b0\u1eddng l\u00e0\u00a0c\u00e2y c\u00e1ch c\u00e2y 5m, h\u00e0ng c\u00e1ch h\u00e0ng 6m. B\u1ea1n c\u0169ng c\u00f3 th\u1ec3 tr\u1ed3ng kho\u1ea3ng c\u00e1ch \u0111\u1ec1u 5m, 6m c\u0169ng \u0111\u01b0\u1ee3c.<\/p>\n<h2><strong><b>C\u00e1ch ch\u0103m s\u00f3c c\u00e2y d\u00e2u da xanh<\/b><\/strong><\/h2>\n<p>T\u01b0\u1edbi n\u01b0\u1edbc: T\u01b0\u1edbi n\u01b0\u1edbc cho c\u00e2y d\u00e2u da xanh th\u01b0\u1eddng xuy\u00ean, nh\u1ea5t l\u00e0 v\u00e0o m\u00f9a kh\u00f4. N\u00ean t\u01b0\u1edbi n\u01b0\u1edbc v\u00e0o s\u00e1ng s\u1edbm ho\u1eb7c chi\u1ec1u m\u00e1t.<\/p>\n<p>B\u00f3n ph\u00e2n: B\u00f3n ph\u00e2n cho c\u00e2y d\u00e2u da xanh \u0111\u1ecbnh k\u1ef3 2 &#8211; 3 th\u00e1ng\/\u00a0l\u1ea7n. N\u00ean s\u1eed d\u1ee5ng ph\u00e2n h\u1eefu c\u01a1 ho\u1eb7c ph\u00e2n NPK c\u00e2n \u0111\u1ed1i.<\/p>\n<p>C\u1eaft t\u1ec9a: C\u1eaft t\u1ec9a c\u00e0nh cho c\u00e2y d\u00e2u da xanh th\u01b0\u1eddng xuy\u00ean \u0111\u1ec3 t\u1ea1o t\u00e1n c\u00e2y \u0111\u1eb9p v\u00e0 th\u00f4ng tho\u00e1ng. N\u00ean c\u1eaft t\u1ec9a c\u00e0nh v\u00e0o sau khi thu ho\u1ea1ch tr\u00e1i.<\/p>\n<p>Ph\u00f2ng tr\u1eeb s\u00e2u b\u1ec7nh: D\u00e2u da xanh l\u00e0 c\u00e2y d\u1ec5 b\u1ecb s\u00e2u b\u1ec7nh t\u1ea5n c\u00f4ng. C\u1ea7n th\u01b0\u1eddng xuy\u00ean ki\u1ec3m tra c\u00e2y v\u00e0 phun thu\u1ed1c ph\u00f2ng tr\u1eeb k\u1ecbp th\u1eddi.<\/p>\n<h2><strong><b>Gi\u00e1 c\u00e2y <\/b><\/strong><strong><b>g<\/b><\/strong><strong><b>i\u1ed1ng d\u00e2u da xanh<\/b><\/strong><\/h2>\n<p>Gi\u00e1 c\u00e2y Gi\u1ed1ng d\u00e2u da xanh t\u1ea1i v\u01b0\u1eddn Ph\u00fac An dao \u0111\u1ed9ng t\u1eeb 34.000 &#8211; 45.000\/ c\u00e2y. T\u00f9y theo l\u00f4 c\u00e2y, s\u1ed1 l\u01b0\u1ee3ng \u0111\u1eb7t s\u1ebd c\u00f3 m\u1ee9c gi\u00e1 kh\u00e1c nhau.<\/p>\n<p>Ch\u00fang t\u00f4i cam k\u1ebft lu\u00f4n gi\u1eef m\u1ee9c gi\u00e1 m\u1ec1m v\u1eeba t\u00fai ti\u1ec1n \u0111\u1ec3 m\u1ecdi kh\u00e1ch h\u00e0ng \u0111\u1ec1u c\u00f3 th\u1ec3 ch\u1ecdn mua nh\u1eefng c\u00e2y gi\u1ed1ng th\u1eadt t\u1ed1t cho khu v\u01b0\u1eddn c\u1ee7a m\u00ecnh.<\/p>\n<h2><strong><b>Mua c\u00e2y gi\u1ed1ng d\u00e2u da xanh \u1edf \u0111\u00e2u ch\u1ea5t l\u01b0\u1ee3ng?<\/b><\/strong><\/h2>\n<figure id=\"attachment_2144\" aria-describedby=\"caption-attachment-2144\" style=\"width: 375px\" class=\"wp-caption aligncenter\"><img loading=\"lazy\" decoding=\"async\" class=\"wp-image-2144\" src=\"http:\/\/localhost\/phucan713\/wp-content\/uploads\/2024\/04\/dau-xanh-225x300.jpg\" alt=\"C\u00e2y gi\u1ed1ng d\u00e2u da xanh t\u1ea1i Ph\u00fac An\" width=\"375\" height=\"500\" srcset=\"https:\/\/ktech4.k-tech-services.com\/phucan713\/wp-content\/uploads\/2024\/04\/dau-xanh-225x300.jpg 225w, https:\/\/ktech4.k-tech-services.com\/phucan713\/wp-content\/uploads\/2024\/04\/dau-xanh-768x1024.jpg 768w, https:\/\/ktech4.k-tech-services.com\/phucan713\/wp-content\/uploads\/2024\/04\/dau-xanh-1152x1536.jpg 1152w, https:\/\/ktech4.k-tech-services.com\/phucan713\/wp-content\/uploads\/2024\/04\/dau-xanh-1536x2048.jpg 1536w, https:\/\/ktech4.k-tech-services.com\/phucan713\/wp-content\/uploads\/2024\/04\/dau-xanh-510x680.jpg 510w, https:\/\/ktech4.k-tech-services.com\/phucan713\/wp-content\/uploads\/2024\/04\/dau-xanh.jpg 1920w\" sizes=\"auto, (max-width: 375px) 100vw, 375px\" \/><figcaption id=\"caption-attachment-2144\" class=\"wp-caption-text\">C\u00e2y gi\u1ed1ng d\u00e2u da xanh t\u1ea1i Ph\u00fac An<\/figcaption><\/figure>\n<p>C\u00e2y gi\u1ed1ng Ph\u00fac An cung c\u1ea5p c\u00e2y gi\u1ed1ng d\u00e2u da xanh ch\u1ea5t l\u01b0\u1ee3ng, \u0111\u01b0\u1ee3c b\u1ea3o h\u00e0nh \u0111\u00fang gi\u1ed1ng cho t\u1edbi khi c\u00f3 tr\u00e1i. V\u01b0\u1eddn nh\u00e2n gi\u1ed1ng c\u1ee7a Ph\u00fac An \u0111\u01b0\u1ee3c ch\u1ecdn l\u1ef1a k\u1ef9 l\u01b0\u1ee1ng, \u0111\u1ea3m b\u1ea3o chu\u1ea9n gi\u1ed1ng.<\/p>\n<p>Ti\u00eau chu\u1ea9n C\u00e2y Gi\u1ed1ng d\u00e2u da xanh \u0111\u01b0\u1ee3c cung c\u1ea5p b\u1edfi v\u01b0\u1eddn Ph\u00fac An:<\/p>\n<ul>\n<li>C\u00e2y gh\u00e9p bo, chi\u1ec1u cao c\u00e2y gi\u1ed1ng t\u1eeb 50-70cm<\/li>\n<li>C\u00e2y nu\u00f4i \u0111\u1ee7 th\u1eddi gian, b\u1ea7u r\u1ec5 \u1ed5n \u0111\u1ecbnh, c\u00e2y \u0111\u00e3 x\u1ea3 n\u1eafng\u00a0c\u1ee9ng c\u00e1p<\/li>\n<li>V\u1ebft gh\u00e9p ti\u1ebfp h\u1ee3p t\u1ed1t, kh\u00f4ng c\u00f3 d\u1ea5u hi\u1ec7u s\u00e2u b\u1ec7nh, b\u1ed9 l\u00e1 xanh t\u1ed1t d\u00e0y d\u1eb7n<\/li>\n<\/ul>\n<figure id=\"attachment_2136\" aria-describedby=\"caption-attachment-2136\" style=\"width: 375px\" class=\"wp-caption aligncenter\"><img loading=\"lazy\" decoding=\"async\" class=\"wp-image-2136\" src=\"http:\/\/localhost\/phucan713\/wp-content\/uploads\/2024\/04\/328470414_863289591448227_4506464127413064456_n-225x300.jpg\" alt=\"C\u00e2y gi\u1ed1ng d\u00e2u da xanh t\u1ea1i Ph\u00fac An\" width=\"375\" height=\"500\" srcset=\"https:\/\/ktech4.k-tech-services.com\/phucan713\/wp-content\/uploads\/2024\/04\/328470414_863289591448227_4506464127413064456_n-225x300.jpg 225w, https:\/\/ktech4.k-tech-services.com\/phucan713\/wp-content\/uploads\/2024\/04\/328470414_863289591448227_4506464127413064456_n-768x1024.jpg 768w, https:\/\/ktech4.k-tech-services.com\/phucan713\/wp-content\/uploads\/2024\/04\/328470414_863289591448227_4506464127413064456_n-510x680.jpg 510w, https:\/\/ktech4.k-tech-services.com\/phucan713\/wp-content\/uploads\/2024\/04\/328470414_863289591448227_4506464127413064456_n.jpg 960w\" sizes=\"auto, (max-width: 375px) 100vw, 375px\" \/><figcaption id=\"caption-attachment-2136\" class=\"wp-caption-text\">C\u00e2y gi\u1ed1ng d\u00e2u da xanh t\u1ea1i Ph\u00fac An<\/figcaption><\/figure>\n<p>C\u00e2y tr\u1ea3i qua quy tr\u00ecnh nh\u00e2n gi\u1ed1ng, d\u01b0\u1ee1ng c\u00e2y con, x\u1ea3 n\u1eafng ho\u00e0n ch\u1ec9nh. \u0110\u1ebfn tay c\u00f4 b\u00e1c s\u1ebd l\u00e0 t\u1eebng c\u00e2y \u0111\u00e3 c\u1ee9ng c\u00e1p \u0111\u00e3 ra c\u01a1i ch\u1ed3i m\u1edbi.<br \/>\nQu\u00fd c\u00f4 b\u00e1c c\u00f3 th\u1ec3 li\u00ean h\u1ec7 tr\u1ef1c ti\u1ebfp qua SDT\/ Zalo 0962.888.014 (<a href=\"http:\/\/localhost\/phucan713\/\" target=\"_blank\" rel=\"noopener\">C\u00e2y Gi\u1ed1ng Ph\u00fac An<\/a>) \u0111\u1ec3 ch\u00fang t\u00f4i t\u01b0 v\u1ea5n v\u00e0 b\u00e1o gi\u00e1 c\u1ee5 th\u1ec3. Xin c\u1ea3m \u01a1n qu\u00fd c\u00f4 b\u00e1c \u0111\u00e3 \u0111\u1eb7t ni\u1ec1m tin v\u1edbi nh\u00e0 v\u01b0\u1eddn.<\/p>\n<h2><strong><b>K\u1ebft lu\u1eadn<\/b><\/strong><\/h2>\n<p>D\u00e2u da xanh l\u00e0 m\u1ed9t lo\u1ea1i tr\u00e1i c\u00e2y th\u01a1m ngon, b\u1ed5 d\u01b0\u1ee1ng v\u00e0 c\u00f3 gi\u00e1 tr\u1ecb kinh t\u1ebf cao. Vi\u1ec7c tr\u1ed3ng c\u00e2y d\u00e2u da xanh kh\u00f4ng qu\u00e1 kh\u00f3 kh\u0103n, ch\u1ec9 c\u1ea7n tu\u00e2n th\u1ee7 \u0111\u00fang k\u1ef9 thu\u1eadt ch\u0103m s\u00f3c l\u00e0 c\u00f3 th\u1ec3 thu ho\u1ea1ch \u0111\u01b0\u1ee3c nh\u1eefng tr\u00e1i d\u00e2u da xanh ch\u1ea5t l\u01b0\u1ee3ng.<\/p>\n<p>&gt;&gt; M\u1eddi b\u1ea1n \u0111\u1ecdc th\u00eam: <a href=\"https:\/\/kinhte.congthuong.vn\/dau-da-xanh-do-bo-pho-thi-duoc-long-thuc-khach-thu-do-391720.html?\" target=\"_blank\" rel=\"noopener\"><span style=\"color: #000080;\"><em><strong>D\u00e2u da xanh \u0111\u1ed5 b\u1ed9 ph\u1ed1 th\u1ecb, &#8216;\u0111\u01b0\u1ee3c l\u00f2ng&#8217; th\u1ef1c kh\u00e1ch Th\u1ee7 \u0111\u00f4<\/strong><\/em><\/span><\/a><\/p>\n","protected":false},"excerpt":{"rendered":"<p>* Gi\u00e1 tham kh\u1ea3o cho s\u1ed1 l\u01b0\u1ee3ng t\u1eeb 30 c\u00e2y, c\u00f3 th\u1ec3 thay \u0111\u1ed5i theo th\u1eddi \u0111i\u1ec3m<br \/>\n* Ch\u01b0a bao g\u1ed3m ph\u00ed v\u1eadn chuy\u1ec3n (t\u00f9y theo s\u1ed1 l\u01b0\u1ee3ng c\u00e2y v\u00e0 \u0111\u1ecba \u0111i\u1ec3m giao h\u00e0ng)<\/p>\n","protected":false},"featured_media":2140,"comment_status":"open","ping_status":"closed","template":"","meta":[],"product_brand":[],"product_cat":[35,37],"product_tag":[],"class_list":{"0":"post-1492","1":"product","2":"type-product","3":"status-publish","4":"has-post-thumbnail","6":"product_cat-san-pham-giong-cay-an-trai","7":"product_cat-cay-giong-khac","9":"first","10":"instock","11":"shipping-taxable","12":"purchasable","13":"product-type-simple"},"_links":{"self":[{"href":"https:\/\/ktech4.k-tech-services.com\/phucan713\/wp-json\/wp\/v2\/product\/1492","targetHints":{"allow":["GET"]}}],"collection":[{"href":"https:\/\/ktech4.k-tech-services.com\/phucan713\/wp-json\/wp\/v2\/product"}],"about":[{"href":"https:\/\/ktech4.k-tech-services.com\/phucan713\/wp-json\/wp\/v2\/types\/product"}],"replies":[{"embeddable":true,"href":"https:\/\/ktech4.k-tech-services.com\/phucan713\/wp-json\/wp\/v2\/comments?post=1492"}],"wp:featuredmedia":[{"embeddable":true,"href":"https:\/\/ktech4.k-tech-services.com\/phucan713\/wp-json\/wp\/v2\/media\/2140"}],"wp:attachment":[{"href":"https:\/\/ktech4.k-tech-services.com\/phucan713\/wp-json\/wp\/v2\/media?parent=1492"}],"wp:term":[{"taxonomy":"product_brand","embeddable":true,"href":"https:\/\/ktech4.k-tech-services.com\/phucan713\/wp-json\/wp\/v2\/product_brand?post=1492"},{"taxonomy":"product_cat","embeddable":true,"href":"https:\/\/ktech4.k-tech-services.com\/phucan713\/wp-json\/wp\/v2\/product_cat?post=1492"},{"taxonomy":"product_tag","embeddable":true,"href":"https:\/\/ktech4.k-tech-services.com\/phucan713\/wp-json\/wp\/v2\/product_tag?post=1492"}],"curies":[{"name":"wp","href":"https:\/\/api.w.org\/{rel}","templated":true}]}}