{"id":1500,"date":"2024-04-15T12:52:55","date_gmt":"2024-04-15T12:52:55","guid":{"rendered":"https:\/\/caygiongphucan.com\/?post_type=product&amp;p=1500"},"modified":"2024-04-15T12:52:55","modified_gmt":"2024-04-15T12:52:55","slug":"cay-giong-na-sau-rieng","status":"publish","type":"product","link":"https:\/\/ktech4.k-tech-services.com\/phucan713\/san-pham\/cay-giong-na-sau-rieng\/","title":{"rendered":"C\u00e2y gi\u1ed1ng na s\u1ea7u ri\u00eang"},"content":{"rendered":"<p>Na\u00a0s\u1ea7u ri\u00eang l\u00e0 m\u1ed9t lo\u1ea1i c\u00e2y \u0103n qu\u1ea3 nhi\u1ec7t \u0111\u1edbi v\u1edbi k\u00edch th\u01b0\u1edbc h\u00ecnh d\u00e1ng n\u1ed5i b\u1eadt. Gi\u1ed1ng na\u00a0s\u1ea7u ri\u00eang ph\u00f9 h\u1ee3p kh\u00f4ng ch\u1ec9 \u1ea3nh h\u01b0\u1edfng \u0111\u1ebfn n\u0103ng su\u1ea5t m\u00e0 c\u00f2n \u1ea3nh h\u01b0\u1edfng \u0111\u1ebfn ch\u1ea5t l\u01b0\u1ee3ng tr\u00e1i, do \u0111\u00f3 vi\u1ec7c l\u1ef1a ch\u1ecdn gi\u1ed1ng l\u00e0 m\u1ed9t b\u01b0\u1edbc quan tr\u1ecdng cho m\u1ecdi n\u00f4ng d\u00e2n.<\/p>\n<h2><strong><b>\u0110\u1eb7c \u0111i\u1ec3m gi\u1ed1ng <\/b><\/strong><strong><b>na<\/b><\/strong><strong><b>\u00a0s\u1ea7u ri\u00eang<\/b><\/strong><\/h2>\n<h3>\u0110\u1eb7c \u0111i\u1ec3m c\u00e2y na\u00a0s\u1ea7u ri\u00eang<\/h3>\n<p>Thu\u1ed9c lo\u00e0i c\u00e2y th\u00e2n g\u1ed7 c\u00f3 ngu\u1ed3n g\u1ed1c t\u1eeb \u0110\u00e0i Loan. L\u00e1 c\u1ee7a gi\u1ed1ng na s\u1ea7u ri\u00eang m\u1ecfng, m\u1eb7t sau m\u00e0u xanh nh\u1ea1t, l\u00e1 m\u1ecdc t\u1ee9 di\u1ec7n (m\u1ecdc 4 h\u01b0\u1edbng c\u1ee7a c\u00e0nh, th\u00e2n, \u0111\u00e2y c\u0169ng l\u00e0 \u0111\u1eb7c \u0111i\u1ec3m nh\u1eadn di\u1ec7n c\u1ee7a na s\u1ea7u ri\u00eang). Hoa m\u1ecdc 1 chi\u1ebfc ho\u1eb7c th\u00e0nh ch\u00f9m 2-3 hoa.<\/p>\n<h3>\u0110\u1eb7c \u0111i\u1ec3m c\u1ee7a tr\u00e1i na\u00a0s\u1ea7u ri\u00eang<\/h3>\n<p>Tr\u00e1i na\u00a0s\u1ea7u ri\u00eang c\u00f3 h\u00ecnh\u00a0b\u1ea7u d\u1ee5c, nhi\u1ec1u gai\u00a0v\u00e0 k\u00edch th\u01b0\u1edbc l\u1edbn n\u1ed5i b\u1eadt.Tr\u1ecdng l\u01b0\u1ee3ng trung b\u00ecnh c\u1ee7a m\u1ed9t tr\u00e1i c\u00f3 th\u1ec3 n\u1eb7ng t\u1eeb 800gram\u00a0\u0111\u1ebfn g\u1ea7n 2\u00a0kg. V\u1ecf tr\u00e1i kh\u00f4ng qu\u00e1 d\u00e0y\u00a0v\u00e0 c\u00f3 gai, b\u1ea3o v\u1ec7 ph\u1ea7n th\u1ecbt b\u00ean trong.<\/p>\n<p>Th\u1ecbt tr\u00e1i m\u1ec1m, b\u00e9o, c\u00f3 m\u00e0u tr\u1eafng s\u1eefa m\u1ecbn m\u00e0ng. V\u1ecb c\u1ee7a tr\u00e1i na\u00a0s\u1ea7u ri\u00eang th\u01b0\u1eddng r\u1ea5t ng\u1ecdt v\u00e0 c\u00f3 h\u01b0\u01a1ng th\u01a1m m\u00e1t d\u1ecbu, khi \u01b0\u1edbp l\u1ea1nh \u0103n c\u00e0ng ngon.<\/p>\n<figure id=\"attachment_1502\" aria-describedby=\"caption-attachment-1502\" style=\"width: 768px\" class=\"wp-caption aligncenter\"><img loading=\"lazy\" decoding=\"async\" class=\"wp-image-1502 size-large\" src=\"http:\/\/localhost\/phucan713\/wp-content\/uploads\/2024\/04\/369474372_1006846250637635_5909450648205328241_n-768x1024.jpg\" alt=\"Gi\u1ed1ng na s\u1ea7u ri\u00eang tr\u00e1i r\u1ea5t to\" width=\"768\" height=\"1024\" \/><figcaption id=\"caption-attachment-1502\" class=\"wp-caption-text\">Gi\u1ed1ng na s\u1ea7u ri\u00eang tr\u00e1i r\u1ea5t to<\/figcaption><\/figure>\n<h2>Gi\u1ed1ng\u00a0na\u00a0s\u1ea7u ri\u00eang tr\u1ed3ng bao l\u00e2u c\u00f3 tr\u00e1i?<\/h2>\n<p>C\u00e2y na\u00a0s\u1ea7u ri\u00eang th\u01b0\u1eddng 2\u00a0n\u0103m sau khi tr\u1ed3ng m\u1edbi b\u1eaft \u0111\u1ea7u cho tr\u00e1i.\u00a0T\u1eeb khi b\u1eaft \u0111\u1ea7u ra hoa \u0111\u1ebfn l\u00fac thu ho\u1ea1ch k\u00e9o d\u00e0i 6 th\u00e1ng. Th\u1eddi gian cho tr\u00e1i s\u1edbm hay mu\u1ed9n c\u00f2n ph\u1ee5 thu\u1ed9c v\u00e0o \u0111i\u1ec1u ki\u1ec7n ch\u0103m s\u00f3c v\u00e0 kh\u00ed h\u1eadu n\u01a1i tr\u1ed3ng.<\/p>\n<h2>N\u0103ng su\u1ea5t gi\u1ed1ng na\u00a0s\u1ea7u ri\u00eang<\/h2>\n<p>N\u0103ng su\u1ea5t c\u1ee7a gi\u1ed1ng na\u00a0s\u1ea7u ri\u00eang ph\u1ee5 thu\u1ed9c v\u00e0o nhi\u1ec1u y\u1ebfu t\u1ed1 nh\u01b0 gi\u1ed1ng, \u0111i\u1ec1u ki\u1ec7n th\u1eddi ti\u1ebft, v\u00e0 ph\u01b0\u01a1ng ph\u00e1p canh t\u00e1c. Trong \u0111i\u1ec1u ki\u1ec7n l\u00fd t\u01b0\u1edfng, m\u1ed9t c\u00e2y na\u00a0s\u1ea7u ri\u00eang tr\u01b0\u1edfng th\u00e0nh c\u00f3 th\u1ec3 cho t\u1eeb 35-40 t\u1ea5n\/ ha, v\u1edbi kho\u1ea3ng c\u00e1ch tr\u1ed3ng 5m x 5m, n\u0103ng su\u1ea5t n\u00e0y cao g\u1ea5p \u0111\u00f4i na th\u00e1i. Gi\u00e1 b\u00e1n cao b\u1eadc nh\u1ea5t trong c\u00e1c lo\u1ea1i na.<\/p>\n<h2>Kh\u00ed h\u1eadu v\u00e0 \u0111\u1ea5t tr\u1ed3ng th\u00edch h\u1ee3p v\u1edbi gi\u1ed1ng na\u00a0s\u1ea7u ri\u00eang<\/h2>\n<p>C\u00e2y na s\u1ea7u ri\u00eang th\u00edch h\u1ee3p nh\u1ea5t v\u1edbi kh\u00ed h\u1eadu n\u00f3ng \u1ea9m. Nhi\u1ec7t \u0111\u1ed9 l\u00fd t\u01b0\u1edfng cho s\u1ef1 ph\u00e1t tri\u1ec3n c\u1ee7a c\u00e2y l\u00e0 t\u1eeb 25\u00a0\u0111\u1ebfn 32\u00a0\u0111\u1ed9 C. C\u00e2y c\u1ea7n \u0111\u1ea5t gi\u00e0u dinh d\u01b0\u1ee1ng, tho\u00e1t n\u01b0\u1edbc t\u1ed1t v\u00e0 pH 6 ch\u1ea5m. \u0110\u1ea5t \u0111ai n\u00ean \u0111\u01b0\u1ee3c l\u00e0m s\u00e2u v\u00e0 t\u01a1i x\u1ed1p tr\u01b0\u1edbc khi tr\u1ed3ng \u0111\u1ec3 \u0111\u1ea3m b\u1ea3o r\u1ec5 c\u00e2y ph\u00e1t tri\u1ec3n m\u1ea1nh.<\/p>\n<p>Khi nhi\u1ec7t \u0111\u1ed9 xu\u1ed1ng th\u1ea5p nh\u01b0 nh\u1eefng th\u00e1ng m\u00f9a \u0111\u00f4ng \u1edf mi\u1ec1n B\u1eafc\u00a0c\u00e2y s\u1ebd ph\u00e1t tri\u1ec3n ch\u1eadm l\u1ea1i, qu\u1ea3 na l\u00e2u ch\u00edn h\u01a1n. \u0110\u00e2y l\u00e0 \u0111i\u1ec1u ki\u1ec7n tr\u1ed3ng th\u00edch h\u1ee3p cho c\u00e1c t\u1ec9nh \u1edf mi\u1ec1n B\u1eafc cho thu ho\u1ea1ch v\u00e0o th\u00e1ng 9 &#8211; th\u00e1ng 2 n\u0103m sau. \u0110i\u1ec1u n\u00e0y gi\u00fap na s\u1ea7u ri\u00eang tr\u00e1nh b\u1ecb nhanh ch\u00edn th\u1ed1i tr\u00e1i, kh\u00f4ng thu ho\u1ea1ch k\u1ecbp.<\/p>\n<h2>Kho\u1ea3ng c\u00e1ch tr\u1ed3ng na\u00a0s\u1ea7u ri\u00eang<\/h2>\n<p>Kho\u1ea3ng c\u00e1ch tr\u1ed3ng na\u00a0s\u1ea7u ri\u00eang th\u00edch h\u1ee3p l\u00e0 5m*5m. Kho\u1ea3ng c\u00e1ch r\u1ed9ng gi\u00fap \u0111\u1ea3m b\u1ea3o c\u00e2y c\u00f3 \u0111\u1ee7 kh\u00f4ng gian \u0111\u1ec3 ph\u00e1t tri\u1ec3n t\u00e1n v\u00e0 r\u1ec5, \u0111\u1ed3ng th\u1eddi gi\u00fap gi\u1ea3m thi\u1ec3u s\u1ef1 c\u1ea1nh tranh v\u1ec1 \u00e1nh s\u00e1ng v\u00e0 dinh d\u01b0\u1ee1ng, c\u0169ng nh\u01b0 d\u1ec5 d\u00e0ng h\u01a1n trong vi\u1ec7c ch\u0103m s\u00f3c v\u00e0 thu ho\u1ea1ch.<\/p>\n<h2>K\u1ef9 thu\u1eadt tr\u1ed3ng gi\u1ed1ng na\u00a0s\u1ea7u ri\u00eang<\/h2>\n<p>Vi\u1ec7c tr\u1ed3ng c\u00e2y na\u00a0s\u1ea7u ri\u00eang \u0111\u00f2i h\u1ecfi ph\u1ea3i chu\u1ea9n b\u1ecb k\u1ef9 l\u01b0\u1ee1ng t\u1eeb giai \u0111o\u1ea1n chu\u1ea9n b\u1ecb \u0111\u1ea5t, ch\u1ecdn gi\u1ed1ng, \u0111\u1ebfn vi\u1ec7c ch\u0103m s\u00f3c c\u00e2y non. C\u00e1c b\u01b0\u1edbc c\u01a1 b\u1ea3n bao g\u1ed3m:<\/p>\n<p>Chu\u1ea9n b\u1ecb \u0111\u1ea5t: L\u00e0m s\u1ea1ch c\u1ecf d\u1ea1i, b\u00f3n ph\u00e2n h\u1eefu c\u01a1 v\u00e0 l\u00e0m t\u01a1i x\u1ed1p \u0111\u1ea5t.<\/p>\n<p>Tr\u1ed3ng c\u00e2y: Tr\u1ed3ng v\u00e0o m\u00f9a m\u01b0a \u0111\u1ec3 \u0111\u1ea3m b\u1ea3o \u0111\u1ee7 \u0111\u1ed9 \u1ea9m cho c\u00e2y.<\/p>\n<p>Ch\u0103m s\u00f3c c\u00e2y: T\u01b0\u1edbi n\u01b0\u1edbc \u0111\u1ec1u \u0111\u1eb7n, b\u00f3n ph\u00e2n \u0111\u1ecbnh k\u1ef3 v\u00e0 t\u1ec9a c\u00e0nh \u0111\u1ec3 k\u00edch th\u00edch s\u1ef1 ph\u00e1t tri\u1ec3n.<\/p>\n<p>Ph\u00f2ng tr\u1eeb s\u00e2u b\u1ec7nh: Theo d\u00f5i th\u01b0\u1eddng xuy\u00ean v\u00e0 x\u1eed l\u00fd s\u1edbm khi ph\u00e1t hi\u1ec7n s\u00e2u b\u1ec7nh.<\/p>\n<h2>Gi\u00e1 c\u00e2y gi\u1ed1ng na s\u1ea7u ri\u00eang<\/h2>\n<p>Gi\u00e1 c\u00e2y gi\u1ed1ng na s\u1ea7u ri\u00eang t\u1ea1i v\u01b0\u1eddn Ph\u00fac An dao \u0111\u1ed9ng t\u1eeb 37.000 &#8211; 45.000\/ c\u00e2y. T\u00f9y theo l\u00f4 c\u00e2y, s\u1ed1 l\u01b0\u1ee3ng \u0111\u1eb7t s\u1ebd c\u00f3 m\u1ee9c gi\u00e1 kh\u00e1c nhau. Ch\u00fang t\u00f4i cam k\u1ebft lu\u00f4n gi\u1eef m\u1ee9c gi\u00e1 m\u1ec1m v\u1eeba t\u00fai ti\u1ec1n \u0111\u1ec3 m\u1ecdi kh\u00e1ch h\u00e0ng \u0111\u1ec1u c\u00f3 th\u1ec3 ch\u1ecdn mua nh\u1eefng c\u00e2y gi\u1ed1ng th\u1eadt t\u1ed1t cho khu v\u01b0\u1eddn c\u1ee7a m\u00ecnh.<\/p>\n<h2>Mua c\u00e2y gi\u1ed1ng na s\u1ea7u ri\u00eang \u1edf \u0111\u00e2u ch\u1ea5t l\u01b0\u1ee3ng?<\/h2>\n<p>C\u00e2y gi\u1ed1ng Ph\u00fac An cung c\u1ea5p c\u00e2y gi\u1ed1ng na s\u1ea7u ri\u00eang\u00a0ch\u1ea5t l\u01b0\u1ee3ng, \u0111\u01b0\u1ee3c b\u1ea3o h\u00e0nh \u0111\u00fang gi\u1ed1ng tr\u1ecdn \u0111\u1eddi.<\/p>\n<p>V\u01b0\u1eddn nh\u00e2n gi\u1ed1ng c\u1ee7a Ph\u00fac An \u0111\u01b0\u1ee3c ch\u1ecdn l\u1ef1a k\u1ef9 l\u01b0\u1ee1ng, \u0111\u1ea3m b\u1ea3o chu\u1ea9n gi\u1ed1ng. C\u00e0nh gh\u00e9p \u0111\u01b0\u1ee3c tuy\u1ec3n ch\u1ecdn kh\u1ecfe m\u1ea1nh xanh t\u1ed1t.<\/p>\n<figure id=\"attachment_1575\" aria-describedby=\"caption-attachment-1575\" style=\"width: 768px\" class=\"wp-caption aligncenter\"><img loading=\"lazy\" decoding=\"async\" class=\"wp-image-1575 size-large\" src=\"http:\/\/localhost\/phucan713\/wp-content\/uploads\/2024\/04\/na-sau-rieng-1-768x1024.jpg\" alt=\"C\u00e2y gi\u1ed1ng na s\u1ea7u ri\u00eang t\u1ea1i Ph\u00fac An\" width=\"768\" height=\"1024\" \/><figcaption id=\"caption-attachment-1575\" class=\"wp-caption-text\">C\u00e2y gi\u1ed1ng na s\u1ea7u ri\u00eang t\u1ea1i Ph\u00fac An<\/figcaption><\/figure>\n<p>C\u00e2y tr\u1ea3i qua qu\u00e1 tr\u00ecnh nh\u00e2n gi\u1ed1ng, d\u01b0\u1ee1ng c\u00e2y con, x\u1ea3 n\u1eafng ho\u00e0n ch\u1ec9nh. \u0110\u1ebfn tay c\u00f4 b\u00e1c s\u1ebd l\u00e0 t\u1eebng c\u00e2y \u0111\u00e3 c\u1ee9ng c\u00e1p \u0111\u00e3 ra c\u01a1i ch\u1ed3i m\u1edbi. Qu\u00fd c\u00f4 b\u00e1c \u00a0li\u00ean h\u1ec7 tr\u1ef1c ti\u1ebfp qua SDT\/ Zalo 0962 888 014 (<a href=\"http:\/\/localhost\/phucan713\/\" target=\"_blank\" rel=\"noopener\">c\u00e2y gi\u1ed1ng Ph\u00fac An<\/a>) \u0111\u1ec3 ch\u00fang t\u00f4i t\u01b0 v\u1ea5n v\u00e0 b\u00e1o gi\u00e1 c\u1ee5 th\u1ec3. Xin c\u1ea3m \u01a1n qu\u00fd c\u00f4 b\u00e1c \u0111\u00e3 \u0111\u1eb7t ni\u1ec1m tin v\u1edbi nh\u00e0 v\u01b0\u1eddn Ph\u00fac An.<\/p>\n<h2>K\u1ebft lu\u1eadn<\/h2>\n<p>Vi\u1ec7c l\u1ef1a ch\u1ecdn gi\u1ed1ng na\u00a0s\u1ea7u ri\u00eang \u0111\u00fang gi\u1ed1ng, c\u00e2y nu\u00f4i kh\u1ecfe m\u1ea1nh\u00a0v\u1edbi chi ph\u00ed ti\u1ebft ki\u1ec7m l\u00e0 \u0111i\u1ec1u n\u00f4ng d\u00e2n lu\u00f4n mong m\u1ecfi. C\u1ed9ng v\u1edbi\u00a0\u00e1p d\u1ee5ng \u0111\u00fang c\u00e1c k\u1ef9 thu\u1eadt canh t\u00e1c s\u1ebd gi\u00fap n\u00f4ng d\u00e2n t\u1ed1i \u01b0u h\u00f3a n\u0103ng su\u1ea5t v\u00e0 ch\u1ea5t l\u01b0\u1ee3ng tr\u00e1i. Hy v\u1ecdng th\u00f4ng tin trong b\u00e0i vi\u1ebft n\u00e0y s\u1ebd h\u1ed7 tr\u1ee3 n\u00f4ng d\u00e2n trong vi\u1ec7c ph\u00e1t tri\u1ec3n v\u01b0\u1eddn na\u00a0s\u1ea7u ri\u00eang c\u1ee7a m\u00ecnh, mang l\u1ea1i hi\u1ec7u qu\u1ea3 kinh t\u1ebf cao v\u00e0 b\u1ec1n v\u1eefng.<\/p>\n<p>&gt;&gt; M\u1eddi b\u1ea1n \u0111\u1ecdc th\u00eam: <a href=\"https:\/\/vietnamnet.vn\/anh-trai-can-tho-phat-tai-nho-vuon-na-sau-rieng-trai-to-an-ngot-thanh-2346594.html\" target=\"_blank\" rel=\"noopener\"><span style=\"color: #000080;\"><em><strong>Anh trai C\u1ea7n Th\u01a1 ph\u00e1t t\u00e0i nh\u1edd v\u01b0\u1eddn \u2018na s\u1ea7u ri\u00eang\u2019, tr\u00e1i to, \u0103n ng\u1ecdt thanh<\/strong><\/em><\/span><\/a><\/p>\n","protected":false},"excerpt":{"rendered":"<p>* Gi\u00e1 tham kh\u1ea3o cho s\u1ed1 l\u01b0\u1ee3ng t\u1eeb 30 c\u00e2y, c\u00f3 th\u1ec3 thay \u0111\u1ed5i theo th\u1eddi \u0111i\u1ec3m<br \/>\n* Ch\u01b0a bao g\u1ed3m ph\u00ed v\u1eadn chuy\u1ec3n (t\u00f9y theo s\u1ed1 l\u01b0\u1ee3ng c\u00e2y v\u00e0 \u0111\u1ecba \u0111i\u1ec3m giao h\u00e0ng)<\/p>\n","protected":false},"featured_media":1501,"comment_status":"open","ping_status":"closed","template":"","meta":[],"product_brand":[],"product_cat":[80],"product_tag":[81],"class_list":{"0":"post-1500","1":"product","2":"type-product","3":"status-publish","4":"has-post-thumbnail","6":"product_cat-giong-na","7":"product_tag-giong-na-sau-rieng","9":"first","10":"instock","11":"shipping-taxable","12":"purchasable","13":"product-type-simple"},"_links":{"self":[{"href":"https:\/\/ktech4.k-tech-services.com\/phucan713\/wp-json\/wp\/v2\/product\/1500","targetHints":{"allow":["GET"]}}],"collection":[{"href":"https:\/\/ktech4.k-tech-services.com\/phucan713\/wp-json\/wp\/v2\/product"}],"about":[{"href":"https:\/\/ktech4.k-tech-services.com\/phucan713\/wp-json\/wp\/v2\/types\/product"}],"replies":[{"embeddable":true,"href":"https:\/\/ktech4.k-tech-services.com\/phucan713\/wp-json\/wp\/v2\/comments?post=1500"}],"wp:featuredmedia":[{"embeddable":true,"href":"https:\/\/ktech4.k-tech-services.com\/phucan713\/wp-json\/"}],"wp:attachment":[{"href":"https:\/\/ktech4.k-tech-services.com\/phucan713\/wp-json\/wp\/v2\/media?parent=1500"}],"wp:term":[{"taxonomy":"product_brand","embeddable":true,"href":"https:\/\/ktech4.k-tech-services.com\/phucan713\/wp-json\/wp\/v2\/product_brand?post=1500"},{"taxonomy":"product_cat","embeddable":true,"href":"https:\/\/ktech4.k-tech-services.com\/phucan713\/wp-json\/wp\/v2\/product_cat?post=1500"},{"taxonomy":"product_tag","embeddable":true,"href":"https:\/\/ktech4.k-tech-services.com\/phucan713\/wp-json\/wp\/v2\/product_tag?post=1500"}],"curies":[{"name":"wp","href":"https:\/\/api.w.org\/{rel}","templated":true}]}}