{"id":1638,"date":"2024-05-11T04:28:39","date_gmt":"2024-05-11T04:28:39","guid":{"rendered":"https:\/\/caygiongphucan.com\/?post_type=product&amp;p=1638"},"modified":"2024-05-11T04:28:39","modified_gmt":"2024-05-11T04:28:39","slug":"cay-giong-xoai-uc","status":"publish","type":"product","link":"https:\/\/ktech4.k-tech-services.com\/phucan713\/san-pham\/cay-giong-xoai-uc\/","title":{"rendered":"C\u00e2y gi\u1ed1ng xo\u00e0i \u00fac"},"content":{"rendered":"<p>N\u1ebfu n\u00f3i v\u1ec1 gi\u1ed1ng xo\u00e0i c\u00f3 ngo\u1ea1i h\u00ecnh &#8220;sang ch\u1ea3nh&#8221; nh\u1ea5t, nh\u00ecn v\u00e0o l\u00e0 y\u00eau ngay t\u1eeb c\u00e1i nh\u00ecn \u0111\u1ea7u ti\u00ean, th\u00ec kh\u00f4ng c\u00e1i t\u00ean n\u00e0o qua m\u1eb7t \u0111\u01b0\u1ee3c gi\u1ed1ng <strong>xo\u00e0i \u00dac<\/strong>. V\u1edbi m\u00e0u h\u1ed3ng t\u00edm \u0111\u1eb7c tr\u01b0ng v\u00e0 k\u00edch th\u01b0\u1edbc tr\u00e1i kh\u1ed5ng l\u1ed3, \u0111\u00e2y l\u00e0 gi\u1ed1ng xo\u00e0i kh\u00f4ng ch\u1ec9 mang l\u1ea1i gi\u00e1 tr\u1ecb kinh t\u1ebf cao m\u00e0 c\u00f2n l\u00e0 ni\u1ec1m t\u1ef1 h\u00e0o c\u1ee7a nh\u1eefng khu v\u01b0\u1eddn hi\u1ec7n \u0111\u1ea1i. H\u00e3y c\u00f9ng C\u00e2y Gi\u1ed1ng Ph\u00fac An t\u00ecm hi\u1ec3u t\u1ea1i sao gi\u1ed1ng xo\u00e0i nh\u1eadp ngo\u1ea1i n\u00e0y l\u1ea1i \u0111ang tr\u1edf th\u00e0nh &#8220;m\u1ecf v\u00e0ng&#8221; cho nh\u00e0 v\u01b0\u1eddn Vi\u1ec7t Nam nh\u00e9!<\/p>\n<h2><strong>T\u1ed5ng quan v\u1ec1 gi\u1ed1ng xo\u00e0i \u00dac<\/strong><\/h2>\n<p>Xo\u00e0i \u00dac (t\u00ean g\u1ed1c l\u00e0 R2E2) \u0111\u01b0\u1ee3c nh\u1eadp kh\u1ea9u v\u00e0 tr\u1ed3ng th\u00e0nh c\u00f4ng t\u1ea1i Vi\u1ec7t Nam, \u0111\u1eb7c bi\u1ec7t ph\u00e1t tri\u1ec3n c\u1ef1c k\u1ef3 t\u1ed1t t\u1ea1i v\u00f9ng \u0111\u1ea5t Kh\u00e1nh H\u00f2a v\u00e0 c\u00e1c t\u1ec9nh mi\u1ec1n T\u00e2y. \u0110\u00e2y l\u00e0 gi\u1ed1ng xo\u00e0i c\u00f3 s\u1ee9c sinh tr\u01b0\u1edfng r\u1ea5t m\u1ea1nh, t\u00e1n l\u00e1 r\u1ed9ng v\u00e0 kh\u1ea3 n\u0103ng th\u00edch nghi cao v\u1edbi kh\u00ed h\u1eadu nhi\u1ec7t \u0111\u1edbi n\u1eafng n\u00f3ng. V\u1edbi v\u1ebb ngo\u00e0i \u0111\u1ed9c \u0111\u00e1o, xo\u00e0i \u00dac th\u01b0\u1eddng xuy\u00ean g\u00f3p m\u1eb7t trong danh s\u00e1ch c\u00e1c lo\u1ea1i tr\u00e1i c\u00e2y cao c\u1ea5p ph\u1ee5c v\u1ee5 th\u1ecb tr\u01b0\u1eddng n\u1ed9i \u0111\u1ecba v\u00e0 xu\u1ea5t kh\u1ea9u.<\/p>\n<figure id=\"attachment_1639\" aria-describedby=\"caption-attachment-1639\" style=\"width: 500px\" class=\"wp-caption aligncenter\"><img loading=\"lazy\" decoding=\"async\" class=\"wp-image-1639\" src=\"http:\/\/localhost\/phucan713\/wp-content\/uploads\/2024\/05\/278231384_508869057528628_8645330825435213890_n-225x300.jpg\" alt=\"Tr\u00e1i xo\u00e0i \u00fac - Ph\u00fac An\" width=\"500\" height=\"667\" \/><figcaption id=\"caption-attachment-1639\" class=\"wp-caption-text\">Tr\u00e1i xo\u00e0i \u00fac &#8211; Ph\u00fac An<\/figcaption><\/figure>\n<p><strong>\u0110\u1eb7c \u0111i\u1ec3m n\u1ed5i b\u1eadt v\u00e0 c\u00e1ch nh\u1eadn d\u1ea1ng gi\u1ed1ng xo\u00e0i \u00dac<\/strong><\/p>\n<p>B\u00e0 con c\u00f3 th\u1ec3 d\u1ec5 d\u00e0ng nh\u1eadn di\u1ec7n gi\u1ed1ng xo\u00e0i &#8220;ngo\u1ea1i qu\u1ed1c&#8221; n\u00e0y qua c\u00e1c \u0111\u1eb7c \u0111i\u1ec3m sau:<\/p>\n<ul>\n<li>M\u00e0u s\u1eafc quy\u1ebfn r\u0169: \u0110\u00e2y l\u00e0 \u0111\u1eb7c \u0111i\u1ec3m &#8220;\u0111\u1eaft gi\u00e1&#8221; nh\u1ea5t. Khi ch\u00edn, v\u1ecf tr\u00e1i xo\u00e0i \u00dac chuy\u1ec3n sang m\u00e0u v\u00e0ng \u1eedng h\u1ed3ng t\u00edm ho\u1eb7c \u0111\u1ecf s\u1eabm r\u1ea5t \u0111\u1eb9p m\u1eaft, tr\u00f4ng gi\u1ed1ng nh\u01b0 nh\u1eefng qu\u1ea3 t\u00e1o kh\u1ed5ng l\u1ed3.<\/li>\n<li>K\u00edch th\u01b0\u1edbc &#8220;kh\u1ee7ng&#8221;: Tr\u00e1i xo\u00e0i \u00dac r\u1ea5t to, tr\u00f2n \u0111\u1ec1u, tr\u1ecdng l\u01b0\u1ee3ng trung b\u00ecnh t\u1eeb 0.7kg \u0111\u1ebfn 1.2kg\/tr\u00e1i, c\u00f3 nh\u1eefng tr\u00e1i ch\u0103m s\u00f3c t\u1ed1t n\u1eb7ng t\u1edbi 1.5kg.<\/li>\n<li>Ch\u1ea5t l\u01b0\u1ee3ng th\u1ecbt tr\u00e1i: Ph\u1ea7n c\u01a1m xo\u00e0i r\u1ea5t d\u00e0y, h\u1ea1t c\u1ef1c nh\u1ecf v\u00e0 l\u00e9p. Th\u1ecbt tr\u00e1i c\u00f3 m\u00e0u v\u00e0ng \u0111\u1eadm, ch\u1eafc th\u1ecbt, gi\u00f2n dai v\u00e0 ho\u00e0n to\u00e0n kh\u00f4ng c\u00f3 x\u01a1.<\/li>\n<li>H\u01b0\u01a1ng v\u1ecb: V\u1ecb ng\u1ecdt thanh, th\u01a1m d\u1ecbu nh\u1eb9 r\u1ea5t sang tr\u1ecdng. Xo\u00e0i \u00dac kh\u00f4ng ng\u1ecdt l\u1ecbm nh\u01b0 xo\u00e0i C\u00e1t H\u00f2a L\u1ed9c m\u00e0 mang l\u1ea1i c\u1ea3m gi\u00e1c thanh m\u00e1t, \u0103n nhi\u1ec1u kh\u00f4ng b\u1ecb ng\u00e1n.<\/li>\n<\/ul>\n<figure id=\"attachment_1640\" aria-describedby=\"caption-attachment-1640\" style=\"width: 500px\" class=\"wp-caption aligncenter\"><img loading=\"lazy\" decoding=\"async\" class=\"wp-image-1640\" src=\"http:\/\/localhost\/phucan713\/wp-content\/uploads\/2024\/05\/Thit-xoai-uc-vang-tuoi-300x188.jpg\" alt=\"Th\u1ecbt xo\u00e0i \u00fac v\u00e0ng t\u01b0\u01a1i\" width=\"500\" height=\"313\" \/><figcaption id=\"caption-attachment-1640\" class=\"wp-caption-text\">Th\u1ecbt xo\u00e0i \u00fac v\u00e0ng t\u01b0\u01a1i<\/figcaption><\/figure>\n<h2><strong>\u0110\u1eb7c t\u00ednh sinh tr\u01b0\u1edfng v\u00e0 s\u1ee9c \u0111\u1ec1 kh\u00e1ng<\/strong><\/h2>\n<p>Gi\u1ed1ng xo\u00e0i \u00dac t\u1ea1i Ph\u00fac An \u0111\u01b0\u1ee3c \u0111\u00e1nh gi\u00e1 l\u00e0 d\u00f2ng c\u00e2y c\u00f3 s\u1ee9c s\u1ed1ng m\u00e3nh li\u1ec7t:<\/p>\n<ul>\n<li>Kh\u1ea3 n\u0103ng th\u00edch nghi: C\u00e2y c\u1ef1c k\u1ef3 \u01b0a n\u1eafng v\u00e0 ch\u1ecbu h\u1ea1n r\u1ea5t t\u1ed1t. C\u00e2y ph\u00e1t tri\u1ec3n m\u1ea1nh tr\u00ean nhi\u1ec1u lo\u1ea1i \u0111\u1ea5t kh\u00e1c nhau, \u0111\u1eb7c bi\u1ec7t l\u00e0 \u0111\u1ea5t th\u1ecbt pha c\u00e1t ho\u1eb7c \u0111\u1ea5t \u0111\u1ecf.<\/li>\n<li>S\u1ee9c \u0111\u1ec1 kh\u00e1ng: C\u00e2y c\u00f3 b\u1ed9 l\u00e1 to, d\u00e0y, kh\u1ea3 n\u0103ng ch\u1ed1ng ch\u1ecbu s\u00e2u b\u1ec7nh v\u00e0 n\u1ea5m m\u1ed1c r\u1ea5t t\u1ed1t. \u0110\u1eb7c bi\u1ec7t, nh\u1edd l\u1edbp v\u1ecf d\u00e0y, xo\u00e0i \u00dac r\u1ea5t \u00edt b\u1ecb \u1ea3nh h\u01b0\u1edfng b\u1edfi c\u00e1c lo\u1ea1i c\u00f4n tr\u00f9ng hay ru\u1ed3i \u0111\u1ee5c qu\u1ea3 so v\u1edbi c\u00e1c gi\u1ed1ng xo\u00e0i v\u1ecf m\u1ecfng.<\/li>\n<li>Kh\u1ea3 n\u0103ng v\u1eadn chuy\u1ec3n: Nh\u1edd l\u1edbp v\u1ecf ch\u1eafc ch\u1eafn v\u00e0 th\u1ecbt tr\u00e1i c\u1ee9ng, xo\u00e0i \u00dac c\u00f3 th\u1ec3 v\u1eadn chuy\u1ec3n xa h\u00e0ng ng\u00e0n c\u00e2y s\u1ed1 m\u00e0 v\u1eabn gi\u1eef \u0111\u01b0\u1ee3c \u0111\u1ed9 t\u01b0\u01a1i ngon, kh\u00f4ng b\u1ecb d\u1eadp n\u00e1t.<\/li>\n<\/ul>\n<h2><strong>Gi\u1ed1ng xo\u00e0i \u00dac tr\u1ed3ng bao l\u00e2u c\u00f3 tr\u00e1i?<\/strong><\/h2>\n<p>T\u1ea1i v\u01b0\u1eddn Ph\u00fac An, ch\u00fang t\u00f4i cung c\u1ea5p c\u00e2y gi\u1ed1ng gh\u00e9p chu\u1ea9n gi\u00fap b\u00e0 con nhanh ch\u00f3ng thu ho\u1ea1ch:<\/p>\n<ul>\n<li>Th\u1eddi gian ra tr\u00e1i: V\u1edbi c\u00e2y gi\u1ed1ng \u0111\u1ea1t chu\u1ea9n, sau kho\u1ea3ng 2 \u0111\u1ebfn 3 n\u0103m tr\u1ed3ng l\u00e0 b\u00e0 con b\u1eaft \u0111\u1ea7u thu ho\u1ea1ch l\u1ee9a tr\u00e1i b\u00f3i \u0111\u1ea7u ti\u00ean.<\/li>\n<li>N\u0103ng su\u1ea5t: C\u00e2y xo\u00e0i \u00dac cho n\u0103ng su\u1ea5t r\u1ea5t \u1ed5n \u0111\u1ecbnh. C\u00e2y c\u00e0ng l\u00e2u n\u0103m, t\u00e1n c\u00e0ng r\u1ed9ng th\u00ec l\u01b0\u1ee3ng tr\u00e1i c\u00e0ng nhi\u1ec1u, mang l\u1ea1i thu nh\u1eadp b\u1ec1n v\u1eefng cho b\u00e0 con.<\/li>\n<\/ul>\n<h2><strong>Gi\u00e1 tr\u1ecb kinh t\u1ebf c\u1ee7a xo\u00e0i \u00dac<\/strong><\/h2>\n<ul>\n<li>Th\u1ecb tr\u01b0\u1eddng qu\u00e0 bi\u1ebfu cao c\u1ea5p: Nh\u1edd m\u00e0u h\u1ed3ng t\u00edm t\u01b0\u1ee3ng tr\u01b0ng cho s\u1ef1 may m\u1eafn v\u00e0 t\u00e0i l\u1ed9c, xo\u00e0i \u00dac r\u1ea5t \u0111\u01b0\u1ee3c \u01b0a chu\u1ed9ng l\u00e0m qu\u00e0 bi\u1ebfu trong c\u00e1c d\u1ecbp l\u1ec5, T\u1ebft v\u1edbi gi\u00e1 b\u00e1n r\u1ea5t cao.<\/li>\n<li>L\u1ee3i th\u1ebf xu\u1ea5t kh\u1ea9u: \u0110\u00e2y l\u00e0 gi\u1ed1ng xo\u00e0i ch\u1ee7 l\u1ef1c \u0111\u1ec3 xu\u1ea5t kh\u1ea9u sang c\u00e1c th\u1ecb tr\u01b0\u1eddng nh\u01b0 Trung Qu\u1ed1c, Singapore, Dubai&#8230; mang l\u1ea1i ngu\u1ed3n ngo\u1ea1i t\u1ec7 l\u1edbn.<\/li>\n<li>Gi\u00e1 b\u00e1n \u1ed5n \u0111\u1ecbnh: Nh\u1edd m\u1eabu m\u00e3 \u0111\u1ed9c l\u1ea1 v\u00e0 ch\u1ea5t l\u01b0\u1ee3ng c\u01a1m ngon, xo\u00e0i \u00dac \u00edt b\u1ecb c\u1ea1nh tranh b\u1edfi c\u00e1c gi\u1ed1ng xo\u00e0i truy\u1ec1n th\u1ed1ng, gi\u00fap nh\u00e0 v\u01b0\u1eddn gi\u1eef \u0111\u01b0\u1ee3c gi\u00e1 b\u00e1n t\u1ed1t.<\/li>\n<\/ul>\n<figure id=\"attachment_1641\" aria-describedby=\"caption-attachment-1641\" style=\"width: 500px\" class=\"wp-caption aligncenter\"><img loading=\"lazy\" decoding=\"async\" class=\"wp-image-1641\" src=\"http:\/\/localhost\/phucan713\/wp-content\/uploads\/2024\/05\/278221943_508869104195290_1538947843148317521_n-225x300.jpg\" alt=\"C\u00e2y xo\u00e0i \u00fac \u0111ang cho tr\u00e1i\" width=\"500\" height=\"667\" \/><figcaption id=\"caption-attachment-1641\" class=\"wp-caption-text\">C\u00e2y xo\u00e0i \u00fac \u0111ang cho tr\u00e1i<\/figcaption><\/figure>\n<h2>N\u0103ng su\u1ea5t gi\u1ed1ng xo\u00e0i \u00fac<\/h2>\n<p>M\u1ed9t c\u00e2y tr\u01b0\u1edfng th\u00e0nh c\u00f3 th\u1ec3 cho 70-100 kg tr\u00e1i xo\u00e0i m\u1ed7i m\u00f9a, th\u1eadm ch\u00ed c\u00f3 th\u1ec3 cao h\u01a1n t\u00f9y v\u00e0o k\u1ef9 thu\u1eadt ch\u0103m s\u00f3c v\u00e0 \u0111i\u1ec1u ki\u1ec7n m\u00f4i tr\u01b0\u1eddng.<\/p>\n<figure id=\"attachment_1642\" aria-describedby=\"caption-attachment-1642\" style=\"width: 500px\" class=\"wp-caption aligncenter\"><img loading=\"lazy\" decoding=\"async\" class=\"wp-image-1642\" src=\"http:\/\/localhost\/phucan713\/wp-content\/uploads\/2024\/05\/345456152_1270345443689140_6625362241023586415_n-300x169.jpg\" alt=\"Nh\u1eefng tr\u00e1i xo\u00e0i \u00fac \u0111\u00e3 \u0111\u01b0\u1ee3c thu ho\u1ea1ch th\u1eadt \u0111\u1eb9p\" width=\"500\" height=\"281\" \/><figcaption id=\"caption-attachment-1642\" class=\"wp-caption-text\">Nh\u1eefng tr\u00e1i xo\u00e0i \u00fac \u0111\u00e3 \u0111\u01b0\u1ee3c thu ho\u1ea1ch th\u1eadt \u0111\u1eb9p<\/figcaption><\/figure>\n<h2><strong>K\u1ef9 thu\u1eadt tr\u1ed3ng v\u00e0 ch\u0103m s\u00f3c b\u1ec1n v\u1eefng<\/strong><\/h2>\n<ul>\n<li>M\u1eadt \u0111\u1ed9 tr\u1ed3ng: Kho\u1ea3ng c\u00e1ch l\u00fd t\u01b0\u1edfng l\u00e0 6m x 6m ho\u1eb7c 7m x 7m \u0111\u1ec3 c\u00e2y x\u00f2e t\u00e1n \u0111\u00f3n n\u1eafng m\u1eb7t tr\u1eddi (n\u1eafng c\u00e0ng nhi\u1ec1u v\u1ecf tr\u00e1i c\u00e0ng l\u00ean m\u00e0u h\u1ed3ng \u0111\u1eb9p).<\/li>\n<li>T\u01b0\u1edbi n\u01b0\u1edbc: Duy tr\u00ec \u0111\u1ed9 \u1ea9m th\u01b0\u1eddng xuy\u00ean giai \u0111o\u1ea1n c\u00e2y mang tr\u00e1i \u0111\u1ec3 tr\u00e1i l\u1edbn \u0111\u1ec1u v\u00e0 b\u00f3ng m\u01b0\u1ee3t.<\/li>\n<li>Dinh d\u01b0\u1ee1ng: \u01afu ti\u00ean b\u00f3n ph\u00e2n h\u1eefu c\u01a1 hoai m\u1ee5c. Giai \u0111o\u1ea1n tr\u00e1i b\u1eaft \u0111\u1ea7u chuy\u1ec3n m\u00e0u, b\u00e0 con n\u00ean b\u1ed5 sung th\u00eam ph\u00e2n b\u00f3n c\u00f3 h\u00e0m l\u01b0\u1ee3ng Kali v\u00e0 vi l\u01b0\u1ee3ng \u0111\u1ec3 m\u00e0u s\u1eafc tr\u00e1i \u0111\u1ecf h\u1ed3ng r\u1ef1c r\u1ee1 nh\u1ea5t.<\/li>\n<li>T\u1ec9a c\u00e0nh: Th\u01b0\u1eddng xuy\u00ean t\u1ec9a c\u00e0nh \u0111\u1ec3 t\u00e1n th\u00f4ng tho\u00e1ng, gi\u00fap \u00e1nh s\u00e1ng len l\u1ecfi v\u00e0o t\u1eebng k\u1ebd l\u00e1, gi\u00fap tr\u00e1i l\u00ean m\u00e0u \u0111\u1ec1u t\u1eeb m\u1ecdi ph\u00eda.<\/li>\n<\/ul>\n<h2><strong>T\u1ea1i sao n\u00ean mua gi\u1ed1ng xo\u00e0i \u00dac t\u1ea1i C\u00e2y Gi\u1ed1ng Ph\u00fac An?<\/strong><\/h2>\n<p>\u0110\u1ec3 \u0111\u1ea3m b\u1ea3o tr\u00e1i l\u00ean m\u00e0u h\u1ed3ng chu\u1ea9n v\u00e0 c\u01a1m kh\u00f4ng x\u01a1, ngu\u1ed3n gi\u1ed1ng ban \u0111\u1ea7u l\u00e0 quan tr\u1ecdng nh\u1ea5t. T\u1ea1i C\u00e2y Gi\u1ed1ng Ph\u00fac An, ch\u00fang t\u00f4i cam k\u1ebft:<\/p>\n<ul>\n<li>Chu\u1ea9n gi\u1ed1ng xo\u00e0i \u00dac 100%: Cam k\u1ebft c\u00e2y gi\u1ed1ng gh\u00e9p t\u1eeb c\u00e2y m\u1eb9 thu\u1ea7n ch\u1ee7ng, cho tr\u00e1i to v\u00e0 l\u00ean m\u00e0u h\u1ed3ng t\u00edm r\u1ef1c r\u1ee1.<\/li>\n<li>C\u00e2y gi\u1ed1ng kh\u1ecfe, r\u1ec5 \u1ed5n \u0111\u1ecbnh: C\u00e2y \u0111\u01b0\u1ee3c d\u01b0\u1ee1ng \u1ed5n \u0111\u1ecbnh trong b\u1ea7u, b\u1ed9 r\u1ec5 m\u1ea1nh, \u0111\u1ea3m b\u1ea3o t\u1ec9 l\u1ec7 s\u1ed1ng tuy\u1ec7t \u0111\u1ed1i v\u00e0 l\u1edbn nhanh nh\u01b0 th\u1ed5i.<\/li>\n<\/ul>\n<p><strong><a href=\"http:\/\/localhost\/phucan713\/\" target=\"_blank\" rel=\"noopener\">C\u00e2y Gi\u1ed1ng Ph\u00fac An<\/a> t\u1ef1 h\u00e0o l\u00e0 \u0111\u01a1n v\u1ecb cung c\u1ea5p c\u00e2y gi\u1ed1ng uy t\u00edn, \u0111\u1eb7t ch\u1ea5t l\u01b0\u1ee3ng c\u00e2y gi\u1ed1ng l\u00e0 y\u1ebfu t\u1ed1 s\u1ed1ng c\u00f2n. Qu\u00fd c\u00f4 b\u00e1c li\u00ean h\u1ec7 tr\u1ef1c ti\u1ebfp qua SDT\/ Zalo 0962.888.014 \u0111\u1ec3 ch\u00fang t\u00f4i t\u01b0 v\u1ea5n v\u00e0 b\u00e1o gi\u00e1 t\u1ed1t. Xin c\u1ea3m \u01a1n qu\u00fd c\u00f4 b\u00e1c \u0111\u00e3 \u0111\u1eb7t ni\u1ec1m tin v\u1edbi nh\u00e0 v\u01b0\u1eddn.<\/strong><\/p>\n<figure id=\"attachment_1643\" aria-describedby=\"caption-attachment-1643\" style=\"width: 225px\" class=\"wp-caption aligncenter\"><img loading=\"lazy\" decoding=\"async\" class=\"wp-image-1643\" src=\"http:\/\/localhost\/phucan713\/wp-content\/uploads\/2024\/05\/z5372490915584_d80baf469e62ef47fa4369094bd6ce78-135x300.jpg\" alt=\"C\u00e2y gi\u1ed1ng xo\u00e0i \u00fac - Ph\u00fac An\" width=\"225\" height=\"500\" \/><figcaption id=\"caption-attachment-1643\" class=\"wp-caption-text\">C\u00e2y gi\u1ed1ng xo\u00e0i \u00fac &#8211; Ph\u00fac An<\/figcaption><\/figure>\n<figure id=\"attachment_1644\" aria-describedby=\"caption-attachment-1644\" style=\"width: 500px\" class=\"wp-caption aligncenter\"><img loading=\"lazy\" decoding=\"async\" class=\"wp-image-1644\" src=\"http:\/\/localhost\/phucan713\/wp-content\/uploads\/2024\/05\/xoai-uc-phuc-an-123445-225x300.jpg\" alt=\"C\u00e2y gi\u1ed1ng xo\u00e0i \u00fac - Ph\u00fac An\" width=\"500\" height=\"667\" \/><figcaption id=\"caption-attachment-1644\" class=\"wp-caption-text\">C\u00e2y gi\u1ed1ng xo\u00e0i \u00fac &#8211; Ph\u00fac An<\/figcaption><\/figure>\n<p>&gt;&gt; M\u1eddi b\u1ea1n \u0111\u1ecdc th\u00eam: <a href=\"https:\/\/thesaigontimes.vn\/da-co-lo-xoai-tuoi-dau-tien-chieu-xa-thanh-cong-de-xuat-di-uc\" target=\"_blank\" rel=\"noopener\"><span style=\"color: #000080;\"><em><strong>\u0110\u00e3 c\u00f3 l\u00f4 xo\u00e0i t\u01b0\u01a1i \u0111\u1ea7u ti\u00ean chi\u1ebfu x\u1ea1 th\u00e0nh c\u00f4ng \u0111\u1ec3 xu\u1ea5t kh\u1ea9u<\/strong><\/em><\/span><\/a><\/p>\n","protected":false},"excerpt":{"rendered":"<p>* Gi\u00e1 tham kh\u1ea3o cho s\u1ed1 l\u01b0\u1ee3ng t\u1eeb 30 c\u00e2y, c\u00f3 th\u1ec3 thay \u0111\u1ed5i theo th\u1eddi \u0111i\u1ec3m<br \/>\n* Ch\u01b0a bao g\u1ed3m ph\u00ed v\u1eadn chuy\u1ec3n (t\u00f9y theo s\u1ed1 l\u01b0\u1ee3ng c\u00e2y v\u00e0 \u0111\u1ecba \u0111i\u1ec3m giao h\u00e0ng)<\/p>\n","protected":false},"featured_media":1639,"comment_status":"closed","ping_status":"closed","template":"","meta":[],"product_brand":[],"product_cat":[35,107],"product_tag":[39,113],"class_list":{"0":"post-1638","1":"product","2":"type-product","3":"status-publish","4":"has-post-thumbnail","6":"product_cat-san-pham-giong-cay-an-trai","7":"product_cat-giong-xoai","8":"product_tag-cay-xoai-uc","9":"product_tag-giong-xoai-uc","11":"first","12":"instock","13":"shipping-taxable","14":"purchasable","15":"product-type-simple"},"_links":{"self":[{"href":"https:\/\/ktech4.k-tech-services.com\/phucan713\/wp-json\/wp\/v2\/product\/1638","targetHints":{"allow":["GET"]}}],"collection":[{"href":"https:\/\/ktech4.k-tech-services.com\/phucan713\/wp-json\/wp\/v2\/product"}],"about":[{"href":"https:\/\/ktech4.k-tech-services.com\/phucan713\/wp-json\/wp\/v2\/types\/product"}],"replies":[{"embeddable":true,"href":"https:\/\/ktech4.k-tech-services.com\/phucan713\/wp-json\/wp\/v2\/comments?post=1638"}],"wp:featuredmedia":[{"embeddable":true,"href":"https:\/\/ktech4.k-tech-services.com\/phucan713\/wp-json\/"}],"wp:attachment":[{"href":"https:\/\/ktech4.k-tech-services.com\/phucan713\/wp-json\/wp\/v2\/media?parent=1638"}],"wp:term":[{"taxonomy":"product_brand","embeddable":true,"href":"https:\/\/ktech4.k-tech-services.com\/phucan713\/wp-json\/wp\/v2\/product_brand?post=1638"},{"taxonomy":"product_cat","embeddable":true,"href":"https:\/\/ktech4.k-tech-services.com\/phucan713\/wp-json\/wp\/v2\/product_cat?post=1638"},{"taxonomy":"product_tag","embeddable":true,"href":"https:\/\/ktech4.k-tech-services.com\/phucan713\/wp-json\/wp\/v2\/product_tag?post=1638"}],"curies":[{"name":"wp","href":"https:\/\/api.w.org\/{rel}","templated":true}]}}