{"id":1646,"date":"2024-05-11T09:34:18","date_gmt":"2024-05-11T09:34:18","guid":{"rendered":"https:\/\/caygiongphucan.com\/?post_type=product&amp;p=1646"},"modified":"2024-05-11T09:34:18","modified_gmt":"2024-05-11T09:34:18","slug":"cay-giong-xoai-thai","status":"publish","type":"product","link":"https:\/\/ktech4.k-tech-services.com\/phucan713\/san-pham\/cay-giong-xoai-thai\/","title":{"rendered":"C\u00e2y gi\u1ed1ng xo\u00e0i th\u00e1i"},"content":{"rendered":"<p>Ch\u00e0o m\u1eebng c\u00e1c nh\u00e0 v\u01b0\u1eddn\u00a0\u0111\u1ebfn v\u1edbi h\u00e0nh tr\u00ecnh kh\u00e1m ph\u00e1 v\u1ec1 gi\u1ed1ng xo\u00e0i Th\u00e1i &#8211; m\u1ed9t trong nh\u1eefng lo\u1ea1i tr\u00e1i ngon n\u1ed5i ti\u1ebfng kh\u00f4ng ch\u1ec9 v\u1ec1 h\u01b0\u01a1ng v\u1ecb m\u00e0 c\u00f2n v\u1ec1 ch\u1ea5t l\u01b0\u1ee3ng v\u00e0 n\u0103ng su\u1ea5t. Trong b\u00e0i vi\u1ebft n\u00e0y, ch\u00fang t\u00f4i s\u1ebd \u0111i s\u00e2u v\u00e0o ngu\u1ed3n g\u1ed1c, \u0111\u1eb7c \u0111i\u1ec3m, c\u00e1ch tr\u1ed3ng v\u00e0 ch\u0103m s\u00f3c c\u00e2y gi\u1ed1ng xo\u00e0i Th\u00e1i \u0111\u1ec3 b\u1ea1n c\u00f3 th\u1ec3 t\u1ef1 tin tr\u1ed3ng v\u00e0 thu ho\u1ea1ch nh\u1eefng qu\u1ea3 xo\u00e0i ngon l\u00e0nh t\u1eeb v\u01b0\u1eddn nh\u00e0.<\/p>\n<h2>Ngu\u1ed3n g\u1ed1c v\u00e0 \u0111\u1eb7c \u0111i\u1ec3m c\u00e2y xo\u00e0i Th\u00e1i<\/h2>\n<p>Nh\u01b0 t\u00ean g\u1ecdi, gi\u1ed1ng xo\u00e0i Th\u00e1i xu\u1ea5t x\u1ee9 t\u1eeb Th\u00e1i Lan, n\u1ed5i ti\u1ebfng v\u1edbi h\u00ecnh d\u00e1ng tr\u00e1i to v\u00e0 v\u1ecf xanh d\u00e0y. L\u00e1 c\u1ee7a c\u00e2y xo\u00e0i Th\u00e1i c\u00f3 m\u1eb7t l\u01b0ng l\u00e1 c\u00f3 m\u00e9p l\u00f5m s\u00e2u, t\u1ea1o n\u00ean \u0111\u1eb7c \u0111i\u1ec3m d\u1ec5 nh\u1eadn bi\u1ebft c\u1ee7a lo\u1ea1i c\u00e2y n\u00e0y. C\u00e2y xo\u00e0i th\u00e1i c\u00f3 th\u1ec3 \u0111\u1ea1t chi\u1ec1u cao t\u1eeb 4-10m.<\/p>\n<h2>\u0110\u1eb7c \u0111i\u1ec3m tr\u00e1i &amp; h\u01b0\u01a1ng v\u1ecb xo\u00e0i Th\u00e1i<\/h2>\n<figure id=\"attachment_1647\" aria-describedby=\"caption-attachment-1647\" style=\"width: 375px\" class=\"wp-caption aligncenter\"><img loading=\"lazy\" decoding=\"async\" class=\"wp-image-1647\" src=\"http:\/\/localhost\/phucan713\/wp-content\/uploads\/2024\/05\/341325203_736596538173323_1150928190414752774_n-225x300.jpg\" alt=\"Tr\u00e1i xo\u00e0i th\u00e1i - Ph\u00fac An\" width=\"375\" height=\"500\" \/><figcaption id=\"caption-attachment-1647\" class=\"wp-caption-text\">Tr\u00e1i xo\u00e0i th\u00e1i &#8211; Ph\u00fac An<\/figcaption><\/figure>\n<p>Tr\u00e1i xo\u00e0i th\u00e1i c\u00f3 v\u1ecf m\u00e0u xanh \u0111\u1eadm v\u00e0 d\u00e0y, d\u00e1ng b\u1ea7u \u1edf ph\u1ea7n \u0111\u1ea7u v\u00e0 nh\u1ecdn ph\u1ea7n \u0111u\u00f4i, c\u00e2n n\u1eb7ng\u00a0t\u1eeb 400-500 gram. Ru\u1ed9t c\u1ee7a xo\u00e0i Th\u00e1i r\u1ea5t \u0111\u1eb7c, khi \u0103n s\u1ed1ng c\u00f3 v\u1ecb gi\u00f2n v\u00e0 chua chua ng\u1ecdt ng\u1ecdt.<\/p>\n<p>Khi ch\u00edn m\u1ec1m, th\u1ecbt tr\u00e1i\u00a0th\u01b0\u1eddng chuy\u1ec3n sang m\u00e0u v\u00e0ng s\u00e1ng. Khi \u0111\u00f3, h\u01b0\u01a1ng v\u1ecb c\u1ee7a xo\u00e0i tr\u1edf n\u00ean ng\u1ecdt \u0111\u1eadm v\u00e0 th\u1ecbt qu\u1ea3 c\u0169ng m\u1ec1m h\u01a1n so v\u1edbi khi \u0103n s\u1ed1ng.<\/p>\n<h2>Tr\u1ed3ng c\u00e2y xo\u00e0i th\u00e1i bao l\u00e2u c\u00f3 tr\u00e1i?<\/h2>\n<p>C\u00e2y gi\u1ed1ng xo\u00e0i Th\u00e1i th\u01b0\u1eddng c\u1ea7n kho\u1ea3ng 2-3 n\u0103m \u0111\u1ec3 b\u1eaft \u0111\u1ea7u ra tr\u00e1i sau khi tr\u1ed3ng. Th\u1eddi gian t\u1eeb khi ra hoa \u0111\u1ebfn khi thu ho\u1ea1ch th\u01b0\u1eddng k\u00e9o d\u00e0i 4 th\u00e1ng, t\u00f9y thu\u1ed9c v\u00e0o \u0111i\u1ec1u ki\u1ec7n th\u1eddi ti\u1ebft v\u00e0 ch\u0103m s\u00f3c c\u1ee7a c\u00e2y.<\/p>\n<figure id=\"attachment_1649\" aria-describedby=\"caption-attachment-1649\" style=\"width: 500px\" class=\"wp-caption aligncenter\"><img loading=\"lazy\" decoding=\"async\" class=\"wp-image-1649\" src=\"http:\/\/localhost\/phucan713\/wp-content\/uploads\/2024\/05\/330847340_482097267290287_8600225748175338776_n-300x300.jpg\" alt=\"C\u00e2y xo\u00e0i th\u00e1i \u0111\u1ed9 thu ho\u1ea1ch\" width=\"500\" height=\"500\" \/><figcaption id=\"caption-attachment-1649\" class=\"wp-caption-text\">C\u00e2y xo\u00e0i th\u00e1i \u0111\u1ed9 thu ho\u1ea1ch<\/figcaption><\/figure>\n<h2>N\u0103ng su\u1ea5t gi\u1ed1ng xo\u00e0i Th\u00e1i<\/h2>\n<p>\u0110\u01b0\u1ee3c bi\u1ebft \u0111\u1ebfn v\u1edbi kh\u1ea3 n\u0103ng ch\u1ecbu nhi\u1ec7t v\u00e0 \u0111\u1eadu tr\u00e1i cao,\u00a0c\u00e2y xo\u00e0i Th\u00e1i 5 tu\u1ed5i th\u01b0\u1eddng mang l\u1ea1i n\u0103ng su\u1ea5t kho\u1ea3ng 60-70kg tr\u00e1i m\u1ed7i c\u00e2y, t\u1ea1o \u0111i\u1ec1u ki\u1ec7n thu nh\u1eadp \u1ed5n \u0111\u1ecbnh cho n\u00f4ng d\u00e2n.<\/p>\n<figure id=\"attachment_1650\" aria-describedby=\"caption-attachment-1650\" style=\"width: 323px\" class=\"wp-caption aligncenter\"><img loading=\"lazy\" decoding=\"async\" class=\"wp-image-1650\" src=\"http:\/\/localhost\/phucan713\/wp-content\/uploads\/2024\/05\/354465928_1488630978539377_5181354012995177563_n-194x300.jpg\" alt=\"Thu ho\u1ea1ch xo\u00e0i th\u00e1i - Ph\u00fac An\" width=\"323\" height=\"500\" \/><figcaption id=\"caption-attachment-1650\" class=\"wp-caption-text\">Thu ho\u1ea1ch xo\u00e0i th\u00e1i &#8211; Ph\u00fac An<\/figcaption><\/figure>\n<h2>\u0110i\u1ec1u ki\u1ec7n kh\u00ed h\u1eadu v\u00e0 \u0111\u1ea5t tr\u1ed3ng<\/h2>\n<p>Xo\u00e0i Th\u00e1i th\u00edch nhi\u1ec7t \u0111\u1edbi v\u00e0 c\u1ea7n \u00e1nh s\u00e1ng m\u1eb7t tr\u1eddi \u0111\u1ea7y \u0111\u1ee7. \u0110\u1ea5t tr\u1ed3ng c\u1ea7n ph\u1ea3i th\u00f4ng tho\u00e1ng, gi\u00e0u ch\u1ea5t h\u1eefu c\u01a1 v\u00e0 c\u00f3 kh\u1ea3 n\u0103ng tho\u00e1t n\u01b0\u1edbc t\u1ed1t \u0111\u1ec3 \u0111\u1ea3m b\u1ea3o s\u1ef1 ph\u00e1t tri\u1ec3n t\u1ed1t nh\u1ea5t cho c\u00e2y.<\/p>\n<h2>Kho\u1ea3ng c\u00e1ch tr\u1ed3ng<\/h2>\n<p>Kho\u1ea3ng c\u00e1ch tr\u1ed3ng c\u00e2y xo\u00e0i Th\u00e1i n\u00ean l\u00e0 kho\u1ea3ng 7\u00a0m\u00e9t gi\u1eefa c\u00e1c c\u00e2y \u0111\u1ec3 \u0111\u1ea3m b\u1ea3o s\u1ef1 ph\u00e1t tri\u1ec3n v\u00e0 ph\u00e1t tri\u1ec3n t\u1ed1i \u01b0u c\u1ee7a c\u00e2y.<\/p>\n<h2>L\u01b0u \u00fd k\u1ef9 thu\u1eadt tr\u1ed3ng v\u00e0 ch\u0103m s\u00f3c<\/h2>\n<p>Ch\u1ecdn v\u1ecb tr\u00ed c\u00f3 \u00e1nh s\u00e1ng m\u1eb7t tr\u1eddi \u0111\u1ea7y \u0111\u1ee7 v\u00e0 \u0111\u1ea5t gi\u00e0u ch\u1ea5t dinh d\u01b0\u1ee1ng.<\/p>\n<p>Ch\u0103m s\u00f3c c\u00e2y \u0111\u00fang c\u00e1ch b\u1eb1ng c\u00e1ch t\u01b0\u1edbi n\u01b0\u1edbc \u0111\u1ec1u \u0111\u1eb7n, b\u00f3n ph\u00e2n h\u1eefu c\u01a1 v\u00e0 ki\u1ec3m tra s\u00e2u b\u1ec7nh th\u01b0\u1eddng xuy\u00ean.<\/p>\n<p>Khi tr\u00e1i ch\u00edn, thu ho\u1ea1ch b\u1eb1ng c\u00e1ch c\u1eaft t\u1eeb g\u1ed1c c\u00e2y v\u00e0 \u0111\u1ec3 tr\u00e1i ch\u00edn t\u1ef1 nhi\u00ean.<\/p>\n<h2>Gi\u00e1 c\u00e2y gi\u1ed1ng xo\u00e0i th\u00e1i<\/h2>\n<p>Gi\u00e1 c\u00e2y gi\u1ed1ng xo\u00e0i th\u00e1i\u00a0t\u1ea1i v\u01b0\u1eddn Ph\u00fac\u00a0An dao \u0111\u1ed9ng t\u1eeb 28.000 &#8211; 40.000\/ c\u00e2y. T\u00f9y theo l\u00f4 c\u00e2y, s\u1ed1 l\u01b0\u1ee3ng \u0111\u1eb7t s\u1ebd c\u00f3 m\u1ee9c gi\u00e1 kh\u00e1c nhau. Ch\u00fang t\u00f4i cam k\u1ebft lu\u00f4n gi\u1eef m\u1ee9c gi\u00e1 m\u1ec1m v\u1eeba t\u00fai ti\u1ec1n \u0111\u1ec3 m\u1ecdi kh\u00e1ch h\u00e0ng \u0111\u1ec1u c\u00f3 th\u1ec3 ch\u1ecdn mua nh\u1eefng c\u00e2y gi\u1ed1ng th\u1eadt t\u1ed1t cho khu v\u01b0\u1eddn c\u1ee7a m\u00ecnh.<\/p>\n<figure id=\"attachment_1651\" aria-describedby=\"caption-attachment-1651\" style=\"width: 375px\" class=\"wp-caption aligncenter\"><img loading=\"lazy\" decoding=\"async\" class=\"wp-image-1651\" src=\"http:\/\/localhost\/phucan713\/wp-content\/uploads\/2024\/05\/427430760_4404366403122086_6963093233875409999_n-225x300.jpg\" alt=\"C\u00e2y gi\u1ed1ng xo\u00e0i th\u00e1i - Ph\u00fac An\" width=\"375\" height=\"500\" \/><figcaption id=\"caption-attachment-1651\" class=\"wp-caption-text\">C\u00e2y gi\u1ed1ng xo\u00e0i th\u00e1i &#8211; Ph\u00fac An<\/figcaption><\/figure>\n<h2>Mua c\u00e2y gi\u1ed1ng xo\u00e0i th\u00e1i\u00a0\u1edf \u0111\u00e2u ch\u1ea5t l\u01b0\u1ee3ng?<\/h2>\n<p>C\u00e2y gi\u1ed1ng Ph\u00fac An cung c\u1ea5p c\u00e2y gi\u1ed1ng xo\u00e0i th\u00e1i ch\u1ea5t l\u01b0\u1ee3ng, \u0111\u01b0\u1ee3c b\u1ea3o h\u00e0nh \u0111\u00fang gi\u1ed1ng cho t\u1edbi khi c\u00f3 tr\u00e1i. V\u01b0\u1eddn nh\u00e2n gi\u1ed1ng c\u1ee7a Ph\u00fac An \u0111\u01b0\u1ee3c ch\u1ecdn l\u1ef1a k\u1ef9 l\u01b0\u1ee1ng, l\u00e0 v\u01b0\u1eddn \u0111\u00e3 cho tr\u00e1i chu\u1ea9n v\u00e0 \u1ed5n \u0111\u1ecbnh. C\u00e0nh gh\u00e9p \u0111\u01b0\u1ee3c tuy\u1ec3n ch\u1ecdn kh\u1ecfe m\u1ea1nh xanh t\u1ed1t.<\/p>\n<figure id=\"attachment_1652\" aria-describedby=\"caption-attachment-1652\" style=\"width: 375px\" class=\"wp-caption aligncenter\"><img loading=\"lazy\" decoding=\"async\" class=\"wp-image-1652\" src=\"http:\/\/localhost\/phucan713\/wp-content\/uploads\/2024\/05\/441488552_2170638456615111_232803966096147620_n-225x300.jpg\" alt=\"C\u00e2y gi\u1ed1ng xo\u00e0i th\u00e1i - Ph\u00fac An\" width=\"375\" height=\"500\" \/><figcaption id=\"caption-attachment-1652\" class=\"wp-caption-text\">C\u00e2y gi\u1ed1ng xo\u00e0i th\u00e1i &#8211; Ph\u00fac An<\/figcaption><\/figure>\n<p>Ti\u00eau chu\u1ea9n C\u00e2y gi\u1ed1ng xo\u00e0i th\u00e1i\u00a0\u0111\u01b0\u1ee3c cung c\u1ea5p b\u1edfi v\u01b0\u1eddn Ph\u00fac\u00a0An:<\/p>\n<p>&#8211; Chi\u1ec1u cao c\u00e2y gi\u1ed1ng t\u1eeb 100cm-120cm<\/p>\n<p>&#8211; C\u00e2y nu\u00f4i b\u1ea7u, \u0111\u00e3 x\u1ea3 n\u1eafng.<\/p>\n<p>&#8211; R\u1ec5 ph\u00e1t tri\u1ec3n m\u1ea1nh, v\u1ebft gh\u00e9p ti\u1ebfp h\u1ee3p t\u1ed1t, b\u1ed9 l\u00e1 xanh t\u1ed1t d\u00e0y d\u1eb7n<\/p>\n<figure id=\"attachment_1653\" aria-describedby=\"caption-attachment-1653\" style=\"width: 447px\" class=\"wp-caption aligncenter\"><img loading=\"lazy\" decoding=\"async\" class=\"wp-image-1653\" src=\"http:\/\/localhost\/phucan713\/wp-content\/uploads\/2024\/05\/xoai-thai-1-268x300.jpg\" alt=\"C\u00e2y gi\u1ed1ng xo\u00e0i th\u00e1i - Ph\u00fac An\" width=\"447\" height=\"500\" \/><figcaption id=\"caption-attachment-1653\" class=\"wp-caption-text\">C\u00e2y gi\u1ed1ng xo\u00e0i th\u00e1i &#8211; Ph\u00fac An<\/figcaption><\/figure>\n<figure id=\"attachment_1811\" aria-describedby=\"caption-attachment-1811\" style=\"width: 375px\" class=\"wp-caption aligncenter\"><img loading=\"lazy\" decoding=\"async\" class=\"wp-image-1811\" src=\"http:\/\/localhost\/phucan713\/wp-content\/uploads\/2024\/04\/xoai-du-loai-225x300.jpg\" alt=\"C\u00e2y gi\u1ed1ng xo\u00e0i Ph\u00fac An cung c\u1ea5p\" width=\"375\" height=\"500\" \/><figcaption id=\"caption-attachment-1811\" class=\"wp-caption-text\">C\u00e2y gi\u1ed1ng xo\u00e0i Ph\u00fac An cung c\u1ea5p<\/figcaption><\/figure>\n<p>C\u00e2y tr\u1ea3i qua quy tr\u00ecnh nh\u00e2n gi\u1ed1ng, d\u01b0\u1ee1ng c\u00e2y con, x\u1ea3 n\u1eafng ho\u00e0n ch\u1ec9nh. \u0110\u1ebfn tay c\u00f4 b\u00e1c s\u1ebd l\u00e0 t\u1eebng c\u00e2y \u0111\u00e3 c\u1ee9ng c\u00e1p \u0111\u00e3 ra c\u01a1i ch\u1ed3i m\u1edbi.<br \/>\nQu\u00fd c\u00f4 b\u00e1c c\u00f3 th\u1ec3 li\u00ean h\u1ec7 tr\u1ef1c ti\u1ebfp qua SDT\/ Zalo 0962.888.014 (<a href=\"http:\/\/localhost\/phucan713\/\" target=\"_blank\" rel=\"noopener\">C\u00e2y Gi\u1ed1ng Ph\u00fac An<\/a>) \u0111\u1ec3 ch\u00fang t\u00f4i t\u01b0 v\u1ea5n v\u00e0 b\u00e1o gi\u00e1 c\u1ee5 th\u1ec3. Xin c\u1ea3m \u01a1n qu\u00fd c\u00f4 b\u00e1c \u0111\u00e3 \u0111\u1eb7t ni\u1ec1m tin v\u1edbi nh\u00e0 v\u01b0\u1eddn.<\/p>\n<p>&gt;&gt; M\u1eddi b\u1ea1n \u0111\u1ecdc th\u00eam: <a href=\"https:\/\/thanhnien.vn\/gia-xoai-viet-nam-chi-bang-mot-nua-xoai-thai-lan-khi-xuat-khau-sang-nhat-ban-18523043013552448.htm\" target=\"_blank\" rel=\"noopener\"><span style=\"color: #000080;\"><em><strong>Gi\u00e1 xo\u00e0i Vi\u1ec7t Nam ch\u1ec9 b\u1eb1ng m\u1ed9t n\u1eeda xo\u00e0i Th\u00e1i Lan khi xu\u1ea5t kh\u1ea9u sang Nh\u1eadt B\u1ea3n<\/strong><\/em><\/span><\/a><\/p>\n","protected":false},"excerpt":{"rendered":"<p>* Gi\u00e1 tham kh\u1ea3o cho s\u1ed1 l\u01b0\u1ee3ng t\u1eeb 30 c\u00e2y, c\u00f3 th\u1ec3 thay \u0111\u1ed5i theo th\u1eddi \u0111i\u1ec3m<br \/>\n* Ch\u01b0a bao g\u1ed3m ph\u00ed v\u1eadn chuy\u1ec3n (t\u00f9y theo s\u1ed1 l\u01b0\u1ee3ng c\u00e2y v\u00e0 \u0111\u1ecba \u0111i\u1ec3m giao h\u00e0ng)<\/p>\n","protected":false},"featured_media":1647,"comment_status":"closed","ping_status":"closed","template":"","meta":[],"product_brand":[],"product_cat":[35,107],"product_tag":[111],"class_list":{"0":"post-1646","1":"product","2":"type-product","3":"status-publish","4":"has-post-thumbnail","6":"product_cat-san-pham-giong-cay-an-trai","7":"product_cat-giong-xoai","8":"product_tag-giong-xoai-thai","10":"first","11":"instock","12":"shipping-taxable","13":"purchasable","14":"product-type-simple"},"_links":{"self":[{"href":"https:\/\/ktech4.k-tech-services.com\/phucan713\/wp-json\/wp\/v2\/product\/1646","targetHints":{"allow":["GET"]}}],"collection":[{"href":"https:\/\/ktech4.k-tech-services.com\/phucan713\/wp-json\/wp\/v2\/product"}],"about":[{"href":"https:\/\/ktech4.k-tech-services.com\/phucan713\/wp-json\/wp\/v2\/types\/product"}],"replies":[{"embeddable":true,"href":"https:\/\/ktech4.k-tech-services.com\/phucan713\/wp-json\/wp\/v2\/comments?post=1646"}],"wp:featuredmedia":[{"embeddable":true,"href":"https:\/\/ktech4.k-tech-services.com\/phucan713\/wp-json\/"}],"wp:attachment":[{"href":"https:\/\/ktech4.k-tech-services.com\/phucan713\/wp-json\/wp\/v2\/media?parent=1646"}],"wp:term":[{"taxonomy":"product_brand","embeddable":true,"href":"https:\/\/ktech4.k-tech-services.com\/phucan713\/wp-json\/wp\/v2\/product_brand?post=1646"},{"taxonomy":"product_cat","embeddable":true,"href":"https:\/\/ktech4.k-tech-services.com\/phucan713\/wp-json\/wp\/v2\/product_cat?post=1646"},{"taxonomy":"product_tag","embeddable":true,"href":"https:\/\/ktech4.k-tech-services.com\/phucan713\/wp-json\/wp\/v2\/product_tag?post=1646"}],"curies":[{"name":"wp","href":"https:\/\/api.w.org\/{rel}","templated":true}]}}