{"id":1690,"date":"2024-05-13T03:20:28","date_gmt":"2024-05-13T03:20:28","guid":{"rendered":"https:\/\/caygiongphucan.com\/?post_type=product&amp;p=1690"},"modified":"2024-05-13T03:20:28","modified_gmt":"2024-05-13T03:20:28","slug":"cay-giong-xoai-dai-loan","status":"publish","type":"product","link":"https:\/\/ktech4.k-tech-services.com\/phucan713\/san-pham\/cay-giong-xoai-dai-loan\/","title":{"rendered":"C\u00e2y gi\u1ed1ng xo\u00e0i \u0111\u00e0i loan"},"content":{"rendered":"<p>Xo\u00e0i \u0110\u00e0i Loan l\u00e0 m\u1ed9t trong nh\u1eefng gi\u1ed1ng xo\u00e0i ph\u1ed5 bi\u1ebfn nh\u1ea5t hi\u1ec7n nay, \u0111\u01b0\u1ee3c \u01b0a chu\u1ed9ng b\u1edfi h\u01b0\u01a1ng v\u1ecb th\u01a1m ngon, ng\u1ecdt ng\u00e0o, c\u00f9ng n\u0103ng su\u1ea5t cao v\u00e0 kh\u1ea3 n\u0103ng th\u00edch nghi t\u1ed1t v\u1edbi nhi\u1ec1u \u0111i\u1ec1u ki\u1ec7n kh\u00ed h\u1eadu.<\/p>\n<p>B\u00e0i vi\u1ebft n\u00e0y s\u1ebd cung c\u1ea5p cho b\u1ea1n nh\u1eefng th\u00f4ng tin chi ti\u1ebft v\u1ec1 gi\u1ed1ng xo\u00e0i \u0110\u00e0i Loan, t\u1eeb ngu\u1ed3n g\u1ed1c, \u0111\u1eb7c \u0111i\u1ec3m, k\u1ef9 thu\u1eadt tr\u1ed3ng \u0111\u1ebfn c\u00e1ch ch\u0103m s\u00f3c, gi\u00fap b\u1ea1n \u0111\u01b0a ra quy\u1ebft \u0111\u1ecbnh s\u00e1ng su\u1ed1t khi mua gi\u1ed1ng v\u00e0 tr\u1ed3ng lo\u1ea1i c\u00e2y \u0103n qu\u1ea3 n\u00e0y.<\/p>\n<h2>Ngu\u1ed3n g\u1ed1c v\u00e0 \u0111\u1eb7c \u0111i\u1ec3m c\u00e2y xo\u00e0i \u0110\u00e0i Loan<\/h2>\n<figure id=\"attachment_1692\" aria-describedby=\"caption-attachment-1692\" style=\"width: 500px\" class=\"wp-caption aligncenter\"><img loading=\"lazy\" decoding=\"async\" class=\"wp-image-1692\" src=\"http:\/\/localhost\/phucan713\/wp-content\/uploads\/2024\/05\/262036613_1473458653025920_6022024848990143779_n-300x300.jpg\" alt=\"Tr\u00e1i xo\u00e0i \u0111\u00e0i loan si\u00eau to\" width=\"500\" height=\"500\" \/><figcaption id=\"caption-attachment-1692\" class=\"wp-caption-text\">Tr\u00e1i xo\u00e0i \u0111\u00e0i loan si\u00eau to<\/figcaption><\/figure>\n<p>C\u00e2y xo\u00e0i \u0110\u00e0i Loan c\u00f3 ngu\u1ed3n g\u1ed1c t\u1eeb \u0110\u00e0i Loan, \u0111\u01b0\u1ee3c du nh\u1eadp v\u00e0o Vi\u1ec7t Nam t\u1eeb nh\u1eefng n\u0103m 1990 v\u00e0 nhanh ch\u00f3ng tr\u1edf th\u00e0nh gi\u1ed1ng xo\u00e0i ch\u1ee7 l\u1ef1c c\u1ee7a nhi\u1ec1u t\u1ec9nh th\u00e0nh. C\u00e2y xo\u00e0i \u0110\u00e0i Loan c\u00f3 \u0111\u1eb7c \u0111i\u1ec3m sinh tr\u01b0\u1edfng kh\u1ecfe m\u1ea1nh, t\u00e1n r\u1ed9ng, cao trung b\u00ecnh t\u1eeb 4 &#8211; 6m. L\u00e1 xo\u00e0i d\u00e0i, m\u00e0u xanh \u0111\u1eadm, b\u00f3ng m\u01b0\u1ee3t. Hoa xo\u00e0i \u0110\u00e0i Loan m\u00e0u v\u00e0ng nh\u1ea1t, n\u1edf th\u00e0nh ch\u00f9m l\u1edbn.<\/p>\n<figure id=\"attachment_1693\" aria-describedby=\"caption-attachment-1693\" style=\"width: 375px\" class=\"wp-caption aligncenter\"><img loading=\"lazy\" decoding=\"async\" class=\"wp-image-1693\" src=\"http:\/\/localhost\/phucan713\/wp-content\/uploads\/2024\/05\/87519316_479038102981077_3700003356433973248_n-225x300.jpg\" alt=\"C\u00e2y xo\u00e0i \u0110\u00e0i Loan tr\u01b0\u1edfng th\u00e0nh\" width=\"375\" height=\"500\" \/><figcaption id=\"caption-attachment-1693\" class=\"wp-caption-text\">C\u00e2y xo\u00e0i \u0110\u00e0i Loan tr\u01b0\u1edfng th\u00e0nh<\/figcaption><\/figure>\n<h2>\u0110\u1eb7c \u0111i\u1ec3m tr\u00e1i xo\u00e0i \u0110\u00e0i Loan<\/h2>\n<figure id=\"attachment_1694\" aria-describedby=\"caption-attachment-1694\" style=\"width: 375px\" class=\"wp-caption aligncenter\"><img loading=\"lazy\" decoding=\"async\" class=\"wp-image-1694\" src=\"http:\/\/localhost\/phucan713\/wp-content\/uploads\/2024\/05\/262348242_1473460626359056_8439346832807476377_n-225x300.jpg\" alt=\"B\u00ean trong tr\u00e1i xo\u00e0i \u0110\u00e0i Loan\" width=\"375\" height=\"500\" \/><figcaption id=\"caption-attachment-1694\" class=\"wp-caption-text\">B\u00ean trong tr\u00e1i xo\u00e0i \u0110\u00e0i Loan<\/figcaption><\/figure>\n<p>Tr\u00e1i xo\u00e0i \u0110\u00e0i Loan c\u00f3 h\u00ecnh b\u1ea7u d\u1ee5c, v\u1ecf m\u1ecfng, nh\u1eb5n b\u00f3ng, khi ch\u00edn chuy\u1ec3n sang m\u00e0u v\u00e0ng \u01b0\u01a1m \u0111\u1eb9p m\u1eaft. Th\u1ecbt xo\u00e0i d\u00e0y, m\u00e0u v\u00e0ng cam, \u00edt x\u01a1, v\u1ecb ng\u1ecdt thanh v\u00e0 c\u00f3 h\u01b0\u01a1ng th\u01a1m \u0111\u1eb7c tr\u01b0ng. Tr\u00e1i xo\u00e0i \u0110\u00e0i Loan c\u00f3 tr\u1ecdng l\u01b0\u1ee3ng trung b\u00ecnh t\u1eeb 1 &#8211; 1.5kg, c\u00f3 th\u1ec3 \u0111\u1ea1t t\u1edbi 2kg n\u1ebfu \u0111\u01b0\u1ee3c ch\u0103m s\u00f3c t\u1ed1t.<\/p>\n<h2>Gi\u1ed1ng xo\u00e0i \u0110\u00e0i Loan tr\u1ed3ng bao l\u00e2u c\u00f3 tr\u00e1i?<\/h2>\n<p>C\u00e2y xo\u00e0i \u0110\u00e0i Loan c\u00f3 th\u1ec3 cho tr\u00e1i sau 2 &#8211; 3 n\u0103m tr\u1ed3ng. Tuy nhi\u00ean, \u0111\u1ec3 \u0111\u1ea1t n\u0103ng su\u1ea5t cao, c\u1ea7n ph\u1ea3i ch\u0103m s\u00f3c c\u00e2y \u0111\u00fang k\u1ef9 thu\u1eadt.<\/p>\n<figure id=\"attachment_1698\" aria-describedby=\"caption-attachment-1698\" style=\"width: 374px\" class=\"wp-caption aligncenter\"><img loading=\"lazy\" decoding=\"async\" class=\"wp-image-1698\" src=\"http:\/\/localhost\/phucan713\/wp-content\/uploads\/2024\/05\/149366132_1571299669733815_315478364031501759_n-224x300.jpg\" alt=\"C\u00e2y xo\u00e0i \u0110\u00e0i Loan cho tr\u00e1i sau 2 - 3 n\u0103m tr\u1ed3ng\" width=\"374\" height=\"500\" \/><figcaption id=\"caption-attachment-1698\" class=\"wp-caption-text\">C\u00e2y xo\u00e0i \u0110\u00e0i Loan cho tr\u00e1i sau 2 &#8211; 3 n\u0103m tr\u1ed3ng<\/figcaption><\/figure>\n<h2>Th\u1eddi gian ra hoa \u0111\u1ebfn khi thu ho\u1ea1ch kho\u1ea3ng bao l\u00e2u?<\/h2>\n<p>T\u1eeb khi ra hoa \u0111\u1ebfn khi thu ho\u1ea1ch xo\u00e0i \u0110\u00e0i Loan m\u1ea5t kho\u1ea3ng 4 &#8211; 5 th\u00e1ng.<\/p>\n<h2>N\u0103ng su\u1ea5t gi\u1ed1ng xo\u00e0i \u0110\u00e0i Loan<\/h2>\n<p>N\u0103ng su\u1ea5t xo\u00e0i \u0110\u00e0i Loan t\u01b0\u01a1ng \u0111\u1ed1i cao, trung b\u00ecnh t\u1eeb 20 &#8211; 30 t\u1ea5n\/ha\/n\u0103m. V\u1edbi k\u1ef9 thu\u1eadt ch\u0103m s\u00f3c t\u1ed1t, n\u0103ng su\u1ea5t c\u00f3 th\u1ec3 \u0111\u1ea1t t\u1edbi 40 t\u1ea5n\/ha\/n\u0103m.<\/p>\n<figure id=\"attachment_1696\" aria-describedby=\"caption-attachment-1696\" style=\"width: 500px\" class=\"wp-caption aligncenter\"><img loading=\"lazy\" decoding=\"async\" class=\"wp-image-1696\" src=\"http:\/\/localhost\/phucan713\/wp-content\/uploads\/2024\/05\/356415966_1495482091192959_1188033391778444818_n-300x225.jpg\" alt=\"Thu ho\u1ea1ch xo\u00e0i\" width=\"500\" height=\"375\" \/><figcaption id=\"caption-attachment-1696\" class=\"wp-caption-text\">Thu ho\u1ea1ch xo\u00e0i<\/figcaption><\/figure>\n<h2>Kh\u00ed h\u1eadu v\u00e0 \u0111\u1ea5t tr\u1ed3ng th\u00edch h\u1ee3p v\u1edbi gi\u1ed1ng xo\u00e0i \u0110\u00e0i Loan<\/h2>\n<p>C\u00e2y xo\u00e0i \u0110\u00e0i Loan th\u00edch h\u1ee3p v\u1edbi kh\u00ed h\u1eadu nhi\u1ec7t \u0111\u1edbi gi\u00f3 m\u00f9a, c\u00f3 l\u01b0\u1ee3ng m\u01b0a d\u1ed3i d\u00e0o v\u00e0 ph\u00e2n b\u1ed1 \u0111\u1ec1u. C\u00e2y c\u00f3 th\u1ec3 tr\u1ed3ng \u0111\u01b0\u1ee3c tr\u00ean nhi\u1ec1u lo\u1ea1i \u0111\u1ea5t, nh\u01b0ng t\u1ed1t nh\u1ea5t l\u00e0 \u0111\u1ea5t t\u01a1i x\u1ed1p, gi\u00e0u dinh d\u01b0\u1ee1ng v\u00e0 tho\u00e1t n\u01b0\u1edbc t\u1ed1t.<\/p>\n<h2>Kho\u1ea3ng c\u00e1ch tr\u1ed3ng xo\u00e0i \u0110\u00e0i Loan<\/h2>\n<p>Kho\u1ea3ng c\u00e1ch tr\u1ed3ng xo\u00e0i \u0110\u00e0i Loan th\u00f4ng th\u01b0\u1eddng l\u00e0 7 &#8211; 8m gi\u1eefa c\u00e1c c\u00e2y v\u00e0 8 &#8211; 10m gi\u1eefa c\u00e1c h\u00e0ng.<\/p>\n<h2>K\u1ef9 thu\u1eadt tr\u1ed3ng xo\u00e0i \u0110\u00e0i Loan<\/h2>\n<ol>\n<li>\n<h3>Chu\u1ea9n b\u1ecb gi\u1ed1ng<\/h3>\n<\/li>\n<\/ol>\n<p>Ch\u1ecdn mua gi\u1ed1ng xo\u00e0i \u0110\u00e0i Loan t\u1ea1i c\u00e1c v\u01b0\u1eddn \u01b0\u01a1m\u00a0uy t\u00edn. N\u00ean ch\u1ecdn c\u00e2y gi\u1ed1ng kh\u1ecfe m\u1ea1nh, kh\u00f4ng s\u00e2u b\u1ec7nh, c\u00f3 chi\u1ec1u cao t\u1eeb 60cm tr\u1edf l\u00ean\u00a0v\u00e0 \u0111\u01b0\u1eddng k\u00ednh g\u1ed1c t\u1eeb 1cm-2cm<\/p>\n<ol start=\"2\">\n<li>\n<h3>Chu\u1ea9n b\u1ecb \u0111\u1ea5t tr\u1ed3ng<\/h3>\n<\/li>\n<\/ol>\n<p>C\u00e0y b\u1eeba \u0111\u1ea5t k\u1ef9, d\u1ecdn s\u1ea1ch c\u1ecf d\u1ea1i v\u00e0 t\u00e0n d\u01b0 th\u1ef1c v\u1eadt. B\u00f3n l\u00f3t b\u1eb1ng ph\u00e2n chu\u1ed3ng hoai m\u1ee5c ho\u1eb7c ph\u00e2n h\u1eefu c\u01a1 vi sinh, x\u1eed l\u00fd n\u1ea5m b\u1ec7nh, tuy\u1ebfn tr\u00f9ng trong \u0111\u1ea5t b\u1eb1ng ch\u1ebf ph\u1ea9m sinh h\u1ecdc \u0111\u1ec3 b\u1ea3o v\u1ec7 c\u00e2y con.<\/p>\n<ol start=\"3\">\n<li>\n<h3>Tr\u1ed3ng c\u00e2y<\/h3>\n<\/li>\n<\/ol>\n<p>\u0110\u00e0o h\u1ed1 tr\u1ed3ng s\u00e2u kho\u1ea3ng 60cm v\u00e0 r\u1ed9ng 60cm. \u0110\u1eb7t c\u00e2y gi\u1ed1ng v\u00e0o h\u1ed1, l\u1ea5p \u0111\u1ea5t xung quanh v\u00e0 n\u00e9n ch\u1eb7t g\u1ed1c c\u00e2y. T\u01b0\u1edbi n\u01b0\u1edbc cho c\u00e2y ngay sau khi tr\u1ed3ng.<\/p>\n<ol start=\"4\">\n<li>\n<h3>Ch\u0103m s\u00f3c<\/h3>\n<\/li>\n<\/ol>\n<p>* T\u01b0\u1edbi n\u01b0\u1edbc cho c\u00e2y th\u01b0\u1eddng xuy\u00ean, \u0111\u1eb7c bi\u1ec7t l\u00e0 trong giai \u0111o\u1ea1n \u0111\u1ea7u sau khi tr\u1ed3ng.<\/p>\n<p>* B\u00f3n ph\u00e2n \u0111\u1ecbnh k\u1ef3 cho c\u00e2y, s\u1eed d\u1ee5ng ph\u00e2n b\u00f3n h\u1eefu c\u01a1 ho\u1eb7c ph\u00e2n b\u00f3n NPK theo h\u01b0\u1edbng d\u1eabn c\u1ee7a nh\u00e0 s\u1ea3n xu\u1ea5t.<\/p>\n<p>* C\u1eaft t\u1ec9a c\u00e0nh t\u1ea1o t\u00e1n cho c\u00e2y \u0111\u1ec3 c\u00e2y ph\u00e1t tri\u1ec3n c\u00e2n \u0111\u1ed1i v\u00e0 ra hoa k\u1ebft tr\u00e1i t\u1ed1t.<\/p>\n<p>* Ph\u00f2ng tr\u1eeb s\u00e2u b\u1ec7nh cho c\u00e2y k\u1ecbp th\u1eddi.<\/p>\n<h2>Gi\u00e1 c\u00e2y gi\u1ed1ng \u00a0xo\u00e0i \u0110\u00e0i Loan<\/h2>\n<p>Gi\u00e1 c\u00e2y gi\u1ed1ng xo\u00e0i \u0110\u00e0i Loan t\u1ea1i v\u01b0\u1eddn Ph\u00fac An dao \u0111\u1ed9ng t\u1eeb 28.000 &#8211; 40.000\/ c\u00e2y. T\u00f9y theo l\u00f4 c\u00e2y, s\u1ed1 l\u01b0\u1ee3ng \u0111\u1eb7t s\u1ebd c\u00f3 m\u1ee9c gi\u00e1 kh\u00e1c nhau. Ch\u00fang t\u00f4i cam k\u1ebft lu\u00f4n gi\u1eef m\u1ee9c gi\u00e1 m\u1ec1m v\u1eeba t\u00fai ti\u1ec1n \u0111\u1ec3 m\u1ecdi kh\u00e1ch h\u00e0ng \u0111\u1ec1u c\u00f3 th\u1ec3 ch\u1ecdn mua nh\u1eefng c\u00e2y gi\u1ed1ng th\u1eadt t\u1ed1t cho khu v\u01b0\u1eddn c\u1ee7a m\u00ecnh.<\/p>\n<figure id=\"attachment_1697\" aria-describedby=\"caption-attachment-1697\" style=\"width: 460px\" class=\"wp-caption aligncenter\"><img loading=\"lazy\" decoding=\"async\" class=\"wp-image-1697\" src=\"http:\/\/localhost\/phucan713\/wp-content\/uploads\/2024\/05\/423313474_4371065903119041_5838147238027805790_n-276x300.jpg\" alt=\"C\u00e2y gi\u1ed1ng xo\u00e0i \u0110\u00e0i Loan t\u1ea1i Ph\u00fac An\" width=\"460\" height=\"500\" \/><figcaption id=\"caption-attachment-1697\" class=\"wp-caption-text\">C\u00e2y gi\u1ed1ng xo\u00e0i \u0110\u00e0i Loan t\u1ea1i Ph\u00fac An<\/figcaption><\/figure>\n<h2>Mua c\u00e2y gi\u1ed1ng xo\u00e0i \u0111\u00e0i loan \u1edf \u0111\u00e2u ch\u1ea5t l\u01b0\u1ee3ng?<\/h2>\n<p>C\u00e2y gi\u1ed1ng Ph\u00fac An cung c\u1ea5p c\u00e2y gi\u1ed1ng xo\u00e0i \u0110\u00e0i Loan ch\u1ea5t l\u01b0\u1ee3ng, \u0111\u01b0\u1ee3c b\u1ea3o h\u00e0nh \u0111\u00fang gi\u1ed1ng cho t\u1edbi khi c\u00f3 tr\u00e1i. V\u01b0\u1eddn nh\u00e2n gi\u1ed1ng c\u1ee7a Phth\u00e1i An \u0111\u01b0\u1ee3c ch\u1ecdn l\u1ef1a k\u1ef9 l\u01b0\u1ee1ng, l\u00e0 v\u01b0\u1eddn \u0111\u00e3 cho tr\u00e1i chu\u1ea9n v\u00e0 \u1ed5n \u0111\u1ecbnh. C\u00e0nh gh\u00e9p \u0111\u01b0\u1ee3c tuy\u1ec3n ch\u1ecdn kh\u1ecfe m\u1ea1nh xanh t\u1ed1t.<\/p>\n<figure id=\"attachment_1699\" aria-describedby=\"caption-attachment-1699\" style=\"width: 375px\" class=\"wp-caption aligncenter\"><img loading=\"lazy\" decoding=\"async\" class=\"wp-image-1699\" src=\"http:\/\/localhost\/phucan713\/wp-content\/uploads\/2024\/05\/426389207_899853325159511_8846084232644996025_n-225x300.jpg\" alt=\"C\u00e2y gi\u1ed1ng xo\u00e0i \u0110\u00e0i Loan - Ph\u00fac An\" width=\"375\" height=\"500\" \/><figcaption id=\"caption-attachment-1699\" class=\"wp-caption-text\">C\u00e2y gi\u1ed1ng xo\u00e0i \u0110\u00e0i Loan &#8211; Ph\u00fac An<\/figcaption><\/figure>\n<p>Ti\u00eau chu\u1ea9n C\u00e2y gi\u1ed1ng xo\u00e0i \u0110\u00e0i Loan \u0111\u01b0\u1ee3c cung c\u1ea5p b\u1edfi v\u01b0\u1eddn Ph\u00fac An:<\/p>\n<p>&#8211; Chi\u1ec1u cao c\u00e2y gi\u1ed1ng t\u1eeb 100cm-120cm<\/p>\n<p>&#8211; C\u00e2y nu\u00f4i b\u1ea7u, \u0111\u00e3 x\u1ea3 n\u1eafng.<\/p>\n<p>&#8211; R\u1ec5 ph\u00e1t tri\u1ec3n m\u1ea1nh, v\u1ebft gh\u00e9p ti\u1ebfp h\u1ee3p t\u1ed1t, b\u1ed9 l\u00e1 xanh t\u1ed1t d\u00e0y d\u1eb7n<\/p>\n<figure id=\"attachment_1700\" aria-describedby=\"caption-attachment-1700\" style=\"width: 375px\" class=\"wp-caption aligncenter\"><img loading=\"lazy\" decoding=\"async\" class=\"wp-image-1700\" src=\"http:\/\/localhost\/phucan713\/wp-content\/uploads\/2024\/05\/439993294_1238419793794353_6238819050975511453_n-225x300.jpg\" alt=\"C\u00e2y gi\u1ed1ng xo\u00e0i \u0110\u00e0i Loan - Ph\u00fac An\" width=\"375\" height=\"500\" \/><figcaption id=\"caption-attachment-1700\" class=\"wp-caption-text\">C\u00e2y gi\u1ed1ng xo\u00e0i \u0110\u00e0i Loan &#8211; Ph\u00fac An<\/figcaption><\/figure>\n<h2>K\u1ebft lu\u1eadn<\/h2>\n<p>Xo\u00e0i \u0110\u00e0i Loan l\u00e0 m\u1ed9t gi\u1ed1ng xo\u00e0i d\u1ec5 tr\u1ed3ng, n\u0103ng su\u1ea5t cao v\u00e0 cho qu\u1ea3 ngon. V\u1edbi nh\u1eefng th\u00f4ng tin chi ti\u1ebft \u0111\u01b0\u1ee3c cung c\u1ea5p trong b\u00e0i vi\u1ebft n\u00e0y, hy v\u1ecdng b\u1ea1n s\u1ebd c\u00f3 th\u00eam ki\u1ebfn th\u1ee9c \u0111\u1ec3 l\u1ef1a ch\u1ecdn mua gi\u1ed1ng xo\u00e0i \u0110\u00e0i Loan ph\u00f9 h\u1ee3p v\u00e0 tr\u1ed3ng th\u00e0nh c\u00f4ng lo\u1ea1i c\u00e2y \u0103n qu\u1ea3 n\u00e0y.<\/p>\n<p>C\u00e2y tr\u1ea3i qua quy tr\u00ecnh nh\u00e2n gi\u1ed1ng, d\u01b0\u1ee1ng c\u00e2y con, x\u1ea3 n\u1eafng ho\u00e0n ch\u1ec9nh. \u0110\u1ebfn tay c\u00f4 b\u00e1c s\u1ebd l\u00e0 t\u1eebng c\u00e2y \u0111\u00e3 c\u1ee9ng c\u00e1p \u0111\u00e3 ra c\u01a1i ch\u1ed3i m\u1edbi.<br \/>\nQu\u00fd c\u00f4 b\u00e1c c\u00f3 th\u1ec3 li\u00ean h\u1ec7 tr\u1ef1c ti\u1ebfp qua SDT\/ Zalo 0962.888.014 (<a href=\"http:\/\/localhost\/phucan713\/\" target=\"_blank\" rel=\"noopener\">C\u00e2y Gi\u1ed1ng Ph\u00fac An<\/a>) \u0111\u1ec3 ch\u00fang t\u00f4i t\u01b0 v\u1ea5n v\u00e0 b\u00e1o gi\u00e1 c\u1ee5 th\u1ec3. Xin c\u1ea3m \u01a1n qu\u00fd c\u00f4 b\u00e1c \u0111\u00e3 \u0111\u1eb7t ni\u1ec1m tin v\u1edbi nh\u00e0 v\u01b0\u1eddn.<\/p>\n<p>&gt;&gt; M\u1eddi b\u1ea1n \u0111\u1ecdc th\u00eam: <a href=\"https:\/\/vietnambiz.vn\/no-ro-phong-trao-trong-xoai-dai-loan-o-dbscl-thu-500-trieu-dongha-nam-56004.htm\" target=\"_blank\" rel=\"noopener\"><span style=\"color: #000080;\"><em><strong>N\u1edf r\u1ed9 ph\u00f2ng tr\u00e0o tr\u1ed3ng xo\u00e0i \u0110\u00e0i Loan \u1edf \u0110BSCL, thu 500 tri\u1ec7u \u0111\u1ed3ng\/ha, n\u0103m<\/strong><\/em><\/span><\/a><\/p>\n","protected":false},"excerpt":{"rendered":"<p>* Gi\u00e1 tham kh\u1ea3o cho s\u1ed1 l\u01b0\u1ee3ng t\u1eeb 30 c\u00e2y, c\u00f3 th\u1ec3 thay \u0111\u1ed5i theo th\u1eddi \u0111i\u1ec3m<br \/>\n* Ch\u01b0a bao g\u1ed3m ph\u00ed v\u1eadn chuy\u1ec3n (t\u00f9y theo s\u1ed1 l\u01b0\u1ee3ng c\u00e2y v\u00e0 \u0111\u1ecba \u0111i\u1ec3m giao h\u00e0ng)<\/p>\n","protected":false},"featured_media":1697,"comment_status":"closed","ping_status":"closed","template":"","meta":[],"product_brand":[],"product_cat":[35,107],"product_tag":[110],"class_list":{"0":"post-1690","1":"product","2":"type-product","3":"status-publish","4":"has-post-thumbnail","6":"product_cat-san-pham-giong-cay-an-trai","7":"product_cat-giong-xoai","8":"product_tag-giong-xoai-dai-loan","10":"first","11":"instock","12":"shipping-taxable","13":"purchasable","14":"product-type-simple"},"_links":{"self":[{"href":"https:\/\/ktech4.k-tech-services.com\/phucan713\/wp-json\/wp\/v2\/product\/1690","targetHints":{"allow":["GET"]}}],"collection":[{"href":"https:\/\/ktech4.k-tech-services.com\/phucan713\/wp-json\/wp\/v2\/product"}],"about":[{"href":"https:\/\/ktech4.k-tech-services.com\/phucan713\/wp-json\/wp\/v2\/types\/product"}],"replies":[{"embeddable":true,"href":"https:\/\/ktech4.k-tech-services.com\/phucan713\/wp-json\/wp\/v2\/comments?post=1690"}],"wp:featuredmedia":[{"embeddable":true,"href":"https:\/\/ktech4.k-tech-services.com\/phucan713\/wp-json\/"}],"wp:attachment":[{"href":"https:\/\/ktech4.k-tech-services.com\/phucan713\/wp-json\/wp\/v2\/media?parent=1690"}],"wp:term":[{"taxonomy":"product_brand","embeddable":true,"href":"https:\/\/ktech4.k-tech-services.com\/phucan713\/wp-json\/wp\/v2\/product_brand?post=1690"},{"taxonomy":"product_cat","embeddable":true,"href":"https:\/\/ktech4.k-tech-services.com\/phucan713\/wp-json\/wp\/v2\/product_cat?post=1690"},{"taxonomy":"product_tag","embeddable":true,"href":"https:\/\/ktech4.k-tech-services.com\/phucan713\/wp-json\/wp\/v2\/product_tag?post=1690"}],"curies":[{"name":"wp","href":"https:\/\/api.w.org\/{rel}","templated":true}]}}