{"id":1735,"date":"2024-05-17T04:44:11","date_gmt":"2024-05-17T04:44:11","guid":{"rendered":"https:\/\/caygiongphucan.com\/?post_type=product&amp;p=1735"},"modified":"2024-05-17T04:44:11","modified_gmt":"2024-05-17T04:44:11","slug":"cay-giong-bo-034","status":"publish","type":"product","link":"https:\/\/ktech4.k-tech-services.com\/phucan713\/san-pham\/cay-giong-bo-034\/","title":{"rendered":"C\u00e2y gi\u1ed1ng b\u01a1 034"},"content":{"rendered":"<p>Trong l\u00e0ng b\u01a1 s\u00e1p hi\u1ec7n nay, gi\u1ed1ng b\u01a1 034 ch\u00ednh l\u00e0 &#8220;\u00f4ng vua&#8221; kh\u00f4ng \u0111\u1ed1i th\u1ee7 v\u1ec1 c\u1ea3 ch\u1ea5t l\u01b0\u1ee3ng l\u1eabn gi\u00e1 tr\u1ecb kinh t\u1ebf. V\u1edbi h\u00ecnh d\u00e1ng d\u00e0i \u0111\u1eb7c tr\u01b0ng, c\u01a1m v\u00e0ng d\u1ebbo qu\u00e1nh v\u00e0 h\u1ea1t c\u1ef1c nh\u1ecf, lo\u1ea1i b\u01a1 n\u00e0y \u0111\u00e3 gi\u00fap bao nh\u00e0 v\u01b0\u1eddn thay \u0111\u1eddi \u0111\u1ed5i v\u1eadn.<\/p>\n<p>Tuy nhi\u00ean, kh\u00f4ng \u00edt b\u00e0 con c\u00f2n lo l\u1eafng: &#8220;B\u01a1 034 tr\u1ed3ng \u1edf x\u1ee9 n\u00f3ng c\u00f3 tr\u00e1i kh\u00f4ng?&#8221;, &#8220;Ch\u0103m sao \u0111\u1ec3 b\u01a1 kh\u00f4ng b\u1ecb th\u1ed1i r\u1ec5 hay r\u1ee5ng qu\u1ea3 non?&#8221;. B\u00e0i vi\u1ebft n\u00e0y, C\u00e2y Gi\u1ed1ng Ph\u00fac An s\u1ebd gi\u1ea3i \u0111\u00e1p t\u1ea5t t\u1ea7n t\u1eadt t\u1eeb \u0111\u1eb7c \u0111i\u1ec3m \u0111\u1ebfn k\u1ef9 thu\u1eadt ch\u0103m s\u00f3c \u0111\u1ec3 b\u00e0 con t\u1ef1 tin l\u00e0m gi\u00e0u v\u1edbi gi\u1ed1ng b\u01a1 &#8220;si\u00eau ph\u1ea9m&#8221; n\u00e0y.<\/p>\n<h2>T\u1ed5ng quan v\u1ec1 gi\u1ed1ng b\u01a1 034<\/h2>\n<p>B\u01a1 034 c\u00f3 ngu\u1ed3n g\u1ed1c t\u1eeb v\u00f9ng \u0111\u1ea5t L\u00e2m \u0110\u1ed3ng, \u0111\u01b0\u1ee3c m\u1ec7nh danh l\u00e0 gi\u1ed1ng b\u01a1 n\u1ed9i \u0111\u1ecba xu\u1ea5t s\u1eafc nh\u1ea5t hi\u1ec7n nay. Kh\u00e1c v\u1edbi c\u00e1c d\u00f2ng b\u01a1 tr\u00f2n truy\u1ec1n th\u1ed1ng, b\u01a1 034 kh\u1eb3ng \u0111\u1ecbnh v\u1ecb th\u1ebf nh\u1edd t\u1ec9 l\u1ec7 th\u1ecbt qu\u1ea3 chi\u1ebfm \u0111\u1ebfn 85%, v\u1ecf m\u1ecfng xanh b\u00f3ng v\u00e0 kh\u1ea3 n\u0103ng b\u1ea3o qu\u1ea3n sau thu ho\u1ea1ch r\u1ea5t t\u1ed1t, c\u1ef1c k\u1ef3 thu\u1eadn l\u1ee3i cho vi\u1ec7c v\u1eadn chuy\u1ec3n \u0111i xa ho\u1eb7c xu\u1ea5t kh\u1ea9u.<\/p>\n<figure id=\"attachment_1736\" aria-describedby=\"caption-attachment-1736\" style=\"width: 600px\" class=\"wp-caption aligncenter\"><img loading=\"lazy\" decoding=\"async\" class=\"wp-image-1736\" src=\"http:\/\/localhost\/phucan713\/wp-content\/uploads\/2024\/05\/346057166_229257729749981_3449673003161745983_n-768x1024.jpg\" alt=\"Tr\u00e1i b\u01a1 034 d\u1ebbo m\u1ecbn\" width=\"600\" height=\"800\" \/><figcaption id=\"caption-attachment-1736\" class=\"wp-caption-text\">Tr\u00e1i b\u01a1 034 d\u1ebbo m\u1ecbn<\/figcaption><\/figure>\n<h2>\u0110\u1eb7c \u0111i\u1ec3m c\u1ee7a gi\u1ed1ng b\u01a1 034<\/h2>\n<h3>\u0110\u1eb7c \u0111i\u1ec3m h\u00ecnh th\u00e1i v\u00e0 H\u01b0\u01a1ng v\u1ecb<\/h3>\n<ul>\n<li>H\u00ecnh d\u00e1ng: Tr\u00e1i b\u01a1 c\u00f3 d\u00e1ng thu\u00f4n d\u00e0i (t\u1eeb 20cm &#8211; 35cm), c\u00e1 bi\u1ec7t c\u00f3 tr\u00e1i d\u00e0i \u0111\u1ebfn n\u1eeda m\u00e9t.<\/li>\n<li>H\u01b0\u01a1ng v\u1ecb: \u0110\u00e2y l\u00e0 ph\u1ea7n &#8220;\u0111\u00e1ng \u0111\u1ed3ng ti\u1ec1n&#8221; nh\u1ea5t. C\u01a1m b\u01a1 m\u00e0u v\u00e0ng \u0111\u1eadm, d\u1ebbo qu\u00e1nh, b\u00e9o ng\u1eady v\u00e0 ho\u00e0n to\u00e0n kh\u00f4ng c\u00f3 x\u01a1. \u0110\u1ed9 b\u00e9o c\u1ee7a b\u01a1 034 cao h\u01a1n h\u1eb3n c\u00e1c lo\u1ea1i b\u01a1 s\u00e1p th\u00f4ng th\u01b0\u1eddng.<\/li>\n<li>V\u1ecf v\u00e0 H\u1ea1t: V\u1ecf m\u1ecfng nh\u01b0ng c\u1ee9ng c\u00e1p, m\u00e0u xanh \u0111\u1eadm b\u1eaft m\u1eaft ngay c\u1ea3 khi \u0111\u00e3 ch\u00edn. H\u1ea1t r\u1ea5t nh\u1ecf, th\u1eadm ch\u00ed nhi\u1ec1u tr\u00e1i c\u00f2n kh\u00f4ng c\u00f3 h\u1ea1t \u1edf ph\u1ea7n c\u1ed5 chai.<\/li>\n<\/ul>\n<h3>\u0110\u1eb7c t\u00ednh sinh tr\u01b0\u1edfng<\/h3>\n<p>B\u01a1 034 c\u00f3 kh\u1ea3 n\u0103ng th\u00edch nghi r\u1ea5t r\u1ed9ng. D\u00f9 xu\u1ea5t th\u00e2n t\u1eeb v\u00f9ng cao nguy\u00ean l\u1ea1nh, nh\u01b0ng th\u1ef1c t\u1ebf tr\u1ed3ng t\u1ea1i c\u00e1c v\u00f9ng n\u00f3ng nh\u01b0 mi\u1ec1n T\u00e2y hay \u0110\u00f4ng Nam B\u1ed9, c\u00e2y v\u1eabn sinh tr\u01b0\u1edfng m\u1ea1nh v\u00e0 cho tr\u00e1i sai n\u1ebfu ch\u1ecdn \u0111\u00fang c\u00e2y gi\u1ed1ng gh\u00e9p chu\u1ea9n t\u1eeb v\u01b0\u1eddn \u01b0\u01a1m uy t\u00edn.<\/p>\n<h2>Gi\u1ed1ng b\u01a1 034 tr\u1ed3ng bao l\u00e2u c\u00f3 tr\u00e1i?<\/h2>\n<p>V\u1edbi c\u00f4ng ngh\u1ec7 gh\u00e9p m\u1eaft ti\u00ean ti\u1ebfn t\u1ea1i Ph\u00fac An, b\u00e0 con s\u1ebd r\u00fat ng\u1eafn \u0111\u01b0\u1ee3c r\u1ea5t nhi\u1ec1u th\u1eddi gian ch\u1edd \u0111\u1ee3i so v\u1edbi tr\u1ed3ng t\u1eeb h\u1ea1t:<\/p>\n<p>C\u00e2y gi\u1ed1ng gh\u00e9p: Ch\u1ec9 sau 2 \u0111\u1ebfn 3 n\u0103m tr\u1ed3ng l\u00e0 c\u00e2y b\u1eaft \u0111\u1ea7u cho tr\u00e1i b\u00f3i.<\/p>\n<p>Giai \u0111o\u1ea1n kinh doanh: T\u1eeb n\u0103m th\u1ee9 4 tr\u1edf \u0111i, c\u00e2y \u0111i v\u00e0o giai \u0111o\u1ea1n \u1ed5n \u0111\u1ecbnh v\u00e0 cho n\u0103ng su\u1ea5t t\u0103ng d\u1ea7n qua t\u1eebng n\u0103m. \u0110\u00e2y l\u00e0 th\u1eddi \u0111i\u1ec3m b\u00e0 con b\u1eaft \u0111\u1ea7u thu l\u1ee3i nhu\u1eadn l\u1edbn.<\/p>\n<figure id=\"attachment_1741\" aria-describedby=\"caption-attachment-1741\" style=\"width: 600px\" class=\"wp-caption aligncenter\"><img loading=\"lazy\" decoding=\"async\" class=\"wp-image-1741\" src=\"http:\/\/localhost\/phucan713\/wp-content\/uploads\/2024\/05\/438196587_2192303487785130_6465847697971740976_n-768x1024.jpg\" alt=\"V\u01b0\u1eddn b\u01a1 034\" width=\"600\" height=\"800\" \/><figcaption id=\"caption-attachment-1741\" class=\"wp-caption-text\">V\u01b0\u1eddn b\u01a1 034<\/figcaption><\/figure>\n<h2>Chu k\u1ef3 ra hoa v\u00e0 \u0111\u1eadu tr\u00e1i<\/h2>\n<p>M\u1ed9t \u01b0u \u0111i\u1ec3m l\u1edbn c\u1ee7a b\u01a1 034 l\u00e0 kh\u1ea3 n\u0103ng ra hoa nhi\u1ec1u \u0111\u1ee3t trong n\u0103m, gi\u00fap b\u00e0 con r\u1ea3i v\u1ee5 thu ho\u1ea1ch:<\/p>\n<ul>\n<li>M\u00f9a thu\u1eadn: Th\u01b0\u1eddng ra hoa v\u00e0o th\u00e1ng 12 \u0111\u1ebfn th\u00e1ng 1 n\u0103m sau, thu ho\u1ea1ch v\u00e0o kho\u1ea3ng th\u00e1ng 5 \u0111\u1ebfn th\u00e1ng 8.<\/li>\n<li>Kh\u1ea3 n\u0103ng tr\u00e1i v\u1ee5: N\u1ebfu bi\u1ebft c\u00e1ch x\u1eed l\u00fd k\u1ef9 thu\u1eadt v\u00e0 b\u00f3n ph\u00e2n \u0111\u00fang th\u1eddi \u0111i\u1ec3m, b\u01a1 034 c\u00f3 th\u1ec3 cho tr\u00e1i tr\u00e1i v\u1ee5, gi\u00fap b\u00e0 con b\u00e1n \u0111\u01b0\u1ee3c gi\u00e1 cao g\u1ea5p \u0111\u00f4i m\u00f9a thu\u1eadn.<\/li>\n<\/ul>\n<h2>N\u0103ng su\u1ea5t c\u1ee7a gi\u1ed1ng b\u01a1 034<\/h2>\n<p>N\u0103ng su\u1ea5t c\u1ee7a b\u01a1 034 thu\u1ed9c h\u00e0ng &#8220;top&#8221; trong c\u00e1c lo\u1ea1i c\u00e2y \u0103n qu\u1ea3 hi\u1ec7n nay:<\/p>\n<ul>\n<li>N\u0103m \u0111\u1ea7u thu ho\u1ea1ch: Kho\u1ea3ng 20-30kg\/c\u00e2y.<\/li>\n<li>C\u00e2y kinh doanh (5-7 n\u0103m tu\u1ed5i): C\u00f3 th\u1ec3 \u0111\u1ea1t t\u1eeb 100kg &#8211; 150kg\/c\u00e2y\/n\u0103m.<\/li>\n<\/ul>\n<p>Hi\u1ec7u qu\u1ea3 kinh t\u1ebf: V\u1edbi tr\u1ecdng l\u01b0\u1ee3ng trung b\u00ecnh 300g &#8211; 800g\/tr\u00e1i, ch\u1ec9 c\u1ea7n m\u1ed9t v\u00e0i g\u1ed1c b\u01a1 trong v\u01b0\u1eddn c\u0169ng \u0111\u1ee7 mang l\u1ea1i ngu\u1ed3n thu nh\u1eadp \u1ed5n \u0111\u1ecbnh cho gia \u0111\u00ecnh nh\u1edd gi\u00e1 b\u00e1n lu\u00f4n \u1edf m\u1ee9c cao.<\/p>\n<figure id=\"attachment_1744\" aria-describedby=\"caption-attachment-1744\" style=\"width: 600px\" class=\"wp-caption aligncenter\"><img loading=\"lazy\" decoding=\"async\" class=\"wp-image-1744\" src=\"http:\/\/localhost\/phucan713\/wp-content\/uploads\/2024\/05\/441214317_3089152744561035_3233194772873658039_n-768x1024.jpg\" alt=\"Gi\u1ed1ng B\u01a1 034 cho n\u0103ng su\u1ea5t cao\" width=\"600\" height=\"800\" \/><figcaption id=\"caption-attachment-1744\" class=\"wp-caption-text\">Gi\u1ed1ng B\u01a1 034 cho n\u0103ng su\u1ea5t cao<\/figcaption><\/figure>\n<h2>K\u1ef9 thu\u1eadt tr\u1ed3ng v\u00e0 ch\u0103m s\u00f3c theo h\u01b0\u1edbng b\u1ec1n v\u1eefng<\/h2>\n<p>M\u1eadt \u0111\u1ed9 tr\u1ed3ng: Kho\u1ea3ng c\u00e1ch t\u1ed1t nh\u1ea5t l\u00e0 6m x 6m. B\u01a1 c\u1ea7n s\u1ef1 th\u00f4ng tho\u00e1ng \u0111\u1ec3 h\u1ea1n ch\u1ebf n\u1ea5m th\u00e2n v\u00e0 r\u1ec7p s\u00e1p b\u00e1m v\u00e0o c\u00e0nh l\u00e1.<\/p>\n<p>T\u01b0\u1edbi n\u01b0\u1edbc &amp; Tho\u00e1t n\u01b0\u1edbc: B\u01a1 034 r\u1ea5t s\u1ee3 &#8220;ch\u00e2n b\u01a1i trong n\u01b0\u1edbc&#8221;. B\u00e0 con c\u1ea7n l\u00e0m m\u00f4 cao (n\u1ebfu tr\u1ed3ng \u1edf mi\u1ec1n T\u00e2y) v\u00e0 thi\u1ebft k\u1ebf h\u1ec7 th\u1ed1ng tho\u00e1t n\u01b0\u1edbc th\u1eadt t\u1ed1t v\u00e0o m\u00f9a m\u01b0a \u0111\u1ec3 tr\u00e1nh th\u1ed1i r\u1ec5.<\/p>\n<p>Ph\u00e2n b\u00f3n: \u01afu ti\u00ean ph\u00e2n h\u1eefu c\u01a1, ph\u00e2n g\u00e0 \u1ee7 hoai \u0111\u1ec3 c\u1ea3i t\u1ea1o \u0111\u1ea5t t\u01a1i x\u1ed1p. Giai \u0111o\u1ea1n nu\u00f4i tr\u00e1i c\u1ea7n b\u1ed5 sung th\u00eam Kali v\u00e0 trung vi l\u01b0\u1ee3ng \u0111\u1ec3 c\u01a1m b\u01a1 v\u00e0ng, d\u1ebbo v\u00e0 \u0111\u1eb7c ru\u1ed9t h\u01a1n.<\/p>\n<h2>T\u1ea1i sao n\u00ean mua gi\u1ed1ng b\u01a1 034 t\u1ea1i <a href=\"http:\/\/localhost\/phucan713\/\" target=\"_blank\" rel=\"noopener\">C\u00e2y Gi\u1ed1ng Ph\u00fac An<\/a>?<\/h2>\n<p>\u0110\u1ec3 c\u00f3 m\u1ed9t v\u01b0\u1eddn b\u01a1 034 chu\u1ea9n, kh\u00e2u ch\u1ecdn gi\u1ed1ng quy\u1ebft \u0111\u1ecbnh \u0111\u1ebfn 50% th\u00e0nh c\u00f4ng:<\/p>\n<ul>\n<li>Chu\u1ea9n gi\u1ed1ng 100%: C\u00e2y gi\u1ed1ng \u0111\u01b0\u1ee3c gh\u00e9p t\u1eeb m\u1eaft c\u00e2y m\u1eb9 chu\u1ea9n, tr\u00e1i ngon, \u0111\u1ea3m b\u1ea3o tr\u00e1i d\u00e0i, d\u1ebbo s\u00e1p, kh\u00f4ng b\u1ecb lai t\u1ea1p.<\/li>\n<li>C\u00e2y kh\u1ecfe, s\u1ea1ch b\u1ec7nh: B\u1ea7u \u0111\u1ea5t ch\u1eafc ch\u1eafn, b\u1ed9 r\u1ec5 kh\u1ecfe, c\u00e2y \u0111\u00e3 \u0111\u01b0\u1ee3c d\u01b0\u1ee1ng t\u1ea1i v\u01b0\u1eddn \u0111\u1ec3 ch\u1ecbu \u0111\u01b0\u1ee3c kh\u00ed h\u1eadu v\u00f9ng n\u00f3ng tr\u01b0\u1edbc khi giao cho b\u00e0 con.<\/li>\n<li>H\u1ed7 tr\u1ee3 k\u1ef9 thu\u1eadt: Ph\u00fac An \u0111\u1ed3ng h\u00e0nh c\u00f9ng b\u00e0 con t\u1eeb l\u00fac xu\u1ed1ng gi\u1ed1ng \u0111\u1ebfn khi c\u00e2y b\u00e9n r\u1ec5 kh\u1ecfe m\u1ea1nh, \u0111\u1ea3m b\u1ea3o t\u1ec9 l\u1ec7 s\u1ed1ng cao nh\u1ea5t cho v\u01b0\u1eddn nh\u00e0 m\u00ecnh.<\/li>\n<\/ul>\n<figure id=\"attachment_4236\" aria-describedby=\"caption-attachment-4236\" style=\"width: 600px\" class=\"wp-caption aligncenter\"><img loading=\"lazy\" decoding=\"async\" class=\"wp-image-4236\" src=\"http:\/\/localhost\/phucan713\/wp-content\/uploads\/2024\/05\/z6947100618484_86e6236e3dfbe87d3a3a70cccee5f0e2-768x1024.jpg\" alt=\"C\u00e2y gi\u1ed1ng b\u01a1 034 t\u1ea1i Ph\u00fac An\" width=\"600\" height=\"800\" srcset=\"https:\/\/ktech4.k-tech-services.com\/phucan713\/wp-content\/uploads\/2024\/05\/z6947100618484_86e6236e3dfbe87d3a3a70cccee5f0e2-768x1024.jpg 768w, https:\/\/ktech4.k-tech-services.com\/phucan713\/wp-content\/uploads\/2024\/05\/z6947100618484_86e6236e3dfbe87d3a3a70cccee5f0e2-225x300.jpg 225w, https:\/\/ktech4.k-tech-services.com\/phucan713\/wp-content\/uploads\/2024\/05\/z6947100618484_86e6236e3dfbe87d3a3a70cccee5f0e2-1152x1536.jpg 1152w, https:\/\/ktech4.k-tech-services.com\/phucan713\/wp-content\/uploads\/2024\/05\/z6947100618484_86e6236e3dfbe87d3a3a70cccee5f0e2-1536x2048.jpg 1536w, https:\/\/ktech4.k-tech-services.com\/phucan713\/wp-content\/uploads\/2024\/05\/z6947100618484_86e6236e3dfbe87d3a3a70cccee5f0e2-510x680.jpg 510w, https:\/\/ktech4.k-tech-services.com\/phucan713\/wp-content\/uploads\/2024\/05\/z6947100618484_86e6236e3dfbe87d3a3a70cccee5f0e2.jpg 1920w\" sizes=\"auto, (max-width: 600px) 100vw, 600px\" \/><figcaption id=\"caption-attachment-4236\" class=\"wp-caption-text\">C\u00e2y gi\u1ed1ng b\u01a1 034 t\u1ea1i Ph\u00fac An<\/figcaption><\/figure>\n<p>C\u00e2y Gi\u1ed1ng Ph\u00fac An t\u1ef1 h\u00e0o l\u00e0 \u0111\u01a1n v\u1ecb cung c\u1ea5p c\u00e2y gi\u1ed1ng uy t\u00edn, \u0111\u1eb7t ch\u1ea5t l\u01b0\u1ee3ng c\u00e2y gi\u1ed1ng l\u00e0 y\u1ebfu t\u1ed1 s\u1ed1ng c\u00f2n. Qu\u00fd c\u00f4 b\u00e1c li\u00ean h\u1ec7 tr\u1ef1c ti\u1ebfp qua <span style=\"font-size: 120%; color: #008000;\">SDT\/ Zalo 0962.888.014<\/span> \u0111\u1ec3 ch\u00fang t\u00f4i t\u01b0 v\u1ea5n v\u00e0 b\u00e1o gi\u00e1 t\u1ed1t. Xin c\u1ea3m \u01a1n qu\u00fd c\u00f4 b\u00e1c \u0111\u00e3 \u0111\u1eb7t ni\u1ec1m tin v\u1edbi nh\u00e0 v\u01b0\u1eddn.<\/p>\n","protected":false},"excerpt":{"rendered":"<p>* Gi\u00e1 tham kh\u1ea3o cho s\u1ed1 l\u01b0\u1ee3ng t\u1eeb 30 c\u00e2y, c\u00f3 th\u1ec3 thay \u0111\u1ed5i theo th\u1eddi \u0111i\u1ec3m<br \/>\n* Ch\u01b0a bao g\u1ed3m ph\u00ed v\u1eadn chuy\u1ec3n (t\u00f9y theo s\u1ed1 l\u01b0\u1ee3ng c\u00e2y v\u00e0 \u0111\u1ecba \u0111i\u1ec3m giao h\u00e0ng)<\/p>\n","protected":false},"featured_media":4237,"comment_status":"open","ping_status":"closed","template":"","meta":[],"product_brand":[],"product_cat":[35,37],"product_tag":[43],"class_list":{"0":"post-1735","1":"product","2":"type-product","3":"status-publish","4":"has-post-thumbnail","6":"product_cat-san-pham-giong-cay-an-trai","7":"product_cat-cay-giong-khac","8":"product_tag-giong-bo-034","10":"first","11":"instock","12":"shipping-taxable","13":"purchasable","14":"product-type-simple"},"_links":{"self":[{"href":"https:\/\/ktech4.k-tech-services.com\/phucan713\/wp-json\/wp\/v2\/product\/1735","targetHints":{"allow":["GET"]}}],"collection":[{"href":"https:\/\/ktech4.k-tech-services.com\/phucan713\/wp-json\/wp\/v2\/product"}],"about":[{"href":"https:\/\/ktech4.k-tech-services.com\/phucan713\/wp-json\/wp\/v2\/types\/product"}],"replies":[{"embeddable":true,"href":"https:\/\/ktech4.k-tech-services.com\/phucan713\/wp-json\/wp\/v2\/comments?post=1735"}],"wp:featuredmedia":[{"embeddable":true,"href":"https:\/\/ktech4.k-tech-services.com\/phucan713\/wp-json\/wp\/v2\/media\/4237"}],"wp:attachment":[{"href":"https:\/\/ktech4.k-tech-services.com\/phucan713\/wp-json\/wp\/v2\/media?parent=1735"}],"wp:term":[{"taxonomy":"product_brand","embeddable":true,"href":"https:\/\/ktech4.k-tech-services.com\/phucan713\/wp-json\/wp\/v2\/product_brand?post=1735"},{"taxonomy":"product_cat","embeddable":true,"href":"https:\/\/ktech4.k-tech-services.com\/phucan713\/wp-json\/wp\/v2\/product_cat?post=1735"},{"taxonomy":"product_tag","embeddable":true,"href":"https:\/\/ktech4.k-tech-services.com\/phucan713\/wp-json\/wp\/v2\/product_tag?post=1735"}],"curies":[{"name":"wp","href":"https:\/\/api.w.org\/{rel}","templated":true}]}}