{"id":1748,"date":"2024-05-17T05:24:36","date_gmt":"2024-05-17T05:24:36","guid":{"rendered":"https:\/\/caygiongphucan.com\/?post_type=product&amp;p=1748"},"modified":"2024-05-17T05:24:36","modified_gmt":"2024-05-17T05:24:36","slug":"cay-giong-buoi-ruby-thai-ruot-do","status":"publish","type":"product","link":"https:\/\/ktech4.k-tech-services.com\/phucan713\/san-pham\/cay-giong-buoi-ruby-thai-ruot-do\/","title":{"rendered":"C\u00e2y gi\u1ed1ng b\u01b0\u1edfi ruby th\u00e1i"},"content":{"rendered":"<p>Trong c\u00e1c d\u00f2ng b\u01b0\u1edfi nh\u1eadp ngo\u1ea1i hi\u1ec7n nay, gi\u1ed1ng b\u01b0\u1edfi Ruby Th\u00e1i Lan (hay c\u00f2n g\u1ecdi l\u00e0 b\u01b0\u1edfi ru\u1ed9t \u0111\u1ecf) \u0111ang t\u1ea1o n\u00ean m\u1ed9t &#8220;c\u01a1n s\u1ed1t&#8221; th\u1ef1c s\u1ef1 t\u1ea1i c\u00e1c t\u1ec9nh mi\u1ec1n T\u00e2y v\u00e0 \u0110\u00f4ng Nam B\u1ed9. Kh\u00f4ng ch\u1ec9 mang v\u1ebb ngo\u00e0i sang tr\u1ecdng, b\u01b0\u1edfi Ruby c\u00f2n chinh ph\u1ee5c ng\u01b0\u1eddi ti\u00eau d\u00f9ng b\u1edfi h\u01b0\u01a1ng v\u1ecb ng\u1ecdt l\u1ecbm v\u00e0 m\u00e0u ru\u1ed9t \u0111\u1ecf r\u1ef1c r\u1ee1 nh\u01b0 nh\u1eefng vi\u00ean h\u1ed3ng ng\u1ecdc.<\/p>\n<p>Tuy nhi\u00ean, b\u01b0\u1edfi Ruby v\u1ed1n c\u00f3 k\u1ef9 thu\u1eadt ch\u0103m s\u00f3c h\u01a1i kh\u00e1c so v\u1edbi b\u01b0\u1edfi da xanh truy\u1ec1n th\u1ed1ng. L\u00e0m sao \u0111\u1ec3 b\u01b0\u1edfi kh\u00f4ng b\u1ecb kh\u00f4 \u0111\u1ea7u m\u00fai, l\u00e0m sao \u0111\u1ec3 ru\u1ed9t \u0111\u1ecf \u0111\u1eadm v\u00e0 gi\u1eef \u0111\u01b0\u1ee3c \u0111\u1ed9 ng\u1ecdt khi tr\u1ed3ng tr\u00ean \u0111\u1ea5t ph\u00e8n m\u1eb7n? B\u00e0i vi\u1ebft n\u00e0y, C\u00e2y Gi\u1ed1ng Ph\u00fac An s\u1ebd c\u00f9ng b\u00e0 con t\u00ecm hi\u1ec3u &#8220;t\u1ea5t t\u1ea7n t\u1eadt&#8221; v\u1ec1 gi\u1ed1ng b\u01b0\u1edfi si\u00eau n\u0103ng su\u1ea5t n\u00e0y nh\u00e9.<\/p>\n<h2>T\u1ed5ng quan v\u1ec1 gi\u1ed1ng b\u01b0\u1edfi Ruby<\/h2>\n<p>B\u01b0\u1edfi Ruby c\u00f3 ngu\u1ed3n g\u1ed1c t\u1eeb Th\u00e1i Lan, \u0111\u01b0\u1ee3c \u0111\u01b0a v\u1ec1 Vi\u1ec7t Nam v\u00e0 nhanh ch\u00f3ng th\u00edch nghi v\u1edbi kh\u00ed h\u1eadu nhi\u1ec7t \u0111\u1edbi. \u0110\u00e2y l\u00e0 lo\u1ea1i c\u00e2y c\u00f3 kh\u1ea3 n\u0103ng ch\u1ecbu h\u1ea1n v\u00e0 ch\u1ecbu ph\u00e8n m\u1eb7n kh\u00e1 t\u1ed1t, c\u1ef1c k\u1ef3 ph\u00f9 h\u1ee3p v\u1edbi th\u1ed5 nh\u01b0\u1ee1ng c\u1ee7a v\u00f9ng \u0110\u1ed3ng b\u1eb1ng s\u00f4ng C\u1eedu Long. V\u1edbi \u01b0u \u0111i\u1ec3m m\u1eabu m\u00e3 \u0111\u1eb9p v\u00e0 ch\u1ea5t l\u01b0\u1ee3ng cao, b\u01b0\u1edfi Ruby th\u01b0\u1eddng xuy\u00ean d\u1eabn \u0111\u1ea7u v\u1ec1 gi\u00e1 b\u00e1n tr\u00ean th\u1ecb tr\u01b0\u1eddng tr\u00e1i c\u00e2y cao c\u1ea5p.<\/p>\n<h2>\u0110\u1eb7c \u0111i\u1ec3m n\u1ed5i b\u1eadt c\u1ee7a gi\u1ed1ng b\u01b0\u1edfi Ruby<\/h2>\n<h3>\u0110\u1eb7c \u0111i\u1ec3m h\u00ecnh th\u00e1i v\u00e0 h\u01b0\u01a1ng v\u1ecb<\/h3>\n<ul>\n<li>H\u00ecnh d\u00e1ng: Tr\u00e1i b\u01b0\u1edfi c\u00f3 h\u00ecnh c\u1ea7u, k\u00edch th\u01b0\u1edbc v\u1eeba ph\u1ea3i (trung b\u00ecnh 1.2kg &#8211; 1.8kg\/tr\u00e1i). V\u1ecf b\u01b0\u1edfi khi ch\u00edn c\u00f3 m\u00e0u xanh h\u01a1i v\u00e0ng, v\u1ecf m\u1ecfng v\u00e0 r\u1ea5t d\u1ec5 b\u00f3c.<\/li>\n<li>M\u00e0u s\u1eafc ru\u1ed9t: \u0110\u00fang nh\u01b0 c\u00e1i t\u00ean &#8220;Ruby&#8221;, ph\u1ea7n t\u00e9p b\u01b0\u1edfi c\u00f3 m\u00e0u \u0111\u1ecf \u0111\u1eadm, \u00f3ng \u00e1nh r\u1ea5t \u0111\u1eb9p m\u1eaft.<\/li>\n<li>H\u01b0\u01a1ng v\u1ecb: B\u01b0\u1edfi c\u00f3 v\u1ecb ng\u1ecdt \u0111\u1eadm \u0111\u00e0, kh\u00f4ng c\u00f3 v\u1ecb chua g\u1eaft hay \u0111\u1eafng h\u1eadu. \u0110\u1eb7c bi\u1ec7t, gi\u1ed1ng b\u01b0\u1edfi n\u00e0y r\u1ea5t \u00edt h\u1ea1t ho\u1eb7c ho\u00e0n to\u00e0n kh\u00f4ng c\u00f3 h\u1ea1t, t\u00e9p b\u01b0\u1edfi gi\u00f2n, kh\u00f4ng b\u1ecb n\u00e1t, \u0103n r\u1ea5t thanh v\u00e0 kh\u00f4ng h\u1ec1 d\u00ednh tay.<\/li>\n<\/ul>\n<figure id=\"attachment_1751\" aria-describedby=\"caption-attachment-1751\" style=\"width: 600px\" class=\"wp-caption aligncenter\"><img loading=\"lazy\" decoding=\"async\" class=\"wp-image-1751\" src=\"http:\/\/localhost\/phucan713\/wp-content\/uploads\/2024\/05\/buoi-ruby-768x1024.jpg\" alt=\"Tr\u00e1i b\u01b0\u1edfi ruby ru\u1ed9t \u0111\u1ecf - Ph\u00fac An\" width=\"600\" height=\"800\" \/><figcaption id=\"caption-attachment-1751\" class=\"wp-caption-text\">Tr\u00e1i b\u01b0\u1edfi ruby ru\u1ed9t \u0111\u1ecf &#8211; Ph\u00fac An<\/figcaption><\/figure>\n<h3>\u0110\u1eb7c t\u00ednh sinh tr\u01b0\u1edfng<\/h3>\n<p>B\u01b0\u1edfi Ruby c\u00f3 t\u00e1n c\u00e2y x\u00f2e r\u1ed9ng, c\u00e0nh nh\u00e1nh ph\u00e1t tri\u1ec3n r\u1ea5t kh\u1ecfe. So v\u1edbi c\u00e1c gi\u1ed1ng b\u01b0\u1edfi n\u1ed9i \u0111\u1ecba, Ruby c\u00f3 kh\u1ea3 n\u0103ng kh\u00e1ng s\u00e2u b\u1ec7nh (\u0111\u1eb7c bi\u1ec7t l\u00e0 b\u1ec7nh lo\u00e9t v\u00e0 x\u00ec m\u1ee7) nh\u1ec9nh h\u01a1n m\u1ed9t ch\u00fat. C\u00e2y \u01b0a \u0111\u1ea5t ph\u00f9 sa m\u00e0u m\u1ee1 nh\u01b0ng v\u1eabn ph\u00e1t tri\u1ec3n \u1ed5n \u0111\u1ecbnh tr\u00ean c\u00e1c v\u00f9ng \u0111\u1ea5t g\u00f2 cao ho\u1eb7c \u0111\u1ea5t c\u00e1t pha.<\/p>\n<h2>Gi\u1ed1ng b\u01b0\u1edfi Ruby tr\u1ed3ng bao l\u00e2u c\u00f3 tr\u00e1i?<\/h2>\n<p>N\u1ebfu b\u00e0 con ch\u1ecdn \u0111\u00fang c\u00e2y gi\u1ed1ng chi\u1ebft ho\u1eb7c gh\u00e9p chu\u1ea9n t\u1ea1i c\u00e1c v\u01b0\u1eddn \u01b0\u01a1m uy t\u00edn nh\u01b0 Ph\u00fac An, th\u1eddi gian thu ho\u1ea1ch s\u1ebd \u0111\u01b0\u1ee3c r\u00fat ng\u1eafn \u0111\u00e1ng k\u1ec3:<\/p>\n<ul>\n<li>Th\u1eddi gian ra tr\u00e1i: Ch\u1ec9 sau kho\u1ea3ng 24 \u0111\u1ebfn 30 th\u00e1ng (t\u1ee9c l\u00e0 h\u01a1n 2 n\u0103m) tr\u1ed3ng l\u00e0 c\u00e2y \u0111\u00e3 b\u1eaft \u0111\u1ea7u cho l\u1ee9a hoa b\u00f3i \u0111\u1ea7u ti\u00ean.<\/li>\n<li>S\u1ef1 b\u1ec1n b\u1ec9: C\u00e2y b\u01b0\u1edfi Ruby c\u00f3 tu\u1ed5i th\u1ecd kinh doanh r\u1ea5t d\u00e0i, c\u00e0ng v\u1ec1 sau c\u00e2y c\u00e0ng l\u1edbn, t\u00e1n c\u00e0ng r\u1ed9ng th\u00ec n\u0103ng su\u1ea5t l\u1ea1i c\u00e0ng t\u0103ng th\u00eam.<\/li>\n<\/ul>\n<h2>Chu k\u1ef3 ra hoa v\u00e0 \u0111\u1eadu tr\u00e1i<\/h2>\n<p>B\u01b0\u1edfi Ruby c\u00f3 \u0111\u1eb7c t\u00ednh ra hoa quanh n\u0103m, nh\u01b0ng \u0111\u1ec3 \u0111\u1ea1t hi\u1ec7u qu\u1ea3 cao nh\u1ea5t, b\u00e0 con n\u00ean l\u01b0u \u00fd:<\/p>\n<ul>\n<li>Th\u1eddi gian t\u1eeb hoa \u0111\u1ebfn tr\u00e1i: M\u1ea5t kho\u1ea3ng 6 &#8211; 7 th\u00e1ng t\u00f9y v\u00e0o \u0111i\u1ec1u ki\u1ec7n th\u1eddi ti\u1ebft v\u00e0 c\u00e1ch ch\u0103m s\u00f3c.<\/li>\n<li>\u0110\u1eb7c \u0111i\u1ec3m \u0111\u1eadu tr\u00e1i: Gi\u1ed1ng b\u01b0\u1edfi n\u00e0y r\u1ea5t d\u1ec5 \u0111\u1eadu tr\u00e1i. Tuy nhi\u00ean, \u0111\u1ec3 tr\u00e1i \u0111\u1ea1t k\u00edch th\u01b0\u1edbc \u0111\u1ed3ng \u0111\u1ec1u v\u00e0 m\u00e0u \u0111\u1ecf \u0111\u1eb9p, b\u00e0 con c\u1ea7n ch\u00fa \u00fd kh\u00e2u bao tr\u00e1i ngay t\u1eeb khi tr\u00e1i c\u00f2n nh\u1ecf \u0111\u1ec3 tr\u00e1nh ru\u1ed3i \u0111\u1ee5c qu\u1ea3 v\u00e0 s\u00e2u v\u1ebd b\u00f9a t\u1ea5n c\u00f4ng.<\/li>\n<\/ul>\n<h2>N\u0103ng su\u1ea5t th\u1ef1c t\u1ebf c\u1ee7a gi\u1ed1ng b\u01b0\u1edfi Ruby<\/h2>\n<p>N\u00f3i v\u1ec1 n\u0103ng su\u1ea5t, b\u01b0\u1edfi Ruby Th\u00e1i Lan th\u1ef1c s\u1ef1 khi\u1ebfn nhi\u1ec1u nh\u00e0 v\u01b0\u1eddn b\u1ea5t ng\u1edd:<\/p>\n<ul>\n<li>C\u00e2y t\u1eeb n\u0103m th\u1ee9 4-5: N\u0103ng su\u1ea5t trung b\u00ecnh \u0111\u1ea1t t\u1eeb 60 &#8211; 100 tr\u00e1i\/c\u00e2y\/n\u0103m.<\/li>\n<li>Hi\u1ec7u qu\u1ea3 kinh t\u1ebf: Do \u0111\u1eb7c \u0111i\u1ec3m ru\u1ed9t \u0111\u1ecf, kh\u00f4ng h\u1ea1t v\u00e0 v\u1ecb ng\u1ecdt \u0111\u1eadm, b\u01b0\u1edfi Ruby lu\u00f4n c\u00f3 gi\u00e1 tr\u1ecb th\u01b0\u01a1ng m\u1ea1i cao. \u0110\u00e2y l\u00e0 lo\u1ea1i tr\u00e1i c\u00e2y r\u1ea5t \u0111\u01b0\u1ee3c \u01b0a chu\u1ed9ng \u0111\u1ec3 l\u00e0m qu\u00e0 bi\u1ebfu ho\u1eb7c xu\u1ea5t kh\u1ea9u, mang l\u1ea1i l\u1ee3i nhu\u1eadn cao g\u1ea5p nhi\u1ec1u l\u1ea7n so v\u1edbi c\u00e1c gi\u1ed1ng b\u01b0\u1edfi th\u01b0\u1eddng.<\/li>\n<\/ul>\n<figure id=\"attachment_1752\" aria-describedby=\"caption-attachment-1752\" style=\"width: 600px\" class=\"wp-caption aligncenter\"><img loading=\"lazy\" decoding=\"async\" class=\"wp-image-1752\" src=\"http:\/\/localhost\/phucan713\/wp-content\/uploads\/2024\/05\/buoi-ruby3-768x1024.jpg\" alt=\"C\u00e2y b\u01b0\u1edfi ruby Th\u00e1i ph\u00e1t tri\u1ec3n v\u00e0 cho tr\u00e1i ngon \u1edf n\u01b0\u1edbc ta\" width=\"600\" height=\"800\" \/><figcaption id=\"caption-attachment-1752\" class=\"wp-caption-text\">C\u00e2y b\u01b0\u1edfi ruby Th\u00e1i ph\u00e1t tri\u1ec3n v\u00e0 cho tr\u00e1i ngon \u1edf n\u01b0\u1edbc ta<\/figcaption><\/figure>\n<h2>K\u1ef9 thu\u1eadt tr\u1ed3ng v\u00e0 ch\u0103m s\u00f3c theo h\u01b0\u1edbng b\u1ec1n v\u1eefng<\/h2>\n<ul>\n<li>M\u1eadt \u0111\u1ed9 tr\u1ed3ng: Kho\u1ea3ng c\u00e1ch l\u00fd t\u01b0\u1edfng nh\u1ea5t l\u00e0 5m x 5m ho\u1eb7c 5m x 6m. Tr\u00e1nh tr\u1ed3ng qu\u00e1 d\u00e0y khi\u1ebfn c\u00e2y che b\u00f3ng l\u1eabn nhau, l\u00e0m gi\u1ea3m t\u1ec9 l\u1ec7 \u0111\u1eadu tr\u00e1i.<\/li>\n<li>T\u01b0\u1edbi ti\u00eau: B\u01b0\u1edfi Ruby c\u1ea7n n\u01b0\u1edbc \u1ed5n \u0111\u1ecbnh, nh\u1ea5t l\u00e0 giai \u0111o\u1ea1n ra hoa v\u00e0 nu\u00f4i tr\u00e1i. Tuy nhi\u00ean, b\u00e0 con c\u1ea7n l\u00e0m m\u00f4 cao v\u00e0 c\u00f3 r\u00e3nh tho\u00e1t n\u01b0\u1edbc t\u1ed1t, tr\u00e1nh \u0111\u1ec3 c\u00e2y b\u1ecb &#8220;\u00fang ch\u00e2n&#8221; v\u00e0o m\u00f9a m\u01b0a.<\/li>\n<li>Dinh d\u01b0\u1ee1ng: \u01afu ti\u00ean b\u00f3n ph\u00e2n h\u1eefu c\u01a1, ph\u00e2n chu\u1ed3ng hoai m\u1ee5c k\u1ebft h\u1ee3p v\u1edbi ph\u00e2n b\u00f3n vi sinh. \u0110\u1ec3 t\u00e9p b\u01b0\u1edfi \u0111\u1ecf \u0111\u1eadm v\u00e0 ng\u1ecdt, b\u00e0 con n\u00ean b\u1ed5 sung th\u00eam ph\u00e2n Kali v\u00e0 c\u00e1c lo\u1ea1i trung vi l\u01b0\u1ee3ng v\u00e0o giai \u0111o\u1ea1n tr\u00e1i gi\u00e0.<\/li>\n<li>C\u1eaft t\u1ec9a: Th\u01b0\u1eddng xuy\u00ean t\u1ec9a b\u1ecf c\u00e0nh v\u01b0\u1ee3t, c\u00e0nh s\u00e2u b\u1ec7nh \u0111\u1ec3 t\u1ea1o t\u00e1n th\u00f4ng tho\u00e1ng, gi\u00fap c\u00e2y t\u1eadp trung dinh d\u01b0\u1ee1ng nu\u00f4i tr\u00e1i.<\/li>\n<\/ul>\n<h2>T\u1ea1i sao n\u00ean mua gi\u1ed1ng b\u01b0\u1edfi Ruby t\u1ea1i <a href=\"http:\/\/localhost\/phucan713\/\" target=\"_blank\" rel=\"noopener\">C\u00e2y Gi\u1ed1ng Ph\u00fac An<\/a>?<\/h2>\n<p>C\u00e2y gi\u1ed1ng quy\u1ebft \u0111\u1ecbnh \u0111\u1ebfn r\u1ea5t l\u1edbn \u0111\u1ebfn ch\u1ea5t l\u01b0\u1ee3ng tr\u00e1i sau n\u00e0y. Khi mua gi\u1ed1ng b\u01b0\u1edfi Ruby t\u1ea1i C\u00e2y Gi\u1ed1ng Ph\u00fac An, b\u00e0 con ho\u00e0n to\u00e0n y\u00ean t\u00e2m:<\/p>\n<ul>\n<li>Chu\u1ea9n gi\u1ed1ng: C\u00e2y gi\u1ed1ng \u0111\u01b0\u1ee3c l\u1ea5y t\u1eeb ngu\u1ed3n m\u1eaft gh\u00e9p ho\u1eb7c nh\u00e1nh chi\u1ebft c\u1ee7a nh\u1eefng c\u00e2y m\u1eb9 kh\u1ecfe m\u1ea1nh, \u0111\u1ea3m b\u1ea3o \u0111\u00fang gi\u1ed1ng b\u01b0\u1edfi Ruby Th\u00e1i Lan ru\u1ed9t \u0111\u1ecf<\/li>\n<li>C\u00e2y kh\u1ecfe, r\u1ec5 m\u1ea1nh: C\u00e2y gi\u1ed1ng \u0111\u01b0\u1ee3c ch\u0103m s\u00f3c k\u1ef9 l\u01b0\u1ee1ng, b\u1ea7u \u0111\u1ea5t ch\u1eafc ch\u1eafn, \u0111\u1ea3m b\u1ea3o t\u1ec9 l\u1ec7 s\u1ed1ng c\u1ef1c cao khi b\u00e0 con \u0111em v\u1ec1 tr\u1ed3ng.<\/li>\n<li>H\u1ed7 tr\u1ee3 t\u1eadn t\u00e2m: Ph\u00fac An lu\u00f4n s\u1eb5n s\u00e0ng chia s\u1ebb kinh nghi\u1ec7m v\u00e0 k\u1ef9 thu\u1eadt ch\u0103m s\u00f3c giai \u0111o\u1ea1n \u0111\u1ea7u \u0111\u1ec3 b\u00e0 con an t\u00e2m canh t\u00e1c.<\/li>\n<\/ul>\n<figure id=\"attachment_4244\" aria-describedby=\"caption-attachment-4244\" style=\"width: 600px\" class=\"wp-caption aligncenter\"><img loading=\"lazy\" decoding=\"async\" class=\"wp-image-4244\" src=\"http:\/\/localhost\/phucan713\/wp-content\/uploads\/2024\/05\/IMG_6438-768x1024.jpg\" alt=\"C\u00e2y gi\u1ed1ng b\u01b0\u1edfi ruby ru\u1ed9t \u0111\u1ecf th\u00e1i t\u1ea1i c\u00e2y gi\u1ed1ng Ph\u00fac An\" width=\"600\" height=\"800\" \/><figcaption id=\"caption-attachment-4244\" class=\"wp-caption-text\">C\u00e2y gi\u1ed1ng b\u01b0\u1edfi ruby ru\u1ed9t \u0111\u1ecf th\u00e1i t\u1ea1i c\u00e2y gi\u1ed1ng Ph\u00fac An<\/figcaption><\/figure>\n<figure id=\"attachment_1749\" aria-describedby=\"caption-attachment-1749\" style=\"width: 600px\" class=\"wp-caption aligncenter\"><img loading=\"lazy\" decoding=\"async\" class=\"wp-image-1749\" src=\"http:\/\/localhost\/phucan713\/wp-content\/uploads\/2024\/05\/buoi-ruby-ghep-768x1024.jpg\" alt=\"C\u00e2y gi\u1ed1ng b\u01b0\u1edfi ruby - Ph\u00fac An\" width=\"600\" height=\"800\" \/><figcaption id=\"caption-attachment-1749\" class=\"wp-caption-text\">C\u00e2y gi\u1ed1ng b\u01b0\u1edfi ruby &#8211; Ph\u00fac An<\/figcaption><\/figure>\n<p>C\u00e2y Gi\u1ed1ng Ph\u00fac An t\u1ef1 h\u00e0o l\u00e0 \u0111\u01a1n v\u1ecb cung c\u1ea5p c\u00e2y gi\u1ed1ng uy t\u00edn, \u0111\u1eb7t ch\u1ea5t l\u01b0\u1ee3ng c\u00e2y gi\u1ed1ng l\u00e0 y\u1ebfu t\u1ed1 s\u1ed1ng c\u00f2n. Qu\u00fd c\u00f4 b\u00e1c li\u00ean h\u1ec7 tr\u1ef1c ti\u1ebfp qua <span style=\"color: #008000; font-size: 120%;\"><strong>SDT\/Zalo 0962.888.014<\/strong><\/span> \u0111\u1ec3 ch\u00fang t\u00f4i t\u01b0 v\u1ea5n v\u00e0 b\u00e1o gi\u00e1 t\u1ed1t. Xin c\u1ea3m \u01a1n qu\u00fd c\u00f4 b\u00e1c \u0111\u00e3 \u0111\u1eb7t ni\u1ec1m tin v\u1edbi nh\u00e0 v\u01b0\u1eddn.<\/p>\n","protected":false},"excerpt":{"rendered":"<p>* Gi\u00e1 tham kh\u1ea3o cho s\u1ed1 l\u01b0\u1ee3ng t\u1eeb 30 c\u00e2y, c\u00f3 th\u1ec3 thay \u0111\u1ed5i theo th\u1eddi \u0111i\u1ec3m<br \/>\n* Ch\u01b0a bao g\u1ed3m ph\u00ed v\u1eadn chuy\u1ec3n (t\u00f9y theo s\u1ed1 l\u01b0\u1ee3ng c\u00e2y v\u00e0 \u0111\u1ecba \u0111i\u1ec3m giao h\u00e0ng)<\/p>\n","protected":false},"featured_media":1751,"comment_status":"open","ping_status":"closed","template":"","meta":[],"product_brand":[],"product_cat":[35,45],"product_tag":[47],"class_list":{"0":"post-1748","1":"product","2":"type-product","3":"status-publish","4":"has-post-thumbnail","6":"product_cat-san-pham-giong-cay-an-trai","7":"product_cat-giong-buoi","8":"product_tag-giong-buoi-ruby-thai","10":"first","11":"instock","12":"shipping-taxable","13":"purchasable","14":"product-type-simple"},"_links":{"self":[{"href":"https:\/\/ktech4.k-tech-services.com\/phucan713\/wp-json\/wp\/v2\/product\/1748","targetHints":{"allow":["GET"]}}],"collection":[{"href":"https:\/\/ktech4.k-tech-services.com\/phucan713\/wp-json\/wp\/v2\/product"}],"about":[{"href":"https:\/\/ktech4.k-tech-services.com\/phucan713\/wp-json\/wp\/v2\/types\/product"}],"replies":[{"embeddable":true,"href":"https:\/\/ktech4.k-tech-services.com\/phucan713\/wp-json\/wp\/v2\/comments?post=1748"}],"wp:featuredmedia":[{"embeddable":true,"href":"https:\/\/ktech4.k-tech-services.com\/phucan713\/wp-json\/"}],"wp:attachment":[{"href":"https:\/\/ktech4.k-tech-services.com\/phucan713\/wp-json\/wp\/v2\/media?parent=1748"}],"wp:term":[{"taxonomy":"product_brand","embeddable":true,"href":"https:\/\/ktech4.k-tech-services.com\/phucan713\/wp-json\/wp\/v2\/product_brand?post=1748"},{"taxonomy":"product_cat","embeddable":true,"href":"https:\/\/ktech4.k-tech-services.com\/phucan713\/wp-json\/wp\/v2\/product_cat?post=1748"},{"taxonomy":"product_tag","embeddable":true,"href":"https:\/\/ktech4.k-tech-services.com\/phucan713\/wp-json\/wp\/v2\/product_tag?post=1748"}],"curies":[{"name":"wp","href":"https:\/\/api.w.org\/{rel}","templated":true}]}}