{"id":1754,"date":"2024-05-17T06:41:30","date_gmt":"2024-05-17T06:41:30","guid":{"rendered":"https:\/\/caygiongphucan.com\/?post_type=product&amp;p=1754"},"modified":"2024-05-17T06:41:30","modified_gmt":"2024-05-17T06:41:30","slug":"cay-giong-ca-na-thai","status":"publish","type":"product","link":"https:\/\/ktech4.k-tech-services.com\/phucan713\/san-pham\/cay-giong-ca-na-thai\/","title":{"rendered":"C\u00e2y gi\u1ed1ng c\u00e0 na th\u00e1i"},"content":{"rendered":"<p>Nh\u1eafc \u0111\u1ebfn c\u00e0 na, ch\u1eafc h\u1eb3n b\u00e0 con s\u1ebd nh\u1edb ngay \u0111\u1ebfn lo\u1ea1i qu\u1ea3 d\u1ea1i m\u1ecdc b\u1edd m\u01b0\u01a1ng, \u0103n th\u00ec ch\u00e1t nh\u01b0ng \u0111em l\u00e0m mu\u1ed1i \u1edbt hay ng\u00e0o \u0111\u01b0\u1eddng th\u00ec l\u1ea1i ghi\u1ec1n kh\u00f3 c\u01b0\u1ee1ng. Th\u1ebf nh\u01b0ng, th\u1eddi th\u1ebf thay \u0111\u1ed5i, lo\u1ea1i c\u00e2y &#8220;\u0103n ch\u01a1i&#8221; n\u00e0y nay \u0111\u00e3 c\u00f3 b\u01b0\u1edbc ti\u1ebfn m\u1edbi v\u1edbi gi\u1ed1ng c\u00e0 na Th\u00e1i si\u00eau n\u0103ng su\u1ea5t, tr\u00e1i to g\u1ea5p \u0111\u00f4i v\u00e0 \u0111\u1eb7c bi\u1ec7t l\u00e0 kh\u00f4ng c\u00f2n ch\u00e1t nh\u01b0 c\u00e0 na d\u1ea1i.<\/p>\n<p>Nhi\u1ec1u b\u00e0 con \u0111ang chuy\u1ec3n h\u01b0\u1edbng tr\u1ed3ng c\u00e0 na Th\u00e1i v\u00ec c\u00e2y n\u00e0y &#8220;d\u1ec5 t\u00ednh&#8221; t\u1edbi m\u1ee9c b\u1ecf \u0111\u00e2u s\u1ed1ng \u0111\u00f3, l\u1ea1i cho tr\u00e1i quanh n\u0103m. B\u00e0i vi\u1ebft n\u00e0y, C\u00e2y Gi\u1ed1ng Ph\u00fac An s\u1ebd chia s\u1ebb chi ti\u1ebft t\u1ea1i sao gi\u1ed1ng c\u00e2y n\u00e0y l\u1ea1i \u0111ang tr\u1edf th\u00e0nh l\u1ef1a ch\u1ecdn h\u00e0ng \u0111\u1ea7u \u0111\u1ec3 b\u00e0 con ph\u00e1t tri\u1ec3n kinh t\u1ebf v\u01b0\u1eddn nh\u00e9.<\/p>\n<h2>T\u1ed5ng quan v\u1ec1 gi\u1ed1ng c\u00e0 na Th\u00e1i<\/h2>\n<p>C\u00e0 na Th\u00e1i l\u00e0 gi\u1ed1ng c\u00e2y \u0111\u01b0\u1ee3c tuy\u1ec3n ch\u1ecdn v\u1edbi nhi\u1ec1u \u01b0u \u0111i\u1ec3m v\u01b0\u1ee3t tr\u1ed9i so v\u1edbi gi\u1ed1ng c\u00e0 na truy\u1ec1n th\u1ed1ng. N\u1ebfu c\u00e0 na d\u1ea1i ch\u1ec9 cho tr\u00e1i v\u00e0o m\u00f9a n\u01b0\u1edbc n\u1ed5i (kho\u1ea3ng th\u00e1ng 7 &#8211; th\u00e1ng 9 \u00e2m l\u1ecbch) th\u00ec c\u00e0 na Th\u00e1i l\u1ea1i cho tr\u00e1i ngh\u1ecbch m\u00f9a, thu ho\u1ea1ch \u0111\u01b0\u1ee3c nhi\u1ec1u \u0111\u1ee3t trong n\u0103m. \u0110\u00e2y l\u00e0 c\u00e2y th\u00e2n g\u1ed7, s\u1ee9c s\u1ed1ng c\u1ef1c k\u1ef3 m\u00e3nh li\u1ec7t, ch\u1ecbu \u0111\u01b0\u1ee3c c\u1ea3 v\u00f9ng \u0111\u1ea5t ng\u1eadp \u00fang l\u1eabn kh\u00f4 h\u1ea1n.<\/p>\n<figure id=\"attachment_2539\" aria-describedby=\"caption-attachment-2539\" style=\"width: 600px\" class=\"wp-caption aligncenter\"><img loading=\"lazy\" decoding=\"async\" class=\"wp-image-2539\" src=\"http:\/\/localhost\/phucan713\/wp-content\/uploads\/2024\/05\/245900881_1945399525633329_3840549424652952594_n.jpg\" alt=\"C\u00e2y c\u00e0 na Th\u00e1i\" width=\"600\" height=\"800\" srcset=\"https:\/\/ktech4.k-tech-services.com\/phucan713\/wp-content\/uploads\/2024\/05\/245900881_1945399525633329_3840549424652952594_n.jpg 720w, https:\/\/ktech4.k-tech-services.com\/phucan713\/wp-content\/uploads\/2024\/05\/245900881_1945399525633329_3840549424652952594_n-225x300.jpg 225w, https:\/\/ktech4.k-tech-services.com\/phucan713\/wp-content\/uploads\/2024\/05\/245900881_1945399525633329_3840549424652952594_n-510x680.jpg 510w\" sizes=\"auto, (max-width: 600px) 100vw, 600px\" \/><figcaption id=\"caption-attachment-2539\" class=\"wp-caption-text\">C\u00e2y c\u00e0 na Th\u00e1i<\/figcaption><\/figure>\n<h2>\u0110\u1eb7c \u0111i\u1ec3m n\u1ed5i b\u1eadt c\u1ee7a gi\u1ed1ng c\u00e0 na Th\u00e1i<\/h2>\n<h3>\u0110\u1eb7c \u0111i\u1ec3m h\u00ecnh th\u00e1i v\u00e0 H\u01b0\u01a1ng v\u1ecb<\/h3>\n<ul>\n<li>Th\u00e2n v\u00e0 t\u00e1n c\u00e2y: C\u00e2y ph\u00e1t tri\u1ec3n nhanh, t\u00e1n r\u1ed9ng v\u00e0 th\u1ea5p h\u01a1n c\u00e0 na ta, gi\u00fap b\u00e0 con d\u1ec5 d\u00e0ng bao l\u01b0\u1edbi ho\u1eb7c thu ho\u1ea1ch m\u00e0 kh\u00f4ng c\u1ea7n leo tr\u00e8o cao.<\/li>\n<li>\u0110\u1eb7c \u0111i\u1ec3m tr\u00e1i: Tr\u00e1i c\u00e0 na Th\u00e1i c\u00f3 h\u00ecnh b\u1ea7u d\u1ee5c, to tr\u00f2n v\u00e0 \u0111\u1ec1u. \u0110i\u1ec3m kh\u00e1c bi\u1ec7t l\u1edbn nh\u1ea5t l\u00e0 th\u1ecbt nhi\u1ec1u, h\u1ea1t nh\u1ecf.<\/li>\n<li>H\u01b0\u01a1ng v\u1ecb: N\u1ebfu c\u00e0 na ta c\u00f3 v\u1ecb ch\u00e1t \u0111\u1eadm th\u00ec c\u00e0 na Th\u00e1i l\u1ea1i c\u00f3 v\u1ecb chua thanh, \u00edt ch\u00e1t h\u01a1n h\u1eb3n. T\u1ec9 l\u1ec7 th\u1ecbt qu\u1ea3 cao n\u00ean khi l\u00e0m m\u1ee9t, l\u00e0m n\u01b0\u1edbc m\u1eafm \u0111\u01b0\u1eddng hay c\u00e0 na mu\u1ed1i \u0111\u1ec1u r\u1ea5t ngon v\u00e0 b\u1eaft kh\u00e1ch.<\/li>\n<\/ul>\n<figure id=\"attachment_2544\" aria-describedby=\"caption-attachment-2544\" style=\"width: 599px\" class=\"wp-caption aligncenter\"><img loading=\"lazy\" decoding=\"async\" class=\"wp-image-2544\" src=\"http:\/\/localhost\/phucan713\/wp-content\/uploads\/2024\/05\/358623259_953775185907594_575853142915727927_n-767x1024.jpg\" alt=\"Tr\u00e1i c\u00e0 na \u0111\u1eadp d\u1eadp l\u00e0 m\u00f3n \u0103n r\u1ea5t &quot;\u0111\u00e3&quot;\" width=\"599\" height=\"800\" srcset=\"https:\/\/ktech4.k-tech-services.com\/phucan713\/wp-content\/uploads\/2024\/05\/358623259_953775185907594_575853142915727927_n-767x1024.jpg 767w, https:\/\/ktech4.k-tech-services.com\/phucan713\/wp-content\/uploads\/2024\/05\/358623259_953775185907594_575853142915727927_n-225x300.jpg 225w, https:\/\/ktech4.k-tech-services.com\/phucan713\/wp-content\/uploads\/2024\/05\/358623259_953775185907594_575853142915727927_n-768x1025.jpg 768w, https:\/\/ktech4.k-tech-services.com\/phucan713\/wp-content\/uploads\/2024\/05\/358623259_953775185907594_575853142915727927_n-510x681.jpg 510w, https:\/\/ktech4.k-tech-services.com\/phucan713\/wp-content\/uploads\/2024\/05\/358623259_953775185907594_575853142915727927_n.jpg 956w\" sizes=\"auto, (max-width: 599px) 100vw, 599px\" \/><figcaption id=\"caption-attachment-2544\" class=\"wp-caption-text\">Tr\u00e1i c\u00e0 na \u0111\u1eadp d\u1eadp l\u00e0 m\u00f3n \u0103n r\u1ea5t &#8220;\u0111\u00e3&#8221;<\/figcaption><\/figure>\n<h3>\u0110\u1eb7c t\u00ednh sinh tr\u01b0\u1edfng<\/h3>\n<p>C\u00e0 na Th\u00e1i c\u1ef1c k\u1ef3 &#8220;\u01b0a&#8221; kh\u00ed h\u1eadu mi\u1ec1n T\u00e2y m\u00ecnh. C\u00e2y c\u00f3 kh\u1ea3 n\u0103ng ch\u1ed1ng ch\u1ecdi s\u00e2u b\u1ec7nh t\u1ed1t, h\u1ea7u nh\u01b0 kh\u00f4ng c\u1ea7n s\u1eed d\u1ee5ng \u0111\u1ebfn thu\u1ed1c b\u1ea3o v\u1ec7 th\u1ef1c v\u1eadt. \u0110\u1eb7c bi\u1ec7t, c\u00e2y c\u00f3 th\u1ec3 ch\u1ecbu \u0111\u01b0\u1ee3c ng\u1eadp \u00fang k\u00e9o d\u00e0i \u2013 m\u1ed9t \u0111\u1eb7c \u0111i\u1ec3m r\u1ea5t qu\u00fd gi\u00e1 \u0111\u1ed1i v\u1edbi nh\u1eefng v\u00f9ng \u0111\u1ea5t th\u1ea5p hay m\u00f9a n\u01b0\u1edbc n\u1ed5i tr\u00e0n v\u1ec1.<\/p>\n<h2>Gi\u1ed1ng c\u00e0 na Th\u00e1i tr\u1ed3ng bao l\u00e2u c\u00f3 tr\u00e1i?<\/h2>\n<p>\u0110\u00e2y ch\u00ednh l\u00e0 l\u00fd do khi\u1ebfn gi\u1ed1ng c\u00e2y n\u00e0y &#8220;hot&#8221; \u0111\u1ebfn v\u1eady. N\u1ebfu tr\u1ed3ng t\u1eeb c\u00e2y gi\u1ed1ng chu\u1ea9n t\u1ea1i Ph\u00fac An, b\u00e0 con s\u1ebd th\u1ea5y t\u1ed1c \u0111\u1ed9 ra tr\u00e1i nhanh \u0111\u1ebfn ng\u1ee1 ng\u00e0ng:<\/p>\n<ul>\n<li>Th\u1eddi gian ra tr\u00e1i: Ch\u1ec9 sau kho\u1ea3ng 8 \u0111\u1ebfn 12 th\u00e1ng tr\u1ed3ng l\u00e0 c\u00e2y b\u1eaft \u0111\u1ea7u cho l\u1ee9a b\u00f3i \u0111\u1ea7u ti\u00ean.<\/li>\n<li>Thu ho\u1ea1ch: C\u00e2y c\u00e0ng l\u00e2u n\u0103m, t\u00e1n c\u00e0ng r\u1ed9ng th\u00ec tr\u00e1i c\u00e0ng sai, b\u00e1m k\u00edn c\u1ea3 c\u00e0nh t\u1eeb g\u1ed1c \u0111\u1ebfn ng\u1ecdn.<\/li>\n<\/ul>\n<h2>Chu k\u1ef3 ra hoa v\u00e0 \u0111\u1eadu tr\u00e1i<\/h2>\n<p>C\u00e0 na Th\u00e1i c\u00f3 kh\u1ea3 n\u0103ng ra hoa t\u1ef1 nhi\u00ean m\u00e0 kh\u00f4ng c\u1ea7n x\u1eed l\u00fd h\u00f3a ch\u1ea5t ph\u1ee9c t\u1ea1p:<\/p>\n<ul>\n<li>Ra hoa quanh n\u0103m: Kh\u00e1c v\u1edbi b\u00f2n bon hay m\u0103ng c\u1ee5t, c\u00e0 na Th\u00e1i ra hoa v\u00e0 \u0111\u1eadu tr\u00e1i li\u00ean t\u1ee5c. Tr\u00ean c\u00f9ng m\u1ed9t c\u00e2y, b\u00e0 con c\u00f3 th\u1ec3 th\u1ea5y v\u1eeba c\u00f3 hoa, v\u1eeba c\u00f3 tr\u00e1i non v\u00e0 tr\u00e1i gi\u00e0 chu\u1ea9n b\u1ecb thu ho\u1ea1ch.<\/li>\n<li>Kh\u1ea3 n\u0103ng \u0111\u1eadu tr\u00e1i: T\u1ec9 l\u1ec7 \u0111\u1eadu tr\u00e1i c\u1ee7a gi\u1ed1ng Th\u00e1i r\u1ea5t cao, h\u1ea7u nh\u01b0 ch\u00f9m hoa n\u00e0o c\u0169ng cho qu\u1ea3, gi\u00fap b\u00e0 con c\u00f3 thu nh\u1eadp \u0111\u1ec1u \u0111\u1eb7n h\u00e0ng th\u00e1ng.<\/li>\n<\/ul>\n<h2>N\u0103ng su\u1ea5t th\u1ef1c t\u1ebf c\u1ee7a gi\u1ed1ng c\u00e0 na Th\u00e1i<\/h2>\n<p>\u0110\u1eebng khinh th\u01b0\u1eddng lo\u1ea1i qu\u1ea3 d\u00e2n d\u00e3 n\u00e0y, n\u0103ng su\u1ea5t c\u1ee7a n\u00f3 c\u00f3 th\u1ec3 khi\u1ebfn b\u00e0 con kinh ng\u1ea1c:<\/p>\n<ul>\n<li>N\u0103ng su\u1ea5t: M\u1ed9t c\u00e2y tr\u01b0\u1edfng th\u00e0nh c\u00f3 th\u1ec3 cho thu ho\u1ea1ch t\u1eeb 30kg &#8211; 50kg\/\u0111\u1ee3t, v\u00e0 m\u1ed9t n\u0103m c\u00f3 th\u1ec3 h\u00e1i nhi\u1ec1u \u0111\u1ee3t.<\/li>\n<li>Hi\u1ec7u qu\u1ea3 kinh t\u1ebf: V\u1edbi gi\u00e1 b\u00e1n \u1ed5n \u0111\u1ecbnh v\u00e0 chi ph\u00ed ph\u00e2n thu\u1ed1c g\u1ea7n nh\u01b0 b\u1eb1ng kh\u00f4ng, c\u00e0 na Th\u00e1i mang l\u1ea1i l\u1ee3i nhu\u1eadn r\u00f2ng r\u1ea5t cao. \u0110\u00e2y l\u00e0 lo\u1ea1i c\u00e2y &#8220;l\u1ea5y c\u00f4ng l\u00e0m l\u1eddi&#8221; tuy\u1ec7t v\u1eddi cho b\u00e0 con n\u00f4ng d\u00e2n.<\/li>\n<\/ul>\n<figure id=\"attachment_2536\" aria-describedby=\"caption-attachment-2536\" style=\"width: 600px\" class=\"wp-caption aligncenter\"><img loading=\"lazy\" decoding=\"async\" class=\"wp-image-2536\" src=\"http:\/\/localhost\/phucan713\/wp-content\/uploads\/2024\/05\/117137217_3189672217806913_2530657716605543264_n-768x1024.jpg\" alt=\"Gi\u1ed1ng c\u00e0 na Th\u00e1i cho n\u0103ng su\u1ea5t r\u1ea5t cao\" width=\"600\" height=\"800\" srcset=\"https:\/\/ktech4.k-tech-services.com\/phucan713\/wp-content\/uploads\/2024\/05\/117137217_3189672217806913_2530657716605543264_n-768x1024.jpg 768w, https:\/\/ktech4.k-tech-services.com\/phucan713\/wp-content\/uploads\/2024\/05\/117137217_3189672217806913_2530657716605543264_n-225x300.jpg 225w, https:\/\/ktech4.k-tech-services.com\/phucan713\/wp-content\/uploads\/2024\/05\/117137217_3189672217806913_2530657716605543264_n-1152x1536.jpg 1152w, https:\/\/ktech4.k-tech-services.com\/phucan713\/wp-content\/uploads\/2024\/05\/117137217_3189672217806913_2530657716605543264_n-510x680.jpg 510w, https:\/\/ktech4.k-tech-services.com\/phucan713\/wp-content\/uploads\/2024\/05\/117137217_3189672217806913_2530657716605543264_n.jpg 1536w\" sizes=\"auto, (max-width: 600px) 100vw, 600px\" \/><figcaption id=\"caption-attachment-2536\" class=\"wp-caption-text\">Gi\u1ed1ng c\u00e0 na Th\u00e1i cho n\u0103ng su\u1ea5t r\u1ea5t cao<\/figcaption><\/figure>\n<h2>K\u1ef9 thu\u1eadt tr\u1ed3ng v\u00e0 ch\u0103m s\u00f3c theo h\u01b0\u1edbng b\u1ec1n v\u1eefng<\/h2>\n<ul>\n<li>M\u1eadt \u0111\u1ed9 tr\u1ed3ng: N\u00ean tr\u1ed3ng v\u1edbi kho\u1ea3ng c\u00e1ch 3m x 3m ho\u1eb7c 4m x 4m. N\u1ebfu b\u00e0 con mu\u1ed1n t\u1eadn d\u1ee5ng \u0111\u1ea5t, c\u00f3 th\u1ec3 tr\u1ed3ng xen \u1edf b\u1edd k\u00eanh, b\u1edd ao.<\/li>\n<li>Qu\u1ea3n l\u00fd n\u01b0\u1edbc: D\u00f9 ch\u1ecbu \u0111\u01b0\u1ee3c \u00fang nh\u01b0ng \u0111\u1ec3 c\u00e2y ph\u00e1t tri\u1ec3n t\u1ed1t nh\u1ea5t, b\u00e0 con n\u00ean gi\u1eef m\u1ef1c n\u01b0\u1edbc \u1ed5n \u0111\u1ecbnh, tr\u00e1nh \u0111\u1ec3 c\u00e2y kh\u00f4 h\u1ea1n qu\u00e1 l\u00e2u v\u00e0o m\u00f9a n\u1eafng.<\/li>\n<li>Ph\u00e2n b\u00f3n: C\u00e0 na Th\u00e1i kh\u00f4ng \u0111\u00f2i h\u1ecfi ph\u00e2n b\u00f3n cao c\u1ea5p. B\u00e0 con ch\u1ec9 c\u1ea7n b\u1ed3i b\u00f9n ho\u1eb7c b\u00f3n ph\u00e2n h\u1eefu c\u01a1 \u0111\u1ecbnh k\u1ef3 \u0111\u1ec3 \u0111\u1ea5t t\u01a1i x\u1ed1p, gi\u00fap tr\u00e1i to v\u00e0 b\u00f3ng h\u01a1n.<\/li>\n<li>C\u1eaft t\u1ec9a: Th\u01b0\u1eddng xuy\u00ean t\u1ec9a b\u1ecf c\u00e0nh kh\u00f4, c\u00e0nh s\u00e1t \u0111\u1ea5t \u0111\u1ec3 v\u01b0\u1eddn th\u00f4ng tho\u00e1ng, tr\u00e1nh n\u1ea5m b\u1ec7nh t\u00edch t\u1ee5 d\u01b0\u1edbi t\u00e1n c\u00e2y.<\/li>\n<\/ul>\n<h2>T\u1ea1i sao n\u00ean mua gi\u1ed1ng c\u00e0 na Th\u00e1i t\u1ea1i <a href=\"http:\/\/localhost\/phucan713\/\" target=\"_blank\" rel=\"noopener\">C\u00e2y Gi\u1ed1ng Ph\u00fac An<\/a>?<\/h2>\n<p>C\u00e0 na Th\u00e1i r\u1ea5t d\u1ec5 b\u1ecb nh\u1ea7m v\u1edbi gi\u1ed1ng c\u00e0 na h\u1ea1t (c\u00e2y th\u1ef1c sinh) cho tr\u00e1i chua ch\u00e1t v\u00e0 l\u00e2u cho tr\u00e1i. T\u1ea1i C\u00e2y Gi\u1ed1ng Ph\u00fac An, ch\u00fang t\u00f4i cam k\u1ebft:<\/p>\n<ul>\n<li>Chu\u1ea9n gi\u1ed1ng Th\u00e1i: C\u00e2y gi\u1ed1ng \u0111\u01b0\u1ee3c nh\u00e2n gi\u1ed1ng b\u1eb1ng ph\u01b0\u01a1ng ph\u00e1p gh\u00e9p ho\u1eb7c chi\u1ebft c\u00e0nh t\u1eeb c\u00e2y m\u1eb9 n\u0103ng su\u1ea5t cao, \u0111\u1ea3m b\u1ea3o nhanh cho tr\u00e1i v\u00e0 \u0111\u00fang ch\u1ea5t l\u01b0\u1ee3ng qu\u1ea3.<\/li>\n<li>C\u00e2y kh\u1ecfe, b\u1ea7u ch\u1eafc: C\u00e2y gi\u1ed1ng \u0111\u01b0\u1ee3c d\u01b0\u1ee1ng xanh t\u1ed1t, r\u1ec5 b\u00e1m ch\u1eafc b\u1ea7u \u0111\u1ea5t, b\u00e0 con \u0111em v\u1ec1 tr\u1ed3ng l\u00e0 b\u1eaft r\u1ec5 ngay.<\/li>\n<li>T\u01b0 v\u1ea5n nhi\u1ec7t t\u00ecnh: Ph\u00fac An s\u1ebd h\u01b0\u1edbng d\u1eabn b\u00e0 con c\u00e1ch ch\u0103m s\u00f3c giai \u0111o\u1ea1n \u0111\u1ea7u \u0111\u1ec3 c\u00e2y ph\u00e1t tri\u1ec3n m\u1ea1nh nh\u1ea5t.<\/li>\n<\/ul>\n<figure id=\"attachment_5224\" aria-describedby=\"caption-attachment-5224\" style=\"width: 600px\" class=\"wp-caption aligncenter\"><img loading=\"lazy\" decoding=\"async\" class=\"wp-image-5224\" src=\"http:\/\/localhost\/phucan713\/wp-content\/uploads\/2024\/05\/cay-giong-ca-na-thai-phuc-an-cung-cap-768x1024.jpg\" alt=\"Ph\u00fac An giao c\u00e2y gi\u1ed1ng ca na th\u00e1i cho kh\u00e1ch\" width=\"600\" height=\"800\" srcset=\"https:\/\/ktech4.k-tech-services.com\/phucan713\/wp-content\/uploads\/2024\/05\/cay-giong-ca-na-thai-phuc-an-cung-cap-768x1024.jpg 768w, https:\/\/ktech4.k-tech-services.com\/phucan713\/wp-content\/uploads\/2024\/05\/cay-giong-ca-na-thai-phuc-an-cung-cap-225x300.jpg 225w, https:\/\/ktech4.k-tech-services.com\/phucan713\/wp-content\/uploads\/2024\/05\/cay-giong-ca-na-thai-phuc-an-cung-cap-1152x1536.jpg 1152w, https:\/\/ktech4.k-tech-services.com\/phucan713\/wp-content\/uploads\/2024\/05\/cay-giong-ca-na-thai-phuc-an-cung-cap-1536x2048.jpg 1536w, https:\/\/ktech4.k-tech-services.com\/phucan713\/wp-content\/uploads\/2024\/05\/cay-giong-ca-na-thai-phuc-an-cung-cap-510x680.jpg 510w, https:\/\/ktech4.k-tech-services.com\/phucan713\/wp-content\/uploads\/2024\/05\/cay-giong-ca-na-thai-phuc-an-cung-cap.jpg 1920w\" sizes=\"auto, (max-width: 600px) 100vw, 600px\" \/><figcaption id=\"caption-attachment-5224\" class=\"wp-caption-text\">Ph\u00fac An giao c\u00e2y gi\u1ed1ng ca na th\u00e1i cho kh\u00e1ch<\/figcaption><\/figure>\n<p>C\u00e2y Gi\u1ed1ng Ph\u00fac An t\u1ef1 h\u00e0o l\u00e0 \u0111\u01a1n v\u1ecb cung c\u1ea5p c\u00e2y gi\u1ed1ng uy t\u00edn, \u0111\u1eb7t ch\u1ea5t l\u01b0\u1ee3ng c\u00e2y gi\u1ed1ng l\u00e0 y\u1ebfu t\u1ed1 s\u1ed1ng c\u00f2n. Qu\u00fd c\u00f4 b\u00e1c li\u00ean h\u1ec7 tr\u1ef1c ti\u1ebfp qua SDT\/ Zalo 0962.888.014 \u0111\u1ec3 ch\u00fang t\u00f4i t\u01b0 v\u1ea5n v\u00e0 b\u00e1o gi\u00e1 t\u1ed1t. Xin c\u1ea3m \u01a1n qu\u00fd c\u00f4 b\u00e1c \u0111\u00e3 \u0111\u1eb7t ni\u1ec1m tin v\u1edbi nh\u00e0 v\u01b0\u1eddn.<\/p>\n<p>&gt;&gt; M\u1eddi b\u1ea1n \u0111\u1ecdc th\u00eam: <a href=\"https:\/\/danviet.vn\/xua-chi-la-cay-dai-gio-ca-na-lai-la-cay-hai-ra-tien-o-mien-tay-77771018240-d754633.html\" target=\"_blank\" rel=\"noopener\"><span style=\"color: #000080;\"><em><strong>X\u01b0a ch\u1ec9 l\u00e0 c\u00e2y d\u1ea1i, gi\u1edd c\u00e0 na l\u1ea1i l\u00e0 c\u00e2y &#8220;h\u00e1i ra ti\u1ec1n&#8221; \u1edf mi\u1ec1n T\u00e2<\/strong><\/em><\/span><\/a><\/p>\n","protected":false},"excerpt":{"rendered":"<p>* Gi\u00e1 tham kh\u1ea3o cho s\u1ed1 l\u01b0\u1ee3ng t\u1eeb 30 c\u00e2y, c\u00f3 th\u1ec3 thay \u0111\u1ed5i theo th\u1eddi \u0111i\u1ec3m<br \/>\n* Ch\u01b0a bao g\u1ed3m ph\u00ed v\u1eadn chuy\u1ec3n (t\u00f9y theo s\u1ed1 l\u01b0\u1ee3ng c\u00e2y v\u00e0 \u0111\u1ecba \u0111i\u1ec3m giao h\u00e0ng)<\/p>\n","protected":false},"featured_media":4256,"comment_status":"open","ping_status":"closed","template":"","meta":[],"product_brand":[],"product_cat":[37],"product_tag":[48],"class_list":{"0":"post-1754","1":"product","2":"type-product","3":"status-publish","4":"has-post-thumbnail","6":"product_cat-cay-giong-khac","7":"product_tag-giong-ca-na-thai","9":"first","10":"instock","11":"shipping-taxable","12":"purchasable","13":"product-type-simple"},"_links":{"self":[{"href":"https:\/\/ktech4.k-tech-services.com\/phucan713\/wp-json\/wp\/v2\/product\/1754","targetHints":{"allow":["GET"]}}],"collection":[{"href":"https:\/\/ktech4.k-tech-services.com\/phucan713\/wp-json\/wp\/v2\/product"}],"about":[{"href":"https:\/\/ktech4.k-tech-services.com\/phucan713\/wp-json\/wp\/v2\/types\/product"}],"replies":[{"embeddable":true,"href":"https:\/\/ktech4.k-tech-services.com\/phucan713\/wp-json\/wp\/v2\/comments?post=1754"}],"wp:featuredmedia":[{"embeddable":true,"href":"https:\/\/ktech4.k-tech-services.com\/phucan713\/wp-json\/wp\/v2\/media\/4256"}],"wp:attachment":[{"href":"https:\/\/ktech4.k-tech-services.com\/phucan713\/wp-json\/wp\/v2\/media?parent=1754"}],"wp:term":[{"taxonomy":"product_brand","embeddable":true,"href":"https:\/\/ktech4.k-tech-services.com\/phucan713\/wp-json\/wp\/v2\/product_brand?post=1754"},{"taxonomy":"product_cat","embeddable":true,"href":"https:\/\/ktech4.k-tech-services.com\/phucan713\/wp-json\/wp\/v2\/product_cat?post=1754"},{"taxonomy":"product_tag","embeddable":true,"href":"https:\/\/ktech4.k-tech-services.com\/phucan713\/wp-json\/wp\/v2\/product_tag?post=1754"}],"curies":[{"name":"wp","href":"https:\/\/api.w.org\/{rel}","templated":true}]}}