{"id":1765,"date":"2024-05-20T04:32:47","date_gmt":"2024-05-20T04:32:47","guid":{"rendered":"https:\/\/caygiongphucan.com\/?post_type=product&amp;p=1765"},"modified":"2024-05-20T04:32:47","modified_gmt":"2024-05-20T04:32:47","slug":"giong-chum-ruot","status":"publish","type":"product","link":"https:\/\/ktech4.k-tech-services.com\/phucan713\/san-pham\/giong-chum-ruot\/","title":{"rendered":"C\u00e2y gi\u1ed1ng ch\u00f9m ru\u1ed9t"},"content":{"rendered":"<p>Gi\u1ed1ng Ch\u00f9m ru\u1ed9t (Phyllanthus acidus) l\u00e0 lo\u1ea1i c\u00e2y th\u00e2n g\u1ed7 nh\u1ecf, \u0111\u01b0\u1ee3c \u01b0a chu\u1ed9ng b\u1edfi h\u01b0\u01a1ng v\u1ecb chua ng\u1ecdt \u0111\u1ed9c \u0111\u00e1o, gi\u00e0u vitamin C v\u00e0 c\u00e1c kho\u00e1ng ch\u1ea5t thi\u1ebft y\u1ebfu cho c\u01a1 th\u1ec3. C\u00e2y d\u1ec5 tr\u1ed3ng, \u00edt s\u00e2u b\u1ec7nh, th\u00edch h\u1ee3p tr\u1ed3ng trong v\u01b0\u1eddn nh\u00e0 ho\u1eb7c khu v\u1ef1c n\u00f4ng tr\u1ea1i. B\u00e0i vi\u1ebft n\u00e0y s\u1ebd cung c\u1ea5p cho b\u1ea1n nh\u1eefng th\u00f4ng tin chi ti\u1ebft v\u1ec1 gi\u1ed1ng ch\u00f9m ru\u1ed9t, c\u00e1ch tr\u1ed3ng v\u00e0 ch\u0103m s\u00f3c \u0111\u1ec3 \u0111\u1ea1t n\u0103ng su\u1ea5t cao.<\/p>\n<h2><strong><b>Ngu\u1ed3n g\u1ed1c, \u0111\u1eb7c \u0111i\u1ec3m c\u00e2y ch\u00f9m ru\u1ed9t<\/b><\/strong><\/h2>\n<p><strong><b>Ngu\u1ed3n g\u1ed1c:<\/b><\/strong>\u00a0Nam M\u1ef9 v\u00e0 Trung M\u1ef9<\/p>\n<p><strong><b>\u0110\u1eb7c \u0111i\u1ec3m:<\/b><\/strong><\/p>\n<p>C\u00e2y th\u00e2n g\u1ed7 nh\u1ecf, cao t\u1eeb 2-5 m\u00e9t<\/p>\n<p>T\u00e1n c\u00e2y r\u1ed9ng, r\u1eadm r\u1ea1p<\/p>\n<p>L\u00e1 h\u00ecnh b\u1ea7u d\u1ee5c, m\u00e0u xanh l\u1ee5c, m\u00e9p r\u0103ng c\u01b0a<\/p>\n<p>Hoa nh\u1ecf, m\u00e0u tr\u1eafng ho\u1eb7c v\u00e0ng nh\u1ea1t<\/p>\n<p>Tr\u00e1i\u00a0ch\u00f9m ru\u1ed9t m\u1ecdc th\u00e0nh ch\u00f9m, h\u00ecnh tr\u00f2n, m\u00e0u xanh khi c\u00f2n non v\u00e0 chuy\u1ec3n sang m\u00e0u \u0111\u1ecf khi ch\u00edn<\/p>\n<h2><strong><b>\u0110\u1eb7c \u0111i\u1ec3m tr\u00e1i ch\u00f9m ru\u1ed9t<\/b><\/strong><\/h2>\n<ul>\n<li><b><\/b>K\u00edch th\u01b0\u1edbc:\u0110\u01b0\u1eddng k\u00ednh kho\u1ea3ng 1-2 cm<\/li>\n<li>H\u00ecnh d\u1ea1ng:Tr\u00f2n<\/li>\n<li>M\u00e0u s\u1eafc:Xanh khi c\u00f2n non, \u0111\u1ecf khi ch\u00edn<\/li>\n<li>V\u1ecb: R\u1ea5t chua, c\u00f3 v\u1ecb ch\u00e1t nh\u1eb9. Ngo\u00e0i gi\u1ed1ng ch\u00f9m ru\u1ed9t chua truy\u1ec1n th\u1ed1ng, hi\u1ec7n nay \u0111\u00e3 gi\u1ed1ng ch\u00f9m ru\u1ed9t ng\u1ecdt \u0111\u00e3 \u0111\u01b0\u1ee3c nh\u00e2n gi\u1ed1ng r\u1ed9ng r\u00e3i h\u01a1n.<\/li>\n<li>Th\u00e0nh ph\u1ea7n dinh d\u01b0\u1ee1ng:Gi\u00e0u vitamin C, vitamin A, kali, magie, canxi, s\u1eaft,&#8230;<\/li>\n<\/ul>\n<h2><strong><b>Gi\u1ed1ng c\u00e2y ch\u00f9m ru\u1ed9t tr\u1ed3ng bao l\u00e2u c\u00f3 tr\u00e1i?<\/b><\/strong><\/h2>\n<p>C\u00e2y ch\u00f9m ru\u1ed9t tr\u1ed3ng t\u1eeb h\u1ea1t s\u1ebd cho tr\u00e1i sau 3-4 n\u0103m.<\/p>\n<h2><strong><b>T\u1eeb l\u00fac ra hoa \u0111\u1ebfn khi thu ho\u1ea1ch ch\u00f9m ru\u1ed9t kho\u1ea3ng bao l\u00e2u?<\/b><\/strong><\/h2>\n<p>T\u1eeb l\u00fac ra hoa \u0111\u1ebfn khi thu ho\u1ea1ch ch\u00f9m ru\u1ed9t kho\u1ea3ng 3-4 th\u00e1ng.<\/p>\n<h2><strong><b>N\u0103ng su\u1ea5t gi\u1ed1ng ch\u00f9m ru\u1ed9t<\/b><\/strong><\/h2>\n<p>N\u0103ng su\u1ea5t trung b\u00ecnh c\u1ee7a c\u00e2y ch\u00f9m ru\u1ed9t l\u00e0 30-50 kg tr\u00e1i\/ c\u00e2y \/ n\u0103m trong 2-3 v\u1ee5 \u0111\u1ea7u. T\u1eeb v\u1ee5 th\u1ee9 4-5 tr\u1edf \u0111i, n\u0103ng su\u1ea5t s\u1ebd t\u0103ng d\u1ea7n 50-100 kg\/c\u00e2y\/n\u0103m.<\/p>\n<p>C\u00e2y ch\u00f9m ru\u1ed9t c\u00f3 th\u1ec3 cho n\u0103ng su\u1ea5t cao h\u01a1n n\u1ebfu \u0111\u01b0\u1ee3c ch\u0103m s\u00f3c t\u1ed1t.<\/p>\n<h2><strong><b>Kh\u00ed h\u1eadu v\u00e0 \u0111\u1ea5t tr\u1ed3ng th\u00edch h\u1ee3p v\u1edbi gi\u1ed1ng ch\u00f9m ru\u1ed9t<\/b><\/strong><\/h2>\n<p>Ch\u00f9m ru\u1ed9t l\u00e0 c\u00e2y \u01b0a s\u00e1ng, nhi\u1ec7t \u0111\u1ed9 \u1ea5m v\u00e0 \u1ea9m.<\/p>\n<p>C\u00e2y ch\u00f9m ru\u1ed9t c\u00f3 th\u1ec3 tr\u1ed3ng \u0111\u01b0\u1ee3c tr\u00ean nhi\u1ec1u lo\u1ea1i \u0111\u1ea5t, nh\u01b0ng th\u00edch h\u1ee3p nh\u1ea5t l\u00e0 \u0111\u1ea5t t\u01a1i x\u1ed1p, gi\u00e0u dinh d\u01b0\u1ee1ng v\u00e0 tho\u00e1t n\u01b0\u1edbc t\u1ed1t.<\/p>\n<h2><strong><b>Kho\u1ea3ng c\u00e1ch tr\u1ed3ng ch\u00f9m ru\u1ed9t<\/b><\/strong><\/h2>\n<p>Kho\u1ea3ng c\u00e1ch tr\u1ed3ng ch\u00f9m ru\u1ed9t th\u01b0\u1eddng l\u00e0\u00a04 m\u00e9t\/c\u00e2y.<\/p>\n<h2><strong><b>C\u00e1ch ch\u0103m s\u00f3c c\u00e2y ch\u00f9m ru\u1ed9t<\/b><\/strong><\/h2>\n<p><strong><b>T\u01b0\u1edbi n\u01b0\u1edbc:<\/b><\/strong>\u00a0T\u01b0\u1edbi n\u01b0\u1edbc cho c\u00e2y ch\u00f9m ru\u1ed9t th\u01b0\u1eddng xuy\u00ean, nh\u1ea5t l\u00e0 v\u00e0o m\u00f9a kh\u00f4. N\u00ean t\u01b0\u1edbi n\u01b0\u1edbc v\u00e0o s\u00e1ng s\u1edbm ho\u1eb7c chi\u1ec1u m\u00e1t \u0111\u1ec3 tr\u00e1nh l\u00e0m \u1ea3nh h\u01b0\u1edfng \u0111\u1ebfn hoa v\u00e0 Tr\u00e1i.<\/p>\n<p><strong><b>B\u00f3n ph\u00e2n:<\/b><\/strong>\u00a0B\u00f3n ph\u00e2n cho c\u00e2y ch\u00f9m ru\u1ed9t 2-3 l\u1ea7n\/n\u0103m. N\u00ean s\u1eed d\u1ee5ng ph\u00e2n chu\u1ed3ng hoai m\u1ee5c k\u1ebft h\u1ee3p v\u1edbi ph\u00e2n NPK \u0111\u1ec3 b\u00f3n cho c\u00e2y.<\/p>\n<p><strong><b>C\u1eaft t\u1ec9a:<\/b><\/strong>\u00a0C\u1eaft t\u1ec9a c\u00e0nh gi\u00e0, c\u00e0nh m\u1ecdc v\u01b0\u1ee3t \u0111\u1ec3 t\u1ea1o t\u00e1n cho c\u00e2y. N\u00ean c\u1eaft t\u1ec9a sau khi thu ho\u1ea1ch Tr\u00e1i.<\/p>\n<p><strong><b>Ph\u00f2ng tr\u1eeb s\u00e2u b\u1ec7nh:<\/b><\/strong>\u00a0Ch\u00f9m ru\u1ed9t \u00edt b\u1ecb s\u00e2u b\u1ec7nh h\u1ea1i, nh\u01b0ng c\u1ea7n ch\u00fa \u00fd ph\u00f2ng tr\u1eeb m\u1ed9t s\u1ed1 lo\u1ea1i s\u00e2u b\u1ec7nh ph\u1ed5 bi\u1ebfn nh\u01b0 r\u1ec7p, s\u1ea7u ri\u00eang, n\u1ea5m,&#8230;<\/p>\n<h2><strong><b>Gi\u00e1 c\u00e2y gi\u1ed1ng <\/b><\/strong><strong><b>ch\u00f9m ru\u1ed9t<\/b><\/strong><\/h2>\n<p>Gi\u00e1 c\u00e2y gi\u1ed1ng ch\u00f9m ru\u1ed9t\u00a0t\u1ea1i v\u01b0\u1eddn Ph\u00fac An t\u1eeb 22.000-26.000\/ c\u00e2y. T\u00f9y theo l\u00f4 c\u00e2y, s\u1ed1 l\u01b0\u1ee3ng \u0111\u1eb7t s\u1ebd c\u00f3 m\u1ee9c gi\u00e1 kh\u00e1c nhau. Ch\u00fang t\u00f4i cam k\u1ebft lu\u00f4n gi\u1eef m\u1ee9c gi\u00e1 m\u1ec1m v\u1eeba t\u00fai ti\u1ec1n \u0111\u1ec3 m\u1ecdi kh\u00e1ch h\u00e0ng \u0111\u1ec1u c\u00f3 th\u1ec3 ch\u1ecdn mua nh\u1eefng c\u00e2y gi\u1ed1ng th\u1eadt t\u1ed1t cho khu v\u01b0\u1eddn c\u1ee7a m\u00ecnh.<\/p>\n<h2><strong><b>Mua c\u00e2y gi\u1ed1ng ch\u00f9m ru\u1ed9t \u1edf \u0111\u00e2u ch\u1ea5t l\u01b0\u1ee3ng?<\/b><\/strong><\/h2>\n<p>C\u00e2y gi\u1ed1ng Ph\u00fac An (B\u1ebfn Tre) cung c\u1ea5p c\u00e2y gi\u1ed1ng ch\u00f9m ru\u1ed9t\u00a0ch\u1ea5t l\u01b0\u1ee3ng, \u0111\u01b0\u1ee3c b\u1ea3o h\u00e0nh \u0111\u00fang gi\u1ed1ng cho t\u1edbi khi c\u00f3 tr\u00e1i.<\/p>\n<p>V\u01b0\u1eddn nh\u00e2n gi\u1ed1ng c\u1ee7a Ph\u00fac An \u0111\u01b0\u1ee3c ch\u1ecdn l\u1ef1a k\u1ef9 l\u01b0\u1ee1ng, l\u00e0 v\u01b0\u1eddn \u0111\u00e3 cho tr\u00e1i chu\u1ea9n v\u00e0 \u1ed5n \u0111\u1ecbnh.<\/p>\n<p>H\u00ecnh th\u1ee9c nh\u00e2n gi\u1ed1ng: \u01af\u01a1m h\u1ea1t.<\/p>\n<p>Ti\u00eau chu\u1ea9n C\u00e2y gi\u1ed1ng ch\u00f9m ru\u1ed9t\u00a0\u0111\u01b0\u1ee3c cung c\u1ea5p b\u1edfi v\u01b0\u1eddn Ph\u00fac An<\/p>\n<p>&#8211; R\u1ec5 ph\u00e1t tri\u1ec3n m\u1ea1nh, l\u00e1 \u0111ang chuy\u1ec3n gi\u00e0 kh\u00f4ng s\u00e2u b\u1ec7nh<\/p>\n<p>&#8211; Chi\u1ec1u cao c\u00e2y gi\u1ed1ng t\u1eeb 40-50cm t\u00ednh t\u1eeb m\u1eb7t b\u1ea7u<\/p>\n<figure id=\"attachment_1766\" aria-describedby=\"caption-attachment-1766\" style=\"width: 449px\" class=\"wp-caption aligncenter\"><img loading=\"lazy\" decoding=\"async\" class=\"wp-image-1766\" src=\"http:\/\/localhost\/phucan713\/wp-content\/uploads\/2024\/05\/375461458_2269881293204581_4861541583050725551_n-1-270x300.jpg\" alt=\"C\u00e2y gi\u1ed1ng ch\u00f9m ru\u1ed9t - Ph\u00fac An\" width=\"449\" height=\"500\" \/><figcaption id=\"caption-attachment-1766\" class=\"wp-caption-text\">C\u00e2y gi\u1ed1ng ch\u00f9m ru\u1ed9t &#8211; Ph\u00fac An<\/figcaption><\/figure>\n<p>C\u00e2y tr\u1ea3i qua quy tr\u00ecnh nh\u00e2n gi\u1ed1ng, d\u01b0\u1ee1ng c\u00e2y con, x\u1ea3 n\u1eafng ho\u00e0n ch\u1ec9nh. \u0110\u1ebfn tay c\u00f4 b\u00e1c s\u1ebd l\u00e0 t\u1eebng c\u00e2y \u0111\u00e3 c\u1ee9ng c\u00e1p \u0111\u00e3 ra c\u01a1i ch\u1ed3i m\u1edbi. Qu\u00fd c\u00f4 b\u00e1c c\u00f3 th\u1ec3 li\u00ean h\u1ec7 tr\u1ef1c ti\u1ebfp qua SDT\/ Zalo 0962 888 014 (<a href=\"http:\/\/localhost\/phucan713\/\" target=\"_blank\" rel=\"noopener\">c\u00e2y gi\u1ed1ng Ph\u00fac An<\/a>) \u0111\u1ec3 ch\u00fang t\u00f4i t\u01b0 v\u1ea5n v\u00e0 b\u00e1o gi\u00e1 c\u1ee5 th\u1ec3. Xin c\u1ea3m \u01a1n qu\u00fd c\u00f4 b\u00e1c \u0111\u00e3 \u0111\u1eb7t ni\u1ec1m tin v\u1edbi nh\u00e0 v\u01b0\u1eddn Ph\u00fac An.<\/p>\n<h2><strong><b>K\u1ebft lu\u1eadn<\/b><\/strong><\/h2>\n<p>Ch\u00f9m ru\u1ed9t l\u00e0 lo\u1ea1i c\u00e2y tr\u1ed3ng d\u1ec5 s\u1ed1ng, cho tr\u00e1i nhanh v\u00e0 n\u0103ng su\u1ea5t cao. C\u00e2y ch\u00f9m ru\u1ed9t kh\u00f4ng ch\u1ec9 cho tr\u00e1i ngon m\u00e0 c\u00f2n c\u00f3 nhi\u1ec1u t\u00e1c d\u1ee5ng y d\u01b0\u1ee3c qu\u00fd gi\u00e1. Do v\u1eady, ch\u00f9m ru\u1ed9t l\u00e0 l\u1ef1a ch\u1ecdn l\u00fd t\u01b0\u1edfng cho nh\u1eefng ai mu\u1ed1n tr\u1ed3ng c\u00e2y \u0103n tr\u00e1i trong v\u01b0\u1eddn nh\u00e0.<\/p>\n<p>&gt;&gt; M\u1eddi b\u1ea1n \u0111\u1ecdc th\u00eam: <a href=\"https:\/\/vov.vn\/suc-khoe\/loai-qua-hay-moc-chi-chit-day-vuon-la-vi-thuoc-quy-lai-thuong-bi-ngo-lo-post1236307.vov?\" target=\"_blank\" rel=\"noopener\"><em style=\"color: #000080;\"><strong>Lo\u1ea1i qu\u1ea3 hay m\u1ecdc chi ch\u00edt \u0111\u1ea7y v\u01b0\u1eddn, l\u00e0 \u201cv\u1ecb thu\u1ed1c qu\u00fd\u201d l\u1ea1i th\u01b0\u1eddng b\u1ecb ng\u00f3 l\u01a1<\/strong><\/em><\/a><\/p>\n<div class=\"row article-date align-items-center\"><\/div>\n","protected":false},"excerpt":{"rendered":"<p>* Gi\u00e1 tham kh\u1ea3o cho s\u1ed1 l\u01b0\u1ee3ng t\u1eeb 30 c\u00e2y, c\u00f3 th\u1ec3 thay \u0111\u1ed5i theo th\u1eddi \u0111i\u1ec3m<br \/>\n* Ch\u01b0a bao g\u1ed3m ph\u00ed v\u1eadn chuy\u1ec3n (t\u00f9y theo s\u1ed1 l\u01b0\u1ee3ng c\u00e2y v\u00e0 \u0111\u1ecba \u0111i\u1ec3m giao h\u00e0ng)<\/p>\n","protected":false},"featured_media":1766,"comment_status":"open","ping_status":"closed","template":"","meta":[],"product_brand":[],"product_cat":[35,37],"product_tag":[],"class_list":{"0":"post-1765","1":"product","2":"type-product","3":"status-publish","4":"has-post-thumbnail","6":"product_cat-san-pham-giong-cay-an-trai","7":"product_cat-cay-giong-khac","9":"first","10":"instock","11":"shipping-taxable","12":"purchasable","13":"product-type-simple"},"_links":{"self":[{"href":"https:\/\/ktech4.k-tech-services.com\/phucan713\/wp-json\/wp\/v2\/product\/1765","targetHints":{"allow":["GET"]}}],"collection":[{"href":"https:\/\/ktech4.k-tech-services.com\/phucan713\/wp-json\/wp\/v2\/product"}],"about":[{"href":"https:\/\/ktech4.k-tech-services.com\/phucan713\/wp-json\/wp\/v2\/types\/product"}],"replies":[{"embeddable":true,"href":"https:\/\/ktech4.k-tech-services.com\/phucan713\/wp-json\/wp\/v2\/comments?post=1765"}],"wp:featuredmedia":[{"embeddable":true,"href":"https:\/\/ktech4.k-tech-services.com\/phucan713\/wp-json\/"}],"wp:attachment":[{"href":"https:\/\/ktech4.k-tech-services.com\/phucan713\/wp-json\/wp\/v2\/media?parent=1765"}],"wp:term":[{"taxonomy":"product_brand","embeddable":true,"href":"https:\/\/ktech4.k-tech-services.com\/phucan713\/wp-json\/wp\/v2\/product_brand?post=1765"},{"taxonomy":"product_cat","embeddable":true,"href":"https:\/\/ktech4.k-tech-services.com\/phucan713\/wp-json\/wp\/v2\/product_cat?post=1765"},{"taxonomy":"product_tag","embeddable":true,"href":"https:\/\/ktech4.k-tech-services.com\/phucan713\/wp-json\/wp\/v2\/product_tag?post=1765"}],"curies":[{"name":"wp","href":"https:\/\/api.w.org\/{rel}","templated":true}]}}